{"id":744,"date":"2023-12-08T09:10:58","date_gmt":"2023-12-08T08:10:58","guid":{"rendered":"https:\/\/www.uni.lu\/snt-fr\/?page_id=744"},"modified":"2026-03-03T11:30:15","modified_gmt":"2026-03-03T10:30:15","slug":"snt","status":"publish","type":"page","link":"https:\/\/www.uni.lu\/snt-fr\/","title":{"rendered":"Interdisciplinary Centre for Security, Reliability and Trust (SnT)"},"content":{"rendered":"\n<section class=\"section no-padding-y wp-block-unilux-blocks-hero\">\n    <div class=\"hero hero--2  \">\n        \n<header class=\"wp-block-unilux-blocks-wrapper hero__header\">\n<div class=\"wp-block-unilux-blocks-wrapper hero__container\">\n<span class=\"hero__title__subject wp-block-unilux-blocks-plain-text\"><\/span>\n\n\n<h1 class=\"has-text-align-left wp-block-unilux-blocks-heading\"        id=\"snt-la-recherche-ict-qui-a-de-limpact\"\n    >\nSnT: la recherche ICT qui a de l\u2019impact<\/h1>\n<\/div>\n<\/header>\n<figure class=\"wp-block-dev4-reusable-blocks-image hero__visual object-fit--cover\">\n    \n<img decoding=\"async\" class=\"wp-block-image unilux-custom-image-block\"\n                alt=\"\"\n            src=\"https:\/\/www.uni.lu\/wp-content\/uploads\/sites\/13\/2024\/01\/SnT_page-daccueil.jpg\"\n                srcset=\"https:\/\/www.uni.lu\/wp-content\/uploads\/sites\/13\/2024\/01\/SnT_page-daccueil-300x200.jpg 300w, https:\/\/www.uni.lu\/wp-content\/uploads\/sites\/13\/2024\/01\/SnT_page-daccueil-768x512.jpg 768w, https:\/\/www.uni.lu\/wp-content\/uploads\/sites\/13\/2024\/01\/SnT_page-daccueil.jpg 1000w\"\n                style=\"object-position: 50.00% 50.00%; font-family: &quot;object-fit: cover; object-position: 50.00% 50.00%;&quot;; aspect-ratio: 16\/9; object-fit: cover; width: 100%;\"\n        loading=\"lazy\"\n\/>    <\/figure>\n<div class=\"wp-block-unilux-blocks-wrapper hero__body\">\n<div class=\"wp-block-unilux-blocks-wrapper hero__container\">\n<p class=\"wp-block-unilux-blocks-plain-text\">Qu\u2019il s\u2019agisse de la Cybers\u00e9curit\u00e9, des Syst\u00e8mes autonomes, des FinTech ou encore des Syst\u00e8mes spatiaux, le SnT (Interdisciplinary Centre for Security, Reliability and Trust) de l\u2019Universit\u00e9 du Luxembourg m\u00e8ne des projets de recherche en collaboration avec des partenaires industriels. <br>Le centre d\u00e9di\u00e9 aux technologies innovantes attire des scientifiques et ing\u00e9nieurs talentueux, des entreprises innovantes et des start-up de premier plan du monde entier pour d\u00e9velopper des solutions performantes g\u00e9n\u00e9rant un impact socio-\u00e9conomique significatif. <\/p>\n\n\n<ul class=\"wp-block-unilux-blocks-custom-buttons btn-list\"><li class=\"wp-block-unilux-blocks-custom-button\"    aria-disabled=\"false\"\n    >\n    <a\n        role=\"link\"\n        aria-disabled=\"false\"\n                    href=\"https:\/\/www.uni.lu\/snt-en\/\"\n                target=\"_self\"\n        class=\"btn btn--primary\"\n            >Aller sur le site en anglais<\/a>\n<\/li>\n\n\n<\/ul>\n<\/div>\n<\/div>\n    <\/div>\n<\/section>","protected":false},"excerpt":{"rendered":"","protected":false},"author":39,"featured_media":1673,"parent":0,"menu_order":1,"comment_status":"closed","ping_status":"closed","template":"","meta":{"featured_image_focal_point":[],"show_featured_caption":false,"ulux_newsletter_groups":"","uluxPostTitle":"Interdisciplinary Centre for Security, Reliability and Trust (SnT)","uluxPrePostTitle":"Centre interdisciplinaire","_trash_the_other_posts":false,"_price":"","_stock":"","_tribe_ticket_header":"","_tribe_default_ticket_provider":"","_tribe_ticket_capacity":"0","_ticket_start_date":"","_ticket_end_date":"","_tribe_ticket_show_description":"","_tribe_ticket_show_not_going":false,"_tribe_ticket_use_global_stock":"","_tribe_ticket_global_stock_level":"","_global_stock_mode":"","_global_stock_cap":"","_tribe_rsvp_for_event":"","_tribe_ticket_going_count":"","_tribe_ticket_not_going_count":"","_tribe_tickets_list":"[]","_tribe_ticket_has_attendee_info_fields":false,"footnotes":""},"field-of-interest":[],"organisation":[],"authorship":[39],"acf":[],"yoast_head":"<!-- This site is optimized with the Yoast SEO Premium plugin v22.3 (Yoast SEO v22.3) - https:\/\/yoast.com\/wordpress\/plugins\/seo\/ -->\n<title>Interdisciplinary Centre for Security, Reliability and Trust (SnT) I Uni.lu<\/title>\n<meta name=\"description\" content=\"Le Interdisciplinary Centre for Security, Reliability and Trust (SnT) de l&#039;Universit\u00e9 du Luxembourg est un centre de recherche sur les TIC et les technologies \u00e0 impact.\" \/>\n<meta name=\"robots\" content=\"index, follow, max-snippet:-1, max-image-preview:large, max-video-preview:-1\" \/>\n<link rel=\"canonical\" href=\"https:\/\/www.uni.lu\/snt-fr\/\" \/>\n<meta property=\"og:locale\" content=\"fr_FR\" \/>\n<meta property=\"og:type\" content=\"article\" \/>\n<meta property=\"og:title\" content=\"Interdisciplinary Centre for Security, Reliability and Trust (SnT)\" \/>\n<meta property=\"og:description\" content=\"Le Interdisciplinary Centre for Security, Reliability and Trust (SnT) de l&#039;Universit\u00e9 du Luxembourg est un centre de recherche sur les TIC et les technologies \u00e0 impact.\" \/>\n<meta property=\"og:url\" content=\"https:\/\/www.uni.lu\/snt-fr\/\" \/>\n<meta property=\"og:site_name\" content=\"SnT FR\" \/>\n<meta property=\"article:modified_time\" content=\"2026-03-03T10:30:15+00:00\" \/>\n<meta property=\"og:image\" content=\"https:\/\/www.uni.lu\/wp-content\/uploads\/sites\/13\/2026\/03\/03112647\/SNT_SM-Profile_1600x1600px-scaled.jpg\" \/>\n\t<meta property=\"og:image:width\" content=\"2560\" \/>\n\t<meta property=\"og:image:height\" content=\"2560\" \/>\n\t<meta property=\"og:image:type\" content=\"image\/jpeg\" \/>\n<meta name=\"twitter:card\" content=\"summary_large_image\" \/>\n<meta name=\"twitter:label1\" content=\"Dur\u00e9e de lecture estim\u00e9e\" \/>\n\t<meta name=\"twitter:data1\" content=\"1 minute\" \/>\n<script type=\"application\/ld+json\" class=\"yoast-schema-graph\">{\"@context\":\"https:\/\/schema.org\",\"@graph\":[{\"@type\":\"WebPage\",\"@id\":\"https:\/\/www.uni.lu\/snt-fr\/\",\"url\":\"https:\/\/www.uni.lu\/snt-fr\/\",\"name\":\"Interdisciplinary Centre for Security, Reliability and Trust (SnT) I Uni.lu\",\"isPartOf\":{\"@id\":\"https:\/\/www.uni.lu\/snt-fr\/#website\"},\"primaryImageOfPage\":{\"@id\":\"https:\/\/www.uni.lu\/snt-fr\/#primaryimage\"},\"image\":{\"@id\":\"https:\/\/www.uni.lu\/snt-fr\/#primaryimage\"},\"thumbnailUrl\":\"https:\/\/www.uni.lu\/wp-content\/uploads\/sites\/13\/2026\/03\/03112647\/SNT_SM-Profile_1600x1600px-scaled.jpg\",\"datePublished\":\"2023-12-08T08:10:58+00:00\",\"dateModified\":\"2026-03-03T10:30:15+00:00\",\"description\":\"Le Interdisciplinary Centre for Security, Reliability and Trust (SnT) de l'Universit\u00e9 du Luxembourg est un centre de recherche sur les TIC et les technologies \u00e0 impact.\",\"breadcrumb\":{\"@id\":\"https:\/\/www.uni.lu\/snt-fr\/#breadcrumb\"},\"inLanguage\":\"fr-FR\",\"potentialAction\":[{\"@type\":\"ReadAction\",\"target\":[\"https:\/\/www.uni.lu\/snt-fr\/\"]}]},{\"@type\":\"ImageObject\",\"inLanguage\":\"fr-FR\",\"@id\":\"https:\/\/www.uni.lu\/snt-fr\/#primaryimage\",\"url\":\"https:\/\/www.uni.lu\/wp-content\/uploads\/sites\/13\/2026\/03\/03112647\/SNT_SM-Profile_1600x1600px-scaled.jpg\",\"contentUrl\":\"https:\/\/www.uni.lu\/wp-content\/uploads\/sites\/13\/2026\/03\/03112647\/SNT_SM-Profile_1600x1600px-scaled.jpg\",\"width\":2560,\"height\":2560},{\"@type\":\"BreadcrumbList\",\"@id\":\"https:\/\/www.uni.lu\/snt-fr\/#breadcrumb\",\"itemListElement\":[{\"@type\":\"ListItem\",\"position\":1,\"name\":\"Home\",\"item\":\"https:\/\/www.uni.lu\/fr\"},{\"@type\":\"ListItem\",\"position\":2,\"name\":\"Interdisciplinary Centre for Security, Reliability and Trust (SnT)\",\"item\":\"https:\/\/www.uni.lu\/snt-fr\/\"},{\"@type\":\"ListItem\",\"position\":3,\"name\":\"Interdisciplinary Centre for Security, Reliability and Trust (SnT)\"}]},{\"@type\":\"WebSite\",\"@id\":\"https:\/\/www.uni.lu\/snt-fr\/#website\",\"url\":\"https:\/\/www.uni.lu\/snt-fr\/\",\"name\":\"SnT\",\"description\":\"Interdisciplinary Centre for Security, Reliability and Trust I Uni.lu\",\"publisher\":{\"@id\":\"https:\/\/www.uni.lu\/snt-fr\/#organization\"},\"alternateName\":\"Interdisciplinary Centre for Security, Reliability and Trust I Universit\u00e9 du Luxembourg\",\"potentialAction\":[{\"@type\":\"SearchAction\",\"target\":{\"@type\":\"EntryPoint\",\"urlTemplate\":\"https:\/\/www.uni.lu\/snt-fr\/?s={search_term_string}\"},\"query-input\":\"required name=search_term_string\"}],\"inLanguage\":\"fr-FR\"},{\"@type\":\"Organization\",\"@id\":\"https:\/\/www.uni.lu\/snt-fr\/#organization\",\"name\":\"SnT - Universit\u00e9 du Luxembourg I Uni.lu\",\"alternateName\":\"Interdisciplinary Centre for Security, Reliability and Trust\",\"url\":\"https:\/\/www.uni.lu\/snt-fr\/\",\"logo\":{\"@type\":\"ImageObject\",\"inLanguage\":\"fr-FR\",\"@id\":\"https:\/\/www.uni.lu\/snt-fr\/#\/schema\/logo\/image\/\",\"url\":\"https:\/\/www.uni.lu\/wp-content\/uploads\/sites\/13\/2026\/03\/03112647\/SNT_SM-Profile_1600x1600px-scaled.jpg\",\"contentUrl\":\"https:\/\/www.uni.lu\/wp-content\/uploads\/sites\/13\/2026\/03\/03112647\/SNT_SM-Profile_1600x1600px-scaled.jpg\",\"width\":2560,\"height\":2560,\"caption\":\"SnT - Universit\u00e9 du Luxembourg I Uni.lu\"},\"image\":{\"@id\":\"https:\/\/www.uni.lu\/snt-fr\/#\/schema\/logo\/image\/\"},\"sameAs\":[\"https:\/\/www.linkedin.com\/school\/snt-lu\/\"]}]}<\/script>\n<!-- \/ Yoast SEO Premium plugin. -->","yoast_head_json":{"title":"Interdisciplinary Centre for Security, Reliability and Trust (SnT) I Uni.lu","description":"Le Interdisciplinary Centre for Security, Reliability and Trust (SnT) de l'Universit\u00e9 du Luxembourg est un centre de recherche sur les TIC et les technologies \u00e0 impact.","robots":{"index":"index","follow":"follow","max-snippet":"max-snippet:-1","max-image-preview":"max-image-preview:large","max-video-preview":"max-video-preview:-1"},"canonical":"https:\/\/www.uni.lu\/snt-fr\/","og_locale":"fr_FR","og_type":"article","og_title":"Interdisciplinary Centre for Security, Reliability and Trust (SnT)","og_description":"Le Interdisciplinary Centre for Security, Reliability and Trust (SnT) de l'Universit\u00e9 du Luxembourg est un centre de recherche sur les TIC et les technologies \u00e0 impact.","og_url":"https:\/\/www.uni.lu\/snt-fr\/","og_site_name":"SnT FR","article_modified_time":"2026-03-03T10:30:15+00:00","og_image":[{"width":2560,"height":2560,"url":"https:\/\/www.uni.lu\/wp-content\/uploads\/sites\/13\/2026\/03\/03112647\/SNT_SM-Profile_1600x1600px-scaled.jpg","type":"image\/jpeg"}],"twitter_card":"summary_large_image","twitter_misc":{"Dur\u00e9e de lecture estim\u00e9e":"1 minute"},"schema":{"@context":"https:\/\/schema.org","@graph":[{"@type":"WebPage","@id":"https:\/\/www.uni.lu\/snt-fr\/","url":"https:\/\/www.uni.lu\/snt-fr\/","name":"Interdisciplinary Centre for Security, Reliability and Trust (SnT) I Uni.lu","isPartOf":{"@id":"https:\/\/www.uni.lu\/snt-fr\/#website"},"primaryImageOfPage":{"@id":"https:\/\/www.uni.lu\/snt-fr\/#primaryimage"},"image":{"@id":"https:\/\/www.uni.lu\/snt-fr\/#primaryimage"},"thumbnailUrl":"https:\/\/www.uni.lu\/wp-content\/uploads\/sites\/13\/2026\/03\/03112647\/SNT_SM-Profile_1600x1600px-scaled.jpg","datePublished":"2023-12-08T08:10:58+00:00","dateModified":"2026-03-03T10:30:15+00:00","description":"Le Interdisciplinary Centre for Security, Reliability and Trust (SnT) de l'Universit\u00e9 du Luxembourg est un centre de recherche sur les TIC et les technologies \u00e0 impact.","breadcrumb":{"@id":"https:\/\/www.uni.lu\/snt-fr\/#breadcrumb"},"inLanguage":"fr-FR","potentialAction":[{"@type":"ReadAction","target":["https:\/\/www.uni.lu\/snt-fr\/"]}]},{"@type":"ImageObject","inLanguage":"fr-FR","@id":"https:\/\/www.uni.lu\/snt-fr\/#primaryimage","url":"https:\/\/www.uni.lu\/wp-content\/uploads\/sites\/13\/2026\/03\/03112647\/SNT_SM-Profile_1600x1600px-scaled.jpg","contentUrl":"https:\/\/www.uni.lu\/wp-content\/uploads\/sites\/13\/2026\/03\/03112647\/SNT_SM-Profile_1600x1600px-scaled.jpg","width":2560,"height":2560},{"@type":"BreadcrumbList","@id":"https:\/\/www.uni.lu\/snt-fr\/#breadcrumb","itemListElement":[{"@type":"ListItem","position":1,"name":"Home","item":"https:\/\/www.uni.lu\/fr"},{"@type":"ListItem","position":2,"name":"Interdisciplinary Centre for Security, Reliability and Trust (SnT)","item":"https:\/\/www.uni.lu\/snt-fr\/"},{"@type":"ListItem","position":3,"name":"Interdisciplinary Centre for Security, Reliability and Trust (SnT)"}]},{"@type":"WebSite","@id":"https:\/\/www.uni.lu\/snt-fr\/#website","url":"https:\/\/www.uni.lu\/snt-fr\/","name":"SnT","description":"Interdisciplinary Centre for Security, Reliability and Trust I Uni.lu","publisher":{"@id":"https:\/\/www.uni.lu\/snt-fr\/#organization"},"alternateName":"Interdisciplinary Centre for Security, Reliability and Trust I Universit\u00e9 du Luxembourg","potentialAction":[{"@type":"SearchAction","target":{"@type":"EntryPoint","urlTemplate":"https:\/\/www.uni.lu\/snt-fr\/?s={search_term_string}"},"query-input":"required name=search_term_string"}],"inLanguage":"fr-FR"},{"@type":"Organization","@id":"https:\/\/www.uni.lu\/snt-fr\/#organization","name":"SnT - Universit\u00e9 du Luxembourg I Uni.lu","alternateName":"Interdisciplinary Centre for Security, Reliability and Trust","url":"https:\/\/www.uni.lu\/snt-fr\/","logo":{"@type":"ImageObject","inLanguage":"fr-FR","@id":"https:\/\/www.uni.lu\/snt-fr\/#\/schema\/logo\/image\/","url":"https:\/\/www.uni.lu\/wp-content\/uploads\/sites\/13\/2026\/03\/03112647\/SNT_SM-Profile_1600x1600px-scaled.jpg","contentUrl":"https:\/\/www.uni.lu\/wp-content\/uploads\/sites\/13\/2026\/03\/03112647\/SNT_SM-Profile_1600x1600px-scaled.jpg","width":2560,"height":2560,"caption":"SnT - Universit\u00e9 du Luxembourg I Uni.lu"},"image":{"@id":"https:\/\/www.uni.lu\/snt-fr\/#\/schema\/logo\/image\/"},"sameAs":["https:\/\/www.linkedin.com\/school\/snt-lu\/"]}]}},"ticketed":false,"_links":{"self":[{"href":"https:\/\/www.uni.lu\/snt-fr\/wp-json\/wp\/v2\/pages\/744"}],"collection":[{"href":"https:\/\/www.uni.lu\/snt-fr\/wp-json\/wp\/v2\/pages"}],"about":[{"href":"https:\/\/www.uni.lu\/snt-fr\/wp-json\/wp\/v2\/types\/page"}],"author":[{"embeddable":true,"href":"https:\/\/www.uni.lu\/snt-fr\/wp-json\/wp\/v2\/users\/39"}],"replies":[{"embeddable":true,"href":"https:\/\/www.uni.lu\/snt-fr\/wp-json\/wp\/v2\/comments?post=744"}],"version-history":[{"count":4,"href":"https:\/\/www.uni.lu\/snt-fr\/wp-json\/wp\/v2\/pages\/744\/revisions"}],"predecessor-version":[{"id":1331,"href":"https:\/\/www.uni.lu\/snt-fr\/wp-json\/wp\/v2\/pages\/744\/revisions\/1331"}],"wp:authorship":[{"embeddable":true,"href":"https:\/\/www.uni.lu\/snt-fr\/wp-json\/wp\/v2\/users\/39"}],"wp:featuredmedia":[{"embeddable":true,"href":"https:\/\/www.uni.lu\/snt-fr\/wp-json\/wp\/v2\/media\/1673"}],"wp:attachment":[{"href":"https:\/\/www.uni.lu\/snt-fr\/wp-json\/wp\/v2\/media?parent=744"}],"wp:term":[{"taxonomy":"field-of-interest","embeddable":true,"href":"https:\/\/www.uni.lu\/snt-fr\/wp-json\/wp\/v2\/field-of-interest?post=744"},{"taxonomy":"organisation","embeddable":true,"href":"https:\/\/www.uni.lu\/snt-fr\/wp-json\/wp\/v2\/organisation?post=744"}],"curies":[{"name":"wp","href":"https:\/\/api.w.org\/{rel}","templated":true}]}}