{"id":57,"date":"2023-10-10T09:55:51","date_gmt":"2023-10-10T07:55:51","guid":{"rendered":"https:\/\/www.uni.lu\/research-fr\/?page_id=57"},"modified":"2025-11-03T09:42:40","modified_gmt":"2025-11-03T08:42:40","slug":"ktt","status":"publish","type":"page","link":"https:\/\/www.uni.lu\/research-fr\/collaboration-et-engagement\/ktt\/","title":{"rendered":"Transfert de connaissances et de technologies"},"content":{"rendered":"<div class=\"section py-0 static\">\n<section class=\"py-0 wp-block-unilux-blocks-free-section section\"><div class=\"container xl:max-w-screen-xl\"><!-- SecondaryNavigationMirror --><div class=\"js-secondary-nav--sticky wp-block-unilux-blocks-secondary-navigation\" id=\"05b7764b-d460-415e-8fef-43b81352742f\">\n    <nav id=\"secondary-navigation\" role=\"navigation\" aria-label=\"Secondary menu\" class=\"secondary-nav\">\n        <button class=\"secondary-nav__button btn btn-solid--primary w-full\" aria-expanded=\"false\" aria-controls=\"secondary-navigation__list\" title=\"The selected page is Transfert de connaissances et de technologies\" type=\"button\">\n            <span class=\"btn__name mr-auto\">Transfert de connaissances et de technologies<\/span>\n            <svg aria-hidden=\"true\" focusable=\"false\" class=\"icon icon-outline icon--xs\">\n                <use xlink:href=\"https:\/\/www.uni.lu\/wp-content\/themes\/unilux-theme\/assets\/images\/icons\/icons-outline.svg#icon--arrow-down\" \/>\n            <\/svg>\n        <\/button>\n\n        <ul id=\"secondary-navigation__list\" class=\"secondary-nav__list\">\n            <li class=\"secondary-nav__item\">\n    <a href=\"https:\/\/www.uni.lu\/research-fr\/collaboration-et-engagement\/\" target=\"\" rel=\"noreferrer noopener\" class=\"secondary-nav__link \">\n        <svg aria-hidden=\"true\" focusable=\"false\" class=\"icon icon-outline icon--xs\">\n            <use xlink:href=\"https:\/\/www.uni.lu\/wp-content\/themes\/unilux-theme\/assets\/images\/icons\/icons-outline.svg#icon--arrow-right\" \/>\n        <\/svg>\n        <span class=\"secondary-nav__name\">Aper\u00e7u<\/span>\n    <\/a>\n<\/li>\n<li class=\"secondary-nav__item\">\n    <a href=\"https:\/\/www.uni.lu\/research-fr\/collaboration-et-engagement\/ktt\/\" target=\"\" rel=\"noreferrer noopener\" class=\"secondary-nav__link isactived\" aria-current=\"page\">\n        <svg aria-hidden=\"true\" focusable=\"false\" class=\"icon icon-outline icon--xs\">\n            <use xlink:href=\"https:\/\/www.uni.lu\/wp-content\/themes\/unilux-theme\/assets\/images\/icons\/icons-outline.svg#icon--arrow-right\" \/>\n        <\/svg>\n        <span class=\"secondary-nav__name\">Transfert de connaissances et de technologies<\/span>\n    <\/a>\n<\/li>\n<li class=\"secondary-nav__item\">\n    <a href=\"https:\/\/www.uni.lu\/research-fr\/collaboration-et-engagement\/partenaires-publics-et-prives\/\" target=\"\" rel=\"noreferrer noopener\" class=\"secondary-nav__link \">\n        <svg aria-hidden=\"true\" focusable=\"false\" class=\"icon icon-outline icon--xs\">\n            <use xlink:href=\"https:\/\/www.uni.lu\/wp-content\/themes\/unilux-theme\/assets\/images\/icons\/icons-outline.svg#icon--arrow-right\" \/>\n        <\/svg>\n        <span class=\"secondary-nav__name\">Partenaires publics et priv\u00e9s<\/span>\n    <\/a>\n<\/li>\n<li class=\"secondary-nav__item\">\n    <a href=\"https:\/\/www.uni.lu\/research-fr\/collaboration-et-engagement\/chaires-avec-dotation\/\" target=\"\" rel=\"noreferrer noopener\" class=\"secondary-nav__link \">\n        <svg aria-hidden=\"true\" focusable=\"false\" class=\"icon icon-outline icon--xs\">\n            <use xlink:href=\"https:\/\/www.uni.lu\/wp-content\/themes\/unilux-theme\/assets\/images\/icons\/icons-outline.svg#icon--arrow-right\" \/>\n        <\/svg>\n        <span class=\"secondary-nav__name\">Chaires avec dotation<\/span>\n    <\/a>\n<\/li>\n<li class=\"secondary-nav__item\">\n    <a href=\"https:\/\/www.uni.lu\/research-fr\/collaboration-et-engagement\/spin-offs\/\" target=\"\" rel=\"noreferrer noopener\" class=\"secondary-nav__link \">\n        <svg aria-hidden=\"true\" focusable=\"false\" class=\"icon icon-outline icon--xs\">\n            <use xlink:href=\"https:\/\/www.uni.lu\/wp-content\/themes\/unilux-theme\/assets\/images\/icons\/icons-outline.svg#icon--arrow-right\" \/>\n        <\/svg>\n        <span class=\"secondary-nav__name\">Spin-offs<\/span>\n    <\/a>\n<\/li>\n        <\/ul>\n    <\/nav>\n<\/div>\n<!-- end SecondaryNavigationMirror --><\/div><\/section>\n\n\n<section class=\"section section pb-0 wp-block-unilux-blocks-page-intro \">\n    \n<div class=\"wp-block-unilux-blocks-wrapper container xl:max-w-screen-xl\">\n<div class=\"wp-block-unilux-blocks-wrapper flex flex-wrap -mx-16\">\n<div class=\"wp-block-unilux-blocks-wrapper flex-1 mb-48 px-16\">\n<h1 class=\"has-text-align-left wp-block-unilux-blocks-heading\"        id=\"transfert-de-connaissances-et-de-technologies\"\n    >\nTransfert de connaissances et de technologies<\/h1>\n\n\n\n<p>L\u2019Universit\u00e9 du Luxembourg tient \u00e0 honorer sa mission officielle consistant \u00e0 transf\u00e9rer des connaissances et des technologies pour en <strong>faire b\u00e9n\u00e9ficier la soci\u00e9t\u00e9<\/strong>.<\/p>\n\n\n\n<ul class=\"wp-block-unilux-blocks-custom-buttons btn-list\"><li class=\"wp-block-unilux-blocks-custom-button\"    aria-disabled=\"false\"\n    >\n    <a\n        role=\"link\"\n        aria-disabled=\"false\"\n                    href=\"mailto:paktto@uni.lu\"\n                target=\"_self\"\n        class=\"btn btn--primary\"\n            >Contact<\/a>\n<\/li>\n<\/ul>\n<\/div>\n\n\n\n<div class=\"wp-block-unilux-blocks-wrapper w-full md:w-auto px-16\">\n<div class=\"wp-block-unilux-blocks-wrapper flex flex-col items-center\">\n<h2 class=\"text-h4 has-text-align-left wp-block-unilux-blocks-heading\"        id=\"technologies-disponibles\"\n    >\nTechnologies disponibles<\/h2>\n\n\n<a class=\"wp-block-unilux-blocks-button-highlight-square\"\n    href=\"https:\/\/researchluxembourg.portals.in-part.com\/?category%5B%5D=7286cf34-bd79-4b6e-bf52-edb914d922b4\"\n    target=\"_blank\"\n>\n    <span class=\"btn-highlight-square__container\">\n        <div class=\"btn-highlight-square__body\">\n    <svg aria-hidden=\"true\" focusable=\"false\" class=\"icon icon-outline icon--external-link icon--xl\"><use xlink:href=\"https:\/\/www.uni.lu\/wp-content\/themes\/unilux-theme\/assets\/images\/icons\/icons-outline.svg#icon--external-link\"><\/use><\/svg>    <span class=\"btn btn--dark\">\n        \n<span class=\"btn__name wp-block-unilux-blocks-plain-text\">Notre portefeuille<\/span>    <\/span>\n<\/div><figure class=\"wp-block-dev4-reusable-blocks-image image-bg object-fit--contain\">\n    \n<img decoding=\"async\" class=\"wp-block-image unilux-custom-image-block\"\n                alt=\"\"\n            src=\"https:\/\/www.uni.lu\/wp-content\/uploads\/sites\/28\/2024\/03\/INPART-logo-2024.png\"\n                srcset=\"https:\/\/www.uni.lu\/wp-content\/uploads\/sites\/28\/2024\/03\/INPART-logo-2024-300x145.png 300w, https:\/\/www.uni.lu\/wp-content\/uploads\/sites\/28\/2024\/03\/INPART-logo-2024.png 576w\"\n                style=\"object-position: 50.00% 28.00%; font-family: &quot;object-fit: contain; object-position: 50.00% 28.00%;&quot;; aspect-ratio: 1\/1; object-fit: contain; width: 100%;\"\n        loading=\"lazy\"\n\/>    <\/figure>    <\/span>\n<\/a><\/div>\n<\/div>\n<\/div>\n<\/div>\n<\/section>\n\n\n<section class=\"wp-block-unilux-blocks-free-section section\"><div class=\"container xl:max-w-screen-xl\">\n<p>Le&nbsp;<strong>Bureau des partenariats, du transfert de connaissances et de technologies<\/strong>&nbsp;(Bureau PaKTT) soutient des projets depuis leur stade initial jusqu\u2019\u00e0 la&nbsp;<strong>mise en pratique des r\u00e9sultats de recherche<\/strong>&nbsp;obtenus. Travaillant en collaboration avec le Service d\u2019appui \u00e0 la recherche (RSD), le Bureau des affaires juridiques et le Service des finances et de la comptabilit\u00e9, l\u2019\u00e9quipe du PaKTT s\u2019implique dans diverses questions relatives \u00e0 la cr\u00e9ation de projets, l\u2019\u00e9laboration des contrats juridiques, la protection et la gestion de la propri\u00e9t\u00e9 intellectuelle, la mise en pratique des r\u00e9sultats de recherche et la promotion des partenariats. Elle s&rsquo;appuie sur <a href=\"https:\/\/www.uni.lu\/wp-content\/uploads\/sites\/9\/2024\/08\/UL_IP_Policy_validated_CG_20240322.pdf\">la politique de l&rsquo;Universit\u00e9 en mati\u00e8re de propri\u00e9t\u00e9 intellectuelle<\/a> adopt\u00e9e par le Conseil de Gouvernance le 22 mars 2024.<\/p>\n\n\n\n<p>Cette \u00e9quipe a pour principaux objectifs de promouvoir l\u2019importance de la science et de la recherche, de diffuser les connaissances et de soutenir l\u2019innovation sociale et les impacts positifs en <strong>transf\u00e9rant<\/strong>\u202fdes droits de propri\u00e9t\u00e9 intellectuelle \u00e0 des <strong>entreprises existantes<\/strong>, des <strong>spin-offs<\/strong> de cr\u00e9ation r\u00e9cente, des <strong>institutions publiques&nbsp;<\/strong>et des <strong>organisations de la soci\u00e9t\u00e9 civile. <\/strong>Ces transferts se concr\u00e9tisent \u00e0 travers des partenariats et des liens de collaboration avec des acteurs socio\u00e9conomiques locaux et internationaux, et b\u00e9n\u00e9ficient d\u2019appuis aux niveaux <strong>r\u00e9gional, national et europ\u00e9en<\/strong>.&nbsp;<\/p>\n\n\n\n<p>Le Bureau PaKTT est au service des chercheurs, de la soci\u00e9t\u00e9 civile et des entreprises. Les membres de son \u00e9quipe b\u00e9n\u00e9ficient de formations sp\u00e9cifiques et apportent des <strong>exp\u00e9riences<\/strong>&nbsp;acquises au sein d\u2019universit\u00e9s et d\u2019entreprises, dans les domaines de la science et de la technologie ainsi que dans les secteurs du commerce, du marketing, du droit et de la propri\u00e9t\u00e9 industrielle (brevets, marques commerciales et licences).<\/p>\n\n\n<div class=\"wp-block-unilux-blocks-spacer is-spacer-size-sm\"><\/div>\n\n\n<h2 class=\"has-text-align-left wp-block-unilux-blocks-heading\"        id=\"notre-equipe-a-votre-service\"\n    >\n<strong>Notre \u00e9quipe \u00e0 votre service\u00a0!<\/strong><\/h2>\n\n\n\n<div class=\"wp-block-columns is-layout-flex wp-block-columns-is-layout-flex\">\n<div class=\"wp-block-column is-layout-flow wp-block-column-is-layout-flow\" style=\"flex-basis:66.66%\"><figure class=\"wp-block-dev4-reusable-blocks-image  object-fit--cover\">\n    \n<img decoding=\"async\" class=\"wp-block-image unilux-custom-image-block\"\n                alt=\"\"\n            src=\"https:\/\/www.uni.lu\/wp-content\/uploads\/sites\/28\/2025\/11\/03094234\/IMG-20250523-WA0004-size.jpg\"\n                srcset=\"https:\/\/www.uni.lu\/wp-content\/uploads\/sites\/28\/2025\/11\/03094234\/IMG-20250523-WA0004-size-300x147.jpg 300w, https:\/\/www.uni.lu\/wp-content\/uploads\/sites\/28\/2025\/11\/03094234\/IMG-20250523-WA0004-size-1024x502.jpg 1024w, https:\/\/www.uni.lu\/wp-content\/uploads\/sites\/28\/2025\/11\/03094234\/IMG-20250523-WA0004-size-768x377.jpg 768w, https:\/\/www.uni.lu\/wp-content\/uploads\/sites\/28\/2025\/11\/03094234\/IMG-20250523-WA0004-size.jpg 1366w\"\n                style=\"object-position: 50.00% 50.00%; font-family: &quot;object-fit: cover; object-position: 50.00% 50.00%;&quot;; aspect-ratio: 16\/9; object-fit: cover; width: 100%;\"\n        loading=\"lazy\"\n\/>    <\/figure><\/div>\n\n\n\n<div class=\"wp-block-column is-layout-flow wp-block-column-is-layout-flow\" style=\"flex-basis:33.33%\"><\/div>\n<\/div>\n\n\n<div class=\"wp-block-unilux-blocks-spacer is-spacer-size-sm\"><\/div>\n\n<div class=\"icon-info-wrapper\">\n    <ul class=\"wp-block-unilux-blocks-icon-info\">\n        <li class=\"wp-block-unilux-blocks-icon-info-item\">\n    \n<div class=\"wp-block-unilux-blocks-wrapper icon-info\">\n\n<div class=\" -2  wp-block-unilux-blocks-icon-picker\">\n    <svg aria-hidden=\"true\" focusable=\"false\" class=\"icon icon-outline icon--email \"><use xlink:href=\"https:\/\/www.uni.lu\/wp-content\/themes\/unilux-theme\/assets\/images\/icons\/icons-outline.svg#icon--email\"><\/use><\/svg><\/div>\n\n<p class=\"has-1-125-rem-font-size\"><a href=\"mailto:paktto@uni.lu\">paktto@uni.lu<\/a><\/p>\n\n<\/div>\n<\/li>\n    <\/ul>\n<\/div>\n<\/div><\/section>\n<\/div>","protected":false},"excerpt":{"rendered":"","protected":false},"author":58,"featured_media":0,"parent":55,"menu_order":0,"comment_status":"closed","ping_status":"closed","template":"","meta":{"featured_image_focal_point":[],"show_featured_caption":false,"ulux_newsletter_groups":"","uluxPostTitle":"Collaboration et engagement","uluxPrePostTitle":"Recherche","_trash_the_other_posts":false,"_price":"","_stock":"","_tribe_ticket_header":"","_tribe_default_ticket_provider":"","_tribe_ticket_capacity":"0","_ticket_start_date":"","_ticket_end_date":"","_tribe_ticket_show_description":"","_tribe_ticket_show_not_going":false,"_tribe_ticket_use_global_stock":"","_tribe_ticket_global_stock_level":"","_global_stock_mode":"","_global_stock_cap":"","_tribe_rsvp_for_event":"","_tribe_ticket_going_count":"","_tribe_ticket_not_going_count":"","_tribe_tickets_list":"[]","_tribe_ticket_has_attendee_info_fields":false,"footnotes":""},"field-of-interest":[],"organisation":[],"authorship":[58],"acf":[],"yoast_head":"<!-- This site is optimized with the Yoast SEO Premium plugin v22.3 (Yoast SEO v22.3) - https:\/\/yoast.com\/wordpress\/plugins\/seo\/ -->\n<title>Transfert de connaissances et de technologies I Uni.lu<\/title>\n<meta name=\"description\" content=\"L\u2019Universit\u00e9 du Luxembourg tient \u00e0 honorer sa mission officielle de transfert de connaissances et des technologies.\" \/>\n<meta name=\"robots\" content=\"index, follow, max-snippet:-1, max-image-preview:large, max-video-preview:-1\" \/>\n<link rel=\"canonical\" href=\"https:\/\/www.uni.lu\/research-fr\/collaboration-et-engagement\/ktt\/\" \/>\n<meta property=\"og:locale\" content=\"fr_FR\" \/>\n<meta property=\"og:type\" content=\"article\" \/>\n<meta property=\"og:title\" content=\"Transfert de connaissances et de technologies\" \/>\n<meta property=\"og:description\" content=\"L\u2019Universit\u00e9 du Luxembourg tient \u00e0 honorer sa mission officielle de transfert de connaissances et des technologies.\" \/>\n<meta property=\"og:url\" content=\"https:\/\/www.uni.lu\/research-fr\/collaboration-et-engagement\/ktt\/\" \/>\n<meta property=\"og:site_name\" content=\"RESEARCH FR\" \/>\n<meta property=\"article:modified_time\" content=\"2025-11-03T08:42:40+00:00\" \/>\n<meta property=\"og:image\" content=\"https:\/\/www.uni.lu\/wp-content\/uploads\/sites\/28\/2026\/03\/03115643\/UNIV_SM-Profile_1600x1600px-scaled.jpg\" \/>\n\t<meta property=\"og:image:width\" content=\"2560\" \/>\n\t<meta property=\"og:image:height\" content=\"2560\" \/>\n\t<meta property=\"og:image:type\" content=\"image\/jpeg\" \/>\n<meta name=\"twitter:card\" content=\"summary_large_image\" \/>\n<meta name=\"twitter:label1\" content=\"Dur\u00e9e de lecture estim\u00e9e\" \/>\n\t<meta name=\"twitter:data1\" content=\"2 minutes\" \/>\n<script type=\"application\/ld+json\" class=\"yoast-schema-graph\">{\"@context\":\"https:\/\/schema.org\",\"@graph\":[{\"@type\":\"WebPage\",\"@id\":\"https:\/\/www.uni.lu\/research-fr\/collaboration-et-engagement\/ktt\/\",\"url\":\"https:\/\/www.uni.lu\/research-fr\/collaboration-et-engagement\/ktt\/\",\"name\":\"Transfert de connaissances et de technologies I Uni.lu\",\"isPartOf\":{\"@id\":\"https:\/\/www.uni.lu\/research-fr\/#website\"},\"datePublished\":\"2023-10-10T07:55:51+00:00\",\"dateModified\":\"2025-11-03T08:42:40+00:00\",\"description\":\"L\u2019Universit\u00e9 du Luxembourg tient \u00e0 honorer sa mission officielle de transfert de connaissances et des technologies.\",\"breadcrumb\":{\"@id\":\"https:\/\/www.uni.lu\/research-fr\/collaboration-et-engagement\/ktt\/#breadcrumb\"},\"inLanguage\":\"fr-FR\",\"potentialAction\":[{\"@type\":\"ReadAction\",\"target\":[\"https:\/\/www.uni.lu\/research-fr\/collaboration-et-engagement\/ktt\/\"]}]},{\"@type\":\"BreadcrumbList\",\"@id\":\"https:\/\/www.uni.lu\/research-fr\/collaboration-et-engagement\/ktt\/#breadcrumb\",\"itemListElement\":[{\"@type\":\"ListItem\",\"position\":1,\"name\":\"Home\",\"item\":\"https:\/\/www.uni.lu\/fr\"},{\"@type\":\"ListItem\",\"position\":2,\"name\":\"Notre recherche en un coup d\u2019oeil\",\"item\":\"https:\/\/www.uni.lu\/research-fr\/\"},{\"@type\":\"ListItem\",\"position\":3,\"name\":\"Collaboration et engagement\",\"item\":\"https:\/\/www.uni.lu\/research-fr\/collaboration-et-engagement\/\"},{\"@type\":\"ListItem\",\"position\":4,\"name\":\"Transfert de connaissances et de technologies\"}]},{\"@type\":\"WebSite\",\"@id\":\"https:\/\/www.uni.lu\/research-fr\/#website\",\"url\":\"https:\/\/www.uni.lu\/research-fr\/\",\"name\":\"Uni.lu\",\"description\":\"Recherche \u00e0 l&#039;Universit\u00e9 du Luxembourg\",\"publisher\":{\"@id\":\"https:\/\/www.uni.lu\/research-fr\/#organization\"},\"alternateName\":\"Universit\u00e9 du Luxembourg\",\"potentialAction\":[{\"@type\":\"SearchAction\",\"target\":{\"@type\":\"EntryPoint\",\"urlTemplate\":\"https:\/\/www.uni.lu\/research-fr\/?s={search_term_string}\"},\"query-input\":\"required name=search_term_string\"}],\"inLanguage\":\"fr-FR\"},{\"@type\":\"Organization\",\"@id\":\"https:\/\/www.uni.lu\/research-fr\/#organization\",\"name\":\"Universit\u00e9 du Luxembourg\",\"alternateName\":\"Uni.lu\",\"url\":\"https:\/\/www.uni.lu\/research-fr\/\",\"logo\":{\"@type\":\"ImageObject\",\"inLanguage\":\"fr-FR\",\"@id\":\"https:\/\/www.uni.lu\/research-fr\/#\/schema\/logo\/image\/\",\"url\":\"https:\/\/www.uni.lu\/wp-content\/uploads\/sites\/28\/2026\/03\/03115643\/UNIV_SM-Profile_1600x1600px-scaled.jpg\",\"contentUrl\":\"https:\/\/www.uni.lu\/wp-content\/uploads\/sites\/28\/2026\/03\/03115643\/UNIV_SM-Profile_1600x1600px-scaled.jpg\",\"width\":2560,\"height\":2560,\"caption\":\"Universit\u00e9 du Luxembourg\"},\"image\":{\"@id\":\"https:\/\/www.uni.lu\/research-fr\/#\/schema\/logo\/image\/\"}}]}<\/script>\n<!-- \/ Yoast SEO Premium plugin. -->","yoast_head_json":{"title":"Transfert de connaissances et de technologies I Uni.lu","description":"L\u2019Universit\u00e9 du Luxembourg tient \u00e0 honorer sa mission officielle de transfert de connaissances et des technologies.","robots":{"index":"index","follow":"follow","max-snippet":"max-snippet:-1","max-image-preview":"max-image-preview:large","max-video-preview":"max-video-preview:-1"},"canonical":"https:\/\/www.uni.lu\/research-fr\/collaboration-et-engagement\/ktt\/","og_locale":"fr_FR","og_type":"article","og_title":"Transfert de connaissances et de technologies","og_description":"L\u2019Universit\u00e9 du Luxembourg tient \u00e0 honorer sa mission officielle de transfert de connaissances et des technologies.","og_url":"https:\/\/www.uni.lu\/research-fr\/collaboration-et-engagement\/ktt\/","og_site_name":"RESEARCH FR","article_modified_time":"2025-11-03T08:42:40+00:00","og_image":[{"width":2560,"height":2560,"url":"https:\/\/www.uni.lu\/wp-content\/uploads\/sites\/28\/2026\/03\/03115643\/UNIV_SM-Profile_1600x1600px-scaled.jpg","type":"image\/jpeg"}],"twitter_card":"summary_large_image","twitter_misc":{"Dur\u00e9e de lecture estim\u00e9e":"2 minutes"},"schema":{"@context":"https:\/\/schema.org","@graph":[{"@type":"WebPage","@id":"https:\/\/www.uni.lu\/research-fr\/collaboration-et-engagement\/ktt\/","url":"https:\/\/www.uni.lu\/research-fr\/collaboration-et-engagement\/ktt\/","name":"Transfert de connaissances et de technologies I Uni.lu","isPartOf":{"@id":"https:\/\/www.uni.lu\/research-fr\/#website"},"datePublished":"2023-10-10T07:55:51+00:00","dateModified":"2025-11-03T08:42:40+00:00","description":"L\u2019Universit\u00e9 du Luxembourg tient \u00e0 honorer sa mission officielle de transfert de connaissances et des technologies.","breadcrumb":{"@id":"https:\/\/www.uni.lu\/research-fr\/collaboration-et-engagement\/ktt\/#breadcrumb"},"inLanguage":"fr-FR","potentialAction":[{"@type":"ReadAction","target":["https:\/\/www.uni.lu\/research-fr\/collaboration-et-engagement\/ktt\/"]}]},{"@type":"BreadcrumbList","@id":"https:\/\/www.uni.lu\/research-fr\/collaboration-et-engagement\/ktt\/#breadcrumb","itemListElement":[{"@type":"ListItem","position":1,"name":"Home","item":"https:\/\/www.uni.lu\/fr"},{"@type":"ListItem","position":2,"name":"Notre recherche en un coup d\u2019oeil","item":"https:\/\/www.uni.lu\/research-fr\/"},{"@type":"ListItem","position":3,"name":"Collaboration et engagement","item":"https:\/\/www.uni.lu\/research-fr\/collaboration-et-engagement\/"},{"@type":"ListItem","position":4,"name":"Transfert de connaissances et de technologies"}]},{"@type":"WebSite","@id":"https:\/\/www.uni.lu\/research-fr\/#website","url":"https:\/\/www.uni.lu\/research-fr\/","name":"Uni.lu","description":"Recherche \u00e0 l&#039;Universit\u00e9 du Luxembourg","publisher":{"@id":"https:\/\/www.uni.lu\/research-fr\/#organization"},"alternateName":"Universit\u00e9 du Luxembourg","potentialAction":[{"@type":"SearchAction","target":{"@type":"EntryPoint","urlTemplate":"https:\/\/www.uni.lu\/research-fr\/?s={search_term_string}"},"query-input":"required name=search_term_string"}],"inLanguage":"fr-FR"},{"@type":"Organization","@id":"https:\/\/www.uni.lu\/research-fr\/#organization","name":"Universit\u00e9 du Luxembourg","alternateName":"Uni.lu","url":"https:\/\/www.uni.lu\/research-fr\/","logo":{"@type":"ImageObject","inLanguage":"fr-FR","@id":"https:\/\/www.uni.lu\/research-fr\/#\/schema\/logo\/image\/","url":"https:\/\/www.uni.lu\/wp-content\/uploads\/sites\/28\/2026\/03\/03115643\/UNIV_SM-Profile_1600x1600px-scaled.jpg","contentUrl":"https:\/\/www.uni.lu\/wp-content\/uploads\/sites\/28\/2026\/03\/03115643\/UNIV_SM-Profile_1600x1600px-scaled.jpg","width":2560,"height":2560,"caption":"Universit\u00e9 du Luxembourg"},"image":{"@id":"https:\/\/www.uni.lu\/research-fr\/#\/schema\/logo\/image\/"}}]}},"ticketed":false,"_links":{"self":[{"href":"https:\/\/www.uni.lu\/research-fr\/wp-json\/wp\/v2\/pages\/57"}],"collection":[{"href":"https:\/\/www.uni.lu\/research-fr\/wp-json\/wp\/v2\/pages"}],"about":[{"href":"https:\/\/www.uni.lu\/research-fr\/wp-json\/wp\/v2\/types\/page"}],"author":[{"embeddable":true,"href":"https:\/\/www.uni.lu\/research-fr\/wp-json\/wp\/v2\/users\/58"}],"replies":[{"embeddable":true,"href":"https:\/\/www.uni.lu\/research-fr\/wp-json\/wp\/v2\/comments?post=57"}],"version-history":[{"count":5,"href":"https:\/\/www.uni.lu\/research-fr\/wp-json\/wp\/v2\/pages\/57\/revisions"}],"predecessor-version":[{"id":795,"href":"https:\/\/www.uni.lu\/research-fr\/wp-json\/wp\/v2\/pages\/57\/revisions\/795"}],"up":[{"embeddable":true,"href":"https:\/\/www.uni.lu\/research-fr\/wp-json\/wp\/v2\/pages\/55"}],"wp:authorship":[{"embeddable":true,"href":"https:\/\/www.uni.lu\/research-fr\/wp-json\/wp\/v2\/users\/58"}],"wp:attachment":[{"href":"https:\/\/www.uni.lu\/research-fr\/wp-json\/wp\/v2\/media?parent=57"}],"wp:term":[{"taxonomy":"field-of-interest","embeddable":true,"href":"https:\/\/www.uni.lu\/research-fr\/wp-json\/wp\/v2\/field-of-interest?post=57"},{"taxonomy":"organisation","embeddable":true,"href":"https:\/\/www.uni.lu\/research-fr\/wp-json\/wp\/v2\/organisation?post=57"}],"curies":[{"name":"wp","href":"https:\/\/api.w.org\/{rel}","templated":true}]}}