{"id":55,"date":"2023-10-10T09:53:18","date_gmt":"2023-10-10T07:53:18","guid":{"rendered":"https:\/\/www.uni.lu\/research-fr\/?page_id=55"},"modified":"2024-08-02T11:07:06","modified_gmt":"2024-08-02T09:07:06","slug":"collaboration-et-engagement","status":"publish","type":"page","link":"https:\/\/www.uni.lu\/research-fr\/collaboration-et-engagement\/","title":{"rendered":"Collaboration et engagement"},"content":{"rendered":"<div class=\"section py-0 static\"><div class=\"section py-0 section wp-block-unilux-blocks-navigation-and-hero py-0\">\n    \n<div class=\"wp-block-unilux-blocks-wrapper container xl:max-w-screen-xl\"><div class=\"js-secondary-nav--sticky wp-block-unilux-blocks-secondary-navigation\" id=\"05b7764b-d460-415e-8fef-43b81352742f\">\n    <nav\n        id=\"secondary-navigation\"\n        role=\"navigation\"\n        aria-label=\"Secondary menu\"\n        class=\"secondary-nav\"\n    >\n        <button\n            class=\"secondary-nav__button btn btn-solid--primary w-full\"\n            aria-expanded=\"false\"\n            aria-controls=\"secondary-navigation__list\"\n            title=\"The selected page is Aper\u00e7u\"\n            type=\"button\"\n        >\n            <span class=\"btn__name mr-auto\">Aper\u00e7u<\/span>\n            <svg aria-hidden=\"true\" focusable=\"false\" class=\"icon icon-outline icon--xs\">\n                <use xlink:href=\"https:\/\/www.uni.lu\/wp-content\/themes\/unilux-theme\/assets\/images\/icons\/icons-outline.svg#icon--arrow-down\" \/>\n            <\/svg>\n        <\/button>\n\n        <ul id=\"secondary-navigation__list\" class=\"secondary-nav__list\">\n            <li class=\"secondary-nav__item\">\n    <a\n        href=\"https:\/\/www.uni.lu\/research-fr\/collaboration-et-engagement\/\"\n        target=\"\"\n        rel=\"noreferrer noopener\"\n        class=\"secondary-nav__link isactived\"\n        aria-current=\"page\"    >\n        <svg aria-hidden=\"true\" focusable=\"false\" class=\"icon icon-outline icon--xs\">\n            <use xlink:href=\"https:\/\/www.uni.lu\/wp-content\/themes\/unilux-theme\/assets\/images\/icons\/icons-outline.svg#icon--arrow-right\" \/>\n        <\/svg>\n        <span class=\"secondary-nav__name\">Aper\u00e7u<\/span>\n    <\/a>\n<\/li>\n<li class=\"secondary-nav__item\">\n    <a\n        href=\"https:\/\/www.uni.lu\/research-fr\/collaboration-et-engagement\/ktt\/\"\n        target=\"\"\n        rel=\"noreferrer noopener\"\n        class=\"secondary-nav__link \"\n            >\n        <svg aria-hidden=\"true\" focusable=\"false\" class=\"icon icon-outline icon--xs\">\n            <use xlink:href=\"https:\/\/www.uni.lu\/wp-content\/themes\/unilux-theme\/assets\/images\/icons\/icons-outline.svg#icon--arrow-right\" \/>\n        <\/svg>\n        <span class=\"secondary-nav__name\">Transfert de connaissances et de technologies<\/span>\n    <\/a>\n<\/li>\n<li class=\"secondary-nav__item\">\n    <a\n        href=\"https:\/\/www.uni.lu\/research-fr\/collaboration-et-engagement\/partenaires-publics-et-prives\/\"\n        target=\"\"\n        rel=\"noreferrer noopener\"\n        class=\"secondary-nav__link \"\n            >\n        <svg aria-hidden=\"true\" focusable=\"false\" class=\"icon icon-outline icon--xs\">\n            <use xlink:href=\"https:\/\/www.uni.lu\/wp-content\/themes\/unilux-theme\/assets\/images\/icons\/icons-outline.svg#icon--arrow-right\" \/>\n        <\/svg>\n        <span class=\"secondary-nav__name\">Partenaires publics et priv\u00e9s<\/span>\n    <\/a>\n<\/li>\n<li class=\"secondary-nav__item\">\n    <a\n        href=\"https:\/\/www.uni.lu\/research-fr\/collaboration-et-engagement\/chaires-avec-dotation\/\"\n        target=\"\"\n        rel=\"noreferrer noopener\"\n        class=\"secondary-nav__link \"\n            >\n        <svg aria-hidden=\"true\" focusable=\"false\" class=\"icon icon-outline icon--xs\">\n            <use xlink:href=\"https:\/\/www.uni.lu\/wp-content\/themes\/unilux-theme\/assets\/images\/icons\/icons-outline.svg#icon--arrow-right\" \/>\n        <\/svg>\n        <span class=\"secondary-nav__name\">Chaires avec dotation<\/span>\n    <\/a>\n<\/li>\n<li class=\"secondary-nav__item\">\n    <a\n        href=\"https:\/\/www.uni.lu\/research-fr\/collaboration-et-engagement\/spin-offs\/\"\n        target=\"\"\n        rel=\"noreferrer noopener\"\n        class=\"secondary-nav__link \"\n            >\n        <svg aria-hidden=\"true\" focusable=\"false\" class=\"icon icon-outline icon--xs\">\n            <use xlink:href=\"https:\/\/www.uni.lu\/wp-content\/themes\/unilux-theme\/assets\/images\/icons\/icons-outline.svg#icon--arrow-right\" \/>\n        <\/svg>\n        <span class=\"secondary-nav__name\">Spin-offs<\/span>\n    <\/a>\n<\/li>\n        <\/ul>\n    <\/nav>\n<\/div>\n<\/div>\n\n<div class=\"wp-block-unilux-blocks-wrapper max-w-screen-3xl mx-auto section py-0\">\n<section class=\"section no-padding-y wp-block-unilux-blocks-hero\">\n    <div class=\"hero hero--2 hero--overlay-top hero--overlay-bottom\">\n        \n<header class=\"wp-block-unilux-blocks-wrapper hero__header\">\n<div class=\"wp-block-unilux-blocks-wrapper hero__container\">\n<span class=\"hero__title__subject wp-block-unilux-blocks-plain-text\"><\/span>\n\n\n<h1 class=\"has-text-align-left wp-block-unilux-blocks-heading\"        id=\"collaboration-et-engagement\"\n    >\nCollaboration et engagement<\/h1>\n<\/div>\n<\/header>\n<figure class=\"wp-block-dev4-reusable-blocks-image hero__visual object-fit--cover\">\n    \n<img decoding=\"async\" class=\"wp-block-image unilux-custom-image-block\"\n                alt=\"\"\n            src=\"https:\/\/www.uni.lu\/wp-content\/uploads\/sites\/28\/2023\/10\/20161006_UNI-Belval_Bat-MSA_1235.jpg\"\n                srcset=\"https:\/\/www.uni.lu\/wp-content\/uploads\/sites\/28\/2023\/10\/20161006_UNI-Belval_Bat-MSA_1235-300x200.jpg 300w, https:\/\/www.uni.lu\/wp-content\/uploads\/sites\/28\/2023\/10\/20161006_UNI-Belval_Bat-MSA_1235-1024x683.jpg 1024w, https:\/\/www.uni.lu\/wp-content\/uploads\/sites\/28\/2023\/10\/20161006_UNI-Belval_Bat-MSA_1235-768x512.jpg 768w, https:\/\/www.uni.lu\/wp-content\/uploads\/sites\/28\/2023\/10\/20161006_UNI-Belval_Bat-MSA_1235-1536x1024.jpg 1536w, https:\/\/www.uni.lu\/wp-content\/uploads\/sites\/28\/2023\/10\/20161006_UNI-Belval_Bat-MSA_1235.jpg 1680w\"\n                style=\"object-position: 50.00% 50.00%; font-family: &quot;object-fit: cover; object-position: 50.00% 50.00%;&quot;; aspect-ratio: 16\/9; object-fit: cover; width: 100%;\"\n        loading=\"lazy\"\n\/>    <\/figure>\n<div class=\"wp-block-unilux-blocks-wrapper hero__body\">\n<div class=\"wp-block-unilux-blocks-wrapper hero__container\">\n<p class=\"wp-block-unilux-blocks-plain-text\">L\u2019Universit\u00e9 du Luxembourg tire parti du transfert de connaissances et de technologies pour traduire ses d\u00e9couvertes en innovations pratiques, dont b\u00e9n\u00e9ficient \u00e0 la fois l\u2019industrie et la soci\u00e9t\u00e9. Ces innovations renforcent la comp\u00e9titivit\u00e9 de notre soci\u00e9t\u00e9, encouragent la r\u00e9flexion critique et contribuent \u00e0 notre prosp\u00e9rit\u00e9 \u00e9conomique g\u00e9n\u00e9rale.<\/p>\n\n\n<ul class=\"wp-block-unilux-blocks-custom-buttons btn-list\"><li class=\"wp-block-unilux-blocks-custom-button\"    aria-disabled=\"false\"\n    >\n    <a\n        role=\"link\"\n        aria-disabled=\"false\"\n                    href=\"https:\/\/www.uni.lu\/research-fr\/collaboration-et-engagement\/ktt\/\"\n                target=\"_self\"\n        class=\"btn btn--primary\"\n            >Transfert de connaissances et de technologies<\/a>\n<\/li>\n\n\n<\/ul>\n<\/div>\n<\/div>\n    <\/div>\n<\/section><\/div>\n<\/div>\n\n\n<section class=\"wp-block-unilux-blocks-free-section section\"><div class=\"container xl:max-w-screen-xl\">\n<p>L\u2019Universit\u00e9 s\u2019appuie sur des partenariats conclus avec des partenaires priv\u00e9s et publics, et utilise des instruments tels que les <a href=\"https:\/\/www.uni.lu\/research-fr\/collaboration-et-engagement\/chaires-avec-dotation\/\">chaires avec dotation<\/a>, les th\u00e8ses cofinanc\u00e9es et les programmes de recherche conjoints et co-con\u00e7us. Les activit\u00e9s de recherche men\u00e9es \u00e0 l\u2019Universit\u00e9 ont d\u00e9j\u00e0 d\u00e9bouch\u00e9 sur la cr\u00e9ation de plusieurs <a href=\"https:\/\/www.uni.lu\/research-fr\/collaboration-et-engagement\/spin-offs\/\">spin-offs<\/a> (soci\u00e9t\u00e9s d\u00e9riv\u00e9es).<\/p>\n\n\n\n<p>Le transfert de d\u00e9couvertes passe souvent par les sciences et technologies \u00ab dures \u00bb, mais l\u2019Universit\u00e9 cherche aussi des partenariats qui exploitent les connaissances g\u00e9n\u00e9r\u00e9es dans les domaines des sciences sociales, des sciences humaines et du droit, cela dans le but d\u2019encourager l\u2019entrepreneuriat social.<\/p>\n\n\n\n<p>L\u2019Universit\u00e9 g\u00e8re <a href=\"https:\/\/www.uni.lu\/fr\/a-propos\/organisation\/administration\/lincubateur-et-le-programme-d-entrepreneuriat\/\">l\u2019Incubateur universitaire<\/a>, qui est ouvert \u00e0 tous les membres de la communaut\u00e9 universitaire (y compris les anciens \u00e9tudiants) et propose des ateliers et des mentorats aux personnes d\u00e9sireuses de d\u00e9velopper une id\u00e9e entrepreneuriale. L\u2019Incubateur h\u00e9berge aussi les start-ups et spin-offs \u00e9manant de l\u2019Universit\u00e9, et organise des formations en entrepreneuriat.<\/p>\n<\/div><\/section>\n<\/div>","protected":false},"excerpt":{"rendered":"","protected":false},"author":33,"featured_media":0,"parent":0,"menu_order":10,"comment_status":"closed","ping_status":"closed","template":"","meta":{"featured_image_focal_point":[],"show_featured_caption":false,"ulux_newsletter_groups":"","uluxPostTitle":"Collaboration et engagement","uluxPrePostTitle":"Recherche","_trash_the_other_posts":false,"_price":"","_stock":"","_tribe_ticket_header":"","_tribe_default_ticket_provider":"","_tribe_ticket_capacity":"0","_ticket_start_date":"","_ticket_end_date":"","_tribe_ticket_show_description":"","_tribe_ticket_show_not_going":false,"_tribe_ticket_use_global_stock":"","_tribe_ticket_global_stock_level":"","_global_stock_mode":"","_global_stock_cap":"","_tribe_rsvp_for_event":"","_tribe_ticket_going_count":"","_tribe_ticket_not_going_count":"","_tribe_tickets_list":"[]","_tribe_ticket_has_attendee_info_fields":false,"footnotes":""},"field-of-interest":[],"organisation":[],"authorship":[33],"acf":[],"yoast_head":"<!-- This site is optimized with the Yoast SEO Premium plugin v22.3 (Yoast SEO v22.3) - https:\/\/yoast.com\/wordpress\/plugins\/seo\/ -->\n<title>Collaboration et engagement - Universit\u00e9 du Luxembourg I Uni.lu<\/title>\n<meta name=\"description\" content=\"L&#039;universit\u00e9 tire parti de sa collaboration et de son engagement dans le transfert de connaissances et de technologies en vue d&#039;innovations.\" \/>\n<meta name=\"robots\" content=\"index, follow, max-snippet:-1, max-image-preview:large, max-video-preview:-1\" \/>\n<link rel=\"canonical\" href=\"https:\/\/www.uni.lu\/research-fr\/collaboration-et-engagement\/\" \/>\n<meta property=\"og:locale\" content=\"fr_FR\" \/>\n<meta property=\"og:type\" content=\"article\" \/>\n<meta property=\"og:title\" content=\"Collaboration et engagement\" \/>\n<meta property=\"og:description\" content=\"L&#039;universit\u00e9 tire parti de sa collaboration et de son engagement dans le transfert de connaissances et de technologies en vue d&#039;innovations.\" \/>\n<meta property=\"og:url\" content=\"https:\/\/www.uni.lu\/research-fr\/collaboration-et-engagement\/\" \/>\n<meta property=\"og:site_name\" content=\"RESEARCH FR\" \/>\n<meta property=\"article:modified_time\" content=\"2024-08-02T09:07:06+00:00\" \/>\n<meta property=\"og:image\" content=\"https:\/\/www.uni.lu\/wp-content\/uploads\/sites\/28\/2026\/03\/03115643\/UNIV_SM-Profile_1600x1600px-scaled.jpg\" \/>\n\t<meta property=\"og:image:width\" content=\"2560\" \/>\n\t<meta property=\"og:image:height\" content=\"2560\" \/>\n\t<meta property=\"og:image:type\" content=\"image\/jpeg\" \/>\n<meta name=\"twitter:card\" content=\"summary_large_image\" \/>\n<meta name=\"twitter:label1\" content=\"Dur\u00e9e de lecture estim\u00e9e\" \/>\n\t<meta name=\"twitter:data1\" content=\"1 minute\" \/>\n<script type=\"application\/ld+json\" class=\"yoast-schema-graph\">{\"@context\":\"https:\/\/schema.org\",\"@graph\":[{\"@type\":\"WebPage\",\"@id\":\"https:\/\/www.uni.lu\/research-fr\/collaboration-et-engagement\/\",\"url\":\"https:\/\/www.uni.lu\/research-fr\/collaboration-et-engagement\/\",\"name\":\"Collaboration et engagement - Universit\u00e9 du Luxembourg I Uni.lu\",\"isPartOf\":{\"@id\":\"https:\/\/www.uni.lu\/research-fr\/#website\"},\"datePublished\":\"2023-10-10T07:53:18+00:00\",\"dateModified\":\"2024-08-02T09:07:06+00:00\",\"description\":\"L'universit\u00e9 tire parti de sa collaboration et de son engagement dans le transfert de connaissances et de technologies en vue d'innovations.\",\"breadcrumb\":{\"@id\":\"https:\/\/www.uni.lu\/research-fr\/collaboration-et-engagement\/#breadcrumb\"},\"inLanguage\":\"fr-FR\",\"potentialAction\":[{\"@type\":\"ReadAction\",\"target\":[\"https:\/\/www.uni.lu\/research-fr\/collaboration-et-engagement\/\"]}]},{\"@type\":\"BreadcrumbList\",\"@id\":\"https:\/\/www.uni.lu\/research-fr\/collaboration-et-engagement\/#breadcrumb\",\"itemListElement\":[{\"@type\":\"ListItem\",\"position\":1,\"name\":\"Home\",\"item\":\"https:\/\/www.uni.lu\/fr\"},{\"@type\":\"ListItem\",\"position\":2,\"name\":\"Notre recherche en un coup d\u2019oeil\",\"item\":\"https:\/\/www.uni.lu\/research-fr\/\"},{\"@type\":\"ListItem\",\"position\":3,\"name\":\"Collaboration et engagement\"}]},{\"@type\":\"WebSite\",\"@id\":\"https:\/\/www.uni.lu\/research-fr\/#website\",\"url\":\"https:\/\/www.uni.lu\/research-fr\/\",\"name\":\"Uni.lu\",\"description\":\"Recherche \u00e0 l&#039;Universit\u00e9 du Luxembourg\",\"publisher\":{\"@id\":\"https:\/\/www.uni.lu\/research-fr\/#organization\"},\"alternateName\":\"Universit\u00e9 du Luxembourg\",\"potentialAction\":[{\"@type\":\"SearchAction\",\"target\":{\"@type\":\"EntryPoint\",\"urlTemplate\":\"https:\/\/www.uni.lu\/research-fr\/?s={search_term_string}\"},\"query-input\":\"required name=search_term_string\"}],\"inLanguage\":\"fr-FR\"},{\"@type\":\"Organization\",\"@id\":\"https:\/\/www.uni.lu\/research-fr\/#organization\",\"name\":\"Universit\u00e9 du Luxembourg\",\"alternateName\":\"Uni.lu\",\"url\":\"https:\/\/www.uni.lu\/research-fr\/\",\"logo\":{\"@type\":\"ImageObject\",\"inLanguage\":\"fr-FR\",\"@id\":\"https:\/\/www.uni.lu\/research-fr\/#\/schema\/logo\/image\/\",\"url\":\"https:\/\/www.uni.lu\/wp-content\/uploads\/sites\/28\/2026\/03\/03115643\/UNIV_SM-Profile_1600x1600px-scaled.jpg\",\"contentUrl\":\"https:\/\/www.uni.lu\/wp-content\/uploads\/sites\/28\/2026\/03\/03115643\/UNIV_SM-Profile_1600x1600px-scaled.jpg\",\"width\":2560,\"height\":2560,\"caption\":\"Universit\u00e9 du Luxembourg\"},\"image\":{\"@id\":\"https:\/\/www.uni.lu\/research-fr\/#\/schema\/logo\/image\/\"},\"description\":\"Recherche \u00e0 l&#039;Universit\u00e9 du Luxembourg\"}]}<\/script>\n<!-- \/ Yoast SEO Premium plugin. -->","yoast_head_json":{"title":"Collaboration et engagement - Universit\u00e9 du Luxembourg I Uni.lu","description":"L'universit\u00e9 tire parti de sa collaboration et de son engagement dans le transfert de connaissances et de technologies en vue d'innovations.","robots":{"index":"index","follow":"follow","max-snippet":"max-snippet:-1","max-image-preview":"max-image-preview:large","max-video-preview":"max-video-preview:-1"},"canonical":"https:\/\/www.uni.lu\/research-fr\/collaboration-et-engagement\/","og_locale":"fr_FR","og_type":"article","og_title":"Collaboration et engagement","og_description":"L'universit\u00e9 tire parti de sa collaboration et de son engagement dans le transfert de connaissances et de technologies en vue d'innovations.","og_url":"https:\/\/www.uni.lu\/research-fr\/collaboration-et-engagement\/","og_site_name":"RESEARCH FR","article_modified_time":"2024-08-02T09:07:06+00:00","og_image":[{"width":2560,"height":2560,"url":"https:\/\/www.uni.lu\/wp-content\/uploads\/sites\/28\/2026\/03\/03115643\/UNIV_SM-Profile_1600x1600px-scaled.jpg","type":"image\/jpeg"}],"twitter_card":"summary_large_image","twitter_misc":{"Dur\u00e9e de lecture estim\u00e9e":"1 minute"},"schema":{"@context":"https:\/\/schema.org","@graph":[{"@type":"WebPage","@id":"https:\/\/www.uni.lu\/research-fr\/collaboration-et-engagement\/","url":"https:\/\/www.uni.lu\/research-fr\/collaboration-et-engagement\/","name":"Collaboration et engagement - Universit\u00e9 du Luxembourg I Uni.lu","isPartOf":{"@id":"https:\/\/www.uni.lu\/research-fr\/#website"},"datePublished":"2023-10-10T07:53:18+00:00","dateModified":"2024-08-02T09:07:06+00:00","description":"L'universit\u00e9 tire parti de sa collaboration et de son engagement dans le transfert de connaissances et de technologies en vue d'innovations.","breadcrumb":{"@id":"https:\/\/www.uni.lu\/research-fr\/collaboration-et-engagement\/#breadcrumb"},"inLanguage":"fr-FR","potentialAction":[{"@type":"ReadAction","target":["https:\/\/www.uni.lu\/research-fr\/collaboration-et-engagement\/"]}]},{"@type":"BreadcrumbList","@id":"https:\/\/www.uni.lu\/research-fr\/collaboration-et-engagement\/#breadcrumb","itemListElement":[{"@type":"ListItem","position":1,"name":"Home","item":"https:\/\/www.uni.lu\/fr"},{"@type":"ListItem","position":2,"name":"Notre recherche en un coup d\u2019oeil","item":"https:\/\/www.uni.lu\/research-fr\/"},{"@type":"ListItem","position":3,"name":"Collaboration et engagement"}]},{"@type":"WebSite","@id":"https:\/\/www.uni.lu\/research-fr\/#website","url":"https:\/\/www.uni.lu\/research-fr\/","name":"Uni.lu","description":"Recherche \u00e0 l&#039;Universit\u00e9 du Luxembourg","publisher":{"@id":"https:\/\/www.uni.lu\/research-fr\/#organization"},"alternateName":"Universit\u00e9 du Luxembourg","potentialAction":[{"@type":"SearchAction","target":{"@type":"EntryPoint","urlTemplate":"https:\/\/www.uni.lu\/research-fr\/?s={search_term_string}"},"query-input":"required name=search_term_string"}],"inLanguage":"fr-FR"},{"@type":"Organization","@id":"https:\/\/www.uni.lu\/research-fr\/#organization","name":"Universit\u00e9 du Luxembourg","alternateName":"Uni.lu","url":"https:\/\/www.uni.lu\/research-fr\/","logo":{"@type":"ImageObject","inLanguage":"fr-FR","@id":"https:\/\/www.uni.lu\/research-fr\/#\/schema\/logo\/image\/","url":"https:\/\/www.uni.lu\/wp-content\/uploads\/sites\/28\/2026\/03\/03115643\/UNIV_SM-Profile_1600x1600px-scaled.jpg","contentUrl":"https:\/\/www.uni.lu\/wp-content\/uploads\/sites\/28\/2026\/03\/03115643\/UNIV_SM-Profile_1600x1600px-scaled.jpg","width":2560,"height":2560,"caption":"Universit\u00e9 du Luxembourg"},"image":{"@id":"https:\/\/www.uni.lu\/research-fr\/#\/schema\/logo\/image\/"},"description":"Recherche \u00e0 l&#039;Universit\u00e9 du Luxembourg"}]}},"ticketed":false,"_links":{"self":[{"href":"https:\/\/www.uni.lu\/research-fr\/wp-json\/wp\/v2\/pages\/55"}],"collection":[{"href":"https:\/\/www.uni.lu\/research-fr\/wp-json\/wp\/v2\/pages"}],"about":[{"href":"https:\/\/www.uni.lu\/research-fr\/wp-json\/wp\/v2\/types\/page"}],"author":[{"embeddable":true,"href":"https:\/\/www.uni.lu\/research-fr\/wp-json\/wp\/v2\/users\/33"}],"replies":[{"embeddable":true,"href":"https:\/\/www.uni.lu\/research-fr\/wp-json\/wp\/v2\/comments?post=55"}],"version-history":[{"count":4,"href":"https:\/\/www.uni.lu\/research-fr\/wp-json\/wp\/v2\/pages\/55\/revisions"}],"predecessor-version":[{"id":412,"href":"https:\/\/www.uni.lu\/research-fr\/wp-json\/wp\/v2\/pages\/55\/revisions\/412"}],"wp:authorship":[{"embeddable":true,"href":"https:\/\/www.uni.lu\/research-fr\/wp-json\/wp\/v2\/users\/33"}],"wp:attachment":[{"href":"https:\/\/www.uni.lu\/research-fr\/wp-json\/wp\/v2\/media?parent=55"}],"wp:term":[{"taxonomy":"field-of-interest","embeddable":true,"href":"https:\/\/www.uni.lu\/research-fr\/wp-json\/wp\/v2\/field-of-interest?post=55"},{"taxonomy":"organisation","embeddable":true,"href":"https:\/\/www.uni.lu\/research-fr\/wp-json\/wp\/v2\/organisation?post=55"}],"curies":[{"name":"wp","href":"https:\/\/api.w.org\/{rel}","templated":true}]}}