{"id":549,"date":"2024-12-09T10:22:35","date_gmt":"2024-12-09T09:22:35","guid":{"rendered":"https:\/\/www.uni.lu\/research-fr\/?page_id=549"},"modified":"2026-03-13T10:11:25","modified_gmt":"2026-03-13T09:11:25","slug":"ncer","status":"publish","type":"page","link":"https:\/\/www.uni.lu\/research-fr\/ncer\/","title":{"rendered":"NCER"},"content":{"rendered":"\n<section class=\"section no-padding-y wp-block-unilux-blocks-hero\">\n    <div class=\"hero hero--2  \">\n        \n<header class=\"wp-block-unilux-blocks-wrapper hero__header\">\n<div class=\"wp-block-unilux-blocks-wrapper hero__container\">\n<span class=\"hero__title__subject wp-block-unilux-blocks-plain-text\"><\/span>\n\n\n<h1 class=\"has-text-align-left wp-block-unilux-blocks-heading\"        id=\"centres-nationaux-dexcellence-en-recherche-ncer\"\n    >\n<strong>Centres nationaux d\u2019excellence en recherche (NCER)<\/strong> <\/h1>\n<\/div>\n<\/header>\n<figure class=\"wp-block-dev4-reusable-blocks-image hero__visual object-fit--cover\">\n    \n<img decoding=\"async\" class=\"wp-block-image unilux-custom-image-block\"\n                alt=\"\"\n            src=\"https:\/\/www.uni.lu\/wp-content\/uploads\/sites\/8\/2023\/07\/alexander-grey-62vi3TG5EDg-unsplash-scaled.jpg\"\n                    style=\"object-position: 50.00% 50.00%; font-family: &quot;object-fit: cover; object-position: 50.00% 50.00%;&quot;; aspect-ratio: 16\/9; object-fit: cover; width: 100%;\"\n        loading=\"lazy\"\n\/>    <\/figure>\n<div class=\"wp-block-unilux-blocks-wrapper hero__body\">\n<div class=\"wp-block-unilux-blocks-wrapper hero__container\">\n<p class=\"wp-block-unilux-blocks-plain-text\">Le programme des Centres nationaux d\u2019excellence en recherche (NCER) du Fonds National de la Recherche du Luxembourg offre un cadre et un instrument de financement pour orienter l\u2019excellence de la recherche vers une mission d\u2019importance soci\u00e9tale significative en encourageant une recherche transdisciplinaire de qualit\u00e9 et la collaboration intersectorielle. Les projets des NCER doivent devenir des exemples de meilleures pratiques scientifiques, reconnues \u00e0 l\u2019international, tant en ce qui concerne les r\u00e9sultats et l\u2019impact de la recherche que la mani\u00e8re dont elle est men\u00e9e. <\/p>\n\n\n<ul class=\"wp-block-unilux-blocks-custom-buttons btn-list\">\n\n<\/ul>\n<\/div>\n<\/div>\n    <\/div>\n<\/section>\n\n\n<section class=\"wp-block-unilux-blocks-free-section section\"><div class=\"container xl:max-w-screen-xl\">\n<p><strong>NCER-FT<\/strong><\/p>\n\n\n\n<h2 class=\"has-text-align-left wp-block-unilux-blocks-heading\"        id=\"le-centre-national-dexcellence-en-technologies-financieres\"\n    >\n<strong>Le Centre national d\u2019excellence en technologies financi\u00e8res<\/strong> <\/h2>\n\n\n\n<p>Le 29\u202fmars\u202f2023, l\u2019Universit\u00e9 du Luxembourg a inaugur\u00e9 le Centre national d\u2019excellence en technologies financi\u00e8res (NCER-FT). Le NCER-FT est une initiative interdisciplinaire ax\u00e9e sur les d\u00e9fis et les opportunit\u00e9s technologiques de l\u2019industrie financi\u00e8re. Men\u00e9 par des chercheurs de <a href=\"https:\/\/www.uni.lu\/snt-en\/\" target=\"_blank\" rel=\"noreferrer noopener\">l\u2019Interdisciplinary Centre for Security, Reliability and Trust (SnT)<\/a> de l\u2019Universit\u00e9 du Luxembourg et de la <a href=\"https:\/\/www.uni.lu\/fdef-en\/\" target=\"_blank\" rel=\"noreferrer noopener\">Facult\u00e9 de Droit, d\u2019\u00c9conomie et de Finance<\/a>, le NCER-FT met en \u0153uvre une approche interdisciplinaire singuli\u00e8re en mati\u00e8re de recherche et d\u2019innovation, combinant l\u2019expertise de la technologie, de la finance et du droit. [bouton] Visite virtuelle&nbsp;<\/p>\n\n\n\n<ul class=\"wp-block-unilux-blocks-button-list-v2\">\n<li class=\"wp-block-unilux-blocks-button-list-item-v2\"><a class=\"quick-link\" href=\"https:\/\/ncer-fintech.uni.lu\/\" target=\"\" role=\"link\" rel=\"noopener\" tabindex=\"0\"><span class=\"quick-link__container\">\n<div class=\"wp-block-unilux-blocks-block-inserter quick-link__img\"><\/div>\n\n\n\n<span class=\"quick-link__name wp-block-unilux-blocks-plain-text\">En savoir plus sur le NCER-FT <\/span>\n\n<svg aria-hidden=\"true\" focusable=\"false\" class=\"icon icon-outline icon--arrow-right \"><use xlink:href=\"https:\/\/www.uni.lu\/wp-content\/themes\/unilux-theme\/assets\/images\/icons\/icons-outline.svg#icon--arrow-right\"><\/use><\/svg><\/span><\/a><\/li>\n<\/ul>\n\n\n<div class=\"wp-block-unilux-blocks-spacer is-spacer-size-md\"><\/div>\n\n\n<h2 class=\"has-text-align-left wp-block-unilux-blocks-heading\"        id=\"clinnova\"\n    >\nClinnova<\/h2>\n\n\n\n<p>Clinnova, un projet international impliquant des cliniciens et des chercheurs du Luxembourg, de France, d\u2019Allemagne et de Suisse, a \u00e9t\u00e9 officiellement lanc\u00e9 au Luxembourg le 27\u202favril\u202f2023. Cette initiative est con\u00e7ue pour exploiter les avantages de la m\u00e9decine de pr\u00e9cision pour les d\u00e9cisions th\u00e9rapeutiques gr\u00e2ce \u00e0 la f\u00e9d\u00e9ration, la standardisation et l\u2019interop\u00e9rabilit\u00e9 des donn\u00e9es. Le projet est soutenu par le Fonds National de la Recherche (FNR), la r\u00e9gion Grand Est, le canton de B\u00e2le-Ville ainsi que le Bade-Wurtemberg. Clinnova mettra en place une plateforme commune pour le d\u00e9veloppement d\u2019algorithmes d\u2019IA pour le secteur m\u00e9dical au c\u0153ur de l\u2019Europe. Dans le cadre du programme Clinnova,<strong> <\/strong>l\u2019Universit\u00e9 du Luxembourg est repr\u00e9sent\u00e9e par le <a href=\"https:\/\/www.uni.lu\/lcsb-en\/\" target=\"_blank\" rel=\"noreferrer noopener\">Luxembourg Centre for Systems Biomedicine (LCSB)<\/a>.&nbsp;&nbsp;<\/p>\n\n\n\n<ul class=\"wp-block-unilux-blocks-button-list-v2\">\n<li class=\"wp-block-unilux-blocks-button-list-item-v2\"><a class=\"quick-link\" href=\"https:\/\/www.clinnova.eu\/en\/\" target=\"_blank\" role=\"link\" rel=\"noopener\" tabindex=\"0\"><span class=\"quick-link__container\">\n<div class=\"wp-block-unilux-blocks-block-inserter quick-link__img\"><\/div>\n\n\n\n<span class=\"quick-link__name wp-block-unilux-blocks-plain-text\">En savoir plus sur Clinnova<\/span>\n\n<svg aria-hidden=\"true\" focusable=\"false\" class=\"icon icon-outline icon--external-link \"><use xlink:href=\"https:\/\/www.uni.lu\/wp-content\/themes\/unilux-theme\/assets\/images\/icons\/icons-outline.svg#icon--external-link\"><\/use><\/svg><\/span><\/a><\/li>\n<\/ul>\n\n\n<div class=\"wp-block-unilux-blocks-spacer is-spacer-size-md\"><\/div>\n\n\n<p><strong>NCER-PD<\/strong><\/p>\n\n\n\n<h2 class=\"has-text-align-left wp-block-unilux-blocks-heading\"        id=\"le-centre-national-dexcellence-dans-la-recherche-sur-la-maladie-de-parkinson\"\n    >\n<strong>Le Centre national d\u2019excellence dans la recherche sur la maladie de Parkinson<\/strong><\/h2>\n\n\n\n<p>Premier Centre national d\u2019excellence consacr\u00e9 \u00e0 la recherche sur la maladie de Parkinson, le <a href=\"https:\/\/www.parkinson.lu\/\" target=\"_blank\" rel=\"noreferrer noopener\">NCER-PD<\/a>\u202fa \u00e9t\u00e9 lanc\u00e9 en 2015. Il s\u2019agit du premier Centre national d\u2019excellence en recherche. Les partenaires nationaux sont l\u2019Universit\u00e9 du Luxembourg avec le <a href=\"https:\/\/www.uni.lu\/lcsb-en\/\" target=\"_blank\" rel=\"noreferrer noopener\">Luxembourg Centre for Systems Biomedicine (LCSB)<\/a>, le <a href=\"https:\/\/www.lih.lu\/\" target=\"_blank\" rel=\"noreferrer noopener\">Luxembourg Institute of Health (LIH)<\/a> et le <a href=\"https:\/\/lns.lu\/\" target=\"_blank\" rel=\"noreferrer noopener\">Laboratoire national de sant\u00e9 (LNS)<\/a><a href=\"https:\/\/www.chl.lu\/\" target=\"_blank\" rel=\"noreferrer noopener\">Centre Hospitalier de Luxembourg (CHL)<\/a>. Leur objectif est de continuer \u00e0 int\u00e9grer la recherche dans le syst\u00e8me national de sant\u00e9 et de positionner le Luxembourg en tant que centre d\u2019excellence dans la recherche sur la maladie de Parkinson au-del\u00e0 des fronti\u00e8res nationales. Les partenaires internationaux incluent le Oxford Parkinson\u2019s Disease Centre, le Hertie-Institut f\u00fcr klinische Hirnforschung \u00e0 T\u00fcbingen, la Paracelsus-Elena-Klinik \u00e0 Kassel et les National Institutes of Health aux \u00c9tats-Unis.&nbsp;<\/p>\n\n\n\n<ul class=\"wp-block-unilux-blocks-button-list-v2\">\n<li class=\"wp-block-unilux-blocks-button-list-item-v2\"><a class=\"quick-link\" href=\"https:\/\/parkinson.lu\/\" target=\"_blank\" role=\"link\" rel=\"noopener\" tabindex=\"0\"><span class=\"quick-link__container\">\n<div class=\"wp-block-unilux-blocks-block-inserter quick-link__img\"><\/div>\n\n\n\n<span class=\"quick-link__name wp-block-unilux-blocks-plain-text\">En savoir plus sur le NCER-PD<\/span>\n\n<svg aria-hidden=\"true\" focusable=\"false\" class=\"icon icon-outline icon--external-link \"><use xlink:href=\"https:\/\/www.uni.lu\/wp-content\/themes\/unilux-theme\/assets\/images\/icons\/icons-outline.svg#icon--external-link\"><\/use><\/svg><\/span><\/a><\/li>\n<\/ul>\n<\/div><\/section>\n","protected":false},"excerpt":{"rendered":"","protected":false},"author":33,"featured_media":0,"parent":0,"menu_order":15,"comment_status":"closed","ping_status":"closed","template":"","meta":{"featured_image_focal_point":[],"show_featured_caption":false,"ulux_newsletter_groups":"","uluxPostTitle":"","uluxPrePostTitle":"","_trash_the_other_posts":false,"_price":"","_stock":"","_tribe_ticket_header":"","_tribe_default_ticket_provider":"","_tribe_ticket_capacity":"0","_ticket_start_date":"","_ticket_end_date":"","_tribe_ticket_show_description":"","_tribe_ticket_show_not_going":false,"_tribe_ticket_use_global_stock":"","_tribe_ticket_global_stock_level":"","_global_stock_mode":"","_global_stock_cap":"","_tribe_rsvp_for_event":"","_tribe_ticket_going_count":"","_tribe_ticket_not_going_count":"","_tribe_tickets_list":"[]","_tribe_ticket_has_attendee_info_fields":false,"footnotes":""},"field-of-interest":[],"organisation":[],"authorship":[33],"acf":[],"yoast_head":"<!-- This site is optimized with the Yoast SEO Premium plugin v22.3 (Yoast SEO v22.3) - https:\/\/yoast.com\/wordpress\/plugins\/seo\/ -->\n<title>NCER - Universit\u00e9 du Luxembourg I Uni.lu<\/title>\n<meta name=\"robots\" content=\"index, follow, max-snippet:-1, max-image-preview:large, max-video-preview:-1\" \/>\n<link rel=\"canonical\" href=\"https:\/\/www.uni.lu\/research-fr\/ncer\/\" \/>\n<meta property=\"og:locale\" content=\"fr_FR\" \/>\n<meta property=\"og:type\" content=\"article\" \/>\n<meta property=\"og:title\" content=\"NCER\" \/>\n<meta property=\"og:url\" content=\"https:\/\/www.uni.lu\/research-fr\/ncer\/\" \/>\n<meta property=\"og:site_name\" content=\"RESEARCH FR\" \/>\n<meta property=\"article:modified_time\" content=\"2026-03-13T09:11:25+00:00\" \/>\n<meta property=\"og:image\" content=\"https:\/\/www.uni.lu\/wp-content\/uploads\/sites\/28\/2026\/03\/03115643\/UNIV_SM-Profile_1600x1600px-scaled.jpg\" \/>\n\t<meta property=\"og:image:width\" content=\"2560\" \/>\n\t<meta property=\"og:image:height\" content=\"2560\" \/>\n\t<meta property=\"og:image:type\" content=\"image\/jpeg\" \/>\n<meta name=\"twitter:card\" content=\"summary_large_image\" \/>\n<meta name=\"twitter:label1\" content=\"Dur\u00e9e de lecture estim\u00e9e\" \/>\n\t<meta name=\"twitter:data1\" content=\"2 minutes\" \/>\n<script type=\"application\/ld+json\" class=\"yoast-schema-graph\">{\"@context\":\"https:\/\/schema.org\",\"@graph\":[{\"@type\":\"WebPage\",\"@id\":\"https:\/\/www.uni.lu\/research-fr\/ncer\/\",\"url\":\"https:\/\/www.uni.lu\/research-fr\/ncer\/\",\"name\":\"NCER - Universit\u00e9 du Luxembourg I Uni.lu\",\"isPartOf\":{\"@id\":\"https:\/\/www.uni.lu\/research-fr\/#website\"},\"datePublished\":\"2024-12-09T09:22:35+00:00\",\"dateModified\":\"2026-03-13T09:11:25+00:00\",\"breadcrumb\":{\"@id\":\"https:\/\/www.uni.lu\/research-fr\/ncer\/#breadcrumb\"},\"inLanguage\":\"fr-FR\",\"potentialAction\":[{\"@type\":\"ReadAction\",\"target\":[\"https:\/\/www.uni.lu\/research-fr\/ncer\/\"]}]},{\"@type\":\"BreadcrumbList\",\"@id\":\"https:\/\/www.uni.lu\/research-fr\/ncer\/#breadcrumb\",\"itemListElement\":[{\"@type\":\"ListItem\",\"position\":1,\"name\":\"Home\",\"item\":\"https:\/\/www.uni.lu\/fr\"},{\"@type\":\"ListItem\",\"position\":2,\"name\":\"Notre recherche en un coup d\u2019oeil\",\"item\":\"https:\/\/www.uni.lu\/research-fr\/\"},{\"@type\":\"ListItem\",\"position\":3,\"name\":\"NCER\"}]},{\"@type\":\"WebSite\",\"@id\":\"https:\/\/www.uni.lu\/research-fr\/#website\",\"url\":\"https:\/\/www.uni.lu\/research-fr\/\",\"name\":\"Uni.lu\",\"description\":\"Recherche \u00e0 l&#039;Universit\u00e9 du Luxembourg\",\"publisher\":{\"@id\":\"https:\/\/www.uni.lu\/research-fr\/#organization\"},\"alternateName\":\"Universit\u00e9 du Luxembourg\",\"potentialAction\":[{\"@type\":\"SearchAction\",\"target\":{\"@type\":\"EntryPoint\",\"urlTemplate\":\"https:\/\/www.uni.lu\/research-fr\/?s={search_term_string}\"},\"query-input\":\"required name=search_term_string\"}],\"inLanguage\":\"fr-FR\"},{\"@type\":\"Organization\",\"@id\":\"https:\/\/www.uni.lu\/research-fr\/#organization\",\"name\":\"Universit\u00e9 du Luxembourg\",\"alternateName\":\"Uni.lu\",\"url\":\"https:\/\/www.uni.lu\/research-fr\/\",\"logo\":{\"@type\":\"ImageObject\",\"inLanguage\":\"fr-FR\",\"@id\":\"https:\/\/www.uni.lu\/research-fr\/#\/schema\/logo\/image\/\",\"url\":\"https:\/\/www.uni.lu\/wp-content\/uploads\/sites\/28\/2026\/03\/03115643\/UNIV_SM-Profile_1600x1600px-scaled.jpg\",\"contentUrl\":\"https:\/\/www.uni.lu\/wp-content\/uploads\/sites\/28\/2026\/03\/03115643\/UNIV_SM-Profile_1600x1600px-scaled.jpg\",\"width\":2560,\"height\":2560,\"caption\":\"Universit\u00e9 du Luxembourg\"},\"image\":{\"@id\":\"https:\/\/www.uni.lu\/research-fr\/#\/schema\/logo\/image\/\"}}]}<\/script>\n<!-- \/ Yoast SEO Premium plugin. -->","yoast_head_json":{"title":"NCER - Universit\u00e9 du Luxembourg I Uni.lu","robots":{"index":"index","follow":"follow","max-snippet":"max-snippet:-1","max-image-preview":"max-image-preview:large","max-video-preview":"max-video-preview:-1"},"canonical":"https:\/\/www.uni.lu\/research-fr\/ncer\/","og_locale":"fr_FR","og_type":"article","og_title":"NCER","og_url":"https:\/\/www.uni.lu\/research-fr\/ncer\/","og_site_name":"RESEARCH FR","article_modified_time":"2026-03-13T09:11:25+00:00","og_image":[{"width":2560,"height":2560,"url":"https:\/\/www.uni.lu\/wp-content\/uploads\/sites\/28\/2026\/03\/03115643\/UNIV_SM-Profile_1600x1600px-scaled.jpg","type":"image\/jpeg"}],"twitter_card":"summary_large_image","twitter_misc":{"Dur\u00e9e de lecture estim\u00e9e":"2 minutes"},"schema":{"@context":"https:\/\/schema.org","@graph":[{"@type":"WebPage","@id":"https:\/\/www.uni.lu\/research-fr\/ncer\/","url":"https:\/\/www.uni.lu\/research-fr\/ncer\/","name":"NCER - Universit\u00e9 du Luxembourg I Uni.lu","isPartOf":{"@id":"https:\/\/www.uni.lu\/research-fr\/#website"},"datePublished":"2024-12-09T09:22:35+00:00","dateModified":"2026-03-13T09:11:25+00:00","breadcrumb":{"@id":"https:\/\/www.uni.lu\/research-fr\/ncer\/#breadcrumb"},"inLanguage":"fr-FR","potentialAction":[{"@type":"ReadAction","target":["https:\/\/www.uni.lu\/research-fr\/ncer\/"]}]},{"@type":"BreadcrumbList","@id":"https:\/\/www.uni.lu\/research-fr\/ncer\/#breadcrumb","itemListElement":[{"@type":"ListItem","position":1,"name":"Home","item":"https:\/\/www.uni.lu\/fr"},{"@type":"ListItem","position":2,"name":"Notre recherche en un coup d\u2019oeil","item":"https:\/\/www.uni.lu\/research-fr\/"},{"@type":"ListItem","position":3,"name":"NCER"}]},{"@type":"WebSite","@id":"https:\/\/www.uni.lu\/research-fr\/#website","url":"https:\/\/www.uni.lu\/research-fr\/","name":"Uni.lu","description":"Recherche \u00e0 l&#039;Universit\u00e9 du Luxembourg","publisher":{"@id":"https:\/\/www.uni.lu\/research-fr\/#organization"},"alternateName":"Universit\u00e9 du Luxembourg","potentialAction":[{"@type":"SearchAction","target":{"@type":"EntryPoint","urlTemplate":"https:\/\/www.uni.lu\/research-fr\/?s={search_term_string}"},"query-input":"required name=search_term_string"}],"inLanguage":"fr-FR"},{"@type":"Organization","@id":"https:\/\/www.uni.lu\/research-fr\/#organization","name":"Universit\u00e9 du Luxembourg","alternateName":"Uni.lu","url":"https:\/\/www.uni.lu\/research-fr\/","logo":{"@type":"ImageObject","inLanguage":"fr-FR","@id":"https:\/\/www.uni.lu\/research-fr\/#\/schema\/logo\/image\/","url":"https:\/\/www.uni.lu\/wp-content\/uploads\/sites\/28\/2026\/03\/03115643\/UNIV_SM-Profile_1600x1600px-scaled.jpg","contentUrl":"https:\/\/www.uni.lu\/wp-content\/uploads\/sites\/28\/2026\/03\/03115643\/UNIV_SM-Profile_1600x1600px-scaled.jpg","width":2560,"height":2560,"caption":"Universit\u00e9 du Luxembourg"},"image":{"@id":"https:\/\/www.uni.lu\/research-fr\/#\/schema\/logo\/image\/"}}]}},"ticketed":false,"_links":{"self":[{"href":"https:\/\/www.uni.lu\/research-fr\/wp-json\/wp\/v2\/pages\/549"}],"collection":[{"href":"https:\/\/www.uni.lu\/research-fr\/wp-json\/wp\/v2\/pages"}],"about":[{"href":"https:\/\/www.uni.lu\/research-fr\/wp-json\/wp\/v2\/types\/page"}],"author":[{"embeddable":true,"href":"https:\/\/www.uni.lu\/research-fr\/wp-json\/wp\/v2\/users\/33"}],"replies":[{"embeddable":true,"href":"https:\/\/www.uni.lu\/research-fr\/wp-json\/wp\/v2\/comments?post=549"}],"version-history":[{"count":4,"href":"https:\/\/www.uni.lu\/research-fr\/wp-json\/wp\/v2\/pages\/549\/revisions"}],"predecessor-version":[{"id":893,"href":"https:\/\/www.uni.lu\/research-fr\/wp-json\/wp\/v2\/pages\/549\/revisions\/893"}],"wp:authorship":[{"embeddable":true,"href":"https:\/\/www.uni.lu\/research-fr\/wp-json\/wp\/v2\/users\/33"}],"wp:attachment":[{"href":"https:\/\/www.uni.lu\/research-fr\/wp-json\/wp\/v2\/media?parent=549"}],"wp:term":[{"taxonomy":"field-of-interest","embeddable":true,"href":"https:\/\/www.uni.lu\/research-fr\/wp-json\/wp\/v2\/field-of-interest?post=549"},{"taxonomy":"organisation","embeddable":true,"href":"https:\/\/www.uni.lu\/research-fr\/wp-json\/wp\/v2\/organisation?post=549"}],"curies":[{"name":"wp","href":"https:\/\/api.w.org\/{rel}","templated":true}]}}