{"id":22,"date":"2023-10-10T09:01:08","date_gmt":"2023-10-10T07:01:08","guid":{"rendered":"https:\/\/www.uni.lu\/research-fr\/?page_id=22"},"modified":"2026-04-03T09:56:26","modified_gmt":"2026-04-03T07:56:26","slug":"etudes-doctorales","status":"publish","type":"page","link":"https:\/\/www.uni.lu\/research-fr\/etudes-doctorales\/","title":{"rendered":"\u00c9tudes doctorales"},"content":{"rendered":"\n<section class=\"section no-padding-y wp-block-unilux-blocks-hero\">\n    <div class=\"hero hero--2 hero--overlay-top hero--overlay-bottom\">\n        \n<header class=\"wp-block-unilux-blocks-wrapper hero__header\">\n<div class=\"wp-block-unilux-blocks-wrapper hero__container\">\n<span class=\"hero__title__subject wp-block-unilux-blocks-plain-text\"><\/span>\n\n\n<h1 class=\"has-text-align-left wp-block-unilux-blocks-heading\"        id=\"etudes-doctorales\"\n    >\n\u00c9tudes doctorales<\/h1>\n<\/div>\n<\/header>\n<figure class=\"wp-block-dev4-reusable-blocks-image hero__visual object-fit--cover\">\n    \n<img decoding=\"async\" class=\"wp-block-image unilux-custom-image-block\"\n                alt=\"\"\n            src=\"https:\/\/www.uni.lu\/wp-content\/uploads\/sites\/28\/2025\/10\/16133927\/Etudes-doctorales.jpg\"\n                srcset=\"https:\/\/www.uni.lu\/wp-content\/uploads\/sites\/28\/2025\/10\/16133927\/Etudes-doctorales-300x213.jpg 300w, https:\/\/www.uni.lu\/wp-content\/uploads\/sites\/28\/2025\/10\/16133927\/Etudes-doctorales-1024x726.jpg 1024w, https:\/\/www.uni.lu\/wp-content\/uploads\/sites\/28\/2025\/10\/16133927\/Etudes-doctorales-768x544.jpg 768w, https:\/\/www.uni.lu\/wp-content\/uploads\/sites\/28\/2025\/10\/16133927\/Etudes-doctorales-1536x1088.jpg 1536w, https:\/\/www.uni.lu\/wp-content\/uploads\/sites\/28\/2025\/10\/16133927\/Etudes-doctorales.jpg 2000w\"\n                style=\"object-position: 50.00% 50.00%; font-family: &quot;object-fit: cover; object-position: 50.00% 50.00%;&quot;; aspect-ratio: 16\/9; object-fit: cover; width: 100%;\"\n        loading=\"lazy\"\n\/>    <\/figure>\n<div class=\"wp-block-unilux-blocks-wrapper hero__body\">\n<div class=\"wp-block-unilux-blocks-wrapper hero__container\">\n<p class=\"wp-block-unilux-blocks-plain-text\">Un dipl\u00f4me de doctorat vous permet d&rsquo;initier ou de poursuivre une recherche dans un domaine qui vous passionne, en vous appuyant sur les connaissances, les comp\u00e9tences et l\u2019expertise acquises lors de votre master. Il s&rsquo;agit du dipl\u00f4me le plus \u00e9lev\u00e9 d\u00e9cern\u00e9 dans le milieu acad\u00e9mique, attestant que vous avez atteint le plus haut niveau d&rsquo;expertise dans un domaine d&rsquo;\u00e9tude sp\u00e9cifique. <\/p>\n\n\n<ul class=\"wp-block-unilux-blocks-custom-buttons btn-list\"><li class=\"wp-block-unilux-blocks-custom-button\"    aria-disabled=\"false\"\n    >\n    <a\n        role=\"link\"\n        aria-disabled=\"false\"\n                    href=\"https:\/\/www.uni.lu\/research-en\/doctoral-education\/\"\n                target=\"_self\"\n        class=\"btn btn--primary\"\n            >Aller sur le site en anglais<\/a>\n<\/li>\n\n\n<li class=\"wp-block-unilux-blocks-custom-button\"    aria-disabled=\"false\"\n    >\n    <a\n        role=\"link\"\n        aria-disabled=\"false\"\n                    href=\"https:\/\/www.uni.lu\/en\/admissions\/doctoral-candidates\/\"\n                target=\"_self\"\n        class=\"btn btn--secondary\"\n            >Admissions<\/a>\n<\/li>\n<\/ul>\n<\/div>\n<\/div>\n    <\/div>\n<\/section>","protected":false},"excerpt":{"rendered":"","protected":false},"author":44,"featured_media":0,"parent":0,"menu_order":12,"comment_status":"closed","ping_status":"closed","template":"","meta":{"featured_image_focal_point":[],"show_featured_caption":false,"ulux_newsletter_groups":"","uluxPostTitle":"\u00c9tudes doctorales","uluxPrePostTitle":"Recherche","_trash_the_other_posts":false,"_price":"","_stock":"","_tribe_ticket_header":"","_tribe_default_ticket_provider":"","_tribe_ticket_capacity":"0","_ticket_start_date":"","_ticket_end_date":"","_tribe_ticket_show_description":"","_tribe_ticket_show_not_going":false,"_tribe_ticket_use_global_stock":"","_tribe_ticket_global_stock_level":"","_global_stock_mode":"","_global_stock_cap":"","_tribe_rsvp_for_event":"","_tribe_ticket_going_count":"","_tribe_ticket_not_going_count":"","_tribe_tickets_list":"[]","_tribe_ticket_has_attendee_info_fields":false,"footnotes":""},"field-of-interest":[],"organisation":[],"authorship":[44,287,214],"acf":[],"yoast_head":"<!-- This site is optimized with the Yoast SEO Premium plugin v22.3 (Yoast SEO v22.3) - https:\/\/yoast.com\/wordpress\/plugins\/seo\/ -->\n<title>\u00c9tudes doctorales - Universit\u00e9 du Luxembourg I Uni.lu<\/title>\n<meta name=\"robots\" content=\"index, follow, max-snippet:-1, max-image-preview:large, max-video-preview:-1\" \/>\n<link rel=\"canonical\" href=\"https:\/\/www.uni.lu\/research-fr\/etudes-doctorales\/\" \/>\n<meta property=\"og:locale\" content=\"fr_FR\" \/>\n<meta property=\"og:type\" content=\"article\" \/>\n<meta property=\"og:title\" content=\"\u00c9tudes doctorales\" \/>\n<meta property=\"og:url\" content=\"https:\/\/www.uni.lu\/research-fr\/etudes-doctorales\/\" \/>\n<meta property=\"og:site_name\" content=\"RESEARCH FR\" \/>\n<meta property=\"article:modified_time\" content=\"2026-04-03T07:56:26+00:00\" \/>\n<meta property=\"og:image\" content=\"https:\/\/www.uni.lu\/wp-content\/uploads\/sites\/28\/2026\/03\/03115643\/UNIV_SM-Profile_1600x1600px-scaled.jpg\" \/>\n\t<meta property=\"og:image:width\" content=\"2560\" \/>\n\t<meta property=\"og:image:height\" content=\"2560\" \/>\n\t<meta property=\"og:image:type\" content=\"image\/jpeg\" \/>\n<meta name=\"twitter:card\" content=\"summary_large_image\" \/>\n<script type=\"application\/ld+json\" class=\"yoast-schema-graph\">{\"@context\":\"https:\/\/schema.org\",\"@graph\":[{\"@type\":\"WebPage\",\"@id\":\"https:\/\/www.uni.lu\/research-fr\/etudes-doctorales\/\",\"url\":\"https:\/\/www.uni.lu\/research-fr\/etudes-doctorales\/\",\"name\":\"\u00c9tudes doctorales - Universit\u00e9 du Luxembourg I Uni.lu\",\"isPartOf\":{\"@id\":\"https:\/\/www.uni.lu\/research-fr\/#website\"},\"datePublished\":\"2023-10-10T07:01:08+00:00\",\"dateModified\":\"2026-04-03T07:56:26+00:00\",\"breadcrumb\":{\"@id\":\"https:\/\/www.uni.lu\/research-fr\/etudes-doctorales\/#breadcrumb\"},\"inLanguage\":\"fr-FR\",\"potentialAction\":[{\"@type\":\"ReadAction\",\"target\":[\"https:\/\/www.uni.lu\/research-fr\/etudes-doctorales\/\"]}]},{\"@type\":\"BreadcrumbList\",\"@id\":\"https:\/\/www.uni.lu\/research-fr\/etudes-doctorales\/#breadcrumb\",\"itemListElement\":[{\"@type\":\"ListItem\",\"position\":1,\"name\":\"Home\",\"item\":\"https:\/\/www.uni.lu\/fr\"},{\"@type\":\"ListItem\",\"position\":2,\"name\":\"Notre recherche en un coup d\u2019oeil\",\"item\":\"https:\/\/www.uni.lu\/research-fr\/\"},{\"@type\":\"ListItem\",\"position\":3,\"name\":\"\u00c9tudes doctorales\"}]},{\"@type\":\"WebSite\",\"@id\":\"https:\/\/www.uni.lu\/research-fr\/#website\",\"url\":\"https:\/\/www.uni.lu\/research-fr\/\",\"name\":\"Uni.lu\",\"description\":\"Recherche \u00e0 l&#039;Universit\u00e9 du Luxembourg\",\"publisher\":{\"@id\":\"https:\/\/www.uni.lu\/research-fr\/#organization\"},\"alternateName\":\"Universit\u00e9 du Luxembourg\",\"potentialAction\":[{\"@type\":\"SearchAction\",\"target\":{\"@type\":\"EntryPoint\",\"urlTemplate\":\"https:\/\/www.uni.lu\/research-fr\/?s={search_term_string}\"},\"query-input\":\"required name=search_term_string\"}],\"inLanguage\":\"fr-FR\"},{\"@type\":\"Organization\",\"@id\":\"https:\/\/www.uni.lu\/research-fr\/#organization\",\"name\":\"Universit\u00e9 du Luxembourg\",\"alternateName\":\"Uni.lu\",\"url\":\"https:\/\/www.uni.lu\/research-fr\/\",\"logo\":{\"@type\":\"ImageObject\",\"inLanguage\":\"fr-FR\",\"@id\":\"https:\/\/www.uni.lu\/research-fr\/#\/schema\/logo\/image\/\",\"url\":\"https:\/\/www.uni.lu\/wp-content\/uploads\/sites\/28\/2026\/03\/03115643\/UNIV_SM-Profile_1600x1600px-scaled.jpg\",\"contentUrl\":\"https:\/\/www.uni.lu\/wp-content\/uploads\/sites\/28\/2026\/03\/03115643\/UNIV_SM-Profile_1600x1600px-scaled.jpg\",\"width\":2560,\"height\":2560,\"caption\":\"Universit\u00e9 du Luxembourg\"},\"image\":{\"@id\":\"https:\/\/www.uni.lu\/research-fr\/#\/schema\/logo\/image\/\"}}]}<\/script>\n<!-- \/ Yoast SEO Premium plugin. -->","yoast_head_json":{"title":"\u00c9tudes doctorales - Universit\u00e9 du Luxembourg I Uni.lu","robots":{"index":"index","follow":"follow","max-snippet":"max-snippet:-1","max-image-preview":"max-image-preview:large","max-video-preview":"max-video-preview:-1"},"canonical":"https:\/\/www.uni.lu\/research-fr\/etudes-doctorales\/","og_locale":"fr_FR","og_type":"article","og_title":"\u00c9tudes doctorales","og_url":"https:\/\/www.uni.lu\/research-fr\/etudes-doctorales\/","og_site_name":"RESEARCH FR","article_modified_time":"2026-04-03T07:56:26+00:00","og_image":[{"width":2560,"height":2560,"url":"https:\/\/www.uni.lu\/wp-content\/uploads\/sites\/28\/2026\/03\/03115643\/UNIV_SM-Profile_1600x1600px-scaled.jpg","type":"image\/jpeg"}],"twitter_card":"summary_large_image","schema":{"@context":"https:\/\/schema.org","@graph":[{"@type":"WebPage","@id":"https:\/\/www.uni.lu\/research-fr\/etudes-doctorales\/","url":"https:\/\/www.uni.lu\/research-fr\/etudes-doctorales\/","name":"\u00c9tudes doctorales - Universit\u00e9 du Luxembourg I Uni.lu","isPartOf":{"@id":"https:\/\/www.uni.lu\/research-fr\/#website"},"datePublished":"2023-10-10T07:01:08+00:00","dateModified":"2026-04-03T07:56:26+00:00","breadcrumb":{"@id":"https:\/\/www.uni.lu\/research-fr\/etudes-doctorales\/#breadcrumb"},"inLanguage":"fr-FR","potentialAction":[{"@type":"ReadAction","target":["https:\/\/www.uni.lu\/research-fr\/etudes-doctorales\/"]}]},{"@type":"BreadcrumbList","@id":"https:\/\/www.uni.lu\/research-fr\/etudes-doctorales\/#breadcrumb","itemListElement":[{"@type":"ListItem","position":1,"name":"Home","item":"https:\/\/www.uni.lu\/fr"},{"@type":"ListItem","position":2,"name":"Notre recherche en un coup d\u2019oeil","item":"https:\/\/www.uni.lu\/research-fr\/"},{"@type":"ListItem","position":3,"name":"\u00c9tudes doctorales"}]},{"@type":"WebSite","@id":"https:\/\/www.uni.lu\/research-fr\/#website","url":"https:\/\/www.uni.lu\/research-fr\/","name":"Uni.lu","description":"Recherche \u00e0 l&#039;Universit\u00e9 du Luxembourg","publisher":{"@id":"https:\/\/www.uni.lu\/research-fr\/#organization"},"alternateName":"Universit\u00e9 du Luxembourg","potentialAction":[{"@type":"SearchAction","target":{"@type":"EntryPoint","urlTemplate":"https:\/\/www.uni.lu\/research-fr\/?s={search_term_string}"},"query-input":"required name=search_term_string"}],"inLanguage":"fr-FR"},{"@type":"Organization","@id":"https:\/\/www.uni.lu\/research-fr\/#organization","name":"Universit\u00e9 du Luxembourg","alternateName":"Uni.lu","url":"https:\/\/www.uni.lu\/research-fr\/","logo":{"@type":"ImageObject","inLanguage":"fr-FR","@id":"https:\/\/www.uni.lu\/research-fr\/#\/schema\/logo\/image\/","url":"https:\/\/www.uni.lu\/wp-content\/uploads\/sites\/28\/2026\/03\/03115643\/UNIV_SM-Profile_1600x1600px-scaled.jpg","contentUrl":"https:\/\/www.uni.lu\/wp-content\/uploads\/sites\/28\/2026\/03\/03115643\/UNIV_SM-Profile_1600x1600px-scaled.jpg","width":2560,"height":2560,"caption":"Universit\u00e9 du Luxembourg"},"image":{"@id":"https:\/\/www.uni.lu\/research-fr\/#\/schema\/logo\/image\/"}}]}},"ticketed":false,"_links":{"self":[{"href":"https:\/\/www.uni.lu\/research-fr\/wp-json\/wp\/v2\/pages\/22"}],"collection":[{"href":"https:\/\/www.uni.lu\/research-fr\/wp-json\/wp\/v2\/pages"}],"about":[{"href":"https:\/\/www.uni.lu\/research-fr\/wp-json\/wp\/v2\/types\/page"}],"author":[{"embeddable":true,"href":"https:\/\/www.uni.lu\/research-fr\/wp-json\/wp\/v2\/users\/44"}],"replies":[{"embeddable":true,"href":"https:\/\/www.uni.lu\/research-fr\/wp-json\/wp\/v2\/comments?post=22"}],"version-history":[{"count":5,"href":"https:\/\/www.uni.lu\/research-fr\/wp-json\/wp\/v2\/pages\/22\/revisions"}],"predecessor-version":[{"id":900,"href":"https:\/\/www.uni.lu\/research-fr\/wp-json\/wp\/v2\/pages\/22\/revisions\/900"}],"wp:authorship":[{"embeddable":true,"href":"https:\/\/www.uni.lu\/research-fr\/wp-json\/wp\/v2\/users\/44"},{"embeddable":true,"href":"https:\/\/www.uni.lu\/research-fr\/wp-json\/wp\/v2\/users\/287"},{"embeddable":true,"href":"https:\/\/www.uni.lu\/research-fr\/wp-json\/wp\/v2\/users\/214"}],"wp:attachment":[{"href":"https:\/\/www.uni.lu\/research-fr\/wp-json\/wp\/v2\/media?parent=22"}],"wp:term":[{"taxonomy":"field-of-interest","embeddable":true,"href":"https:\/\/www.uni.lu\/research-fr\/wp-json\/wp\/v2\/field-of-interest?post=22"},{"taxonomy":"organisation","embeddable":true,"href":"https:\/\/www.uni.lu\/research-fr\/wp-json\/wp\/v2\/organisation?post=22"}],"curies":[{"name":"wp","href":"https:\/\/api.w.org\/{rel}","templated":true}]}}