{"id":145,"date":"2023-10-23T14:42:34","date_gmt":"2023-10-23T12:42:34","guid":{"rendered":"https:\/\/www.uni.lu\/research-fr\/?page_id=145"},"modified":"2024-08-02T11:17:50","modified_gmt":"2024-08-02T09:17:50","slug":"partenaires-publics-et-prives","status":"publish","type":"page","link":"https:\/\/www.uni.lu\/research-fr\/collaboration-et-engagement\/partenaires-publics-et-prives\/","title":{"rendered":"Partenaires publics et priv\u00e9s"},"content":{"rendered":"<div class=\"section py-0 static\">\n<section class=\"py-0 wp-block-unilux-blocks-free-section section\"><div class=\"container xl:max-w-screen-xl\"><!-- SecondaryNavigationMirror --><div class=\"js-secondary-nav--sticky wp-block-unilux-blocks-secondary-navigation\" id=\"05b7764b-d460-415e-8fef-43b81352742f\">\n    <nav id=\"secondary-navigation\" role=\"navigation\" aria-label=\"Secondary menu\" class=\"secondary-nav\">\n        <button class=\"secondary-nav__button btn btn-solid--primary w-full\" aria-expanded=\"false\" aria-controls=\"secondary-navigation__list\" title=\"The selected page is Partenaires publics et priv\u00e9s\" type=\"button\">\n            <span class=\"btn__name mr-auto\">Partenaires publics et priv\u00e9s<\/span>\n            <svg aria-hidden=\"true\" focusable=\"false\" class=\"icon icon-outline icon--xs\">\n                <use xlink:href=\"https:\/\/www.uni.lu\/wp-content\/themes\/unilux-theme\/assets\/images\/icons\/icons-outline.svg#icon--arrow-down\" \/>\n            <\/svg>\n        <\/button>\n\n        <ul id=\"secondary-navigation__list\" class=\"secondary-nav__list\">\n            <li class=\"secondary-nav__item\">\n    <a href=\"https:\/\/www.uni.lu\/research-fr\/collaboration-et-engagement\/\" target=\"\" rel=\"noreferrer noopener\" class=\"secondary-nav__link \">\n        <svg aria-hidden=\"true\" focusable=\"false\" class=\"icon icon-outline icon--xs\">\n            <use xlink:href=\"https:\/\/www.uni.lu\/wp-content\/themes\/unilux-theme\/assets\/images\/icons\/icons-outline.svg#icon--arrow-right\" \/>\n        <\/svg>\n        <span class=\"secondary-nav__name\">Aper\u00e7u<\/span>\n    <\/a>\n<\/li>\n<li class=\"secondary-nav__item\">\n    <a href=\"https:\/\/www.uni.lu\/research-fr\/collaboration-et-engagement\/ktt\/\" target=\"\" rel=\"noreferrer noopener\" class=\"secondary-nav__link \">\n        <svg aria-hidden=\"true\" focusable=\"false\" class=\"icon icon-outline icon--xs\">\n            <use xlink:href=\"https:\/\/www.uni.lu\/wp-content\/themes\/unilux-theme\/assets\/images\/icons\/icons-outline.svg#icon--arrow-right\" \/>\n        <\/svg>\n        <span class=\"secondary-nav__name\">Transfert de connaissances et de technologies<\/span>\n    <\/a>\n<\/li>\n<li class=\"secondary-nav__item\">\n    <a href=\"https:\/\/www.uni.lu\/research-fr\/collaboration-et-engagement\/partenaires-publics-et-prives\/\" target=\"\" rel=\"noreferrer noopener\" class=\"secondary-nav__link isactived\" aria-current=\"page\">\n        <svg aria-hidden=\"true\" focusable=\"false\" class=\"icon icon-outline icon--xs\">\n            <use xlink:href=\"https:\/\/www.uni.lu\/wp-content\/themes\/unilux-theme\/assets\/images\/icons\/icons-outline.svg#icon--arrow-right\" \/>\n        <\/svg>\n        <span class=\"secondary-nav__name\">Partenaires publics et priv\u00e9s<\/span>\n    <\/a>\n<\/li>\n<li class=\"secondary-nav__item\">\n    <a href=\"https:\/\/www.uni.lu\/research-fr\/collaboration-et-engagement\/chaires-avec-dotation\/\" target=\"\" rel=\"noreferrer noopener\" class=\"secondary-nav__link \">\n        <svg aria-hidden=\"true\" focusable=\"false\" class=\"icon icon-outline icon--xs\">\n            <use xlink:href=\"https:\/\/www.uni.lu\/wp-content\/themes\/unilux-theme\/assets\/images\/icons\/icons-outline.svg#icon--arrow-right\" \/>\n        <\/svg>\n        <span class=\"secondary-nav__name\">Chaires avec dotation<\/span>\n    <\/a>\n<\/li>\n<li class=\"secondary-nav__item\">\n    <a href=\"https:\/\/www.uni.lu\/research-fr\/collaboration-et-engagement\/spin-offs\/\" target=\"\" rel=\"noreferrer noopener\" class=\"secondary-nav__link \">\n        <svg aria-hidden=\"true\" focusable=\"false\" class=\"icon icon-outline icon--xs\">\n            <use xlink:href=\"https:\/\/www.uni.lu\/wp-content\/themes\/unilux-theme\/assets\/images\/icons\/icons-outline.svg#icon--arrow-right\" \/>\n        <\/svg>\n        <span class=\"secondary-nav__name\">Spin-offs<\/span>\n    <\/a>\n<\/li>\n        <\/ul>\n    <\/nav>\n<\/div>\n<!-- end SecondaryNavigationMirror --><\/div><\/section>\n\n\n\n<section class=\"wp-block-unilux-blocks-free-section section\"><div class=\"container xl:max-w-screen-xl\">\n<h1 class=\"has-text-align-left wp-block-unilux-blocks-heading\"        id=\"partenaires-publics-et-prives\"\n    >\nPartenaires publics et priv\u00e9s<\/h1>\n\n\n\n<p>L&rsquo;universit\u00e9 d\u00e9veloppe \u00e9galement des activit\u00e9s de <strong>recherche en partenariat<\/strong> avec l&rsquo;industrie et <strong>entretient des partenariats strat\u00e9giques avec des institutions publiques nationales, europ\u00e9ennes et internationales.<\/strong> Ces partenariats permettent \u00e0 l&rsquo;universit\u00e9 d&rsquo;avoir un aper\u00e7u des d\u00e9fis industriels et soci\u00e9taux qui n\u00e9cessitent de plus en plus des approches interdisciplinaires et intersectorielles.<\/p>\n\n\n\n<p>Nos partenaires publics comprennent des institutions de l&rsquo;UE telles que la Banque europ\u00e9enne d&rsquo;investissement ou Eurostat, divers minist\u00e8res nationaux, agences et bureaux gouvernementaux, chambres professionnelles, chambres de commerce, \u00e9tablissements d&rsquo;enseignement, fondations, h\u00f4pitaux, mus\u00e9es et associations.<\/p>\n\n\n\n<p>Nous coop\u00e9rons \u00e9galement avec plus de 80 entreprises de la r\u00e9gion et du monde entier, y compris des entreprises internationales telles que Arcelor Mittal, Cisco Systems, Kerry group et Paypal.<\/p>\n\n\n\n<ul class=\"wp-block-unilux-blocks-custom-buttons btn-list\"><li class=\"wp-block-unilux-blocks-custom-button\"    aria-disabled=\"false\"\n    >\n    <a\n        role=\"link\"\n        aria-disabled=\"false\"\n                    href=\"https:\/\/www.uni.lu\/fr\/a-propos\/organisation\/administration\/bureau-des-partenariats-du-transfert-de-connaissances-et-de-technologies\/\"\n                target=\"_self\"\n        class=\"btn btn--primary\"\n            >Bureau des partenariats, du transfert de connaisances et de technologies (PaKTT)<\/a>\n<\/li>\n<\/ul>\n<\/div><\/section>\n\n\n\n<section class=\"py-0 wp-block-unilux-blocks-free-section section\"><div class=\"container xl:max-w-screen-xl\">\n<h2 class=\"has-text-align-left wp-block-unilux-blocks-heading\"        id=\"snt-partnership-programme\"\n    >\nSnT Partnership Programme<\/h2>\n\n\n\n<p>The Interdisciplinary Centre for Security, Reliability and Trust (SnT) at the University is a research institution at the University of Luxembourg specialised in ICT and a pioneer in partnerships with industry. The <strong>SnT\u2019s Partnership Programme<\/strong> is central to its activities. The work achieved by SnT researchers in collaboration with partner organisations is helping to consolidate Luxembourg\u2019s position as a centre of excellence and innovation within Europe in the field of secure, reliable and trustworthy ICT systems and services.<\/p>\n\n\n\n<p>Le SnT \u2013 Interdisciplinary Centre for Security, Reliability and Trust (<em>Centre interdisciplinaire pour la s\u00e9curit\u00e9, la fiabilit\u00e9 et la confiance<\/em>) est une institution de recherche de l&rsquo;Universit\u00e9 du Luxembourg sp\u00e9cialis\u00e9e dans les TIC et pionni\u00e8re en mati\u00e8re de partenariats avec l&rsquo;industrie. Le SnT Partnership Programme est au c\u0153ur de ses activit\u00e9s. Les travaux r\u00e9alis\u00e9s par les chercheurs du SnT en collaboration avec des organisations partenaires contribuent \u00e0 consolider la position du Luxembourg en tant que centre d&rsquo;excellence et d&rsquo;innovation en Europe dans le domaine des syst\u00e8mes et services TIC s\u00e9curis\u00e9s, fiables et dignes de confiance.<\/p>\n\n\n\n<ul class=\"wp-block-unilux-blocks-custom-buttons btn-list\"><li class=\"wp-block-unilux-blocks-custom-button\"    aria-disabled=\"false\"\n    >\n    <a\n        role=\"link\"\n        aria-disabled=\"false\"\n                    href=\"https:\/\/www.uni.lu\/snt-en\/partner\/\"\n                target=\"_self\"\n        class=\"btn btn--primary\"\n            >SnT Partnership Programme (EN)<\/a>\n<\/li>\n<\/ul>\n<\/div><\/section>\n\n\n\n<section class=\"wp-block-unilux-blocks-free-section section\"><div class=\"container xl:max-w-screen-xl\">\n<h2 class=\"has-text-align-left wp-block-unilux-blocks-heading\"        id=\"les-instruments-de-cooperation\"\n    >\nLes instruments de coop\u00e9ration<\/h2>\n\n\n\n<p>Nos <strong>chaires avec dotation<\/strong> \u00e9tablissent une relation de confiance de longue dur\u00e9e entre le partenaire priv\u00e9 ou public et l&rsquo;universit\u00e9, dont les \u00e9tudiants, les universitaires, la soci\u00e9t\u00e9 et les donateurs b\u00e9n\u00e9ficient \u00e0 parts \u00e9gales &#8211; le partenaire principalement gr\u00e2ce aux r\u00e9sultats de la recherche, \u00e0 l&rsquo;acquisition de talents hautement qualifi\u00e9s et \u00e0 la visibilit\u00e9.<\/p>\n\n\n\n<p>Les accords bilat\u00e9raux de recherche et les partenariats public-priv\u00e9 (PPP) sont d&rsquo;autres instruments de coop\u00e9ration importants de l&rsquo;universit\u00e9.<\/p>\n\n\n\n<ul class=\"wp-block-unilux-blocks-custom-buttons btn-list\"><li class=\"wp-block-unilux-blocks-custom-button\"    aria-disabled=\"false\"\n    >\n    <a\n        role=\"link\"\n        aria-disabled=\"false\"\n                    href=\"https:\/\/www.uni.lu\/research-fr\/collaboration-et-engagement\/chaires-avec-dotation\/\"\n                target=\"_self\"\n        class=\"btn btn--primary\"\n            >Chaires avec dotation<\/a>\n<\/li>\n<\/ul>\n<\/div><\/section>\n\n\n\n<section class=\"py-0 wp-block-unilux-blocks-free-section section\"><div class=\"container xl:max-w-screen-xl\">\n<h2 class=\"has-text-align-left wp-block-unilux-blocks-heading\"        id=\"partenaire-public\"\n    >\nPartenaire public<\/h2>\n\n\n<ul class=\"flex flex-wrap mt-24 -mx-16  wp-block-unilux-blocks-free-content-card\">\n    <li class=\"w-full sm:w-1\/2 lg:w-1\/3 px-16  wp-block-unilux-blocks-free-content-card-item\">\n    <div class=\"ulux-card card-spin-offs bg-gray-300\">\n        <div class=\"ulux-card__container card__container\">\n                        <div class=\"ulux-card__visual wp-block-unilux-blocks-free-content-card-item-visual\">\n    \n<div class=\"wp-block-unilux-blocks-image-video-wrapper\">\n    <figure class=\"wp-block-dev4-reusable-blocks-image  object-fit--cover\">\n    \n<img decoding=\"async\" class=\"wp-block-image unilux-custom-image-block\"\n                alt=\"Cofunded by EU Logo\"\n            src=\"https:\/\/www.uni.lu\/wp-content\/uploads\/sites\/9\/2023\/07\/EN-Co-funded-by-the-EU_POS.jpg\"\n                    style=\"object-position: 50.00% 50.00%; font-family: &quot;object-fit: cover; object-position: 50.00% 50.00%;&quot;; aspect-ratio: 4\/3; object-fit: cover; width: 100%;\"\n        loading=\"lazy\"\n\/>    <\/figure><\/div><\/div><div class=\"ulux-card__body wp-block-unilux-blocks-free-content-card-item-body\">\n    \n<h3 class=\"ulux-card__title has-text-align-left wp-block-unilux-blocks-heading\"        id=\"european-union\"\n    >\nEuropean Union<\/h3>\n<div class=\"ulux-card__description wp-block-unilux-blocks-free-content-card-item-free-content-area\">\n    \n<p>L&rsquo;UE coop\u00e8re avec les \u00e9tablissements d&rsquo;enseignement sup\u00e9rieur et les \u00c9tats membres afin de soutenir le secteur de l&rsquo;enseignement sup\u00e9rieur et lui permettre de s&rsquo;adapter aux conditions changeantes, de prosp\u00e9rer et de contribuer \u00e0 la r\u00e9silience et au redressement de l&rsquo;Europe.<\/p>\n<\/div><div class=\"wp-block-unilux-blocks-simple-cta\">\n    <a\n        href=\"https:\/\/education.ec.europa.eu\/fr\/education-levels\/higher-education\"\n        title=\"Learn more\"\n        class=\"link-text link-text--icon ulux-card__link link-text link-absolute\"\n        target=\"_blank\"\n    >\n        <span class=\"link-text__body\">\n            <span class=\"link-text__name\">Aller au site web<\/span>\n        <\/span>\n        <svg aria-hidden=\"true\" focusable=\"false\" class=\"icon icon-outline icon--external-link \"><use xlink:href=\"https:\/\/www.uni.lu\/wp-content\/themes\/unilux-theme\/assets\/images\/icons\/icons-outline.svg#icon--external-link\"><\/use><\/svg>    <\/a>\n<\/div>\n<\/div>        <\/div>\n    <\/div>\n<\/li><\/ul><\/div><\/section>\n<\/div>","protected":false},"excerpt":{"rendered":"","protected":false},"author":33,"featured_media":0,"parent":55,"menu_order":0,"comment_status":"closed","ping_status":"closed","template":"","meta":{"featured_image_focal_point":[],"show_featured_caption":false,"ulux_newsletter_groups":"","uluxPostTitle":"Collaboration et engagement","uluxPrePostTitle":"Recherche","_trash_the_other_posts":false,"_price":"","_stock":"","_tribe_ticket_header":"","_tribe_default_ticket_provider":"","_tribe_ticket_capacity":"0","_ticket_start_date":"","_ticket_end_date":"","_tribe_ticket_show_description":"","_tribe_ticket_show_not_going":false,"_tribe_ticket_use_global_stock":"","_tribe_ticket_global_stock_level":"","_global_stock_mode":"","_global_stock_cap":"","_tribe_rsvp_for_event":"","_tribe_ticket_going_count":"","_tribe_ticket_not_going_count":"","_tribe_tickets_list":"[]","_tribe_ticket_has_attendee_info_fields":false,"footnotes":""},"field-of-interest":[],"organisation":[],"authorship":[33],"acf":[],"yoast_head":"<!-- This site is optimized with the Yoast SEO Premium plugin v22.3 (Yoast SEO v22.3) - https:\/\/yoast.com\/wordpress\/plugins\/seo\/ -->\n<title>Partenaires publics et priv\u00e9s - Universit\u00e9 du Luxembourg I Uni.lu<\/title>\n<meta name=\"description\" content=\"L&#039;universit\u00e9 d\u00e9veloppe des activit\u00e9s de recherche avec des partenaires nationaux, europ\u00e9ens et internationaux, publics et priv\u00e9s.\" \/>\n<meta name=\"robots\" content=\"index, follow, max-snippet:-1, max-image-preview:large, max-video-preview:-1\" \/>\n<link rel=\"canonical\" href=\"https:\/\/www.uni.lu\/research-fr\/collaboration-et-engagement\/partenaires-publics-et-prives\/\" \/>\n<meta property=\"og:locale\" content=\"fr_FR\" \/>\n<meta property=\"og:type\" content=\"article\" \/>\n<meta property=\"og:title\" content=\"Partenaires publics et priv\u00e9s\" \/>\n<meta property=\"og:description\" content=\"L&#039;universit\u00e9 d\u00e9veloppe des activit\u00e9s de recherche avec des partenaires nationaux, europ\u00e9ens et internationaux, publics et priv\u00e9s.\" \/>\n<meta property=\"og:url\" content=\"https:\/\/www.uni.lu\/research-fr\/collaboration-et-engagement\/partenaires-publics-et-prives\/\" \/>\n<meta property=\"og:site_name\" content=\"RESEARCH FR\" \/>\n<meta property=\"article:modified_time\" content=\"2024-08-02T09:17:50+00:00\" \/>\n<meta property=\"og:image\" content=\"https:\/\/www.uni.lu\/wp-content\/uploads\/sites\/28\/2026\/03\/03115643\/UNIV_SM-Profile_1600x1600px-scaled.jpg\" \/>\n\t<meta property=\"og:image:width\" content=\"2560\" \/>\n\t<meta property=\"og:image:height\" content=\"2560\" \/>\n\t<meta property=\"og:image:type\" content=\"image\/jpeg\" \/>\n<meta name=\"twitter:card\" content=\"summary_large_image\" \/>\n<meta name=\"twitter:label1\" content=\"Dur\u00e9e de lecture estim\u00e9e\" \/>\n\t<meta name=\"twitter:data1\" content=\"3 minutes\" \/>\n<script type=\"application\/ld+json\" class=\"yoast-schema-graph\">{\"@context\":\"https:\/\/schema.org\",\"@graph\":[{\"@type\":\"WebPage\",\"@id\":\"https:\/\/www.uni.lu\/research-fr\/collaboration-et-engagement\/partenaires-publics-et-prives\/\",\"url\":\"https:\/\/www.uni.lu\/research-fr\/collaboration-et-engagement\/partenaires-publics-et-prives\/\",\"name\":\"Partenaires publics et priv\u00e9s - Universit\u00e9 du Luxembourg I Uni.lu\",\"isPartOf\":{\"@id\":\"https:\/\/www.uni.lu\/research-fr\/#website\"},\"datePublished\":\"2023-10-23T12:42:34+00:00\",\"dateModified\":\"2024-08-02T09:17:50+00:00\",\"description\":\"L'universit\u00e9 d\u00e9veloppe des activit\u00e9s de recherche avec des partenaires nationaux, europ\u00e9ens et internationaux, publics et priv\u00e9s.\",\"breadcrumb\":{\"@id\":\"https:\/\/www.uni.lu\/research-fr\/collaboration-et-engagement\/partenaires-publics-et-prives\/#breadcrumb\"},\"inLanguage\":\"fr-FR\",\"potentialAction\":[{\"@type\":\"ReadAction\",\"target\":[\"https:\/\/www.uni.lu\/research-fr\/collaboration-et-engagement\/partenaires-publics-et-prives\/\"]}]},{\"@type\":\"BreadcrumbList\",\"@id\":\"https:\/\/www.uni.lu\/research-fr\/collaboration-et-engagement\/partenaires-publics-et-prives\/#breadcrumb\",\"itemListElement\":[{\"@type\":\"ListItem\",\"position\":1,\"name\":\"Home\",\"item\":\"https:\/\/www.uni.lu\/fr\"},{\"@type\":\"ListItem\",\"position\":2,\"name\":\"Notre recherche en un coup d\u2019oeil\",\"item\":\"https:\/\/www.uni.lu\/research-fr\/\"},{\"@type\":\"ListItem\",\"position\":3,\"name\":\"Collaboration et engagement\",\"item\":\"https:\/\/www.uni.lu\/research-fr\/collaboration-et-engagement\/\"},{\"@type\":\"ListItem\",\"position\":4,\"name\":\"Partenaires publics et priv\u00e9s\"}]},{\"@type\":\"WebSite\",\"@id\":\"https:\/\/www.uni.lu\/research-fr\/#website\",\"url\":\"https:\/\/www.uni.lu\/research-fr\/\",\"name\":\"Uni.lu\",\"description\":\"Recherche \u00e0 l&#039;Universit\u00e9 du Luxembourg\",\"publisher\":{\"@id\":\"https:\/\/www.uni.lu\/research-fr\/#organization\"},\"alternateName\":\"Universit\u00e9 du Luxembourg\",\"potentialAction\":[{\"@type\":\"SearchAction\",\"target\":{\"@type\":\"EntryPoint\",\"urlTemplate\":\"https:\/\/www.uni.lu\/research-fr\/?s={search_term_string}\"},\"query-input\":\"required name=search_term_string\"}],\"inLanguage\":\"fr-FR\"},{\"@type\":\"Organization\",\"@id\":\"https:\/\/www.uni.lu\/research-fr\/#organization\",\"name\":\"Universit\u00e9 du Luxembourg\",\"alternateName\":\"Uni.lu\",\"url\":\"https:\/\/www.uni.lu\/research-fr\/\",\"logo\":{\"@type\":\"ImageObject\",\"inLanguage\":\"fr-FR\",\"@id\":\"https:\/\/www.uni.lu\/research-fr\/#\/schema\/logo\/image\/\",\"url\":\"https:\/\/www.uni.lu\/wp-content\/uploads\/sites\/28\/2026\/03\/03115643\/UNIV_SM-Profile_1600x1600px-scaled.jpg\",\"contentUrl\":\"https:\/\/www.uni.lu\/wp-content\/uploads\/sites\/28\/2026\/03\/03115643\/UNIV_SM-Profile_1600x1600px-scaled.jpg\",\"width\":2560,\"height\":2560,\"caption\":\"Universit\u00e9 du Luxembourg\"},\"image\":{\"@id\":\"https:\/\/www.uni.lu\/research-fr\/#\/schema\/logo\/image\/\"}}]}<\/script>\n<!-- \/ Yoast SEO Premium plugin. -->","yoast_head_json":{"title":"Partenaires publics et priv\u00e9s - Universit\u00e9 du Luxembourg I Uni.lu","description":"L'universit\u00e9 d\u00e9veloppe des activit\u00e9s de recherche avec des partenaires nationaux, europ\u00e9ens et internationaux, publics et priv\u00e9s.","robots":{"index":"index","follow":"follow","max-snippet":"max-snippet:-1","max-image-preview":"max-image-preview:large","max-video-preview":"max-video-preview:-1"},"canonical":"https:\/\/www.uni.lu\/research-fr\/collaboration-et-engagement\/partenaires-publics-et-prives\/","og_locale":"fr_FR","og_type":"article","og_title":"Partenaires publics et priv\u00e9s","og_description":"L'universit\u00e9 d\u00e9veloppe des activit\u00e9s de recherche avec des partenaires nationaux, europ\u00e9ens et internationaux, publics et priv\u00e9s.","og_url":"https:\/\/www.uni.lu\/research-fr\/collaboration-et-engagement\/partenaires-publics-et-prives\/","og_site_name":"RESEARCH FR","article_modified_time":"2024-08-02T09:17:50+00:00","og_image":[{"width":2560,"height":2560,"url":"https:\/\/www.uni.lu\/wp-content\/uploads\/sites\/28\/2026\/03\/03115643\/UNIV_SM-Profile_1600x1600px-scaled.jpg","type":"image\/jpeg"}],"twitter_card":"summary_large_image","twitter_misc":{"Dur\u00e9e de lecture estim\u00e9e":"3 minutes"},"schema":{"@context":"https:\/\/schema.org","@graph":[{"@type":"WebPage","@id":"https:\/\/www.uni.lu\/research-fr\/collaboration-et-engagement\/partenaires-publics-et-prives\/","url":"https:\/\/www.uni.lu\/research-fr\/collaboration-et-engagement\/partenaires-publics-et-prives\/","name":"Partenaires publics et priv\u00e9s - Universit\u00e9 du Luxembourg I Uni.lu","isPartOf":{"@id":"https:\/\/www.uni.lu\/research-fr\/#website"},"datePublished":"2023-10-23T12:42:34+00:00","dateModified":"2024-08-02T09:17:50+00:00","description":"L'universit\u00e9 d\u00e9veloppe des activit\u00e9s de recherche avec des partenaires nationaux, europ\u00e9ens et internationaux, publics et priv\u00e9s.","breadcrumb":{"@id":"https:\/\/www.uni.lu\/research-fr\/collaboration-et-engagement\/partenaires-publics-et-prives\/#breadcrumb"},"inLanguage":"fr-FR","potentialAction":[{"@type":"ReadAction","target":["https:\/\/www.uni.lu\/research-fr\/collaboration-et-engagement\/partenaires-publics-et-prives\/"]}]},{"@type":"BreadcrumbList","@id":"https:\/\/www.uni.lu\/research-fr\/collaboration-et-engagement\/partenaires-publics-et-prives\/#breadcrumb","itemListElement":[{"@type":"ListItem","position":1,"name":"Home","item":"https:\/\/www.uni.lu\/fr"},{"@type":"ListItem","position":2,"name":"Notre recherche en un coup d\u2019oeil","item":"https:\/\/www.uni.lu\/research-fr\/"},{"@type":"ListItem","position":3,"name":"Collaboration et engagement","item":"https:\/\/www.uni.lu\/research-fr\/collaboration-et-engagement\/"},{"@type":"ListItem","position":4,"name":"Partenaires publics et priv\u00e9s"}]},{"@type":"WebSite","@id":"https:\/\/www.uni.lu\/research-fr\/#website","url":"https:\/\/www.uni.lu\/research-fr\/","name":"Uni.lu","description":"Recherche \u00e0 l&#039;Universit\u00e9 du Luxembourg","publisher":{"@id":"https:\/\/www.uni.lu\/research-fr\/#organization"},"alternateName":"Universit\u00e9 du Luxembourg","potentialAction":[{"@type":"SearchAction","target":{"@type":"EntryPoint","urlTemplate":"https:\/\/www.uni.lu\/research-fr\/?s={search_term_string}"},"query-input":"required name=search_term_string"}],"inLanguage":"fr-FR"},{"@type":"Organization","@id":"https:\/\/www.uni.lu\/research-fr\/#organization","name":"Universit\u00e9 du Luxembourg","alternateName":"Uni.lu","url":"https:\/\/www.uni.lu\/research-fr\/","logo":{"@type":"ImageObject","inLanguage":"fr-FR","@id":"https:\/\/www.uni.lu\/research-fr\/#\/schema\/logo\/image\/","url":"https:\/\/www.uni.lu\/wp-content\/uploads\/sites\/28\/2026\/03\/03115643\/UNIV_SM-Profile_1600x1600px-scaled.jpg","contentUrl":"https:\/\/www.uni.lu\/wp-content\/uploads\/sites\/28\/2026\/03\/03115643\/UNIV_SM-Profile_1600x1600px-scaled.jpg","width":2560,"height":2560,"caption":"Universit\u00e9 du Luxembourg"},"image":{"@id":"https:\/\/www.uni.lu\/research-fr\/#\/schema\/logo\/image\/"}}]}},"ticketed":false,"_links":{"self":[{"href":"https:\/\/www.uni.lu\/research-fr\/wp-json\/wp\/v2\/pages\/145"}],"collection":[{"href":"https:\/\/www.uni.lu\/research-fr\/wp-json\/wp\/v2\/pages"}],"about":[{"href":"https:\/\/www.uni.lu\/research-fr\/wp-json\/wp\/v2\/types\/page"}],"author":[{"embeddable":true,"href":"https:\/\/www.uni.lu\/research-fr\/wp-json\/wp\/v2\/users\/33"}],"replies":[{"embeddable":true,"href":"https:\/\/www.uni.lu\/research-fr\/wp-json\/wp\/v2\/comments?post=145"}],"version-history":[{"count":6,"href":"https:\/\/www.uni.lu\/research-fr\/wp-json\/wp\/v2\/pages\/145\/revisions"}],"predecessor-version":[{"id":517,"href":"https:\/\/www.uni.lu\/research-fr\/wp-json\/wp\/v2\/pages\/145\/revisions\/517"}],"up":[{"embeddable":true,"href":"https:\/\/www.uni.lu\/research-fr\/wp-json\/wp\/v2\/pages\/55"}],"wp:authorship":[{"embeddable":true,"href":"https:\/\/www.uni.lu\/research-fr\/wp-json\/wp\/v2\/users\/33"}],"wp:attachment":[{"href":"https:\/\/www.uni.lu\/research-fr\/wp-json\/wp\/v2\/media?parent=145"}],"wp:term":[{"taxonomy":"field-of-interest","embeddable":true,"href":"https:\/\/www.uni.lu\/research-fr\/wp-json\/wp\/v2\/field-of-interest?post=145"},{"taxonomy":"organisation","embeddable":true,"href":"https:\/\/www.uni.lu\/research-fr\/wp-json\/wp\/v2\/organisation?post=145"}],"curies":[{"name":"wp","href":"https:\/\/api.w.org\/{rel}","templated":true}]}}