{"id":509,"date":"2024-12-09T10:45:33","date_gmt":"2024-12-09T09:45:33","guid":{"rendered":"https:\/\/www.uni.lu\/research-de\/?page_id=509"},"modified":"2026-03-13T09:27:56","modified_gmt":"2026-03-13T08:27:56","slug":"ncer","status":"publish","type":"page","link":"https:\/\/www.uni.lu\/research-de\/ncer\/","title":{"rendered":"NCER"},"content":{"rendered":"\n<section class=\"section no-padding-y wp-block-unilux-blocks-hero\">\n    <div class=\"hero hero--2  \">\n        \n<header class=\"wp-block-unilux-blocks-wrapper hero__header\">\n<div class=\"wp-block-unilux-blocks-wrapper hero__container\">\n<span class=\"hero__title__subject wp-block-unilux-blocks-plain-text\"><\/span>\n\n\n<h1 class=\"has-text-align-left wp-block-unilux-blocks-heading\"        id=\"nationale-forschungsexzellenzzentren-ncer\"\n    >\n<strong>Nationale Forschungsexzellenzzentren (NCER)<\/strong> <\/h1>\n<\/div>\n<\/header>\n<figure class=\"wp-block-dev4-reusable-blocks-image hero__visual object-fit--cover\">\n    \n<img decoding=\"async\" class=\"wp-block-image unilux-custom-image-block\"\n                alt=\"\"\n            src=\"https:\/\/www.uni.lu\/wp-content\/uploads\/sites\/8\/2023\/07\/alexander-grey-62vi3TG5EDg-unsplash-scaled.jpg\"\n                    style=\"object-position: 50.00% 50.00%; font-family: &quot;object-fit: cover; object-position: 50.00% 50.00%;&quot;; aspect-ratio: 16\/9; object-fit: cover; width: 100%;\"\n        loading=\"lazy\"\n\/>    <\/figure>\n<div class=\"wp-block-unilux-blocks-wrapper hero__body\">\n<div class=\"wp-block-unilux-blocks-wrapper hero__container\">\n<p class=\"wp-block-unilux-blocks-plain-text\">Das Programm der Nationalen Forschungsexzellenzzentren (NCER) des Nationalen Forschungsfonds Luxemburgs entspricht einem Rahmen und Finanzierungsinstrument f\u00fcr Forschungsexzellenz um eine Mission von erheblicher gesellschaftlicher Relevanz, indem transdisziplin\u00e4re Spitzenforschung und sektor\u00fcbergreifende Zusammenarbeit gef\u00f6rdert werden. NCER-Projekte sollten international anerkannte Beispiele f\u00fcr bew\u00e4hrte wissenschaftliche Verfahren sein, bei denen die Ergebnisse, die Auswirkungen auf die Forschung selbst sowie die Art und Weise, wie diese durchgef\u00fchrt wird, an erster Stelle stehen. <\/p>\n\n\n<ul class=\"wp-block-unilux-blocks-custom-buttons btn-list\">\n\n<\/ul>\n<\/div>\n<\/div>\n    <\/div>\n<\/section>\n\n\n<section class=\"wp-block-unilux-blocks-free-section section\"><div class=\"container xl:max-w-screen-xl\">\n<p><strong>NCER-FT<\/strong><\/p>\n\n\n\n<h2 class=\"has-text-align-left wp-block-unilux-blocks-heading\"        id=\"nationales-forschungsexzellenzzentrum-fuer-finanztechnologien\"\n    >\n<strong>Nationales Forschungsexzellenzzentrum f\u00fcr Finanztechnologien<\/strong> <\/h2>\n\n\n\n<p>Am 29. M\u00e4rz 2023 er\u00f6ffnete die Universit\u00e4t Luxemburg das Nationale Forschungsexzellenzzentrum f\u00fcr Finanztechnologien (NCER-FT). Das NCER-FT entspricht einer interdisziplin\u00e4ren Initiative, die sich auf die technologischen Herausforderungen und Chancen der Finanzbranche konzentriert. Unter der Leitung von Forschern des <a href=\"https:\/\/www.uni.lu\/snt-de\/\" target=\"_blank\" rel=\"noreferrer noopener\">Interdisciplinary Centre for Security, Reliability and Trust (SnT)<\/a> der <a href=\"https:\/\/www.uni.lu\/fdef-de\/\" target=\"_blank\" rel=\"noreferrer noopener\">Universit\u00e4t von Luxemburg und der Fakult\u00e4t f\u00fcr Rechts-, Wirtschafts- und Finanzwissenschaften (FDEF)<\/a> setzt das NCER-FT einen einzigartigen interdisziplin\u00e4ren Forschungs- und Innovationsansatz um, der Fachkenntnisse aus Technologie, Finanzen und Recht kombiniert. setzt das NCER-FT einen einzigartigen interdisziplin\u00e4ren Forschungs- und Innovationsansatz um, der Fachkenntnisse aus Technologie, Finanzen und Recht kombiniert.<\/p>\n\n\n\n<ul class=\"wp-block-unilux-blocks-button-list-v2\">\n<li class=\"wp-block-unilux-blocks-button-list-item-v2\"><a class=\"quick-link\" href=\"https:\/\/ncer-fintech.uni.lu\/\" target=\"\" role=\"link\" rel=\"noopener\" tabindex=\"0\"><span class=\"quick-link__container\">\n<div class=\"wp-block-unilux-blocks-block-inserter quick-link__img\"><\/div>\n\n\n\n<span class=\"quick-link__name wp-block-unilux-blocks-plain-text\">Mehr \u00fcber NCER FIntech erfahren<\/span>\n\n<svg aria-hidden=\"true\" focusable=\"false\" class=\"icon icon-outline icon--arrow-right \"><use xlink:href=\"https:\/\/www.uni.lu\/wp-content\/themes\/unilux-theme\/assets\/images\/icons\/icons-outline.svg#icon--arrow-right\"><\/use><\/svg><\/span><\/a><\/li>\n<\/ul>\n\n\n<div class=\"wp-block-unilux-blocks-spacer is-spacer-size-md\"><\/div>\n\n\n<h2 class=\"has-text-align-left wp-block-unilux-blocks-heading\"        id=\"clinnova\"\n    >\nClinnova<\/h2>\n\n\n\n<p>Clinnova, ein internationales Projekt mit Klinikern und Forschern aus Luxemburg, Frankreich, Deutschland und der Schweiz, wurde am 27. April 2023 offiziell in Luxemburg ins Leben gerufen. Ziel der Initiative ist es, die Vorteile der Pr\u00e4zisionsmedizin f\u00fcr Behandlungsentscheidungen durch Datenb\u00fcndelung, Standardisierung und Interoperabilit\u00e4t zu nutzen. Das vom FNR, Grand Est, dem Kanton Basel-Stadt sowie Baden-W\u00fcrttemberg gemeinsam gef\u00f6rderte Projekt wird im Herzen Europas ein zentrales Startfeld f\u00fcr die Entwicklung medizinischer KI-Algorithmen schaffen. Die Universit\u00e4t Luxemburg ist durch das\u202f<a href=\"https:\/\/www.uni.lu\/lcsb-de\/\" target=\"_blank\" rel=\"noreferrer noopener\">Luxemburger Zentrum f\u00fcr Systembiomedizin (LCSB)<\/a> im Clinnova-Programm vertreten. im Clinnova-Programm vertreten.&nbsp;&nbsp;<\/p>\n\n\n\n<ul class=\"wp-block-unilux-blocks-button-list-v2\">\n<li class=\"wp-block-unilux-blocks-button-list-item-v2\"><a class=\"quick-link\" href=\"https:\/\/www.clinnova.eu\/en\/\" target=\"_blank\" role=\"link\" rel=\"noopener\" tabindex=\"0\"><span class=\"quick-link__container\">\n<div class=\"wp-block-unilux-blocks-block-inserter quick-link__img\"><\/div>\n\n\n\n<span class=\"quick-link__name wp-block-unilux-blocks-plain-text\">Mehr \u00fcber Clinnova erfahren<\/span>\n\n<svg aria-hidden=\"true\" focusable=\"false\" class=\"icon icon-outline icon--external-link \"><use xlink:href=\"https:\/\/www.uni.lu\/wp-content\/themes\/unilux-theme\/assets\/images\/icons\/icons-outline.svg#icon--external-link\"><\/use><\/svg><\/span><\/a><\/li>\n<\/ul>\n\n\n<div class=\"wp-block-unilux-blocks-spacer is-spacer-size-md\"><\/div>\n\n\n<p><strong>NCER-PD<\/strong><\/p>\n\n\n\n<h2 class=\"has-text-align-left wp-block-unilux-blocks-heading\"        id=\"nationales-forschungsexzellenzzentrum-fuer-parkinson\"\n    >\n<strong>Nationales Forschungsexzellenzzentrum f\u00fcr Parkinson<\/strong> <\/h2>\n\n\n\n<p><a href=\"https:\/\/www.parkinson.lu\/de\/\" target=\"_blank\" rel=\"noreferrer noopener\">NCER-PD<\/a>\u202fwurde 2015 als erstes nationales Forschungsexzellenzzentrum mit Schwerpunkt auf Parkinson ins Leben gerufen. Das NCER f\u00fcr Parkinson wurde im Jahr 2015 als erstes Nationales Forschungsexzellenzzentrum gegr\u00fcndet. Die nationalen Partner sind die Universit\u00e4t Luxemburg sowie das\u202f<a href=\"https:\/\/www.uni.lu\/lcsb-de\/\" target=\"_blank\" rel=\"noreferrer noopener\">Luxembourg Centre for Systems Biomedicine (LCSB)<\/a>,\u202fdas\u202f<a href=\"https:\/\/www.lih.lu\/de\/\" target=\"_blank\" rel=\"noreferrer noopener\">Luxembourg Institute of Health (LIH)<\/a>, das\u202f\u202fund das\u202f<a href=\"https:\/\/www.chl.lu\/%22%20\/t%20%22_blank\" target=\"_blank\" rel=\"noreferrer noopener\">Centre Hospitalier de Luxembourg (CHL)<\/a>. Gemeinsam streben diese Partner danach, die Forschung weiterhin in das nationale Gesundheitssystem zu integrieren und Luxemburg als Forschungsexzellenzzentrum \u00fcber die Grenzen des Landes hinaus zu etablieren. Zu den internationalen Partnern geh\u00f6ren das Oxford Parkinson\u2019s Disease Centre (OPDC), das Hertie-Institut f\u00fcr klinische Hirnforschung in T\u00fcbingen, die Paracelsus-Elena-Klinik in Kassel sowie die National Institutes of Health in den USA.&nbsp;<\/p>\n\n\n\n<ul class=\"wp-block-unilux-blocks-button-list-v2\">\n<li class=\"wp-block-unilux-blocks-button-list-item-v2\"><a class=\"quick-link\" href=\"https:\/\/parkinson.lu\/\" target=\"_blank\" role=\"link\" rel=\"noopener\" tabindex=\"0\"><span class=\"quick-link__container\">\n<div class=\"wp-block-unilux-blocks-block-inserter quick-link__img\"><\/div>\n\n\n\n<span class=\"quick-link__name wp-block-unilux-blocks-plain-text\">Mehr \u00fcber NCER-PD erfahren<\/span>\n\n<svg aria-hidden=\"true\" focusable=\"false\" class=\"icon icon-outline icon--external-link \"><use xlink:href=\"https:\/\/www.uni.lu\/wp-content\/themes\/unilux-theme\/assets\/images\/icons\/icons-outline.svg#icon--external-link\"><\/use><\/svg><\/span><\/a><\/li>\n<\/ul>\n<\/div><\/section>\n","protected":false},"excerpt":{"rendered":"","protected":false},"author":33,"featured_media":0,"parent":0,"menu_order":15,"comment_status":"closed","ping_status":"closed","template":"","meta":{"featured_image_focal_point":[],"show_featured_caption":false,"ulux_newsletter_groups":"","uluxPostTitle":"","uluxPrePostTitle":"","_trash_the_other_posts":false,"_price":"","_stock":"","_tribe_ticket_header":"","_tribe_default_ticket_provider":"","_tribe_ticket_capacity":"0","_ticket_start_date":"","_ticket_end_date":"","_tribe_ticket_show_description":"","_tribe_ticket_show_not_going":false,"_tribe_ticket_use_global_stock":"","_tribe_ticket_global_stock_level":"","_global_stock_mode":"","_global_stock_cap":"","_tribe_rsvp_for_event":"","_tribe_ticket_going_count":"","_tribe_ticket_not_going_count":"","_tribe_tickets_list":"[]","_tribe_ticket_has_attendee_info_fields":false,"footnotes":""},"field-of-interest":[],"organisation":[],"authorship":[33],"acf":[],"yoast_head":"<!-- This site is optimized with the Yoast SEO Premium plugin v22.3 (Yoast SEO v22.3) - https:\/\/yoast.com\/wordpress\/plugins\/seo\/ -->\n<title>NCER - Universit\u00e4t Luxemburg I Uni.lu<\/title>\n<meta name=\"robots\" content=\"index, follow, max-snippet:-1, max-image-preview:large, max-video-preview:-1\" \/>\n<link rel=\"canonical\" href=\"https:\/\/www.uni.lu\/research-de\/ncer\/\" \/>\n<meta property=\"og:locale\" content=\"de_DE\" \/>\n<meta property=\"og:type\" content=\"article\" \/>\n<meta property=\"og:title\" content=\"NCER\" \/>\n<meta property=\"og:url\" content=\"https:\/\/www.uni.lu\/research-de\/ncer\/\" \/>\n<meta property=\"og:site_name\" content=\"RESEARCH DE\" \/>\n<meta property=\"article:modified_time\" content=\"2026-03-13T08:27:56+00:00\" \/>\n<meta property=\"og:image\" content=\"https:\/\/www.uni.lu\/wp-content\/uploads\/sites\/27\/2026\/03\/03115723\/UNIV_SM-Profile_1600x1600px-scaled.jpg\" \/>\n\t<meta property=\"og:image:width\" content=\"2560\" \/>\n\t<meta property=\"og:image:height\" content=\"2560\" \/>\n\t<meta property=\"og:image:type\" content=\"image\/jpeg\" \/>\n<meta name=\"twitter:card\" content=\"summary_large_image\" \/>\n<meta name=\"twitter:label1\" content=\"Gesch\u00e4tzte Lesezeit\" \/>\n\t<meta name=\"twitter:data1\" content=\"2 Minuten\" \/>\n<script type=\"application\/ld+json\" class=\"yoast-schema-graph\">{\"@context\":\"https:\/\/schema.org\",\"@graph\":[{\"@type\":\"WebPage\",\"@id\":\"https:\/\/www.uni.lu\/research-de\/ncer\/\",\"url\":\"https:\/\/www.uni.lu\/research-de\/ncer\/\",\"name\":\"NCER - Universit\u00e4t Luxemburg I Uni.lu\",\"isPartOf\":{\"@id\":\"https:\/\/www.uni.lu\/research-de\/#website\"},\"datePublished\":\"2024-12-09T09:45:33+00:00\",\"dateModified\":\"2026-03-13T08:27:56+00:00\",\"breadcrumb\":{\"@id\":\"https:\/\/www.uni.lu\/research-de\/ncer\/#breadcrumb\"},\"inLanguage\":\"de-DE\",\"potentialAction\":[{\"@type\":\"ReadAction\",\"target\":[\"https:\/\/www.uni.lu\/research-de\/ncer\/\"]}]},{\"@type\":\"BreadcrumbList\",\"@id\":\"https:\/\/www.uni.lu\/research-de\/ncer\/#breadcrumb\",\"itemListElement\":[{\"@type\":\"ListItem\",\"position\":1,\"name\":\"Home\",\"item\":\"https:\/\/www.uni.lu\/de\"},{\"@type\":\"ListItem\",\"position\":2,\"name\":\"Forschung\",\"item\":\"https:\/\/www.uni.lu\/research-de\/\"},{\"@type\":\"ListItem\",\"position\":3,\"name\":\"NCER\"}]},{\"@type\":\"WebSite\",\"@id\":\"https:\/\/www.uni.lu\/research-de\/#website\",\"url\":\"https:\/\/www.uni.lu\/research-de\/\",\"name\":\"Uni.lu\",\"description\":\"Forschung an der Universit\u00e4t Luxemburg\",\"publisher\":{\"@id\":\"https:\/\/www.uni.lu\/research-de\/#organization\"},\"alternateName\":\"Universit\u00e4t Luxemburg\",\"potentialAction\":[{\"@type\":\"SearchAction\",\"target\":{\"@type\":\"EntryPoint\",\"urlTemplate\":\"https:\/\/www.uni.lu\/research-de\/?s={search_term_string}\"},\"query-input\":\"required name=search_term_string\"}],\"inLanguage\":\"de-DE\"},{\"@type\":\"Organization\",\"@id\":\"https:\/\/www.uni.lu\/research-de\/#organization\",\"name\":\"Universit\u00e4t Luxemburg\",\"alternateName\":\"Uni.lu\",\"url\":\"https:\/\/www.uni.lu\/research-de\/\",\"logo\":{\"@type\":\"ImageObject\",\"inLanguage\":\"de-DE\",\"@id\":\"https:\/\/www.uni.lu\/research-de\/#\/schema\/logo\/image\/\",\"url\":\"https:\/\/www.uni.lu\/wp-content\/uploads\/sites\/27\/2026\/03\/03115723\/UNIV_SM-Profile_1600x1600px-scaled.jpg\",\"contentUrl\":\"https:\/\/www.uni.lu\/wp-content\/uploads\/sites\/27\/2026\/03\/03115723\/UNIV_SM-Profile_1600x1600px-scaled.jpg\",\"width\":2560,\"height\":2560,\"caption\":\"Universit\u00e4t Luxemburg\"},\"image\":{\"@id\":\"https:\/\/www.uni.lu\/research-de\/#\/schema\/logo\/image\/\"}}]}<\/script>\n<!-- \/ Yoast SEO Premium plugin. -->","yoast_head_json":{"title":"NCER - Universit\u00e4t Luxemburg I Uni.lu","robots":{"index":"index","follow":"follow","max-snippet":"max-snippet:-1","max-image-preview":"max-image-preview:large","max-video-preview":"max-video-preview:-1"},"canonical":"https:\/\/www.uni.lu\/research-de\/ncer\/","og_locale":"de_DE","og_type":"article","og_title":"NCER","og_url":"https:\/\/www.uni.lu\/research-de\/ncer\/","og_site_name":"RESEARCH DE","article_modified_time":"2026-03-13T08:27:56+00:00","og_image":[{"width":2560,"height":2560,"url":"https:\/\/www.uni.lu\/wp-content\/uploads\/sites\/27\/2026\/03\/03115723\/UNIV_SM-Profile_1600x1600px-scaled.jpg","type":"image\/jpeg"}],"twitter_card":"summary_large_image","twitter_misc":{"Gesch\u00e4tzte Lesezeit":"2 Minuten"},"schema":{"@context":"https:\/\/schema.org","@graph":[{"@type":"WebPage","@id":"https:\/\/www.uni.lu\/research-de\/ncer\/","url":"https:\/\/www.uni.lu\/research-de\/ncer\/","name":"NCER - Universit\u00e4t Luxemburg I Uni.lu","isPartOf":{"@id":"https:\/\/www.uni.lu\/research-de\/#website"},"datePublished":"2024-12-09T09:45:33+00:00","dateModified":"2026-03-13T08:27:56+00:00","breadcrumb":{"@id":"https:\/\/www.uni.lu\/research-de\/ncer\/#breadcrumb"},"inLanguage":"de-DE","potentialAction":[{"@type":"ReadAction","target":["https:\/\/www.uni.lu\/research-de\/ncer\/"]}]},{"@type":"BreadcrumbList","@id":"https:\/\/www.uni.lu\/research-de\/ncer\/#breadcrumb","itemListElement":[{"@type":"ListItem","position":1,"name":"Home","item":"https:\/\/www.uni.lu\/de"},{"@type":"ListItem","position":2,"name":"Forschung","item":"https:\/\/www.uni.lu\/research-de\/"},{"@type":"ListItem","position":3,"name":"NCER"}]},{"@type":"WebSite","@id":"https:\/\/www.uni.lu\/research-de\/#website","url":"https:\/\/www.uni.lu\/research-de\/","name":"Uni.lu","description":"Forschung an der Universit\u00e4t Luxemburg","publisher":{"@id":"https:\/\/www.uni.lu\/research-de\/#organization"},"alternateName":"Universit\u00e4t Luxemburg","potentialAction":[{"@type":"SearchAction","target":{"@type":"EntryPoint","urlTemplate":"https:\/\/www.uni.lu\/research-de\/?s={search_term_string}"},"query-input":"required name=search_term_string"}],"inLanguage":"de-DE"},{"@type":"Organization","@id":"https:\/\/www.uni.lu\/research-de\/#organization","name":"Universit\u00e4t Luxemburg","alternateName":"Uni.lu","url":"https:\/\/www.uni.lu\/research-de\/","logo":{"@type":"ImageObject","inLanguage":"de-DE","@id":"https:\/\/www.uni.lu\/research-de\/#\/schema\/logo\/image\/","url":"https:\/\/www.uni.lu\/wp-content\/uploads\/sites\/27\/2026\/03\/03115723\/UNIV_SM-Profile_1600x1600px-scaled.jpg","contentUrl":"https:\/\/www.uni.lu\/wp-content\/uploads\/sites\/27\/2026\/03\/03115723\/UNIV_SM-Profile_1600x1600px-scaled.jpg","width":2560,"height":2560,"caption":"Universit\u00e4t Luxemburg"},"image":{"@id":"https:\/\/www.uni.lu\/research-de\/#\/schema\/logo\/image\/"}}]}},"ticketed":false,"_links":{"self":[{"href":"https:\/\/www.uni.lu\/research-de\/wp-json\/wp\/v2\/pages\/509"}],"collection":[{"href":"https:\/\/www.uni.lu\/research-de\/wp-json\/wp\/v2\/pages"}],"about":[{"href":"https:\/\/www.uni.lu\/research-de\/wp-json\/wp\/v2\/types\/page"}],"author":[{"embeddable":true,"href":"https:\/\/www.uni.lu\/research-de\/wp-json\/wp\/v2\/users\/33"}],"replies":[{"embeddable":true,"href":"https:\/\/www.uni.lu\/research-de\/wp-json\/wp\/v2\/comments?post=509"}],"version-history":[{"count":4,"href":"https:\/\/www.uni.lu\/research-de\/wp-json\/wp\/v2\/pages\/509\/revisions"}],"predecessor-version":[{"id":830,"href":"https:\/\/www.uni.lu\/research-de\/wp-json\/wp\/v2\/pages\/509\/revisions\/830"}],"wp:authorship":[{"embeddable":true,"href":"https:\/\/www.uni.lu\/research-de\/wp-json\/wp\/v2\/users\/33"}],"wp:attachment":[{"href":"https:\/\/www.uni.lu\/research-de\/wp-json\/wp\/v2\/media?parent=509"}],"wp:term":[{"taxonomy":"field-of-interest","embeddable":true,"href":"https:\/\/www.uni.lu\/research-de\/wp-json\/wp\/v2\/field-of-interest?post=509"},{"taxonomy":"organisation","embeddable":true,"href":"https:\/\/www.uni.lu\/research-de\/wp-json\/wp\/v2\/organisation?post=509"}],"curies":[{"name":"wp","href":"https:\/\/api.w.org\/{rel}","templated":true}]}}