{"id":179,"date":"2023-11-09T17:21:59","date_gmt":"2023-11-09T16:21:59","guid":{"rendered":"https:\/\/www.uni.lu\/research-de\/?page_id=179"},"modified":"2024-08-02T11:16:52","modified_gmt":"2024-08-02T09:16:52","slug":"oeffentliche-und-private-partner","status":"publish","type":"page","link":"https:\/\/www.uni.lu\/research-de\/zusammenarbeit-und-engagement\/oeffentliche-und-private-partner\/","title":{"rendered":"\u00d6ffentliche und private Partner"},"content":{"rendered":"<div class=\"section py-0 static\">\n<section class=\"py-0 wp-block-unilux-blocks-free-section section\"><div class=\"container xl:max-w-screen-xl\"><!-- SecondaryNavigationMirror --><div class=\"js-secondary-nav--sticky wp-block-unilux-blocks-secondary-navigation\" id=\"e7eede9d-58b5-403e-bc75-57d0bf658fbd\">\n    <nav id=\"secondary-navigation\" role=\"navigation\" aria-label=\"Secondary menu\" class=\"secondary-nav\">\n        <button class=\"secondary-nav__button btn btn-solid--primary w-full\" aria-expanded=\"false\" aria-controls=\"secondary-navigation__list\" title=\"The selected page is \u00d6ffentliche und private Partner\" type=\"button\">\n            <span class=\"btn__name mr-auto\">\u00d6ffentliche und private Partner<\/span>\n            <svg aria-hidden=\"true\" focusable=\"false\" class=\"icon icon-outline icon--xs\">\n                <use xlink:href=\"https:\/\/www.uni.lu\/wp-content\/themes\/unilux-theme\/assets\/images\/icons\/icons-outline.svg#icon--arrow-down\" \/>\n            <\/svg>\n        <\/button>\n\n        <ul id=\"secondary-navigation__list\" class=\"secondary-nav__list\">\n            <li class=\"secondary-nav__item\">\n    <a href=\"https:\/\/www.uni.lu\/research-de\/zusammenarbeit-und-engagement\/\" target=\"\" rel=\"noreferrer noopener\" class=\"secondary-nav__link \">\n        <svg aria-hidden=\"true\" focusable=\"false\" class=\"icon icon-outline icon--xs\">\n            <use xlink:href=\"https:\/\/www.uni.lu\/wp-content\/themes\/unilux-theme\/assets\/images\/icons\/icons-outline.svg#icon--arrow-right\" \/>\n        <\/svg>\n        <span class=\"secondary-nav__name\">\u00dcbersicht<\/span>\n    <\/a>\n<\/li>\n<li class=\"secondary-nav__item\">\n    <a href=\"https:\/\/www.uni.lu\/research-de\/zusammenarbeit-und-engagement\/ktt\/\" target=\"\" rel=\"noreferrer noopener\" class=\"secondary-nav__link \">\n        <svg aria-hidden=\"true\" focusable=\"false\" class=\"icon icon-outline icon--xs\">\n            <use xlink:href=\"https:\/\/www.uni.lu\/wp-content\/themes\/unilux-theme\/assets\/images\/icons\/icons-outline.svg#icon--arrow-right\" \/>\n        <\/svg>\n        <span class=\"secondary-nav__name\">Wissens- und Technologietransfer<\/span>\n    <\/a>\n<\/li>\n<li class=\"secondary-nav__item\">\n    <a href=\"https:\/\/www.uni.lu\/research-de\/zusammenarbeit-und-engagement\/oeffentliche-und-private-partner\/\" target=\"\" rel=\"noreferrer noopener\" class=\"secondary-nav__link isactived\" aria-current=\"page\">\n        <svg aria-hidden=\"true\" focusable=\"false\" class=\"icon icon-outline icon--xs\">\n            <use xlink:href=\"https:\/\/www.uni.lu\/wp-content\/themes\/unilux-theme\/assets\/images\/icons\/icons-outline.svg#icon--arrow-right\" \/>\n        <\/svg>\n        <span class=\"secondary-nav__name\">\u00d6ffentliche und private Partner<\/span>\n    <\/a>\n<\/li>\n<li class=\"secondary-nav__item\">\n    <a href=\"https:\/\/www.uni.lu\/research-de\/zusammenarbeit-und-engagement\/stiftungsprofessuren\/\" target=\"\" rel=\"noreferrer noopener\" class=\"secondary-nav__link \">\n        <svg aria-hidden=\"true\" focusable=\"false\" class=\"icon icon-outline icon--xs\">\n            <use xlink:href=\"https:\/\/www.uni.lu\/wp-content\/themes\/unilux-theme\/assets\/images\/icons\/icons-outline.svg#icon--arrow-right\" \/>\n        <\/svg>\n        <span class=\"secondary-nav__name\">Stiftungsprofessuren<\/span>\n    <\/a>\n<\/li>\n<li class=\"secondary-nav__item\">\n    <a href=\"https:\/\/www.uni.lu\/research-de\/zusammenarbeit-und-engagement\/spin-offs\/\" target=\"\" rel=\"noreferrer noopener\" class=\"secondary-nav__link \">\n        <svg aria-hidden=\"true\" focusable=\"false\" class=\"icon icon-outline icon--xs\">\n            <use xlink:href=\"https:\/\/www.uni.lu\/wp-content\/themes\/unilux-theme\/assets\/images\/icons\/icons-outline.svg#icon--arrow-right\" \/>\n        <\/svg>\n        <span class=\"secondary-nav__name\">Spin-offs<\/span>\n    <\/a>\n<\/li>\n        <\/ul>\n    <\/nav>\n<\/div>\n<!-- end SecondaryNavigationMirror --><\/div><\/section>\n\n\n\n<section class=\"wp-block-unilux-blocks-free-section section\"><div class=\"container xl:max-w-screen-xl\">\n<h1 class=\"has-text-align-left wp-block-unilux-blocks-heading\"        id=\"oeffentliche-und-private-partner\"\n    >\n\u00d6ffentliche und private Partner<\/h1>\n\n\n\n<p>Die Universit\u00e4t entwickelt auch Forschungsaktivit\u00e4ten in <strong>Zusammenarbeit mit der Industrie<\/strong> und <strong>unterh\u00e4lt strategische Partnerschaften mit nationalen, europ\u00e4ischen und internationalen \u00f6ffentlichen Einrichtungen<\/strong>. Durch diese Partnerschaften erh\u00e4lt die Universit\u00e4t Einblick in industrielle und gesellschaftliche Herausforderungen, die zunehmend interdisziplin\u00e4re und sektor\u00fcbergreifende Ans\u00e4tze erfordern.<\/p>\n\n\n\n<p>Zu unseren \u00f6ffentlichen Partnern geh\u00f6ren EU-Institutionen wie die Europ\u00e4ische Investitionsbank oder Eurostat, verschiedene nationale Ministerien, Beh\u00f6rden und \u00c4mter, Berufskammern, Handelskammern, Bildungseinrichtungen, Stiftungen, Krankenh\u00e4user, Museen und Verb\u00e4nde.<\/p>\n\n\n\n<p>Au\u00dferdem arbeiten wir mit \u00fcber 80 Unternehmen in der Region und weltweit zusammen, darunter internationale Unternehmen wie Arcelor Mittal, Cisco Systems, Kerry Group und Paypal.<\/p>\n\n\n\n<ul class=\"wp-block-unilux-blocks-custom-buttons btn-list\"><li class=\"wp-block-unilux-blocks-custom-button\"    aria-disabled=\"false\"\n    >\n    <a\n        role=\"link\"\n        aria-disabled=\"false\"\n                    href=\"https:\/\/www.uni.lu\/de\/ueber-uns\/organisation\/verwaltung\/buero-fuer-partnerschaften-wissens-und-technologietransfer-der-universitaet-luxemburg\/\"\n                target=\"_self\"\n        class=\"btn btn--primary\"\n            >B\u00fcro f\u00fcr Partnerschaften, Wissens- und Technologietransfer der Universit\u00e4t Luxemburg<\/a>\n<\/li>\n<\/ul>\n<\/div><\/section>\n\n\n\n<section class=\"wp-block-unilux-blocks-free-section section\"><div class=\"container xl:max-w-screen-xl\">\n<h2 class=\"has-text-align-left wp-block-unilux-blocks-heading\"        id=\"snt-partnerschaftsprogramm\"\n    >\nSnT-Partnerschaftsprogramm<\/h2>\n\n\n\n<p>Das Interdisziplin\u00e4re Zentrum f\u00fcr Sicherheit, Zuverl\u00e4ssigkeit und Vertrauen (SnT) der Universit\u00e4t ist eine auf IKT spezialisierte Forschungseinrichtung der Universit\u00e4t Luxemburg und ein Vorreiter bei Partnerschaften mit der Industrie. Das SnT-Partnerschaftsprogramm ist ein zentraler Bestandteil seiner Aktivit\u00e4ten. Die von den Forschern des SnT in Zusammenarbeit mit Partnerorganisationen geleistete Arbeit tr\u00e4gt dazu bei, Luxemburgs Position als Kompetenz- und Innovationszentrum in Europa auf dem Gebiet der sicheren, zuverl\u00e4ssigen und vertrauensw\u00fcrdigen IKT-Systeme und -Dienste zu festigen.<\/p>\n\n\n\n<ul class=\"wp-block-unilux-blocks-custom-buttons btn-list\"><li class=\"wp-block-unilux-blocks-custom-button\"    aria-disabled=\"false\"\n    >\n    <a\n        role=\"link\"\n        aria-disabled=\"false\"\n                    href=\"https:\/\/www.uni.lu\/snt-en\/partner\/\"\n                target=\"_self\"\n        class=\"btn btn--primary\"\n            >SnT-Partnerschaftsprogramm (EN)<\/a>\n<\/li>\n<\/ul>\n<\/div><\/section>\n\n\n\n<section class=\"py-0 wp-block-unilux-blocks-free-section section\"><div class=\"container xl:max-w-screen-xl\">\n<h2 class=\"has-text-align-left wp-block-unilux-blocks-heading\"        id=\"instruments-of-collaboration\"\n    >\nInstruments of collaboration<\/h2>\n\n\n\n<p>Unsere <strong>Stiftungslehrst\u00fchle<\/strong> begr\u00fcnden ein langj\u00e4hriges Vertrauensverh\u00e4ltnis zwischen dem privaten oder \u00f6ffentlichen Partner und der Universit\u00e4t, von dem Studierende, Wissenschaftler, Gesellschaft und Stifter gleicherma\u00dfen profitieren &#8211; der Partner vor allem durch Forschungsergebnisse, die Gewinnung hochqualifizierter Talente und Sichtbarkeit.<\/p>\n\n\n\n<p>Bilaterale Forschungsabkommen und \u00f6ffentlich-private Partnerschaften (PPP) sind weitere wichtige Instrumente der Zusammenarbeit an der Universit\u00e4t.<\/p>\n\n\n\n<ul class=\"wp-block-unilux-blocks-custom-buttons btn-list\"><li class=\"wp-block-unilux-blocks-custom-button\"    aria-disabled=\"false\"\n    >\n    <a\n        role=\"link\"\n        aria-disabled=\"false\"\n                    href=\"https:\/\/www.uni.lu\/research-de\/zusammenarbeit-und-engagement\/stiftungsprofessuren\/\"\n                target=\"_self\"\n        class=\"btn btn--primary\"\n            >Stiftungsprofessuren<\/a>\n<\/li>\n<\/ul>\n<\/div><\/section>\n\n\n\n<section class=\"wp-block-unilux-blocks-free-section section\"><div class=\"container xl:max-w-screen-xl\">\n<h2 class=\"has-text-align-left wp-block-unilux-blocks-heading\"        id=\"public-partner\"\n    >\nPublic partner<\/h2>\n\n\n<ul class=\"flex flex-wrap mt-24 -mx-16  wp-block-unilux-blocks-free-content-card\">\n    <li class=\"w-full sm:w-1\/2 lg:w-1\/3 px-16  wp-block-unilux-blocks-free-content-card-item\">\n    <div class=\"ulux-card card-spin-offs bg-gray-300\">\n        <div class=\"ulux-card__container card__container\">\n                        <div class=\"ulux-card__visual wp-block-unilux-blocks-free-content-card-item-visual\">\n    \n<div class=\"wp-block-unilux-blocks-image-video-wrapper\">\n    <figure class=\"wp-block-dev4-reusable-blocks-image  object-fit--cover\">\n    \n<img decoding=\"async\" class=\"wp-block-image unilux-custom-image-block\"\n                alt=\"Cofunded by EU Logo\"\n            src=\"https:\/\/www.uni.lu\/wp-content\/uploads\/sites\/9\/2023\/07\/EN-Co-funded-by-the-EU_POS.jpg\"\n                    style=\"object-position: 50.00% 50.00%; font-family: &quot;object-fit: cover; object-position: 50.00% 50.00%;&quot;; aspect-ratio: 4\/3; object-fit: cover; width: 100%;\"\n        loading=\"lazy\"\n\/>    <\/figure><\/div><\/div><div class=\"ulux-card__body wp-block-unilux-blocks-free-content-card-item-body\">\n    \n<h3 class=\"ulux-card__title has-text-align-left wp-block-unilux-blocks-heading\"        id=\"europaeische-union\"\n    >\nEurop\u00e4ische Union<\/h3>\n<div class=\"ulux-card__description wp-block-unilux-blocks-free-content-card-item-free-content-area\">\n    \n<p>Die Europ\u00e4ische Union arbeitet mit Hochschuleinrichtungen und EU-Mitgliedstaaten zusammen, um den Hochschulsektor zu unterst\u00fctzen und in die Lage zu versetzen, sich an die ver\u00e4nderten Bedingungen anzupassen, zu gedeihen und zur Widerstandsf\u00e4higkeit und zum Aufschwung Europas beizutragen.<\/p>\n<\/div><div class=\"wp-block-unilux-blocks-simple-cta\">\n    <a\n        href=\"https:\/\/education.ec.europa.eu\/de\/education-levels\/higher-education\"\n        title=\"Learn more\"\n        class=\"link-text link-text--icon ulux-card__link link-text link-absolute\"\n        target=\"_blank\"\n    >\n        <span class=\"link-text__body\">\n            <span class=\"link-text__name\">Zur Website gehen<\/span>\n        <\/span>\n        <svg aria-hidden=\"true\" focusable=\"false\" class=\"icon icon-outline icon--external-link \"><use xlink:href=\"https:\/\/www.uni.lu\/wp-content\/themes\/unilux-theme\/assets\/images\/icons\/icons-outline.svg#icon--external-link\"><\/use><\/svg>    <\/a>\n<\/div>\n<\/div>        <\/div>\n    <\/div>\n<\/li><\/ul><\/div><\/section>\n<\/div>","protected":false},"excerpt":{"rendered":"","protected":false},"author":33,"featured_media":0,"parent":168,"menu_order":0,"comment_status":"closed","ping_status":"closed","template":"","meta":{"featured_image_focal_point":[],"show_featured_caption":false,"ulux_newsletter_groups":"","uluxPostTitle":"Zusammenarbeit und Engagement","uluxPrePostTitle":"Forschung","_trash_the_other_posts":false,"_price":"","_stock":"","_tribe_ticket_header":"","_tribe_default_ticket_provider":"","_tribe_ticket_capacity":"0","_ticket_start_date":"","_ticket_end_date":"","_tribe_ticket_show_description":"","_tribe_ticket_show_not_going":false,"_tribe_ticket_use_global_stock":"","_tribe_ticket_global_stock_level":"","_global_stock_mode":"","_global_stock_cap":"","_tribe_rsvp_for_event":"","_tribe_ticket_going_count":"","_tribe_ticket_not_going_count":"","_tribe_tickets_list":"[]","_tribe_ticket_has_attendee_info_fields":false,"footnotes":""},"field-of-interest":[],"organisation":[],"authorship":[33],"acf":[],"yoast_head":"<!-- This site is optimized with the Yoast SEO Premium plugin v22.3 (Yoast SEO v22.3) - https:\/\/yoast.com\/wordpress\/plugins\/seo\/ -->\n<title>\u00d6ffentliche und private Partner - Universit\u00e4t Luxemburg I Uni.lu<\/title>\n<meta name=\"description\" content=\"Die Universit\u00e4t entwickelt Forschungsaktivit\u00e4ten sowohl mit \u00f6ffentlichen als auch privaten nationalen und internationalen Partnern.\" \/>\n<meta name=\"robots\" content=\"index, follow, max-snippet:-1, max-image-preview:large, max-video-preview:-1\" \/>\n<link rel=\"canonical\" href=\"https:\/\/www.uni.lu\/research-de\/zusammenarbeit-und-engagement\/oeffentliche-und-private-partner\/\" \/>\n<meta property=\"og:locale\" content=\"de_DE\" \/>\n<meta property=\"og:type\" content=\"article\" \/>\n<meta property=\"og:title\" content=\"\u00d6ffentliche und private Partner\" \/>\n<meta property=\"og:description\" content=\"Die Universit\u00e4t entwickelt Forschungsaktivit\u00e4ten sowohl mit \u00f6ffentlichen als auch privaten nationalen und internationalen Partnern.\" \/>\n<meta property=\"og:url\" content=\"https:\/\/www.uni.lu\/research-de\/zusammenarbeit-und-engagement\/oeffentliche-und-private-partner\/\" \/>\n<meta property=\"og:site_name\" content=\"RESEARCH DE\" \/>\n<meta property=\"article:modified_time\" content=\"2024-08-02T09:16:52+00:00\" \/>\n<meta property=\"og:image\" content=\"https:\/\/www.uni.lu\/wp-content\/uploads\/sites\/27\/2026\/03\/03115723\/UNIV_SM-Profile_1600x1600px-scaled.jpg\" \/>\n\t<meta property=\"og:image:width\" content=\"2560\" \/>\n\t<meta property=\"og:image:height\" content=\"2560\" \/>\n\t<meta property=\"og:image:type\" content=\"image\/jpeg\" \/>\n<meta name=\"twitter:card\" content=\"summary_large_image\" \/>\n<meta name=\"twitter:label1\" content=\"Gesch\u00e4tzte Lesezeit\" \/>\n\t<meta name=\"twitter:data1\" content=\"2 Minuten\" \/>\n<script type=\"application\/ld+json\" class=\"yoast-schema-graph\">{\"@context\":\"https:\/\/schema.org\",\"@graph\":[{\"@type\":\"WebPage\",\"@id\":\"https:\/\/www.uni.lu\/research-de\/zusammenarbeit-und-engagement\/oeffentliche-und-private-partner\/\",\"url\":\"https:\/\/www.uni.lu\/research-de\/zusammenarbeit-und-engagement\/oeffentliche-und-private-partner\/\",\"name\":\"\u00d6ffentliche und private Partner - Universit\u00e4t Luxemburg I Uni.lu\",\"isPartOf\":{\"@id\":\"https:\/\/www.uni.lu\/research-de\/#website\"},\"datePublished\":\"2023-11-09T16:21:59+00:00\",\"dateModified\":\"2024-08-02T09:16:52+00:00\",\"description\":\"Die Universit\u00e4t entwickelt Forschungsaktivit\u00e4ten sowohl mit \u00f6ffentlichen als auch privaten nationalen und internationalen Partnern.\",\"breadcrumb\":{\"@id\":\"https:\/\/www.uni.lu\/research-de\/zusammenarbeit-und-engagement\/oeffentliche-und-private-partner\/#breadcrumb\"},\"inLanguage\":\"de-DE\",\"potentialAction\":[{\"@type\":\"ReadAction\",\"target\":[\"https:\/\/www.uni.lu\/research-de\/zusammenarbeit-und-engagement\/oeffentliche-und-private-partner\/\"]}]},{\"@type\":\"BreadcrumbList\",\"@id\":\"https:\/\/www.uni.lu\/research-de\/zusammenarbeit-und-engagement\/oeffentliche-und-private-partner\/#breadcrumb\",\"itemListElement\":[{\"@type\":\"ListItem\",\"position\":1,\"name\":\"Home\",\"item\":\"https:\/\/www.uni.lu\/de\"},{\"@type\":\"ListItem\",\"position\":2,\"name\":\"Forschung\",\"item\":\"https:\/\/www.uni.lu\/research-de\/\"},{\"@type\":\"ListItem\",\"position\":3,\"name\":\"Zusammenarbeit und Engagement\",\"item\":\"https:\/\/www.uni.lu\/research-de\/zusammenarbeit-und-engagement\/\"},{\"@type\":\"ListItem\",\"position\":4,\"name\":\"\u00d6ffentliche und private Partner\"}]},{\"@type\":\"WebSite\",\"@id\":\"https:\/\/www.uni.lu\/research-de\/#website\",\"url\":\"https:\/\/www.uni.lu\/research-de\/\",\"name\":\"Uni.lu\",\"description\":\"Forschung an der Universit\u00e4t Luxemburg\",\"publisher\":{\"@id\":\"https:\/\/www.uni.lu\/research-de\/#organization\"},\"alternateName\":\"Universit\u00e4t Luxemburg\",\"potentialAction\":[{\"@type\":\"SearchAction\",\"target\":{\"@type\":\"EntryPoint\",\"urlTemplate\":\"https:\/\/www.uni.lu\/research-de\/?s={search_term_string}\"},\"query-input\":\"required name=search_term_string\"}],\"inLanguage\":\"de-DE\"},{\"@type\":\"Organization\",\"@id\":\"https:\/\/www.uni.lu\/research-de\/#organization\",\"name\":\"Universit\u00e4t Luxemburg\",\"alternateName\":\"Uni.lu\",\"url\":\"https:\/\/www.uni.lu\/research-de\/\",\"logo\":{\"@type\":\"ImageObject\",\"inLanguage\":\"de-DE\",\"@id\":\"https:\/\/www.uni.lu\/research-de\/#\/schema\/logo\/image\/\",\"url\":\"https:\/\/www.uni.lu\/wp-content\/uploads\/sites\/27\/2026\/03\/03115723\/UNIV_SM-Profile_1600x1600px-scaled.jpg\",\"contentUrl\":\"https:\/\/www.uni.lu\/wp-content\/uploads\/sites\/27\/2026\/03\/03115723\/UNIV_SM-Profile_1600x1600px-scaled.jpg\",\"width\":2560,\"height\":2560,\"caption\":\"Universit\u00e4t Luxemburg\"},\"image\":{\"@id\":\"https:\/\/www.uni.lu\/research-de\/#\/schema\/logo\/image\/\"}}]}<\/script>\n<!-- \/ Yoast SEO Premium plugin. -->","yoast_head_json":{"title":"\u00d6ffentliche und private Partner - Universit\u00e4t Luxemburg I Uni.lu","description":"Die Universit\u00e4t entwickelt Forschungsaktivit\u00e4ten sowohl mit \u00f6ffentlichen als auch privaten nationalen und internationalen Partnern.","robots":{"index":"index","follow":"follow","max-snippet":"max-snippet:-1","max-image-preview":"max-image-preview:large","max-video-preview":"max-video-preview:-1"},"canonical":"https:\/\/www.uni.lu\/research-de\/zusammenarbeit-und-engagement\/oeffentliche-und-private-partner\/","og_locale":"de_DE","og_type":"article","og_title":"\u00d6ffentliche und private Partner","og_description":"Die Universit\u00e4t entwickelt Forschungsaktivit\u00e4ten sowohl mit \u00f6ffentlichen als auch privaten nationalen und internationalen Partnern.","og_url":"https:\/\/www.uni.lu\/research-de\/zusammenarbeit-und-engagement\/oeffentliche-und-private-partner\/","og_site_name":"RESEARCH DE","article_modified_time":"2024-08-02T09:16:52+00:00","og_image":[{"width":2560,"height":2560,"url":"https:\/\/www.uni.lu\/wp-content\/uploads\/sites\/27\/2026\/03\/03115723\/UNIV_SM-Profile_1600x1600px-scaled.jpg","type":"image\/jpeg"}],"twitter_card":"summary_large_image","twitter_misc":{"Gesch\u00e4tzte Lesezeit":"2 Minuten"},"schema":{"@context":"https:\/\/schema.org","@graph":[{"@type":"WebPage","@id":"https:\/\/www.uni.lu\/research-de\/zusammenarbeit-und-engagement\/oeffentliche-und-private-partner\/","url":"https:\/\/www.uni.lu\/research-de\/zusammenarbeit-und-engagement\/oeffentliche-und-private-partner\/","name":"\u00d6ffentliche und private Partner - Universit\u00e4t Luxemburg I Uni.lu","isPartOf":{"@id":"https:\/\/www.uni.lu\/research-de\/#website"},"datePublished":"2023-11-09T16:21:59+00:00","dateModified":"2024-08-02T09:16:52+00:00","description":"Die Universit\u00e4t entwickelt Forschungsaktivit\u00e4ten sowohl mit \u00f6ffentlichen als auch privaten nationalen und internationalen Partnern.","breadcrumb":{"@id":"https:\/\/www.uni.lu\/research-de\/zusammenarbeit-und-engagement\/oeffentliche-und-private-partner\/#breadcrumb"},"inLanguage":"de-DE","potentialAction":[{"@type":"ReadAction","target":["https:\/\/www.uni.lu\/research-de\/zusammenarbeit-und-engagement\/oeffentliche-und-private-partner\/"]}]},{"@type":"BreadcrumbList","@id":"https:\/\/www.uni.lu\/research-de\/zusammenarbeit-und-engagement\/oeffentliche-und-private-partner\/#breadcrumb","itemListElement":[{"@type":"ListItem","position":1,"name":"Home","item":"https:\/\/www.uni.lu\/de"},{"@type":"ListItem","position":2,"name":"Forschung","item":"https:\/\/www.uni.lu\/research-de\/"},{"@type":"ListItem","position":3,"name":"Zusammenarbeit und Engagement","item":"https:\/\/www.uni.lu\/research-de\/zusammenarbeit-und-engagement\/"},{"@type":"ListItem","position":4,"name":"\u00d6ffentliche und private Partner"}]},{"@type":"WebSite","@id":"https:\/\/www.uni.lu\/research-de\/#website","url":"https:\/\/www.uni.lu\/research-de\/","name":"Uni.lu","description":"Forschung an der Universit\u00e4t Luxemburg","publisher":{"@id":"https:\/\/www.uni.lu\/research-de\/#organization"},"alternateName":"Universit\u00e4t Luxemburg","potentialAction":[{"@type":"SearchAction","target":{"@type":"EntryPoint","urlTemplate":"https:\/\/www.uni.lu\/research-de\/?s={search_term_string}"},"query-input":"required name=search_term_string"}],"inLanguage":"de-DE"},{"@type":"Organization","@id":"https:\/\/www.uni.lu\/research-de\/#organization","name":"Universit\u00e4t Luxemburg","alternateName":"Uni.lu","url":"https:\/\/www.uni.lu\/research-de\/","logo":{"@type":"ImageObject","inLanguage":"de-DE","@id":"https:\/\/www.uni.lu\/research-de\/#\/schema\/logo\/image\/","url":"https:\/\/www.uni.lu\/wp-content\/uploads\/sites\/27\/2026\/03\/03115723\/UNIV_SM-Profile_1600x1600px-scaled.jpg","contentUrl":"https:\/\/www.uni.lu\/wp-content\/uploads\/sites\/27\/2026\/03\/03115723\/UNIV_SM-Profile_1600x1600px-scaled.jpg","width":2560,"height":2560,"caption":"Universit\u00e4t Luxemburg"},"image":{"@id":"https:\/\/www.uni.lu\/research-de\/#\/schema\/logo\/image\/"}}]}},"ticketed":false,"_links":{"self":[{"href":"https:\/\/www.uni.lu\/research-de\/wp-json\/wp\/v2\/pages\/179"}],"collection":[{"href":"https:\/\/www.uni.lu\/research-de\/wp-json\/wp\/v2\/pages"}],"about":[{"href":"https:\/\/www.uni.lu\/research-de\/wp-json\/wp\/v2\/types\/page"}],"author":[{"embeddable":true,"href":"https:\/\/www.uni.lu\/research-de\/wp-json\/wp\/v2\/users\/33"}],"replies":[{"embeddable":true,"href":"https:\/\/www.uni.lu\/research-de\/wp-json\/wp\/v2\/comments?post=179"}],"version-history":[{"count":4,"href":"https:\/\/www.uni.lu\/research-de\/wp-json\/wp\/v2\/pages\/179\/revisions"}],"predecessor-version":[{"id":298,"href":"https:\/\/www.uni.lu\/research-de\/wp-json\/wp\/v2\/pages\/179\/revisions\/298"}],"up":[{"embeddable":true,"href":"https:\/\/www.uni.lu\/research-de\/wp-json\/wp\/v2\/pages\/168"}],"wp:authorship":[{"embeddable":true,"href":"https:\/\/www.uni.lu\/research-de\/wp-json\/wp\/v2\/users\/33"}],"wp:attachment":[{"href":"https:\/\/www.uni.lu\/research-de\/wp-json\/wp\/v2\/media?parent=179"}],"wp:term":[{"taxonomy":"field-of-interest","embeddable":true,"href":"https:\/\/www.uni.lu\/research-de\/wp-json\/wp\/v2\/field-of-interest?post=179"},{"taxonomy":"organisation","embeddable":true,"href":"https:\/\/www.uni.lu\/research-de\/wp-json\/wp\/v2\/organisation?post=179"}],"curies":[{"name":"wp","href":"https:\/\/api.w.org\/{rel}","templated":true}]}}