{"id":170,"date":"2023-11-09T17:07:17","date_gmt":"2023-11-09T16:07:17","guid":{"rendered":"https:\/\/www.uni.lu\/research-de\/?page_id=170"},"modified":"2025-11-03T09:45:19","modified_gmt":"2025-11-03T08:45:19","slug":"ktt","status":"publish","type":"page","link":"https:\/\/www.uni.lu\/research-de\/zusammenarbeit-und-engagement\/ktt\/","title":{"rendered":"Wissens- und Technologietransfer"},"content":{"rendered":"<div class=\"section py-0 static\">\n<section class=\"py-0 wp-block-unilux-blocks-free-section section\"><div class=\"container xl:max-w-screen-xl\"><!-- SecondaryNavigationMirror --><div class=\"js-secondary-nav--sticky wp-block-unilux-blocks-secondary-navigation\" id=\"e7eede9d-58b5-403e-bc75-57d0bf658fbd\">\n    <nav id=\"secondary-navigation\" role=\"navigation\" aria-label=\"Secondary menu\" class=\"secondary-nav\">\n        <button class=\"secondary-nav__button btn btn-solid--primary w-full\" aria-expanded=\"false\" aria-controls=\"secondary-navigation__list\" title=\"The selected page is Wissens- und Technologietransfer\" type=\"button\">\n            <span class=\"btn__name mr-auto\">Wissens- und Technologietransfer<\/span>\n            <svg aria-hidden=\"true\" focusable=\"false\" class=\"icon icon-outline icon--xs\">\n                <use xlink:href=\"https:\/\/www.uni.lu\/wp-content\/themes\/unilux-theme\/assets\/images\/icons\/icons-outline.svg#icon--arrow-down\" \/>\n            <\/svg>\n        <\/button>\n\n        <ul id=\"secondary-navigation__list\" class=\"secondary-nav__list\">\n            <li class=\"secondary-nav__item\">\n    <a href=\"https:\/\/www.uni.lu\/research-de\/zusammenarbeit-und-engagement\/\" target=\"\" rel=\"noreferrer noopener\" class=\"secondary-nav__link \">\n        <svg aria-hidden=\"true\" focusable=\"false\" class=\"icon icon-outline icon--xs\">\n            <use xlink:href=\"https:\/\/www.uni.lu\/wp-content\/themes\/unilux-theme\/assets\/images\/icons\/icons-outline.svg#icon--arrow-right\" \/>\n        <\/svg>\n        <span class=\"secondary-nav__name\">\u00dcbersicht<\/span>\n    <\/a>\n<\/li>\n<li class=\"secondary-nav__item\">\n    <a href=\"https:\/\/www.uni.lu\/research-de\/zusammenarbeit-und-engagement\/ktt\/\" target=\"\" rel=\"noreferrer noopener\" class=\"secondary-nav__link isactived\" aria-current=\"page\">\n        <svg aria-hidden=\"true\" focusable=\"false\" class=\"icon icon-outline icon--xs\">\n            <use xlink:href=\"https:\/\/www.uni.lu\/wp-content\/themes\/unilux-theme\/assets\/images\/icons\/icons-outline.svg#icon--arrow-right\" \/>\n        <\/svg>\n        <span class=\"secondary-nav__name\">Wissens- und Technologietransfer<\/span>\n    <\/a>\n<\/li>\n<li class=\"secondary-nav__item\">\n    <a href=\"https:\/\/www.uni.lu\/research-de\/zusammenarbeit-und-engagement\/oeffentliche-und-private-partner\/\" target=\"\" rel=\"noreferrer noopener\" class=\"secondary-nav__link \">\n        <svg aria-hidden=\"true\" focusable=\"false\" class=\"icon icon-outline icon--xs\">\n            <use xlink:href=\"https:\/\/www.uni.lu\/wp-content\/themes\/unilux-theme\/assets\/images\/icons\/icons-outline.svg#icon--arrow-right\" \/>\n        <\/svg>\n        <span class=\"secondary-nav__name\">\u00d6ffentliche und private Partner<\/span>\n    <\/a>\n<\/li>\n<li class=\"secondary-nav__item\">\n    <a href=\"https:\/\/www.uni.lu\/research-de\/zusammenarbeit-und-engagement\/stiftungsprofessuren\/\" target=\"\" rel=\"noreferrer noopener\" class=\"secondary-nav__link \">\n        <svg aria-hidden=\"true\" focusable=\"false\" class=\"icon icon-outline icon--xs\">\n            <use xlink:href=\"https:\/\/www.uni.lu\/wp-content\/themes\/unilux-theme\/assets\/images\/icons\/icons-outline.svg#icon--arrow-right\" \/>\n        <\/svg>\n        <span class=\"secondary-nav__name\">Stiftungsprofessuren<\/span>\n    <\/a>\n<\/li>\n<li class=\"secondary-nav__item\">\n    <a href=\"https:\/\/www.uni.lu\/research-de\/zusammenarbeit-und-engagement\/spin-offs\/\" target=\"\" rel=\"noreferrer noopener\" class=\"secondary-nav__link \">\n        <svg aria-hidden=\"true\" focusable=\"false\" class=\"icon icon-outline icon--xs\">\n            <use xlink:href=\"https:\/\/www.uni.lu\/wp-content\/themes\/unilux-theme\/assets\/images\/icons\/icons-outline.svg#icon--arrow-right\" \/>\n        <\/svg>\n        <span class=\"secondary-nav__name\">Spin-offs<\/span>\n    <\/a>\n<\/li>\n        <\/ul>\n    <\/nav>\n<\/div>\n<!-- end SecondaryNavigationMirror --><\/div><\/section>\n\n\n<section class=\"section section pb-0 wp-block-unilux-blocks-page-intro \">\n    \n<div class=\"wp-block-unilux-blocks-wrapper container xl:max-w-screen-xl\">\n<div class=\"wp-block-unilux-blocks-wrapper flex flex-wrap -mx-16\">\n<div class=\"wp-block-unilux-blocks-wrapper flex-1 mb-48 px-16\">\n<h1 class=\"has-text-align-left wp-block-unilux-blocks-heading\"        id=\"wissens-und-technologietransfer\"\n    >\nWissens- und Technologietransfer<\/h1>\n\n\n\n<p>Die Universit\u00e4t Luxemburg f\u00fchlt sich ihrem offiziellen Auftrag des Wissens- und Technologietransfers zum <strong>Wohle der Gesellschaft<\/strong> verpflichtet.<\/p>\n\n\n\n<ul class=\"wp-block-unilux-blocks-custom-buttons btn-list\"><li class=\"wp-block-unilux-blocks-custom-button\"    aria-disabled=\"false\"\n    >\n    <a\n        role=\"link\"\n        aria-disabled=\"false\"\n                    href=\"mailto:paktto@uni.lu\"\n                target=\"_self\"\n        class=\"btn btn--primary\"\n            >Kontakt<\/a>\n<\/li>\n<\/ul>\n<\/div>\n\n\n\n<div class=\"wp-block-unilux-blocks-wrapper w-full md:w-auto px-16\">\n<div class=\"wp-block-unilux-blocks-wrapper flex flex-col items-center\">\n<h2 class=\"text-h4 has-text-align-left wp-block-unilux-blocks-heading\"        id=\"verfuegbare-technologien\"\n    >\nVerf\u00fcgbare Technologien<\/h2>\n\n\n<a class=\"wp-block-unilux-blocks-button-highlight-square\"\n    href=\"https:\/\/researchluxembourg.portals.in-part.com\/?category%5B%5D=7286cf34-bd79-4b6e-bf52-edb914d922b4\"\n    target=\"_blank\"\n>\n    <span class=\"btn-highlight-square__container\">\n        <div class=\"btn-highlight-square__body\">\n    <svg aria-hidden=\"true\" focusable=\"false\" class=\"icon icon-outline icon--external-link icon--xl\"><use xlink:href=\"https:\/\/www.uni.lu\/wp-content\/themes\/unilux-theme\/assets\/images\/icons\/icons-outline.svg#icon--external-link\"><\/use><\/svg>    <span class=\"btn btn--dark\">\n        \n<span class=\"btn__name wp-block-unilux-blocks-plain-text\">Unser Portfolio<\/span>    <\/span>\n<\/div><figure class=\"wp-block-dev4-reusable-blocks-image image-bg object-fit--contain\">\n    \n<img decoding=\"async\" class=\"wp-block-image unilux-custom-image-block\"\n                alt=\"\"\n            src=\"https:\/\/www.uni.lu\/wp-content\/uploads\/sites\/27\/2024\/03\/INPART-logo-2024.png\"\n                srcset=\"https:\/\/www.uni.lu\/wp-content\/uploads\/sites\/27\/2024\/03\/INPART-logo-2024-300x145.png 300w, https:\/\/www.uni.lu\/wp-content\/uploads\/sites\/27\/2024\/03\/INPART-logo-2024.png 576w\"\n                style=\"object-position: 50.00% 28.00%; font-family: &quot;object-fit: contain; object-position: 50.00% 28.00%;&quot;; aspect-ratio: 1\/1; object-fit: contain; width: 100%;\"\n        loading=\"lazy\"\n\/>    <\/figure>    <\/span>\n<\/a><\/div>\n<\/div>\n<\/div>\n<\/div>\n<\/section>\n\n\n<section class=\"wp-block-unilux-blocks-free-section section\"><div class=\"container xl:max-w-screen-xl\">\n<p>Das <strong>B\u00fcro f\u00fcr Partnerschaften, Wissens- und Technologiefransfer<\/strong> (PaKTT Office) unterst\u00fctzt Projekte von der Anfangsphase bis zur <strong>Anwendung der erzielten Forschungsergebnisse<\/strong>. In Zusammenarbeit mit der Abteilung f\u00fcr Forschungsf\u00f6rderung (RSD), der Rechtsabteilung und der Abteilung f\u00fcr Finanzen und Buchhaltung befasst sich das Team mit verschiedenen Aspekten im Zusammenhang mit der Einrichtung von Projekten, der Ausarbeitung rechtlicher Vertr\u00e4ge, dem Schutz und der Verwaltung des geistigen Eigentums, der Anwendung der Forschungsergebnisse und der F\u00f6rderung von Partnerschaften. Sie st\u00fctzt sich auf die vom Aufsichtsrat am 22. M\u00e4rz 2024 angenommene <a href=\"https:\/\/www.uni.lu\/wp-content\/uploads\/sites\/9\/2024\/08\/UL_IP_Policy_validated_CG_20240322.pdf\">IP-Politik der Universit\u00e4t<\/a>.<\/p>\n\n\n\n<p>Die Hauptziele des Teams sind die F\u00f6rderung der Relevanz von Wissenschaft und Forschung, die Verbreitung von Wissen und die Unterst\u00fctzung sozialer Innovationen und positiver Auswirkungen durch die <strong>\u00dcbertragung<\/strong> von Rechten an geistigem Eigentum auf <strong>bestehende Unternehmen<\/strong>, neu gegr\u00fcndete <strong>Spin-offs<\/strong>, <strong>\u00f6ffentliche Einrichtungen<\/strong> und <strong>Zivilorganisationen<\/strong>. Diese Transfers werden durch Partnerschaften und Zusammenarbeit mit regionalen und internationalen sozio\u00f6konomischen Akteuren erreicht und profitieren von <strong>regionaler<\/strong>, <strong>nationaler <\/strong>und <strong>europ\u00e4ischer Unterst\u00fctzung<\/strong>.<\/p>\n\n\n\n<p>Das PaKTT-B\u00fcro steht Forschern, der Zivilgesellschaft und Unternehmen zur Seite. Die Teammitglieder erhalten eine spezifische Ausbildung und bringen ihre <strong>Erfahrungen<\/strong> aus dem akademischen und unternehmerischen Bereich, aus Wissenschaft und Technologie sowie aus den Bereichen Handel, Marketing, Recht und gewerbliches Eigentum (Patente, Marken und Lizenzen) ein.<\/p>\n\n\n<div class=\"wp-block-unilux-blocks-spacer is-spacer-size-sm\"><\/div>\n\n\n<h2 class=\"has-text-align-left wp-block-unilux-blocks-heading\"        id=\"unser-team-an-ihrer-seite\"\n    >\nUnser Team an Ihrer Seite<\/h2>\n\n\n\n<div class=\"wp-block-columns is-layout-flex wp-block-columns-is-layout-flex\">\n<div class=\"wp-block-column is-layout-flow wp-block-column-is-layout-flow\" style=\"flex-basis:66.66%\"><figure class=\"wp-block-dev4-reusable-blocks-image  object-fit--cover\">\n    \n<img decoding=\"async\" class=\"wp-block-image unilux-custom-image-block\"\n                alt=\"\"\n            src=\"https:\/\/www.uni.lu\/wp-content\/uploads\/sites\/27\/2025\/11\/03094513\/IMG-20250523-WA0004-size.jpg\"\n                srcset=\"https:\/\/www.uni.lu\/wp-content\/uploads\/sites\/27\/2025\/11\/03094513\/IMG-20250523-WA0004-size-300x147.jpg 300w, https:\/\/www.uni.lu\/wp-content\/uploads\/sites\/27\/2025\/11\/03094513\/IMG-20250523-WA0004-size-1024x502.jpg 1024w, https:\/\/www.uni.lu\/wp-content\/uploads\/sites\/27\/2025\/11\/03094513\/IMG-20250523-WA0004-size-768x377.jpg 768w, https:\/\/www.uni.lu\/wp-content\/uploads\/sites\/27\/2025\/11\/03094513\/IMG-20250523-WA0004-size.jpg 1366w\"\n                style=\"object-position: 50.00% 50.00%; font-family: &quot;object-fit: cover; object-position: 50.00% 50.00%;&quot;; aspect-ratio: 16\/9; object-fit: cover; width: 100%;\"\n        loading=\"lazy\"\n\/>    <\/figure><\/div>\n\n\n\n<div class=\"wp-block-column is-layout-flow wp-block-column-is-layout-flow\" style=\"flex-basis:33.33%\"><\/div>\n<\/div>\n\n\n<div class=\"wp-block-unilux-blocks-spacer is-spacer-size-sm\"><\/div>\n\n<div class=\"icon-info-wrapper\">\n    <ul class=\"wp-block-unilux-blocks-icon-info\">\n        <li class=\"wp-block-unilux-blocks-icon-info-item\">\n    \n<div class=\"wp-block-unilux-blocks-wrapper icon-info\">\n\n<div class=\" -2  wp-block-unilux-blocks-icon-picker\">\n    <svg aria-hidden=\"true\" focusable=\"false\" class=\"icon icon-outline icon--email \"><use xlink:href=\"https:\/\/www.uni.lu\/wp-content\/themes\/unilux-theme\/assets\/images\/icons\/icons-outline.svg#icon--email\"><\/use><\/svg><\/div>\n\n<p class=\"has-1-125-rem-font-size\"><a href=\"mailto:paktto@uni.lu\">paktto@uni.lu<\/a><\/p>\n\n<\/div>\n<\/li>\n    <\/ul>\n<\/div>\n<\/div><\/section>\n<\/div>","protected":false},"excerpt":{"rendered":"","protected":false},"author":58,"featured_media":0,"parent":168,"menu_order":0,"comment_status":"closed","ping_status":"closed","template":"","meta":{"featured_image_focal_point":[],"show_featured_caption":false,"ulux_newsletter_groups":"","uluxPostTitle":"Zusammenarbeit und Engagement","uluxPrePostTitle":"Forschung","_trash_the_other_posts":false,"_price":"","_stock":"","_tribe_ticket_header":"","_tribe_default_ticket_provider":"","_tribe_ticket_capacity":"0","_ticket_start_date":"","_ticket_end_date":"","_tribe_ticket_show_description":"","_tribe_ticket_show_not_going":false,"_tribe_ticket_use_global_stock":"","_tribe_ticket_global_stock_level":"","_global_stock_mode":"","_global_stock_cap":"","_tribe_rsvp_for_event":"","_tribe_ticket_going_count":"","_tribe_ticket_not_going_count":"","_tribe_tickets_list":"[]","_tribe_ticket_has_attendee_info_fields":false,"footnotes":""},"field-of-interest":[],"organisation":[],"authorship":[58],"acf":[],"yoast_head":"<!-- This site is optimized with the Yoast SEO Premium plugin v22.3 (Yoast SEO v22.3) - https:\/\/yoast.com\/wordpress\/plugins\/seo\/ -->\n<title>Wissens- und Technologietransfer - Universit\u00e4t Luxemburg I Uni.lu<\/title>\n<meta name=\"description\" content=\"Die Universit\u00e4t Luxemburg f\u00fchlt sich ihrem offiziellen Auftrag des Wissens- und Technologietransfers zum Wohle der Gesellschaft verpflichtet.\" \/>\n<meta name=\"robots\" content=\"index, follow, max-snippet:-1, max-image-preview:large, max-video-preview:-1\" \/>\n<link rel=\"canonical\" href=\"https:\/\/www.uni.lu\/research-de\/zusammenarbeit-und-engagement\/ktt\/\" \/>\n<meta property=\"og:locale\" content=\"de_DE\" \/>\n<meta property=\"og:type\" content=\"article\" \/>\n<meta property=\"og:title\" content=\"Wissens- und Technologietransfer\" \/>\n<meta property=\"og:description\" content=\"Die Universit\u00e4t Luxemburg f\u00fchlt sich ihrem offiziellen Auftrag des Wissens- und Technologietransfers zum Wohle der Gesellschaft verpflichtet.\" \/>\n<meta property=\"og:url\" content=\"https:\/\/www.uni.lu\/research-de\/zusammenarbeit-und-engagement\/ktt\/\" \/>\n<meta property=\"og:site_name\" content=\"RESEARCH DE\" \/>\n<meta property=\"article:modified_time\" content=\"2025-11-03T08:45:19+00:00\" \/>\n<meta property=\"og:image\" content=\"https:\/\/www.uni.lu\/wp-content\/uploads\/sites\/27\/2026\/03\/03115723\/UNIV_SM-Profile_1600x1600px-scaled.jpg\" \/>\n\t<meta property=\"og:image:width\" content=\"2560\" \/>\n\t<meta property=\"og:image:height\" content=\"2560\" \/>\n\t<meta property=\"og:image:type\" content=\"image\/jpeg\" \/>\n<meta name=\"twitter:card\" content=\"summary_large_image\" \/>\n<meta name=\"twitter:label1\" content=\"Gesch\u00e4tzte Lesezeit\" \/>\n\t<meta name=\"twitter:data1\" content=\"2 Minuten\" \/>\n<script type=\"application\/ld+json\" class=\"yoast-schema-graph\">{\"@context\":\"https:\/\/schema.org\",\"@graph\":[{\"@type\":\"WebPage\",\"@id\":\"https:\/\/www.uni.lu\/research-de\/zusammenarbeit-und-engagement\/ktt\/\",\"url\":\"https:\/\/www.uni.lu\/research-de\/zusammenarbeit-und-engagement\/ktt\/\",\"name\":\"Wissens- und Technologietransfer - Universit\u00e4t Luxemburg I Uni.lu\",\"isPartOf\":{\"@id\":\"https:\/\/www.uni.lu\/research-de\/#website\"},\"datePublished\":\"2023-11-09T16:07:17+00:00\",\"dateModified\":\"2025-11-03T08:45:19+00:00\",\"description\":\"Die Universit\u00e4t Luxemburg f\u00fchlt sich ihrem offiziellen Auftrag des Wissens- und Technologietransfers zum Wohle der Gesellschaft verpflichtet.\",\"breadcrumb\":{\"@id\":\"https:\/\/www.uni.lu\/research-de\/zusammenarbeit-und-engagement\/ktt\/#breadcrumb\"},\"inLanguage\":\"de-DE\",\"potentialAction\":[{\"@type\":\"ReadAction\",\"target\":[\"https:\/\/www.uni.lu\/research-de\/zusammenarbeit-und-engagement\/ktt\/\"]}]},{\"@type\":\"BreadcrumbList\",\"@id\":\"https:\/\/www.uni.lu\/research-de\/zusammenarbeit-und-engagement\/ktt\/#breadcrumb\",\"itemListElement\":[{\"@type\":\"ListItem\",\"position\":1,\"name\":\"Home\",\"item\":\"https:\/\/www.uni.lu\/de\"},{\"@type\":\"ListItem\",\"position\":2,\"name\":\"Forschung\",\"item\":\"https:\/\/www.uni.lu\/research-de\/\"},{\"@type\":\"ListItem\",\"position\":3,\"name\":\"Zusammenarbeit und Engagement\",\"item\":\"https:\/\/www.uni.lu\/research-de\/zusammenarbeit-und-engagement\/\"},{\"@type\":\"ListItem\",\"position\":4,\"name\":\"Wissens- und Technologietransfer\"}]},{\"@type\":\"WebSite\",\"@id\":\"https:\/\/www.uni.lu\/research-de\/#website\",\"url\":\"https:\/\/www.uni.lu\/research-de\/\",\"name\":\"Uni.lu\",\"description\":\"Forschung an der Universit\u00e4t Luxemburg\",\"publisher\":{\"@id\":\"https:\/\/www.uni.lu\/research-de\/#organization\"},\"alternateName\":\"Universit\u00e4t Luxemburg\",\"potentialAction\":[{\"@type\":\"SearchAction\",\"target\":{\"@type\":\"EntryPoint\",\"urlTemplate\":\"https:\/\/www.uni.lu\/research-de\/?s={search_term_string}\"},\"query-input\":\"required name=search_term_string\"}],\"inLanguage\":\"de-DE\"},{\"@type\":\"Organization\",\"@id\":\"https:\/\/www.uni.lu\/research-de\/#organization\",\"name\":\"Universit\u00e4t Luxemburg\",\"alternateName\":\"Uni.lu\",\"url\":\"https:\/\/www.uni.lu\/research-de\/\",\"logo\":{\"@type\":\"ImageObject\",\"inLanguage\":\"de-DE\",\"@id\":\"https:\/\/www.uni.lu\/research-de\/#\/schema\/logo\/image\/\",\"url\":\"https:\/\/www.uni.lu\/wp-content\/uploads\/sites\/27\/2026\/03\/03115723\/UNIV_SM-Profile_1600x1600px-scaled.jpg\",\"contentUrl\":\"https:\/\/www.uni.lu\/wp-content\/uploads\/sites\/27\/2026\/03\/03115723\/UNIV_SM-Profile_1600x1600px-scaled.jpg\",\"width\":2560,\"height\":2560,\"caption\":\"Universit\u00e4t Luxemburg\"},\"image\":{\"@id\":\"https:\/\/www.uni.lu\/research-de\/#\/schema\/logo\/image\/\"}}]}<\/script>\n<!-- \/ Yoast SEO Premium plugin. -->","yoast_head_json":{"title":"Wissens- und Technologietransfer - Universit\u00e4t Luxemburg I Uni.lu","description":"Die Universit\u00e4t Luxemburg f\u00fchlt sich ihrem offiziellen Auftrag des Wissens- und Technologietransfers zum Wohle der Gesellschaft verpflichtet.","robots":{"index":"index","follow":"follow","max-snippet":"max-snippet:-1","max-image-preview":"max-image-preview:large","max-video-preview":"max-video-preview:-1"},"canonical":"https:\/\/www.uni.lu\/research-de\/zusammenarbeit-und-engagement\/ktt\/","og_locale":"de_DE","og_type":"article","og_title":"Wissens- und Technologietransfer","og_description":"Die Universit\u00e4t Luxemburg f\u00fchlt sich ihrem offiziellen Auftrag des Wissens- und Technologietransfers zum Wohle der Gesellschaft verpflichtet.","og_url":"https:\/\/www.uni.lu\/research-de\/zusammenarbeit-und-engagement\/ktt\/","og_site_name":"RESEARCH DE","article_modified_time":"2025-11-03T08:45:19+00:00","og_image":[{"width":2560,"height":2560,"url":"https:\/\/www.uni.lu\/wp-content\/uploads\/sites\/27\/2026\/03\/03115723\/UNIV_SM-Profile_1600x1600px-scaled.jpg","type":"image\/jpeg"}],"twitter_card":"summary_large_image","twitter_misc":{"Gesch\u00e4tzte Lesezeit":"2 Minuten"},"schema":{"@context":"https:\/\/schema.org","@graph":[{"@type":"WebPage","@id":"https:\/\/www.uni.lu\/research-de\/zusammenarbeit-und-engagement\/ktt\/","url":"https:\/\/www.uni.lu\/research-de\/zusammenarbeit-und-engagement\/ktt\/","name":"Wissens- und Technologietransfer - Universit\u00e4t Luxemburg I Uni.lu","isPartOf":{"@id":"https:\/\/www.uni.lu\/research-de\/#website"},"datePublished":"2023-11-09T16:07:17+00:00","dateModified":"2025-11-03T08:45:19+00:00","description":"Die Universit\u00e4t Luxemburg f\u00fchlt sich ihrem offiziellen Auftrag des Wissens- und Technologietransfers zum Wohle der Gesellschaft verpflichtet.","breadcrumb":{"@id":"https:\/\/www.uni.lu\/research-de\/zusammenarbeit-und-engagement\/ktt\/#breadcrumb"},"inLanguage":"de-DE","potentialAction":[{"@type":"ReadAction","target":["https:\/\/www.uni.lu\/research-de\/zusammenarbeit-und-engagement\/ktt\/"]}]},{"@type":"BreadcrumbList","@id":"https:\/\/www.uni.lu\/research-de\/zusammenarbeit-und-engagement\/ktt\/#breadcrumb","itemListElement":[{"@type":"ListItem","position":1,"name":"Home","item":"https:\/\/www.uni.lu\/de"},{"@type":"ListItem","position":2,"name":"Forschung","item":"https:\/\/www.uni.lu\/research-de\/"},{"@type":"ListItem","position":3,"name":"Zusammenarbeit und Engagement","item":"https:\/\/www.uni.lu\/research-de\/zusammenarbeit-und-engagement\/"},{"@type":"ListItem","position":4,"name":"Wissens- und Technologietransfer"}]},{"@type":"WebSite","@id":"https:\/\/www.uni.lu\/research-de\/#website","url":"https:\/\/www.uni.lu\/research-de\/","name":"Uni.lu","description":"Forschung an der Universit\u00e4t Luxemburg","publisher":{"@id":"https:\/\/www.uni.lu\/research-de\/#organization"},"alternateName":"Universit\u00e4t Luxemburg","potentialAction":[{"@type":"SearchAction","target":{"@type":"EntryPoint","urlTemplate":"https:\/\/www.uni.lu\/research-de\/?s={search_term_string}"},"query-input":"required name=search_term_string"}],"inLanguage":"de-DE"},{"@type":"Organization","@id":"https:\/\/www.uni.lu\/research-de\/#organization","name":"Universit\u00e4t Luxemburg","alternateName":"Uni.lu","url":"https:\/\/www.uni.lu\/research-de\/","logo":{"@type":"ImageObject","inLanguage":"de-DE","@id":"https:\/\/www.uni.lu\/research-de\/#\/schema\/logo\/image\/","url":"https:\/\/www.uni.lu\/wp-content\/uploads\/sites\/27\/2026\/03\/03115723\/UNIV_SM-Profile_1600x1600px-scaled.jpg","contentUrl":"https:\/\/www.uni.lu\/wp-content\/uploads\/sites\/27\/2026\/03\/03115723\/UNIV_SM-Profile_1600x1600px-scaled.jpg","width":2560,"height":2560,"caption":"Universit\u00e4t Luxemburg"},"image":{"@id":"https:\/\/www.uni.lu\/research-de\/#\/schema\/logo\/image\/"}}]}},"ticketed":false,"_links":{"self":[{"href":"https:\/\/www.uni.lu\/research-de\/wp-json\/wp\/v2\/pages\/170"}],"collection":[{"href":"https:\/\/www.uni.lu\/research-de\/wp-json\/wp\/v2\/pages"}],"about":[{"href":"https:\/\/www.uni.lu\/research-de\/wp-json\/wp\/v2\/types\/page"}],"author":[{"embeddable":true,"href":"https:\/\/www.uni.lu\/research-de\/wp-json\/wp\/v2\/users\/58"}],"replies":[{"embeddable":true,"href":"https:\/\/www.uni.lu\/research-de\/wp-json\/wp\/v2\/comments?post=170"}],"version-history":[{"count":4,"href":"https:\/\/www.uni.lu\/research-de\/wp-json\/wp\/v2\/pages\/170\/revisions"}],"predecessor-version":[{"id":721,"href":"https:\/\/www.uni.lu\/research-de\/wp-json\/wp\/v2\/pages\/170\/revisions\/721"}],"up":[{"embeddable":true,"href":"https:\/\/www.uni.lu\/research-de\/wp-json\/wp\/v2\/pages\/168"}],"wp:authorship":[{"embeddable":true,"href":"https:\/\/www.uni.lu\/research-de\/wp-json\/wp\/v2\/users\/58"}],"wp:attachment":[{"href":"https:\/\/www.uni.lu\/research-de\/wp-json\/wp\/v2\/media?parent=170"}],"wp:term":[{"taxonomy":"field-of-interest","embeddable":true,"href":"https:\/\/www.uni.lu\/research-de\/wp-json\/wp\/v2\/field-of-interest?post=170"},{"taxonomy":"organisation","embeddable":true,"href":"https:\/\/www.uni.lu\/research-de\/wp-json\/wp\/v2\/organisation?post=170"}],"curies":[{"name":"wp","href":"https:\/\/api.w.org\/{rel}","templated":true}]}}