{"id":168,"date":"2023-11-09T17:05:15","date_gmt":"2023-11-09T16:05:15","guid":{"rendered":"https:\/\/www.uni.lu\/research-de\/?page_id=168"},"modified":"2024-08-02T11:07:08","modified_gmt":"2024-08-02T09:07:08","slug":"zusammenarbeit-und-engagement","status":"publish","type":"page","link":"https:\/\/www.uni.lu\/research-de\/zusammenarbeit-und-engagement\/","title":{"rendered":"Zusammenarbeit und Engagement"},"content":{"rendered":"<div class=\"section py-0 static\"><div class=\"section py-0 section wp-block-unilux-blocks-navigation-and-hero py-0\">\n    \n<div class=\"wp-block-unilux-blocks-wrapper container xl:max-w-screen-xl\"><div class=\"js-secondary-nav--sticky wp-block-unilux-blocks-secondary-navigation\" id=\"e7eede9d-58b5-403e-bc75-57d0bf658fbd\">\n    <nav\n        id=\"secondary-navigation\"\n        role=\"navigation\"\n        aria-label=\"Secondary menu\"\n        class=\"secondary-nav\"\n    >\n        <button\n            class=\"secondary-nav__button btn btn-solid--primary w-full\"\n            aria-expanded=\"false\"\n            aria-controls=\"secondary-navigation__list\"\n            title=\"The selected page is \u00dcbersicht\"\n            type=\"button\"\n        >\n            <span class=\"btn__name mr-auto\">\u00dcbersicht<\/span>\n            <svg aria-hidden=\"true\" focusable=\"false\" class=\"icon icon-outline icon--xs\">\n                <use xlink:href=\"https:\/\/www.uni.lu\/wp-content\/themes\/unilux-theme\/assets\/images\/icons\/icons-outline.svg#icon--arrow-down\" \/>\n            <\/svg>\n        <\/button>\n\n        <ul id=\"secondary-navigation__list\" class=\"secondary-nav__list\">\n            <li class=\"secondary-nav__item\">\n    <a\n        href=\"https:\/\/www.uni.lu\/research-de\/zusammenarbeit-und-engagement\/\"\n        target=\"\"\n        rel=\"noreferrer noopener\"\n        class=\"secondary-nav__link isactived\"\n        aria-current=\"page\"    >\n        <svg aria-hidden=\"true\" focusable=\"false\" class=\"icon icon-outline icon--xs\">\n            <use xlink:href=\"https:\/\/www.uni.lu\/wp-content\/themes\/unilux-theme\/assets\/images\/icons\/icons-outline.svg#icon--arrow-right\" \/>\n        <\/svg>\n        <span class=\"secondary-nav__name\">\u00dcbersicht<\/span>\n    <\/a>\n<\/li>\n<li class=\"secondary-nav__item\">\n    <a\n        href=\"https:\/\/www.uni.lu\/research-de\/zusammenarbeit-und-engagement\/ktt\/\"\n        target=\"\"\n        rel=\"noreferrer noopener\"\n        class=\"secondary-nav__link \"\n            >\n        <svg aria-hidden=\"true\" focusable=\"false\" class=\"icon icon-outline icon--xs\">\n            <use xlink:href=\"https:\/\/www.uni.lu\/wp-content\/themes\/unilux-theme\/assets\/images\/icons\/icons-outline.svg#icon--arrow-right\" \/>\n        <\/svg>\n        <span class=\"secondary-nav__name\">Wissens- und Technologietransfer<\/span>\n    <\/a>\n<\/li>\n<li class=\"secondary-nav__item\">\n    <a\n        href=\"https:\/\/www.uni.lu\/research-de\/zusammenarbeit-und-engagement\/oeffentliche-und-private-partner\/\"\n        target=\"\"\n        rel=\"noreferrer noopener\"\n        class=\"secondary-nav__link \"\n            >\n        <svg aria-hidden=\"true\" focusable=\"false\" class=\"icon icon-outline icon--xs\">\n            <use xlink:href=\"https:\/\/www.uni.lu\/wp-content\/themes\/unilux-theme\/assets\/images\/icons\/icons-outline.svg#icon--arrow-right\" \/>\n        <\/svg>\n        <span class=\"secondary-nav__name\">\u00d6ffentliche und private Partner<\/span>\n    <\/a>\n<\/li>\n<li class=\"secondary-nav__item\">\n    <a\n        href=\"https:\/\/www.uni.lu\/research-de\/zusammenarbeit-und-engagement\/stiftungsprofessuren\/\"\n        target=\"\"\n        rel=\"noreferrer noopener\"\n        class=\"secondary-nav__link \"\n            >\n        <svg aria-hidden=\"true\" focusable=\"false\" class=\"icon icon-outline icon--xs\">\n            <use xlink:href=\"https:\/\/www.uni.lu\/wp-content\/themes\/unilux-theme\/assets\/images\/icons\/icons-outline.svg#icon--arrow-right\" \/>\n        <\/svg>\n        <span class=\"secondary-nav__name\">Stiftungsprofessuren<\/span>\n    <\/a>\n<\/li>\n<li class=\"secondary-nav__item\">\n    <a\n        href=\"https:\/\/www.uni.lu\/research-de\/zusammenarbeit-und-engagement\/spin-offs\/\"\n        target=\"\"\n        rel=\"noreferrer noopener\"\n        class=\"secondary-nav__link \"\n            >\n        <svg aria-hidden=\"true\" focusable=\"false\" class=\"icon icon-outline icon--xs\">\n            <use xlink:href=\"https:\/\/www.uni.lu\/wp-content\/themes\/unilux-theme\/assets\/images\/icons\/icons-outline.svg#icon--arrow-right\" \/>\n        <\/svg>\n        <span class=\"secondary-nav__name\">Spin-offs<\/span>\n    <\/a>\n<\/li>\n        <\/ul>\n    <\/nav>\n<\/div>\n<\/div>\n\n<div class=\"wp-block-unilux-blocks-wrapper max-w-screen-3xl mx-auto section py-0\">\n<section class=\"section no-padding-y wp-block-unilux-blocks-hero\">\n    <div class=\"hero hero--2 hero--overlay-top \">\n        \n<header class=\"wp-block-unilux-blocks-wrapper hero__header\">\n<div class=\"wp-block-unilux-blocks-wrapper hero__container\">\n<span class=\"hero__title__subject wp-block-unilux-blocks-plain-text\"><\/span>\n\n\n<h1 class=\"has-text-align-left wp-block-unilux-blocks-heading\"        id=\"zusammenarbeit-und-engagement\"\n    >\nZusammenarbeit und Engagement<\/h1>\n<\/div>\n<\/header>\n<figure class=\"wp-block-dev4-reusable-blocks-image hero__visual object-fit--cover\">\n    \n<img decoding=\"async\" class=\"wp-block-image unilux-custom-image-block\"\n                alt=\"\"\n            src=\"https:\/\/www.uni.lu\/wp-content\/uploads\/sites\/8\/2023\/07\/20161006_UNI-Belval_Bat-MSA_1235.jpg\"\n                    style=\"object-position: 79.00% 53.00%; font-family: &quot;object-fit: cover; object-position: 79.00% 53.00%;&quot;; aspect-ratio: 16\/9; object-fit: cover; width: 100%;\"\n        loading=\"lazy\"\n\/>    <\/figure>\n<div class=\"wp-block-unilux-blocks-wrapper hero__body\">\n<div class=\"wp-block-unilux-blocks-wrapper hero__container\">\n<p class=\"wp-block-unilux-blocks-plain-text\">Die Universit\u00e4t Luxemburg setzt auf Wissens- und Technologietransfer, um ihre Erkenntnisse in praktische Innovationen umzusetzen, die sowohl der Industrie als auch der Gesellschaft zugute kommen. Diese Innovationen verbessern die Wettbewerbsf\u00e4higkeit unserer Gesellschaft, f\u00f6rdern das kritische Denken und tragen zu unserem allgemeinen wirtschaftlichen Wohlstand bei.<\/p>\n\n\n<ul class=\"wp-block-unilux-blocks-custom-buttons btn-list\"><li class=\"wp-block-unilux-blocks-custom-button\"    aria-disabled=\"false\"\n    >\n    <a\n        role=\"link\"\n        aria-disabled=\"false\"\n                    href=\"https:\/\/www.uni.lu\/research-de\/zusammenarbeit-und-engagement\/ktt\/\"\n                target=\"_self\"\n        class=\"btn btn--primary\"\n            >Wissens- und Technologietransfer<\/a>\n<\/li>\n\n\n<\/ul>\n<\/div>\n<\/div>\n    <\/div>\n<\/section><\/div>\n<\/div>\n\n\n<section class=\"wp-block-unilux-blocks-free-section section\"><div class=\"container xl:max-w-screen-xl\">\n<p>Die Universit\u00e4t st\u00fctzt sich auf Partnerschaften mit privaten und \u00f6ffentlichen Partnern und nutzt Instrumente wie <a href=\"https:\/\/www.uni.lu\/research-de\/zusammenarbeit-und-engagement\/stiftungsprofessuren\/\">Stiftungsprofessuren<\/a>, gef\u00f6rderte Promotionen oder gemeinsame und gemeinschaftlich entwickelte Forschungsprogramme. Die Forschungst\u00e4tigkeit an der Universit\u00e4t hat bereits zur Gr\u00fcndung mehrerer <a href=\"https:\/\/www.uni.lu\/research-de\/zusammenarbeit-und-engagement\/spin-offs\/\">Spin-offs<\/a> gef\u00fchrt.<\/p>\n\n\n\n<p>Der Erkenntnistransfer st\u00fctzt sich h\u00e4ufig auf Naturwissenschaften und Technologie, aber die Universit\u00e4t strebt auch Partnerschaften an, die das in den Sozial-, Geistes- und Rechtswissenschaften erworbene Wissen nutzbar machen und damit auch den sozialen Unternehmergeist f\u00f6rdern.<\/p>\n\n\n\n<p>Die Universit\u00e4t betreibt das <a href=\"https:\/\/www.uni.lu\/en\/about\/organisation\/administration\/incubator-entrepreneurship-programme\/\">Gr\u00fcnderzentrum (EN)<\/a>, das allen Mitgliedern der Universit\u00e4tsgemeinschaft (einschlie\u00dflich Alumni) offen steht und Workshops und Mentoring f\u00fcr diejenigen anbietet, die eine unternehmerische Idee verfolgen m\u00f6chten. Es beherbergt auch einige der aus der Universit\u00e4t hervorgegangenen Start-ups\/Spin-offs und bietet Schulungen zum Unternehmertum an.<\/p>\n<\/div><\/section>\n<\/div>","protected":false},"excerpt":{"rendered":"","protected":false},"author":33,"featured_media":0,"parent":0,"menu_order":10,"comment_status":"closed","ping_status":"closed","template":"","meta":{"featured_image_focal_point":[],"show_featured_caption":false,"ulux_newsletter_groups":"","uluxPostTitle":"Zusammenarbeit und Engagement","uluxPrePostTitle":"Forschung","_trash_the_other_posts":false,"_price":"","_stock":"","_tribe_ticket_header":"","_tribe_default_ticket_provider":"","_tribe_ticket_capacity":"0","_ticket_start_date":"","_ticket_end_date":"","_tribe_ticket_show_description":"","_tribe_ticket_show_not_going":false,"_tribe_ticket_use_global_stock":"","_tribe_ticket_global_stock_level":"","_global_stock_mode":"","_global_stock_cap":"","_tribe_rsvp_for_event":"","_tribe_ticket_going_count":"","_tribe_ticket_not_going_count":"","_tribe_tickets_list":"[]","_tribe_ticket_has_attendee_info_fields":false,"footnotes":""},"field-of-interest":[],"organisation":[],"authorship":[33],"acf":[],"yoast_head":"<!-- This site is optimized with the Yoast SEO Premium plugin v22.3 (Yoast SEO v22.3) - https:\/\/yoast.com\/wordpress\/plugins\/seo\/ -->\n<title>Zusammenarbeit und Engagement - Universit\u00e4t Luxemburg I Uni.lu<\/title>\n<meta name=\"description\" content=\"Die Universit\u00e4t nutzt ihre Zusammenarbeit und ihr Engagement beim Wissens- und Technologietransfer f\u00fcr praktische Innovationen.\" \/>\n<meta name=\"robots\" content=\"index, follow, max-snippet:-1, max-image-preview:large, max-video-preview:-1\" \/>\n<link rel=\"canonical\" href=\"https:\/\/www.uni.lu\/research-de\/zusammenarbeit-und-engagement\/\" \/>\n<meta property=\"og:locale\" content=\"de_DE\" \/>\n<meta property=\"og:type\" content=\"article\" \/>\n<meta property=\"og:title\" content=\"Zusammenarbeit und Engagement\" \/>\n<meta property=\"og:description\" content=\"Die Universit\u00e4t nutzt ihre Zusammenarbeit und ihr Engagement beim Wissens- und Technologietransfer f\u00fcr praktische Innovationen.\" \/>\n<meta property=\"og:url\" content=\"https:\/\/www.uni.lu\/research-de\/zusammenarbeit-und-engagement\/\" \/>\n<meta property=\"og:site_name\" content=\"RESEARCH DE\" \/>\n<meta property=\"article:modified_time\" content=\"2024-08-02T09:07:08+00:00\" \/>\n<meta property=\"og:image\" content=\"https:\/\/www.uni.lu\/wp-content\/uploads\/sites\/27\/2026\/03\/03115723\/UNIV_SM-Profile_1600x1600px-scaled.jpg\" \/>\n\t<meta property=\"og:image:width\" content=\"2560\" \/>\n\t<meta property=\"og:image:height\" content=\"2560\" \/>\n\t<meta property=\"og:image:type\" content=\"image\/jpeg\" \/>\n<meta name=\"twitter:card\" content=\"summary_large_image\" \/>\n<meta name=\"twitter:label1\" content=\"Gesch\u00e4tzte Lesezeit\" \/>\n\t<meta name=\"twitter:data1\" content=\"1 Minute\" \/>\n<script type=\"application\/ld+json\" class=\"yoast-schema-graph\">{\"@context\":\"https:\/\/schema.org\",\"@graph\":[{\"@type\":\"WebPage\",\"@id\":\"https:\/\/www.uni.lu\/research-de\/zusammenarbeit-und-engagement\/\",\"url\":\"https:\/\/www.uni.lu\/research-de\/zusammenarbeit-und-engagement\/\",\"name\":\"Zusammenarbeit und Engagement - Universit\u00e4t Luxemburg I Uni.lu\",\"isPartOf\":{\"@id\":\"https:\/\/www.uni.lu\/research-de\/#website\"},\"datePublished\":\"2023-11-09T16:05:15+00:00\",\"dateModified\":\"2024-08-02T09:07:08+00:00\",\"description\":\"Die Universit\u00e4t nutzt ihre Zusammenarbeit und ihr Engagement beim Wissens- und Technologietransfer f\u00fcr praktische Innovationen.\",\"breadcrumb\":{\"@id\":\"https:\/\/www.uni.lu\/research-de\/zusammenarbeit-und-engagement\/#breadcrumb\"},\"inLanguage\":\"de-DE\",\"potentialAction\":[{\"@type\":\"ReadAction\",\"target\":[\"https:\/\/www.uni.lu\/research-de\/zusammenarbeit-und-engagement\/\"]}]},{\"@type\":\"BreadcrumbList\",\"@id\":\"https:\/\/www.uni.lu\/research-de\/zusammenarbeit-und-engagement\/#breadcrumb\",\"itemListElement\":[{\"@type\":\"ListItem\",\"position\":1,\"name\":\"Home\",\"item\":\"https:\/\/www.uni.lu\/de\"},{\"@type\":\"ListItem\",\"position\":2,\"name\":\"Forschung\",\"item\":\"https:\/\/www.uni.lu\/research-de\/\"},{\"@type\":\"ListItem\",\"position\":3,\"name\":\"Zusammenarbeit und Engagement\"}]},{\"@type\":\"WebSite\",\"@id\":\"https:\/\/www.uni.lu\/research-de\/#website\",\"url\":\"https:\/\/www.uni.lu\/research-de\/\",\"name\":\"Uni.lu\",\"description\":\"Forschung an der Universit\u00e4t Luxemburg\",\"publisher\":{\"@id\":\"https:\/\/www.uni.lu\/research-de\/#organization\"},\"alternateName\":\"Universit\u00e4t Luxemburg\",\"potentialAction\":[{\"@type\":\"SearchAction\",\"target\":{\"@type\":\"EntryPoint\",\"urlTemplate\":\"https:\/\/www.uni.lu\/research-de\/?s={search_term_string}\"},\"query-input\":\"required name=search_term_string\"}],\"inLanguage\":\"de-DE\"},{\"@type\":\"Organization\",\"@id\":\"https:\/\/www.uni.lu\/research-de\/#organization\",\"name\":\"Universit\u00e4t Luxemburg\",\"alternateName\":\"Uni.lu\",\"url\":\"https:\/\/www.uni.lu\/research-de\/\",\"logo\":{\"@type\":\"ImageObject\",\"inLanguage\":\"de-DE\",\"@id\":\"https:\/\/www.uni.lu\/research-de\/#\/schema\/logo\/image\/\",\"url\":\"https:\/\/www.uni.lu\/wp-content\/uploads\/sites\/27\/2026\/03\/03115723\/UNIV_SM-Profile_1600x1600px-scaled.jpg\",\"contentUrl\":\"https:\/\/www.uni.lu\/wp-content\/uploads\/sites\/27\/2026\/03\/03115723\/UNIV_SM-Profile_1600x1600px-scaled.jpg\",\"width\":2560,\"height\":2560,\"caption\":\"Universit\u00e4t Luxemburg\"},\"image\":{\"@id\":\"https:\/\/www.uni.lu\/research-de\/#\/schema\/logo\/image\/\"}}]}<\/script>\n<!-- \/ Yoast SEO Premium plugin. -->","yoast_head_json":{"title":"Zusammenarbeit und Engagement - Universit\u00e4t Luxemburg I Uni.lu","description":"Die Universit\u00e4t nutzt ihre Zusammenarbeit und ihr Engagement beim Wissens- und Technologietransfer f\u00fcr praktische Innovationen.","robots":{"index":"index","follow":"follow","max-snippet":"max-snippet:-1","max-image-preview":"max-image-preview:large","max-video-preview":"max-video-preview:-1"},"canonical":"https:\/\/www.uni.lu\/research-de\/zusammenarbeit-und-engagement\/","og_locale":"de_DE","og_type":"article","og_title":"Zusammenarbeit und Engagement","og_description":"Die Universit\u00e4t nutzt ihre Zusammenarbeit und ihr Engagement beim Wissens- und Technologietransfer f\u00fcr praktische Innovationen.","og_url":"https:\/\/www.uni.lu\/research-de\/zusammenarbeit-und-engagement\/","og_site_name":"RESEARCH DE","article_modified_time":"2024-08-02T09:07:08+00:00","og_image":[{"width":2560,"height":2560,"url":"https:\/\/www.uni.lu\/wp-content\/uploads\/sites\/27\/2026\/03\/03115723\/UNIV_SM-Profile_1600x1600px-scaled.jpg","type":"image\/jpeg"}],"twitter_card":"summary_large_image","twitter_misc":{"Gesch\u00e4tzte Lesezeit":"1 Minute"},"schema":{"@context":"https:\/\/schema.org","@graph":[{"@type":"WebPage","@id":"https:\/\/www.uni.lu\/research-de\/zusammenarbeit-und-engagement\/","url":"https:\/\/www.uni.lu\/research-de\/zusammenarbeit-und-engagement\/","name":"Zusammenarbeit und Engagement - Universit\u00e4t Luxemburg I Uni.lu","isPartOf":{"@id":"https:\/\/www.uni.lu\/research-de\/#website"},"datePublished":"2023-11-09T16:05:15+00:00","dateModified":"2024-08-02T09:07:08+00:00","description":"Die Universit\u00e4t nutzt ihre Zusammenarbeit und ihr Engagement beim Wissens- und Technologietransfer f\u00fcr praktische Innovationen.","breadcrumb":{"@id":"https:\/\/www.uni.lu\/research-de\/zusammenarbeit-und-engagement\/#breadcrumb"},"inLanguage":"de-DE","potentialAction":[{"@type":"ReadAction","target":["https:\/\/www.uni.lu\/research-de\/zusammenarbeit-und-engagement\/"]}]},{"@type":"BreadcrumbList","@id":"https:\/\/www.uni.lu\/research-de\/zusammenarbeit-und-engagement\/#breadcrumb","itemListElement":[{"@type":"ListItem","position":1,"name":"Home","item":"https:\/\/www.uni.lu\/de"},{"@type":"ListItem","position":2,"name":"Forschung","item":"https:\/\/www.uni.lu\/research-de\/"},{"@type":"ListItem","position":3,"name":"Zusammenarbeit und Engagement"}]},{"@type":"WebSite","@id":"https:\/\/www.uni.lu\/research-de\/#website","url":"https:\/\/www.uni.lu\/research-de\/","name":"Uni.lu","description":"Forschung an der Universit\u00e4t Luxemburg","publisher":{"@id":"https:\/\/www.uni.lu\/research-de\/#organization"},"alternateName":"Universit\u00e4t Luxemburg","potentialAction":[{"@type":"SearchAction","target":{"@type":"EntryPoint","urlTemplate":"https:\/\/www.uni.lu\/research-de\/?s={search_term_string}"},"query-input":"required name=search_term_string"}],"inLanguage":"de-DE"},{"@type":"Organization","@id":"https:\/\/www.uni.lu\/research-de\/#organization","name":"Universit\u00e4t Luxemburg","alternateName":"Uni.lu","url":"https:\/\/www.uni.lu\/research-de\/","logo":{"@type":"ImageObject","inLanguage":"de-DE","@id":"https:\/\/www.uni.lu\/research-de\/#\/schema\/logo\/image\/","url":"https:\/\/www.uni.lu\/wp-content\/uploads\/sites\/27\/2026\/03\/03115723\/UNIV_SM-Profile_1600x1600px-scaled.jpg","contentUrl":"https:\/\/www.uni.lu\/wp-content\/uploads\/sites\/27\/2026\/03\/03115723\/UNIV_SM-Profile_1600x1600px-scaled.jpg","width":2560,"height":2560,"caption":"Universit\u00e4t Luxemburg"},"image":{"@id":"https:\/\/www.uni.lu\/research-de\/#\/schema\/logo\/image\/"}}]}},"ticketed":false,"_links":{"self":[{"href":"https:\/\/www.uni.lu\/research-de\/wp-json\/wp\/v2\/pages\/168"}],"collection":[{"href":"https:\/\/www.uni.lu\/research-de\/wp-json\/wp\/v2\/pages"}],"about":[{"href":"https:\/\/www.uni.lu\/research-de\/wp-json\/wp\/v2\/types\/page"}],"author":[{"embeddable":true,"href":"https:\/\/www.uni.lu\/research-de\/wp-json\/wp\/v2\/users\/33"}],"replies":[{"embeddable":true,"href":"https:\/\/www.uni.lu\/research-de\/wp-json\/wp\/v2\/comments?post=168"}],"version-history":[{"count":4,"href":"https:\/\/www.uni.lu\/research-de\/wp-json\/wp\/v2\/pages\/168\/revisions"}],"predecessor-version":[{"id":365,"href":"https:\/\/www.uni.lu\/research-de\/wp-json\/wp\/v2\/pages\/168\/revisions\/365"}],"wp:authorship":[{"embeddable":true,"href":"https:\/\/www.uni.lu\/research-de\/wp-json\/wp\/v2\/users\/33"}],"wp:attachment":[{"href":"https:\/\/www.uni.lu\/research-de\/wp-json\/wp\/v2\/media?parent=168"}],"wp:term":[{"taxonomy":"field-of-interest","embeddable":true,"href":"https:\/\/www.uni.lu\/research-de\/wp-json\/wp\/v2\/field-of-interest?post=168"},{"taxonomy":"organisation","embeddable":true,"href":"https:\/\/www.uni.lu\/research-de\/wp-json\/wp\/v2\/organisation?post=168"}],"curies":[{"name":"wp","href":"https:\/\/api.w.org\/{rel}","templated":true}]}}