{"id":246,"date":"2023-11-09T08:17:28","date_gmt":"2023-11-09T07:17:28","guid":{"rendered":"https:\/\/www.uni.lu\/llc-fr\/?page_id=246"},"modified":"2026-04-07T08:10:47","modified_gmt":"2026-04-07T06:10:47","slug":"llc","status":"publish","type":"page","link":"https:\/\/www.uni.lu\/llc-fr\/","title":{"rendered":"Luxembourg Learning Centre"},"content":{"rendered":"\n<section class=\"wp-block-unilux-blocks-hero-az section\">\n<section class=\"section no-padding-y wp-block-unilux-blocks-hero\">\n    <div class=\"hero hero--2 hero--overlay-top hero--overlay-bottom\">\n        \n<header class=\"wp-block-unilux-blocks-wrapper hero__header\">\n<div class=\"wp-block-unilux-blocks-wrapper hero__container\">\n<span class=\"hero__title__subject wp-block-unilux-blocks-plain-text\"><\/span>\n\n\n<h1 class=\"has-text-align-left wp-block-unilux-blocks-heading\"        id=\"le-llc-abrite-la-bibliotheque-universitaire\"\n    >\nLe LLC abrite la biblioth\u00e8que universitaire<\/h1>\n<\/div>\n<\/header>\n<figure class=\"wp-block-dev4-reusable-blocks-image hero__visual object-fit--cover\">\n    \n<img decoding=\"async\" class=\"wp-block-image unilux-custom-image-block\"\n                alt=\"LLC facade\"\n            src=\"https:\/\/www.uni.lu\/wp-content\/uploads\/sites\/14\/2023\/07\/LLC-facade-s.jpg\"\n                    style=\"object-position: 50.00% 50.00%; font-family: &quot;object-fit: cover; object-position: 50.00% 50.00%;&quot;; aspect-ratio: 16\/9; object-fit: cover; width: 100%;\"\n        loading=\"lazy\"\n\/>    <\/figure>\n<div class=\"wp-block-unilux-blocks-wrapper hero__body\">\n<div class=\"wp-block-unilux-blocks-wrapper hero__container\">\n<p class=\"wp-block-unilux-blocks-plain-text\">Ouvert. Innovant. Inspirant.<\/p>\n\n\n<ul class=\"wp-block-unilux-blocks-custom-buttons btn-list\"><li class=\"wp-block-unilux-blocks-custom-button\"    aria-disabled=\"false\"\n    >\n    <a\n        role=\"link\"\n        aria-disabled=\"false\"\n                    href=\"https:\/\/www.uni.lu\/llc-en\/\"\n                target=\"_self\"\n        class=\"btn btn--primary\"\n            >Aller sur le site en anglais<\/a>\n<\/li>\n\n\n<\/ul>\n<\/div>\n<\/div>\n    <\/div>\n<\/section>\n\n\n<div class=\"wp-block-unilux-blocks-wrapper container xl:max-w-screen-xl\">\n<div class=\"wp-block-unilux-blocks-wrapper flex flex-wrap\">\n<div class=\"wp-block-unilux-blocks-wrapper w-full lg:w-1\/2\">\n<div class=\"wp-block-unilux-blocks-wrapper search-az-lu\" role=\"search\">\n<h2 class=\"has-text-align-left wp-block-unilux-blocks-heading\"        id=\"rechercher-dans-a-z-lu\"\n    >\nRechercher dans a-z.lu<\/h2>\n\n\n\n<p class=\"wp-block-unilux-blocks-plain-text\">a-z.lu est un moteur de recherche qui vous permet d&rsquo;acc\u00e9der \u00e0 toute la documentation des 94 biblioth\u00e8ques luxembourgeoises du r\u00e9seau Bibnet.lu.<\/p>\n\n\n<form \n    id=\"form-az-lu-search-1\" \n    name=\"form-az-lu-search-1\" \n    action=\"#\" \n    class=\"wp-block-unilux-blocks-search-in-az\">\n    <label for=\"form-az-lu-search-1-input\" class=\"form-label\">\n        <span class=\"form-label__name text-white\">\n            Ajoutez votre mot-cl\u00e9        <\/span>\n    <\/label>\n\n    <input \n        id=\"form-az-lu-search-1-input\"\n        name=\"form-az-lu-search-1-input\" \n        type=\"search\"\n        class=\"form-text-field\"\n        aria-describedby=\"form-az-lu-search-1-feedback\"\n        aria-required=\"true\"\n        aria-invalid=\"false\"\n        placeholder=\"Tapez un mot-cl\u00e9 pour effectuer une recherche\" \n    \/>\n\n    <div id=\"form-az-lu-search-1-feedback\" class=\"form-feedback\">\n        Please provide a keyword    <\/div>\n\n    <ul class=\"btn-list justify-end\">\n        <li>\n            <button type=\"submit\" class=\"btn btn--dark btn--icon\">\n                <svg aria-hidden=\"true\" focusable=\"false\" class=\"icon icon-outline icon--search icon--white\"><use xlink:href=\"https:\/\/www.uni.lu\/wp-content\/themes\/unilux-theme\/assets\/images\/icons\/icons-outline.svg#icon--search\"><\/use><\/svg>                <span class=\"btn__name\">\n                    Recherche                <\/span>\n            <\/button>\n        <\/li>\n    <\/ul>\n<\/form><\/div>\n<\/div>\n\n\n\n<div class=\"wp-block-unilux-blocks-wrapper w-full lg:w-1\/2\">\n<div class=\"wp-block-unilux-blocks-wrapper opening-hours-hightlighted\">\n<h2 class=\"has-text-align-left wp-block-unilux-blocks-heading\"        id=\"horaires-douverture\"\n    >\nHoraires d&rsquo;ouverture<\/h2>\n\n\n\n<p class=\"wp-block-unilux-blocks-plain-text\"><\/p>\n\n\n<ul class=\"wp-block-unilux-blocks-opening-hours-list list-opening-hours\"><li class=\"wp-block-unilux-blocks-opening-hours-list-item\">\n    <span class=\"list-opening-hours__hour\">08:00-22:00<\/span>\n    <span class=\"opening-hours__day\">Lundi &#8211; Vendredi<\/span>\n<\/li>\n\n\n<li class=\"wp-block-unilux-blocks-opening-hours-list-item\">\n    <span class=\"list-opening-hours__hour\">08:00-17:00<\/span>\n    <span class=\"opening-hours__day\">Samedi<\/span>\n<\/li>\n\n\n<li class=\"wp-block-unilux-blocks-opening-hours-list-item\">\n    <span class=\"list-opening-hours__hour\">08:00-17:00<\/span>\n    <span class=\"opening-hours__day\">Dimanche<\/span>\n<\/li>\n<\/ul>\n\n\n\n<ul class=\"wp-block-unilux-blocks-wrapper btn-list\"><li class=\"btn--white wp-block-unilux-blocks-custom-button\"    aria-disabled=\"false\"\n    >\n    <a\n        role=\"link\"\n        aria-disabled=\"false\"\n                    href=\"https:\/\/www.uni.lu\/wp-content\/uploads\/sites\/14\/2025\/09\/01113748\/LLC_calendrier-ouverture_2025-2026-prevision.pdf\"\n                target=\"_blank\"\n        class=\"btn btn--primary\"\n            >Calendrier LLC 2025-2026<\/a>\n<\/li>\n<\/ul>\n<\/div>\n<\/div>\n<\/div>\n<\/div>\n<\/section>\n","protected":false},"excerpt":{"rendered":"","protected":false},"author":33,"featured_media":0,"parent":0,"menu_order":1,"comment_status":"closed","ping_status":"closed","template":"","meta":{"featured_image_focal_point":[],"show_featured_caption":false,"ulux_newsletter_groups":"","uluxPostTitle":"Luxembourg Learning Centre (LLC)","uluxPrePostTitle":"","_trash_the_other_posts":false,"_price":"","_stock":"","_tribe_ticket_header":"","_tribe_default_ticket_provider":"","_tribe_ticket_capacity":"0","_ticket_start_date":"","_ticket_end_date":"","_tribe_ticket_show_description":"","_tribe_ticket_show_not_going":false,"_tribe_ticket_use_global_stock":"","_tribe_ticket_global_stock_level":"","_global_stock_mode":"","_global_stock_cap":"","_tribe_rsvp_for_event":"","_tribe_ticket_going_count":"","_tribe_ticket_not_going_count":"","_tribe_tickets_list":"[]","_tribe_ticket_has_attendee_info_fields":false,"footnotes":""},"field-of-interest":[],"organisation":[],"authorship":[33],"acf":[],"yoast_head":"<!-- This site is optimized with the Yoast SEO Premium plugin v22.3 (Yoast SEO v22.3) - https:\/\/yoast.com\/wordpress\/plugins\/seo\/ -->\n<title>Luxembourg Learning Centre I Uni.lu<\/title>\n<meta name=\"description\" content=\"Le Luxembourg Learning Centre abrite la biblioth\u00e8que universitaire et est ouvert \u00e0 tous ceux qui recherchent des informations scientifiques dans un environnement innovant.\" \/>\n<meta name=\"robots\" content=\"index, follow, max-snippet:-1, max-image-preview:large, max-video-preview:-1\" \/>\n<link rel=\"canonical\" href=\"https:\/\/www.uni.lu\/llc-fr\/\" \/>\n<meta property=\"og:locale\" content=\"fr_FR\" \/>\n<meta property=\"og:type\" content=\"article\" \/>\n<meta property=\"og:title\" content=\"Luxembourg Learning Centre\" \/>\n<meta property=\"og:description\" content=\"Le Luxembourg Learning Centre abrite la biblioth\u00e8que universitaire et est ouvert \u00e0 tous ceux qui recherchent des informations scientifiques dans un environnement innovant.\" \/>\n<meta property=\"og:url\" content=\"https:\/\/www.uni.lu\/llc-fr\/\" \/>\n<meta property=\"og:site_name\" content=\"LLC FR\" \/>\n<meta property=\"article:modified_time\" content=\"2026-04-07T06:10:47+00:00\" \/>\n<meta property=\"og:image\" content=\"https:\/\/www.uni.lu\/wp-content\/uploads\/sites\/26\/2026\/03\/03115434\/UNIV_SM-Profile_1600x1600px-scaled.jpg\" \/>\n\t<meta property=\"og:image:width\" content=\"2560\" \/>\n\t<meta property=\"og:image:height\" content=\"2560\" \/>\n\t<meta property=\"og:image:type\" content=\"image\/jpeg\" \/>\n<meta name=\"twitter:card\" content=\"summary_large_image\" \/>\n<script type=\"application\/ld+json\" class=\"yoast-schema-graph\">{\"@context\":\"https:\/\/schema.org\",\"@graph\":[{\"@type\":\"WebPage\",\"@id\":\"https:\/\/www.uni.lu\/llc-fr\/\",\"url\":\"https:\/\/www.uni.lu\/llc-fr\/\",\"name\":\"Luxembourg Learning Centre I Uni.lu\",\"isPartOf\":{\"@id\":\"https:\/\/www.uni.lu\/llc-fr\/#website\"},\"datePublished\":\"2023-11-09T07:17:28+00:00\",\"dateModified\":\"2026-04-07T06:10:47+00:00\",\"description\":\"Le Luxembourg Learning Centre abrite la biblioth\u00e8que universitaire et est ouvert \u00e0 tous ceux qui recherchent des informations scientifiques dans un environnement innovant.\",\"breadcrumb\":{\"@id\":\"https:\/\/www.uni.lu\/llc-fr\/#breadcrumb\"},\"inLanguage\":\"fr-FR\",\"potentialAction\":[{\"@type\":\"ReadAction\",\"target\":[\"https:\/\/www.uni.lu\/llc-fr\/\"]}]},{\"@type\":\"BreadcrumbList\",\"@id\":\"https:\/\/www.uni.lu\/llc-fr\/#breadcrumb\",\"itemListElement\":[{\"@type\":\"ListItem\",\"position\":1,\"name\":\"Home\",\"item\":\"https:\/\/www.uni.lu\/fr\"},{\"@type\":\"ListItem\",\"position\":2,\"name\":\"Luxembourg Learning Centre (LLC)\",\"item\":\"https:\/\/www.uni.lu\/llc-fr\/\"},{\"@type\":\"ListItem\",\"position\":3,\"name\":\"Luxembourg Learning Centre\"}]},{\"@type\":\"WebSite\",\"@id\":\"https:\/\/www.uni.lu\/llc-fr\/#website\",\"url\":\"https:\/\/www.uni.lu\/llc-fr\/\",\"name\":\"LLC\",\"description\":\"Luxembourg Learning Centre I Uni.lu\",\"publisher\":{\"@id\":\"https:\/\/www.uni.lu\/llc-fr\/#organization\"},\"alternateName\":\"Luxembourg Learning Centre I Universit\u00e9 du Luxembourg\",\"potentialAction\":[{\"@type\":\"SearchAction\",\"target\":{\"@type\":\"EntryPoint\",\"urlTemplate\":\"https:\/\/www.uni.lu\/llc-fr\/?s={search_term_string}\"},\"query-input\":\"required name=search_term_string\"}],\"inLanguage\":\"fr-FR\"},{\"@type\":\"Organization\",\"@id\":\"https:\/\/www.uni.lu\/llc-fr\/#organization\",\"name\":\"LLC - University of Luxembourg I Uni.lu\",\"alternateName\":\"Luxembourg Learning Centre\",\"url\":\"https:\/\/www.uni.lu\/llc-fr\/\",\"logo\":{\"@type\":\"ImageObject\",\"inLanguage\":\"fr-FR\",\"@id\":\"https:\/\/www.uni.lu\/llc-fr\/#\/schema\/logo\/image\/\",\"url\":\"https:\/\/www.uni.lu\/wp-content\/uploads\/sites\/26\/2026\/03\/03115434\/UNIV_SM-Profile_1600x1600px-scaled.jpg\",\"contentUrl\":\"https:\/\/www.uni.lu\/wp-content\/uploads\/sites\/26\/2026\/03\/03115434\/UNIV_SM-Profile_1600x1600px-scaled.jpg\",\"width\":2560,\"height\":2560,\"caption\":\"LLC - University of Luxembourg I Uni.lu\"},\"image\":{\"@id\":\"https:\/\/www.uni.lu\/llc-fr\/#\/schema\/logo\/image\/\"}}]}<\/script>\n<!-- \/ Yoast SEO Premium plugin. -->","yoast_head_json":{"title":"Luxembourg Learning Centre I Uni.lu","description":"Le Luxembourg Learning Centre abrite la biblioth\u00e8que universitaire et est ouvert \u00e0 tous ceux qui recherchent des informations scientifiques dans un environnement innovant.","robots":{"index":"index","follow":"follow","max-snippet":"max-snippet:-1","max-image-preview":"max-image-preview:large","max-video-preview":"max-video-preview:-1"},"canonical":"https:\/\/www.uni.lu\/llc-fr\/","og_locale":"fr_FR","og_type":"article","og_title":"Luxembourg Learning Centre","og_description":"Le Luxembourg Learning Centre abrite la biblioth\u00e8que universitaire et est ouvert \u00e0 tous ceux qui recherchent des informations scientifiques dans un environnement innovant.","og_url":"https:\/\/www.uni.lu\/llc-fr\/","og_site_name":"LLC FR","article_modified_time":"2026-04-07T06:10:47+00:00","og_image":[{"width":2560,"height":2560,"url":"https:\/\/www.uni.lu\/wp-content\/uploads\/sites\/26\/2026\/03\/03115434\/UNIV_SM-Profile_1600x1600px-scaled.jpg","type":"image\/jpeg"}],"twitter_card":"summary_large_image","schema":{"@context":"https:\/\/schema.org","@graph":[{"@type":"WebPage","@id":"https:\/\/www.uni.lu\/llc-fr\/","url":"https:\/\/www.uni.lu\/llc-fr\/","name":"Luxembourg Learning Centre I Uni.lu","isPartOf":{"@id":"https:\/\/www.uni.lu\/llc-fr\/#website"},"datePublished":"2023-11-09T07:17:28+00:00","dateModified":"2026-04-07T06:10:47+00:00","description":"Le Luxembourg Learning Centre abrite la biblioth\u00e8que universitaire et est ouvert \u00e0 tous ceux qui recherchent des informations scientifiques dans un environnement innovant.","breadcrumb":{"@id":"https:\/\/www.uni.lu\/llc-fr\/#breadcrumb"},"inLanguage":"fr-FR","potentialAction":[{"@type":"ReadAction","target":["https:\/\/www.uni.lu\/llc-fr\/"]}]},{"@type":"BreadcrumbList","@id":"https:\/\/www.uni.lu\/llc-fr\/#breadcrumb","itemListElement":[{"@type":"ListItem","position":1,"name":"Home","item":"https:\/\/www.uni.lu\/fr"},{"@type":"ListItem","position":2,"name":"Luxembourg Learning Centre (LLC)","item":"https:\/\/www.uni.lu\/llc-fr\/"},{"@type":"ListItem","position":3,"name":"Luxembourg Learning Centre"}]},{"@type":"WebSite","@id":"https:\/\/www.uni.lu\/llc-fr\/#website","url":"https:\/\/www.uni.lu\/llc-fr\/","name":"LLC","description":"Luxembourg Learning Centre I Uni.lu","publisher":{"@id":"https:\/\/www.uni.lu\/llc-fr\/#organization"},"alternateName":"Luxembourg Learning Centre I Universit\u00e9 du Luxembourg","potentialAction":[{"@type":"SearchAction","target":{"@type":"EntryPoint","urlTemplate":"https:\/\/www.uni.lu\/llc-fr\/?s={search_term_string}"},"query-input":"required name=search_term_string"}],"inLanguage":"fr-FR"},{"@type":"Organization","@id":"https:\/\/www.uni.lu\/llc-fr\/#organization","name":"LLC - University of Luxembourg I Uni.lu","alternateName":"Luxembourg Learning Centre","url":"https:\/\/www.uni.lu\/llc-fr\/","logo":{"@type":"ImageObject","inLanguage":"fr-FR","@id":"https:\/\/www.uni.lu\/llc-fr\/#\/schema\/logo\/image\/","url":"https:\/\/www.uni.lu\/wp-content\/uploads\/sites\/26\/2026\/03\/03115434\/UNIV_SM-Profile_1600x1600px-scaled.jpg","contentUrl":"https:\/\/www.uni.lu\/wp-content\/uploads\/sites\/26\/2026\/03\/03115434\/UNIV_SM-Profile_1600x1600px-scaled.jpg","width":2560,"height":2560,"caption":"LLC - University of Luxembourg I Uni.lu"},"image":{"@id":"https:\/\/www.uni.lu\/llc-fr\/#\/schema\/logo\/image\/"}}]}},"ticketed":false,"_links":{"self":[{"href":"https:\/\/www.uni.lu\/llc-fr\/wp-json\/wp\/v2\/pages\/246"}],"collection":[{"href":"https:\/\/www.uni.lu\/llc-fr\/wp-json\/wp\/v2\/pages"}],"about":[{"href":"https:\/\/www.uni.lu\/llc-fr\/wp-json\/wp\/v2\/types\/page"}],"author":[{"embeddable":true,"href":"https:\/\/www.uni.lu\/llc-fr\/wp-json\/wp\/v2\/users\/33"}],"replies":[{"embeddable":true,"href":"https:\/\/www.uni.lu\/llc-fr\/wp-json\/wp\/v2\/comments?post=246"}],"version-history":[{"count":5,"href":"https:\/\/www.uni.lu\/llc-fr\/wp-json\/wp\/v2\/pages\/246\/revisions"}],"predecessor-version":[{"id":945,"href":"https:\/\/www.uni.lu\/llc-fr\/wp-json\/wp\/v2\/pages\/246\/revisions\/945"}],"wp:authorship":[{"embeddable":true,"href":"https:\/\/www.uni.lu\/llc-fr\/wp-json\/wp\/v2\/users\/33"}],"wp:attachment":[{"href":"https:\/\/www.uni.lu\/llc-fr\/wp-json\/wp\/v2\/media?parent=246"}],"wp:term":[{"taxonomy":"field-of-interest","embeddable":true,"href":"https:\/\/www.uni.lu\/llc-fr\/wp-json\/wp\/v2\/field-of-interest?post=246"},{"taxonomy":"organisation","embeddable":true,"href":"https:\/\/www.uni.lu\/llc-fr\/wp-json\/wp\/v2\/organisation?post=246"}],"curies":[{"name":"wp","href":"https:\/\/api.w.org\/{rel}","templated":true}]}}