{"id":3003,"date":"2024-03-14T08:39:18","date_gmt":"2024-03-14T07:39:18","guid":{"rendered":"https:\/\/www.uni.lu\/llc-en\/?page_id=3003"},"modified":"2025-09-05T14:44:57","modified_gmt":"2025-09-05T12:44:57","slug":"finding-and-using-library-resources-de","status":"publish","type":"page","link":"https:\/\/www.uni.lu\/llc-en\/skills-support\/training-catalogue\/finding-and-using-library-resources-de\/","title":{"rendered":"Finding and using library resources (de)"},"content":{"rendered":"<section class=\"section section pb-0 wp-block-unilux-blocks-page-intro\">\n    \n<div class=\"wp-block-unilux-blocks-wrapper container xl:max-w-screen-xl\">\n<div class=\"wp-block-unilux-blocks-wrapper flex flex-wrap -mx-16\">\n<div class=\"wp-block-unilux-blocks-wrapper flex-1 mb-48 px-16\">\n<h1 class=\"has-text-align-left wp-block-unilux-blocks-heading\"        id=\"bibliotheksressourcen-finden-und-nutzen\"\n    >\nBibliotheksressourcen finden und nutzen<\/h1>\n\n\n\n<p>Sie ben\u00f6tigen Dokumente, wissen aber nicht, wie Sie diese finden k\u00f6nnen? Das LLC steht Ihnen zur Verf\u00fcgung, um Sie durch die wesentlichen Schritte der Recherche und des Zugriffs auf die Dokumente zu f\u00fchren, die Sie f\u00fcr Ihre Arbeit oder Dissertation ben\u00f6tigen!<br><br>In dieser Schulung werden wir Ihnen die F\u00e4higkeiten und Ressourcen vermitteln, die Sie ben\u00f6tigen, um hochwertige wissenschaftliche Informationen zu finden. Ob Sie sich auf die Erkundung eines faszinierenden Themas einlassen oder tief in ein komplexes Thema eintauchen m\u00f6chten, unsere Bibliotheksexperten begleiten Sie auf Ihrem Weg.<br><br>Alle Schulungen sind <strong>kostenlos<\/strong> und finden im Luxembourg Learning Centre (LLC) statt. Eine <strong>Anmeldung <\/strong>\u00fcber Affluences ist jedoch <strong>verpflichtend<\/strong>. Registrieren Sie sich mit Ihrer <strong>Universit\u00e4ts-E-Mail-Adresse.<\/strong><\/p>\n\n\n\n<ul class=\"wp-block-unilux-blocks-custom-buttons btn-list\"><\/ul>\n<\/div>\n\n\n\n<div class=\"wp-block-unilux-blocks-wrapper w-full md:w-auto px-16\">\n<div class=\"wp-block-unilux-blocks-wrapper flex flex-col items-center\">\n<h2 class=\"text-h4 has-text-align-left wp-block-unilux-blocks-heading\"        id=\"register\"\n    >\nRegister<\/h2>\n\n\n<a class=\"wp-block-unilux-blocks-button-highlight-square\"\n    href=\"https:\/\/affluences.com\/universite-du-luxembourg-1\/luxembourg-learning-centre\/reservation\"\n    target=\"_blank\"\n>\n    <span class=\"btn-highlight-square__container\">\n        <div class=\"btn-highlight-square__body\">\n    <svg aria-hidden=\"true\" focusable=\"false\" class=\"icon icon-outline icon--external-link icon--xl\"><use xlink:href=\"https:\/\/www.uni.lu\/wp-content\/themes\/unilux-theme\/assets\/images\/icons\/icons-outline.svg#icon--external-link\"><\/use><\/svg>    <span class=\"btn btn--dark\">\n        \n<span class=\"btn__name wp-block-unilux-blocks-plain-text\">To be determined<\/span>    <\/span>\n<\/div><figure class=\"wp-block-dev4-reusable-blocks-image image-bg object-fit--contain\">\n    \n<img decoding=\"async\" class=\"wp-block-image unilux-custom-image-block\"\n                alt=\"Affluences, minimal logo\"\n            src=\"https:\/\/www.uni.lu\/wp-content\/uploads\/sites\/14\/2023\/07\/Affluences-minimal-logo.png\"\n                srcset=\"https:\/\/www.uni.lu\/wp-content\/uploads\/sites\/14\/2023\/07\/Affluences-minimal-logo-300x300.png 300w, https:\/\/www.uni.lu\/wp-content\/uploads\/sites\/14\/2023\/07\/Affluences-minimal-logo-150x150.png 150w, https:\/\/www.uni.lu\/wp-content\/uploads\/sites\/14\/2023\/07\/Affluences-minimal-logo.png 320w\"\n                style=\"object-position: 50.00% 50.00%; font-family: &quot;object-fit: contain; object-position: 50.00% 50.00%;&quot;; aspect-ratio: 1\/1; object-fit: contain; width: 75%;\"\n        loading=\"lazy\"\n\/>    <\/figure>    <\/span>\n<\/a><\/div>\n<\/div>\n<\/div>\n<\/div>\n<\/section>\n\n\n<section class=\"py-0 wp-block-unilux-blocks-free-section section\"><div class=\"container xl:max-w-screen-xl\"><div class=\"wp-block-unilux-blocks-spacer is-spacer-size-sm\"><\/div>\n\n\n<h3 class=\"has-text-align-left wp-block-unilux-blocks-heading\"        id=\"im-laufe-der-schulung-werden-folgende-kenntnisse-vermittelt\"\n    >\nIm Laufe der Schulung werden folgende Kenntnisse vermittelt<\/h3>\n\n\n\n<p>\u2022 Navigation in unserem Bibliothekskatalog (a-z.lu): Entwickeln Sie die n\u00f6tigen Fertigkeiten, um umfangreiche Ressourcen zu nutzen, darunter digitale Datenbanken, physische Sammlungen und spezialisierte Recherchetools.<\/p>\n\n\n\n<p>\u2022 Effektive Recherchestrategien: Erlernen Sie die notwendigen Techniken zur Durchf\u00fchrung von Recherchen, die pr\u00e4zise und relevante Ergebnisse liefern und Ihnen wertvolle Zeit sparen.<\/p>\n\n\n\n<p>\u2022 Zugang zu elektronischen Ressourcen: Erweitern Sie Ihr Wissen, wie und unter welchen Bedingungen Sie von Ihrem eigenen Computer aus auf lizenzierte E-Books, wissenschaftliche Zeitschriften und andere digitale Ressourcen zugreifen k\u00f6nnen.<\/p>\n\n\n\n<p>Diese Schulung richtet sich an alle Studierenden, die an einer allgemeinen Einf\u00fchrung in die Bibliotheksressourcen interessiert sind. Ob Sie gerade erst beginnen wollen oder bereits tief in Ihren Recherchen stecken, unsere Veranstaltung bietet Ihnen wertvolle Informationen und Ressourcen zur Optimierung Ihrer Arbeit.<\/p>\n<\/div><\/section>\n\n\n\n<section class=\"wp-block-unilux-blocks-free-section section\"><div class=\"container xl:max-w-screen-xl\">\n<ul class=\"wp-block-unilux-blocks-quick-link-highlight quick-link-list\">\n<li class=\"wp-block-unilux-blocks-quick-link-highlight-item\">\n    <a\n                    href=\"https:\/\/www.uni.lu\/llc-en\/skills-support\/training-catalogue\/\"\n                    class=\"quick-link\"\n            target=\"\"\n    >\n            <span class=\"quick-link__container\">\n                <span class=\"quick-link__body\">\n                    <span class=\"quick-link__number\">\n                                            <\/span>\n                    <span class=\"quick-link__title\">\n                        Catalogue of academic skills trainings                    <\/span>\n                    <span class=\"quick-link__action\">\n                        Boost your skills                    <\/span>\n                <\/span>\n                <svg aria-hidden=\"true\" focusable=\"false\" class=\"icon icon-outline icon--arrow-right \"><use xlink:href=\"https:\/\/www.uni.lu\/wp-content\/themes\/unilux-theme\/assets\/images\/icons\/icons-outline.svg#icon--arrow-right\"><\/use><\/svg>            <\/span>\n    <\/a>\n<\/li>\n<\/ul>\n\n\n\n<p><strong>Any questions ? Send us an email<\/strong><\/p>\n\n\n<div class=\"icon-info-wrapper\">\n    <ul class=\"wp-block-unilux-blocks-icon-info\">\n        <li class=\"wp-block-unilux-blocks-icon-info-item\">\n    \n<div class=\"wp-block-unilux-blocks-wrapper icon-info\">\n<div class=\"icon--primary icon--secondary-2  wp-block-unilux-blocks-icon-picker\">\n    <svg aria-hidden=\"true\" focusable=\"false\" class=\"icon icon-outline icon--email \"><use xlink:href=\"https:\/\/www.uni.lu\/wp-content\/themes\/unilux-theme\/assets\/images\/icons\/icons-outline.svg#icon--email\"><\/use><\/svg><\/div>\n\n\n<p class=\"has-1-125-rem-font-size\"><a href=\"mailto:askalibrarian@uni.lu\" target=\"_blank\" rel=\"noreferrer noopener\">askalibrarian@uni.lu<\/a><\/p>\n<\/div>\n<\/li>\n    <\/ul>\n<\/div>\n<\/div><\/section>\n","protected":false},"excerpt":{"rendered":"","protected":false},"author":44,"featured_media":0,"parent":1870,"menu_order":0,"comment_status":"closed","ping_status":"closed","template":"","meta":{"featured_image_focal_point":[],"show_featured_caption":false,"ulux_newsletter_groups":"","uluxPostTitle":"","uluxPrePostTitle":"","_trash_the_other_posts":false,"_price":"","_stock":"","_tribe_ticket_header":"","_tribe_default_ticket_provider":"","_tribe_ticket_capacity":"0","_ticket_start_date":"","_ticket_end_date":"","_tribe_ticket_show_description":"","_tribe_ticket_show_not_going":false,"_tribe_ticket_use_global_stock":"","_tribe_ticket_global_stock_level":"","_global_stock_mode":"","_global_stock_cap":"","_tribe_rsvp_for_event":"","_tribe_ticket_going_count":"","_tribe_ticket_not_going_count":"","_tribe_tickets_list":"[]","_tribe_ticket_has_attendee_info_fields":false,"footnotes":""},"field-of-interest":[],"organisation":[],"authorship":[44,39],"acf":[],"yoast_head":"<!-- This site is optimized with the Yoast SEO Premium plugin v22.3 (Yoast SEO v22.3) - https:\/\/yoast.com\/wordpress\/plugins\/seo\/ -->\n<title>Finding and using library resources (de) - Luxembourg Learning Centre (LLC) I Uni.lu<\/title>\n<meta name=\"description\" content=\"Sie ben\u00f6tigen Dokumente, wissen aber nicht, wie Sie diese finden k\u00f6nnen? Das LLC steht Ihnen zur Verf\u00fcgung, um Sie durch die wesentlichen Schritte der\" \/>\n<meta name=\"robots\" content=\"index, follow, max-snippet:-1, max-image-preview:large, max-video-preview:-1\" \/>\n<link rel=\"canonical\" href=\"https:\/\/www.uni.lu\/llc-en\/skills-support\/training-catalogue\/finding-and-using-library-resources-de\/\" \/>\n<meta property=\"og:locale\" content=\"en_GB\" \/>\n<meta property=\"og:type\" content=\"article\" \/>\n<meta property=\"og:title\" content=\"Finding and using library resources (de)\" \/>\n<meta property=\"og:description\" content=\"Sie ben\u00f6tigen Dokumente, wissen aber nicht, wie Sie diese finden k\u00f6nnen? Das LLC steht Ihnen zur Verf\u00fcgung, um Sie durch die wesentlichen Schritte der\" \/>\n<meta property=\"og:url\" content=\"https:\/\/www.uni.lu\/llc-en\/skills-support\/training-catalogue\/finding-and-using-library-resources-de\/\" \/>\n<meta property=\"og:site_name\" content=\"LLC EN\" \/>\n<meta property=\"article:modified_time\" content=\"2025-09-05T12:44:57+00:00\" \/>\n<meta property=\"og:image\" content=\"https:\/\/www.uni.lu\/wp-content\/uploads\/sites\/14\/2026\/03\/03115512\/UNIV_SM-Profile_1600x1600px-scaled.jpg\" \/>\n\t<meta property=\"og:image:width\" content=\"2560\" \/>\n\t<meta property=\"og:image:height\" content=\"2560\" \/>\n\t<meta property=\"og:image:type\" content=\"image\/jpeg\" \/>\n<meta name=\"twitter:card\" content=\"summary_large_image\" \/>\n<meta name=\"twitter:label1\" content=\"Estimated reading time\" \/>\n\t<meta name=\"twitter:data1\" content=\"2 minutes\" \/>\n<script type=\"application\/ld+json\" class=\"yoast-schema-graph\">{\"@context\":\"https:\/\/schema.org\",\"@graph\":[{\"@type\":\"WebPage\",\"@id\":\"https:\/\/www.uni.lu\/llc-en\/skills-support\/training-catalogue\/finding-and-using-library-resources-de\/\",\"url\":\"https:\/\/www.uni.lu\/llc-en\/skills-support\/training-catalogue\/finding-and-using-library-resources-de\/\",\"name\":\"Finding and using library resources (de) - Luxembourg Learning Centre (LLC) I Uni.lu\",\"isPartOf\":{\"@id\":\"https:\/\/www.uni.lu\/llc-en\/#website\"},\"datePublished\":\"2024-03-14T07:39:18+00:00\",\"dateModified\":\"2025-09-05T12:44:57+00:00\",\"description\":\"Sie ben\u00f6tigen Dokumente, wissen aber nicht, wie Sie diese finden k\u00f6nnen? Das LLC steht Ihnen zur Verf\u00fcgung, um Sie durch die wesentlichen Schritte der\",\"breadcrumb\":{\"@id\":\"https:\/\/www.uni.lu\/llc-en\/skills-support\/training-catalogue\/finding-and-using-library-resources-de\/#breadcrumb\"},\"inLanguage\":\"en-GB\",\"potentialAction\":[{\"@type\":\"ReadAction\",\"target\":[\"https:\/\/www.uni.lu\/llc-en\/skills-support\/training-catalogue\/finding-and-using-library-resources-de\/\"]}]},{\"@type\":\"BreadcrumbList\",\"@id\":\"https:\/\/www.uni.lu\/llc-en\/skills-support\/training-catalogue\/finding-and-using-library-resources-de\/#breadcrumb\",\"itemListElement\":[{\"@type\":\"ListItem\",\"position\":1,\"name\":\"Home\",\"item\":\"https:\/\/www.uni.lu\/en\"},{\"@type\":\"ListItem\",\"position\":2,\"name\":\"Luxembourg Learning Centre (LLC)\",\"item\":\"https:\/\/www.uni.lu\/llc-en\/\"},{\"@type\":\"ListItem\",\"position\":3,\"name\":\"Skills &amp; support\",\"item\":\"https:\/\/www.uni.lu\/llc-en\/skills-support\/\"},{\"@type\":\"ListItem\",\"position\":4,\"name\":\"Training catalogue\",\"item\":\"https:\/\/www.uni.lu\/llc-en\/skills-support\/training-catalogue\/\"},{\"@type\":\"ListItem\",\"position\":5,\"name\":\"Finding and using library resources (de)\"}]},{\"@type\":\"WebSite\",\"@id\":\"https:\/\/www.uni.lu\/llc-en\/#website\",\"url\":\"https:\/\/www.uni.lu\/llc-en\/\",\"name\":\"LLC\",\"description\":\"Luxembourg Learning Centre I Uni.lu\",\"publisher\":{\"@id\":\"https:\/\/www.uni.lu\/llc-en\/#organization\"},\"alternateName\":\"Luxembourg Learning Centre I University of Luxembourg\",\"potentialAction\":[{\"@type\":\"SearchAction\",\"target\":{\"@type\":\"EntryPoint\",\"urlTemplate\":\"https:\/\/www.uni.lu\/llc-en\/?s={search_term_string}\"},\"query-input\":\"required name=search_term_string\"}],\"inLanguage\":\"en-GB\"},{\"@type\":\"Organization\",\"@id\":\"https:\/\/www.uni.lu\/llc-en\/#organization\",\"name\":\"LLC - University of Luxembourg I Uni.lu\",\"alternateName\":\"Luxembourg Learning Centre\",\"url\":\"https:\/\/www.uni.lu\/llc-en\/\",\"logo\":{\"@type\":\"ImageObject\",\"inLanguage\":\"en-GB\",\"@id\":\"https:\/\/www.uni.lu\/llc-en\/#\/schema\/logo\/image\/\",\"url\":\"https:\/\/www.uni.lu\/wp-content\/uploads\/sites\/14\/2026\/03\/03115512\/UNIV_SM-Profile_1600x1600px-scaled.jpg\",\"contentUrl\":\"https:\/\/www.uni.lu\/wp-content\/uploads\/sites\/14\/2026\/03\/03115512\/UNIV_SM-Profile_1600x1600px-scaled.jpg\",\"width\":2560,\"height\":2560,\"caption\":\"LLC - University of Luxembourg I Uni.lu\"},\"image\":{\"@id\":\"https:\/\/www.uni.lu\/llc-en\/#\/schema\/logo\/image\/\"}}]}<\/script>\n<!-- \/ Yoast SEO Premium plugin. -->","yoast_head_json":{"title":"Finding and using library resources (de) - Luxembourg Learning Centre (LLC) I Uni.lu","description":"Sie ben\u00f6tigen Dokumente, wissen aber nicht, wie Sie diese finden k\u00f6nnen? Das LLC steht Ihnen zur Verf\u00fcgung, um Sie durch die wesentlichen Schritte der","robots":{"index":"index","follow":"follow","max-snippet":"max-snippet:-1","max-image-preview":"max-image-preview:large","max-video-preview":"max-video-preview:-1"},"canonical":"https:\/\/www.uni.lu\/llc-en\/skills-support\/training-catalogue\/finding-and-using-library-resources-de\/","og_locale":"en_GB","og_type":"article","og_title":"Finding and using library resources (de)","og_description":"Sie ben\u00f6tigen Dokumente, wissen aber nicht, wie Sie diese finden k\u00f6nnen? Das LLC steht Ihnen zur Verf\u00fcgung, um Sie durch die wesentlichen Schritte der","og_url":"https:\/\/www.uni.lu\/llc-en\/skills-support\/training-catalogue\/finding-and-using-library-resources-de\/","og_site_name":"LLC EN","article_modified_time":"2025-09-05T12:44:57+00:00","og_image":[{"width":2560,"height":2560,"url":"https:\/\/www.uni.lu\/wp-content\/uploads\/sites\/14\/2026\/03\/03115512\/UNIV_SM-Profile_1600x1600px-scaled.jpg","type":"image\/jpeg"}],"twitter_card":"summary_large_image","twitter_misc":{"Estimated reading time":"2 minutes"},"schema":{"@context":"https:\/\/schema.org","@graph":[{"@type":"WebPage","@id":"https:\/\/www.uni.lu\/llc-en\/skills-support\/training-catalogue\/finding-and-using-library-resources-de\/","url":"https:\/\/www.uni.lu\/llc-en\/skills-support\/training-catalogue\/finding-and-using-library-resources-de\/","name":"Finding and using library resources (de) - Luxembourg Learning Centre (LLC) I Uni.lu","isPartOf":{"@id":"https:\/\/www.uni.lu\/llc-en\/#website"},"datePublished":"2024-03-14T07:39:18+00:00","dateModified":"2025-09-05T12:44:57+00:00","description":"Sie ben\u00f6tigen Dokumente, wissen aber nicht, wie Sie diese finden k\u00f6nnen? Das LLC steht Ihnen zur Verf\u00fcgung, um Sie durch die wesentlichen Schritte der","breadcrumb":{"@id":"https:\/\/www.uni.lu\/llc-en\/skills-support\/training-catalogue\/finding-and-using-library-resources-de\/#breadcrumb"},"inLanguage":"en-GB","potentialAction":[{"@type":"ReadAction","target":["https:\/\/www.uni.lu\/llc-en\/skills-support\/training-catalogue\/finding-and-using-library-resources-de\/"]}]},{"@type":"BreadcrumbList","@id":"https:\/\/www.uni.lu\/llc-en\/skills-support\/training-catalogue\/finding-and-using-library-resources-de\/#breadcrumb","itemListElement":[{"@type":"ListItem","position":1,"name":"Home","item":"https:\/\/www.uni.lu\/en"},{"@type":"ListItem","position":2,"name":"Luxembourg Learning Centre (LLC)","item":"https:\/\/www.uni.lu\/llc-en\/"},{"@type":"ListItem","position":3,"name":"Skills &amp; support","item":"https:\/\/www.uni.lu\/llc-en\/skills-support\/"},{"@type":"ListItem","position":4,"name":"Training catalogue","item":"https:\/\/www.uni.lu\/llc-en\/skills-support\/training-catalogue\/"},{"@type":"ListItem","position":5,"name":"Finding and using library resources (de)"}]},{"@type":"WebSite","@id":"https:\/\/www.uni.lu\/llc-en\/#website","url":"https:\/\/www.uni.lu\/llc-en\/","name":"LLC","description":"Luxembourg Learning Centre I Uni.lu","publisher":{"@id":"https:\/\/www.uni.lu\/llc-en\/#organization"},"alternateName":"Luxembourg Learning Centre I University of Luxembourg","potentialAction":[{"@type":"SearchAction","target":{"@type":"EntryPoint","urlTemplate":"https:\/\/www.uni.lu\/llc-en\/?s={search_term_string}"},"query-input":"required name=search_term_string"}],"inLanguage":"en-GB"},{"@type":"Organization","@id":"https:\/\/www.uni.lu\/llc-en\/#organization","name":"LLC - University of Luxembourg I Uni.lu","alternateName":"Luxembourg Learning Centre","url":"https:\/\/www.uni.lu\/llc-en\/","logo":{"@type":"ImageObject","inLanguage":"en-GB","@id":"https:\/\/www.uni.lu\/llc-en\/#\/schema\/logo\/image\/","url":"https:\/\/www.uni.lu\/wp-content\/uploads\/sites\/14\/2026\/03\/03115512\/UNIV_SM-Profile_1600x1600px-scaled.jpg","contentUrl":"https:\/\/www.uni.lu\/wp-content\/uploads\/sites\/14\/2026\/03\/03115512\/UNIV_SM-Profile_1600x1600px-scaled.jpg","width":2560,"height":2560,"caption":"LLC - University of Luxembourg I Uni.lu"},"image":{"@id":"https:\/\/www.uni.lu\/llc-en\/#\/schema\/logo\/image\/"}}]}},"ticketed":false,"_links":{"self":[{"href":"https:\/\/www.uni.lu\/llc-en\/wp-json\/wp\/v2\/pages\/3003"}],"collection":[{"href":"https:\/\/www.uni.lu\/llc-en\/wp-json\/wp\/v2\/pages"}],"about":[{"href":"https:\/\/www.uni.lu\/llc-en\/wp-json\/wp\/v2\/types\/page"}],"author":[{"embeddable":true,"href":"https:\/\/www.uni.lu\/llc-en\/wp-json\/wp\/v2\/users\/44"}],"replies":[{"embeddable":true,"href":"https:\/\/www.uni.lu\/llc-en\/wp-json\/wp\/v2\/comments?post=3003"}],"version-history":[{"count":5,"href":"https:\/\/www.uni.lu\/llc-en\/wp-json\/wp\/v2\/pages\/3003\/revisions"}],"predecessor-version":[{"id":4914,"href":"https:\/\/www.uni.lu\/llc-en\/wp-json\/wp\/v2\/pages\/3003\/revisions\/4914"}],"up":[{"embeddable":true,"href":"https:\/\/www.uni.lu\/llc-en\/wp-json\/wp\/v2\/pages\/1870"}],"wp:authorship":[{"embeddable":true,"href":"https:\/\/www.uni.lu\/llc-en\/wp-json\/wp\/v2\/users\/44"},{"embeddable":true,"href":"https:\/\/www.uni.lu\/llc-en\/wp-json\/wp\/v2\/users\/39"}],"wp:attachment":[{"href":"https:\/\/www.uni.lu\/llc-en\/wp-json\/wp\/v2\/media?parent=3003"}],"wp:term":[{"taxonomy":"field-of-interest","embeddable":true,"href":"https:\/\/www.uni.lu\/llc-en\/wp-json\/wp\/v2\/field-of-interest?post=3003"},{"taxonomy":"organisation","embeddable":true,"href":"https:\/\/www.uni.lu\/llc-en\/wp-json\/wp\/v2\/organisation?post=3003"}],"curies":[{"name":"wp","href":"https:\/\/api.w.org\/{rel}","templated":true}]}}