{"id":910,"date":"2024-05-16T08:48:56","date_gmt":"2024-05-16T06:48:56","guid":{"rendered":"https:\/\/www.uni.lu\/life-fr\/?page_id=910"},"modified":"2026-02-17T14:07:38","modified_gmt":"2026-02-17T13:07:38","slug":"cout-de-la-vie","status":"publish","type":"page","link":"https:\/\/www.uni.lu\/life-fr\/aide-financiere\/cout-de-la-vie\/","title":{"rendered":"Co\u00fbt de la vie et budget"},"content":{"rendered":"<div class=\"section py-0 static\">\n<section class=\"py-0 wp-block-unilux-blocks-free-section section\"><div class=\"container xl:max-w-screen-xl\"><!-- SecondaryNavigationMirror --><div class=\"js-secondary-nav--sticky wp-block-unilux-blocks-secondary-navigation\" id=\"d9530a6e-8f50-40e9-80a5-19da0fc323fe\">\n    <nav id=\"secondary-navigation\" role=\"navigation\" aria-label=\"Secondary menu\" class=\"secondary-nav\">\n        <button class=\"secondary-nav__button btn btn-solid--primary w-full\" aria-expanded=\"false\" aria-controls=\"secondary-navigation__list\" title=\"The selected page is Co\u00fbt de la vie et budget\" type=\"button\">\n            <span class=\"btn__name mr-auto\">Co\u00fbt de la vie et budget<\/span>\n            <svg aria-hidden=\"true\" focusable=\"false\" class=\"icon icon-outline icon--xs\">\n                <use xlink:href=\"https:\/\/www.uni.lu\/wp-content\/themes\/unilux-theme\/assets\/images\/icons\/icons-outline.svg#icon--arrow-down\" \/>\n            <\/svg>\n        <\/button>\n\n        <ul id=\"secondary-navigation__list\" class=\"secondary-nav__list\">\n            <li class=\"secondary-nav__item\">\n    <a href=\"https:\/\/www.uni.lu\/life-fr\/aide-financiere\/\" target=\"\" rel=\"noreferrer noopener\" class=\"secondary-nav__link \">\n        <svg aria-hidden=\"true\" focusable=\"false\" class=\"icon icon-outline icon--xs\">\n            <use xlink:href=\"https:\/\/www.uni.lu\/wp-content\/themes\/unilux-theme\/assets\/images\/icons\/icons-outline.svg#icon--arrow-right\" \/>\n        <\/svg>\n        <span class=\"secondary-nav__name\">Aper\u00e7u<\/span>\n    <\/a>\n<\/li>\n<li class=\"secondary-nav__item\">\n    <a href=\"https:\/\/www.uni.lu\/life-fr\/aide-financiere\/cout-de-la-vie\/\" target=\"\" rel=\"noreferrer noopener\" class=\"secondary-nav__link isactived\" aria-current=\"page\">\n        <svg aria-hidden=\"true\" focusable=\"false\" class=\"icon icon-outline icon--xs\">\n            <use xlink:href=\"https:\/\/www.uni.lu\/wp-content\/themes\/unilux-theme\/assets\/images\/icons\/icons-outline.svg#icon--arrow-right\" \/>\n        <\/svg>\n        <span class=\"secondary-nav__name\">Co\u00fbt de la vie et budget<\/span>\n    <\/a>\n<\/li>\n<li class=\"secondary-nav__item\">\n    <a href=\"https:\/\/www.uni.lu\/life-fr\/aide-financiere\/bourses-d-etudes\/\" target=\"\" rel=\"noreferrer noopener\" class=\"secondary-nav__link \">\n        <svg aria-hidden=\"true\" focusable=\"false\" class=\"icon icon-outline icon--xs\">\n            <use xlink:href=\"https:\/\/www.uni.lu\/wp-content\/themes\/unilux-theme\/assets\/images\/icons\/icons-outline.svg#icon--arrow-right\" \/>\n        <\/svg>\n        <span class=\"secondary-nav__name\">Bourses d\u2019\u00e9tudes<\/span>\n    <\/a>\n<\/li>\n<li class=\"secondary-nav__item\">\n    <a href=\"https:\/\/www.uni.lu\/life-fr\/aide-financiere\/aide-en-cas-de-difficultes\/\" target=\"\" rel=\"noreferrer noopener\" class=\"secondary-nav__link \">\n        <svg aria-hidden=\"true\" focusable=\"false\" class=\"icon icon-outline icon--xs\">\n            <use xlink:href=\"https:\/\/www.uni.lu\/wp-content\/themes\/unilux-theme\/assets\/images\/icons\/icons-outline.svg#icon--arrow-right\" \/>\n        <\/svg>\n        <span class=\"secondary-nav__name\">Aide en cas de difficult\u00e9s<\/span>\n    <\/a>\n<\/li>\n        <\/ul>\n    <\/nav>\n<\/div>\n<!-- end SecondaryNavigationMirror --><\/div><\/section>\n\n\n\n<section class=\"wp-block-unilux-blocks-free-section section\"><div class=\"container xl:max-w-screen-xl\">\n<h1 class=\"has-text-align-left wp-block-unilux-blocks-heading\"        id=\"cout-de-la-vie-et-budget\"\n    >\nCo\u00fbt de la vie et budget<\/h1>\n\n\n\n<h2 class=\"has-text-align-left wp-block-unilux-blocks-heading\"        id=\"budget-de-depart\"\n    >\nBudget de d\u00e9part<\/h2>\n\n\n\n<p>\u00c0 votre arriv\u00e9e, il faudra pr\u00e9voir au moins 2 700 \u20ac pour couvrir les frais initiaux suivants :<\/p>\n\n\n\n<ul class=\"ulux-list\">\n<li class=\"ulux-list-item\">Inscription<\/li>\n\n\n\n<li class=\"ulux-list-item\">Couverture m\u00e9dicale<\/li>\n\n\n\n<li class=\"ulux-list-item\">1er loyer + Garantie locative + assurance locative\n<ul class=\"ulux-list\">\n<li class=\"ulux-list-item\">Pour un logement universitaire, le d\u00e9p\u00f4t de garantie et le premier loyer doivent \u00eatre pay\u00e9s <strong>en une seule fois dans les 10 jours<\/strong> suivant la r\u00e9ception d&rsquo;une offre de logement <\/li>\n<\/ul>\n<\/li>\n\n\n\n<li class=\"ulux-list-item\">Nourriture<\/li>\n<\/ul>\n\n\n\n<h2 class=\"has-text-align-left wp-block-unilux-blocks-heading\"        id=\"estimation-du-budget-mensuel-dun-etudiant\"\n    >\nEstimation du budget mensuel d&rsquo;un \u00e9tudiant<\/h2>\n\n\n\n<p>Il est tr\u00e8s difficile d\u2019\u00e9valuer le co\u00fbt total des \u00e9tudes universitaires. Certaines d\u00e9penses sont obligatoires, car elles sont directement li\u00e9es aux \u00e9tudes, tandis que d\u2019autres d\u00e9pendent de la situation de chaque \u00e9tudiant, par exemple le logement au Luxembourg ou la n\u00e9cessit\u00e9 de se nourrir sur le campus ou \u00e0 l\u2019ext\u00e9rieur.<\/p>\n\n\n\n<p>Selon le Minist\u00e8re des Affaires Int\u00e9rieures, Direction g\u00e9n\u00e9rale de l\u2019immigration, les ressources mensuelles n\u00e9cessaires correspondent \u00e0 au moins 80\u202f% du revenu minimum garanti au Luxembourg. En 2025, le montant total de ressources financi\u00e8res \u00e0 prouver est de minimum 18 211\u20ac par ann\u00e9e acad\u00e9mique, soit 1 517\u20ac minimum par mois (sous r\u00e9serve d&rsquo;une augmentation des param\u00e8tres sociaux).<\/p>\n\n\n\n<ul class=\"wp-block-unilux-blocks-highlighted-list list-highlighted list-highlighted--architectural\"><li class=\"list-highlighted__item  wp-block-unilux-blocks-highlighted-list-item\">\n    <header class=\"list-highlighted__header wp-block-unilux-blocks-highlighted-list-item-header\">\n    \n<h4 class=\"title text-18 font-bold has-text-align-left wp-block-unilux-blocks-heading\"        id=\"inscription-a-luniversite-du-luxembourg\"\n    >\nInscription \u00e0 l&rsquo;Universit\u00e9 du Luxembourg<\/h4>\n<div class=\"wp-block-unilux-blocks-bigtext\">\n    <span>\n        \n    <\/span>\n<\/div><\/header><div class=\"list-highlighted__body wp-block-unilux-blocks-highlighted-list-item-body\">\n    <div class=\"wp-block-unilux-blocks-highlighted-list-item-free-content-area\">\n    \n<p>400 \u20ac \/ semestre<br>Les frais peuvent varier selon le programme, veuillez donc consulter la page web de votre programme pour plus de d\u00e9tails<\/p>\n<\/div><\/div><\/li>\n\n<li class=\"list-highlighted__item  wp-block-unilux-blocks-highlighted-list-item\">\n    <header class=\"list-highlighted__header wp-block-unilux-blocks-highlighted-list-item-header\">\n    \n<h4 class=\"title text-18 font-bold has-text-align-left wp-block-unilux-blocks-heading\"        id=\"loyer-pour-un-logement-en-residence-universitaire\"\n    >\nLoyer pour un logement en r\u00e9sidence universitaire*<\/h4>\n<div class=\"wp-block-unilux-blocks-bigtext\">\n    <span>\n        \n    <\/span>\n<\/div><\/header><div class=\"list-highlighted__body wp-block-unilux-blocks-highlighted-list-item-body\">\n    <div class=\"wp-block-unilux-blocks-highlighted-list-item-free-content-area\">\n    \n<p>450 \u20ac minimum \/ mois<\/p>\n<\/div><\/div><\/li>\n\n<li class=\"list-highlighted__item  wp-block-unilux-blocks-highlighted-list-item\">\n    <header class=\"list-highlighted__header wp-block-unilux-blocks-highlighted-list-item-header\">\n    \n<h4 class=\"title text-18 font-bold has-text-align-left wp-block-unilux-blocks-heading\"        id=\"caution-pour-un-logement-en-residence-universitaire\"\n    >\nCaution pour un logement en r\u00e9sidence universitaire*<\/h4>\n<div class=\"wp-block-unilux-blocks-bigtext\">\n    <span>\n        \n    <\/span>\n<\/div><\/header><div class=\"list-highlighted__body wp-block-unilux-blocks-highlighted-list-item-body\">\n    <div class=\"wp-block-unilux-blocks-highlighted-list-item-free-content-area\">\n    \n<p>Le montant de la caution correspond \u00e0 deux (2) mois de loyer<br>par exemple : 900 \u20ac si le loyer mensuel est de 450 \u20ac, 1 500 \u20ac si le loyer mensuel est de 750 \u20ac<\/p>\n<\/div><\/div><\/li>\n\n<li class=\"list-highlighted__item  wp-block-unilux-blocks-highlighted-list-item\">\n    <header class=\"list-highlighted__header wp-block-unilux-blocks-highlighted-list-item-header\">\n    \n<h4 class=\"title text-18 font-bold has-text-align-left wp-block-unilux-blocks-heading\"        id=\"assurance-locative-pour-un-logement-en-residence-universitaire\"\n    >\nAssurance locative pour un logement en r\u00e9sidence universitaire*<\/h4>\n<div class=\"wp-block-unilux-blocks-bigtext\">\n    <span>\n        \n    <\/span>\n<\/div><\/header><div class=\"list-highlighted__body wp-block-unilux-blocks-highlighted-list-item-body\">\n    <div class=\"wp-block-unilux-blocks-highlighted-list-item-free-content-area\">\n    \n<p>\u00e0 partir de 55 \u20ac \/ an<\/p>\n<\/div><\/div><\/li>\n\n<li class=\"list-highlighted__item  wp-block-unilux-blocks-highlighted-list-item\">\n    <header class=\"list-highlighted__header wp-block-unilux-blocks-highlighted-list-item-header\">\n    \n<h4 class=\"title text-18 font-bold has-text-align-left wp-block-unilux-blocks-heading\"        id=\"repas-a-la-cantine-de-luniversite-5-e-repas\"\n    >\nRepas \u00e0 la cantine de l&rsquo;Universit\u00e9 (5 \u20ac \/ repas)<\/h4>\n<div class=\"wp-block-unilux-blocks-bigtext\">\n    <span>\n        \n    <\/span>\n<\/div><\/header><div class=\"list-highlighted__body wp-block-unilux-blocks-highlighted-list-item-body\">\n    <div class=\"wp-block-unilux-blocks-highlighted-list-item-free-content-area\">\n    \n<p>360 \u20ac \/ mois<br><a href=\"https:\/\/www.uni.lu\/life-fr\/installations\/restaurants\/\">cantine universitaire<\/a><\/p>\n<\/div><\/div><\/li>\n\n<li class=\"list-highlighted__item  wp-block-unilux-blocks-highlighted-list-item\">\n    <header class=\"list-highlighted__header wp-block-unilux-blocks-highlighted-list-item-header\">\n    \n<h4 class=\"title text-18 font-bold has-text-align-left wp-block-unilux-blocks-heading\"        id=\"telephone\"\n    >\nT\u00e9l\u00e9phone<\/h4>\n<div class=\"wp-block-unilux-blocks-bigtext\">\n    <span>\n        \n    <\/span>\n<\/div><\/header><div class=\"list-highlighted__body wp-block-unilux-blocks-highlighted-list-item-body\">\n    <div class=\"wp-block-unilux-blocks-highlighted-list-item-free-content-area\">\n    \n<p>40 \u20ac<\/p>\n<\/div><\/div><\/li>\n\n<li class=\"list-highlighted__item  wp-block-unilux-blocks-highlighted-list-item\">\n    <header class=\"list-highlighted__header wp-block-unilux-blocks-highlighted-list-item-header\">\n    \n<h4 class=\"title text-18 font-bold has-text-align-left wp-block-unilux-blocks-heading\"        id=\"loisirs-divers\"\n    >\nLoisirs, divers\u2026<\/h4>\n<div class=\"wp-block-unilux-blocks-bigtext\">\n    <span>\n        \n    <\/span>\n<\/div><\/header><div class=\"list-highlighted__body wp-block-unilux-blocks-highlighted-list-item-body\">\n    <div class=\"wp-block-unilux-blocks-highlighted-list-item-free-content-area\">\n    \n<p>150 \u20ac<\/p>\n<\/div><\/div><\/li>\n\n<li class=\"list-highlighted__item  wp-block-unilux-blocks-highlighted-list-item\">\n    <header class=\"list-highlighted__header wp-block-unilux-blocks-highlighted-list-item-header\">\n    \n<h4 class=\"title text-18 font-bold has-text-align-left wp-block-unilux-blocks-heading\"        id=\"materiel-didactique-livres-photocopies-etc\"\n    >\nMat\u00e9riel didactique (livres, photocopies, etc\u2026)<\/h4>\n<div class=\"wp-block-unilux-blocks-bigtext\">\n    <span>\n        \n    <\/span>\n<\/div><\/header><div class=\"list-highlighted__body wp-block-unilux-blocks-highlighted-list-item-body\">\n    <div class=\"wp-block-unilux-blocks-highlighted-list-item-free-content-area\">\n    \n<p>400 \u20ac \/ an<\/p>\n<\/div><\/div><\/li><\/ul>\n\n\n\n<p><em>* Veuillez noter que <strong>le logement universitaire n\u2019est pas garanti.<\/strong> Louer une chambre sur le march\u00e9 priv\u00e9 est beaucoup plus co\u00fbteux, et les conditions concernant le d\u00e9p\u00f4t de garantie et l\u2019assurance peuvent diff\u00e9rer. Il incombe \u00e0 chaque \u00e9tudiant de trouver un logement avant son arriv\u00e9e au Luxembourg.<\/em><\/p>\n<\/div><\/section>\n\n\n\n<section class=\"py-0 wp-block-unilux-blocks-free-section section\"><div class=\"container xl:max-w-screen-xl\">\n<h2 class=\"has-text-align-left wp-block-unilux-blocks-heading\"        id=\"exemples-de-prix-a-la-consommation-de-certains-produits\"\n    >\nExemples de prix \u00e0 la consommation de certains produits<\/h2>\n\n\n\n<p>Les Luxembourgeois b\u00e9n\u00e9ficient d&rsquo;un niveau de vie \u00e9lev\u00e9, ce qui implique que le co\u00fbt de la vie y est relativement \u00e9lev\u00e9. Les loyers sont \u00e9galement \u00e9lev\u00e9s, tandis que le prix des biens de consommation est comparable \u00e0 celui des autres grandes villes europ\u00e9ennes.<\/p>\n\n\n\n<figure class=\"wp-block-table\"><table><tbody><tr><td>Bananes (1 kg)<\/td><td>2.1<\/td><td>Caf\u00e9 (250 g)<\/td><td>5.1<\/td><\/tr><tr><td>Pain de m\u00e9nage (500g coup\u00e9)<\/td><td>3.4<\/td><td>Pommes (1kg)<\/td><td>3.2<\/td><\/tr><tr><td>Croissant (1 pi\u00e8ce)<\/td><td>1.5<\/td><td>Gasoil chauffage (1 l)<\/td><td>0.8<\/td><\/tr><tr><td>C\u00f4tes de porc (1 kg)<\/td><td>13.6<\/td><td>Consultation m\u00e9decin g\u00e9n\u00e9raliste<\/td><td>61.0<\/td><\/tr><tr><td>Lait frais (1 l)<\/td><td>1.7<\/td><td>Consultation m\u00e9decin sp\u00e9cialiste (m\u00e9decine interne)<\/td><td>56.0<\/td><\/tr><tr><td>Oeufs (la douzaine)<\/td><td>4.7<\/td><td>Transports en commun<\/td><td>Gratuit<\/td><\/tr><tr><td>Beurre (250 g)<\/td><td>3.7<\/td><td>Diesel (1 l)<\/td><td>1.4<\/td><\/tr><tr><td>Pommes de terre (5 kg)<\/td><td>11.0<\/td><td>Quotidien (1)<\/td><td>4.2<\/td><\/tr><tr><td>Eau min\u00e9rale non gazeuse (1.5 l)<\/td><td>0.8<\/td><td>Entr\u00e9e au cin\u00e9ma<\/td><td>12.9<\/td><\/tr><\/tbody><\/table><\/figure>\n\n\n\n<p>Source: <a href=\"https:\/\/lustat.statec.lu\/vis?lc=fr&amp;pg=0&amp;bp=true&amp;snb=18&amp;df[ds]=ds-release&amp;df[id]=DSD_PRIX_PRODUIT%40DF_E5300&amp;df[ag]=LU1&amp;df[vs]=1.0&amp;dq=..A..TICKET%2BMOVIE%2BNEWS%2BFUEL_ROAD%2BMED2%2BMED%2BFUEL_OIL%2BAPP%2BCOF%2BWAT%2BBAN%2BPAIN%2BCROI%2BPOT%2BBUTT%2BEGGS%2BMILK%2BPORC........&amp;lom=LASTNOBSERVATIONS&amp;lo=5&amp;pd=2022%2C2025&amp;to[TIME_PERIOD]=false\" target=\"_blank\" rel=\"noreferrer noopener\">Prix moyens de certains produits en juin (en EUR). Statistiques.lu 2025<\/a><\/p>\n<\/div><\/section>\n\n\n<section class=\"section section wp-block-unilux-blocks-quick-link-discover-section\">\n    <div class=\"container xl:max-w-screen-xl\">\n        \n<h2 class=\"has-text-align-left wp-block-unilux-blocks-heading\"        id=\"informations-supplementaires\"\n    >\nInformations suppl\u00e9mentaires<\/h2>\n\n<ul class=\"wp-block-unilux-blocks-quick-link-discover quick-link-list\">\n<li class=\"wp-block-unilux-blocks-quick-link-discover-item\">\n    <a\n                    href=\"https:\/\/www.uni.lu\/life-fr\/logement\/\"\n                    class=\"quick-link\"\n            target=\"\"\n    >\n            <span class=\"quick-link__container\">\n                <span class=\"quick-link__text\">\n                    Logement en r\u00e9sidence universitaire                <\/span>\n                <svg aria-hidden=\"true\" focusable=\"false\" class=\"icon icon-outline icon--arrow-right \"><use xlink:href=\"https:\/\/www.uni.lu\/wp-content\/themes\/unilux-theme\/assets\/images\/icons\/icons-outline.svg#icon--arrow-right\"><\/use><\/svg>            <\/span>\n    <\/a>\n<\/li>\n\n\n\n<li class=\"wp-block-unilux-blocks-quick-link-discover-item\">\n    <a\n                    href=\"https:\/\/www.uni.lu\/life-fr\/cours-et-ateliers\/\"\n                    class=\"quick-link\"\n            target=\"\"\n    >\n            <span class=\"quick-link__container\">\n                <span class=\"quick-link__text\">\n                    Cours et ateliers : sport, art et bien-\u00eatre                <\/span>\n                <svg aria-hidden=\"true\" focusable=\"false\" class=\"icon icon-outline icon--arrow-right \"><use xlink:href=\"https:\/\/www.uni.lu\/wp-content\/themes\/unilux-theme\/assets\/images\/icons\/icons-outline.svg#icon--arrow-right\"><\/use><\/svg>            <\/span>\n    <\/a>\n<\/li>\n<\/ul>\n    <\/div>\n<\/section><\/div>","protected":false},"excerpt":{"rendered":"","protected":false},"author":210,"featured_media":0,"parent":735,"menu_order":0,"comment_status":"closed","ping_status":"closed","template":"","meta":{"featured_image_focal_point":[],"show_featured_caption":false,"ulux_newsletter_groups":"","uluxPostTitle":"Aide financi\u00e8re","uluxPrePostTitle":"Vie sur le campus","_trash_the_other_posts":false,"_price":"","_stock":"","_tribe_ticket_header":"","_tribe_default_ticket_provider":"","_tribe_ticket_capacity":"0","_ticket_start_date":"","_ticket_end_date":"","_tribe_ticket_show_description":"","_tribe_ticket_show_not_going":false,"_tribe_ticket_use_global_stock":"","_tribe_ticket_global_stock_level":"","_global_stock_mode":"","_global_stock_cap":"","_tribe_rsvp_for_event":"","_tribe_ticket_going_count":"","_tribe_ticket_not_going_count":"","_tribe_tickets_list":"[]","_tribe_ticket_has_attendee_info_fields":false,"footnotes":""},"field-of-interest":[],"organisation":[],"authorship":[210,337],"acf":[],"yoast_head":"<!-- This site is optimized with the Yoast SEO Premium plugin v22.3 (Yoast SEO v22.3) - https:\/\/yoast.com\/wordpress\/plugins\/seo\/ -->\n<title>Co\u00fbt de la vie et budget - Universit\u00e9 du Luxembourg I Uni.lu<\/title>\n<meta name=\"robots\" content=\"index, follow, max-snippet:-1, max-image-preview:large, max-video-preview:-1\" \/>\n<link rel=\"canonical\" href=\"https:\/\/www.uni.lu\/life-fr\/aide-financiere\/cout-de-la-vie\/\" \/>\n<meta property=\"og:locale\" content=\"fr_FR\" \/>\n<meta property=\"og:type\" content=\"article\" \/>\n<meta property=\"og:title\" content=\"Co\u00fbt de la vie et budget\" \/>\n<meta property=\"og:url\" content=\"https:\/\/www.uni.lu\/life-fr\/aide-financiere\/cout-de-la-vie\/\" \/>\n<meta property=\"og:site_name\" content=\"LIFE FR\" \/>\n<meta property=\"article:modified_time\" content=\"2026-02-17T13:07:38+00:00\" \/>\n<meta property=\"og:image\" content=\"https:\/\/www.uni.lu\/wp-content\/uploads\/sites\/31\/2026\/03\/03115200\/UNIV_SM-Profile_1600x1600px-scaled.jpg\" \/>\n\t<meta property=\"og:image:width\" content=\"2560\" \/>\n\t<meta property=\"og:image:height\" content=\"2560\" \/>\n\t<meta property=\"og:image:type\" content=\"image\/jpeg\" \/>\n<meta name=\"twitter:card\" content=\"summary_large_image\" \/>\n<meta name=\"twitter:label1\" content=\"Dur\u00e9e de lecture estim\u00e9e\" \/>\n\t<meta name=\"twitter:data1\" content=\"3 minutes\" \/>\n<script type=\"application\/ld+json\" class=\"yoast-schema-graph\">{\"@context\":\"https:\/\/schema.org\",\"@graph\":[{\"@type\":\"WebPage\",\"@id\":\"https:\/\/www.uni.lu\/life-fr\/aide-financiere\/cout-de-la-vie\/\",\"url\":\"https:\/\/www.uni.lu\/life-fr\/aide-financiere\/cout-de-la-vie\/\",\"name\":\"Co\u00fbt de la vie et budget - Universit\u00e9 du Luxembourg I Uni.lu\",\"isPartOf\":{\"@id\":\"https:\/\/www.uni.lu\/life-fr\/#website\"},\"datePublished\":\"2024-05-16T06:48:56+00:00\",\"dateModified\":\"2026-02-17T13:07:38+00:00\",\"breadcrumb\":{\"@id\":\"https:\/\/www.uni.lu\/life-fr\/aide-financiere\/cout-de-la-vie\/#breadcrumb\"},\"inLanguage\":\"fr-FR\",\"potentialAction\":[{\"@type\":\"ReadAction\",\"target\":[\"https:\/\/www.uni.lu\/life-fr\/aide-financiere\/cout-de-la-vie\/\"]}]},{\"@type\":\"BreadcrumbList\",\"@id\":\"https:\/\/www.uni.lu\/life-fr\/aide-financiere\/cout-de-la-vie\/#breadcrumb\",\"itemListElement\":[{\"@type\":\"ListItem\",\"position\":1,\"name\":\"Home\",\"item\":\"https:\/\/www.uni.lu\/fr\"},{\"@type\":\"ListItem\",\"position\":2,\"name\":\"Vie sur le campus\",\"item\":\"https:\/\/www.uni.lu\/life-fr\/\"},{\"@type\":\"ListItem\",\"position\":3,\"name\":\"Aide financi\u00e8re\",\"item\":\"https:\/\/www.uni.lu\/life-fr\/aide-financiere\/\"},{\"@type\":\"ListItem\",\"position\":4,\"name\":\"Co\u00fbt de la vie et budget\"}]},{\"@type\":\"WebSite\",\"@id\":\"https:\/\/www.uni.lu\/life-fr\/#website\",\"url\":\"https:\/\/www.uni.lu\/life-fr\/\",\"name\":\"Uni.lu\",\"description\":\"Vie sur le campus universitaire\",\"publisher\":{\"@id\":\"https:\/\/www.uni.lu\/life-fr\/#organization\"},\"alternateName\":\"Universit\u00e9 du Luxembourg\",\"potentialAction\":[{\"@type\":\"SearchAction\",\"target\":{\"@type\":\"EntryPoint\",\"urlTemplate\":\"https:\/\/www.uni.lu\/life-fr\/?s={search_term_string}\"},\"query-input\":\"required name=search_term_string\"}],\"inLanguage\":\"fr-FR\"},{\"@type\":\"Organization\",\"@id\":\"https:\/\/www.uni.lu\/life-fr\/#organization\",\"name\":\"Universit\u00e9 du Luxembourg\",\"url\":\"https:\/\/www.uni.lu\/life-fr\/\",\"logo\":{\"@type\":\"ImageObject\",\"inLanguage\":\"fr-FR\",\"@id\":\"https:\/\/www.uni.lu\/life-fr\/#\/schema\/logo\/image\/\",\"url\":\"https:\/\/www.uni.lu\/wp-content\/uploads\/sites\/31\/2026\/03\/03115200\/UNIV_SM-Profile_1600x1600px-scaled.jpg\",\"contentUrl\":\"https:\/\/www.uni.lu\/wp-content\/uploads\/sites\/31\/2026\/03\/03115200\/UNIV_SM-Profile_1600x1600px-scaled.jpg\",\"width\":2560,\"height\":2560,\"caption\":\"Universit\u00e9 du Luxembourg\"},\"image\":{\"@id\":\"https:\/\/www.uni.lu\/life-fr\/#\/schema\/logo\/image\/\"}}]}<\/script>\n<!-- \/ Yoast SEO Premium plugin. -->","yoast_head_json":{"title":"Co\u00fbt de la vie et budget - Universit\u00e9 du Luxembourg I Uni.lu","robots":{"index":"index","follow":"follow","max-snippet":"max-snippet:-1","max-image-preview":"max-image-preview:large","max-video-preview":"max-video-preview:-1"},"canonical":"https:\/\/www.uni.lu\/life-fr\/aide-financiere\/cout-de-la-vie\/","og_locale":"fr_FR","og_type":"article","og_title":"Co\u00fbt de la vie et budget","og_url":"https:\/\/www.uni.lu\/life-fr\/aide-financiere\/cout-de-la-vie\/","og_site_name":"LIFE FR","article_modified_time":"2026-02-17T13:07:38+00:00","og_image":[{"width":2560,"height":2560,"url":"https:\/\/www.uni.lu\/wp-content\/uploads\/sites\/31\/2026\/03\/03115200\/UNIV_SM-Profile_1600x1600px-scaled.jpg","type":"image\/jpeg"}],"twitter_card":"summary_large_image","twitter_misc":{"Dur\u00e9e de lecture estim\u00e9e":"3 minutes"},"schema":{"@context":"https:\/\/schema.org","@graph":[{"@type":"WebPage","@id":"https:\/\/www.uni.lu\/life-fr\/aide-financiere\/cout-de-la-vie\/","url":"https:\/\/www.uni.lu\/life-fr\/aide-financiere\/cout-de-la-vie\/","name":"Co\u00fbt de la vie et budget - Universit\u00e9 du Luxembourg I Uni.lu","isPartOf":{"@id":"https:\/\/www.uni.lu\/life-fr\/#website"},"datePublished":"2024-05-16T06:48:56+00:00","dateModified":"2026-02-17T13:07:38+00:00","breadcrumb":{"@id":"https:\/\/www.uni.lu\/life-fr\/aide-financiere\/cout-de-la-vie\/#breadcrumb"},"inLanguage":"fr-FR","potentialAction":[{"@type":"ReadAction","target":["https:\/\/www.uni.lu\/life-fr\/aide-financiere\/cout-de-la-vie\/"]}]},{"@type":"BreadcrumbList","@id":"https:\/\/www.uni.lu\/life-fr\/aide-financiere\/cout-de-la-vie\/#breadcrumb","itemListElement":[{"@type":"ListItem","position":1,"name":"Home","item":"https:\/\/www.uni.lu\/fr"},{"@type":"ListItem","position":2,"name":"Vie sur le campus","item":"https:\/\/www.uni.lu\/life-fr\/"},{"@type":"ListItem","position":3,"name":"Aide financi\u00e8re","item":"https:\/\/www.uni.lu\/life-fr\/aide-financiere\/"},{"@type":"ListItem","position":4,"name":"Co\u00fbt de la vie et budget"}]},{"@type":"WebSite","@id":"https:\/\/www.uni.lu\/life-fr\/#website","url":"https:\/\/www.uni.lu\/life-fr\/","name":"Uni.lu","description":"Vie sur le campus universitaire","publisher":{"@id":"https:\/\/www.uni.lu\/life-fr\/#organization"},"alternateName":"Universit\u00e9 du Luxembourg","potentialAction":[{"@type":"SearchAction","target":{"@type":"EntryPoint","urlTemplate":"https:\/\/www.uni.lu\/life-fr\/?s={search_term_string}"},"query-input":"required name=search_term_string"}],"inLanguage":"fr-FR"},{"@type":"Organization","@id":"https:\/\/www.uni.lu\/life-fr\/#organization","name":"Universit\u00e9 du Luxembourg","url":"https:\/\/www.uni.lu\/life-fr\/","logo":{"@type":"ImageObject","inLanguage":"fr-FR","@id":"https:\/\/www.uni.lu\/life-fr\/#\/schema\/logo\/image\/","url":"https:\/\/www.uni.lu\/wp-content\/uploads\/sites\/31\/2026\/03\/03115200\/UNIV_SM-Profile_1600x1600px-scaled.jpg","contentUrl":"https:\/\/www.uni.lu\/wp-content\/uploads\/sites\/31\/2026\/03\/03115200\/UNIV_SM-Profile_1600x1600px-scaled.jpg","width":2560,"height":2560,"caption":"Universit\u00e9 du Luxembourg"},"image":{"@id":"https:\/\/www.uni.lu\/life-fr\/#\/schema\/logo\/image\/"}}]}},"ticketed":false,"_links":{"self":[{"href":"https:\/\/www.uni.lu\/life-fr\/wp-json\/wp\/v2\/pages\/910"}],"collection":[{"href":"https:\/\/www.uni.lu\/life-fr\/wp-json\/wp\/v2\/pages"}],"about":[{"href":"https:\/\/www.uni.lu\/life-fr\/wp-json\/wp\/v2\/types\/page"}],"author":[{"embeddable":true,"href":"https:\/\/www.uni.lu\/life-fr\/wp-json\/wp\/v2\/users\/210"}],"replies":[{"embeddable":true,"href":"https:\/\/www.uni.lu\/life-fr\/wp-json\/wp\/v2\/comments?post=910"}],"version-history":[{"count":4,"href":"https:\/\/www.uni.lu\/life-fr\/wp-json\/wp\/v2\/pages\/910\/revisions"}],"predecessor-version":[{"id":2420,"href":"https:\/\/www.uni.lu\/life-fr\/wp-json\/wp\/v2\/pages\/910\/revisions\/2420"}],"up":[{"embeddable":true,"href":"https:\/\/www.uni.lu\/life-fr\/wp-json\/wp\/v2\/pages\/735"}],"wp:authorship":[{"embeddable":true,"href":"https:\/\/www.uni.lu\/life-fr\/wp-json\/wp\/v2\/users\/210"},{"embeddable":true,"href":"https:\/\/www.uni.lu\/life-fr\/wp-json\/wp\/v2\/users\/337"}],"wp:attachment":[{"href":"https:\/\/www.uni.lu\/life-fr\/wp-json\/wp\/v2\/media?parent=910"}],"wp:term":[{"taxonomy":"field-of-interest","embeddable":true,"href":"https:\/\/www.uni.lu\/life-fr\/wp-json\/wp\/v2\/field-of-interest?post=910"},{"taxonomy":"organisation","embeddable":true,"href":"https:\/\/www.uni.lu\/life-fr\/wp-json\/wp\/v2\/organisation?post=910"}],"curies":[{"name":"wp","href":"https:\/\/api.w.org\/{rel}","templated":true}]}}