{"id":727,"date":"2024-05-06T10:15:15","date_gmt":"2024-05-06T08:15:15","guid":{"rendered":"https:\/\/www.uni.lu\/life-fr\/?page_id=727"},"modified":"2026-03-13T10:32:35","modified_gmt":"2026-03-13T09:32:35","slug":"candidature","status":"publish","type":"page","link":"https:\/\/www.uni.lu\/life-fr\/logement\/candidature\/","title":{"rendered":"Candidature"},"content":{"rendered":"<div class=\"section py-0 static\">\n<section class=\"py-0 wp-block-unilux-blocks-free-section section\"><div class=\"container xl:max-w-screen-xl\"><!-- SecondaryNavigationMirror --><div class=\"js-secondary-nav--sticky wp-block-unilux-blocks-secondary-navigation\" id=\"c492d03b-c206-4282-a62b-0929b36b7447\">\n    <nav id=\"secondary-navigation\" role=\"navigation\" aria-label=\"Secondary menu\" class=\"secondary-nav\">\n        <button class=\"secondary-nav__button btn btn-solid--primary w-full\" aria-expanded=\"false\" aria-controls=\"secondary-navigation__list\" title=\"The selected page is Candidature\" type=\"button\">\n            <span class=\"btn__name mr-auto\">Candidature<\/span>\n            <svg aria-hidden=\"true\" focusable=\"false\" class=\"icon icon-outline icon--xs\">\n                <use xlink:href=\"https:\/\/www.uni.lu\/wp-content\/themes\/unilux-theme\/assets\/images\/icons\/icons-outline.svg#icon--arrow-down\" \/>\n            <\/svg>\n        <\/button>\n\n        <ul id=\"secondary-navigation__list\" class=\"secondary-nav__list\">\n            <li class=\"secondary-nav__item\">\n    <a href=\"https:\/\/www.uni.lu\/life-fr\/logement\/\" target=\"\" rel=\"noreferrer noopener\" class=\"secondary-nav__link \">\n        <svg aria-hidden=\"true\" focusable=\"false\" class=\"icon icon-outline icon--xs\">\n            <use xlink:href=\"https:\/\/www.uni.lu\/wp-content\/themes\/unilux-theme\/assets\/images\/icons\/icons-outline.svg#icon--arrow-right\" \/>\n        <\/svg>\n        <span class=\"secondary-nav__name\">Aper\u00e7u<\/span>\n    <\/a>\n<\/li>\n<li class=\"secondary-nav__item\">\n    <a href=\"https:\/\/www.uni.lu\/life-fr\/logement\/ce-que-nous-proposons\/\" target=\"\" rel=\"noreferrer noopener\" class=\"secondary-nav__link \">\n        <svg aria-hidden=\"true\" focusable=\"false\" class=\"icon icon-outline icon--xs\">\n            <use xlink:href=\"https:\/\/www.uni.lu\/wp-content\/themes\/unilux-theme\/assets\/images\/icons\/icons-outline.svg#icon--arrow-right\" \/>\n        <\/svg>\n        <span class=\"secondary-nav__name\">Ce que nous proposons<\/span>\n    <\/a>\n<\/li>\n<li class=\"secondary-nav__item\">\n    <a href=\"https:\/\/www.uni.lu\/life-fr\/logement\/residences\/\" target=\"\" rel=\"noreferrer noopener\" class=\"secondary-nav__link \">\n        <svg aria-hidden=\"true\" focusable=\"false\" class=\"icon icon-outline icon--xs\">\n            <use xlink:href=\"https:\/\/www.uni.lu\/wp-content\/themes\/unilux-theme\/assets\/images\/icons\/icons-outline.svg#icon--arrow-right\" \/>\n        <\/svg>\n        <span class=\"secondary-nav__name\">R\u00e9sidences<\/span>\n    <\/a>\n<\/li>\n<li class=\"secondary-nav__item\">\n    <a href=\"https:\/\/www.uni.lu\/life-fr\/logement\/candidature\/\" target=\"\" rel=\"noreferrer noopener\" class=\"secondary-nav__link isactived\" aria-current=\"page\">\n        <svg aria-hidden=\"true\" focusable=\"false\" class=\"icon icon-outline icon--xs\">\n            <use xlink:href=\"https:\/\/www.uni.lu\/wp-content\/themes\/unilux-theme\/assets\/images\/icons\/icons-outline.svg#icon--arrow-right\" \/>\n        <\/svg>\n        <span class=\"secondary-nav__name\">Candidature<\/span>\n    <\/a>\n<\/li>\n<li class=\"secondary-nav__item\">\n    <a href=\"https:\/\/www.uni.lu\/life-fr\/logement\/contrat-de-location\/\" target=\"\" rel=\"noreferrer noopener\" class=\"secondary-nav__link \">\n        <svg aria-hidden=\"true\" focusable=\"false\" class=\"icon icon-outline icon--xs\">\n            <use xlink:href=\"https:\/\/www.uni.lu\/wp-content\/themes\/unilux-theme\/assets\/images\/icons\/icons-outline.svg#icon--arrow-right\" \/>\n        <\/svg>\n        <span class=\"secondary-nav__name\">Contrat de location<\/span>\n    <\/a>\n<\/li>\n<li class=\"secondary-nav__item\">\n    <a href=\"https:\/\/www.uni.lu\/life-fr\/logement\/locataires\/\" target=\"\" rel=\"noreferrer noopener\" class=\"secondary-nav__link \">\n        <svg aria-hidden=\"true\" focusable=\"false\" class=\"icon icon-outline icon--xs\">\n            <use xlink:href=\"https:\/\/www.uni.lu\/wp-content\/themes\/unilux-theme\/assets\/images\/icons\/icons-outline.svg#icon--arrow-right\" \/>\n        <\/svg>\n        <span class=\"secondary-nav__name\">Pour les locataires<\/span>\n    <\/a>\n<\/li>\n<li class=\"secondary-nav__item\">\n    <a href=\"https:\/\/www.uni.lu\/life-fr\/logement\/alternatives-aux-logements-etudiants\/\" target=\"\" rel=\"noreferrer noopener\" class=\"secondary-nav__link \">\n        <svg aria-hidden=\"true\" focusable=\"false\" class=\"icon icon-outline icon--xs\">\n            <use xlink:href=\"https:\/\/www.uni.lu\/wp-content\/themes\/unilux-theme\/assets\/images\/icons\/icons-outline.svg#icon--arrow-right\" \/>\n        <\/svg>\n        <span class=\"secondary-nav__name\">Alternatives<\/span>\n    <\/a>\n<\/li>\n        <\/ul>\n    <\/nav>\n<\/div>\n<!-- end SecondaryNavigationMirror --><\/div><\/section>\n\n\n\n<section class=\"wp-block-unilux-blocks-free-section section\"><div class=\"container xl:max-w-screen-xl\">\n<h2 class=\"has-text-align-left wp-block-unilux-blocks-heading\"        id=\"candidature\"\n    >\nCandidature<\/h2>\n\n\n<div class=\"wp-block-unilux-blocks-spacer is-spacer-size-sm\"><\/div>\n\n\n<p><strong>Pour b\u00e9n\u00e9ficier de nos logements \u00e9tudiants, vous devez\u202f:<\/strong><\/p>\n\n\n\n<ul class=\"ulux-list\">\n<li class=\"ulux-list-item\">\u00eatre \u00e9ligible (<a href=\"https:\/\/www.uni.lu\/life-fr\/logement\/ce-que-nous-proposons\/\">voir les crit\u00e8res ici<\/a>)\u202f;<\/li>\n\n\n\n<li class=\"ulux-list-item\">postuler et indiquer votre budget de location mensuel et le type de logement souhait\u00e9\u202f;<\/li>\n\n\n\n<li class=\"ulux-list-item\">vous voir attribuer un logement (sous r\u00e9serve de disponibilit\u00e9)\u202f;<\/li>\n\n\n\n<li class=\"ulux-list-item\">accepter la proposition\u202f; et<\/li>\n\n\n\n<li class=\"ulux-list-item\">payer la caution et le premier mois de loyer pour garantir votre r\u00e9servation.<\/li>\n<\/ul>\n\n\n\n<p>Les logements sont attribu\u00e9s aux candidats \u00e9ligibles en fonction des disponibilit\u00e9s, si possible \u00e0 proximit\u00e9 de leur lieu d\u2019\u00e9tudes. <strong>\u202fImportant\u202f:<\/strong>\u202fvous devez renseigner les informations concernant <strong>votre budget<\/strong> et le <strong>type de logement souhait\u00e9<\/strong> dans le champ \u00ab\u202fInformations compl\u00e9mentaires\u202f\u00bb de la plateforme de demande de logement ci-dessous. Les demandes incompl\u00e8tes ne seront pas trait\u00e9es.<\/p>\n\n\n\n<h3 class=\"has-text-align-left wp-block-unilux-blocks-heading\"        id=\"quand\"\n    >\n<strong><strong>Quand\u202f?<\/strong><\/strong><\/h3>\n\n\n\n<p><strong>Au plus t\u00f4t 12\u202fsemaines avant la date \u00e0 laquelle vous souhaitez emm\u00e9nager<\/strong> (attention\u202f: chaque contrat de location d\u00e9bute le 1<sup>er<\/sup> ou le 16 du mois).<\/p>\n\n\n\n<p><br><strong>Les candidatures pour le semestre d\u2019hiver \u202f2026-2027<\/strong> d\u00e9marrent\u202f:<\/p>\n\n\n\n<ul class=\"ulux-list\">\n<li class=\"ulux-list-item\">Le 10 juin 2026 pour un contrat de location prenant effet au 1<sup>er<\/sup> septembre 2026<\/li>\n\n\n\n<li class=\"ulux-list-item\">Le 25 juin 2026 pour un contrat de location prenant effet au 16 septembre 2026<\/li>\n<\/ul>\n\n\n\n<h3 class=\"has-text-align-left wp-block-unilux-blocks-heading\"        id=\"comment\"\n    >\n<strong><strong>Comment\u202f?<\/strong><\/strong><\/h3>\n\n\n\n<p>Postulez via notre plateforme. S\u00e9lectionnez votre cat\u00e9gorie\u202f:<\/p>\n\n\n<ul class=\"flex flex-wrap mt-24 -mx-16  wp-block-unilux-blocks-free-content-card\">\n    <li class=\"w-full sm:w-1\/2 lg:w-1\/3 px-16  wp-block-unilux-blocks-free-content-card-item\">\n    <div class=\"ulux-card card-project-related bg-theme\">\n        <div class=\"ulux-card__container card__container\">\n                        <div class=\"ulux-card__body wp-block-unilux-blocks-free-content-card-item-body\">\n    \n<span class=\"ulux-card__related wp-block-unilux-blocks-plain-text\"><\/span>\n<h3 class=\"ulux-card__title has-text-align-left wp-block-unilux-blocks-heading\"        id=\"bachelor-master-doctorat\"\n    >\nBachelor\/Master\/Doctorat<\/h3>\n<div class=\"ulux-card__link-wrapper card__link wp-block-unilux-blocks-simple-cta\">\n    <a\n        href=\"https:\/\/unilu-prod.planoncloud.com\/case\/BP\/_UN0001\/?accesskey=eyJ0eXAiOiJKV1QiLCJhbGciOiJSUzUxMiJ9.eyJzdWIiOiJTVFVERU5UUyIsInBuQXV0b0dlbmVyYXRlZCI6ZmFsc2UsImlzcyI6IlBsYW5vbiBTb2Z0d2FyZSIsImV4cCI6MTkyNDk0MjMyMCwiaWF0IjoxNzYxMjk3MTUxfQ.GLQM2s2iycxfjujQe9dZ76Pc7J52FMa960qsNJKfep9sbPjKcrCcW-VouBxFCGO6wJdM0c_Y4SlTjalA7_Uhy1uBhxUv_h-asNiZOI0PRvr9hrl7FJKWA_FglBgCK8vKJVxt1Dwv63Bw_MxkEUYwKQDnTpIBeCwVKBcZGrmaz7UK7zh4YYPGtvhpGesGxg0xJmCGERU8oR8ISGM9k1AREnNHr521IwnoHkaP_2rmO1YBdcZTjFzLLeBR79-DNo8WydvUP18JOeKh1QgqgfvxZy2HvKw8jRY-tZ2zxoE1pNQecUp3gUn6TcUzxEJOnId8r5-KdV84fbkpeE4kcY0JYQ\"\n        title=\"Learn more\"\n        class=\"link-text link-text--icon ulux-card__link link-text link-absolute\"\n        target=\"_blank\"\n    >\n        <span class=\"link-text__body\">\n            <span class=\"link-text__name\">Ouvre un nouvel onglet<\/span>\n        <\/span>\n        <svg aria-hidden=\"true\" focusable=\"false\" class=\"icon icon-outline icon--external-link \"><use xlink:href=\"https:\/\/www.uni.lu\/wp-content\/themes\/unilux-theme\/assets\/images\/icons\/icons-outline.svg#icon--external-link\"><\/use><\/svg>    <\/a>\n<\/div>\n<\/div>        <\/div>\n    <\/div>\n<\/li><li class=\"w-full sm:w-1\/2 lg:w-1\/3 px-16  wp-block-unilux-blocks-free-content-card-item\">\n    <div class=\"ulux-card card-project-related bg-theme\">\n        <div class=\"ulux-card__container card__container\">\n                        <div class=\"ulux-card__body wp-block-unilux-blocks-free-content-card-item-body\">\n    \n<span class=\"ulux-card__related wp-block-unilux-blocks-plain-text\"><\/span>\n<h3 class=\"ulux-card__title has-text-align-left wp-block-unilux-blocks-heading\"        id=\"etudiants-entrants-mobilite\"\n    >\n\u00c9tudiants entrants\/mobilit\u00e9<\/h3>\n<div class=\"ulux-card__link-wrapper card__link wp-block-unilux-blocks-simple-cta\">\n    <a\n        href=\"https:\/\/unilu-prod.planoncloud.com\/case\/BP\/_UN0001\/?accesskey=eyJ0eXAiOiJKV1QiLCJhbGciOiJSUzUxMiJ9.eyJzdWIiOiJTVFVERU5UUyIsInBuQXV0b0dlbmVyYXRlZCI6ZmFsc2UsImlzcyI6IlBsYW5vbiBTb2Z0d2FyZSIsImV4cCI6MTkyNDk0MjMyMCwiaWF0IjoxNzYxMjk3MTUxfQ.GLQM2s2iycxfjujQe9dZ76Pc7J52FMa960qsNJKfep9sbPjKcrCcW-VouBxFCGO6wJdM0c_Y4SlTjalA7_Uhy1uBhxUv_h-asNiZOI0PRvr9hrl7FJKWA_FglBgCK8vKJVxt1Dwv63Bw_MxkEUYwKQDnTpIBeCwVKBcZGrmaz7UK7zh4YYPGtvhpGesGxg0xJmCGERU8oR8ISGM9k1AREnNHr521IwnoHkaP_2rmO1YBdcZTjFzLLeBR79-DNo8WydvUP18JOeKh1QgqgfvxZy2HvKw8jRY-tZ2zxoE1pNQecUp3gUn6TcUzxEJOnId8r5-KdV84fbkpeE4kcY0JYQ\"\n        title=\"Learn more\"\n        class=\"link-text link-text--icon ulux-card__link link-text link-absolute\"\n        target=\"_blank\"\n    >\n        <span class=\"link-text__body\">\n            <span class=\"link-text__name\">Ouvre un nouvel onglet<\/span>\n        <\/span>\n        <svg aria-hidden=\"true\" focusable=\"false\" class=\"icon icon-outline icon--external-link \"><use xlink:href=\"https:\/\/www.uni.lu\/wp-content\/themes\/unilux-theme\/assets\/images\/icons\/icons-outline.svg#icon--external-link\"><\/use><\/svg>    <\/a>\n<\/div>\n<\/div>        <\/div>\n    <\/div>\n<\/li><li class=\"w-full sm:w-1\/2 lg:w-1\/3 px-16  wp-block-unilux-blocks-free-content-card-item\">\n    <div class=\"ulux-card card-project-related bg-theme\">\n        <div class=\"ulux-card__container card__container\">\n                        <div class=\"ulux-card__body wp-block-unilux-blocks-free-content-card-item-body\">\n    \n<span class=\"ulux-card__related wp-block-unilux-blocks-plain-text\"><\/span>\n<h3 class=\"ulux-card__title has-text-align-left wp-block-unilux-blocks-heading\"        id=\"retour-de-semestre-de-mobilite-dechange\"\n    >\nRetour de semestre de mobilit\u00e9\/d\u2019\u00e9change<\/h3>\n<div class=\"ulux-card__link-wrapper card__link wp-block-unilux-blocks-simple-cta\">\n    <a\n        href=\"https:\/\/unilu-prod.planoncloud.com\/case\/BP\/_UN0003\/?accesskey=eyJ0eXAiOiJKV1QiLCJhbGciOiJSUzUxMiJ9.eyJzdWIiOiJTVFVERU5UUyIsInBuQXV0b0dlbmVyYXRlZCI6ZmFsc2UsImlzcyI6IlBsYW5vbiBTb2Z0d2FyZSIsImV4cCI6MTkyNDk0MjMyMCwiaWF0IjoxNzYxMjk3MTUxfQ.GLQM2s2iycxfjujQe9dZ76Pc7J52FMa960qsNJKfep9sbPjKcrCcW-VouBxFCGO6wJdM0c_Y4SlTjalA7_Uhy1uBhxUv_h-asNiZOI0PRvr9hrl7FJKWA_FglBgCK8vKJVxt1Dwv63Bw_MxkEUYwKQDnTpIBeCwVKBcZGrmaz7UK7zh4YYPGtvhpGesGxg0xJmCGERU8oR8ISGM9k1AREnNHr521IwnoHkaP_2rmO1YBdcZTjFzLLeBR79-DNo8WydvUP18JOeKh1QgqgfvxZy2HvKw8jRY-tZ2zxoE1pNQecUp3gUn6TcUzxEJOnId8r5-KdV84fbkpeE4kcY0JYQ\"\n        title=\"Learn more\"\n        class=\"link-text link-text--icon ulux-card__link link-text link-absolute\"\n        target=\"_blank\"\n    >\n        <span class=\"link-text__body\">\n            <span class=\"link-text__name\">Ouvre un nouvel onglet<\/span>\n        <\/span>\n        <svg aria-hidden=\"true\" focusable=\"false\" class=\"icon icon-outline icon--external-link \"><use xlink:href=\"https:\/\/www.uni.lu\/wp-content\/themes\/unilux-theme\/assets\/images\/icons\/icons-outline.svg#icon--external-link\"><\/use><\/svg>    <\/a>\n<\/div>\n<\/div>        <\/div>\n    <\/div>\n<\/li><\/ul><\/div><\/section>\n\n\n\n<section class=\"py-0 wp-block-unilux-blocks-free-section section\"><div class=\"container xl:max-w-screen-xl\">\n<h2 class=\"has-text-align-left wp-block-unilux-blocks-heading\"        id=\"attribution\"\n    >\nAttribution<\/h2>\n\n\n\n<p>Une fois votre demande d\u00e9pos\u00e9e, si nous avons des disponibilit\u00e9s correspondant \u00e0 vos besoins, nous vous enverrons une proposition par email. Si vous refusez cette offre, nous ne pourrons pas vous attribuer un autre logement au cours du m\u00eame semestre.<\/p>\n\n\n\n<p>Si nous ne pouvons pas vous proposer de logement faute de disponibilit\u00e9, votre demande sera plac\u00e9e sur la liste d\u2019attente du semestre en cours.<\/p>\n\n\n\n<div class=\"wp-block-columns are-vertically-aligned-center is-not-stacked-on-mobile is-layout-flex wp-block-columns-is-layout-flex\">\n<div class=\"wp-block-column is-vertically-aligned-center is-layout-flow wp-block-column-is-layout-flow\" style=\"flex-basis:300px\">\n<div class=\"wp-block-unilux-blocks-icons-group icon--4xl\"><svg aria-hidden=\"true\" focusable=\"false\" class=\"icon icon-solid icon--warning \"><use xlink:href=\"https:\/\/www.uni.lu\/wp-content\/themes\/unilux-theme\/assets\/images\/icons\/icons-solid.svg#icon--warning\"><\/use><\/svg><\/div>\n\n\n<div class=\"wp-block-unilux-blocks-spacer is-spacer-size-sm\"><\/div><\/div>\n\n\n\n<div class=\"wp-block-column is-vertically-aligned-center is-layout-flow wp-block-column-is-layout-flow\">\n<h3 class=\"has-text-align-left wp-block-unilux-blocks-heading\"        id=\"aucun-logement-ne-peut-etre-garanti\"\n    >\n<strong>Aucun logement ne peut \u00eatre garanti<\/strong><\/h3>\n\n\n\n<p>Le nombre de demandes de logement est tr\u00e8s \u00e9lev\u00e9 et d\u00e9passe nos capacit\u00e9s d\u2019accueil. C\u2019est pourquoi l\u2019Universit\u00e9 du Luxembourg ne peut garantir un logement \u00e0 tous les \u00e9tudiants \u00e9ligibles. Nous recommandons vivement aux candidats de rechercher <a href=\"https:\/\/www.uni.lu\/life-fr\/logement\/ce-que-nous-proposons\/\">d\u2019autres alternatives<\/a>.<\/p>\n<\/div>\n<\/div>\n<\/div><\/section>\n\n\n\n<section class=\"wp-block-unilux-blocks-free-section section\"><div class=\"container xl:max-w-screen-xl\">\n<h2 class=\"has-text-align-left wp-block-unilux-blocks-heading\"        id=\"reservation\"\n    >\nR\u00e9servation<\/h2>\n\n\n\n<p>La proposition que vous recevez par e-mail vous est r\u00e9serv\u00e9e pendant <strong>10\u202fjours<\/strong>.<br>Vous pouvez d\u00e9couvrir la r\u00e9sidence qui vous est propos\u00e9e sur nos pages web. Il n\u2019est pas possible de visiter les r\u00e9sidences.<br>Si vous acceptez l\u2019h\u00e9bergement propos\u00e9, vous devrez confirmer votre r\u00e9servation dans un d\u00e9lai de 10\u202fjours en payant\u202f:<\/p>\n\n\n\n<ul class=\"ulux-list\">\n<li class=\"ulux-list-item\">Une caution \u00e9quivalente \u00e0 deux mois de loyer pour le logement r\u00e9serv\u00e9*.<\/li>\n\n\n\n<li class=\"ulux-list-item\">Le premier mois de location*.<\/li>\n\n\n\n<li class=\"ulux-list-item\"><a href=\"https:\/\/www.uni.lu\/life-fr\/logement\/contrat-de-location\/\">L\u2019assurance habitation<\/a>.<\/li>\n<\/ul>\n\n\n\n<p>Si nous ne recevons pas de paiement de votre part dans un d\u00e9lai de 10\u202fjours, la r\u00e9servation sera automatiquement annul\u00e9e.<br><em>*Le loyer mensuel d\u00e9pend du logement attribu\u00e9 et ne peut \u00eatre communiqu\u00e9 \u00e0 l\u2019avance.<\/em><\/p>\n<\/div><\/section>\n<\/div>","protected":false},"excerpt":{"rendered":"","protected":false},"author":385,"featured_media":0,"parent":7,"menu_order":4,"comment_status":"closed","ping_status":"closed","template":"","meta":{"featured_image_focal_point":[],"show_featured_caption":false,"ulux_newsletter_groups":"","uluxPostTitle":"Logement","uluxPrePostTitle":"","_trash_the_other_posts":false,"_price":"","_stock":"","_tribe_ticket_header":"","_tribe_default_ticket_provider":"","_tribe_ticket_capacity":"0","_ticket_start_date":"","_ticket_end_date":"","_tribe_ticket_show_description":"","_tribe_ticket_show_not_going":false,"_tribe_ticket_use_global_stock":"","_tribe_ticket_global_stock_level":"","_global_stock_mode":"","_global_stock_cap":"","_tribe_rsvp_for_event":"","_tribe_ticket_going_count":"","_tribe_ticket_not_going_count":"","_tribe_tickets_list":"[]","_tribe_ticket_has_attendee_info_fields":false,"footnotes":""},"field-of-interest":[],"organisation":[],"authorship":[210,337,385],"acf":[],"yoast_head":"<!-- This site is optimized with the Yoast SEO Premium plugin v22.3 (Yoast SEO v22.3) - https:\/\/yoast.com\/wordpress\/plugins\/seo\/ -->\n<title>Candidature - Universit\u00e9 du Luxembourg I Uni.lu<\/title>\n<meta name=\"description\" content=\"Les logements sont attribu\u00e9s \u00e0 ceux qui d\u00e9posent des candidatures \u00e9ligibles en fonction des disponibilit\u00e9s.\" \/>\n<meta name=\"robots\" content=\"index, follow, max-snippet:-1, max-image-preview:large, max-video-preview:-1\" \/>\n<link rel=\"canonical\" href=\"https:\/\/www.uni.lu\/life-fr\/logement\/candidature\/\" \/>\n<meta property=\"og:locale\" content=\"fr_FR\" \/>\n<meta property=\"og:type\" content=\"article\" \/>\n<meta property=\"og:title\" content=\"Candidature\" \/>\n<meta property=\"og:description\" content=\"Les logements sont attribu\u00e9s \u00e0 ceux qui d\u00e9posent des candidatures \u00e9ligibles en fonction des disponibilit\u00e9s.\" \/>\n<meta property=\"og:url\" content=\"https:\/\/www.uni.lu\/life-fr\/logement\/candidature\/\" \/>\n<meta property=\"og:site_name\" content=\"LIFE FR\" \/>\n<meta property=\"article:modified_time\" content=\"2026-03-13T09:32:35+00:00\" \/>\n<meta property=\"og:image\" content=\"https:\/\/www.uni.lu\/wp-content\/uploads\/sites\/31\/2026\/03\/03115200\/UNIV_SM-Profile_1600x1600px-scaled.jpg\" \/>\n\t<meta property=\"og:image:width\" content=\"2560\" \/>\n\t<meta property=\"og:image:height\" content=\"2560\" \/>\n\t<meta property=\"og:image:type\" content=\"image\/jpeg\" \/>\n<meta name=\"twitter:card\" content=\"summary_large_image\" \/>\n<meta name=\"twitter:label1\" content=\"Dur\u00e9e de lecture estim\u00e9e\" \/>\n\t<meta name=\"twitter:data1\" content=\"2 minutes\" \/>\n<script type=\"application\/ld+json\" class=\"yoast-schema-graph\">{\"@context\":\"https:\/\/schema.org\",\"@graph\":[{\"@type\":\"WebPage\",\"@id\":\"https:\/\/www.uni.lu\/life-fr\/logement\/candidature\/\",\"url\":\"https:\/\/www.uni.lu\/life-fr\/logement\/candidature\/\",\"name\":\"Candidature - Universit\u00e9 du Luxembourg I Uni.lu\",\"isPartOf\":{\"@id\":\"https:\/\/www.uni.lu\/life-fr\/#website\"},\"datePublished\":\"2024-05-06T08:15:15+00:00\",\"dateModified\":\"2026-03-13T09:32:35+00:00\",\"description\":\"Les logements sont attribu\u00e9s \u00e0 ceux qui d\u00e9posent des candidatures \u00e9ligibles en fonction des disponibilit\u00e9s.\",\"breadcrumb\":{\"@id\":\"https:\/\/www.uni.lu\/life-fr\/logement\/candidature\/#breadcrumb\"},\"inLanguage\":\"fr-FR\",\"potentialAction\":[{\"@type\":\"ReadAction\",\"target\":[\"https:\/\/www.uni.lu\/life-fr\/logement\/candidature\/\"]}]},{\"@type\":\"BreadcrumbList\",\"@id\":\"https:\/\/www.uni.lu\/life-fr\/logement\/candidature\/#breadcrumb\",\"itemListElement\":[{\"@type\":\"ListItem\",\"position\":1,\"name\":\"Home\",\"item\":\"https:\/\/www.uni.lu\/fr\"},{\"@type\":\"ListItem\",\"position\":2,\"name\":\"Vie sur le campus\",\"item\":\"https:\/\/www.uni.lu\/life-fr\/\"},{\"@type\":\"ListItem\",\"position\":3,\"name\":\"Logement\",\"item\":\"https:\/\/www.uni.lu\/life-fr\/logement\/\"},{\"@type\":\"ListItem\",\"position\":4,\"name\":\"Candidature\"}]},{\"@type\":\"WebSite\",\"@id\":\"https:\/\/www.uni.lu\/life-fr\/#website\",\"url\":\"https:\/\/www.uni.lu\/life-fr\/\",\"name\":\"Uni.lu\",\"description\":\"Vie sur le campus universitaire\",\"publisher\":{\"@id\":\"https:\/\/www.uni.lu\/life-fr\/#organization\"},\"alternateName\":\"Universit\u00e9 du Luxembourg\",\"potentialAction\":[{\"@type\":\"SearchAction\",\"target\":{\"@type\":\"EntryPoint\",\"urlTemplate\":\"https:\/\/www.uni.lu\/life-fr\/?s={search_term_string}\"},\"query-input\":\"required name=search_term_string\"}],\"inLanguage\":\"fr-FR\"},{\"@type\":\"Organization\",\"@id\":\"https:\/\/www.uni.lu\/life-fr\/#organization\",\"name\":\"Universit\u00e9 du Luxembourg\",\"url\":\"https:\/\/www.uni.lu\/life-fr\/\",\"logo\":{\"@type\":\"ImageObject\",\"inLanguage\":\"fr-FR\",\"@id\":\"https:\/\/www.uni.lu\/life-fr\/#\/schema\/logo\/image\/\",\"url\":\"https:\/\/www.uni.lu\/wp-content\/uploads\/sites\/31\/2026\/03\/03115200\/UNIV_SM-Profile_1600x1600px-scaled.jpg\",\"contentUrl\":\"https:\/\/www.uni.lu\/wp-content\/uploads\/sites\/31\/2026\/03\/03115200\/UNIV_SM-Profile_1600x1600px-scaled.jpg\",\"width\":2560,\"height\":2560,\"caption\":\"Universit\u00e9 du Luxembourg\"},\"image\":{\"@id\":\"https:\/\/www.uni.lu\/life-fr\/#\/schema\/logo\/image\/\"}}]}<\/script>\n<!-- \/ Yoast SEO Premium plugin. -->","yoast_head_json":{"title":"Candidature - Universit\u00e9 du Luxembourg I Uni.lu","description":"Les logements sont attribu\u00e9s \u00e0 ceux qui d\u00e9posent des candidatures \u00e9ligibles en fonction des disponibilit\u00e9s.","robots":{"index":"index","follow":"follow","max-snippet":"max-snippet:-1","max-image-preview":"max-image-preview:large","max-video-preview":"max-video-preview:-1"},"canonical":"https:\/\/www.uni.lu\/life-fr\/logement\/candidature\/","og_locale":"fr_FR","og_type":"article","og_title":"Candidature","og_description":"Les logements sont attribu\u00e9s \u00e0 ceux qui d\u00e9posent des candidatures \u00e9ligibles en fonction des disponibilit\u00e9s.","og_url":"https:\/\/www.uni.lu\/life-fr\/logement\/candidature\/","og_site_name":"LIFE FR","article_modified_time":"2026-03-13T09:32:35+00:00","og_image":[{"width":2560,"height":2560,"url":"https:\/\/www.uni.lu\/wp-content\/uploads\/sites\/31\/2026\/03\/03115200\/UNIV_SM-Profile_1600x1600px-scaled.jpg","type":"image\/jpeg"}],"twitter_card":"summary_large_image","twitter_misc":{"Dur\u00e9e de lecture estim\u00e9e":"2 minutes"},"schema":{"@context":"https:\/\/schema.org","@graph":[{"@type":"WebPage","@id":"https:\/\/www.uni.lu\/life-fr\/logement\/candidature\/","url":"https:\/\/www.uni.lu\/life-fr\/logement\/candidature\/","name":"Candidature - Universit\u00e9 du Luxembourg I Uni.lu","isPartOf":{"@id":"https:\/\/www.uni.lu\/life-fr\/#website"},"datePublished":"2024-05-06T08:15:15+00:00","dateModified":"2026-03-13T09:32:35+00:00","description":"Les logements sont attribu\u00e9s \u00e0 ceux qui d\u00e9posent des candidatures \u00e9ligibles en fonction des disponibilit\u00e9s.","breadcrumb":{"@id":"https:\/\/www.uni.lu\/life-fr\/logement\/candidature\/#breadcrumb"},"inLanguage":"fr-FR","potentialAction":[{"@type":"ReadAction","target":["https:\/\/www.uni.lu\/life-fr\/logement\/candidature\/"]}]},{"@type":"BreadcrumbList","@id":"https:\/\/www.uni.lu\/life-fr\/logement\/candidature\/#breadcrumb","itemListElement":[{"@type":"ListItem","position":1,"name":"Home","item":"https:\/\/www.uni.lu\/fr"},{"@type":"ListItem","position":2,"name":"Vie sur le campus","item":"https:\/\/www.uni.lu\/life-fr\/"},{"@type":"ListItem","position":3,"name":"Logement","item":"https:\/\/www.uni.lu\/life-fr\/logement\/"},{"@type":"ListItem","position":4,"name":"Candidature"}]},{"@type":"WebSite","@id":"https:\/\/www.uni.lu\/life-fr\/#website","url":"https:\/\/www.uni.lu\/life-fr\/","name":"Uni.lu","description":"Vie sur le campus universitaire","publisher":{"@id":"https:\/\/www.uni.lu\/life-fr\/#organization"},"alternateName":"Universit\u00e9 du Luxembourg","potentialAction":[{"@type":"SearchAction","target":{"@type":"EntryPoint","urlTemplate":"https:\/\/www.uni.lu\/life-fr\/?s={search_term_string}"},"query-input":"required name=search_term_string"}],"inLanguage":"fr-FR"},{"@type":"Organization","@id":"https:\/\/www.uni.lu\/life-fr\/#organization","name":"Universit\u00e9 du Luxembourg","url":"https:\/\/www.uni.lu\/life-fr\/","logo":{"@type":"ImageObject","inLanguage":"fr-FR","@id":"https:\/\/www.uni.lu\/life-fr\/#\/schema\/logo\/image\/","url":"https:\/\/www.uni.lu\/wp-content\/uploads\/sites\/31\/2026\/03\/03115200\/UNIV_SM-Profile_1600x1600px-scaled.jpg","contentUrl":"https:\/\/www.uni.lu\/wp-content\/uploads\/sites\/31\/2026\/03\/03115200\/UNIV_SM-Profile_1600x1600px-scaled.jpg","width":2560,"height":2560,"caption":"Universit\u00e9 du Luxembourg"},"image":{"@id":"https:\/\/www.uni.lu\/life-fr\/#\/schema\/logo\/image\/"}}]}},"ticketed":false,"_links":{"self":[{"href":"https:\/\/www.uni.lu\/life-fr\/wp-json\/wp\/v2\/pages\/727"}],"collection":[{"href":"https:\/\/www.uni.lu\/life-fr\/wp-json\/wp\/v2\/pages"}],"about":[{"href":"https:\/\/www.uni.lu\/life-fr\/wp-json\/wp\/v2\/types\/page"}],"author":[{"embeddable":true,"href":"https:\/\/www.uni.lu\/life-fr\/wp-json\/wp\/v2\/users\/385"}],"replies":[{"embeddable":true,"href":"https:\/\/www.uni.lu\/life-fr\/wp-json\/wp\/v2\/comments?post=727"}],"version-history":[{"count":5,"href":"https:\/\/www.uni.lu\/life-fr\/wp-json\/wp\/v2\/pages\/727\/revisions"}],"predecessor-version":[{"id":2491,"href":"https:\/\/www.uni.lu\/life-fr\/wp-json\/wp\/v2\/pages\/727\/revisions\/2491"}],"up":[{"embeddable":true,"href":"https:\/\/www.uni.lu\/life-fr\/wp-json\/wp\/v2\/pages\/7"}],"wp:authorship":[{"embeddable":true,"href":"https:\/\/www.uni.lu\/life-fr\/wp-json\/wp\/v2\/users\/210"},{"embeddable":true,"href":"https:\/\/www.uni.lu\/life-fr\/wp-json\/wp\/v2\/users\/337"},{"embeddable":true,"href":"https:\/\/www.uni.lu\/life-fr\/wp-json\/wp\/v2\/users\/385"}],"wp:attachment":[{"href":"https:\/\/www.uni.lu\/life-fr\/wp-json\/wp\/v2\/media?parent=727"}],"wp:term":[{"taxonomy":"field-of-interest","embeddable":true,"href":"https:\/\/www.uni.lu\/life-fr\/wp-json\/wp\/v2\/field-of-interest?post=727"},{"taxonomy":"organisation","embeddable":true,"href":"https:\/\/www.uni.lu\/life-fr\/wp-json\/wp\/v2\/organisation?post=727"}],"curies":[{"name":"wp","href":"https:\/\/api.w.org\/{rel}","templated":true}]}}