{"id":72,"date":"2023-10-20T16:35:46","date_gmt":"2023-10-20T14:35:46","guid":{"rendered":"https:\/\/www.uni.lu\/life-fr\/?page_id=72"},"modified":"2026-02-26T10:02:21","modified_gmt":"2026-02-26T09:02:21","slug":"career-centre","status":"publish","type":"page","link":"https:\/\/www.uni.lu\/life-fr\/career-centre\/","title":{"rendered":"Career Centre"},"content":{"rendered":"\n<section class=\"section no-padding-y wp-block-unilux-blocks-hero\">\n    <div class=\"hero hero--2  \">\n        \n<header class=\"wp-block-unilux-blocks-wrapper hero__header\">\n<div class=\"wp-block-unilux-blocks-wrapper hero__container\">\n<span class=\"hero__title__subject wp-block-unilux-blocks-plain-text\">Career Centre<\/span>\n\n\n<h2 class=\"has-text-align-left wp-block-unilux-blocks-heading\"        id=\"ameliorez-votre-employabilite\"\n    >\nAm\u00e9liorez votre employabilit\u00e9 !<\/h2>\n<\/div>\n<\/header>\n<figure class=\"wp-block-dev4-reusable-blocks-image hero__visual object-fit--cover\">\n    \n<img decoding=\"async\" class=\"wp-block-image unilux-custom-image-block\"\n                alt=\"Career Centre, cover image. Person using a laptop\"\n            src=\"https:\/\/www.uni.lu\/wp-content\/uploads\/sites\/29\/2023\/07\/Career-Centre.jpg\"\n                    style=\"object-position: 50.00% 50.00%; font-family: &quot;object-fit: cover; object-position: 50.00% 50.00%;&quot;; aspect-ratio: 16\/9; object-fit: cover; width: 100%;\"\n        loading=\"lazy\"\n\/>    <\/figure>\n<div class=\"wp-block-unilux-blocks-wrapper hero__body\">\n<div class=\"wp-block-unilux-blocks-wrapper hero__container\">\n<p class=\"wp-block-unilux-blocks-plain-text\">Le Career Centre de l&rsquo;Universit\u00e9 du Luxembourg s\u2019adresse aux \u00e9tudiants et aux recruteurs.<\/p>\n\n\n<ul class=\"wp-block-unilux-blocks-custom-buttons btn-list\"><li class=\"wp-block-unilux-blocks-custom-button\"    aria-disabled=\"false\"\n    >\n    <a\n        role=\"link\"\n        aria-disabled=\"false\"\n                    href=\"https:\/\/uni-lu.jobteaser.com\/fr\/users\/sign_in?back_to_after_login=%2F\"\n                target=\"_blank\"\n        class=\"btn btn--primary\"\n            >Career Centre &#8211; JobTeaser<\/a>\n<\/li>\n\n\n<\/ul>\n<\/div>\n<\/div>\n    <\/div>\n<\/section>\n\n\n<section class=\"py-0 wp-block-unilux-blocks-free-section section\"><div class=\"container xl:max-w-screen-xl\"><div class=\"wp-block-unilux-blocks-spacer is-spacer-size-md\"><\/div>\n\n\n<ul class=\"wp-block-unilux-blocks-button-list-v2\">\n<li class=\"wp-block-unilux-blocks-button-list-item-v2\"><a class=\"quick-link\" href=\"https:\/\/www.uni.lu\/life-fr\/career-centre\/#etudiants\" target=\"\" role=\"link\" rel=\"noopener\" tabindex=\"0\"><span class=\"quick-link__container\">\n<div class=\"wp-block-unilux-blocks-block-inserter quick-link__img\"><\/div>\n\n\n\n<span class=\"quick-link__name wp-block-unilux-blocks-plain-text\">\u00c9tudiants<\/span>\n\n<svg aria-hidden=\"true\" focusable=\"false\" class=\"icon icon-outline icon--arrow-dual-down \"><use xlink:href=\"https:\/\/www.uni.lu\/wp-content\/themes\/unilux-theme\/assets\/images\/icons\/icons-outline.svg#icon--arrow-dual-down\"><\/use><\/svg><\/span><\/a><\/li>\n\n\n\n<li class=\"wp-block-unilux-blocks-button-list-item-v2\"><a class=\"quick-link\" href=\"https:\/\/www.uni.lu\/life-fr\/career-centre\/#recruteurs\" target=\"\" role=\"link\" rel=\"noopener\" tabindex=\"0\"><span class=\"quick-link__container\">\n<div class=\"wp-block-unilux-blocks-block-inserter quick-link__img\"><\/div>\n\n\n\n<span class=\"quick-link__name wp-block-unilux-blocks-plain-text\">Recruteurs<\/span>\n\n<svg aria-hidden=\"true\" focusable=\"false\" class=\"icon icon-outline icon--arrow-dual-down \"><use xlink:href=\"https:\/\/www.uni.lu\/wp-content\/themes\/unilux-theme\/assets\/images\/icons\/icons-outline.svg#icon--arrow-dual-down\"><\/use><\/svg><\/span><\/a><\/li>\n<\/ul>\n\n\n<div class=\"wp-block-unilux-blocks-spacer is-spacer-size-md\"><\/div>\n\n\n<h2 class=\"has-text-align-left wp-block-unilux-blocks-heading\"        id=\"contact\"\n    >\nContact<\/h2>\n\n\n<div class=\"icon-info-wrapper\">\n    <ul class=\"icon-info-block wp-block-unilux-blocks-icon-info\">\n        <li class=\"wp-block-unilux-blocks-icon-info-item\">\n    \n<div class=\"wp-block-unilux-blocks-wrapper icon-info\">\n<div class=\"icon--primary icon--secondary-2  wp-block-unilux-blocks-icon-picker\">\n    <svg aria-hidden=\"true\" focusable=\"false\" class=\"icon icon-outline icon--email \"><use xlink:href=\"https:\/\/www.uni.lu\/wp-content\/themes\/unilux-theme\/assets\/images\/icons\/icons-outline.svg#icon--email\"><\/use><\/svg><\/div>\n\n\n<p class=\"has-1-125-rem-font-size\"><a href=\"mailto:romain.raux@uni.lu\" target=\"_blank\" rel=\"noreferrer noopener\">romain.raux@uni.lu<\/a><\/p>\n<\/div>\n<\/li>\n<li class=\"wp-block-unilux-blocks-icon-info-item\">\n    \n<div class=\"wp-block-unilux-blocks-wrapper icon-info\">\n<div class=\"icon--primary icon--secondary-2  wp-block-unilux-blocks-icon-picker\">\n    <svg aria-hidden=\"true\" focusable=\"false\" class=\"icon icon-outline icon--email \"><use xlink:href=\"https:\/\/www.uni.lu\/wp-content\/themes\/unilux-theme\/assets\/images\/icons\/icons-outline.svg#icon--email\"><\/use><\/svg><\/div>\n\n\n<p class=\"has-1-125-rem-font-size\"><a href=\"mailto:careercentre@uni.lu\" target=\"_blank\" rel=\"noreferrer noopener\">careercentre@uni.lu<\/a><\/p>\n<\/div>\n<\/li>\n    <\/ul>\n<\/div>\n<\/div><\/section>\n\n\n\n<section class=\"wp-block-unilux-blocks-free-section section\"><div class=\"container xl:max-w-screen-xl\">\n<ul class=\"wp-block-unilux-blocks-quick-link-highlight quick-link-list\">\n<li class=\"wp-block-unilux-blocks-quick-link-highlight-item\">\n    <a\n                    href=\"https:\/\/www.uni.lu\/life-fr\/events\/unicareers-lu\/\"\n                    class=\"quick-link\"\n            target=\"\"\n    >\n            <span class=\"quick-link__container\">\n                <span class=\"quick-link__body\">\n                    <span class=\"quick-link__number\">\n                        Unicareers recruitment fair                    <\/span>\n                    <span class=\"quick-link__title\">\n                        Friday 25 September 2026                    <\/span>\n                    <span class=\"quick-link__action\">\n                                            <\/span>\n                <\/span>\n                <svg aria-hidden=\"true\" focusable=\"false\" class=\"icon icon-outline icon--arrow-right \"><use xlink:href=\"https:\/\/www.uni.lu\/wp-content\/themes\/unilux-theme\/assets\/images\/icons\/icons-outline.svg#icon--arrow-right\"><\/use><\/svg>            <\/span>\n    <\/a>\n<\/li>\n<\/ul>\n<\/div><\/section>\n\n\n\n<section class=\"py-0 wp-block-unilux-blocks-free-section section\"><div class=\"container xl:max-w-screen-xl\">\n<h2 class=\"has-text-align-left wp-block-unilux-blocks-heading\"        id=\"etudiants\"\n    >\n<strong>\u00c9tudiants<\/strong><\/h2>\n\n\n\n<p>Notre objectif est de vous apporter conseils, soutien, et de vous accompagner sur le chemin de votre employabilit\u00e9. Nous travaillons avec vous pour identifier vos aspirations, vos forces, votre potentiel, vos talents et vos passions<\/p>\n\n\n\n<p>Voici ce que le Career Centre de l\u2019Universit\u00e9 du Luxembourg peut faire pour vous&nbsp;:<\/p>\n\n\n\n<ul class=\"ulux-list\">\n<li class=\"ulux-list-item\">Vous enseigner les&nbsp;<strong>strat\u00e9gies<\/strong>, les comp\u00e9tences et les techniques de recherche d&#8217;emploi et de stage<\/li>\n\n\n\n<li class=\"ulux-list-item\">Passer en revue votre CV (en cr\u00e9er un avec notre partenaire <a href=\"https:\/\/fisio.fr\">Fisio<\/a>), votre lettre de motivation et vous entra\u00eener \u00e0 passer des entretiens d\u2019embauche.<\/li>\n\n\n\n<li class=\"ulux-list-item\">Vous informer sur les diff\u00e9rentes opportunit\u00e9s professionnelles et les tendances du march\u00e9 du travail<\/li>\n\n\n\n<li class=\"ulux-list-item\">Vous montrer comment fonctionne la plateforme <a href=\"https:\/\/uni-lu.jobteaser.com\/fr\/users\/sign_in?back_to_after_login=%2F\" target=\"_blank\" rel=\"noreferrer noopener\">Uni.lu JobTeaser<\/a> <\/li>\n\n\n\n<li class=\"ulux-list-item\">\u00c9tablir des&nbsp;<strong>liens directs<\/strong>&nbsp;avec les employeurs<\/li>\n\n\n\n<li class=\"ulux-list-item\">Vous accompagner dans votre orientation professionnelle, avec notre partenaire <a href=\"https:\/\/www.centraltest.fr\/\">Central Test<\/a>.<\/li>\n\n\n\n<li class=\"ulux-list-item\">Vous proposer des ateliers divis\u00e9s en 3 modules. <a href=\"https:\/\/uni-lu.jobteaser.com\/fr\/events?exclusive=true\">Inscriptions sur JobTeaser<\/a><\/li>\n<\/ul>\n\n\n<div class=\"wp-block-unilux-blocks-spacer is-spacer-size-md\"><\/div>\n\n\n<h3 class=\"has-text-align-left wp-block-unilux-blocks-heading\"        id=\"stages\"\n    >\nStages<\/h3>\n\n\n\n<p>Depuis le 9&nbsp;juin&nbsp;2020, de nouvelles r\u00e8gles s\u2019appliquent dans le domaine de l&rsquo;indemnisation des stages&nbsp;. Voir la loi sur le travail.<\/p>\n\n\n\n<ul class=\"wp-block-unilux-blocks-button-list-v2\">\n<li class=\"wp-block-unilux-blocks-button-list-item-v2\"><a class=\"quick-link\" href=\"https:\/\/legilux.public.lu\/eli\/etat\/leg\/loi\/2020\/06\/04\/a476\/jo\" target=\"_blank\" role=\"link\" rel=\"noopener\" tabindex=\"0\"><span class=\"quick-link__container\">\n<div class=\"wp-block-unilux-blocks-block-inserter quick-link__img\"><\/div>\n\n\n\n<span class=\"quick-link__name wp-block-unilux-blocks-plain-text\">Loi sur le travail<\/span>\n\n<svg aria-hidden=\"true\" focusable=\"false\" class=\"icon icon-outline icon--external-link \"><use xlink:href=\"https:\/\/www.uni.lu\/wp-content\/themes\/unilux-theme\/assets\/images\/icons\/icons-outline.svg#icon--external-link\"><\/use><\/svg><\/span><\/a><\/li>\n<\/ul>\n\n\n<div class=\"wp-block-unilux-blocks-spacer is-spacer-size-md\"><\/div>\n\n\n<h3 class=\"has-text-align-left wp-block-unilux-blocks-heading\"        id=\"etudiants-non-europeens-apres-avoir-termine-vos-etudes\"\n    >\n\u00c9tudiants non europ\u00e9ens apr\u00e8s avoir termin\u00e9 vos \u00e9tudes<\/h3>\n\n\n\n<p>Vous souhaitez rester au Luxembourg pour chercher un emploi ou d\u00e9marrer une entreprise ?<\/p>\n\n\n\n<p>Vous devez demander un permis de s\u00e9jour pour trouver un emploi ou cr\u00e9er une entreprise, avant l\u2019expiration de votre permis de s\u00e9jour \u00e9tudiant ou la fin de votre programme de mobilit\u00e9 au Luxembourg.<\/p>\n\n\n\n<ul class=\"wp-block-unilux-blocks-button-list-v2\">\n<li class=\"wp-block-unilux-blocks-button-list-item-v2\"><a class=\"quick-link\" href=\"https:\/\/guichet.public.lu\/en\/citoyens\/immigration\/plus-3-mois\/ressortissant-tiers\/etudiant\/sejour-luxembourg-apres-etudes.html\" target=\"_blank\" role=\"link\" rel=\"noopener\" tabindex=\"0\"><span class=\"quick-link__container\">\n<div class=\"wp-block-unilux-blocks-block-inserter quick-link__img\"><\/div>\n\n\n\n<span class=\"quick-link__name wp-block-unilux-blocks-plain-text\">Guichet.lu &#8211; S\u00e9journer au Luxembourg pour trouver un emploi ou cr\u00e9er une entreprise apr\u00e8s avoir termin\u00e9 ses \u00e9tudes<\/span>\n\n<svg aria-hidden=\"true\" focusable=\"false\" class=\"icon icon-outline icon--external-link \"><use xlink:href=\"https:\/\/www.uni.lu\/wp-content\/themes\/unilux-theme\/assets\/images\/icons\/icons-outline.svg#icon--external-link\"><\/use><\/svg><\/span><\/a><\/li>\n<\/ul>\n<\/div><\/section>\n\n\n\n<section class=\"wp-block-unilux-blocks-free-section section\"><div class=\"container xl:max-w-screen-xl\">\n<h2 class=\"has-text-align-left wp-block-unilux-blocks-heading\"        id=\"recruteurs\"\n    >\nRecruteurs<\/h2>\n\n\n\n<p>Recruteurs, entreprises, nous avons pour vous une plateforme, un job board, qui vous permet de poster vos offres d&#8217;emploi, de stage ou de job \u00e9tudiant, et de pr\u00e9senter votre structure aux \u00e9tudiants. C&rsquo;est simple, et c&rsquo;est gratuit.<\/p>\n\n\n\n<p>Les \u00e9tudiants ont acc\u00e8s \u00e0 ce job board avec :<\/p>\n\n\n\n<ul class=\"ulux-list\">\n<li class=\"ulux-list-item\">Un <strong>espace<\/strong> pour pr\u00e9senter les entreprises et les activit\u00e9s qu&rsquo;elles proposent (avec plus de 1500 vid\u00e9os d\u2019emploi)<\/li>\n\n\n\n<li class=\"ulux-list-item\">L&rsquo;annonce des <strong>\u00e9v\u00e9nements<\/strong> et des journ\u00e9es sp\u00e9ciales organis\u00e9es par les entreprises<\/li>\n\n\n\n<li class=\"ulux-list-item\">Des centaines d&rsquo;<strong>offres d&#8217;emploi<\/strong>, de <strong>stages<\/strong>, et de <strong>jobs \u00e9tudiant<\/strong><\/li>\n\n\n\n<li class=\"ulux-list-item\">Des <strong>alertes<\/strong> par courriel sur les offres d\u2019emploi et les \u00e9v\u00e9nements<\/li>\n<\/ul>\n\n\n\n<p>Une plate-forme tout-en-un disponible sur IPhone et Android. &nbsp;Cr\u00e9ez votre compte et postez une offre.<\/p>\n\n\n\n<ul class=\"wp-block-unilux-blocks-button-list-v2\">\n<li class=\"wp-block-unilux-blocks-button-list-item-v2\"><a class=\"quick-link\" href=\"https:\/\/uni-lu.jobteaser.com\/en\/recruiter_account\/sign_in?back_to_after_login=%2Fen%2Frecruiter_account%2Fjob_offers\" target=\"_blank\" role=\"link\" rel=\"noopener\" tabindex=\"0\"><span class=\"quick-link__container\">\n<div class=\"wp-block-unilux-blocks-block-inserter quick-link__img\"><\/div>\n\n\n\n<span class=\"quick-link__name wp-block-unilux-blocks-plain-text\">Uni.lu JobTeaser pour les recruteurs<\/span>\n\n<svg aria-hidden=\"true\" focusable=\"false\" class=\"icon icon-outline icon--external-link \"><use xlink:href=\"https:\/\/www.uni.lu\/wp-content\/themes\/unilux-theme\/assets\/images\/icons\/icons-outline.svg#icon--external-link\"><\/use><\/svg><\/span><\/a><\/li>\n<\/ul>\n\n\n<div class=\"wp-block-unilux-blocks-spacer is-spacer-size-sm\"><\/div>\n\n\n<p>Une fois votre offre post\u00e9e, vous pouvez suivre son \u00e9volution en temps r\u00e9el (validation, nombre de vues), l\u2019archiver lorsqu\u2019elle a \u00e9t\u00e9 pourvue, la modifier, ou m\u00eame en poster d&rsquo;autres.<\/p>\n\n\n\n<p>Pour retourner sur votre espace, il vous suffit de reprendre votre login et mot de passe.<\/p>\n\n\n\n<p>Veuillez trouver ci-dessous notre brochure pour plus d&rsquo;informations sur les contrats de travail, les stages et le tableau des offres d&#8217;emploi:<\/p>\n\n\n\n<ul class=\"wp-block-unilux-blocks-button-list-v2\">\n<li class=\"wp-block-unilux-blocks-button-list-item-v2\"><a class=\"quick-link\" href=\"https:\/\/www.uni.lu\/wp-content\/uploads\/sites\/9\/2023\/09\/Brochure_Job_Etudiant_Entreprise_2023_V0.4.pdf\" target=\"_blank\" role=\"link\" rel=\"noopener\" tabindex=\"0\"><span class=\"quick-link__container\">\n<div class=\"wp-block-unilux-blocks-block-inserter quick-link__img\"><\/div>\n\n\n\n<span class=\"quick-link__name wp-block-unilux-blocks-plain-text\">Embaucher des \u00e9tudiants (brochure en fran\u00e7ais)<\/span>\n\n<svg aria-hidden=\"true\" focusable=\"false\" class=\"icon icon-outline icon--arrow-right \"><use xlink:href=\"https:\/\/www.uni.lu\/wp-content\/themes\/unilux-theme\/assets\/images\/icons\/icons-outline.svg#icon--arrow-right\"><\/use><\/svg><\/span><\/a><\/li>\n<\/ul>\n<\/div><\/section>\n\n\n<section class=\"section section wp-block-unilux-blocks-quick-link-discover-section\">\n    <div class=\"container xl:max-w-screen-xl\">\n        \n<h2 class=\"has-text-align-left wp-block-unilux-blocks-heading\"        id=\"en-savoir-plus\"\n    >\nEn savoir plus<\/h2>\n\n<ul class=\"wp-block-unilux-blocks-quick-link-discover quick-link-list\">\n<li class=\"wp-block-unilux-blocks-quick-link-discover-item\">\n    <a\n                    href=\"https:\/\/www.uni.lu\/life-fr\/s-installer-au-luxembourg\/travailler-au-luxembourg\/\"\n                    class=\"quick-link\"\n            target=\"\"\n    >\n            <span class=\"quick-link__container\">\n                <span class=\"quick-link__text\">\n                    Travailler au Luxembourg en tant qu&rsquo;\u00e9tudiant                <\/span>\n                <svg aria-hidden=\"true\" focusable=\"false\" class=\"icon icon-outline icon--arrow-right \"><use xlink:href=\"https:\/\/www.uni.lu\/wp-content\/themes\/unilux-theme\/assets\/images\/icons\/icons-outline.svg#icon--arrow-right\"><\/use><\/svg>            <\/span>\n    <\/a>\n<\/li>\n\n\n\n<li class=\"wp-block-unilux-blocks-quick-link-discover-item\">\n    <a\n                    href=\"https:\/\/www.uni.lu\/fr\/a-propos\/travailler-a-l-universite\/\"\n                    class=\"quick-link\"\n            target=\"\"\n    >\n            <span class=\"quick-link__container\">\n                <span class=\"quick-link__text\">\n                    Travailler \u00e0 l\u2019Universit\u00e9                <\/span>\n                <svg aria-hidden=\"true\" focusable=\"false\" class=\"icon icon-outline icon--arrow-right \"><use xlink:href=\"https:\/\/www.uni.lu\/wp-content\/themes\/unilux-theme\/assets\/images\/icons\/icons-outline.svg#icon--arrow-right\"><\/use><\/svg>            <\/span>\n    <\/a>\n<\/li>\n<\/ul>\n    <\/div>\n<\/section>","protected":false},"excerpt":{"rendered":"","protected":false},"author":44,"featured_media":0,"parent":0,"menu_order":0,"comment_status":"closed","ping_status":"closed","template":"","meta":{"featured_image_focal_point":[],"show_featured_caption":false,"ulux_newsletter_groups":"","uluxPostTitle":"","uluxPrePostTitle":"","_trash_the_other_posts":false,"_price":"","_stock":"","_tribe_ticket_header":"","_tribe_default_ticket_provider":"","_tribe_ticket_capacity":"0","_ticket_start_date":"","_ticket_end_date":"","_tribe_ticket_show_description":"","_tribe_ticket_show_not_going":false,"_tribe_ticket_use_global_stock":"","_tribe_ticket_global_stock_level":"","_global_stock_mode":"","_global_stock_cap":"","_tribe_rsvp_for_event":"","_tribe_ticket_going_count":"","_tribe_ticket_not_going_count":"","_tribe_tickets_list":"[]","_tribe_ticket_has_attendee_info_fields":false,"footnotes":""},"field-of-interest":[],"organisation":[],"authorship":[44,293,210,337],"acf":[],"yoast_head":"<!-- This site is optimized with the Yoast SEO Premium plugin v22.3 (Yoast SEO v22.3) - https:\/\/yoast.com\/wordpress\/plugins\/seo\/ -->\n<title>Career Centre - Universit\u00e9 du Luxembourg I Uni.lu<\/title>\n<meta name=\"description\" content=\"Am\u00e9liorez votre employabilit\u00e9 ! Le Career Centre de l&#039;Universit\u00e9 du Luxembourg s\u2019adresse aux \u00e9tudiants et aux recruteurs.\" \/>\n<meta name=\"robots\" content=\"index, follow, max-snippet:-1, max-image-preview:large, max-video-preview:-1\" \/>\n<link rel=\"canonical\" href=\"https:\/\/www.uni.lu\/life-fr\/career-centre\/\" \/>\n<meta property=\"og:locale\" content=\"fr_FR\" \/>\n<meta property=\"og:type\" content=\"article\" \/>\n<meta property=\"og:title\" content=\"Career Centre\" \/>\n<meta property=\"og:description\" content=\"Am\u00e9liorez votre employabilit\u00e9 ! Le Career Centre de l&#039;Universit\u00e9 du Luxembourg s\u2019adresse aux \u00e9tudiants et aux recruteurs.\" \/>\n<meta property=\"og:url\" content=\"https:\/\/www.uni.lu\/life-fr\/career-centre\/\" \/>\n<meta property=\"og:site_name\" content=\"LIFE FR\" \/>\n<meta property=\"article:modified_time\" content=\"2026-02-26T09:02:21+00:00\" \/>\n<meta property=\"og:image\" content=\"https:\/\/www.uni.lu\/wp-content\/uploads\/sites\/31\/2026\/03\/03115200\/UNIV_SM-Profile_1600x1600px-scaled.jpg\" \/>\n\t<meta property=\"og:image:width\" content=\"2560\" \/>\n\t<meta property=\"og:image:height\" content=\"2560\" \/>\n\t<meta property=\"og:image:type\" content=\"image\/jpeg\" \/>\n<meta name=\"twitter:card\" content=\"summary_large_image\" \/>\n<meta name=\"twitter:label1\" content=\"Dur\u00e9e de lecture estim\u00e9e\" \/>\n\t<meta name=\"twitter:data1\" content=\"2 minutes\" \/>\n<script type=\"application\/ld+json\" class=\"yoast-schema-graph\">{\"@context\":\"https:\/\/schema.org\",\"@graph\":[{\"@type\":\"WebPage\",\"@id\":\"https:\/\/www.uni.lu\/life-fr\/career-centre\/\",\"url\":\"https:\/\/www.uni.lu\/life-fr\/career-centre\/\",\"name\":\"Career Centre - Universit\u00e9 du Luxembourg I Uni.lu\",\"isPartOf\":{\"@id\":\"https:\/\/www.uni.lu\/life-fr\/#website\"},\"datePublished\":\"2023-10-20T14:35:46+00:00\",\"dateModified\":\"2026-02-26T09:02:21+00:00\",\"description\":\"Am\u00e9liorez votre employabilit\u00e9 ! Le Career Centre de l'Universit\u00e9 du Luxembourg s\u2019adresse aux \u00e9tudiants et aux recruteurs.\",\"breadcrumb\":{\"@id\":\"https:\/\/www.uni.lu\/life-fr\/career-centre\/#breadcrumb\"},\"inLanguage\":\"fr-FR\",\"potentialAction\":[{\"@type\":\"ReadAction\",\"target\":[\"https:\/\/www.uni.lu\/life-fr\/career-centre\/\"]}]},{\"@type\":\"BreadcrumbList\",\"@id\":\"https:\/\/www.uni.lu\/life-fr\/career-centre\/#breadcrumb\",\"itemListElement\":[{\"@type\":\"ListItem\",\"position\":1,\"name\":\"Home\",\"item\":\"https:\/\/www.uni.lu\/fr\"},{\"@type\":\"ListItem\",\"position\":2,\"name\":\"Vie sur le campus\",\"item\":\"https:\/\/www.uni.lu\/life-fr\/\"},{\"@type\":\"ListItem\",\"position\":3,\"name\":\"Career Centre\"}]},{\"@type\":\"WebSite\",\"@id\":\"https:\/\/www.uni.lu\/life-fr\/#website\",\"url\":\"https:\/\/www.uni.lu\/life-fr\/\",\"name\":\"Uni.lu\",\"description\":\"Vie sur le campus universitaire\",\"publisher\":{\"@id\":\"https:\/\/www.uni.lu\/life-fr\/#organization\"},\"alternateName\":\"Universit\u00e9 du Luxembourg\",\"potentialAction\":[{\"@type\":\"SearchAction\",\"target\":{\"@type\":\"EntryPoint\",\"urlTemplate\":\"https:\/\/www.uni.lu\/life-fr\/?s={search_term_string}\"},\"query-input\":\"required name=search_term_string\"}],\"inLanguage\":\"fr-FR\"},{\"@type\":\"Organization\",\"@id\":\"https:\/\/www.uni.lu\/life-fr\/#organization\",\"name\":\"Universit\u00e9 du Luxembourg\",\"url\":\"https:\/\/www.uni.lu\/life-fr\/\",\"logo\":{\"@type\":\"ImageObject\",\"inLanguage\":\"fr-FR\",\"@id\":\"https:\/\/www.uni.lu\/life-fr\/#\/schema\/logo\/image\/\",\"url\":\"https:\/\/www.uni.lu\/wp-content\/uploads\/sites\/31\/2026\/03\/03115200\/UNIV_SM-Profile_1600x1600px-scaled.jpg\",\"contentUrl\":\"https:\/\/www.uni.lu\/wp-content\/uploads\/sites\/31\/2026\/03\/03115200\/UNIV_SM-Profile_1600x1600px-scaled.jpg\",\"width\":2560,\"height\":2560,\"caption\":\"Universit\u00e9 du Luxembourg\"},\"image\":{\"@id\":\"https:\/\/www.uni.lu\/life-fr\/#\/schema\/logo\/image\/\"}}]}<\/script>\n<!-- \/ Yoast SEO Premium plugin. -->","yoast_head_json":{"title":"Career Centre - Universit\u00e9 du Luxembourg I Uni.lu","description":"Am\u00e9liorez votre employabilit\u00e9 ! Le Career Centre de l'Universit\u00e9 du Luxembourg s\u2019adresse aux \u00e9tudiants et aux recruteurs.","robots":{"index":"index","follow":"follow","max-snippet":"max-snippet:-1","max-image-preview":"max-image-preview:large","max-video-preview":"max-video-preview:-1"},"canonical":"https:\/\/www.uni.lu\/life-fr\/career-centre\/","og_locale":"fr_FR","og_type":"article","og_title":"Career Centre","og_description":"Am\u00e9liorez votre employabilit\u00e9 ! Le Career Centre de l'Universit\u00e9 du Luxembourg s\u2019adresse aux \u00e9tudiants et aux recruteurs.","og_url":"https:\/\/www.uni.lu\/life-fr\/career-centre\/","og_site_name":"LIFE FR","article_modified_time":"2026-02-26T09:02:21+00:00","og_image":[{"width":2560,"height":2560,"url":"https:\/\/www.uni.lu\/wp-content\/uploads\/sites\/31\/2026\/03\/03115200\/UNIV_SM-Profile_1600x1600px-scaled.jpg","type":"image\/jpeg"}],"twitter_card":"summary_large_image","twitter_misc":{"Dur\u00e9e de lecture estim\u00e9e":"2 minutes"},"schema":{"@context":"https:\/\/schema.org","@graph":[{"@type":"WebPage","@id":"https:\/\/www.uni.lu\/life-fr\/career-centre\/","url":"https:\/\/www.uni.lu\/life-fr\/career-centre\/","name":"Career Centre - Universit\u00e9 du Luxembourg I Uni.lu","isPartOf":{"@id":"https:\/\/www.uni.lu\/life-fr\/#website"},"datePublished":"2023-10-20T14:35:46+00:00","dateModified":"2026-02-26T09:02:21+00:00","description":"Am\u00e9liorez votre employabilit\u00e9 ! Le Career Centre de l'Universit\u00e9 du Luxembourg s\u2019adresse aux \u00e9tudiants et aux recruteurs.","breadcrumb":{"@id":"https:\/\/www.uni.lu\/life-fr\/career-centre\/#breadcrumb"},"inLanguage":"fr-FR","potentialAction":[{"@type":"ReadAction","target":["https:\/\/www.uni.lu\/life-fr\/career-centre\/"]}]},{"@type":"BreadcrumbList","@id":"https:\/\/www.uni.lu\/life-fr\/career-centre\/#breadcrumb","itemListElement":[{"@type":"ListItem","position":1,"name":"Home","item":"https:\/\/www.uni.lu\/fr"},{"@type":"ListItem","position":2,"name":"Vie sur le campus","item":"https:\/\/www.uni.lu\/life-fr\/"},{"@type":"ListItem","position":3,"name":"Career Centre"}]},{"@type":"WebSite","@id":"https:\/\/www.uni.lu\/life-fr\/#website","url":"https:\/\/www.uni.lu\/life-fr\/","name":"Uni.lu","description":"Vie sur le campus universitaire","publisher":{"@id":"https:\/\/www.uni.lu\/life-fr\/#organization"},"alternateName":"Universit\u00e9 du Luxembourg","potentialAction":[{"@type":"SearchAction","target":{"@type":"EntryPoint","urlTemplate":"https:\/\/www.uni.lu\/life-fr\/?s={search_term_string}"},"query-input":"required name=search_term_string"}],"inLanguage":"fr-FR"},{"@type":"Organization","@id":"https:\/\/www.uni.lu\/life-fr\/#organization","name":"Universit\u00e9 du Luxembourg","url":"https:\/\/www.uni.lu\/life-fr\/","logo":{"@type":"ImageObject","inLanguage":"fr-FR","@id":"https:\/\/www.uni.lu\/life-fr\/#\/schema\/logo\/image\/","url":"https:\/\/www.uni.lu\/wp-content\/uploads\/sites\/31\/2026\/03\/03115200\/UNIV_SM-Profile_1600x1600px-scaled.jpg","contentUrl":"https:\/\/www.uni.lu\/wp-content\/uploads\/sites\/31\/2026\/03\/03115200\/UNIV_SM-Profile_1600x1600px-scaled.jpg","width":2560,"height":2560,"caption":"Universit\u00e9 du Luxembourg"},"image":{"@id":"https:\/\/www.uni.lu\/life-fr\/#\/schema\/logo\/image\/"}}]}},"ticketed":false,"_links":{"self":[{"href":"https:\/\/www.uni.lu\/life-fr\/wp-json\/wp\/v2\/pages\/72"}],"collection":[{"href":"https:\/\/www.uni.lu\/life-fr\/wp-json\/wp\/v2\/pages"}],"about":[{"href":"https:\/\/www.uni.lu\/life-fr\/wp-json\/wp\/v2\/types\/page"}],"author":[{"embeddable":true,"href":"https:\/\/www.uni.lu\/life-fr\/wp-json\/wp\/v2\/users\/44"}],"replies":[{"embeddable":true,"href":"https:\/\/www.uni.lu\/life-fr\/wp-json\/wp\/v2\/comments?post=72"}],"version-history":[{"count":5,"href":"https:\/\/www.uni.lu\/life-fr\/wp-json\/wp\/v2\/pages\/72\/revisions"}],"predecessor-version":[{"id":2447,"href":"https:\/\/www.uni.lu\/life-fr\/wp-json\/wp\/v2\/pages\/72\/revisions\/2447"}],"wp:authorship":[{"embeddable":true,"href":"https:\/\/www.uni.lu\/life-fr\/wp-json\/wp\/v2\/users\/44"},{"embeddable":true,"href":"https:\/\/www.uni.lu\/life-fr\/wp-json\/wp\/v2\/users\/293"},{"embeddable":true,"href":"https:\/\/www.uni.lu\/life-fr\/wp-json\/wp\/v2\/users\/210"},{"embeddable":true,"href":"https:\/\/www.uni.lu\/life-fr\/wp-json\/wp\/v2\/users\/337"}],"wp:attachment":[{"href":"https:\/\/www.uni.lu\/life-fr\/wp-json\/wp\/v2\/media?parent=72"}],"wp:term":[{"taxonomy":"field-of-interest","embeddable":true,"href":"https:\/\/www.uni.lu\/life-fr\/wp-json\/wp\/v2\/field-of-interest?post=72"},{"taxonomy":"organisation","embeddable":true,"href":"https:\/\/www.uni.lu\/life-fr\/wp-json\/wp\/v2\/organisation?post=72"}],"curies":[{"name":"wp","href":"https:\/\/api.w.org\/{rel}","templated":true}]}}