{"id":695,"date":"2024-05-06T08:59:12","date_gmt":"2024-05-06T06:59:12","guid":{"rendered":"https:\/\/www.uni.lu\/life-fr\/?page_id=695"},"modified":"2026-02-23T13:00:51","modified_gmt":"2026-02-23T12:00:51","slug":"clubs-etudiants","status":"publish","type":"page","link":"https:\/\/www.uni.lu\/life-fr\/vie-sociale\/associations-et-clubs-etudiants\/processus-de-reconnaissance\/clubs-etudiants\/","title":{"rendered":"Clubs \u00e9tudiants"},"content":{"rendered":"<div class=\"section py-0 static\">\n<section class=\"py-0 wp-block-unilux-blocks-free-section section\"><div class=\"container xl:max-w-screen-xl\"><!-- SecondaryNavigationMirror --><div class=\"js-secondary-nav--sticky wp-block-unilux-blocks-secondary-navigation\" id=\"f408a134-5347-4ad2-81a2-b1c5e3087bd8\">\n    <nav id=\"secondary-navigation\" role=\"navigation\" aria-label=\"Secondary menu\" class=\"secondary-nav\">\n        <button class=\"secondary-nav__button btn btn-solid--primary w-full\" aria-expanded=\"false\" aria-controls=\"secondary-navigation__list\" title=\"The selected page is Aper\u00e7u\" type=\"button\">\n            <span class=\"btn__name mr-auto\">Aper\u00e7u<\/span>\n            <svg aria-hidden=\"true\" focusable=\"false\" class=\"icon icon-outline icon--xs\">\n                <use xlink:href=\"https:\/\/www.uni.lu\/wp-content\/themes\/unilux-theme\/assets\/images\/icons\/icons-outline.svg#icon--arrow-down\" \/>\n            <\/svg>\n        <\/button>\n\n        <ul id=\"secondary-navigation__list\" class=\"secondary-nav__list\">\n            <li class=\"secondary-nav__item\">\n    <a href=\"https:\/\/www.uni.lu\/life-fr\/vie-sociale\/\" target=\"\" rel=\"noreferrer noopener\" class=\"secondary-nav__link \">\n        <svg aria-hidden=\"true\" focusable=\"false\" class=\"icon icon-outline icon--xs\">\n            <use xlink:href=\"https:\/\/www.uni.lu\/wp-content\/themes\/unilux-theme\/assets\/images\/icons\/icons-outline.svg#icon--arrow-right\" \/>\n        <\/svg>\n        <span class=\"secondary-nav__name\">Aper\u00e7u<\/span>\n    <\/a>\n<\/li>\n<li class=\"secondary-nav__item\">\n    <a href=\"https:\/\/www.uni.lu\/life-fr\/vie-sociale\/associations-et-clubs-etudiants\/\" target=\"\" rel=\"noreferrer noopener\" class=\"secondary-nav__link \">\n        <svg aria-hidden=\"true\" focusable=\"false\" class=\"icon icon-outline icon--xs\">\n            <use xlink:href=\"https:\/\/www.uni.lu\/wp-content\/themes\/unilux-theme\/assets\/images\/icons\/icons-outline.svg#icon--arrow-right\" \/>\n        <\/svg>\n        <span class=\"secondary-nav__name\">Associations et clubs \u00e9tudiants<\/span>\n    <\/a>\n<\/li>\n<li class=\"secondary-nav__item\">\n    <a href=\"https:\/\/www.uni.lu\/life-fr\/vie-sociale\/lounges\/\" target=\"\" rel=\"noreferrer noopener\" class=\"secondary-nav__link \">\n        <svg aria-hidden=\"true\" focusable=\"false\" class=\"icon icon-outline icon--xs\">\n            <use xlink:href=\"https:\/\/www.uni.lu\/wp-content\/themes\/unilux-theme\/assets\/images\/icons\/icons-outline.svg#icon--arrow-right\" \/>\n        <\/svg>\n        <span class=\"secondary-nav__name\">Lounges des \u00e9tudiants<\/span>\n    <\/a>\n<\/li>\n<li class=\"secondary-nav__item\">\n    <a href=\"https:\/\/www.uni.lu\/life-fr\/vie-sociale\/soutien-aux-initiatives\/\" target=\"\" rel=\"noreferrer noopener\" class=\"secondary-nav__link \">\n        <svg aria-hidden=\"true\" focusable=\"false\" class=\"icon icon-outline icon--xs\">\n            <use xlink:href=\"https:\/\/www.uni.lu\/wp-content\/themes\/unilux-theme\/assets\/images\/icons\/icons-outline.svg#icon--arrow-right\" \/>\n        <\/svg>\n        <span class=\"secondary-nav__name\">Soutien aux initiatives<\/span>\n    <\/a>\n<\/li>\n        <\/ul>\n    <\/nav>\n<\/div>\n<!-- end SecondaryNavigationMirror --><\/div><\/section>\n\n\n\n<section class=\"wp-block-unilux-blocks-free-section section\"><div class=\"container xl:max-w-screen-xl\">\n<h2 class=\"has-text-align-left wp-block-unilux-blocks-heading\"        id=\"reconnaissance-des-clubs-etudiants\"\n    >\nReconnaissance des clubs \u00e9tudiants<\/h2>\n\n\n\n<ul class=\"ulux-list\">\n<li class=\"ulux-list-item\"><strong><strong>G\u00e9r\u00e9s par les \u00e9tudiants Uni.lu pour les \u00e9tudiants Uni.lu<\/strong><\/strong><\/li>\n\n\n\n<li class=\"ulux-list-item\"><strong><strong>Aucun statut ASBL requis<\/strong><\/strong><\/li>\n<\/ul>\n\n\n\n<p>Les clubs \u00e9tudiants ne seront reconnus que si les crit\u00e8res suivants sont remplis\u202f:<\/p>\n\n\n\n<ul class=\"ulux-list\">\n<li class=\"ulux-list-item\">La demande de reconnaissance doit \u00eatre faite par les \u00e9tudiants actuels de l\u2019Universit\u00e9 du Luxembourg.<\/li>\n\n\n\n<li class=\"ulux-list-item\">Les membres des clubs \u00e9tudiants doivent \u00eatre des \u00e9tudiants r\u00e9guli\u00e8rement inscrits \u00e0 l\u2019Universit\u00e9 du Luxembourg.<\/li>\n\n\n\n<li class=\"ulux-list-item\">Les activit\u00e9s principales d\u2019un nouveau club \u00e9tudiant ne doivent pas faire double emploi avec une association existante ni aller \u00e0 l\u2019encontre des valeurs de l\u2019Universit\u00e9 du Luxembourg.<\/li>\n\n\n\n<li class=\"ulux-list-item\">Les clubs doivent \u00eatre ouverts \u00e0 tous les \u00e9tudiants de l\u2019Universit\u00e9 du Luxembourg.<\/li>\n\n\n\n<li class=\"ulux-list-item\">Les clubs ne doivent pas reproduire un service actuel propos\u00e9 par l\u2019Universit\u00e9.<\/li>\n\n\n\n<li class=\"ulux-list-item\">Les clubs ne peuvent avoir aucun but politique ou religieux.<\/li>\n\n\n\n<li class=\"ulux-list-item\">Les services du club et les \u00e9v\u00e9nements qu\u2019il organise doivent s\u2019adresser principalement aux \u00e9tudiants inscrits \u00e0 l\u2019Universit\u00e9 (\u00e9tudiants en bachelor, en master ou en doctorat).<\/li>\n<\/ul>\n\n\n\n<div class=\"wp-block-unilux-blocks-accordion accordion accordion--theme accordion-standard\" data-reference=\"d465812d-8d63-4b7e-964b-89950fc5e107\" data-accordion-type=\"standard\"><div class=\"accordion__item  wp-block-unilux-blocks-accordion-item\">\n    <h3 class=\"accordion__header\"\n        >\n        <button\n            type=\"button\"\n            id=\"accordion-labelledby-b311b553-4d4d-4784-82c0-4dacf6c3a772\"\n            class=\"accordion__button collapsed\"\n            aria-expanded=\"false\"\n            aria-controls=\"accordion-panel-b311b553-4d4d-4784-82c0-4dacf6c3a772\"\n            data-bs-toggle=\"collapse\"\n            data-bs-target=\"#accordion-panel-b311b553-4d4d-4784-82c0-4dacf6c3a772\"\n        >\n            <span class=\"accordion__title\">\n                                Services propos\u00e9s aux clubs \u00e9tudiants            <\/span>\n\n            <svg aria-hidden=\"true\" focusable=\"false\" class=\"icon icon-outline icon--arrow-down \"><use xlink:href=\"https:\/\/www.uni.lu\/wp-content\/themes\/unilux-theme\/assets\/images\/icons\/icons-outline.svg#icon--arrow-down\"><\/use><\/svg>        <\/button>\n    <\/h3>\n    <div id=\"accordion-panel-b311b553-4d4d-4784-82c0-4dacf6c3a772\"\n        class=\"accordion__collapse collapse\"\n        aria-labelledby=\"accordion-labelledby-b311b553-4d4d-4784-82c0-4dacf6c3a772\"\n        data-bs-parent=\"[data-reference=&quot;d465812d-8d63-4b7e-964b-89950fc5e107&quot;]\"\n    >\n        <div class=\"accordion__body \">\n            \n<p><strong>Services propos\u00e9s<\/strong><\/p>\n\n<ul class=\"ulux-list\">\n<li class=\"ulux-list-item\">R\u00e9servation de petite salle<\/li>\n\n\n\n<li class=\"ulux-list-item\">Impression<\/li>\n\n\n\n<li class=\"ulux-list-item\">Publicit\u00e9 sur la page Facebook du Bureau de la vie \u00e9tudiante<\/li>\n\n\n\n<li class=\"ulux-list-item\">Mention sur le site web<\/li>\n\n\n\n<li class=\"ulux-list-item\">Possibilit\u00e9 de solliciter aupr\u00e8s du Service des \u00e9tudes et de la vie \u00e9tudiante une aide financi\u00e8re compl\u00e9mentaire (\u00e9v\u00e9nement ou d\u00e9penses extraordinaires), financement accord\u00e9 au cas par cas (sous certaines conditions\u202f: compte bancaire, assurance, questions de s\u00e9curit\u00e9 \u00e0 r\u00e9gler au pr\u00e9alable)<\/li>\n\n\n\n<li class=\"ulux-list-item\">Reconnaissance de vos \u00e9tudiants b\u00e9n\u00e9voles via <a href=\"https:\/\/www.uni.lu\/fr\/study-programs\/certificate-in-student-engagement-and-leadership\/\">le certificat en engagement \u00e9tudiant et leadership<\/a> (ECTS)<\/li>\n<\/ul>\n\n<p><strong>Services non propos\u00e9s<\/strong><\/p>\n\n<ul class=\"ulux-list\">\n<li class=\"ulux-list-item\">\u00c9v\u00e9nements de plus grande envergure (conditions d\u2019assurance et de s\u00e9curit\u00e9)\n<ul class=\"ulux-list\">\n<li class=\"ulux-list-item\">Exception\u202f: en collaboration avec une association \u00e9tudiante reconnue<\/li>\n<\/ul>\n<\/li>\n\n\n\n<li class=\"ulux-list-item\">Invitation \u00e0 la Journ\u00e9e de bienvenue (<em>Welcome Day<\/em>) et \u00e0 la Journ\u00e9e portes ouvertes (<em>Open Day<\/em>). Alternative\u202f: liste fournie dans des sacs\/sur place<\/li>\n\n\n\n<li class=\"ulux-list-item\">Invitation \u00e0 la Journ\u00e9e d\u2019action des \u00e9tudiants<\/li>\n\n\n\n<li class=\"ulux-list-item\">Mention sur le site Uni.lu<\/li>\n\n\n\n<li class=\"ulux-list-item\">Domiciliation \u00e0 l\u2019adresse postale Uni.lu<\/li>\n\n\n\n<li class=\"ulux-list-item\">R\u00e9union mensuelle des pr\u00e9sidents<\/li>\n\n\n\n<li class=\"ulux-list-item\">Aide financi\u00e8re annuelle de la vice-rectrice aux affaires acad\u00e9miques si la demande est soumise avant la date limite (600\u202f\u20ac)<\/li>\n\n\n\n<li class=\"ulux-list-item\">\u00c9v\u00e9nements de plus grande envergure (conditions d\u2019assurance et de s\u00e9curit\u00e9)<\/li>\n<\/ul>\n        <\/div>\n    <\/div>\n<\/div><\/div>\n\n\n<div class=\"wp-block-unilux-blocks-spacer is-spacer-size-md\"><\/div>\n\n\n<p><strong><strong><strong>Formulaire de demande de reconnaissance des clubs \u00e9tudiants<\/strong><\/strong><\/strong><\/p>\n\n\n\n<ul class=\"ulux-list\">\n<li class=\"ulux-list-item\">La demande doit \u00eatre soumise via le <a href=\"https:\/\/service.uni.lu\/ssp?id=sc_cat_item&amp;sys_id=c76c986c83ebee10a4e796efeeaad33e&amp;sysparm_category=4a211099c31f9e10d2f450c4e40131ad\">portail des services aux \u00e9tudiants<\/a>.<\/li>\n\n\n\n<li class=\"ulux-list-item\">La convention doit \u00eatre remise au <a href=\"https:\/\/www.uni.lu\/life-fr\/vie-sociale\/soutien-aux-initiatives\/\">bureau de la vie \u00e9tudiante<\/a> en deux exemplaires (duplicata).<\/li>\n<\/ul>\n\n\n\n<ul class=\"wp-block-unilux-blocks-button-list-v2\">\n<li class=\"wp-block-unilux-blocks-button-list-item-v2\"><a class=\"quick-link\" href=\"https:\/\/www.uni.lu\/wp-content\/uploads\/sites\/29\/2025\/08\/27140915\/Recognition-Request-Form-2025_26-student-clubs.docx\" target=\"_blank\" role=\"link\" rel=\"noopener\" tabindex=\"0\"><span class=\"quick-link__container\">\n<div class=\"wp-block-unilux-blocks-block-inserter quick-link__img\"><\/div>\n\n\n\n<span class=\"quick-link__name wp-block-unilux-blocks-plain-text\">Formulaire de demande de reconnaissance des clubs \u00e9tudiants, 2025-26 (.docx) (EN)<\/span>\n\n<svg aria-hidden=\"true\" focusable=\"false\" class=\"icon icon-outline icon--download \"><use xlink:href=\"https:\/\/www.uni.lu\/wp-content\/themes\/unilux-theme\/assets\/images\/icons\/icons-outline.svg#icon--download\"><\/use><\/svg><\/span><\/a><\/li>\n\n\n\n<li class=\"wp-block-unilux-blocks-button-list-item-v2\"><a class=\"quick-link\" href=\"https:\/\/www.uni.lu\/wp-content\/uploads\/sites\/29\/2025\/09\/01165206\/Recognition-convention-2025_26-student-clubs.pdf\" target=\"_blank\" role=\"link\" rel=\"noopener\" tabindex=\"0\"><span class=\"quick-link__container\">\n<div class=\"wp-block-unilux-blocks-block-inserter quick-link__img\"><\/div>\n\n\n\n<span class=\"quick-link__name wp-block-unilux-blocks-plain-text\">Convention de reconnaissance des clubs \u00e9tudiants, 2025-26 (.pdf)<\/span>\n\n<svg aria-hidden=\"true\" focusable=\"false\" class=\"icon icon-outline icon--download \"><use xlink:href=\"https:\/\/www.uni.lu\/wp-content\/themes\/unilux-theme\/assets\/images\/icons\/icons-outline.svg#icon--download\"><\/use><\/svg><\/span><\/a><\/li>\n<\/ul>\n<\/div><\/section>\n\n\n\n<section class=\"py-0 wp-block-unilux-blocks-free-section section\"><div class=\"container xl:max-w-screen-xl\">\n<h5 class=\"has-text-align-left wp-block-unilux-blocks-heading\"        id=\"reportez-vous-a-nos-directives-detaillees-pour-renseigner-le-formulaire-de-demande\"\n    >\nReportez-vous \u00e0 nos directives d\u00e9taill\u00e9es pour renseigner le formulaire de demande<\/h5>\n\n\n\n<ul class=\"wp-block-unilux-blocks-quick-link-highlight quick-link-list\">\n<li class=\"wp-block-unilux-blocks-quick-link-highlight-item\">\n    <a\n                    href=\"https:\/\/www.uni.lu\/life-fr\/vie-sociale\/associations-et-clubs-etudiants\/processus-de-reconnaissance\/#lignes-directrices\"\n                    class=\"quick-link\"\n            target=\"\"\n    >\n            <span class=\"quick-link__container\">\n                <span class=\"quick-link__body\">\n                    <span class=\"quick-link__number\">\n                                            <\/span>\n                    <span class=\"quick-link__title\">\n                        Directives d\u00e9taill\u00e9es pour renseigner le formulaire de candidature                    <\/span>\n                    <span class=\"quick-link__action\">\n                                            <\/span>\n                <\/span>\n                <svg aria-hidden=\"true\" focusable=\"false\" class=\"icon icon-outline icon--arrow-right \"><use xlink:href=\"https:\/\/www.uni.lu\/wp-content\/themes\/unilux-theme\/assets\/images\/icons\/icons-outline.svg#icon--arrow-right\"><\/use><\/svg>            <\/span>\n    <\/a>\n<\/li>\n<\/ul>\n<\/div><\/section>\n<\/div>","protected":false},"excerpt":{"rendered":"","protected":false},"author":75,"featured_media":0,"parent":690,"menu_order":0,"comment_status":"closed","ping_status":"closed","template":"","meta":{"featured_image_focal_point":[],"show_featured_caption":false,"ulux_newsletter_groups":"","uluxPostTitle":"Vie sociale","uluxPrePostTitle":"Au-del\u00e0 des \u00e9tudes","_trash_the_other_posts":false,"_price":"","_stock":"","_tribe_ticket_header":"","_tribe_default_ticket_provider":"","_tribe_ticket_capacity":"0","_ticket_start_date":"","_ticket_end_date":"","_tribe_ticket_show_description":"","_tribe_ticket_show_not_going":false,"_tribe_ticket_use_global_stock":"","_tribe_ticket_global_stock_level":"","_global_stock_mode":"","_global_stock_cap":"","_tribe_rsvp_for_event":"","_tribe_ticket_going_count":"","_tribe_ticket_not_going_count":"","_tribe_tickets_list":"[]","_tribe_ticket_has_attendee_info_fields":false,"footnotes":""},"field-of-interest":[],"organisation":[],"authorship":[75,226,42,321,347,394],"acf":[],"yoast_head":"<!-- This site is optimized with the Yoast SEO Premium plugin v22.3 (Yoast SEO v22.3) - https:\/\/yoast.com\/wordpress\/plugins\/seo\/ -->\n<title>Clubs \u00e9tudiants - Universit\u00e9 du Luxembourg I Uni.lu<\/title>\n<meta name=\"robots\" content=\"index, follow, max-snippet:-1, max-image-preview:large, max-video-preview:-1\" \/>\n<link rel=\"canonical\" href=\"https:\/\/www.uni.lu\/life-fr\/vie-sociale\/associations-et-clubs-etudiants\/processus-de-reconnaissance\/clubs-etudiants\/\" \/>\n<meta property=\"og:locale\" content=\"fr_FR\" \/>\n<meta property=\"og:type\" content=\"article\" \/>\n<meta property=\"og:title\" content=\"Clubs \u00e9tudiants\" \/>\n<meta property=\"og:url\" content=\"https:\/\/www.uni.lu\/life-fr\/vie-sociale\/associations-et-clubs-etudiants\/processus-de-reconnaissance\/clubs-etudiants\/\" \/>\n<meta property=\"og:site_name\" content=\"LIFE FR\" \/>\n<meta property=\"article:modified_time\" content=\"2026-02-23T12:00:51+00:00\" \/>\n<meta property=\"og:image\" content=\"https:\/\/www.uni.lu\/wp-content\/uploads\/sites\/31\/2026\/03\/03115200\/UNIV_SM-Profile_1600x1600px-scaled.jpg\" \/>\n\t<meta property=\"og:image:width\" content=\"2560\" \/>\n\t<meta property=\"og:image:height\" content=\"2560\" \/>\n\t<meta property=\"og:image:type\" content=\"image\/jpeg\" \/>\n<meta name=\"twitter:card\" content=\"summary_large_image\" \/>\n<meta name=\"twitter:label1\" content=\"Dur\u00e9e de lecture estim\u00e9e\" \/>\n\t<meta name=\"twitter:data1\" content=\"2 minutes\" \/>\n<script type=\"application\/ld+json\" class=\"yoast-schema-graph\">{\"@context\":\"https:\/\/schema.org\",\"@graph\":[{\"@type\":\"WebPage\",\"@id\":\"https:\/\/www.uni.lu\/life-fr\/vie-sociale\/associations-et-clubs-etudiants\/processus-de-reconnaissance\/clubs-etudiants\/\",\"url\":\"https:\/\/www.uni.lu\/life-fr\/vie-sociale\/associations-et-clubs-etudiants\/processus-de-reconnaissance\/clubs-etudiants\/\",\"name\":\"Clubs \u00e9tudiants - Universit\u00e9 du Luxembourg I Uni.lu\",\"isPartOf\":{\"@id\":\"https:\/\/www.uni.lu\/life-fr\/#website\"},\"datePublished\":\"2024-05-06T06:59:12+00:00\",\"dateModified\":\"2026-02-23T12:00:51+00:00\",\"breadcrumb\":{\"@id\":\"https:\/\/www.uni.lu\/life-fr\/vie-sociale\/associations-et-clubs-etudiants\/processus-de-reconnaissance\/clubs-etudiants\/#breadcrumb\"},\"inLanguage\":\"fr-FR\",\"potentialAction\":[{\"@type\":\"ReadAction\",\"target\":[\"https:\/\/www.uni.lu\/life-fr\/vie-sociale\/associations-et-clubs-etudiants\/processus-de-reconnaissance\/clubs-etudiants\/\"]}]},{\"@type\":\"BreadcrumbList\",\"@id\":\"https:\/\/www.uni.lu\/life-fr\/vie-sociale\/associations-et-clubs-etudiants\/processus-de-reconnaissance\/clubs-etudiants\/#breadcrumb\",\"itemListElement\":[{\"@type\":\"ListItem\",\"position\":1,\"name\":\"Home\",\"item\":\"https:\/\/www.uni.lu\/fr\"},{\"@type\":\"ListItem\",\"position\":2,\"name\":\"Vie sur le campus\",\"item\":\"https:\/\/www.uni.lu\/life-fr\/\"},{\"@type\":\"ListItem\",\"position\":3,\"name\":\"Vie sociale\",\"item\":\"https:\/\/www.uni.lu\/life-fr\/vie-sociale\/\"},{\"@type\":\"ListItem\",\"position\":4,\"name\":\"Associations et clubs \u00e9tudiants\",\"item\":\"https:\/\/www.uni.lu\/life-fr\/vie-sociale\/associations-et-clubs-etudiants\/\"},{\"@type\":\"ListItem\",\"position\":5,\"name\":\"Processus de reconnaissance\",\"item\":\"https:\/\/www.uni.lu\/life-fr\/vie-sociale\/associations-et-clubs-etudiants\/processus-de-reconnaissance\/\"},{\"@type\":\"ListItem\",\"position\":6,\"name\":\"Clubs \u00e9tudiants\"}]},{\"@type\":\"WebSite\",\"@id\":\"https:\/\/www.uni.lu\/life-fr\/#website\",\"url\":\"https:\/\/www.uni.lu\/life-fr\/\",\"name\":\"Uni.lu\",\"description\":\"Vie sur le campus universitaire\",\"publisher\":{\"@id\":\"https:\/\/www.uni.lu\/life-fr\/#organization\"},\"alternateName\":\"Universit\u00e9 du Luxembourg\",\"potentialAction\":[{\"@type\":\"SearchAction\",\"target\":{\"@type\":\"EntryPoint\",\"urlTemplate\":\"https:\/\/www.uni.lu\/life-fr\/?s={search_term_string}\"},\"query-input\":\"required name=search_term_string\"}],\"inLanguage\":\"fr-FR\"},{\"@type\":\"Organization\",\"@id\":\"https:\/\/www.uni.lu\/life-fr\/#organization\",\"name\":\"Universit\u00e9 du Luxembourg\",\"url\":\"https:\/\/www.uni.lu\/life-fr\/\",\"logo\":{\"@type\":\"ImageObject\",\"inLanguage\":\"fr-FR\",\"@id\":\"https:\/\/www.uni.lu\/life-fr\/#\/schema\/logo\/image\/\",\"url\":\"https:\/\/www.uni.lu\/wp-content\/uploads\/sites\/31\/2026\/03\/03115200\/UNIV_SM-Profile_1600x1600px-scaled.jpg\",\"contentUrl\":\"https:\/\/www.uni.lu\/wp-content\/uploads\/sites\/31\/2026\/03\/03115200\/UNIV_SM-Profile_1600x1600px-scaled.jpg\",\"width\":2560,\"height\":2560,\"caption\":\"Universit\u00e9 du Luxembourg\"},\"image\":{\"@id\":\"https:\/\/www.uni.lu\/life-fr\/#\/schema\/logo\/image\/\"},\"description\":\"Vie sur le campus universitaire\"}]}<\/script>\n<!-- \/ Yoast SEO Premium plugin. -->","yoast_head_json":{"title":"Clubs \u00e9tudiants - Universit\u00e9 du Luxembourg I Uni.lu","robots":{"index":"index","follow":"follow","max-snippet":"max-snippet:-1","max-image-preview":"max-image-preview:large","max-video-preview":"max-video-preview:-1"},"canonical":"https:\/\/www.uni.lu\/life-fr\/vie-sociale\/associations-et-clubs-etudiants\/processus-de-reconnaissance\/clubs-etudiants\/","og_locale":"fr_FR","og_type":"article","og_title":"Clubs \u00e9tudiants","og_url":"https:\/\/www.uni.lu\/life-fr\/vie-sociale\/associations-et-clubs-etudiants\/processus-de-reconnaissance\/clubs-etudiants\/","og_site_name":"LIFE FR","article_modified_time":"2026-02-23T12:00:51+00:00","og_image":[{"width":2560,"height":2560,"url":"https:\/\/www.uni.lu\/wp-content\/uploads\/sites\/31\/2026\/03\/03115200\/UNIV_SM-Profile_1600x1600px-scaled.jpg","type":"image\/jpeg"}],"twitter_card":"summary_large_image","twitter_misc":{"Dur\u00e9e de lecture estim\u00e9e":"2 minutes"},"schema":{"@context":"https:\/\/schema.org","@graph":[{"@type":"WebPage","@id":"https:\/\/www.uni.lu\/life-fr\/vie-sociale\/associations-et-clubs-etudiants\/processus-de-reconnaissance\/clubs-etudiants\/","url":"https:\/\/www.uni.lu\/life-fr\/vie-sociale\/associations-et-clubs-etudiants\/processus-de-reconnaissance\/clubs-etudiants\/","name":"Clubs \u00e9tudiants - Universit\u00e9 du Luxembourg I Uni.lu","isPartOf":{"@id":"https:\/\/www.uni.lu\/life-fr\/#website"},"datePublished":"2024-05-06T06:59:12+00:00","dateModified":"2026-02-23T12:00:51+00:00","breadcrumb":{"@id":"https:\/\/www.uni.lu\/life-fr\/vie-sociale\/associations-et-clubs-etudiants\/processus-de-reconnaissance\/clubs-etudiants\/#breadcrumb"},"inLanguage":"fr-FR","potentialAction":[{"@type":"ReadAction","target":["https:\/\/www.uni.lu\/life-fr\/vie-sociale\/associations-et-clubs-etudiants\/processus-de-reconnaissance\/clubs-etudiants\/"]}]},{"@type":"BreadcrumbList","@id":"https:\/\/www.uni.lu\/life-fr\/vie-sociale\/associations-et-clubs-etudiants\/processus-de-reconnaissance\/clubs-etudiants\/#breadcrumb","itemListElement":[{"@type":"ListItem","position":1,"name":"Home","item":"https:\/\/www.uni.lu\/fr"},{"@type":"ListItem","position":2,"name":"Vie sur le campus","item":"https:\/\/www.uni.lu\/life-fr\/"},{"@type":"ListItem","position":3,"name":"Vie sociale","item":"https:\/\/www.uni.lu\/life-fr\/vie-sociale\/"},{"@type":"ListItem","position":4,"name":"Associations et clubs \u00e9tudiants","item":"https:\/\/www.uni.lu\/life-fr\/vie-sociale\/associations-et-clubs-etudiants\/"},{"@type":"ListItem","position":5,"name":"Processus de reconnaissance","item":"https:\/\/www.uni.lu\/life-fr\/vie-sociale\/associations-et-clubs-etudiants\/processus-de-reconnaissance\/"},{"@type":"ListItem","position":6,"name":"Clubs \u00e9tudiants"}]},{"@type":"WebSite","@id":"https:\/\/www.uni.lu\/life-fr\/#website","url":"https:\/\/www.uni.lu\/life-fr\/","name":"Uni.lu","description":"Vie sur le campus universitaire","publisher":{"@id":"https:\/\/www.uni.lu\/life-fr\/#organization"},"alternateName":"Universit\u00e9 du Luxembourg","potentialAction":[{"@type":"SearchAction","target":{"@type":"EntryPoint","urlTemplate":"https:\/\/www.uni.lu\/life-fr\/?s={search_term_string}"},"query-input":"required name=search_term_string"}],"inLanguage":"fr-FR"},{"@type":"Organization","@id":"https:\/\/www.uni.lu\/life-fr\/#organization","name":"Universit\u00e9 du Luxembourg","url":"https:\/\/www.uni.lu\/life-fr\/","logo":{"@type":"ImageObject","inLanguage":"fr-FR","@id":"https:\/\/www.uni.lu\/life-fr\/#\/schema\/logo\/image\/","url":"https:\/\/www.uni.lu\/wp-content\/uploads\/sites\/31\/2026\/03\/03115200\/UNIV_SM-Profile_1600x1600px-scaled.jpg","contentUrl":"https:\/\/www.uni.lu\/wp-content\/uploads\/sites\/31\/2026\/03\/03115200\/UNIV_SM-Profile_1600x1600px-scaled.jpg","width":2560,"height":2560,"caption":"Universit\u00e9 du Luxembourg"},"image":{"@id":"https:\/\/www.uni.lu\/life-fr\/#\/schema\/logo\/image\/"},"description":"Vie sur le campus universitaire"}]}},"ticketed":false,"_links":{"self":[{"href":"https:\/\/www.uni.lu\/life-fr\/wp-json\/wp\/v2\/pages\/695"}],"collection":[{"href":"https:\/\/www.uni.lu\/life-fr\/wp-json\/wp\/v2\/pages"}],"about":[{"href":"https:\/\/www.uni.lu\/life-fr\/wp-json\/wp\/v2\/types\/page"}],"author":[{"embeddable":true,"href":"https:\/\/www.uni.lu\/life-fr\/wp-json\/wp\/v2\/users\/75"}],"replies":[{"embeddable":true,"href":"https:\/\/www.uni.lu\/life-fr\/wp-json\/wp\/v2\/comments?post=695"}],"version-history":[{"count":5,"href":"https:\/\/www.uni.lu\/life-fr\/wp-json\/wp\/v2\/pages\/695\/revisions"}],"predecessor-version":[{"id":2440,"href":"https:\/\/www.uni.lu\/life-fr\/wp-json\/wp\/v2\/pages\/695\/revisions\/2440"}],"up":[{"embeddable":true,"href":"https:\/\/www.uni.lu\/life-fr\/wp-json\/wp\/v2\/pages\/690"}],"wp:authorship":[{"embeddable":true,"href":"https:\/\/www.uni.lu\/life-fr\/wp-json\/wp\/v2\/users\/75"},{"embeddable":true,"href":"https:\/\/www.uni.lu\/life-fr\/wp-json\/wp\/v2\/users\/226"},{"embeddable":true,"href":"https:\/\/www.uni.lu\/life-fr\/wp-json\/wp\/v2\/users\/42"},{"embeddable":true,"href":"https:\/\/www.uni.lu\/life-fr\/wp-json\/wp\/v2\/users\/321"},{"embeddable":true,"href":"https:\/\/www.uni.lu\/life-fr\/wp-json\/wp\/v2\/users\/347"},{"embeddable":true,"href":"https:\/\/www.uni.lu\/life-fr\/wp-json\/wp\/v2\/users\/394"}],"wp:attachment":[{"href":"https:\/\/www.uni.lu\/life-fr\/wp-json\/wp\/v2\/media?parent=695"}],"wp:term":[{"taxonomy":"field-of-interest","embeddable":true,"href":"https:\/\/www.uni.lu\/life-fr\/wp-json\/wp\/v2\/field-of-interest?post=695"},{"taxonomy":"organisation","embeddable":true,"href":"https:\/\/www.uni.lu\/life-fr\/wp-json\/wp\/v2\/organisation?post=695"}],"curies":[{"name":"wp","href":"https:\/\/api.w.org\/{rel}","templated":true}]}}