{"id":677,"date":"2024-05-06T08:29:39","date_gmt":"2024-05-06T06:29:39","guid":{"rendered":"https:\/\/www.uni.lu\/life-fr\/?page_id=677"},"modified":"2025-12-01T13:09:52","modified_gmt":"2025-12-01T12:09:52","slug":"programme-de-parrainage","status":"publish","type":"page","link":"https:\/\/www.uni.lu\/life-fr\/soutien-par-les-pairs\/programme-de-parrainage\/","title":{"rendered":"Programme de parrainage"},"content":{"rendered":"<div class=\"section py-0 static\">\n<section class=\"py-0 wp-block-unilux-blocks-free-section section\"><div class=\"container xl:max-w-screen-xl\"><!-- SecondaryNavigationMirror --><div class=\"js-secondary-nav--sticky wp-block-unilux-blocks-secondary-navigation\" id=\"ee5bb2cb-db83-49f6-9d6f-cadf27563ffe\">\n    <nav id=\"secondary-navigation\" role=\"navigation\" aria-label=\"Secondary menu\" class=\"secondary-nav\">\n        <button class=\"secondary-nav__button btn btn-solid--primary w-full\" aria-expanded=\"false\" aria-controls=\"secondary-navigation__list\" title=\"The selected page is Programme de parrainage\" type=\"button\">\n            <span class=\"btn__name mr-auto\">Programme de parrainage<\/span>\n            <svg aria-hidden=\"true\" focusable=\"false\" class=\"icon icon-outline icon--xs\">\n                <use xlink:href=\"https:\/\/www.uni.lu\/wp-content\/themes\/unilux-theme\/assets\/images\/icons\/icons-outline.svg#icon--arrow-down\" \/>\n            <\/svg>\n        <\/button>\n\n        <ul id=\"secondary-navigation__list\" class=\"secondary-nav__list\">\n            <li class=\"secondary-nav__item\">\n    <a href=\"https:\/\/www.uni.lu\/life-fr\/soutien-par-les-pairs\/\" target=\"\" rel=\"noreferrer noopener\" class=\"secondary-nav__link \">\n        <svg aria-hidden=\"true\" focusable=\"false\" class=\"icon icon-outline icon--xs\">\n            <use xlink:href=\"https:\/\/www.uni.lu\/wp-content\/themes\/unilux-theme\/assets\/images\/icons\/icons-outline.svg#icon--arrow-right\" \/>\n        <\/svg>\n        <span class=\"secondary-nav__name\">Aper\u00e7u<\/span>\n    <\/a>\n<\/li>\n<li class=\"secondary-nav__item\">\n    <a href=\"https:\/\/www.uni.lu\/life-fr\/soutien-par-les-pairs\/programme-de-parrainage\/\" target=\"\" rel=\"noreferrer noopener\" class=\"secondary-nav__link isactived\" aria-current=\"page\">\n        <svg aria-hidden=\"true\" focusable=\"false\" class=\"icon icon-outline icon--xs\">\n            <use xlink:href=\"https:\/\/www.uni.lu\/wp-content\/themes\/unilux-theme\/assets\/images\/icons\/icons-outline.svg#icon--arrow-right\" \/>\n        <\/svg>\n        <span class=\"secondary-nav__name\">Programme de parrainage<\/span>\n    <\/a>\n<\/li>\n<li class=\"secondary-nav__item\">\n    <a href=\"https:\/\/www.uni.lu\/life-fr\/soutien-par-les-pairs\/programme-de-mentorat-one-step-forward\/\" target=\"\" rel=\"noreferrer noopener\" class=\"secondary-nav__link \">\n        <svg aria-hidden=\"true\" focusable=\"false\" class=\"icon icon-outline icon--xs\">\n            <use xlink:href=\"https:\/\/www.uni.lu\/wp-content\/themes\/unilux-theme\/assets\/images\/icons\/icons-outline.svg#icon--arrow-right\" \/>\n        <\/svg>\n        <span class=\"secondary-nav__name\">Programme de mentorat One Step Forward<\/span>\n    <\/a>\n<\/li>\n        <\/ul>\n    <\/nav>\n<\/div>\n<!-- end SecondaryNavigationMirror --><\/div><\/section>\n\n\n<section class=\"section section pb-0 wp-block-unilux-blocks-page-intro \">\n    \n<div class=\"wp-block-unilux-blocks-wrapper container xl:max-w-screen-xl\">\n<div class=\"wp-block-unilux-blocks-wrapper flex flex-wrap -mx-16\">\n<div class=\"wp-block-unilux-blocks-wrapper flex-1 mb-48 px-16\">\n<h1 class=\"has-text-align-left wp-block-unilux-blocks-heading\"        id=\"programme-de-parrainage\"\n    >\nProgramme de parrainage<\/h1>\n\n\n\n<p>S\u2019adapter \u00e0 la vie universitaire peut \u00eatre passionnant et stimulant. En tant que nouvel \u00e9tudiant \u00e0 l\u2019Universit\u00e9 du Luxembourg, vous pouvez avoir beaucoup de questions et d\u2019inqui\u00e9tudes lors de vos premi\u00e8res semaines sur le campus.<br>L\u2019objectif du Programme de parrainage est de vous aider \u00e0 effectuer une transition en douceur vers la vie universitaire et de vous permettre de vous faire facilement des amis et des relations.<br>Les parrains sont des \u00e9tudiants actuels qui donnent de leur temps pour soutenir un nouvel \u00e9tudiant lors de son arriv\u00e9e et de son installation au Luxembourg.<\/p>\n\n\n\n<ul class=\"wp-block-unilux-blocks-custom-buttons btn-list\"><\/ul>\n<\/div>\n\n\n\n<div class=\"wp-block-unilux-blocks-wrapper w-full md:w-auto px-16\">\n<div class=\"wp-block-unilux-blocks-wrapper flex flex-col items-center\">\n<h2 class=\"text-h4 has-text-align-left wp-block-unilux-blocks-heading\"        id=\"pour-en-savoir-plus\"\n    >\nPour en savoir plus<\/h2>\n\n\n<a class=\"wp-block-unilux-blocks-button-highlight-square\"\n    href=\"https:\/\/www.uni.lu\/wp-content\/uploads\/sites\/29\/2023\/08\/Buddy_Programme_Framework_explanations_and_limits.pdf\"\n    target=\"_self\"\n>\n    <span class=\"btn-highlight-square__container\">\n        <div class=\"btn-highlight-square__body\">\n    <svg aria-hidden=\"true\" focusable=\"false\" class=\"icon icon-outline icon--download-link icon--xl\"><use xlink:href=\"https:\/\/www.uni.lu\/wp-content\/themes\/unilux-theme\/assets\/images\/icons\/icons-outline.svg#icon--download-link\"><\/use><\/svg>    <span class=\"btn btn--dark\">\n        \n<span class=\"btn__name wp-block-unilux-blocks-plain-text\">Cadre (EN)<\/span>    <\/span>\n<\/div><figure class=\"wp-block-dev4-reusable-blocks-image image-bg object-fit--cover\">\n    \n<img decoding=\"async\" class=\"wp-block-image unilux-custom-image-block\"\n                alt=\"Buddy programme\"\n            src=\"https:\/\/www.uni.lu\/wp-content\/uploads\/sites\/29\/2023\/08\/buddy_programme.png\"\n                    style=\"object-position: 59.00% 30.00%; font-family: &quot;object-fit: cover; object-position: 59.00% 30.00%;&quot;; aspect-ratio: 4\/3; object-fit: cover; width: 100%;\"\n        loading=\"lazy\"\n\/>    <\/figure>    <\/span>\n<\/a><\/div>\n<\/div>\n<\/div>\n<\/div>\n<\/section>\n\n\n<section class=\"wp-block-unilux-blocks-free-section section\"><div class=\"container xl:max-w-screen-xl\">\n<h2 class=\"has-text-align-left wp-block-unilux-blocks-heading\"        id=\"quest-ce-que-le-programme-de-parrainage\"\n    >\nQu\u2019est-ce que le programme de parrainage\u202f?<\/h2>\n\n\n\n<p>Le syst\u00e8me de parrainage <em>Buddy System<\/em> associe un \u00e9tudiant de deuxi\u00e8me ou troisi\u00e8me ann\u00e9e (parrain) \u00e0 un \u00e9tudiant de premi\u00e8re ann\u00e9e (filleul) pour l\u2019aider \u00e0 prendre ses marques \u00e0 l\u2019Universit\u00e9 du Luxembourg.<\/p>\n\n\n\n<p>D\u00e9couvrez ce que le programme propose (et ne propose pas) dans nos vid\u00e9os\u202f:<\/p>\n\n\n\n<ul class=\"ulux-list\">\n<li class=\"ulux-list-item\"><a href=\"https:\/\/www.youtube.com\/watch?v=I9l-RwZIpus\" target=\"_blank\" rel=\"noreferrer noopener\">Buddy Programme explanations (in English)<\/a><\/li>\n\n\n\n<li class=\"ulux-list-item\"><a href=\"https:\/\/www.youtube.com\/watch?v=PUJDTgOViTE&amp;feature=youtu.be\" target=\"_blank\" rel=\"noreferrer noopener\">Buddy Programme explications (en fran\u00e7ais)<\/a><\/li>\n\n\n\n<li class=\"ulux-list-item\"><a href=\"https:\/\/www.youtube.com\/watch?v=dqtxyJnzn3E\" target=\"_blank\" rel=\"noreferrer noopener\">Buddy Programme Erkl\u00e4rungen (auf Deutsch)<\/a><\/li>\n<\/ul>\n\n\n\n<p>Remarque\u202f: certains domaines d\u2019\u00e9tudes proposent des <strong>programmes sp\u00e9cifiques aux \u00e9tudes<\/strong> adapt\u00e9s aux \u00e9tudiants de premi\u00e8re ann\u00e9e. Si vous souhaitez leur soutien, veuillez les contacter directement\u202f:<\/p>\n\n\n\n<ul class=\"ulux-list\">\n<li class=\"ulux-list-item\">Bachelor in European Cultures \/ Bachelor en Cultures Europ\u00e9ennes (<a href=\"https:\/\/www.uni.lu\/fhse-en\/study-programs\/bachelor-en-cultures-europeennes-english-studies\/\">English Studies<\/a>, <a href=\"https:\/\/www.uni.lu\/fhse-en\/study-programs\/bachelor-en-cultures-europeennes-etudes-francaises\/\">Etudes Fran\u00e7aises<\/a>, <a href=\"https:\/\/www.uni.lu\/fhse-en\/study-programs\/bachelor-en-cultures-europeennes-germanistik\/\">Germanistik<\/a>, <a href=\"https:\/\/www.uni.lu\/fhse-en\/study-programs\/bachelor-en-cultures-europeennes-letzebuerger-linguistik-a-literatur\/\">L\u00ebtzebuerger Linguistik a Literatur<\/a>, <a href=\"https:\/\/www.uni.lu\/fhse-en\/study-programs\/bachelor-en-cultures-europeennes-histoire\/\">Histoire<\/a>, <a href=\"https:\/\/www.uni.lu\/fhse-en\/study-programs\/bachelor-en-cultures-europeennes-philosophie\/\">Philosophie<\/a>)  &#8211; BCE Helper Programme<\/li>\n\n\n\n<li class=\"ulux-list-item\"><a href=\"https:\/\/www.uni.lu\/fhse-en\/study-programs\/bachelor-of-science-in-psychology\/\">Bachelor of Science in Psychology<\/a><\/li>\n<\/ul>\n\n\n\n<p>Pour le <strong>parrain<\/strong>, cet engagement compte comme faisant partie du <strong><a href=\"https:\/\/www.uni.lu\/fr\/study-programs\/certificate-in-student-engagement-and-leadership\/\">Certificat en engagement \u00e9tudiant et leadership<\/a><\/strong><\/p>\n\n\n\n<h2 class=\"has-text-align-left wp-block-unilux-blocks-heading\"        id=\"que-fait-un-parrain\"\n    >\nQue fait un parrain\u202f?<\/h2>\n\n\n\n<p>Les parrains sont \u00e9galement \u00e9tudiants et ont d\u00e9j\u00e0 v\u00e9cu leur premi\u00e8re ann\u00e9e \u00e0 l\u2019Universit\u00e9. Les parrains savent ce qui se passe sur le campus et en dehors. Ils sont l\u00e0 pour vous aider, vous guider et rendre vos premiers mois \u00e0 l\u2019Universit\u00e9 du Luxembourg les plus accueillants possible.<\/p>\n\n\n\n<h2 class=\"has-text-align-left wp-block-unilux-blocks-heading\"        id=\"envie-de-participer\"\n    >\nEnvie de participer\u202f?<\/h2>\n\n\n\n<p>Si vous souhaitez rejoindre le programme en tant que filleul ou en tant que parrain, veuillez rejoindre la <a href=\"https:\/\/buddysystem.eu\/fr\/\" target=\"_blank\" rel=\"noreferrer noopener\">plateforme Buddy System<\/a>\u202f! (Attention\u202f: vous ne pourrez vous inscrire qu\u2019avec votre adresse @student.uni.lu.) Si vous \u00eates un \u00e9tudiant r\u00e9gulier (c\u2019est-\u00e0-dire effectuant l\u2019int\u00e9gralit\u00e9 de votre programme d\u2019\u00e9tudes \u00e0 l\u2019Universit\u00e9 du Luxembourg), veuillez choisir l\u2019option \u00ab\u202f<strong>Free mover<\/strong>\u202f\u00bb. Nous enverrons un a<strong>ppel aux parrains au d\u00e9but du semestre<\/strong>, vous ne trouverez donc un parrain qu\u2019apr\u00e8s votre arriv\u00e9e. Veuillez noter qu\u2019il n\u2019est pas toujours possible de vous mettre en contact avec une personne du m\u00eame domaine d\u2019\u00e9tudes. <em>Buddy System<\/em><\/p>\n\n\n\n<ul class=\"wp-block-unilux-blocks-custom-buttons btn-list\"><li class=\"wp-block-unilux-blocks-custom-button\"    aria-disabled=\"false\"\n    >\n    <a\n        role=\"link\"\n        aria-disabled=\"false\"\n                    href=\"https:\/\/buddysystem.eu\/fr\/\"\n                target=\"_blank\"\n        class=\"btn btn--primary\"\n            >Plateforme <em>Buddy System<\/em><\/a>\n<\/li>\n<\/ul>\n\n\n<div class=\"wp-block-unilux-blocks-spacer is-spacer-size-sm\"><\/div>\n\n\n<p>Si vous avez d\u2019autres questions, veuillez contacter Claire Lallier ou Jimmy Corneille.<\/p>\n\n\n\n<ul class=\"wp-block-unilux-blocks-custom-buttons btn-list\"><li class=\"wp-block-unilux-blocks-custom-button\"    aria-disabled=\"false\"\n    >\n    <a\n        role=\"link\"\n        aria-disabled=\"false\"\n                    href=\"mailto:buddyprogram@uni.lu\"\n                target=\"_self\"\n        class=\"btn btn--primary\"\n            >Contactez-nous<\/a>\n<\/li>\n<\/ul>\n\n\n<div class=\"wp-block-unilux-blocks-spacer is-spacer-size-sm\"><\/div><\/div><\/section>\n<\/div>","protected":false},"excerpt":{"rendered":"","protected":false},"author":75,"featured_media":0,"parent":674,"menu_order":0,"comment_status":"closed","ping_status":"closed","template":"","meta":{"featured_image_focal_point":[],"show_featured_caption":false,"ulux_newsletter_groups":"","uluxPostTitle":"Soutien par les pairs","uluxPrePostTitle":"Vie sur le campus","_trash_the_other_posts":false,"_price":"","_stock":"","_tribe_ticket_header":"","_tribe_default_ticket_provider":"","_tribe_ticket_capacity":"0","_ticket_start_date":"","_ticket_end_date":"","_tribe_ticket_show_description":"","_tribe_ticket_show_not_going":false,"_tribe_ticket_use_global_stock":"","_tribe_ticket_global_stock_level":"","_global_stock_mode":"","_global_stock_cap":"","_tribe_rsvp_for_event":"","_tribe_ticket_going_count":"","_tribe_ticket_not_going_count":"","_tribe_tickets_list":"[]","_tribe_ticket_has_attendee_info_fields":false,"footnotes":""},"field-of-interest":[],"organisation":[],"authorship":[75,226,321],"acf":[],"yoast_head":"<!-- This site is optimized with the Yoast SEO Premium plugin v22.3 (Yoast SEO v22.3) - https:\/\/yoast.com\/wordpress\/plugins\/seo\/ -->\n<title>Programme de parrainage - Universit\u00e9 du Luxembourg I Uni.lu<\/title>\n<meta name=\"description\" content=\"L\u2019objectif du Programme de parrainage est de vous aider \u00e0 effectuer une transition en douceur vers la vie universitaire.\" \/>\n<meta name=\"robots\" content=\"index, follow, max-snippet:-1, max-image-preview:large, max-video-preview:-1\" \/>\n<link rel=\"canonical\" href=\"https:\/\/www.uni.lu\/life-fr\/soutien-par-les-pairs\/programme-de-parrainage\/\" \/>\n<meta property=\"og:locale\" content=\"fr_FR\" \/>\n<meta property=\"og:type\" content=\"article\" \/>\n<meta property=\"og:title\" content=\"Programme de parrainage\" \/>\n<meta property=\"og:description\" content=\"L\u2019objectif du Programme de parrainage est de vous aider \u00e0 effectuer une transition en douceur vers la vie universitaire.\" \/>\n<meta property=\"og:url\" content=\"https:\/\/www.uni.lu\/life-fr\/soutien-par-les-pairs\/programme-de-parrainage\/\" \/>\n<meta property=\"og:site_name\" content=\"LIFE FR\" \/>\n<meta property=\"article:modified_time\" content=\"2025-12-01T12:09:52+00:00\" \/>\n<meta property=\"og:image\" content=\"https:\/\/www.uni.lu\/wp-content\/uploads\/sites\/31\/2026\/03\/03115200\/UNIV_SM-Profile_1600x1600px-scaled.jpg\" \/>\n\t<meta property=\"og:image:width\" content=\"2560\" \/>\n\t<meta property=\"og:image:height\" content=\"2560\" \/>\n\t<meta property=\"og:image:type\" content=\"image\/jpeg\" \/>\n<meta name=\"twitter:card\" content=\"summary_large_image\" \/>\n<meta name=\"twitter:label1\" content=\"Dur\u00e9e de lecture estim\u00e9e\" \/>\n\t<meta name=\"twitter:data1\" content=\"2 minutes\" \/>\n<script type=\"application\/ld+json\" class=\"yoast-schema-graph\">{\"@context\":\"https:\/\/schema.org\",\"@graph\":[{\"@type\":\"WebPage\",\"@id\":\"https:\/\/www.uni.lu\/life-fr\/soutien-par-les-pairs\/programme-de-parrainage\/\",\"url\":\"https:\/\/www.uni.lu\/life-fr\/soutien-par-les-pairs\/programme-de-parrainage\/\",\"name\":\"Programme de parrainage - Universit\u00e9 du Luxembourg I Uni.lu\",\"isPartOf\":{\"@id\":\"https:\/\/www.uni.lu\/life-fr\/#website\"},\"datePublished\":\"2024-05-06T06:29:39+00:00\",\"dateModified\":\"2025-12-01T12:09:52+00:00\",\"description\":\"L\u2019objectif du Programme de parrainage est de vous aider \u00e0 effectuer une transition en douceur vers la vie universitaire.\",\"breadcrumb\":{\"@id\":\"https:\/\/www.uni.lu\/life-fr\/soutien-par-les-pairs\/programme-de-parrainage\/#breadcrumb\"},\"inLanguage\":\"fr-FR\",\"potentialAction\":[{\"@type\":\"ReadAction\",\"target\":[\"https:\/\/www.uni.lu\/life-fr\/soutien-par-les-pairs\/programme-de-parrainage\/\"]}]},{\"@type\":\"BreadcrumbList\",\"@id\":\"https:\/\/www.uni.lu\/life-fr\/soutien-par-les-pairs\/programme-de-parrainage\/#breadcrumb\",\"itemListElement\":[{\"@type\":\"ListItem\",\"position\":1,\"name\":\"Home\",\"item\":\"https:\/\/www.uni.lu\/fr\"},{\"@type\":\"ListItem\",\"position\":2,\"name\":\"Vie sur le campus\",\"item\":\"https:\/\/www.uni.lu\/life-fr\/\"},{\"@type\":\"ListItem\",\"position\":3,\"name\":\"Soutien par les pairs\",\"item\":\"https:\/\/www.uni.lu\/life-fr\/soutien-par-les-pairs\/\"},{\"@type\":\"ListItem\",\"position\":4,\"name\":\"Programme de parrainage\"}]},{\"@type\":\"WebSite\",\"@id\":\"https:\/\/www.uni.lu\/life-fr\/#website\",\"url\":\"https:\/\/www.uni.lu\/life-fr\/\",\"name\":\"Uni.lu\",\"description\":\"Vie sur le campus universitaire\",\"publisher\":{\"@id\":\"https:\/\/www.uni.lu\/life-fr\/#organization\"},\"alternateName\":\"Universit\u00e9 du Luxembourg\",\"potentialAction\":[{\"@type\":\"SearchAction\",\"target\":{\"@type\":\"EntryPoint\",\"urlTemplate\":\"https:\/\/www.uni.lu\/life-fr\/?s={search_term_string}\"},\"query-input\":\"required name=search_term_string\"}],\"inLanguage\":\"fr-FR\"},{\"@type\":\"Organization\",\"@id\":\"https:\/\/www.uni.lu\/life-fr\/#organization\",\"name\":\"Universit\u00e9 du Luxembourg\",\"url\":\"https:\/\/www.uni.lu\/life-fr\/\",\"logo\":{\"@type\":\"ImageObject\",\"inLanguage\":\"fr-FR\",\"@id\":\"https:\/\/www.uni.lu\/life-fr\/#\/schema\/logo\/image\/\",\"url\":\"https:\/\/www.uni.lu\/wp-content\/uploads\/sites\/31\/2026\/03\/03115200\/UNIV_SM-Profile_1600x1600px-scaled.jpg\",\"contentUrl\":\"https:\/\/www.uni.lu\/wp-content\/uploads\/sites\/31\/2026\/03\/03115200\/UNIV_SM-Profile_1600x1600px-scaled.jpg\",\"width\":2560,\"height\":2560,\"caption\":\"Universit\u00e9 du Luxembourg\"},\"image\":{\"@id\":\"https:\/\/www.uni.lu\/life-fr\/#\/schema\/logo\/image\/\"}}]}<\/script>\n<!-- \/ Yoast SEO Premium plugin. -->","yoast_head_json":{"title":"Programme de parrainage - Universit\u00e9 du Luxembourg I Uni.lu","description":"L\u2019objectif du Programme de parrainage est de vous aider \u00e0 effectuer une transition en douceur vers la vie universitaire.","robots":{"index":"index","follow":"follow","max-snippet":"max-snippet:-1","max-image-preview":"max-image-preview:large","max-video-preview":"max-video-preview:-1"},"canonical":"https:\/\/www.uni.lu\/life-fr\/soutien-par-les-pairs\/programme-de-parrainage\/","og_locale":"fr_FR","og_type":"article","og_title":"Programme de parrainage","og_description":"L\u2019objectif du Programme de parrainage est de vous aider \u00e0 effectuer une transition en douceur vers la vie universitaire.","og_url":"https:\/\/www.uni.lu\/life-fr\/soutien-par-les-pairs\/programme-de-parrainage\/","og_site_name":"LIFE FR","article_modified_time":"2025-12-01T12:09:52+00:00","og_image":[{"width":2560,"height":2560,"url":"https:\/\/www.uni.lu\/wp-content\/uploads\/sites\/31\/2026\/03\/03115200\/UNIV_SM-Profile_1600x1600px-scaled.jpg","type":"image\/jpeg"}],"twitter_card":"summary_large_image","twitter_misc":{"Dur\u00e9e de lecture estim\u00e9e":"2 minutes"},"schema":{"@context":"https:\/\/schema.org","@graph":[{"@type":"WebPage","@id":"https:\/\/www.uni.lu\/life-fr\/soutien-par-les-pairs\/programme-de-parrainage\/","url":"https:\/\/www.uni.lu\/life-fr\/soutien-par-les-pairs\/programme-de-parrainage\/","name":"Programme de parrainage - Universit\u00e9 du Luxembourg I Uni.lu","isPartOf":{"@id":"https:\/\/www.uni.lu\/life-fr\/#website"},"datePublished":"2024-05-06T06:29:39+00:00","dateModified":"2025-12-01T12:09:52+00:00","description":"L\u2019objectif du Programme de parrainage est de vous aider \u00e0 effectuer une transition en douceur vers la vie universitaire.","breadcrumb":{"@id":"https:\/\/www.uni.lu\/life-fr\/soutien-par-les-pairs\/programme-de-parrainage\/#breadcrumb"},"inLanguage":"fr-FR","potentialAction":[{"@type":"ReadAction","target":["https:\/\/www.uni.lu\/life-fr\/soutien-par-les-pairs\/programme-de-parrainage\/"]}]},{"@type":"BreadcrumbList","@id":"https:\/\/www.uni.lu\/life-fr\/soutien-par-les-pairs\/programme-de-parrainage\/#breadcrumb","itemListElement":[{"@type":"ListItem","position":1,"name":"Home","item":"https:\/\/www.uni.lu\/fr"},{"@type":"ListItem","position":2,"name":"Vie sur le campus","item":"https:\/\/www.uni.lu\/life-fr\/"},{"@type":"ListItem","position":3,"name":"Soutien par les pairs","item":"https:\/\/www.uni.lu\/life-fr\/soutien-par-les-pairs\/"},{"@type":"ListItem","position":4,"name":"Programme de parrainage"}]},{"@type":"WebSite","@id":"https:\/\/www.uni.lu\/life-fr\/#website","url":"https:\/\/www.uni.lu\/life-fr\/","name":"Uni.lu","description":"Vie sur le campus universitaire","publisher":{"@id":"https:\/\/www.uni.lu\/life-fr\/#organization"},"alternateName":"Universit\u00e9 du Luxembourg","potentialAction":[{"@type":"SearchAction","target":{"@type":"EntryPoint","urlTemplate":"https:\/\/www.uni.lu\/life-fr\/?s={search_term_string}"},"query-input":"required name=search_term_string"}],"inLanguage":"fr-FR"},{"@type":"Organization","@id":"https:\/\/www.uni.lu\/life-fr\/#organization","name":"Universit\u00e9 du Luxembourg","url":"https:\/\/www.uni.lu\/life-fr\/","logo":{"@type":"ImageObject","inLanguage":"fr-FR","@id":"https:\/\/www.uni.lu\/life-fr\/#\/schema\/logo\/image\/","url":"https:\/\/www.uni.lu\/wp-content\/uploads\/sites\/31\/2026\/03\/03115200\/UNIV_SM-Profile_1600x1600px-scaled.jpg","contentUrl":"https:\/\/www.uni.lu\/wp-content\/uploads\/sites\/31\/2026\/03\/03115200\/UNIV_SM-Profile_1600x1600px-scaled.jpg","width":2560,"height":2560,"caption":"Universit\u00e9 du Luxembourg"},"image":{"@id":"https:\/\/www.uni.lu\/life-fr\/#\/schema\/logo\/image\/"}}]}},"ticketed":false,"_links":{"self":[{"href":"https:\/\/www.uni.lu\/life-fr\/wp-json\/wp\/v2\/pages\/677"}],"collection":[{"href":"https:\/\/www.uni.lu\/life-fr\/wp-json\/wp\/v2\/pages"}],"about":[{"href":"https:\/\/www.uni.lu\/life-fr\/wp-json\/wp\/v2\/types\/page"}],"author":[{"embeddable":true,"href":"https:\/\/www.uni.lu\/life-fr\/wp-json\/wp\/v2\/users\/75"}],"replies":[{"embeddable":true,"href":"https:\/\/www.uni.lu\/life-fr\/wp-json\/wp\/v2\/comments?post=677"}],"version-history":[{"count":5,"href":"https:\/\/www.uni.lu\/life-fr\/wp-json\/wp\/v2\/pages\/677\/revisions"}],"predecessor-version":[{"id":2237,"href":"https:\/\/www.uni.lu\/life-fr\/wp-json\/wp\/v2\/pages\/677\/revisions\/2237"}],"up":[{"embeddable":true,"href":"https:\/\/www.uni.lu\/life-fr\/wp-json\/wp\/v2\/pages\/674"}],"wp:authorship":[{"embeddable":true,"href":"https:\/\/www.uni.lu\/life-fr\/wp-json\/wp\/v2\/users\/75"},{"embeddable":true,"href":"https:\/\/www.uni.lu\/life-fr\/wp-json\/wp\/v2\/users\/226"},{"embeddable":true,"href":"https:\/\/www.uni.lu\/life-fr\/wp-json\/wp\/v2\/users\/321"}],"wp:attachment":[{"href":"https:\/\/www.uni.lu\/life-fr\/wp-json\/wp\/v2\/media?parent=677"}],"wp:term":[{"taxonomy":"field-of-interest","embeddable":true,"href":"https:\/\/www.uni.lu\/life-fr\/wp-json\/wp\/v2\/field-of-interest?post=677"},{"taxonomy":"organisation","embeddable":true,"href":"https:\/\/www.uni.lu\/life-fr\/wp-json\/wp\/v2\/organisation?post=677"}],"curies":[{"name":"wp","href":"https:\/\/api.w.org\/{rel}","templated":true}]}}