{"id":672,"date":"2024-05-06T08:09:01","date_gmt":"2024-05-06T06:09:01","guid":{"rendered":"https:\/\/www.uni.lu\/life-fr\/?page_id=672"},"modified":"2025-07-04T11:43:10","modified_gmt":"2025-07-04T09:43:10","slug":"autorisation-et-titre-de-sejour","status":"publish","type":"page","link":"https:\/\/www.uni.lu\/life-fr\/s-installer-au-luxembourg\/autorisation-et-titre-de-sejour\/","title":{"rendered":"Autorisation et titre de s\u00e9jour"},"content":{"rendered":"<div class=\"section py-0 static\">\n<section class=\"py-0 wp-block-unilux-blocks-free-section section\"><div class=\"container xl:max-w-screen-xl\"><!-- SecondaryNavigationMirror --><div class=\"js-secondary-nav--sticky wp-block-unilux-blocks-secondary-navigation\" id=\"855f2bb5-8087-4167-af05-0c5ef55bed1a\">\n    <nav id=\"secondary-navigation\" role=\"navigation\" aria-label=\"Secondary menu\" class=\"secondary-nav\">\n        <button class=\"secondary-nav__button btn btn-solid--primary w-full\" aria-expanded=\"false\" aria-controls=\"secondary-navigation__list\" title=\"The selected page is Aper\u00e7u\" type=\"button\">\n            <span class=\"btn__name mr-auto\">Aper\u00e7u<\/span>\n            <svg aria-hidden=\"true\" focusable=\"false\" class=\"icon icon-outline icon--xs\">\n                <use xlink:href=\"https:\/\/www.uni.lu\/wp-content\/themes\/unilux-theme\/assets\/images\/icons\/icons-outline.svg#icon--arrow-down\" \/>\n            <\/svg>\n        <\/button>\n\n        <ul id=\"secondary-navigation__list\" class=\"secondary-nav__list\">\n            <li class=\"secondary-nav__item\">\n    <a href=\"https:\/\/www.uni.lu\/life-fr\/s-installer-au-luxembourg\/\" target=\"\" rel=\"noreferrer noopener\" class=\"secondary-nav__link \">\n        <svg aria-hidden=\"true\" focusable=\"false\" class=\"icon icon-outline icon--xs\">\n            <use xlink:href=\"https:\/\/www.uni.lu\/wp-content\/themes\/unilux-theme\/assets\/images\/icons\/icons-outline.svg#icon--arrow-right\" \/>\n        <\/svg>\n        <span class=\"secondary-nav__name\">Aper\u00e7u<\/span>\n    <\/a>\n<\/li>\n<li class=\"secondary-nav__item\">\n    <a href=\"https:\/\/www.uni.lu\/life-fr\/s-installer-au-luxembourg\/pour-etudier\/\" target=\"\" rel=\"noreferrer noopener\" class=\"secondary-nav__link \">\n        <svg aria-hidden=\"true\" focusable=\"false\" class=\"icon icon-outline icon--xs\">\n            <use xlink:href=\"https:\/\/www.uni.lu\/wp-content\/themes\/unilux-theme\/assets\/images\/icons\/icons-outline.svg#icon--arrow-right\" \/>\n        <\/svg>\n        <span class=\"secondary-nav__name\">Pour \u00e9tudier<\/span>\n    <\/a>\n<\/li>\n<li class=\"secondary-nav__item\">\n    <a href=\"https:\/\/www.uni.lu\/life-fr\/s-installer-au-luxembourg\/pour-travailler\/\" target=\"\" rel=\"noreferrer noopener\" class=\"secondary-nav__link \">\n        <svg aria-hidden=\"true\" focusable=\"false\" class=\"icon icon-outline icon--xs\">\n            <use xlink:href=\"https:\/\/www.uni.lu\/wp-content\/themes\/unilux-theme\/assets\/images\/icons\/icons-outline.svg#icon--arrow-right\" \/>\n        <\/svg>\n        <span class=\"secondary-nav__name\">Pour travailler<\/span>\n    <\/a>\n<\/li>\n        <\/ul>\n    <\/nav>\n<\/div>\n<!-- end SecondaryNavigationMirror --><\/div><\/section>\n\n\n\n<section class=\"wp-block-unilux-blocks-free-section section\"><div class=\"container xl:max-w-screen-xl\">\n<p><strong>Pour \u00e9tudier au Luxembourg<\/strong><\/p>\n\n\n\n<h1 class=\"has-text-align-left wp-block-unilux-blocks-heading\"        id=\"autorisation-de-sejour-et-titre-de-sejour\"\n    >\nAutorisation de s\u00e9jour et titre de s\u00e9jour<\/h1>\n\n\n\n<p>Vous trouverez des informations d\u00e9taill\u00e9es sur le site web du <a href=\"https:\/\/guichet.public.lu\/fr\/citoyens\/immigration\/plus-3-mois\/ressortissant-tiers\/etudiant\/etudiant-pays-tiers.html\" target=\"_blank\" rel=\"noreferrer noopener\">minist\u00e8re des Affaires \u00e9trang\u00e8res et europ\u00e9ennes<\/a>.<\/p>\n\n\n\n<p>\u00c0 leur arriv\u00e9e au Luxembourg, les candidats doivent pr\u00e9senter leur <a href=\"https:\/\/guichet.public.lu\/fr\/citoyens\/immigration\/plus-3-mois\/ressortissant-tiers\/etudiant\/etudiant-pays-tiers.html\" target=\"_blank\" rel=\"noreferrer noopener\">autorisation de s\u00e9jour temporaire (AST)<\/a> d\u00e9livr\u00e9e par le minist\u00e8re des Affaires \u00e9trang\u00e8res et europ\u00e9ennes au Bureau des admissions du Service des \u00e9tudes et de la vie \u00e9tudiante. Aucune inscription ne pourra \u00eatre finalis\u00e9e sans ce document.<\/p>\n\n\n\n<div class=\"icon--primary icon--secondary-2 icon--xl wp-block-unilux-blocks-icon-picker\">\n    <svg aria-hidden=\"true\" focusable=\"false\" class=\"icon icon-outline icon--warning \"><use xlink:href=\"https:\/\/www.uni.lu\/wp-content\/themes\/unilux-theme\/assets\/images\/icons\/icons-outline.svg#icon--warning\"><\/use><\/svg><\/div>\n\n<div class=\"wp-block-unilux-blocks-spacer is-spacer-size-sm\"><\/div>\n\n\n<p>Si votre admission est accept\u00e9e, vous devrez demander un extrait de casier judiciaire afin de pouvoir demander un titre de s\u00e9jour. <strong>Nous vous recommandons vivement<\/strong> de demander au pr\u00e9alable un <strong>extrait de casier judiciaire<\/strong> \u00e0 votre pays de r\u00e9sidence afin d\u2019\u00e9viter de retarder la proc\u00e9dure aupr\u00e8s du minist\u00e8re des Affaires \u00e9trang\u00e8res. Nous vous sugg\u00e9rons de demander ce document au plus tard d\u00e9but avril, m\u00eame si vous n\u2019avez pas encore re\u00e7u le r\u00e9sultat de votre candidature.<\/p>\n\n\n<div class=\"wp-block-unilux-blocks-spacer is-spacer-size-sm\"><\/div>\n\n\n<div class=\"wp-block-unilux-blocks-accordion accordion accordion--theme accordion-standard\" data-reference=\"44648a67-9fe4-460b-853f-2564073cce23\" data-accordion-type=\"standard\"><div class=\"accordion__item  wp-block-unilux-blocks-accordion-item\">\n    <h3 class=\"accordion__header\"\n        >\n        <button\n            type=\"button\"\n            id=\"accordion-labelledby-6684fe5a-d232-4190-88be-0d5244b9a56e\"\n            class=\"accordion__button collapsed\"\n            aria-expanded=\"false\"\n            aria-controls=\"accordion-panel-6684fe5a-d232-4190-88be-0d5244b9a56e\"\n            data-bs-toggle=\"collapse\"\n            data-bs-target=\"#accordion-panel-6684fe5a-d232-4190-88be-0d5244b9a56e\"\n        >\n            <span class=\"accordion__title\">\n                                <strong>Informations sp\u00e9ciales pour les r\u00e9sidents l\u00e9gaux du Canada, des \u00c9tats-Unis d\u2019Am\u00e9rique et du Mexique<\/strong>            <\/span>\n\n            <svg aria-hidden=\"true\" focusable=\"false\" class=\"icon icon-outline icon--arrow-down \"><use xlink:href=\"https:\/\/www.uni.lu\/wp-content\/themes\/unilux-theme\/assets\/images\/icons\/icons-outline.svg#icon--arrow-down\"><\/use><\/svg>        <\/button>\n    <\/h3>\n    <div id=\"accordion-panel-6684fe5a-d232-4190-88be-0d5244b9a56e\"\n        class=\"accordion__collapse collapse\"\n        aria-labelledby=\"accordion-labelledby-6684fe5a-d232-4190-88be-0d5244b9a56e\"\n        data-bs-parent=\"[data-reference=&quot;44648a67-9fe4-460b-853f-2564073cce23&quot;]\"\n    >\n        <div class=\"accordion__body \">\n            \n<p>Les r\u00e9sidents l\u00e9gaux du Canada, des \u00c9tats-Unis d\u2019Am\u00e9rique et du Mexique doivent contacter directement Victoria Vieru\u202f:<\/p>\n\n<p>Embassy of Luxembourg in the United States of America<br>2200 Massachusetts Avenue, N.W., Washington D.C., 20008<br>T\u00e9l. (+1) 202 265 4171 \u00b7 Fax (+1) 202 328 8270<br>E-mail\u202f: <a href=\"mailto:victoria.vieru@mae.etat.lu\">victoria.vieru@mae.etat.lu<\/a><br>Ambassade du Luxembourg \u00e0 Washington<\/p>\n        <\/div>\n    <\/div>\n<\/div><\/div>\n\n\n<div class=\"wp-block-unilux-blocks-spacer is-spacer-size-sm\"><\/div>\n\n\n<h2 class=\"has-text-align-left wp-block-unilux-blocks-heading\"        id=\"renouvellement\"\n    >\nRenouvellement du titre de s\u00e9jour<\/h2>\n\n\n\n<p>Afin de renouveler un titre de s\u00e9jour, les ressortissants de pays tiers doivent s\u2019adresser \u00e0 la <a href=\"https:\/\/guichet.public.lu\/dam-assets\/catalogue-formulaires\/immigration\/document\/tiers\/etudiant\/renouvellement-titre-sejour\/renouvellement-titre-etudiant.pdf\" target=\"_blank\" rel=\"noreferrer noopener\">direction de l\u2019immigration du minist\u00e8re des Affaires \u00e9trang\u00e8res et europ\u00e9ennes<\/a>.<\/p>\n\n\n\n<p>Vous devez soumettre votre demande de renouvellement via le formulaire d\u00e9di\u00e9, accompagn\u00e9e des documents pr\u00e9cis\u00e9s par le minist\u00e8re.<\/p>\n\n\n\n<p>T\u00e9l\u00e9charger le formulaire <a href=\"https:\/\/guichet.public.lu\/dam-assets\/catalogue-formulaires\/immigration\/document\/tiers\/titre-sejour\/demande-titre-sejour\/demande-titre-sejour.pdf\" target=\"_blank\" rel=\"noreferrer noopener\">Demande en renouvellement d\u2019un titre de s\u00e9jour pour ressortissant de pays tiers en qualit\u00e9 d\u2019\u00ab\u202f\u00e9tudiant\u202f\u00bb<\/a>.<\/p>\n\n\n\n<ul class=\"wp-block-unilux-blocks-custom-buttons btn-list justify-end\"><li class=\"wp-block-unilux-blocks-custom-button\"    aria-disabled=\"false\"\n    >\n    <a\n        role=\"link\"\n        aria-disabled=\"false\"\n                    href=\"https:\/\/www.uni.lu\/life-fr\/s-installer-au-luxembourg\/pour-etudier\/\"\n                target=\"_self\"\n        class=\"btn btn--dark\"\n            >S\u2019installer au Luxembourg pour \u00e9tudier<\/a>\n<\/li>\n<\/ul>\n<\/div><\/section>\n\n\n<section class=\"section section wp-block-unilux-blocks-quick-link-discover-section py-0\">\n    <div class=\"container xl:max-w-screen-xl\">\n        \n<h2 class=\"has-text-align-left wp-block-unilux-blocks-heading\"        id=\"en-savoir-plus\"\n    >\n<strong>En savoir plus<\/strong><\/h2>\n\n<ul class=\"wp-block-unilux-blocks-quick-link-discover quick-link-list\">\n<li class=\"wp-block-unilux-blocks-quick-link-discover-item\">\n    <a\n                    href=\"https:\/\/www.uni.lu\/life-fr\/aide-financiere\/cout-de-la-vie\/\"\n                    class=\"quick-link\"\n            target=\"\"\n    >\n            <span class=\"quick-link__container\">\n                <span class=\"quick-link__text\">\n                    Co\u00fbt de la vie et budget                <\/span>\n                <svg aria-hidden=\"true\" focusable=\"false\" class=\"icon icon-outline icon--arrow-right \"><use xlink:href=\"https:\/\/www.uni.lu\/wp-content\/themes\/unilux-theme\/assets\/images\/icons\/icons-outline.svg#icon--arrow-right\"><\/use><\/svg>            <\/span>\n    <\/a>\n<\/li>\n\n\n\n<li class=\"wp-block-unilux-blocks-quick-link-discover-item\">\n    <a\n                    href=\"https:\/\/www.uni.lu\/life-fr\/alumni\/\"\n                    class=\"quick-link\"\n            target=\"\"\n    >\n            <span class=\"quick-link__container\">\n                <span class=\"quick-link__text\">\n                    R\u00e9seau des anciens \u00e9l\u00e8ves                <\/span>\n                <svg aria-hidden=\"true\" focusable=\"false\" class=\"icon icon-outline icon--arrow-right \"><use xlink:href=\"https:\/\/www.uni.lu\/wp-content\/themes\/unilux-theme\/assets\/images\/icons\/icons-outline.svg#icon--arrow-right\"><\/use><\/svg>            <\/span>\n    <\/a>\n<\/li>\n\n\n\n<li class=\"wp-block-unilux-blocks-quick-link-discover-item\">\n    <a\n                    href=\"https:\/\/www.uni.lu\/life-fr\/career-centre\/\"\n                    class=\"quick-link\"\n            target=\"\"\n    >\n            <span class=\"quick-link__container\">\n                <span class=\"quick-link__text\">\n                    Am\u00e9liorez votre employabilit\u00e9\u202f!                <\/span>\n                <svg aria-hidden=\"true\" focusable=\"false\" class=\"icon icon-outline icon--arrow-right \"><use xlink:href=\"https:\/\/www.uni.lu\/wp-content\/themes\/unilux-theme\/assets\/images\/icons\/icons-outline.svg#icon--arrow-right\"><\/use><\/svg>            <\/span>\n    <\/a>\n<\/li>\n<\/ul>\n    <\/div>\n<\/section><\/div>","protected":false},"excerpt":{"rendered":"","protected":false},"author":337,"featured_media":0,"parent":663,"menu_order":0,"comment_status":"closed","ping_status":"closed","template":"","meta":{"featured_image_focal_point":[],"show_featured_caption":false,"ulux_newsletter_groups":"","uluxPostTitle":"S\u2019installer au Luxembourg","uluxPrePostTitle":"Pour en savoir plus","_trash_the_other_posts":false,"_price":"","_stock":"","_tribe_ticket_header":"","_tribe_default_ticket_provider":"","_tribe_ticket_capacity":"0","_ticket_start_date":"","_ticket_end_date":"","_tribe_ticket_show_description":"","_tribe_ticket_show_not_going":false,"_tribe_ticket_use_global_stock":"","_tribe_ticket_global_stock_level":"","_global_stock_mode":"","_global_stock_cap":"","_tribe_rsvp_for_event":"","_tribe_ticket_going_count":"","_tribe_ticket_not_going_count":"","_tribe_tickets_list":"[]","_tribe_ticket_has_attendee_info_fields":false,"footnotes":""},"field-of-interest":[],"organisation":[],"authorship":[210,337],"acf":[],"yoast_head":"<!-- This site is optimized with the Yoast SEO Premium plugin v22.3 (Yoast SEO v22.3) - https:\/\/yoast.com\/wordpress\/plugins\/seo\/ -->\n<title>Autorisation et titre de s\u00e9jour - Universit\u00e9 du Luxembourg I Uni.lu<\/title>\n<meta name=\"robots\" content=\"index, follow, max-snippet:-1, max-image-preview:large, max-video-preview:-1\" \/>\n<link rel=\"canonical\" href=\"https:\/\/www.uni.lu\/life-fr\/s-installer-au-luxembourg\/autorisation-et-titre-de-sejour\/\" \/>\n<meta property=\"og:locale\" content=\"fr_FR\" \/>\n<meta property=\"og:type\" content=\"article\" \/>\n<meta property=\"og:title\" content=\"Autorisation et titre de s\u00e9jour\" \/>\n<meta property=\"og:url\" content=\"https:\/\/www.uni.lu\/life-fr\/s-installer-au-luxembourg\/autorisation-et-titre-de-sejour\/\" \/>\n<meta property=\"og:site_name\" content=\"LIFE FR\" \/>\n<meta property=\"article:modified_time\" content=\"2025-07-04T09:43:10+00:00\" \/>\n<meta property=\"og:image\" content=\"https:\/\/www.uni.lu\/wp-content\/uploads\/sites\/31\/2026\/03\/03115200\/UNIV_SM-Profile_1600x1600px-scaled.jpg\" \/>\n\t<meta property=\"og:image:width\" content=\"2560\" \/>\n\t<meta property=\"og:image:height\" content=\"2560\" \/>\n\t<meta property=\"og:image:type\" content=\"image\/jpeg\" \/>\n<meta name=\"twitter:card\" content=\"summary_large_image\" \/>\n<meta name=\"twitter:label1\" content=\"Dur\u00e9e de lecture estim\u00e9e\" \/>\n\t<meta name=\"twitter:data1\" content=\"2 minutes\" \/>\n<script type=\"application\/ld+json\" class=\"yoast-schema-graph\">{\"@context\":\"https:\/\/schema.org\",\"@graph\":[{\"@type\":\"WebPage\",\"@id\":\"https:\/\/www.uni.lu\/life-fr\/s-installer-au-luxembourg\/autorisation-et-titre-de-sejour\/\",\"url\":\"https:\/\/www.uni.lu\/life-fr\/s-installer-au-luxembourg\/autorisation-et-titre-de-sejour\/\",\"name\":\"Autorisation et titre de s\u00e9jour - Universit\u00e9 du Luxembourg I Uni.lu\",\"isPartOf\":{\"@id\":\"https:\/\/www.uni.lu\/life-fr\/#website\"},\"datePublished\":\"2024-05-06T06:09:01+00:00\",\"dateModified\":\"2025-07-04T09:43:10+00:00\",\"breadcrumb\":{\"@id\":\"https:\/\/www.uni.lu\/life-fr\/s-installer-au-luxembourg\/autorisation-et-titre-de-sejour\/#breadcrumb\"},\"inLanguage\":\"fr-FR\",\"potentialAction\":[{\"@type\":\"ReadAction\",\"target\":[\"https:\/\/www.uni.lu\/life-fr\/s-installer-au-luxembourg\/autorisation-et-titre-de-sejour\/\"]}]},{\"@type\":\"BreadcrumbList\",\"@id\":\"https:\/\/www.uni.lu\/life-fr\/s-installer-au-luxembourg\/autorisation-et-titre-de-sejour\/#breadcrumb\",\"itemListElement\":[{\"@type\":\"ListItem\",\"position\":1,\"name\":\"Home\",\"item\":\"https:\/\/www.uni.lu\/fr\"},{\"@type\":\"ListItem\",\"position\":2,\"name\":\"Vie sur le campus\",\"item\":\"https:\/\/www.uni.lu\/life-fr\/\"},{\"@type\":\"ListItem\",\"position\":3,\"name\":\"S\u2019installer au Luxembourg\",\"item\":\"https:\/\/www.uni.lu\/life-fr\/s-installer-au-luxembourg\/\"},{\"@type\":\"ListItem\",\"position\":4,\"name\":\"Autorisation et titre de s\u00e9jour\"}]},{\"@type\":\"WebSite\",\"@id\":\"https:\/\/www.uni.lu\/life-fr\/#website\",\"url\":\"https:\/\/www.uni.lu\/life-fr\/\",\"name\":\"Uni.lu\",\"description\":\"Vie sur le campus universitaire\",\"publisher\":{\"@id\":\"https:\/\/www.uni.lu\/life-fr\/#organization\"},\"alternateName\":\"Universit\u00e9 du Luxembourg\",\"potentialAction\":[{\"@type\":\"SearchAction\",\"target\":{\"@type\":\"EntryPoint\",\"urlTemplate\":\"https:\/\/www.uni.lu\/life-fr\/?s={search_term_string}\"},\"query-input\":\"required name=search_term_string\"}],\"inLanguage\":\"fr-FR\"},{\"@type\":\"Organization\",\"@id\":\"https:\/\/www.uni.lu\/life-fr\/#organization\",\"name\":\"Universit\u00e9 du Luxembourg\",\"url\":\"https:\/\/www.uni.lu\/life-fr\/\",\"logo\":{\"@type\":\"ImageObject\",\"inLanguage\":\"fr-FR\",\"@id\":\"https:\/\/www.uni.lu\/life-fr\/#\/schema\/logo\/image\/\",\"url\":\"https:\/\/www.uni.lu\/wp-content\/uploads\/sites\/31\/2026\/03\/03115200\/UNIV_SM-Profile_1600x1600px-scaled.jpg\",\"contentUrl\":\"https:\/\/www.uni.lu\/wp-content\/uploads\/sites\/31\/2026\/03\/03115200\/UNIV_SM-Profile_1600x1600px-scaled.jpg\",\"width\":2560,\"height\":2560,\"caption\":\"Universit\u00e9 du Luxembourg\"},\"image\":{\"@id\":\"https:\/\/www.uni.lu\/life-fr\/#\/schema\/logo\/image\/\"}}]}<\/script>\n<!-- \/ Yoast SEO Premium plugin. -->","yoast_head_json":{"title":"Autorisation et titre de s\u00e9jour - Universit\u00e9 du Luxembourg I Uni.lu","robots":{"index":"index","follow":"follow","max-snippet":"max-snippet:-1","max-image-preview":"max-image-preview:large","max-video-preview":"max-video-preview:-1"},"canonical":"https:\/\/www.uni.lu\/life-fr\/s-installer-au-luxembourg\/autorisation-et-titre-de-sejour\/","og_locale":"fr_FR","og_type":"article","og_title":"Autorisation et titre de s\u00e9jour","og_url":"https:\/\/www.uni.lu\/life-fr\/s-installer-au-luxembourg\/autorisation-et-titre-de-sejour\/","og_site_name":"LIFE FR","article_modified_time":"2025-07-04T09:43:10+00:00","og_image":[{"width":2560,"height":2560,"url":"https:\/\/www.uni.lu\/wp-content\/uploads\/sites\/31\/2026\/03\/03115200\/UNIV_SM-Profile_1600x1600px-scaled.jpg","type":"image\/jpeg"}],"twitter_card":"summary_large_image","twitter_misc":{"Dur\u00e9e de lecture estim\u00e9e":"2 minutes"},"schema":{"@context":"https:\/\/schema.org","@graph":[{"@type":"WebPage","@id":"https:\/\/www.uni.lu\/life-fr\/s-installer-au-luxembourg\/autorisation-et-titre-de-sejour\/","url":"https:\/\/www.uni.lu\/life-fr\/s-installer-au-luxembourg\/autorisation-et-titre-de-sejour\/","name":"Autorisation et titre de s\u00e9jour - Universit\u00e9 du Luxembourg I Uni.lu","isPartOf":{"@id":"https:\/\/www.uni.lu\/life-fr\/#website"},"datePublished":"2024-05-06T06:09:01+00:00","dateModified":"2025-07-04T09:43:10+00:00","breadcrumb":{"@id":"https:\/\/www.uni.lu\/life-fr\/s-installer-au-luxembourg\/autorisation-et-titre-de-sejour\/#breadcrumb"},"inLanguage":"fr-FR","potentialAction":[{"@type":"ReadAction","target":["https:\/\/www.uni.lu\/life-fr\/s-installer-au-luxembourg\/autorisation-et-titre-de-sejour\/"]}]},{"@type":"BreadcrumbList","@id":"https:\/\/www.uni.lu\/life-fr\/s-installer-au-luxembourg\/autorisation-et-titre-de-sejour\/#breadcrumb","itemListElement":[{"@type":"ListItem","position":1,"name":"Home","item":"https:\/\/www.uni.lu\/fr"},{"@type":"ListItem","position":2,"name":"Vie sur le campus","item":"https:\/\/www.uni.lu\/life-fr\/"},{"@type":"ListItem","position":3,"name":"S\u2019installer au Luxembourg","item":"https:\/\/www.uni.lu\/life-fr\/s-installer-au-luxembourg\/"},{"@type":"ListItem","position":4,"name":"Autorisation et titre de s\u00e9jour"}]},{"@type":"WebSite","@id":"https:\/\/www.uni.lu\/life-fr\/#website","url":"https:\/\/www.uni.lu\/life-fr\/","name":"Uni.lu","description":"Vie sur le campus universitaire","publisher":{"@id":"https:\/\/www.uni.lu\/life-fr\/#organization"},"alternateName":"Universit\u00e9 du Luxembourg","potentialAction":[{"@type":"SearchAction","target":{"@type":"EntryPoint","urlTemplate":"https:\/\/www.uni.lu\/life-fr\/?s={search_term_string}"},"query-input":"required name=search_term_string"}],"inLanguage":"fr-FR"},{"@type":"Organization","@id":"https:\/\/www.uni.lu\/life-fr\/#organization","name":"Universit\u00e9 du Luxembourg","url":"https:\/\/www.uni.lu\/life-fr\/","logo":{"@type":"ImageObject","inLanguage":"fr-FR","@id":"https:\/\/www.uni.lu\/life-fr\/#\/schema\/logo\/image\/","url":"https:\/\/www.uni.lu\/wp-content\/uploads\/sites\/31\/2026\/03\/03115200\/UNIV_SM-Profile_1600x1600px-scaled.jpg","contentUrl":"https:\/\/www.uni.lu\/wp-content\/uploads\/sites\/31\/2026\/03\/03115200\/UNIV_SM-Profile_1600x1600px-scaled.jpg","width":2560,"height":2560,"caption":"Universit\u00e9 du Luxembourg"},"image":{"@id":"https:\/\/www.uni.lu\/life-fr\/#\/schema\/logo\/image\/"}}]}},"ticketed":false,"_links":{"self":[{"href":"https:\/\/www.uni.lu\/life-fr\/wp-json\/wp\/v2\/pages\/672"}],"collection":[{"href":"https:\/\/www.uni.lu\/life-fr\/wp-json\/wp\/v2\/pages"}],"about":[{"href":"https:\/\/www.uni.lu\/life-fr\/wp-json\/wp\/v2\/types\/page"}],"author":[{"embeddable":true,"href":"https:\/\/www.uni.lu\/life-fr\/wp-json\/wp\/v2\/users\/337"}],"replies":[{"embeddable":true,"href":"https:\/\/www.uni.lu\/life-fr\/wp-json\/wp\/v2\/comments?post=672"}],"version-history":[{"count":4,"href":"https:\/\/www.uni.lu\/life-fr\/wp-json\/wp\/v2\/pages\/672\/revisions"}],"predecessor-version":[{"id":1571,"href":"https:\/\/www.uni.lu\/life-fr\/wp-json\/wp\/v2\/pages\/672\/revisions\/1571"}],"up":[{"embeddable":true,"href":"https:\/\/www.uni.lu\/life-fr\/wp-json\/wp\/v2\/pages\/663"}],"wp:authorship":[{"embeddable":true,"href":"https:\/\/www.uni.lu\/life-fr\/wp-json\/wp\/v2\/users\/210"},{"embeddable":true,"href":"https:\/\/www.uni.lu\/life-fr\/wp-json\/wp\/v2\/users\/337"}],"wp:attachment":[{"href":"https:\/\/www.uni.lu\/life-fr\/wp-json\/wp\/v2\/media?parent=672"}],"wp:term":[{"taxonomy":"field-of-interest","embeddable":true,"href":"https:\/\/www.uni.lu\/life-fr\/wp-json\/wp\/v2\/field-of-interest?post=672"},{"taxonomy":"organisation","embeddable":true,"href":"https:\/\/www.uni.lu\/life-fr\/wp-json\/wp\/v2\/organisation?post=672"}],"curies":[{"name":"wp","href":"https:\/\/api.w.org\/{rel}","templated":true}]}}