{"id":649,"date":"2024-05-03T16:51:44","date_gmt":"2024-05-03T14:51:44","guid":{"rendered":"https:\/\/www.uni.lu\/life-fr\/?page_id=649"},"modified":"2026-03-10T12:47:26","modified_gmt":"2026-03-10T11:47:26","slug":"restaurants","status":"publish","type":"page","link":"https:\/\/www.uni.lu\/life-fr\/installations\/restaurants\/","title":{"rendered":"Restaurants"},"content":{"rendered":"\n<section class=\"section no-padding-y wp-block-unilux-blocks-hero\">\n    <div class=\"hero hero--2  \">\n        \n<header class=\"wp-block-unilux-blocks-wrapper hero__header\">\n<div class=\"wp-block-unilux-blocks-wrapper hero__container\">\n<span class=\"hero__title__subject wp-block-unilux-blocks-plain-text\">Installations<\/span>\n\n\n<h1 class=\"has-text-align-left wp-block-unilux-blocks-heading\"        id=\"restaurants-universitaires\"\n    >\nRestaurants universitaires<\/h1>\n<\/div>\n<\/header>\n<figure class=\"wp-block-dev4-reusable-blocks-image hero__visual object-fit--cover\">\n    \n<img decoding=\"async\" class=\"wp-block-image unilux-custom-image-block\"\n                alt=\"Food Lab\"\n            src=\"https:\/\/www.uni.lu\/wp-content\/uploads\/sites\/29\/2023\/08\/Copyright-Restopolis-5.jpg\"\n                    style=\"object-position: 50.00% 50.00%; font-family: &quot;object-fit: cover; object-position: 50.00% 50.00%;&quot;; aspect-ratio: 16\/9; object-fit: cover; width: 100%;\"\n        loading=\"lazy\"\n\/>    <\/figure>\n<div class=\"wp-block-unilux-blocks-wrapper hero__body\">\n<div class=\"wp-block-unilux-blocks-wrapper hero__container\">\n<p class=\"wp-block-unilux-blocks-plain-text\">Nos campus disposent d\u2019une vari\u00e9t\u00e9 de restaurants et de caf\u00e9s proposant une large gamme de repas et de collations.<\/p>\n\n\n<ul class=\"wp-block-unilux-blocks-custom-buttons btn-list\">\n\n<\/ul>\n<\/div>\n<\/div>\n    <\/div>\n<\/section>\n\n\n<section class=\"wp-block-unilux-blocks-free-section section\"><div class=\"container xl:max-w-screen-xl\">\n<div class=\"wp-block-columns is-layout-flex wp-block-columns-is-layout-flex\">\n<div class=\"wp-block-column is-layout-flow wp-block-column-is-layout-flow\" style=\"flex-basis:66.66%\">\n<h2 class=\"has-text-align-left wp-block-unilux-blocks-heading\"        id=\"a-propos-de-restopolis\"\n    >\n\u00c0 propos de Restopolis<\/h2>\n\n\n\n<p>Les restaurants de l\u2019Universit\u00e9 sont g\u00e9r\u00e9s par Restopolis, un organisme gouvernemental fond\u00e9 en\u202f2005 pour g\u00e9rer les services de restauration dans les lyc\u00e9es luxembourgeois et \u00e0 l\u2019Universit\u00e9 du Luxembourg. Restopolis op\u00e8re sous la tutelle du minist\u00e8re de l\u2019\u00c9ducation nationale, de l\u2019Enfance et de la Jeunesse.<\/p>\n<\/div>\n\n\n\n<div class=\"wp-block-column is-layout-flow wp-block-column-is-layout-flow\" style=\"flex-basis:33.33%\"><div class=\"wp-block-unilux-blocks-spacer is-spacer-size-sm\"><\/div>\n\n<figure class=\"wp-block-dev4-reusable-blocks-image  object-fit--contain\">\n    \n<img decoding=\"async\" class=\"wp-block-image unilux-custom-image-block\"\n                alt=\"\"\n            src=\"https:\/\/www.uni.lu\/wp-content\/uploads\/sites\/31\/2026\/03\/10124707\/restopolis-logo.png\"\n                srcset=\"https:\/\/www.uni.lu\/wp-content\/uploads\/sites\/31\/2026\/03\/10124707\/restopolis-logo.png 225w, https:\/\/www.uni.lu\/wp-content\/uploads\/sites\/31\/2026\/03\/10124707\/restopolis-logo-150x150.png 150w\"\n                style=\"object-position: 50.00% 50.00%; font-family: &quot;object-fit: contain; object-position: 50.00% 50.00%;&quot;; aspect-ratio: 16\/9; object-fit: contain; width: 100%;\"\n        loading=\"lazy\"\n\/>    <\/figure><\/div>\n<\/div>\n\n\n\n<ul class=\"wp-block-unilux-blocks-button-list-v2\">\n<li class=\"wp-block-unilux-blocks-button-list-item-v2\"><a class=\"quick-link\" href=\"https:\/\/portal.education.lu\/restopolis20\/\" target=\"_blank\" role=\"link\" rel=\"noopener\" tabindex=\"0\"><span class=\"quick-link__container\">\n<div class=\"wp-block-unilux-blocks-block-inserter quick-link__img\"><figure class=\"wp-block-dev4-reusable-blocks-image  object-fit--cover\">\n    \n<img decoding=\"async\" class=\"wp-block-image unilux-custom-image-block\"\n                alt=\"\"\n            src=\"https:\/\/www.uni.lu\/wp-content\/uploads\/sites\/31\/2026\/03\/10124707\/restopolis-logo.png\"\n                srcset=\"https:\/\/www.uni.lu\/wp-content\/uploads\/sites\/31\/2026\/03\/10124707\/restopolis-logo.png 225w, https:\/\/www.uni.lu\/wp-content\/uploads\/sites\/31\/2026\/03\/10124707\/restopolis-logo-150x150.png 150w\"\n                style=\"object-position: 50.00% 50.00%; font-family: &quot;object-fit: cover; object-position: 50.00% 50.00%;&quot;; aspect-ratio: 1\/1; object-fit: cover; width: 100%;\"\n        loading=\"lazy\"\n\/>    <\/figure><\/div>\n\n\n\n<span class=\"quick-link__name wp-block-unilux-blocks-plain-text\">Restopolis<\/span>\n\n<svg aria-hidden=\"true\" focusable=\"false\" class=\"icon icon-outline icon--external-link \"><use xlink:href=\"https:\/\/www.uni.lu\/wp-content\/themes\/unilux-theme\/assets\/images\/icons\/icons-outline.svg#icon--external-link\"><\/use><\/svg><\/span><\/a><\/li>\n<\/ul>\n<\/div><\/section>\n\n\n\n<section class=\"py-0 wp-block-unilux-blocks-free-section section\"><div class=\"container xl:max-w-screen-xl\">\n<h2 class=\"has-text-align-left wp-block-unilux-blocks-heading\"        id=\"ou-manger\"\n    >\nO\u00f9 manger\u202f?<\/h2>\n\n\n\n<p>Plusieurs lieux de restauration sont ouverts du <strong>lundi au vendredi<\/strong>\u202f:<\/p>\n\n\n\n<ul class=\"wp-block-unilux-blocks-button-list-v2\">\n<li class=\"wp-block-unilux-blocks-button-list-item-v2\"><a class=\"quick-link\" href=\"https:\/\/www.uni.lu\/fr\/a-propos\/campus\/campus-belval\/#restaurants\" target=\"\" role=\"link\" rel=\"noopener\" tabindex=\"0\"><span class=\"quick-link__container\">\n<div class=\"wp-block-unilux-blocks-block-inserter quick-link__img\"><\/div>\n\n\n\n<span class=\"quick-link__name wp-block-unilux-blocks-plain-text\">Campus de Belval &#8211; Restaurants<\/span>\n\n<svg aria-hidden=\"true\" focusable=\"false\" class=\"icon icon-outline icon--arrow-right \"><use xlink:href=\"https:\/\/www.uni.lu\/wp-content\/themes\/unilux-theme\/assets\/images\/icons\/icons-outline.svg#icon--arrow-right\"><\/use><\/svg><\/span><\/a><\/li>\n\n\n\n<li class=\"wp-block-unilux-blocks-button-list-item-v2\"><a class=\"quick-link\" href=\"https:\/\/www.uni.lu\/fr\/a-propos\/campus\/campus-kirchberg\/#restaurants\" target=\"\" role=\"link\" rel=\"noopener\" tabindex=\"0\"><span class=\"quick-link__container\">\n<div class=\"wp-block-unilux-blocks-block-inserter quick-link__img\"><\/div>\n\n\n\n<span class=\"quick-link__name wp-block-unilux-blocks-plain-text\">Campus de Kirchberg &#8211; Restaurants<\/span>\n\n<svg aria-hidden=\"true\" focusable=\"false\" class=\"icon icon-outline icon--arrow-right \"><use xlink:href=\"https:\/\/www.uni.lu\/wp-content\/themes\/unilux-theme\/assets\/images\/icons\/icons-outline.svg#icon--arrow-right\"><\/use><\/svg><\/span><\/a><\/li>\n\n\n\n<li class=\"wp-block-unilux-blocks-button-list-item-v2\"><a class=\"quick-link\" href=\"https:\/\/www.uni.lu\/fr\/a-propos\/campus\/campus-limpertsberg\/#restaurants\" target=\"\" role=\"link\" rel=\"noopener\" tabindex=\"0\"><span class=\"quick-link__container\">\n<div class=\"wp-block-unilux-blocks-block-inserter quick-link__img\"><\/div>\n\n\n\n<span class=\"quick-link__name wp-block-unilux-blocks-plain-text\">Campus de Limpertsberg<\/span>\n\n<svg aria-hidden=\"true\" focusable=\"false\" class=\"icon icon-outline icon--arrow-right \"><use xlink:href=\"https:\/\/www.uni.lu\/wp-content\/themes\/unilux-theme\/assets\/images\/icons\/icons-outline.svg#icon--arrow-right\"><\/use><\/svg><\/span><\/a><\/li>\n<\/ul>\n\n\n<div class=\"wp-block-unilux-blocks-spacer is-spacer-size-md\"><\/div>\n\n\n<p>En plus des repas propos\u00e9s dans les diff\u00e9rents restaurants des campus, des distributeurs automatiques proposent des sandwiches, des boissons et des collations \u00e0 des prix raisonnables.<\/p>\n<\/div><\/section>\n\n\n<section class=\"section section wp-block-unilux-blocks-headline-text-and-image \">\n    \n<div class=\"wp-block-unilux-blocks-wrapper container xl:max-w-screen-xl\">\n<h2 class=\"has-text-align-left wp-block-unilux-blocks-heading\"        id=\"quy-a-t-il-au-menu-aujourdhui\"\n    >\nQu\u2019y a-t-il au menu aujourd\u2019hui\u202f?<\/h2>\n\n\n\n<div class=\"wp-block-unilux-blocks-wrapper flex flex-wrap lg:-mx-32\">\n<div class=\"wp-block-unilux-blocks-wrapper w-full lg:w-7\/12 lg:order-2 lg:px-32\">\n<div class=\"wp-block-unilux-blocks-image-video-wrapper\">\n    <figure class=\"wp-block-dev4-reusable-blocks-image  object-fit--cover\">\n    \n<img decoding=\"async\" class=\"wp-block-image unilux-custom-image-block\"\n                alt=\"Dessert at Food Lab\"\n            src=\"https:\/\/www.uni.lu\/wp-content\/uploads\/sites\/29\/2023\/08\/Copyright-Restopolis-7.jpg\"\n                    style=\"object-position: 50.00% 50.00%; font-family: &quot;object-fit: cover; object-position: 50.00% 50.00%;&quot;; aspect-ratio: 3\/2; object-fit: cover; width: 100%;\"\n        loading=\"lazy\"\n\/>    <\/figure><\/div><\/div>\n\n\n\n<div class=\"wp-block-unilux-blocks-wrapper w-full lg:w-5\/12 lg:order-1 lg:px-32\">\n<p>Tous nos \u00e9tablissements proposent chaque jour des repas fra\u00eechement pr\u00e9par\u00e9s comprenant des entr\u00e9es, des plats et des desserts, ainsi que des collations, des sandwichs et des boissons. Consultez les menus complets de tous les restaurants universitaires sur le site de Restopolis. Vous pouvez \u00e9galement t\u00e9l\u00e9charger l\u2019application pour <a href=\"https:\/\/play.google.com\/store\/apps\/details?id=lu.men.restopolis&amp;hl=fr\" target=\"_blank\" rel=\"noreferrer noopener\">Android<\/a> ou <a href=\"https:\/\/itunes.apple.com\/lu\/app\/restopolis\/id499814343?mt=8\" target=\"_blank\" rel=\"noreferrer noopener\">iPhone<\/a>.<\/p>\n\n\n\n<ul class=\"wp-block-unilux-blocks-custom-buttons btn-list\"><li class=\"wp-block-unilux-blocks-custom-button\"    aria-disabled=\"false\"\n    >\n    <a\n        role=\"link\"\n        aria-disabled=\"false\"\n                    href=\"https:\/\/portal.education.lu\/restopolis20\/Menu-R%C3%A9servation\"\n                target=\"_blank\"\n        class=\"btn btn--primary\"\n            >Menu Restopolis<\/a>\n<\/li>\n<\/ul>\n<\/div>\n<\/div>\n<\/div>\n<\/section>\n\n\n<section class=\"wp-block-unilux-blocks-free-section section\"><div class=\"container xl:max-w-screen-xl\">\n<h2 class=\"has-text-align-left wp-block-unilux-blocks-heading\"        id=\"ou-puis-je-obtenir-ma-carte-de-restaurant-universitaire\"\n    >\nO\u00f9 puis-je obtenir ma carte de restaurant universitaire\u202f?<\/h2>\n\n\n\n<div class=\"wp-block-columns is-layout-flex wp-block-columns-is-layout-flex\">\n<div class=\"wp-block-column is-layout-flow wp-block-column-is-layout-flow\" style=\"flex-basis:66.66%\">\n<p>Vous pouvez payer dans les restaurants universitaires avec votre carte d\u2019\u00e9tudiant, qui est automatiquement activ\u00e9e une fois votre inscription universitaire finalis\u00e9e. Un <a href=\"https:\/\/restopolis.lu\/#tarifs\">tarif \u00e9tudiant<\/a> avantageux vous sera appliqu\u00e9 dans les diff\u00e9rents restaurants du campus.<\/p>\n\n\n\n<p>Vous pouvez recharger votre solde\u202f:<\/p>\n\n\n\n<ul class=\"ulux-list\">\n<li class=\"ulux-list-item\">en ligne sur <a href=\"http:\/\/www.restopolis.lu\/\" target=\"_blank\" rel=\"noreferrer noopener\">www.restopolis.lu<\/a> avec un minimum de 25\u202f\u20ac\u202f:<\/li>\n\n\n\n<li class=\"ulux-list-item\">les \u00e9tudiants universitaires doivent cliquer sur \u00ab\u202f<a href=\"https:\/\/portal.education.lu\/restopolis20\">Paiement mobile Payconiq\u202f<\/a>\u00bb et saisir \u00ab\u202f<strong>uni\\studentID<\/strong>\u202f\u00bb dans le champ Login.<\/li>\n\n\n\n<li class=\"ulux-list-item\">\u00e0 la caisse lors du paiement de votre repas\u202f;<\/li>\n<\/ul>\n\n\n\n<p>En cas de perte ou de vol de votre carte, une nouvelle carte vous sera factur\u00e9e 11\u202f\u20ac.<\/p>\n<\/div>\n\n\n\n<div class=\"wp-block-column is-layout-flow wp-block-column-is-layout-flow\" style=\"flex-basis:33.33%\"><figure class=\"wp-block-dev4-reusable-blocks-image  object-fit--cover\">\n    \n<img decoding=\"async\" class=\"wp-block-image unilux-custom-image-block\"\n                alt=\"Student card\"\n            src=\"https:\/\/www.uni.lu\/wp-content\/uploads\/sites\/29\/2023\/08\/mycard_carte_300x195_medium.jpg\"\n                    style=\"object-position: 50.00% 50.00%; font-family: &quot;object-fit: cover; object-position: 50.00% 50.00%;&quot;; aspect-ratio: 16\/9; object-fit: cover; width: 100%;\"\n        loading=\"lazy\"\n\/>    <\/figure><\/div>\n<\/div>\n<\/div><\/section>\n","protected":false},"excerpt":{"rendered":"","protected":false},"author":33,"featured_media":0,"parent":647,"menu_order":0,"comment_status":"closed","ping_status":"closed","template":"","meta":{"featured_image_focal_point":[],"show_featured_caption":false,"ulux_newsletter_groups":"","uluxPostTitle":"","uluxPrePostTitle":"","_trash_the_other_posts":false,"_price":"","_stock":"","_tribe_ticket_header":"","_tribe_default_ticket_provider":"","_tribe_ticket_capacity":"0","_ticket_start_date":"","_ticket_end_date":"","_tribe_ticket_show_description":"","_tribe_ticket_show_not_going":false,"_tribe_ticket_use_global_stock":"","_tribe_ticket_global_stock_level":"","_global_stock_mode":"","_global_stock_cap":"","_tribe_rsvp_for_event":"","_tribe_ticket_going_count":"","_tribe_ticket_not_going_count":"","_tribe_tickets_list":"[]","_tribe_ticket_has_attendee_info_fields":false,"footnotes":""},"field-of-interest":[],"organisation":[],"authorship":[33],"acf":[],"yoast_head":"<!-- This site is optimized with the Yoast SEO Premium plugin v22.3 (Yoast SEO v22.3) - https:\/\/yoast.com\/wordpress\/plugins\/seo\/ -->\n<title>Restaurants - Universit\u00e9 du Luxembourg I Uni.lu<\/title>\n<meta name=\"description\" content=\"Nos campus disposent d\u2019une vari\u00e9t\u00e9 de restaurants et de caf\u00e9s proposant une large gamme de repas et de collations.\" \/>\n<meta name=\"robots\" content=\"index, follow, max-snippet:-1, max-image-preview:large, max-video-preview:-1\" \/>\n<link rel=\"canonical\" href=\"https:\/\/www.uni.lu\/life-fr\/installations\/restaurants\/\" \/>\n<meta property=\"og:locale\" content=\"fr_FR\" \/>\n<meta property=\"og:type\" content=\"article\" \/>\n<meta property=\"og:title\" content=\"Restaurants\" \/>\n<meta property=\"og:description\" content=\"Nos campus disposent d\u2019une vari\u00e9t\u00e9 de restaurants et de caf\u00e9s proposant une large gamme de repas et de collations.\" \/>\n<meta property=\"og:url\" content=\"https:\/\/www.uni.lu\/life-fr\/installations\/restaurants\/\" \/>\n<meta property=\"og:site_name\" content=\"LIFE FR\" \/>\n<meta property=\"article:modified_time\" content=\"2026-03-10T11:47:26+00:00\" \/>\n<meta property=\"og:image\" content=\"https:\/\/www.uni.lu\/wp-content\/uploads\/sites\/31\/2026\/03\/03115200\/UNIV_SM-Profile_1600x1600px-scaled.jpg\" \/>\n\t<meta property=\"og:image:width\" content=\"2560\" \/>\n\t<meta property=\"og:image:height\" content=\"2560\" \/>\n\t<meta property=\"og:image:type\" content=\"image\/jpeg\" \/>\n<meta name=\"twitter:card\" content=\"summary_large_image\" \/>\n<meta name=\"twitter:label1\" content=\"Dur\u00e9e de lecture estim\u00e9e\" \/>\n\t<meta name=\"twitter:data1\" content=\"2 minutes\" \/>\n<script type=\"application\/ld+json\" class=\"yoast-schema-graph\">{\"@context\":\"https:\/\/schema.org\",\"@graph\":[{\"@type\":\"WebPage\",\"@id\":\"https:\/\/www.uni.lu\/life-fr\/installations\/restaurants\/\",\"url\":\"https:\/\/www.uni.lu\/life-fr\/installations\/restaurants\/\",\"name\":\"Restaurants - Universit\u00e9 du Luxembourg I Uni.lu\",\"isPartOf\":{\"@id\":\"https:\/\/www.uni.lu\/life-fr\/#website\"},\"datePublished\":\"2024-05-03T14:51:44+00:00\",\"dateModified\":\"2026-03-10T11:47:26+00:00\",\"description\":\"Nos campus disposent d\u2019une vari\u00e9t\u00e9 de restaurants et de caf\u00e9s proposant une large gamme de repas et de collations.\",\"breadcrumb\":{\"@id\":\"https:\/\/www.uni.lu\/life-fr\/installations\/restaurants\/#breadcrumb\"},\"inLanguage\":\"fr-FR\",\"potentialAction\":[{\"@type\":\"ReadAction\",\"target\":[\"https:\/\/www.uni.lu\/life-fr\/installations\/restaurants\/\"]}]},{\"@type\":\"BreadcrumbList\",\"@id\":\"https:\/\/www.uni.lu\/life-fr\/installations\/restaurants\/#breadcrumb\",\"itemListElement\":[{\"@type\":\"ListItem\",\"position\":1,\"name\":\"Home\",\"item\":\"https:\/\/www.uni.lu\/fr\"},{\"@type\":\"ListItem\",\"position\":2,\"name\":\"Vie sur le campus\",\"item\":\"https:\/\/www.uni.lu\/life-fr\/\"},{\"@type\":\"ListItem\",\"position\":3,\"name\":\"Campus et installations\",\"item\":\"https:\/\/www.uni.lu\/life-fr\/installations\/\"},{\"@type\":\"ListItem\",\"position\":4,\"name\":\"Restaurants\"}]},{\"@type\":\"WebSite\",\"@id\":\"https:\/\/www.uni.lu\/life-fr\/#website\",\"url\":\"https:\/\/www.uni.lu\/life-fr\/\",\"name\":\"Uni.lu\",\"description\":\"Vie sur le campus universitaire\",\"publisher\":{\"@id\":\"https:\/\/www.uni.lu\/life-fr\/#organization\"},\"alternateName\":\"Universit\u00e9 du Luxembourg\",\"potentialAction\":[{\"@type\":\"SearchAction\",\"target\":{\"@type\":\"EntryPoint\",\"urlTemplate\":\"https:\/\/www.uni.lu\/life-fr\/?s={search_term_string}\"},\"query-input\":\"required name=search_term_string\"}],\"inLanguage\":\"fr-FR\"},{\"@type\":\"Organization\",\"@id\":\"https:\/\/www.uni.lu\/life-fr\/#organization\",\"name\":\"Universit\u00e9 du Luxembourg\",\"url\":\"https:\/\/www.uni.lu\/life-fr\/\",\"logo\":{\"@type\":\"ImageObject\",\"inLanguage\":\"fr-FR\",\"@id\":\"https:\/\/www.uni.lu\/life-fr\/#\/schema\/logo\/image\/\",\"url\":\"https:\/\/www.uni.lu\/wp-content\/uploads\/sites\/31\/2026\/03\/03115200\/UNIV_SM-Profile_1600x1600px-scaled.jpg\",\"contentUrl\":\"https:\/\/www.uni.lu\/wp-content\/uploads\/sites\/31\/2026\/03\/03115200\/UNIV_SM-Profile_1600x1600px-scaled.jpg\",\"width\":2560,\"height\":2560,\"caption\":\"Universit\u00e9 du Luxembourg\"},\"image\":{\"@id\":\"https:\/\/www.uni.lu\/life-fr\/#\/schema\/logo\/image\/\"}}]}<\/script>\n<!-- \/ Yoast SEO Premium plugin. -->","yoast_head_json":{"title":"Restaurants - Universit\u00e9 du Luxembourg I Uni.lu","description":"Nos campus disposent d\u2019une vari\u00e9t\u00e9 de restaurants et de caf\u00e9s proposant une large gamme de repas et de collations.","robots":{"index":"index","follow":"follow","max-snippet":"max-snippet:-1","max-image-preview":"max-image-preview:large","max-video-preview":"max-video-preview:-1"},"canonical":"https:\/\/www.uni.lu\/life-fr\/installations\/restaurants\/","og_locale":"fr_FR","og_type":"article","og_title":"Restaurants","og_description":"Nos campus disposent d\u2019une vari\u00e9t\u00e9 de restaurants et de caf\u00e9s proposant une large gamme de repas et de collations.","og_url":"https:\/\/www.uni.lu\/life-fr\/installations\/restaurants\/","og_site_name":"LIFE FR","article_modified_time":"2026-03-10T11:47:26+00:00","og_image":[{"width":2560,"height":2560,"url":"https:\/\/www.uni.lu\/wp-content\/uploads\/sites\/31\/2026\/03\/03115200\/UNIV_SM-Profile_1600x1600px-scaled.jpg","type":"image\/jpeg"}],"twitter_card":"summary_large_image","twitter_misc":{"Dur\u00e9e de lecture estim\u00e9e":"2 minutes"},"schema":{"@context":"https:\/\/schema.org","@graph":[{"@type":"WebPage","@id":"https:\/\/www.uni.lu\/life-fr\/installations\/restaurants\/","url":"https:\/\/www.uni.lu\/life-fr\/installations\/restaurants\/","name":"Restaurants - Universit\u00e9 du Luxembourg I Uni.lu","isPartOf":{"@id":"https:\/\/www.uni.lu\/life-fr\/#website"},"datePublished":"2024-05-03T14:51:44+00:00","dateModified":"2026-03-10T11:47:26+00:00","description":"Nos campus disposent d\u2019une vari\u00e9t\u00e9 de restaurants et de caf\u00e9s proposant une large gamme de repas et de collations.","breadcrumb":{"@id":"https:\/\/www.uni.lu\/life-fr\/installations\/restaurants\/#breadcrumb"},"inLanguage":"fr-FR","potentialAction":[{"@type":"ReadAction","target":["https:\/\/www.uni.lu\/life-fr\/installations\/restaurants\/"]}]},{"@type":"BreadcrumbList","@id":"https:\/\/www.uni.lu\/life-fr\/installations\/restaurants\/#breadcrumb","itemListElement":[{"@type":"ListItem","position":1,"name":"Home","item":"https:\/\/www.uni.lu\/fr"},{"@type":"ListItem","position":2,"name":"Vie sur le campus","item":"https:\/\/www.uni.lu\/life-fr\/"},{"@type":"ListItem","position":3,"name":"Campus et installations","item":"https:\/\/www.uni.lu\/life-fr\/installations\/"},{"@type":"ListItem","position":4,"name":"Restaurants"}]},{"@type":"WebSite","@id":"https:\/\/www.uni.lu\/life-fr\/#website","url":"https:\/\/www.uni.lu\/life-fr\/","name":"Uni.lu","description":"Vie sur le campus universitaire","publisher":{"@id":"https:\/\/www.uni.lu\/life-fr\/#organization"},"alternateName":"Universit\u00e9 du Luxembourg","potentialAction":[{"@type":"SearchAction","target":{"@type":"EntryPoint","urlTemplate":"https:\/\/www.uni.lu\/life-fr\/?s={search_term_string}"},"query-input":"required name=search_term_string"}],"inLanguage":"fr-FR"},{"@type":"Organization","@id":"https:\/\/www.uni.lu\/life-fr\/#organization","name":"Universit\u00e9 du Luxembourg","url":"https:\/\/www.uni.lu\/life-fr\/","logo":{"@type":"ImageObject","inLanguage":"fr-FR","@id":"https:\/\/www.uni.lu\/life-fr\/#\/schema\/logo\/image\/","url":"https:\/\/www.uni.lu\/wp-content\/uploads\/sites\/31\/2026\/03\/03115200\/UNIV_SM-Profile_1600x1600px-scaled.jpg","contentUrl":"https:\/\/www.uni.lu\/wp-content\/uploads\/sites\/31\/2026\/03\/03115200\/UNIV_SM-Profile_1600x1600px-scaled.jpg","width":2560,"height":2560,"caption":"Universit\u00e9 du Luxembourg"},"image":{"@id":"https:\/\/www.uni.lu\/life-fr\/#\/schema\/logo\/image\/"}}]}},"ticketed":false,"_links":{"self":[{"href":"https:\/\/www.uni.lu\/life-fr\/wp-json\/wp\/v2\/pages\/649"}],"collection":[{"href":"https:\/\/www.uni.lu\/life-fr\/wp-json\/wp\/v2\/pages"}],"about":[{"href":"https:\/\/www.uni.lu\/life-fr\/wp-json\/wp\/v2\/types\/page"}],"author":[{"embeddable":true,"href":"https:\/\/www.uni.lu\/life-fr\/wp-json\/wp\/v2\/users\/33"}],"replies":[{"embeddable":true,"href":"https:\/\/www.uni.lu\/life-fr\/wp-json\/wp\/v2\/comments?post=649"}],"version-history":[{"count":5,"href":"https:\/\/www.uni.lu\/life-fr\/wp-json\/wp\/v2\/pages\/649\/revisions"}],"predecessor-version":[{"id":2484,"href":"https:\/\/www.uni.lu\/life-fr\/wp-json\/wp\/v2\/pages\/649\/revisions\/2484"}],"up":[{"embeddable":true,"href":"https:\/\/www.uni.lu\/life-fr\/wp-json\/wp\/v2\/pages\/647"}],"wp:authorship":[{"embeddable":true,"href":"https:\/\/www.uni.lu\/life-fr\/wp-json\/wp\/v2\/users\/33"}],"wp:attachment":[{"href":"https:\/\/www.uni.lu\/life-fr\/wp-json\/wp\/v2\/media?parent=649"}],"wp:term":[{"taxonomy":"field-of-interest","embeddable":true,"href":"https:\/\/www.uni.lu\/life-fr\/wp-json\/wp\/v2\/field-of-interest?post=649"},{"taxonomy":"organisation","embeddable":true,"href":"https:\/\/www.uni.lu\/life-fr\/wp-json\/wp\/v2\/organisation?post=649"}],"curies":[{"name":"wp","href":"https:\/\/api.w.org\/{rel}","templated":true}]}}