{"id":1353,"date":"2024-11-11T12:05:51","date_gmt":"2024-11-11T11:05:51","guid":{"rendered":"https:\/\/www.uni.lu\/life-fr\/?page_id=1353"},"modified":"2025-11-04T15:00:09","modified_gmt":"2025-11-04T14:00:09","slug":"egalite-diversite-et-inclusion","status":"publish","type":"page","link":"https:\/\/www.uni.lu\/life-fr\/egalite-diversite-et-inclusion\/","title":{"rendered":"\u00c9galit\u00e9, diversit\u00e9 et inclusion"},"content":{"rendered":"\n<section class=\"section no-padding-y wp-block-unilux-blocks-hero\">\n    <div class=\"hero hero--2  \">\n        \n<header class=\"wp-block-unilux-blocks-wrapper hero__header\">\n<div class=\"wp-block-unilux-blocks-wrapper hero__container\">\n<span class=\"hero__title__subject wp-block-unilux-blocks-plain-text\"><\/span>\n\n\n<h1 class=\"has-text-align-left wp-block-unilux-blocks-heading\"        id=\"egalite-diversite-et-inclusion\"\n    >\n\u00c9galit\u00e9, diversit\u00e9 et inclusion<\/h1>\n<\/div>\n<\/header>\n<figure class=\"wp-block-dev4-reusable-blocks-image hero__visual object-fit--cover\">\n    \n<img decoding=\"async\" class=\"wp-block-image unilux-custom-image-block\"\n                alt=\"Colourful drawings of heads in profile\"\n            src=\"https:\/\/www.uni.lu\/wp-content\/uploads\/sites\/29\/2024\/09\/equality-diversity-inclusion-c_AdobeStock_494425459_credit_stafeeva.png\"\n                    style=\"object-position: 50.00% 50.00%; font-family: &quot;object-fit: cover; object-position: 50.00% 50.00%;&quot;; aspect-ratio: 16\/9; object-fit: cover; width: 100%;\"\n        loading=\"lazy\"\n\/>    <\/figure>\n<div class=\"wp-block-unilux-blocks-wrapper hero__body\">\n<div class=\"wp-block-unilux-blocks-wrapper hero__container\">\n<p class=\"wp-block-unilux-blocks-plain-text\">L&rsquo;une des valeurs fondamentales de l&rsquo;Universit\u00e9 du Luxembourg est de promouvoir l&rsquo;\u00e9quit\u00e9, l&rsquo;inclusion et la justice. Cet engagement est soutenu par de nombreuses \u00e9quipes et initiatives d\u00e9di\u00e9es \u00e0 l&rsquo;\u00e9galit\u00e9, \u00e0 la diversit\u00e9 et \u00e0 l&rsquo;inclusion.<\/p>\n\n\n<ul class=\"wp-block-unilux-blocks-custom-buttons btn-list\">\n\n<\/ul>\n<\/div>\n<\/div>\n    <\/div>\n<\/section>\n\n\n<section class=\"wp-block-unilux-blocks-free-section section\"><div class=\"container xl:max-w-screen-xl\"><ul class=\"flex flex-wrap mt-24 -mx-16  wp-block-unilux-blocks-free-content-card\">\n    <li class=\"w-full sm:w-1\/2 lg:w-1\/3 px-16  wp-block-unilux-blocks-free-content-card-item\">\n    <div class=\"ulux-card card-facilities bg-theme\">\n        <div class=\"ulux-card__container card__container\">\n                        <div class=\"ulux-card__visual wp-block-unilux-blocks-free-content-card-item-visual\">\n    \n<div class=\"wp-block-unilux-blocks-image-video-wrapper\">\n    <\/div><\/div><div class=\"ulux-card__body wp-block-unilux-blocks-free-content-card-item-body\">\n    \n<h3 class=\"ulux-card__title has-text-align-left wp-block-unilux-blocks-heading\"        id=\"bureau-de-legalite-du-genre\"\n    >\nBureau de l\u2019\u00e9galit\u00e9 du genre<\/h3>\n<div class=\"ulux-card__description wp-block-unilux-blocks-free-content-card-item-free-content-area\">\n    \n<p>est dirig\u00e9 par la d\u00e9l\u00e9gu\u00e9e \u00e0 l&rsquo;\u00e9galit\u00e9 du genre de l&rsquo;universit\u00e9, qui pr\u00e9side \u00e9galement la Commission d\u2019\u00e9galit\u00e9 du genre (Gender Equality Committee ) . Le bureau est charg\u00e9 de mettre en \u0153uvre les mesures \u00e9nonc\u00e9es dans la politique d&rsquo;\u00e9galit\u00e9 du genre (Gender Equality Policy) et de coordonner divers projets visant \u00e0 promouvoir l&rsquo;\u00e9galit\u00e9 des chances et l&rsquo;\u00e9quit\u00e9 dans les trois missions principales de l&rsquo;universit\u00e9: la recherche, l\u2019enseignement sup\u00e9rieur et la contribution au d\u00e9veloppement social, culturel et \u00e9conomique du Luxembourg.<\/p>\n\n<p>Le bureau de l\u2019\u00e9galit\u00e9 des genres s\u2019engage \u00e9galement activement \u00e0 soutenir des initiatives li\u00e9es \u00e0 la diversit\u00e9 et \u00e0 l\u2019\u00e9quit\u00e9, notamment celles portant sur les droits et le bien-\u00eatre des personnes appartenant \u00e0 des groupes minoritaires et\/ou s\u2019identifiant comme LGBTQIA+.<\/p>\n<\/div><div class=\"wp-block-unilux-blocks-simple-cta\">\n    <a\n        href=\"https:\/\/www.uni.lu\/en\/about\/gender-equality\/\"\n        title=\"Learn more\"\n        class=\"link-text link-text--icon ulux-card__link link-text link-absolute\"\n        target=\"\"\n    >\n        <span class=\"link-text__body\">\n            <span class=\"link-text__name\">En savoir plus (EN)<\/span>\n        <\/span>\n        <svg aria-hidden=\"true\" focusable=\"false\" class=\"icon icon-outline icon--arrow-right \"><use xlink:href=\"https:\/\/www.uni.lu\/wp-content\/themes\/unilux-theme\/assets\/images\/icons\/icons-outline.svg#icon--arrow-right\"><\/use><\/svg>    <\/a>\n<\/div>\n<\/div>        <\/div>\n    <\/div>\n<\/li><li class=\"w-full sm:w-1\/2 lg:w-1\/3 px-16  wp-block-unilux-blocks-free-content-card-item\">\n    <div class=\"ulux-card card-facilities bg-theme\">\n        <div class=\"ulux-card__container card__container\">\n                        <div class=\"ulux-card__visual wp-block-unilux-blocks-free-content-card-item-visual\">\n    \n<div class=\"wp-block-unilux-blocks-image-video-wrapper\">\n    <\/div><\/div><div class=\"ulux-card__body wp-block-unilux-blocks-free-content-card-item-body\">\n    \n<h3 class=\"ulux-card__title has-text-align-left wp-block-unilux-blocks-heading\"        id=\"bureau-de-linclusion\"\n    >\nBureau de l&rsquo;inclusion<\/h3>\n<div class=\"ulux-card__description wp-block-unilux-blocks-free-content-card-item-free-content-area\">\n    \n<p>a pour mission de favoriser un environnement diversifi\u00e9, \u00e9quitable et inclusif pour tous les \u00e9l\u00e8ves. Nous fournissons un soutien sur mesure pour que chaque individu, quelle que soit sa situation personnelle, ait acc\u00e8s aux ressources dont il a besoin pour r\u00e9ussir. Nos services comprennent des conseils sur l&rsquo;installation \u00e0 l&rsquo;universit\u00e9, le soutien aux \u00e9tudiants, l&rsquo;offre de conseils sur les questions d&rsquo;inclusion et le soutien \u00e0 une culture de campus accueillante. Nous travaillons en \u00e9troite collaboration avec les \u00e9tudiants, le personnel et le corps enseignant pour \u00e9liminer les obstacles, lutter contre la discrimination et promouvoir une communaut\u00e9 inclusive o\u00f9 chacun se sent valoris\u00e9 et habilit\u00e9 \u00e0 atteindre son plein potentiel.<\/p>\n<\/div><div class=\"wp-block-unilux-blocks-simple-cta\">\n    <a\n        href=\"https:\/\/www.uni.lu\/life-fr\/inclusion-bien-etre\/\"\n        title=\"Learn more\"\n        class=\"link-text link-text--icon ulux-card__link link-text link-absolute\"\n        target=\"\"\n    >\n        <span class=\"link-text__body\">\n            <span class=\"link-text__name\">En savoir plus<\/span>\n        <\/span>\n        <svg aria-hidden=\"true\" focusable=\"false\" class=\"icon icon-outline icon--arrow-right \"><use xlink:href=\"https:\/\/www.uni.lu\/wp-content\/themes\/unilux-theme\/assets\/images\/icons\/icons-outline.svg#icon--arrow-right\"><\/use><\/svg>    <\/a>\n<\/div>\n<\/div>        <\/div>\n    <\/div>\n<\/li><li class=\"w-full sm:w-1\/2 lg:w-1\/3 px-16  wp-block-unilux-blocks-free-content-card-item\">\n    <div class=\"ulux-card card-facilities bg-theme\">\n        <div class=\"ulux-card__container card__container\">\n                        <div class=\"ulux-card__visual wp-block-unilux-blocks-free-content-card-item-visual\">\n    \n<div class=\"wp-block-unilux-blocks-image-video-wrapper\">\n    <\/div><\/div><div class=\"ulux-card__body wp-block-unilux-blocks-free-content-card-item-body\">\n    \n<h3 class=\"ulux-card__title has-text-align-left wp-block-unilux-blocks-heading\"        id=\"commision-des-amenagements-raisonnables\"\n    >\n<strong>Commision des am\u00e9nagements raisonnables<\/strong><\/h3>\n<div class=\"ulux-card__description wp-block-unilux-blocks-free-content-card-item-free-content-area\">\n    \n<p>est consacr\u00e9 \u00e0 offrir \u00e0 tous les \u00e9tudiants un acc\u00e8s \u00e9quitable aux services \u00e9ducatifs et sociaux de notre universit\u00e9. Les demandes des am\u00e9nagements raisonnables sont examin\u00e9es et approuves par le Comit\u00e9, garantissant que les \u00e9tudiants en situation de handicap, les \u00e9tudiants souffrant des probl\u00e8mes physiques ou mentaux, ou ceux ayant des besoins \u00e9ducatifs particuliers, re\u00e7oivent les am\u00e9nagements n\u00e9cessaires pour s\u2019engager pleinement dans les activit\u00e9s universitaires. Le Comit\u00e9 cherche \u00e0 promouvoir un campus accessible et \u00e0 favoriser un environnement inclusif pour tous.&nbsp;<\/p>\n<\/div><div class=\"wp-block-unilux-blocks-simple-cta\">\n    <a\n        href=\"https:\/\/www.uni.lu\/fr\/a-propos\/gouvernance\/commission-des-amenagements-raisonnables\/\"\n        title=\"Learn more\"\n        class=\"link-text link-text--icon ulux-card__link link-text link-absolute\"\n        target=\"\"\n    >\n        <span class=\"link-text__body\">\n            <span class=\"link-text__name\">En savoir plus<\/span>\n        <\/span>\n        <svg aria-hidden=\"true\" focusable=\"false\" class=\"icon icon-outline icon--arrow-right \"><use xlink:href=\"https:\/\/www.uni.lu\/wp-content\/themes\/unilux-theme\/assets\/images\/icons\/icons-outline.svg#icon--arrow-right\"><\/use><\/svg>    <\/a>\n<\/div>\n<\/div>        <\/div>\n    <\/div>\n<\/li><\/ul>\n\n\n<ul class=\"wp-block-unilux-blocks-quick-link-highlight quick-link-list\">\n<li class=\"wp-block-unilux-blocks-quick-link-highlight-item\">\n    <a\n                    href=\"https:\/\/www.uni.lu\/life-fr\/inclusion-bien-etre\/dignite-et-respect\/\"\n                    class=\"quick-link\"\n            target=\"\"\n    >\n            <span class=\"quick-link__container\">\n                <span class=\"quick-link__body\">\n                    <span class=\"quick-link__number\">\n                                            <\/span>\n                    <span class=\"quick-link__title\">\n                        Promouvoir la dignit\u00e9 et le respect sur le campus et acc\u00e9der au soutien                    <\/span>\n                    <span class=\"quick-link__action\">\n                                            <\/span>\n                <\/span>\n                <svg aria-hidden=\"true\" focusable=\"false\" class=\"icon icon-outline icon--arrow-right \"><use xlink:href=\"https:\/\/www.uni.lu\/wp-content\/themes\/unilux-theme\/assets\/images\/icons\/icons-outline.svg#icon--arrow-right\"><\/use><\/svg>            <\/span>\n    <\/a>\n<\/li>\n<\/ul>\n<\/div><\/section>\n\n\n<section class=\"section section wp-block-unilux-blocks-quick-link-discover-section\">\n    <div class=\"container xl:max-w-screen-xl\">\n        \n<h2 class=\"has-text-align-left wp-block-unilux-blocks-heading\"        id=\"en-savoir-plus\"\n    >\nEn savoir plus<\/h2>\n\n<ul class=\"wp-block-unilux-blocks-quick-link-discover quick-link-list\">\n<li class=\"wp-block-unilux-blocks-quick-link-discover-item\">\n    <a\n                    href=\"https:\/\/www.uni.lu\/fr\/a-propos\/profil\/mission-strategie-valeurs\/\"\n                    class=\"quick-link\"\n            target=\"\"\n    >\n            <span class=\"quick-link__container\">\n                <span class=\"quick-link__text\">\n                    Notre vision, strat\u00e9gie et valeurs                <\/span>\n                <svg aria-hidden=\"true\" focusable=\"false\" class=\"icon icon-outline icon--arrow-right \"><use xlink:href=\"https:\/\/www.uni.lu\/wp-content\/themes\/unilux-theme\/assets\/images\/icons\/icons-outline.svg#icon--arrow-right\"><\/use><\/svg>            <\/span>\n    <\/a>\n<\/li>\n<\/ul>\n    <\/div>\n<\/section>","protected":false},"excerpt":{"rendered":"","protected":false},"author":42,"featured_media":0,"parent":0,"menu_order":0,"comment_status":"closed","ping_status":"closed","template":"","meta":{"featured_image_focal_point":[],"show_featured_caption":false,"ulux_newsletter_groups":"","uluxPostTitle":"","uluxPrePostTitle":"Vie sur campus","_trash_the_other_posts":false,"_price":"","_stock":"","_tribe_ticket_header":"","_tribe_default_ticket_provider":"","_tribe_ticket_capacity":"0","_ticket_start_date":"","_ticket_end_date":"","_tribe_ticket_show_description":"","_tribe_ticket_show_not_going":false,"_tribe_ticket_use_global_stock":"","_tribe_ticket_global_stock_level":"","_global_stock_mode":"","_global_stock_cap":"","_tribe_rsvp_for_event":"","_tribe_ticket_going_count":"","_tribe_ticket_not_going_count":"","_tribe_tickets_list":"[]","_tribe_ticket_has_attendee_info_fields":false,"footnotes":""},"field-of-interest":[],"organisation":[],"authorship":[42],"acf":[],"yoast_head":"<!-- This site is optimized with the Yoast SEO Premium plugin v22.3 (Yoast SEO v22.3) - https:\/\/yoast.com\/wordpress\/plugins\/seo\/ -->\n<title>\u00c9galit\u00e9, diversit\u00e9 et inclusion - Universit\u00e9 du Luxembourg I Uni.lu<\/title>\n<meta name=\"description\" content=\"L&#039;une des valeurs fondamentales de l&#039;Universit\u00e9 du Luxembourg est de promouvoir l&#039;\u00e9quit\u00e9, l&#039;inclusion et la justice. Cet engagement est soutenu par de nombreuses \u00e9quipes et initiatives d\u00e9di\u00e9es \u00e0 l&#039;\u00e9galit\u00e9, \u00e0 la diversit\u00e9 et \u00e0 l&#039;inclusion.\" \/>\n<meta name=\"robots\" content=\"index, follow, max-snippet:-1, max-image-preview:large, max-video-preview:-1\" \/>\n<link rel=\"canonical\" href=\"https:\/\/www.uni.lu\/life-fr\/egalite-diversite-et-inclusion\/\" \/>\n<meta property=\"og:locale\" content=\"fr_FR\" \/>\n<meta property=\"og:type\" content=\"article\" \/>\n<meta property=\"og:title\" content=\"\u00c9galit\u00e9, diversit\u00e9 et inclusion\" \/>\n<meta property=\"og:description\" content=\"L&#039;une des valeurs fondamentales de l&#039;Universit\u00e9 du Luxembourg est de promouvoir l&#039;\u00e9quit\u00e9, l&#039;inclusion et la justice. Cet engagement est soutenu par de nombreuses \u00e9quipes et initiatives d\u00e9di\u00e9es \u00e0 l&#039;\u00e9galit\u00e9, \u00e0 la diversit\u00e9 et \u00e0 l&#039;inclusion.\" \/>\n<meta property=\"og:url\" content=\"https:\/\/www.uni.lu\/life-fr\/egalite-diversite-et-inclusion\/\" \/>\n<meta property=\"og:site_name\" content=\"LIFE FR\" \/>\n<meta property=\"article:modified_time\" content=\"2025-11-04T14:00:09+00:00\" \/>\n<meta property=\"og:image\" content=\"https:\/\/www.uni.lu\/wp-content\/uploads\/sites\/31\/2026\/03\/03115200\/UNIV_SM-Profile_1600x1600px-scaled.jpg\" \/>\n\t<meta property=\"og:image:width\" content=\"2560\" \/>\n\t<meta property=\"og:image:height\" content=\"2560\" \/>\n\t<meta property=\"og:image:type\" content=\"image\/jpeg\" \/>\n<meta name=\"twitter:card\" content=\"summary_large_image\" \/>\n<meta name=\"twitter:label1\" content=\"Dur\u00e9e de lecture estim\u00e9e\" \/>\n\t<meta name=\"twitter:data1\" content=\"2 minutes\" \/>\n<script type=\"application\/ld+json\" class=\"yoast-schema-graph\">{\"@context\":\"https:\/\/schema.org\",\"@graph\":[{\"@type\":\"WebPage\",\"@id\":\"https:\/\/www.uni.lu\/life-fr\/egalite-diversite-et-inclusion\/\",\"url\":\"https:\/\/www.uni.lu\/life-fr\/egalite-diversite-et-inclusion\/\",\"name\":\"\u00c9galit\u00e9, diversit\u00e9 et inclusion - Universit\u00e9 du Luxembourg I Uni.lu\",\"isPartOf\":{\"@id\":\"https:\/\/www.uni.lu\/life-fr\/#website\"},\"datePublished\":\"2024-11-11T11:05:51+00:00\",\"dateModified\":\"2025-11-04T14:00:09+00:00\",\"description\":\"L'une des valeurs fondamentales de l'Universit\u00e9 du Luxembourg est de promouvoir l'\u00e9quit\u00e9, l'inclusion et la justice. Cet engagement est soutenu par de nombreuses \u00e9quipes et initiatives d\u00e9di\u00e9es \u00e0 l'\u00e9galit\u00e9, \u00e0 la diversit\u00e9 et \u00e0 l'inclusion.\",\"breadcrumb\":{\"@id\":\"https:\/\/www.uni.lu\/life-fr\/egalite-diversite-et-inclusion\/#breadcrumb\"},\"inLanguage\":\"fr-FR\",\"potentialAction\":[{\"@type\":\"ReadAction\",\"target\":[\"https:\/\/www.uni.lu\/life-fr\/egalite-diversite-et-inclusion\/\"]}]},{\"@type\":\"BreadcrumbList\",\"@id\":\"https:\/\/www.uni.lu\/life-fr\/egalite-diversite-et-inclusion\/#breadcrumb\",\"itemListElement\":[{\"@type\":\"ListItem\",\"position\":1,\"name\":\"Home\",\"item\":\"https:\/\/www.uni.lu\/fr\"},{\"@type\":\"ListItem\",\"position\":2,\"name\":\"Vie sur le campus\",\"item\":\"https:\/\/www.uni.lu\/life-fr\/\"},{\"@type\":\"ListItem\",\"position\":3,\"name\":\"\u00c9galit\u00e9, diversit\u00e9 et inclusion\"}]},{\"@type\":\"WebSite\",\"@id\":\"https:\/\/www.uni.lu\/life-fr\/#website\",\"url\":\"https:\/\/www.uni.lu\/life-fr\/\",\"name\":\"Uni.lu\",\"description\":\"Vie sur le campus universitaire\",\"publisher\":{\"@id\":\"https:\/\/www.uni.lu\/life-fr\/#organization\"},\"alternateName\":\"Universit\u00e9 du Luxembourg\",\"potentialAction\":[{\"@type\":\"SearchAction\",\"target\":{\"@type\":\"EntryPoint\",\"urlTemplate\":\"https:\/\/www.uni.lu\/life-fr\/?s={search_term_string}\"},\"query-input\":\"required name=search_term_string\"}],\"inLanguage\":\"fr-FR\"},{\"@type\":\"Organization\",\"@id\":\"https:\/\/www.uni.lu\/life-fr\/#organization\",\"name\":\"Universit\u00e9 du Luxembourg\",\"url\":\"https:\/\/www.uni.lu\/life-fr\/\",\"logo\":{\"@type\":\"ImageObject\",\"inLanguage\":\"fr-FR\",\"@id\":\"https:\/\/www.uni.lu\/life-fr\/#\/schema\/logo\/image\/\",\"url\":\"https:\/\/www.uni.lu\/wp-content\/uploads\/sites\/31\/2026\/03\/03115200\/UNIV_SM-Profile_1600x1600px-scaled.jpg\",\"contentUrl\":\"https:\/\/www.uni.lu\/wp-content\/uploads\/sites\/31\/2026\/03\/03115200\/UNIV_SM-Profile_1600x1600px-scaled.jpg\",\"width\":2560,\"height\":2560,\"caption\":\"Universit\u00e9 du Luxembourg\"},\"image\":{\"@id\":\"https:\/\/www.uni.lu\/life-fr\/#\/schema\/logo\/image\/\"}}]}<\/script>\n<!-- \/ Yoast SEO Premium plugin. -->","yoast_head_json":{"title":"\u00c9galit\u00e9, diversit\u00e9 et inclusion - Universit\u00e9 du Luxembourg I Uni.lu","description":"L'une des valeurs fondamentales de l'Universit\u00e9 du Luxembourg est de promouvoir l'\u00e9quit\u00e9, l'inclusion et la justice. Cet engagement est soutenu par de nombreuses \u00e9quipes et initiatives d\u00e9di\u00e9es \u00e0 l'\u00e9galit\u00e9, \u00e0 la diversit\u00e9 et \u00e0 l'inclusion.","robots":{"index":"index","follow":"follow","max-snippet":"max-snippet:-1","max-image-preview":"max-image-preview:large","max-video-preview":"max-video-preview:-1"},"canonical":"https:\/\/www.uni.lu\/life-fr\/egalite-diversite-et-inclusion\/","og_locale":"fr_FR","og_type":"article","og_title":"\u00c9galit\u00e9, diversit\u00e9 et inclusion","og_description":"L'une des valeurs fondamentales de l'Universit\u00e9 du Luxembourg est de promouvoir l'\u00e9quit\u00e9, l'inclusion et la justice. Cet engagement est soutenu par de nombreuses \u00e9quipes et initiatives d\u00e9di\u00e9es \u00e0 l'\u00e9galit\u00e9, \u00e0 la diversit\u00e9 et \u00e0 l'inclusion.","og_url":"https:\/\/www.uni.lu\/life-fr\/egalite-diversite-et-inclusion\/","og_site_name":"LIFE FR","article_modified_time":"2025-11-04T14:00:09+00:00","og_image":[{"width":2560,"height":2560,"url":"https:\/\/www.uni.lu\/wp-content\/uploads\/sites\/31\/2026\/03\/03115200\/UNIV_SM-Profile_1600x1600px-scaled.jpg","type":"image\/jpeg"}],"twitter_card":"summary_large_image","twitter_misc":{"Dur\u00e9e de lecture estim\u00e9e":"2 minutes"},"schema":{"@context":"https:\/\/schema.org","@graph":[{"@type":"WebPage","@id":"https:\/\/www.uni.lu\/life-fr\/egalite-diversite-et-inclusion\/","url":"https:\/\/www.uni.lu\/life-fr\/egalite-diversite-et-inclusion\/","name":"\u00c9galit\u00e9, diversit\u00e9 et inclusion - Universit\u00e9 du Luxembourg I Uni.lu","isPartOf":{"@id":"https:\/\/www.uni.lu\/life-fr\/#website"},"datePublished":"2024-11-11T11:05:51+00:00","dateModified":"2025-11-04T14:00:09+00:00","description":"L'une des valeurs fondamentales de l'Universit\u00e9 du Luxembourg est de promouvoir l'\u00e9quit\u00e9, l'inclusion et la justice. Cet engagement est soutenu par de nombreuses \u00e9quipes et initiatives d\u00e9di\u00e9es \u00e0 l'\u00e9galit\u00e9, \u00e0 la diversit\u00e9 et \u00e0 l'inclusion.","breadcrumb":{"@id":"https:\/\/www.uni.lu\/life-fr\/egalite-diversite-et-inclusion\/#breadcrumb"},"inLanguage":"fr-FR","potentialAction":[{"@type":"ReadAction","target":["https:\/\/www.uni.lu\/life-fr\/egalite-diversite-et-inclusion\/"]}]},{"@type":"BreadcrumbList","@id":"https:\/\/www.uni.lu\/life-fr\/egalite-diversite-et-inclusion\/#breadcrumb","itemListElement":[{"@type":"ListItem","position":1,"name":"Home","item":"https:\/\/www.uni.lu\/fr"},{"@type":"ListItem","position":2,"name":"Vie sur le campus","item":"https:\/\/www.uni.lu\/life-fr\/"},{"@type":"ListItem","position":3,"name":"\u00c9galit\u00e9, diversit\u00e9 et inclusion"}]},{"@type":"WebSite","@id":"https:\/\/www.uni.lu\/life-fr\/#website","url":"https:\/\/www.uni.lu\/life-fr\/","name":"Uni.lu","description":"Vie sur le campus universitaire","publisher":{"@id":"https:\/\/www.uni.lu\/life-fr\/#organization"},"alternateName":"Universit\u00e9 du Luxembourg","potentialAction":[{"@type":"SearchAction","target":{"@type":"EntryPoint","urlTemplate":"https:\/\/www.uni.lu\/life-fr\/?s={search_term_string}"},"query-input":"required name=search_term_string"}],"inLanguage":"fr-FR"},{"@type":"Organization","@id":"https:\/\/www.uni.lu\/life-fr\/#organization","name":"Universit\u00e9 du Luxembourg","url":"https:\/\/www.uni.lu\/life-fr\/","logo":{"@type":"ImageObject","inLanguage":"fr-FR","@id":"https:\/\/www.uni.lu\/life-fr\/#\/schema\/logo\/image\/","url":"https:\/\/www.uni.lu\/wp-content\/uploads\/sites\/31\/2026\/03\/03115200\/UNIV_SM-Profile_1600x1600px-scaled.jpg","contentUrl":"https:\/\/www.uni.lu\/wp-content\/uploads\/sites\/31\/2026\/03\/03115200\/UNIV_SM-Profile_1600x1600px-scaled.jpg","width":2560,"height":2560,"caption":"Universit\u00e9 du Luxembourg"},"image":{"@id":"https:\/\/www.uni.lu\/life-fr\/#\/schema\/logo\/image\/"}}]}},"ticketed":false,"_links":{"self":[{"href":"https:\/\/www.uni.lu\/life-fr\/wp-json\/wp\/v2\/pages\/1353"}],"collection":[{"href":"https:\/\/www.uni.lu\/life-fr\/wp-json\/wp\/v2\/pages"}],"about":[{"href":"https:\/\/www.uni.lu\/life-fr\/wp-json\/wp\/v2\/types\/page"}],"author":[{"embeddable":true,"href":"https:\/\/www.uni.lu\/life-fr\/wp-json\/wp\/v2\/users\/42"}],"replies":[{"embeddable":true,"href":"https:\/\/www.uni.lu\/life-fr\/wp-json\/wp\/v2\/comments?post=1353"}],"version-history":[{"count":5,"href":"https:\/\/www.uni.lu\/life-fr\/wp-json\/wp\/v2\/pages\/1353\/revisions"}],"predecessor-version":[{"id":2196,"href":"https:\/\/www.uni.lu\/life-fr\/wp-json\/wp\/v2\/pages\/1353\/revisions\/2196"}],"wp:authorship":[{"embeddable":true,"href":"https:\/\/www.uni.lu\/life-fr\/wp-json\/wp\/v2\/users\/42"}],"wp:attachment":[{"href":"https:\/\/www.uni.lu\/life-fr\/wp-json\/wp\/v2\/media?parent=1353"}],"wp:term":[{"taxonomy":"field-of-interest","embeddable":true,"href":"https:\/\/www.uni.lu\/life-fr\/wp-json\/wp\/v2\/field-of-interest?post=1353"},{"taxonomy":"organisation","embeddable":true,"href":"https:\/\/www.uni.lu\/life-fr\/wp-json\/wp\/v2\/organisation?post=1353"}],"curies":[{"name":"wp","href":"https:\/\/api.w.org\/{rel}","templated":true}]}}