{"id":756,"date":"2023-07-17T14:19:32","date_gmt":"2023-07-17T14:19:32","guid":{"rendered":"https:\/\/website.prod.unilu.spikeseed.cloud\/life-en\/?page_id=756"},"modified":"2026-03-31T16:42:02","modified_gmt":"2026-03-31T14:42:02","slug":"jay-dance","status":"publish","type":"page","link":"https:\/\/www.uni.lu\/life-en\/classes-workshops\/jay-dance\/","title":{"rendered":"Jay dance"},"content":{"rendered":"<div class=\"section py-0 static\">\n<section class=\"py-0 wp-block-unilux-blocks-free-section section\"><div class=\"container xl:max-w-screen-xl\"><!-- SecondaryNavigationMirror --><div class=\"js-secondary-nav--sticky wp-block-unilux-blocks-secondary-navigation\" id=\"ffe7efe1-ad6f-41ba-8cb5-684775010f90\">\n    <nav id=\"secondary-navigation\" role=\"navigation\" aria-label=\"Secondary menu\" class=\"secondary-nav\">\n        <button class=\"secondary-nav__button btn btn-solid--primary w-full\" aria-expanded=\"false\" aria-controls=\"secondary-navigation__list\" title=\"The selected page is Overview\" type=\"button\">\n            <span class=\"btn__name mr-auto\">Overview<\/span>\n            <svg aria-hidden=\"true\" focusable=\"false\" class=\"icon icon-outline icon--xs\">\n                <use xlink:href=\"https:\/\/www.uni.lu\/wp-content\/themes\/unilux-theme\/assets\/images\/icons\/icons-outline.svg#icon--arrow-down\" \/>\n            <\/svg>\n        <\/button>\n\n        <ul id=\"secondary-navigation__list\" class=\"secondary-nav__list\">\n            <li class=\"secondary-nav__item\">\n    <a href=\"https:\/\/www.uni.lu\/life-en\/classes-workshops\/\" target=\"\" rel=\"noreferrer noopener\" class=\"secondary-nav__link \">\n        <svg aria-hidden=\"true\" focusable=\"false\" class=\"icon icon-outline icon--xs\">\n            <use xlink:href=\"https:\/\/www.uni.lu\/wp-content\/themes\/unilux-theme\/assets\/images\/icons\/icons-outline.svg#icon--arrow-right\" \/>\n        <\/svg>\n        <span class=\"secondary-nav__name\">Overview<\/span>\n    <\/a>\n<\/li>\n<li class=\"secondary-nav__item\">\n    <a href=\"https:\/\/www.uni.lu\/life-en\/classes-workshops\/faq\/\" target=\"\" rel=\"noreferrer noopener\" class=\"secondary-nav__link \">\n        <svg aria-hidden=\"true\" focusable=\"false\" class=\"icon icon-outline icon--xs\">\n            <use xlink:href=\"https:\/\/www.uni.lu\/wp-content\/themes\/unilux-theme\/assets\/images\/icons\/icons-outline.svg#icon--arrow-right\" \/>\n        <\/svg>\n        <span class=\"secondary-nav__name\">FAQs<\/span>\n    <\/a>\n<\/li>\n<li class=\"secondary-nav__item\">\n    <a href=\"https:\/\/www.uni.lu\/life-en\/classes-workshops\/contact\/\" target=\"\" rel=\"noreferrer noopener\" class=\"secondary-nav__link \">\n        <svg aria-hidden=\"true\" focusable=\"false\" class=\"icon icon-outline icon--xs\">\n            <use xlink:href=\"https:\/\/www.uni.lu\/wp-content\/themes\/unilux-theme\/assets\/images\/icons\/icons-outline.svg#icon--arrow-right\" \/>\n        <\/svg>\n        <span class=\"secondary-nav__name\">Contact<\/span>\n    <\/a>\n<\/li>\n        <\/ul>\n    <\/nav>\n<\/div>\n<!-- end SecondaryNavigationMirror --><\/div><\/section>\n\n\n\n<section class=\"wp-block-unilux-blocks-free-section section\"><div class=\"container xl:max-w-screen-xl\"><div class=\"content-card content-card--right  wp-block-unilux-blocks-content-card\">\n    \n<h2 class=\"content-card__heading has-text-align-left wp-block-unilux-blocks-heading\"        id=\"jay-dance\"\n    >\n<strong>Jay Dance<\/strong><\/h2>\n<div class=\"content-card__visual wp-block-unilux-blocks-content-card-visual-area\">\n    \n<section class=\"wp-block-unilux-blocks-image-video-wrapper\">\n    <figure class=\"wp-block-dev4-reusable-blocks-image  object-fit--cover\">\n    \n<img decoding=\"async\" class=\"wp-block-image unilux-custom-image-block\"\n                alt=\"\"\n            src=\"https:\/\/www.uni.lu\/wp-content\/uploads\/sites\/29\/2024\/08\/Picture1.png\"\n                srcset=\"https:\/\/www.uni.lu\/wp-content\/uploads\/sites\/29\/2024\/08\/Picture1-212x300.png 212w, https:\/\/www.uni.lu\/wp-content\/uploads\/sites\/29\/2024\/08\/Picture1-725x1024.png 725w, https:\/\/www.uni.lu\/wp-content\/uploads\/sites\/29\/2024\/08\/Picture1-768x1085.png 768w, https:\/\/www.uni.lu\/wp-content\/uploads\/sites\/29\/2024\/08\/Picture1.png 1018w\"\n                style=\"object-position: 50.00% 50.00%; font-family: &quot;object-fit: cover; object-position: 50.00% 50.00%;&quot;; aspect-ratio: 3\/2; object-fit: cover; width: 100%;\"\n        loading=\"lazy\"\n\/>    <\/figure><\/section>\n<div class=\"wp-block-unilux-blocks-wrapper content-card__overlay\">\n<a class=\"wp-block-unilux-blocks-button-highlight-rounded bottom-left\" \n    href=\"https:\/\/affluences.com\/universite-du-luxembourg-1\/student-services\/reservation\"\n    target=\"_blank\"\n>\n    \n<span class=\"btn-highlight-rounded__name wp-block-unilux-blocks-plain-text\">Book now <\/span>    <span class=\"icon-rounded\">\n        <svg aria-hidden=\"true\" focusable=\"false\" class=\"icon icon-outline icon--arrow-right icon--lg\"><use xlink:href=\"https:\/\/www.uni.lu\/wp-content\/themes\/unilux-theme\/assets\/images\/icons\/icons-outline.svg#icon--arrow-right\"><\/use><\/svg>    <\/span>\n<\/a><\/div>\n<\/div><div class=\"content-card__body  wp-block-unilux-blocks-content-card-free-area\">\n    \n<p>Jay dance Fitness est un cours collectif chor\u00e9graphi\u00e9, mi-chemin entre la danse et le fitness, bas\u00e9 sur musique actuelles aux rythmes&nbsp;: Pop, Hip-pop, Electro-pop, Electro, Pop-rock.&nbsp;&nbsp;&nbsp;&nbsp;&nbsp;&nbsp;&nbsp;&nbsp;&nbsp; &nbsp;&nbsp;&nbsp;&nbsp;&nbsp;&nbsp;&nbsp;&nbsp;&nbsp;&nbsp;&nbsp;&nbsp;&nbsp;&nbsp;&nbsp;&nbsp;&nbsp;&nbsp;&nbsp;&nbsp;&nbsp;&nbsp;&nbsp;&nbsp;&nbsp;&nbsp;&nbsp;&nbsp;&nbsp;&nbsp;&nbsp;&nbsp;&nbsp;&nbsp;<\/p>\n\n<p>Objectif est de s\u2019amuser en dansant, souhaitant faire une activit\u00e9 physique de renforcement musculaire et de d\u00e9veloppement cardio-vasculaire tout en apprenant \u00e0 bouger, et ne n\u00e9cessite aucun niveau de base, ni de danse ni fitness.&nbsp;&nbsp;&nbsp;<\/p>\n<div class=\"wp-block-unilux-blocks-spacer is-spacer-size-sm\"><\/div>\n<p>Jay dance Fitness is a choreographed group class, halfway between dance and fitness, based on current music with rhythms: Pop, Hip-pop, Electro-pop, Electro, Pop-rock.&nbsp;&nbsp;&nbsp;&nbsp;&nbsp;&nbsp;&nbsp;&nbsp;&nbsp;&nbsp;&nbsp;&nbsp;&nbsp;&nbsp;&nbsp;&nbsp;&nbsp;&nbsp;&nbsp;&nbsp;&nbsp;&nbsp;&nbsp;&nbsp;&nbsp;&nbsp;&nbsp;&nbsp;&nbsp;&nbsp;&nbsp;&nbsp;&nbsp;&nbsp;&nbsp;&nbsp;&nbsp;&nbsp;&nbsp;&nbsp;&nbsp;&nbsp;&nbsp;<\/p>\n\n<p>The objective is to have fun while dancing, wishing to do a physical activity of muscle strengthening and cardiovascular development while learning to move, and does not require any basic level of dance or fitness.<\/p>\n\n<ul class=\"wp-block-unilux-blocks-highlighted-list list-highlighted list-highlighted--architectural\"><li class=\"list-highlighted__item  wp-block-unilux-blocks-highlighted-list-item\">\n    <header class=\"list-highlighted__header wp-block-unilux-blocks-highlighted-list-item-header\">\n    \n<h4 class=\"title text-18 font-bold has-text-align-left wp-block-unilux-blocks-heading\"        id=\"when\"\n    >\nWhen<\/h4>\n<div class=\"wp-block-unilux-blocks-bigtext\">\n    <span>\n        \n    <\/span>\n<\/div><\/header><div class=\"list-highlighted__body wp-block-unilux-blocks-highlighted-list-item-body\">\n    <div class=\"wp-block-unilux-blocks-highlighted-list-item-free-content-area\">\n    \n<p>Thursdays, from 18:00 to 19:00<\/p>\n\n<p>The classes take place from <strong>2 March 2026 until 19 June 2026.<\/strong><\/p>\n\n<p>No class on 9 April 2026 and on public holidays.<\/p>\n<\/div><\/div><\/li>\n\n<li class=\"list-highlighted__item  wp-block-unilux-blocks-highlighted-list-item\">\n    <header class=\"list-highlighted__header wp-block-unilux-blocks-highlighted-list-item-header\">\n    \n<h4 class=\"title text-18 font-bold has-text-align-left wp-block-unilux-blocks-heading\"        id=\"where\"\n    >\nWhere <\/h4>\n<div class=\"wp-block-unilux-blocks-bigtext\">\n    <span>\n        \n    <\/span>\n<\/div><\/header><div class=\"list-highlighted__body wp-block-unilux-blocks-highlighted-list-item-body\">\n    <div class=\"wp-block-unilux-blocks-highlighted-list-item-free-content-area\">\n    \n<p>Unival I, Belval<\/p>\n<\/div><\/div><\/li>\n\n<li class=\"list-highlighted__item  wp-block-unilux-blocks-highlighted-list-item\">\n    <header class=\"list-highlighted__header wp-block-unilux-blocks-highlighted-list-item-header\">\n    \n<h4 class=\"title text-18 font-bold has-text-align-left wp-block-unilux-blocks-heading\"        id=\"available-places\"\n    >\nAvailable places<\/h4>\n<div class=\"wp-block-unilux-blocks-bigtext\">\n    <span>\n        \n    <\/span>\n<\/div><\/header><div class=\"list-highlighted__body wp-block-unilux-blocks-highlighted-list-item-body\">\n    <div class=\"wp-block-unilux-blocks-highlighted-list-item-free-content-area\">\n    \n<p>15<\/p>\n<\/div><\/div><\/li>\n\n<li class=\"list-highlighted__item  wp-block-unilux-blocks-highlighted-list-item\">\n    <header class=\"list-highlighted__header wp-block-unilux-blocks-highlighted-list-item-header\">\n    \n<h4 class=\"title text-18 font-bold has-text-align-left wp-block-unilux-blocks-heading\"        id=\"registration\"\n    >\nRegistration<\/h4>\n<div class=\"wp-block-unilux-blocks-bigtext\">\n    <span>\n        \n    <\/span>\n<\/div><\/header><div class=\"list-highlighted__body wp-block-unilux-blocks-highlighted-list-item-body\">\n    <div class=\"wp-block-unilux-blocks-highlighted-list-item-free-content-area\">\n    \n<p>Registration is mandatory for each session via&nbsp;<a href=\"https:\/\/affluences.com\/universite-du-luxembourg-1\/student-services\/reservation\" target=\"_blank\" rel=\"noreferrer noopener\">Affluences<\/a>&nbsp;7 days prior to the session.<\/p>\n<\/div><\/div><\/li>\n\n<li class=\"list-highlighted__item  wp-block-unilux-blocks-highlighted-list-item\">\n    <header class=\"list-highlighted__header wp-block-unilux-blocks-highlighted-list-item-header\">\n    \n<h4 class=\"title text-18 font-bold has-text-align-left wp-block-unilux-blocks-heading\"        id=\"equipment\"\n    >\nEquipment<\/h4>\n<div class=\"wp-block-unilux-blocks-bigtext\">\n    <span>\n        \n    <\/span>\n<\/div><\/header><div class=\"list-highlighted__body wp-block-unilux-blocks-highlighted-list-item-body\">\n    <div class=\"wp-block-unilux-blocks-highlighted-list-item-free-content-area\">\n    \n<p>Sports equipment and some water<\/p>\n<\/div><\/div><\/li>\n\n<li class=\"list-highlighted__item  wp-block-unilux-blocks-highlighted-list-item\">\n    <header class=\"list-highlighted__header wp-block-unilux-blocks-highlighted-list-item-header\">\n    \n<h4 class=\"title text-18 font-bold has-text-align-left wp-block-unilux-blocks-heading\"        id=\"contact\"\n    >\nContact<\/h4>\n<div class=\"wp-block-unilux-blocks-bigtext\">\n    <span>\n        \n    <\/span>\n<\/div><\/header><div class=\"list-highlighted__body wp-block-unilux-blocks-highlighted-list-item-body\">\n    <div class=\"wp-block-unilux-blocks-highlighted-list-item-free-content-area\">\n    \n<p><a href=\"mailto:ana_italiana@hotmail.fr\">Ana Maria Rocchio<\/a><\/p>\n<\/div><\/div><\/li>\n\n<li class=\"list-highlighted__item  wp-block-unilux-blocks-highlighted-list-item\">\n    <header class=\"list-highlighted__header wp-block-unilux-blocks-highlighted-list-item-header\">\n    \n<h4 class=\"title text-18 font-bold has-text-align-left wp-block-unilux-blocks-heading\"        id=\"languages-of-instruction\"\n    >\nLanguages of instruction<\/h4>\n<div class=\"wp-block-unilux-blocks-bigtext\">\n    <span>\n        \n    <\/span>\n<\/div><\/header><div class=\"list-highlighted__body wp-block-unilux-blocks-highlighted-list-item-body\">\n    <div class=\"wp-block-unilux-blocks-highlighted-list-item-free-content-area\">\n    \n<p>English &#8211; French<\/p>\n<\/div><\/div><\/li>\n\n<li class=\"list-highlighted__item  wp-block-unilux-blocks-highlighted-list-item\">\n    <header class=\"list-highlighted__header wp-block-unilux-blocks-highlighted-list-item-header\">\n    \n<h4 class=\"title text-18 font-bold has-text-align-left wp-block-unilux-blocks-heading\"        id=\"organised-by\"\n    >\nOrganised by <\/h4>\n<div class=\"wp-block-unilux-blocks-bigtext\">\n    <span>\n        \n    <\/span>\n<\/div><\/header><div class=\"list-highlighted__body wp-block-unilux-blocks-highlighted-list-item-body\">\n    <div class=\"wp-block-unilux-blocks-highlighted-list-item-free-content-area\">\n    \n<p>Student Life<\/p>\n<\/div><\/div><\/li><\/ul>\n\n<ul class=\"wp-block-unilux-blocks-custom-buttons btn-list\"><li class=\"wp-block-unilux-blocks-custom-button\"    aria-disabled=\"false\"\n    >\n    <a\n        role=\"link\"\n        aria-disabled=\"false\"\n                    href=\"https:\/\/www.uni.lu\/life-en\/classes-workshops\/\"\n                target=\"_self\"\n        class=\"btn btn--primary\"\n            >All courses<\/a>\n<\/li>\n\n\n<li class=\"wp-block-unilux-blocks-custom-button\"    aria-disabled=\"false\"\n    >\n    <a\n        role=\"link\"\n        aria-disabled=\"false\"\n                    href=\"https:\/\/www.uni.lu\/life-en\/classes-workshops\/faq\/#sports-wellbeing\"\n                target=\"_self\"\n        class=\"btn btn--secondary\"\n            >FAQ<\/a>\n<\/li>\n<\/ul>\n<\/div><\/div><\/div><\/section>\n\n\n<section class=\"section section wp-block-unilux-blocks-quick-link-discover-section \">\n    <div class=\"container xl:max-w-screen-xl\">\n        \n<h2 class=\"has-text-align-left wp-block-unilux-blocks-heading\"        id=\"discover-more\"\n    >\nDiscover more<\/h2>\n\n<ul class=\"wp-block-unilux-blocks-quick-link-discover quick-link-list\">\n<li class=\"wp-block-unilux-blocks-quick-link-discover-item\">\n    <a\n                    href=\"https:\/\/www.uni.lu\/life-en\/social-life\/\"\n                    class=\"quick-link\"\n            target=\"\"\n    >\n            <span class=\"quick-link__container\">\n                <span class=\"quick-link__text\">\n                    Social life                <\/span>\n                <svg aria-hidden=\"true\" focusable=\"false\" class=\"icon icon-outline icon--arrow-right \"><use xlink:href=\"https:\/\/www.uni.lu\/wp-content\/themes\/unilux-theme\/assets\/images\/icons\/icons-outline.svg#icon--arrow-right\"><\/use><\/svg>            <\/span>\n    <\/a>\n<\/li>\n\n\n\n<li class=\"wp-block-unilux-blocks-quick-link-discover-item\">\n    <a\n                    href=\"https:\/\/www.uni.lu\/life-en\/culture\/\"\n                    class=\"quick-link\"\n            target=\"\"\n    >\n            <span class=\"quick-link__container\">\n                <span class=\"quick-link__text\">\n                    Culture                <\/span>\n                <svg aria-hidden=\"true\" focusable=\"false\" class=\"icon icon-outline icon--arrow-right \"><use xlink:href=\"https:\/\/www.uni.lu\/wp-content\/themes\/unilux-theme\/assets\/images\/icons\/icons-outline.svg#icon--arrow-right\"><\/use><\/svg>            <\/span>\n    <\/a>\n<\/li>\n<\/ul>\n    <\/div>\n<\/section><\/div>","protected":false},"excerpt":{"rendered":"","protected":false},"author":394,"featured_media":0,"parent":97,"menu_order":0,"comment_status":"closed","ping_status":"closed","template":"","meta":{"featured_image_focal_point":[],"show_featured_caption":false,"ulux_newsletter_groups":"","uluxPostTitle":"Classes and workshops","uluxPrePostTitle":"More than studies","_trash_the_other_posts":false,"_price":"","_stock":"","_tribe_ticket_header":"","_tribe_default_ticket_provider":"","_tribe_ticket_capacity":"0","_ticket_start_date":"","_ticket_end_date":"","_tribe_ticket_show_description":"","_tribe_ticket_show_not_going":false,"_tribe_ticket_use_global_stock":"","_tribe_ticket_global_stock_level":"","_global_stock_mode":"","_global_stock_cap":"","_tribe_rsvp_for_event":"","_tribe_ticket_going_count":"","_tribe_ticket_not_going_count":"","_tribe_tickets_list":"[]","_tribe_ticket_has_attendee_info_fields":false,"footnotes":""},"field-of-interest":[],"organisation":[],"authorship":[226,122,321,75,347,366,373,374,323,118,394],"acf":[],"yoast_head":"<!-- This site is optimized with the Yoast SEO Premium plugin v22.3 (Yoast SEO v22.3) - https:\/\/yoast.com\/wordpress\/plugins\/seo\/ -->\n<title>Jay dance - University of Luxembourg I Uni.lu<\/title>\n<meta name=\"description\" content=\"Jay dance is a choreographed group class, halfway between dance and fitness, based on current music with rhythms: Pop, Hip-pop, Electro-pop, etc.\" \/>\n<meta name=\"robots\" content=\"index, follow, max-snippet:-1, max-image-preview:large, max-video-preview:-1\" \/>\n<link rel=\"canonical\" href=\"https:\/\/www.uni.lu\/life-en\/classes-workshops\/jay-dance\/\" \/>\n<meta property=\"og:locale\" content=\"en_GB\" \/>\n<meta property=\"og:type\" content=\"article\" \/>\n<meta property=\"og:title\" content=\"Jay dance\" \/>\n<meta property=\"og:description\" content=\"Jay dance is a choreographed group class, halfway between dance and fitness, based on current music with rhythms: Pop, Hip-pop, Electro-pop, etc.\" \/>\n<meta property=\"og:url\" content=\"https:\/\/www.uni.lu\/life-en\/classes-workshops\/jay-dance\/\" \/>\n<meta property=\"og:site_name\" content=\"LIFE EN\" \/>\n<meta property=\"article:modified_time\" content=\"2026-03-31T14:42:02+00:00\" \/>\n<meta property=\"og:image\" content=\"https:\/\/www.uni.lu\/wp-content\/uploads\/sites\/29\/2026\/03\/03115118\/UNIV_SM-Profile_1600x1600px-scaled.jpg\" \/>\n\t<meta property=\"og:image:width\" content=\"2560\" \/>\n\t<meta property=\"og:image:height\" content=\"2560\" \/>\n\t<meta property=\"og:image:type\" content=\"image\/jpeg\" \/>\n<meta name=\"twitter:card\" content=\"summary_large_image\" \/>\n<meta name=\"twitter:label1\" content=\"Estimated reading time\" \/>\n\t<meta name=\"twitter:data1\" content=\"1 minute\" \/>\n<script type=\"application\/ld+json\" class=\"yoast-schema-graph\">{\"@context\":\"https:\/\/schema.org\",\"@graph\":[{\"@type\":\"WebPage\",\"@id\":\"https:\/\/www.uni.lu\/life-en\/classes-workshops\/jay-dance\/\",\"url\":\"https:\/\/www.uni.lu\/life-en\/classes-workshops\/jay-dance\/\",\"name\":\"Jay dance - University of Luxembourg I Uni.lu\",\"isPartOf\":{\"@id\":\"https:\/\/www.uni.lu\/life-en\/#website\"},\"datePublished\":\"2023-07-17T14:19:32+00:00\",\"dateModified\":\"2026-03-31T14:42:02+00:00\",\"description\":\"Jay dance is a choreographed group class, halfway between dance and fitness, based on current music with rhythms: Pop, Hip-pop, Electro-pop, etc.\",\"breadcrumb\":{\"@id\":\"https:\/\/www.uni.lu\/life-en\/classes-workshops\/jay-dance\/#breadcrumb\"},\"inLanguage\":\"en-GB\",\"potentialAction\":[{\"@type\":\"ReadAction\",\"target\":[\"https:\/\/www.uni.lu\/life-en\/classes-workshops\/jay-dance\/\"]}]},{\"@type\":\"BreadcrumbList\",\"@id\":\"https:\/\/www.uni.lu\/life-en\/classes-workshops\/jay-dance\/#breadcrumb\",\"itemListElement\":[{\"@type\":\"ListItem\",\"position\":1,\"name\":\"Home\",\"item\":\"https:\/\/www.uni.lu\/en\"},{\"@type\":\"ListItem\",\"position\":2,\"name\":\"Life at the University\",\"item\":\"https:\/\/www.uni.lu\/life-en\/\"},{\"@type\":\"ListItem\",\"position\":3,\"name\":\"Classes &amp; workshops\",\"item\":\"https:\/\/www.uni.lu\/life-en\/classes-workshops\/\"},{\"@type\":\"ListItem\",\"position\":4,\"name\":\"Jay dance\"}]},{\"@type\":\"WebSite\",\"@id\":\"https:\/\/www.uni.lu\/life-en\/#website\",\"url\":\"https:\/\/www.uni.lu\/life-en\/\",\"name\":\"Uni.lu\",\"description\":\"Life at the University of Luxembourg\",\"publisher\":{\"@id\":\"https:\/\/www.uni.lu\/life-en\/#organization\"},\"alternateName\":\"Universit\u00e4t Luxemburg\",\"potentialAction\":[{\"@type\":\"SearchAction\",\"target\":{\"@type\":\"EntryPoint\",\"urlTemplate\":\"https:\/\/www.uni.lu\/life-en\/?s={search_term_string}\"},\"query-input\":\"required name=search_term_string\"}],\"inLanguage\":\"en-GB\"},{\"@type\":\"Organization\",\"@id\":\"https:\/\/www.uni.lu\/life-en\/#organization\",\"name\":\"University of Luxembourg\",\"alternateName\":\"Uni.lu\",\"url\":\"https:\/\/www.uni.lu\/life-en\/\",\"logo\":{\"@type\":\"ImageObject\",\"inLanguage\":\"en-GB\",\"@id\":\"https:\/\/www.uni.lu\/life-en\/#\/schema\/logo\/image\/\",\"url\":\"https:\/\/www.uni.lu\/wp-content\/uploads\/sites\/29\/2026\/03\/03115118\/UNIV_SM-Profile_1600x1600px-scaled.jpg\",\"contentUrl\":\"https:\/\/www.uni.lu\/wp-content\/uploads\/sites\/29\/2026\/03\/03115118\/UNIV_SM-Profile_1600x1600px-scaled.jpg\",\"width\":2560,\"height\":2560,\"caption\":\"University of Luxembourg\"},\"image\":{\"@id\":\"https:\/\/www.uni.lu\/life-en\/#\/schema\/logo\/image\/\"}}]}<\/script>\n<!-- \/ Yoast SEO Premium plugin. -->","yoast_head_json":{"title":"Jay dance - University of Luxembourg I Uni.lu","description":"Jay dance is a choreographed group class, halfway between dance and fitness, based on current music with rhythms: Pop, Hip-pop, Electro-pop, etc.","robots":{"index":"index","follow":"follow","max-snippet":"max-snippet:-1","max-image-preview":"max-image-preview:large","max-video-preview":"max-video-preview:-1"},"canonical":"https:\/\/www.uni.lu\/life-en\/classes-workshops\/jay-dance\/","og_locale":"en_GB","og_type":"article","og_title":"Jay dance","og_description":"Jay dance is a choreographed group class, halfway between dance and fitness, based on current music with rhythms: Pop, Hip-pop, Electro-pop, etc.","og_url":"https:\/\/www.uni.lu\/life-en\/classes-workshops\/jay-dance\/","og_site_name":"LIFE EN","article_modified_time":"2026-03-31T14:42:02+00:00","og_image":[{"width":2560,"height":2560,"url":"https:\/\/www.uni.lu\/wp-content\/uploads\/sites\/29\/2026\/03\/03115118\/UNIV_SM-Profile_1600x1600px-scaled.jpg","type":"image\/jpeg"}],"twitter_card":"summary_large_image","twitter_misc":{"Estimated reading time":"1 minute"},"schema":{"@context":"https:\/\/schema.org","@graph":[{"@type":"WebPage","@id":"https:\/\/www.uni.lu\/life-en\/classes-workshops\/jay-dance\/","url":"https:\/\/www.uni.lu\/life-en\/classes-workshops\/jay-dance\/","name":"Jay dance - University of Luxembourg I Uni.lu","isPartOf":{"@id":"https:\/\/www.uni.lu\/life-en\/#website"},"datePublished":"2023-07-17T14:19:32+00:00","dateModified":"2026-03-31T14:42:02+00:00","description":"Jay dance is a choreographed group class, halfway between dance and fitness, based on current music with rhythms: Pop, Hip-pop, Electro-pop, etc.","breadcrumb":{"@id":"https:\/\/www.uni.lu\/life-en\/classes-workshops\/jay-dance\/#breadcrumb"},"inLanguage":"en-GB","potentialAction":[{"@type":"ReadAction","target":["https:\/\/www.uni.lu\/life-en\/classes-workshops\/jay-dance\/"]}]},{"@type":"BreadcrumbList","@id":"https:\/\/www.uni.lu\/life-en\/classes-workshops\/jay-dance\/#breadcrumb","itemListElement":[{"@type":"ListItem","position":1,"name":"Home","item":"https:\/\/www.uni.lu\/en"},{"@type":"ListItem","position":2,"name":"Life at the University","item":"https:\/\/www.uni.lu\/life-en\/"},{"@type":"ListItem","position":3,"name":"Classes &amp; workshops","item":"https:\/\/www.uni.lu\/life-en\/classes-workshops\/"},{"@type":"ListItem","position":4,"name":"Jay dance"}]},{"@type":"WebSite","@id":"https:\/\/www.uni.lu\/life-en\/#website","url":"https:\/\/www.uni.lu\/life-en\/","name":"Uni.lu","description":"Life at the University of Luxembourg","publisher":{"@id":"https:\/\/www.uni.lu\/life-en\/#organization"},"alternateName":"Universit\u00e4t Luxemburg","potentialAction":[{"@type":"SearchAction","target":{"@type":"EntryPoint","urlTemplate":"https:\/\/www.uni.lu\/life-en\/?s={search_term_string}"},"query-input":"required name=search_term_string"}],"inLanguage":"en-GB"},{"@type":"Organization","@id":"https:\/\/www.uni.lu\/life-en\/#organization","name":"University of Luxembourg","alternateName":"Uni.lu","url":"https:\/\/www.uni.lu\/life-en\/","logo":{"@type":"ImageObject","inLanguage":"en-GB","@id":"https:\/\/www.uni.lu\/life-en\/#\/schema\/logo\/image\/","url":"https:\/\/www.uni.lu\/wp-content\/uploads\/sites\/29\/2026\/03\/03115118\/UNIV_SM-Profile_1600x1600px-scaled.jpg","contentUrl":"https:\/\/www.uni.lu\/wp-content\/uploads\/sites\/29\/2026\/03\/03115118\/UNIV_SM-Profile_1600x1600px-scaled.jpg","width":2560,"height":2560,"caption":"University of Luxembourg"},"image":{"@id":"https:\/\/www.uni.lu\/life-en\/#\/schema\/logo\/image\/"}}]}},"ticketed":false,"_links":{"self":[{"href":"https:\/\/www.uni.lu\/life-en\/wp-json\/wp\/v2\/pages\/756"}],"collection":[{"href":"https:\/\/www.uni.lu\/life-en\/wp-json\/wp\/v2\/pages"}],"about":[{"href":"https:\/\/www.uni.lu\/life-en\/wp-json\/wp\/v2\/types\/page"}],"author":[{"embeddable":true,"href":"https:\/\/www.uni.lu\/life-en\/wp-json\/wp\/v2\/users\/394"}],"replies":[{"embeddable":true,"href":"https:\/\/www.uni.lu\/life-en\/wp-json\/wp\/v2\/comments?post=756"}],"version-history":[{"count":5,"href":"https:\/\/www.uni.lu\/life-en\/wp-json\/wp\/v2\/pages\/756\/revisions"}],"predecessor-version":[{"id":16581,"href":"https:\/\/www.uni.lu\/life-en\/wp-json\/wp\/v2\/pages\/756\/revisions\/16581"}],"up":[{"embeddable":true,"href":"https:\/\/www.uni.lu\/life-en\/wp-json\/wp\/v2\/pages\/97"}],"wp:authorship":[{"embeddable":true,"href":"https:\/\/www.uni.lu\/life-en\/wp-json\/wp\/v2\/users\/226"},{"embeddable":true,"href":"https:\/\/www.uni.lu\/life-en\/wp-json\/wp\/v2\/users\/122"},{"embeddable":true,"href":"https:\/\/www.uni.lu\/life-en\/wp-json\/wp\/v2\/users\/321"},{"embeddable":true,"href":"https:\/\/www.uni.lu\/life-en\/wp-json\/wp\/v2\/users\/75"},{"embeddable":true,"href":"https:\/\/www.uni.lu\/life-en\/wp-json\/wp\/v2\/users\/347"},{"embeddable":true,"href":"https:\/\/www.uni.lu\/life-en\/wp-json\/wp\/v2\/users\/366"},{"embeddable":true,"href":"https:\/\/www.uni.lu\/life-en\/wp-json\/wp\/v2\/users\/373"},{"embeddable":true,"href":"https:\/\/www.uni.lu\/life-en\/wp-json\/wp\/v2\/users\/374"},{"embeddable":true,"href":"https:\/\/www.uni.lu\/life-en\/wp-json\/wp\/v2\/users\/323"},{"embeddable":true,"href":"https:\/\/www.uni.lu\/life-en\/wp-json\/wp\/v2\/users\/118"},{"embeddable":true,"href":"https:\/\/www.uni.lu\/life-en\/wp-json\/wp\/v2\/users\/394"}],"wp:attachment":[{"href":"https:\/\/www.uni.lu\/life-en\/wp-json\/wp\/v2\/media?parent=756"}],"wp:term":[{"taxonomy":"field-of-interest","embeddable":true,"href":"https:\/\/www.uni.lu\/life-en\/wp-json\/wp\/v2\/field-of-interest?post=756"},{"taxonomy":"organisation","embeddable":true,"href":"https:\/\/www.uni.lu\/life-en\/wp-json\/wp\/v2\/organisation?post=756"}],"curies":[{"name":"wp","href":"https:\/\/api.w.org\/{rel}","templated":true}]}}