{"id":13286,"date":"2025-05-06T15:24:28","date_gmt":"2025-05-06T13:24:28","guid":{"rendered":"https:\/\/www.uni.lu\/life-en\/?page_id=13286"},"modified":"2026-04-07T10:39:14","modified_gmt":"2026-04-07T08:39:14","slug":"universeh-ambassadors","status":"publish","type":"page","link":"https:\/\/www.uni.lu\/life-en\/social-life\/student-associations-clubs\/universeh-ambassadors\/","title":{"rendered":"UniversEH Ambassadors"},"content":{"rendered":"<div class=\"section py-0 static\">\n<section class=\"py-0 wp-block-unilux-blocks-free-section section\"><div class=\"container xl:max-w-screen-xl\"><!-- SecondaryNavigationMirror --><div class=\"js-secondary-nav--sticky wp-block-unilux-blocks-secondary-navigation\" id=\"c51b4b5d-879c-47cd-825e-ef5659c0e325\">\n    <nav id=\"secondary-navigation\" role=\"navigation\" aria-label=\"Secondary menu\" class=\"secondary-nav\">\n        <button class=\"secondary-nav__button btn btn-solid--primary w-full\" aria-expanded=\"false\" aria-controls=\"secondary-navigation__list\" title=\"The selected page is Overview\" type=\"button\">\n            <span class=\"btn__name mr-auto\">Overview<\/span>\n            <svg aria-hidden=\"true\" focusable=\"false\" class=\"icon icon-outline icon--xs\">\n                <use xlink:href=\"https:\/\/www.uni.lu\/wp-content\/themes\/unilux-theme\/assets\/images\/icons\/icons-outline.svg#icon--arrow-down\" \/>\n            <\/svg>\n        <\/button>\n\n        <ul id=\"secondary-navigation__list\" class=\"secondary-nav__list\">\n            <li class=\"secondary-nav__item\">\n    <a href=\"https:\/\/www.uni.lu\/life-en\/social-life\/\" target=\"\" rel=\"noreferrer noopener\" class=\"secondary-nav__link \">\n        <svg aria-hidden=\"true\" focusable=\"false\" class=\"icon icon-outline icon--xs\">\n            <use xlink:href=\"https:\/\/www.uni.lu\/wp-content\/themes\/unilux-theme\/assets\/images\/icons\/icons-outline.svg#icon--arrow-right\" \/>\n        <\/svg>\n        <span class=\"secondary-nav__name\">Overview<\/span>\n    <\/a>\n<\/li>\n<li class=\"secondary-nav__item\">\n    <a href=\"https:\/\/www.uni.lu\/life-en\/social-life\/student-associations-clubs\/\" target=\"\" rel=\"noreferrer noopener\" class=\"secondary-nav__link \">\n        <svg aria-hidden=\"true\" focusable=\"false\" class=\"icon icon-outline icon--xs\">\n            <use xlink:href=\"https:\/\/www.uni.lu\/wp-content\/themes\/unilux-theme\/assets\/images\/icons\/icons-outline.svg#icon--arrow-right\" \/>\n        <\/svg>\n        <span class=\"secondary-nav__name\">Student associations &amp; clubs<\/span>\n    <\/a>\n<\/li>\n<li class=\"secondary-nav__item\">\n    <a href=\"https:\/\/www.uni.lu\/life-en\/social-life\/lounges\/\" target=\"\" rel=\"noreferrer noopener\" class=\"secondary-nav__link \">\n        <svg aria-hidden=\"true\" focusable=\"false\" class=\"icon icon-outline icon--xs\">\n            <use xlink:href=\"https:\/\/www.uni.lu\/wp-content\/themes\/unilux-theme\/assets\/images\/icons\/icons-outline.svg#icon--arrow-right\" \/>\n        <\/svg>\n        <span class=\"secondary-nav__name\">Lounges<\/span>\n    <\/a>\n<\/li>\n<li class=\"secondary-nav__item\">\n    <a href=\"https:\/\/www.uni.lu\/life-en\/social-life\/support-for-initiatives\/\" target=\"\" rel=\"noreferrer noopener\" class=\"secondary-nav__link \">\n        <svg aria-hidden=\"true\" focusable=\"false\" class=\"icon icon-outline icon--xs\">\n            <use xlink:href=\"https:\/\/www.uni.lu\/wp-content\/themes\/unilux-theme\/assets\/images\/icons\/icons-outline.svg#icon--arrow-right\" \/>\n        <\/svg>\n        <span class=\"secondary-nav__name\">Support for initiatives<\/span>\n    <\/a>\n<\/li>\n        <\/ul>\n    <\/nav>\n<\/div>\n<!-- end SecondaryNavigationMirror --><\/div><\/section>\n\n\n\n<section class=\"wp-block-unilux-blocks-free-section section\"><div class=\"container xl:max-w-screen-xl\">\n<h1 class=\"has-text-align-left wp-block-unilux-blocks-heading\"        id=\"universeh-ambassadors\"\n    >\nUniversEH Ambassadors<\/h1>\n\n\n\n<div class=\"wp-block-columns is-layout-flex wp-block-columns-is-layout-flex\">\n<div class=\"wp-block-column is-layout-flow wp-block-column-is-layout-flow\" style=\"flex-basis:66.66%\">\n<p>The UNIVERSEH Ambassadors Uni.lu club represents the multidisciplinary European<br>Space University for Earth and Humanity (universeh.eu) at Uni.lu.<\/p>\n\n\n\n<ul class=\"ulux-list\">\n<li class=\"ulux-list-item\">European collaboration with 6 European universities in Lule\u00e5 (Sweden), Krak\u00f3w<br>(Poland), D\u00fcsseldorf (Germany), Namur (Belgium), Rome (Italy), and Toulouse (France);<\/li>\n\n\n\n<li class=\"ulux-list-item\">Uniting passionate students to connect, and grow the space community at the University of Luxembourg;<\/li>\n\n\n\n<li class=\"ulux-list-item\">Organizing impactful space-related events \u2014 conferences, and company visits \u2014 in partnership with industry experts and UNIVERSEH stakeholders<\/li>\n<\/ul>\n\n\n\n<ul class=\"ulux-list\">\n<li class=\"ulux-list-item\">Connect with us via our social channels or reach out by email to become part of the journey \ud83d\ude42<\/li>\n<\/ul>\n<\/div>\n\n\n\n<div class=\"wp-block-column is-layout-flow wp-block-column-is-layout-flow\" style=\"flex-basis:33.33%\"><figure class=\"wp-block-dev4-reusable-blocks-image  object-fit--cover\">\n    \n<img decoding=\"async\" class=\"wp-block-image unilux-custom-image-block\"\n                alt=\"\"\n            src=\"https:\/\/www.uni.lu\/wp-content\/uploads\/sites\/29\/2025\/05\/Logo-UniversehAmbassadors-2.jpg\"\n                srcset=\"https:\/\/www.uni.lu\/wp-content\/uploads\/sites\/29\/2025\/05\/Logo-UniversehAmbassadors-2-300x300.jpg 300w, https:\/\/www.uni.lu\/wp-content\/uploads\/sites\/29\/2025\/05\/Logo-UniversehAmbassadors-2-1024x1022.jpg 1024w, https:\/\/www.uni.lu\/wp-content\/uploads\/sites\/29\/2025\/05\/Logo-UniversehAmbassadors-2-150x150.jpg 150w, https:\/\/www.uni.lu\/wp-content\/uploads\/sites\/29\/2025\/05\/Logo-UniversehAmbassadors-2-768x766.jpg 768w, https:\/\/www.uni.lu\/wp-content\/uploads\/sites\/29\/2025\/05\/Logo-UniversehAmbassadors-2-1536x1532.jpg 1536w, https:\/\/www.uni.lu\/wp-content\/uploads\/sites\/29\/2025\/05\/Logo-UniversehAmbassadors-2.jpg 1640w\"\n                style=\"object-position: 46.00% 32.00%; font-family: &quot;object-fit: cover; object-position: 46.00% 32.00%;&quot;; aspect-ratio: 1\/1; object-fit: cover; width: 100%;\"\n        loading=\"lazy\"\n\/>    <\/figure><\/div>\n<\/div>\n<\/div><\/section>\n\n\n\n<section class=\"py-0 wp-block-unilux-blocks-free-section section\"><div class=\"container xl:max-w-screen-xl\">\n<h2 class=\"has-text-align-left wp-block-unilux-blocks-heading\"        id=\"contact\"\n    >\nContact<\/h2>\n\n\n\n<p><a href=\"https:\/\/chat.whatsapp.com\/E1o7tINbWkLIXSukLuIb8J\">Join the WhatsApp group!<\/a><\/p>\n\n\n\n<section class=\"wp-block-unilux-blocks-free-section section\"><div class=\"container xl:max-w-screen-xl\">\n<p><em>Note: The links under the contact information are managed by the student club. It is not affiliated with or monitored by the University, and the views expressed do not represent the University\u2019s position.<\/em><\/p>\n<\/div><\/section>\n\n\n<div class=\"icon-info-wrapper\">\n    <ul class=\"icon-info-block wp-block-unilux-blocks-icon-info\">\n        <li class=\"wp-block-unilux-blocks-icon-info-item\">\n    \n<div class=\"wp-block-unilux-blocks-wrapper icon-info\">\n<div class=\"icon--primary icon--secondary-2  wp-block-unilux-blocks-icon-picker\">\n    <\/div>\n\n\n<p class=\"has-1-125-rem-font-size\"><\/p>\n<\/div>\n<\/li>\n<li class=\"wp-block-unilux-blocks-icon-info-item\">\n    \n<div class=\"wp-block-unilux-blocks-wrapper icon-info\">\n<div class=\"icon--primary icon--secondary-2  wp-block-unilux-blocks-icon-picker\">\n    <\/div>\n\n\n<p class=\"has-1-125-rem-font-size\"><\/p>\n<\/div>\n<\/li>\n<li class=\"wp-block-unilux-blocks-icon-info-item\">\n    \n<div class=\"wp-block-unilux-blocks-wrapper icon-info\">\n<div class=\"icon--primary icon--secondary-2  wp-block-unilux-blocks-icon-picker\">\n    <\/div>\n\n\n<p class=\"has-1-125-rem-font-size\"><\/p>\n<\/div>\n<\/li>\n    <\/ul>\n<\/div>\n\n\n<div class=\"wp-block-unilux-blocks-spacer is-spacer-size-lg\"><\/div><\/div><\/section>\n<\/div>","protected":false},"excerpt":{"rendered":"","protected":false},"author":394,"featured_media":0,"parent":173,"menu_order":0,"comment_status":"closed","ping_status":"closed","template":"","meta":{"featured_image_focal_point":[],"show_featured_caption":false,"ulux_newsletter_groups":"","uluxPostTitle":"Student associations & clubs","uluxPrePostTitle":"Social Life","_trash_the_other_posts":false,"_price":"","_stock":"","_tribe_ticket_header":"","_tribe_default_ticket_provider":"","_tribe_ticket_capacity":"0","_ticket_start_date":"","_ticket_end_date":"","_tribe_ticket_show_description":"","_tribe_ticket_show_not_going":false,"_tribe_ticket_use_global_stock":"","_tribe_ticket_global_stock_level":"","_global_stock_mode":"","_global_stock_cap":"","_tribe_rsvp_for_event":"","_tribe_ticket_going_count":"","_tribe_ticket_not_going_count":"","_tribe_tickets_list":"[]","_tribe_ticket_has_attendee_info_fields":false,"footnotes":""},"field-of-interest":[],"organisation":[],"authorship":[75,226,321,347,394],"acf":[],"yoast_head":"<!-- This site is optimized with the Yoast SEO Premium plugin v22.3 (Yoast SEO v22.3) - https:\/\/yoast.com\/wordpress\/plugins\/seo\/ -->\n<title>UniversEH Ambassadors - University of Luxembourg I Uni.lu<\/title>\n<meta name=\"description\" content=\"The UNIVERSEH Ambassadors Uni.lu club represents the multidisciplinary EuropeanSpace University for Earth and Humanity (universeh.eu) at Uni.lu. European\" \/>\n<meta name=\"robots\" content=\"index, follow, max-snippet:-1, max-image-preview:large, max-video-preview:-1\" \/>\n<link rel=\"canonical\" href=\"https:\/\/www.uni.lu\/life-en\/social-life\/student-associations-clubs\/universeh-ambassadors\/\" \/>\n<meta property=\"og:locale\" content=\"en_GB\" \/>\n<meta property=\"og:type\" content=\"article\" \/>\n<meta property=\"og:title\" content=\"UniversEH Ambassadors\" \/>\n<meta property=\"og:description\" content=\"The UNIVERSEH Ambassadors Uni.lu club represents the multidisciplinary EuropeanSpace University for Earth and Humanity (universeh.eu) at Uni.lu. European\" \/>\n<meta property=\"og:url\" content=\"https:\/\/www.uni.lu\/life-en\/social-life\/student-associations-clubs\/universeh-ambassadors\/\" \/>\n<meta property=\"og:site_name\" content=\"LIFE EN\" \/>\n<meta property=\"article:modified_time\" content=\"2026-04-07T08:39:14+00:00\" \/>\n<meta property=\"og:image\" content=\"https:\/\/www.uni.lu\/wp-content\/uploads\/sites\/29\/2026\/03\/03115118\/UNIV_SM-Profile_1600x1600px-scaled.jpg\" \/>\n\t<meta property=\"og:image:width\" content=\"2560\" \/>\n\t<meta property=\"og:image:height\" content=\"2560\" \/>\n\t<meta property=\"og:image:type\" content=\"image\/jpeg\" \/>\n<meta name=\"twitter:card\" content=\"summary_large_image\" \/>\n<meta name=\"twitter:label1\" content=\"Estimated reading time\" \/>\n\t<meta name=\"twitter:data1\" content=\"1 minute\" \/>\n<script type=\"application\/ld+json\" class=\"yoast-schema-graph\">{\"@context\":\"https:\/\/schema.org\",\"@graph\":[{\"@type\":\"WebPage\",\"@id\":\"https:\/\/www.uni.lu\/life-en\/social-life\/student-associations-clubs\/universeh-ambassadors\/\",\"url\":\"https:\/\/www.uni.lu\/life-en\/social-life\/student-associations-clubs\/universeh-ambassadors\/\",\"name\":\"UniversEH Ambassadors - University of Luxembourg I Uni.lu\",\"isPartOf\":{\"@id\":\"https:\/\/www.uni.lu\/life-en\/#website\"},\"datePublished\":\"2025-05-06T13:24:28+00:00\",\"dateModified\":\"2026-04-07T08:39:14+00:00\",\"description\":\"The UNIVERSEH Ambassadors Uni.lu club represents the multidisciplinary EuropeanSpace University for Earth and Humanity (universeh.eu) at Uni.lu. European\",\"breadcrumb\":{\"@id\":\"https:\/\/www.uni.lu\/life-en\/social-life\/student-associations-clubs\/universeh-ambassadors\/#breadcrumb\"},\"inLanguage\":\"en-GB\",\"potentialAction\":[{\"@type\":\"ReadAction\",\"target\":[\"https:\/\/www.uni.lu\/life-en\/social-life\/student-associations-clubs\/universeh-ambassadors\/\"]}]},{\"@type\":\"BreadcrumbList\",\"@id\":\"https:\/\/www.uni.lu\/life-en\/social-life\/student-associations-clubs\/universeh-ambassadors\/#breadcrumb\",\"itemListElement\":[{\"@type\":\"ListItem\",\"position\":1,\"name\":\"Home\",\"item\":\"https:\/\/www.uni.lu\/en\"},{\"@type\":\"ListItem\",\"position\":2,\"name\":\"Life at the University\",\"item\":\"https:\/\/www.uni.lu\/life-en\/\"},{\"@type\":\"ListItem\",\"position\":3,\"name\":\"Social life\",\"item\":\"https:\/\/www.uni.lu\/life-en\/social-life\/\"},{\"@type\":\"ListItem\",\"position\":4,\"name\":\"Student associations &amp; clubs\",\"item\":\"https:\/\/www.uni.lu\/life-en\/social-life\/student-associations-clubs\/\"},{\"@type\":\"ListItem\",\"position\":5,\"name\":\"UniversEH Ambassadors\"}]},{\"@type\":\"WebSite\",\"@id\":\"https:\/\/www.uni.lu\/life-en\/#website\",\"url\":\"https:\/\/www.uni.lu\/life-en\/\",\"name\":\"Uni.lu\",\"description\":\"Life at the University of Luxembourg\",\"publisher\":{\"@id\":\"https:\/\/www.uni.lu\/life-en\/#organization\"},\"alternateName\":\"Universit\u00e4t Luxemburg\",\"potentialAction\":[{\"@type\":\"SearchAction\",\"target\":{\"@type\":\"EntryPoint\",\"urlTemplate\":\"https:\/\/www.uni.lu\/life-en\/?s={search_term_string}\"},\"query-input\":\"required name=search_term_string\"}],\"inLanguage\":\"en-GB\"},{\"@type\":\"Organization\",\"@id\":\"https:\/\/www.uni.lu\/life-en\/#organization\",\"name\":\"University of Luxembourg\",\"alternateName\":\"Uni.lu\",\"url\":\"https:\/\/www.uni.lu\/life-en\/\",\"logo\":{\"@type\":\"ImageObject\",\"inLanguage\":\"en-GB\",\"@id\":\"https:\/\/www.uni.lu\/life-en\/#\/schema\/logo\/image\/\",\"url\":\"https:\/\/www.uni.lu\/wp-content\/uploads\/sites\/29\/2026\/03\/03115118\/UNIV_SM-Profile_1600x1600px-scaled.jpg\",\"contentUrl\":\"https:\/\/www.uni.lu\/wp-content\/uploads\/sites\/29\/2026\/03\/03115118\/UNIV_SM-Profile_1600x1600px-scaled.jpg\",\"width\":2560,\"height\":2560,\"caption\":\"University of Luxembourg\"},\"image\":{\"@id\":\"https:\/\/www.uni.lu\/life-en\/#\/schema\/logo\/image\/\"}}]}<\/script>\n<!-- \/ Yoast SEO Premium plugin. -->","yoast_head_json":{"title":"UniversEH Ambassadors - University of Luxembourg I Uni.lu","description":"The UNIVERSEH Ambassadors Uni.lu club represents the multidisciplinary EuropeanSpace University for Earth and Humanity (universeh.eu) at Uni.lu. European","robots":{"index":"index","follow":"follow","max-snippet":"max-snippet:-1","max-image-preview":"max-image-preview:large","max-video-preview":"max-video-preview:-1"},"canonical":"https:\/\/www.uni.lu\/life-en\/social-life\/student-associations-clubs\/universeh-ambassadors\/","og_locale":"en_GB","og_type":"article","og_title":"UniversEH Ambassadors","og_description":"The UNIVERSEH Ambassadors Uni.lu club represents the multidisciplinary EuropeanSpace University for Earth and Humanity (universeh.eu) at Uni.lu. European","og_url":"https:\/\/www.uni.lu\/life-en\/social-life\/student-associations-clubs\/universeh-ambassadors\/","og_site_name":"LIFE EN","article_modified_time":"2026-04-07T08:39:14+00:00","og_image":[{"width":2560,"height":2560,"url":"https:\/\/www.uni.lu\/wp-content\/uploads\/sites\/29\/2026\/03\/03115118\/UNIV_SM-Profile_1600x1600px-scaled.jpg","type":"image\/jpeg"}],"twitter_card":"summary_large_image","twitter_misc":{"Estimated reading time":"1 minute"},"schema":{"@context":"https:\/\/schema.org","@graph":[{"@type":"WebPage","@id":"https:\/\/www.uni.lu\/life-en\/social-life\/student-associations-clubs\/universeh-ambassadors\/","url":"https:\/\/www.uni.lu\/life-en\/social-life\/student-associations-clubs\/universeh-ambassadors\/","name":"UniversEH Ambassadors - University of Luxembourg I Uni.lu","isPartOf":{"@id":"https:\/\/www.uni.lu\/life-en\/#website"},"datePublished":"2025-05-06T13:24:28+00:00","dateModified":"2026-04-07T08:39:14+00:00","description":"The UNIVERSEH Ambassadors Uni.lu club represents the multidisciplinary EuropeanSpace University for Earth and Humanity (universeh.eu) at Uni.lu. European","breadcrumb":{"@id":"https:\/\/www.uni.lu\/life-en\/social-life\/student-associations-clubs\/universeh-ambassadors\/#breadcrumb"},"inLanguage":"en-GB","potentialAction":[{"@type":"ReadAction","target":["https:\/\/www.uni.lu\/life-en\/social-life\/student-associations-clubs\/universeh-ambassadors\/"]}]},{"@type":"BreadcrumbList","@id":"https:\/\/www.uni.lu\/life-en\/social-life\/student-associations-clubs\/universeh-ambassadors\/#breadcrumb","itemListElement":[{"@type":"ListItem","position":1,"name":"Home","item":"https:\/\/www.uni.lu\/en"},{"@type":"ListItem","position":2,"name":"Life at the University","item":"https:\/\/www.uni.lu\/life-en\/"},{"@type":"ListItem","position":3,"name":"Social life","item":"https:\/\/www.uni.lu\/life-en\/social-life\/"},{"@type":"ListItem","position":4,"name":"Student associations &amp; clubs","item":"https:\/\/www.uni.lu\/life-en\/social-life\/student-associations-clubs\/"},{"@type":"ListItem","position":5,"name":"UniversEH Ambassadors"}]},{"@type":"WebSite","@id":"https:\/\/www.uni.lu\/life-en\/#website","url":"https:\/\/www.uni.lu\/life-en\/","name":"Uni.lu","description":"Life at the University of Luxembourg","publisher":{"@id":"https:\/\/www.uni.lu\/life-en\/#organization"},"alternateName":"Universit\u00e4t Luxemburg","potentialAction":[{"@type":"SearchAction","target":{"@type":"EntryPoint","urlTemplate":"https:\/\/www.uni.lu\/life-en\/?s={search_term_string}"},"query-input":"required name=search_term_string"}],"inLanguage":"en-GB"},{"@type":"Organization","@id":"https:\/\/www.uni.lu\/life-en\/#organization","name":"University of Luxembourg","alternateName":"Uni.lu","url":"https:\/\/www.uni.lu\/life-en\/","logo":{"@type":"ImageObject","inLanguage":"en-GB","@id":"https:\/\/www.uni.lu\/life-en\/#\/schema\/logo\/image\/","url":"https:\/\/www.uni.lu\/wp-content\/uploads\/sites\/29\/2026\/03\/03115118\/UNIV_SM-Profile_1600x1600px-scaled.jpg","contentUrl":"https:\/\/www.uni.lu\/wp-content\/uploads\/sites\/29\/2026\/03\/03115118\/UNIV_SM-Profile_1600x1600px-scaled.jpg","width":2560,"height":2560,"caption":"University of Luxembourg"},"image":{"@id":"https:\/\/www.uni.lu\/life-en\/#\/schema\/logo\/image\/"}}]}},"ticketed":false,"_links":{"self":[{"href":"https:\/\/www.uni.lu\/life-en\/wp-json\/wp\/v2\/pages\/13286"}],"collection":[{"href":"https:\/\/www.uni.lu\/life-en\/wp-json\/wp\/v2\/pages"}],"about":[{"href":"https:\/\/www.uni.lu\/life-en\/wp-json\/wp\/v2\/types\/page"}],"author":[{"embeddable":true,"href":"https:\/\/www.uni.lu\/life-en\/wp-json\/wp\/v2\/users\/394"}],"replies":[{"embeddable":true,"href":"https:\/\/www.uni.lu\/life-en\/wp-json\/wp\/v2\/comments?post=13286"}],"version-history":[{"count":5,"href":"https:\/\/www.uni.lu\/life-en\/wp-json\/wp\/v2\/pages\/13286\/revisions"}],"predecessor-version":[{"id":16492,"href":"https:\/\/www.uni.lu\/life-en\/wp-json\/wp\/v2\/pages\/13286\/revisions\/16492"}],"up":[{"embeddable":true,"href":"https:\/\/www.uni.lu\/life-en\/wp-json\/wp\/v2\/pages\/173"}],"wp:authorship":[{"embeddable":true,"href":"https:\/\/www.uni.lu\/life-en\/wp-json\/wp\/v2\/users\/75"},{"embeddable":true,"href":"https:\/\/www.uni.lu\/life-en\/wp-json\/wp\/v2\/users\/226"},{"embeddable":true,"href":"https:\/\/www.uni.lu\/life-en\/wp-json\/wp\/v2\/users\/321"},{"embeddable":true,"href":"https:\/\/www.uni.lu\/life-en\/wp-json\/wp\/v2\/users\/347"},{"embeddable":true,"href":"https:\/\/www.uni.lu\/life-en\/wp-json\/wp\/v2\/users\/394"}],"wp:attachment":[{"href":"https:\/\/www.uni.lu\/life-en\/wp-json\/wp\/v2\/media?parent=13286"}],"wp:term":[{"taxonomy":"field-of-interest","embeddable":true,"href":"https:\/\/www.uni.lu\/life-en\/wp-json\/wp\/v2\/field-of-interest?post=13286"},{"taxonomy":"organisation","embeddable":true,"href":"https:\/\/www.uni.lu\/life-en\/wp-json\/wp\/v2\/organisation?post=13286"}],"curies":[{"name":"wp","href":"https:\/\/api.w.org\/{rel}","templated":true}]}}