{"id":892,"date":"2024-07-30T12:04:38","date_gmt":"2024-07-30T10:04:38","guid":{"rendered":"https:\/\/www.uni.lu\/life-de\/?page_id=892"},"modified":"2025-12-02T09:37:16","modified_gmt":"2025-12-02T08:37:16","slug":"alternative-wohnmoeglichkeiten-fuer-studierende","status":"publish","type":"page","link":"https:\/\/www.uni.lu\/life-de\/wohnen\/alternative-wohnmoeglichkeiten-fuer-studierende\/","title":{"rendered":"Alternativen"},"content":{"rendered":"<div class=\"section py-0 static\">\n<section class=\"py-0 wp-block-unilux-blocks-free-section section\"><div class=\"container xl:max-w-screen-xl\"><!-- SecondaryNavigationMirror --><div class=\"js-secondary-nav--sticky wp-block-unilux-blocks-secondary-navigation\" id=\"c492d03b-c206-4282-a62b-0929b36b7447\">\n    <nav id=\"secondary-navigation\" role=\"navigation\" aria-label=\"Secondary menu\" class=\"secondary-nav\">\n        <button class=\"secondary-nav__button btn btn-solid--primary w-full\" aria-expanded=\"false\" aria-controls=\"secondary-navigation__list\" title=\"The selected page is Alternativen\" type=\"button\">\n            <span class=\"btn__name mr-auto\">Alternativen<\/span>\n            <svg aria-hidden=\"true\" focusable=\"false\" class=\"icon icon-outline icon--xs\">\n                <use xlink:href=\"https:\/\/www.uni.lu\/wp-content\/themes\/unilux-theme\/assets\/images\/icons\/icons-outline.svg#icon--arrow-down\" \/>\n            <\/svg>\n        <\/button>\n\n        <ul id=\"secondary-navigation__list\" class=\"secondary-nav__list\">\n            <li class=\"secondary-nav__item\">\n    <a href=\"https:\/\/www.uni.lu\/life-de\/wohnen\/\" target=\"\" rel=\"noreferrer noopener\" class=\"secondary-nav__link \">\n        <svg aria-hidden=\"true\" focusable=\"false\" class=\"icon icon-outline icon--xs\">\n            <use xlink:href=\"https:\/\/www.uni.lu\/wp-content\/themes\/unilux-theme\/assets\/images\/icons\/icons-outline.svg#icon--arrow-right\" \/>\n        <\/svg>\n        <span class=\"secondary-nav__name\">\u00dcbersicht<\/span>\n    <\/a>\n<\/li>\n<li class=\"secondary-nav__item\">\n    <a href=\"https:\/\/www.uni.lu\/life-de\/wohnen\/unser-angebot\/\" target=\"\" rel=\"noreferrer noopener\" class=\"secondary-nav__link \">\n        <svg aria-hidden=\"true\" focusable=\"false\" class=\"icon icon-outline icon--xs\">\n            <use xlink:href=\"https:\/\/www.uni.lu\/wp-content\/themes\/unilux-theme\/assets\/images\/icons\/icons-outline.svg#icon--arrow-right\" \/>\n        <\/svg>\n        <span class=\"secondary-nav__name\">Unser Angebot<\/span>\n    <\/a>\n<\/li>\n<li class=\"secondary-nav__item\">\n    <a href=\"https:\/\/www.uni.lu\/life-de\/wohnen\/wohnheime\/\" target=\"\" rel=\"noreferrer noopener\" class=\"secondary-nav__link \">\n        <svg aria-hidden=\"true\" focusable=\"false\" class=\"icon icon-outline icon--xs\">\n            <use xlink:href=\"https:\/\/www.uni.lu\/wp-content\/themes\/unilux-theme\/assets\/images\/icons\/icons-outline.svg#icon--arrow-right\" \/>\n        <\/svg>\n        <span class=\"secondary-nav__name\">Wohnheime<\/span>\n    <\/a>\n<\/li>\n<li class=\"secondary-nav__item\">\n    <a href=\"https:\/\/www.uni.lu\/life-de\/wohnen\/bewerbung\/\" target=\"\" rel=\"noreferrer noopener\" class=\"secondary-nav__link \">\n        <svg aria-hidden=\"true\" focusable=\"false\" class=\"icon icon-outline icon--xs\">\n            <use xlink:href=\"https:\/\/www.uni.lu\/wp-content\/themes\/unilux-theme\/assets\/images\/icons\/icons-outline.svg#icon--arrow-right\" \/>\n        <\/svg>\n        <span class=\"secondary-nav__name\">Bewerbung<\/span>\n    <\/a>\n<\/li>\n<li class=\"secondary-nav__item\">\n    <a href=\"https:\/\/www.uni.lu\/life-de\/wohnen\/mietverhaeltnis\/\" target=\"\" rel=\"noreferrer noopener\" class=\"secondary-nav__link \">\n        <svg aria-hidden=\"true\" focusable=\"false\" class=\"icon icon-outline icon--xs\">\n            <use xlink:href=\"https:\/\/www.uni.lu\/wp-content\/themes\/unilux-theme\/assets\/images\/icons\/icons-outline.svg#icon--arrow-right\" \/>\n        <\/svg>\n        <span class=\"secondary-nav__name\">Das Mietverh\u00e4ltnis<\/span>\n    <\/a>\n<\/li>\n<li class=\"secondary-nav__item\">\n    <a href=\"https:\/\/www.uni.lu\/life-de\/wohnen\/mieter\/\" target=\"\" rel=\"noreferrer noopener\" class=\"secondary-nav__link \">\n        <svg aria-hidden=\"true\" focusable=\"false\" class=\"icon icon-outline icon--xs\">\n            <use xlink:href=\"https:\/\/www.uni.lu\/wp-content\/themes\/unilux-theme\/assets\/images\/icons\/icons-outline.svg#icon--arrow-right\" \/>\n        <\/svg>\n        <span class=\"secondary-nav__name\">F\u00fcr Mieter<\/span>\n    <\/a>\n<\/li>\n<li class=\"secondary-nav__item\">\n    <a href=\"https:\/\/www.uni.lu\/life-de\/wohnen\/alternative-wohnmoeglichkeiten-fuer-studierende\/\" target=\"\" rel=\"noreferrer noopener\" class=\"secondary-nav__link isactived\" aria-current=\"page\">\n        <svg aria-hidden=\"true\" focusable=\"false\" class=\"icon icon-outline icon--xs\">\n            <use xlink:href=\"https:\/\/www.uni.lu\/wp-content\/themes\/unilux-theme\/assets\/images\/icons\/icons-outline.svg#icon--arrow-right\" \/>\n        <\/svg>\n        <span class=\"secondary-nav__name\">Alternativen<\/span>\n    <\/a>\n<\/li>\n        <\/ul>\n    <\/nav>\n<\/div>\n<!-- end SecondaryNavigationMirror --><\/div><\/section>\n\n\n\n<section class=\"wp-block-unilux-blocks-free-section section\"><div class=\"container xl:max-w-screen-xl\">\n<h2 class=\"has-text-align-left wp-block-unilux-blocks-heading\"        id=\"alternative-wohnmoeglichkeiten-fuer-studierende\"\n    >\nAlternative Wohnm\u00f6glichkeiten f\u00fcr Studierende<\/h2>\n\n\n\n<p>Neben den <a href=\"https:\/\/www.uni.lu\/life-de\/wohnen\/\">von der Universit\u00e4t angebotenen Unterk\u00fcnften<\/a> stehen den Studierenden auch andere Wohnm\u00f6glichkeiten zur Verf\u00fcgung.<\/p>\n\n\n\n<h2 class=\"has-text-align-left wp-block-unilux-blocks-heading\"        id=\"weconnect\"\n    >\nWeConnect<\/h2>\n\n\n\n<div class=\"wp-block-columns is-layout-flex wp-block-columns-is-layout-flex\">\n<div class=\"wp-block-column is-layout-flow wp-block-column-is-layout-flow\">\n<p>Die Universit\u00e4t Luxemburg arbeitet mit <a href=\"https:\/\/weconnect.lu\/de\/\" target=\"_blank\" rel=\"noreferrer noopener\">WeConnect<\/a> zusammen. Die Organisation bietet ein generationen\u00fcbergreifendes Zusammenleben in Luxemburg an und hilft Studenten, erschwingliche Unterk\u00fcnfte zu finden, indem sie bei einem Gastgeber wohnen, der ein Zimmer zu vermieten hat.<\/p>\n\n\n\n<ul class=\"wp-block-unilux-blocks-button-list-v2\">\n<li class=\"wp-block-unilux-blocks-button-list-item-v2\"><a class=\"quick-link\" href=\"https:\/\/weconnect.lu\/\" target=\"_blank\" role=\"link\" rel=\"noopener\" tabindex=\"0\"><span class=\"quick-link__container\">\n<div class=\"wp-block-unilux-blocks-block-inserter quick-link__img\"><figure class=\"wp-block-dev4-reusable-blocks-image  object-fit--cover\">\n    \n<img decoding=\"async\" class=\"wp-block-image unilux-custom-image-block\"\n                alt=\"\"\n            src=\"https:\/\/www.uni.lu\/wp-content\/uploads\/sites\/29\/2023\/10\/Icon-WeConnect.jpg\"\n                    style=\"object-position: 50.00% 50.00%; font-family: &quot;object-fit: cover; object-position: 50.00% 50.00%;&quot;; aspect-ratio: 1\/1; object-fit: cover; width: 100%;\"\n        loading=\"lazy\"\n\/>    <\/figure><\/div>\n\n\n\n<span class=\"quick-link__name wp-block-unilux-blocks-plain-text\">WeConnect-Plattform<\/span>\n\n<svg aria-hidden=\"true\" focusable=\"false\" class=\"icon icon-outline icon--external-link \"><use xlink:href=\"https:\/\/www.uni.lu\/wp-content\/themes\/unilux-theme\/assets\/images\/icons\/icons-outline.svg#icon--external-link\"><\/use><\/svg><\/span><\/a><\/li>\n<\/ul>\n<\/div>\n\n\n\n<div class=\"wp-block-column is-layout-flow wp-block-column-is-layout-flow\"><figure class=\"wp-block-dev4-reusable-blocks-image  object-fit--cover\">\n    \n<img decoding=\"async\" class=\"wp-block-image unilux-custom-image-block\"\n                alt=\"\"\n            src=\"https:\/\/www.uni.lu\/wp-content\/uploads\/sites\/30\/2024\/08\/woman-with-student-on-sofa-copyright-WeConnect.png\"\n                srcset=\"https:\/\/www.uni.lu\/wp-content\/uploads\/sites\/30\/2024\/08\/woman-with-student-on-sofa-copyright-WeConnect-300x200.png 300w, https:\/\/www.uni.lu\/wp-content\/uploads\/sites\/30\/2024\/08\/woman-with-student-on-sofa-copyright-WeConnect-1024x684.png 1024w, https:\/\/www.uni.lu\/wp-content\/uploads\/sites\/30\/2024\/08\/woman-with-student-on-sofa-copyright-WeConnect-768x513.png 768w, https:\/\/www.uni.lu\/wp-content\/uploads\/sites\/30\/2024\/08\/woman-with-student-on-sofa-copyright-WeConnect-1536x1025.png 1536w, https:\/\/www.uni.lu\/wp-content\/uploads\/sites\/30\/2024\/08\/woman-with-student-on-sofa-copyright-WeConnect.png 1600w\"\n                style=\"object-position: 50.00% 50.00%; font-family: &quot;object-fit: cover; object-position: 50.00% 50.00%;&quot;; aspect-ratio: 16\/9; object-fit: cover; width: 100%;\"\n        loading=\"lazy\"\n\/>            <p class=\"wp-block-dev4-reusable-blocks-image-caption\">\n            \u00a9 WeConnect        <\/p>\n    <\/figure><\/div>\n<\/div>\n\n\n\n<h2 class=\"has-text-align-left wp-block-unilux-blocks-heading\"        id=\"andere-moeglichkeiten-erkunden\"\n    >\nAndere M\u00f6glichkeiten erkunden<\/h2>\n\n\n\n<p>Wir empfehlen Ihnen auch, die folgenden Optionen in Betracht zu ziehen; bitte beachten Sie jedoch, dass die Universit\u00e4t keine Partnerschaft oder Verbindung mit diesen Anbietern hat und deren Dienstleistungen nicht unterst\u00fctzt oder bef\u00fcrwortet:<\/p>\n\n\n\n<h3 class=\"has-text-align-left wp-block-unilux-blocks-heading\"        id=\"in-luxemburg\"\n    >\nIn Luxemburg<\/h3>\n\n\n\n<ul class=\"ulux-list\">\n<li class=\"ulux-list-item\"><a href=\"https:\/\/loft68.lu\/\">loft68.lu<\/a><\/li>\n\n\n\n<li class=\"ulux-list-item\"><a href=\"https:\/\/www.vaubanfort.lu\/\" target=\"_blank\" rel=\"noreferrer noopener\">vaubanfort.lu<\/a><\/li>\n\n\n\n<li class=\"ulux-list-item\"><a href=\"https:\/\/www.luxmill.lu\/\" target=\"_blank\" rel=\"noreferrer noopener\">luxmill.lu<\/a><\/li>\n\n\n\n<li class=\"ulux-list-item\"><a href=\"https:\/\/www.freerentads.com\/\" target=\"_blank\" rel=\"noreferrer noopener\">freerentads.com<\/a><\/li>\n\n\n\n<li class=\"ulux-list-item\"><a href=\"https:\/\/www.immojeune.com\/en\/flatsharing\/luxembourg-lu.html\" target=\"_blank\" rel=\"noreferrer noopener\">immojeune.com<\/a><\/li>\n\n\n\n<li class=\"ulux-list-item\"><a href=\"https:\/\/www.luxfriends.eu\/en\/\" target=\"_blank\" rel=\"noreferrer noopener\">luxfriends.eu<\/a><\/li>\n\n\n\n<li class=\"ulux-list-item\"><a href=\"https:\/\/www.airbnb.co.uk\/\" target=\"_blank\" rel=\"noreferrer noopener\">airbnb<\/a><\/li>\n\n\n\n<li class=\"ulux-list-item\"><a href=\"https:\/\/www.appartager.lu\/\" target=\"_blank\" rel=\"noreferrer noopener\">appartager.lu<\/a><\/li>\n\n\n\n<li class=\"ulux-list-item\"><a href=\"http:\/\/www.recherche-colocation.com\/\" target=\"_blank\" rel=\"noreferrer noopener\">recherche-colocation.com<\/a><\/li>\n\n\n\n<li class=\"ulux-list-item\"><a href=\"https:\/\/wfs.lu\/\" target=\"_blank\" rel=\"noreferrer noopener\">Wunnraum fir Stagiairen<\/a><\/li>\n\n\n\n<li class=\"ulux-list-item\"><a href=\"https:\/\/www.justarrived.lu\/logement-luxembourg\/logement-temporaire-court-sejour\/\" target=\"_blank\" rel=\"noreferrer noopener\">justarrived.lu<\/a><\/li>\n\n\n\n<li class=\"ulux-list-item\"><a href=\"https:\/\/www.myresidhome.com\/esch-sur-alzette\/residhome-luxembourg-esch-belval\/apparthotel-residence-hoteliere.html?utm_source=adwords&amp;utm_medium=content&amp;utm_campaign=DSA_Gen_Ann3\" target=\"_blank\" rel=\"noreferrer noopener\">myresidhome.com<\/a><\/li>\n\n\n\n<li class=\"ulux-list-item\"><a href=\"https:\/\/teranga.lu\/\">Projekt TERANGA &#8211; La Maison de la Transition Alimentaire<\/a><\/li>\n<\/ul>\n\n\n\n<p>Bitte beachten Sie, dass Studierende aus <strong>Nicht-EU<\/strong>-L\u00e4ndern <strong>ihren Wohnsitz in Luxemburg haben m\u00fcssen<\/strong>.<\/p>\n\n\n\n<h3 class=\"has-text-align-left wp-block-unilux-blocks-heading\"        id=\"in-den-grenzgebieten-der-nachbarlaender\"\n    >\nIn den Grenzgebieten der Nachbarl\u00e4nder<\/h3>\n\n\n\n<p>Studierende mit <strong>EU-Staatsb\u00fcrgerschaft<\/strong>, die eine Unterkunft in den Grenzgebieten von Frankreich und Belgien in Erw\u00e4gung ziehen, k\u00f6nnen auch die folgenden Links konsultieren:<\/p>\n\n\n\n<ul class=\"ulux-list\">\n<li class=\"ulux-list-item\"><a href=\"https:\/\/www.sergic-residences.com\/fr\/les-residences-etudiantes-sergic\/R%C3%A9sidence-%C3%A9tudiante-Audun%20le%20Tiche\" target=\"_blank\" rel=\"noreferrer noopener\">sergic-residences.com<\/a><\/li>\n\n\n\n<li class=\"ulux-list-item\"><a href=\"https:\/\/mgellogement.fr\/\" target=\"_blank\" rel=\"noreferrer noopener\">mgellogement.fr<\/a><\/li>\n\n\n\n<li class=\"ulux-list-item\"><a href=\"https:\/\/www.locservice.fr\/\" target=\"_blank\" rel=\"noreferrer noopener\">locservice.fr<\/a><\/li>\n\n\n\n<li class=\"ulux-list-item\"><a href=\"https:\/\/www.immojeune.com\/\" target=\"_blank\" rel=\"noreferrer noopener\">immojeune.com<\/a><\/li>\n<\/ul>\n<\/div><\/section>\n\n\n<section class=\"section section wp-block-unilux-blocks-quick-link-discover-section py-0\">\n    <div class=\"container xl:max-w-screen-xl\">\n        \n<h2 class=\"has-text-align-left wp-block-unilux-blocks-heading\"        id=\"mehr-entdecken\"\n    >\nMehr entdecken<\/h2>\n\n<ul class=\"wp-block-unilux-blocks-quick-link-discover quick-link-list\">\n<li class=\"wp-block-unilux-blocks-quick-link-discover-item\">\n    <a\n                    href=\"https:\/\/www.uni.lu\/life-de\/umzug-nach-luxemburg\/\"\n                    class=\"quick-link\"\n            target=\"\"\n    >\n            <span class=\"quick-link__container\">\n                <span class=\"quick-link__text\">\n                    Umzug nach Luxemburg                <\/span>\n                <svg aria-hidden=\"true\" focusable=\"false\" class=\"icon icon-outline icon--arrow-right \"><use xlink:href=\"https:\/\/www.uni.lu\/wp-content\/themes\/unilux-theme\/assets\/images\/icons\/icons-outline.svg#icon--arrow-right\"><\/use><\/svg>            <\/span>\n    <\/a>\n<\/li>\n\n\n\n<li class=\"wp-block-unilux-blocks-quick-link-discover-item\">\n    <a\n                    href=\"https:\/\/www.uni.lu\/life-de\/finanzielle-unterstuetzung\/lebenshaltungskosten\/\"\n                    class=\"quick-link\"\n            target=\"\"\n    >\n            <span class=\"quick-link__container\">\n                <span class=\"quick-link__text\">\n                    Lebenshaltungskosten                <\/span>\n                <svg aria-hidden=\"true\" focusable=\"false\" class=\"icon icon-outline icon--arrow-right \"><use xlink:href=\"https:\/\/www.uni.lu\/wp-content\/themes\/unilux-theme\/assets\/images\/icons\/icons-outline.svg#icon--arrow-right\"><\/use><\/svg>            <\/span>\n    <\/a>\n<\/li>\n<\/ul>\n    <\/div>\n<\/section>\n\n<div class=\"wp-block-unilux-blocks-spacer is-spacer-size-lg\"><\/div><\/div>","protected":false},"excerpt":{"rendered":"","protected":false},"author":337,"featured_media":0,"parent":393,"menu_order":0,"comment_status":"closed","ping_status":"closed","template":"","meta":{"featured_image_focal_point":[],"show_featured_caption":false,"ulux_newsletter_groups":"","uluxPostTitle":"Wohnen","uluxPrePostTitle":"","_trash_the_other_posts":false,"_price":"","_stock":"","_tribe_ticket_header":"","_tribe_default_ticket_provider":"","_tribe_ticket_capacity":"0","_ticket_start_date":"","_ticket_end_date":"","_tribe_ticket_show_description":"","_tribe_ticket_show_not_going":false,"_tribe_ticket_use_global_stock":"","_tribe_ticket_global_stock_level":"","_global_stock_mode":"","_global_stock_cap":"","_tribe_rsvp_for_event":"","_tribe_ticket_going_count":"","_tribe_ticket_not_going_count":"","_tribe_tickets_list":"[]","_tribe_ticket_has_attendee_info_fields":false,"footnotes":""},"field-of-interest":[],"organisation":[],"authorship":[42,210,337,385],"acf":[],"yoast_head":"<!-- This site is optimized with the Yoast SEO Premium plugin v22.3 (Yoast SEO v22.3) - https:\/\/yoast.com\/wordpress\/plugins\/seo\/ -->\n<title>Alternativen - Universit\u00e4t Luxemburg I Uni.lu<\/title>\n<meta name=\"description\" content=\"Neben den von der Universit\u00e4t angebotenen Unterk\u00fcnften stehen den Studierenden auch alternative Wohnm\u00f6glichkeiten zur Verf\u00fcgung.\" \/>\n<meta name=\"robots\" content=\"index, follow, max-snippet:-1, max-image-preview:large, max-video-preview:-1\" \/>\n<link rel=\"canonical\" href=\"https:\/\/www.uni.lu\/life-de\/wohnen\/alternative-wohnmoeglichkeiten-fuer-studierende\/\" \/>\n<meta property=\"og:locale\" content=\"de_DE\" \/>\n<meta property=\"og:type\" content=\"article\" \/>\n<meta property=\"og:title\" content=\"Alternativen\" \/>\n<meta property=\"og:description\" content=\"Neben den von der Universit\u00e4t angebotenen Unterk\u00fcnften stehen den Studierenden auch alternative Wohnm\u00f6glichkeiten zur Verf\u00fcgung.\" \/>\n<meta property=\"og:url\" content=\"https:\/\/www.uni.lu\/life-de\/wohnen\/alternative-wohnmoeglichkeiten-fuer-studierende\/\" \/>\n<meta property=\"og:site_name\" content=\"LIFE DE\" \/>\n<meta property=\"article:modified_time\" content=\"2025-12-02T08:37:16+00:00\" \/>\n<meta property=\"og:image\" content=\"https:\/\/www.uni.lu\/wp-content\/uploads\/sites\/30\/2026\/03\/03115231\/UNIV_SM-Profile_1600x1600px-scaled.jpg\" \/>\n\t<meta property=\"og:image:width\" content=\"2560\" \/>\n\t<meta property=\"og:image:height\" content=\"2560\" \/>\n\t<meta property=\"og:image:type\" content=\"image\/jpeg\" \/>\n<meta name=\"twitter:card\" content=\"summary_large_image\" \/>\n<meta name=\"twitter:label1\" content=\"Gesch\u00e4tzte Lesezeit\" \/>\n\t<meta name=\"twitter:data1\" content=\"1 Minute\" \/>\n<script type=\"application\/ld+json\" class=\"yoast-schema-graph\">{\"@context\":\"https:\/\/schema.org\",\"@graph\":[{\"@type\":\"WebPage\",\"@id\":\"https:\/\/www.uni.lu\/life-de\/wohnen\/alternative-wohnmoeglichkeiten-fuer-studierende\/\",\"url\":\"https:\/\/www.uni.lu\/life-de\/wohnen\/alternative-wohnmoeglichkeiten-fuer-studierende\/\",\"name\":\"Alternativen - Universit\u00e4t Luxemburg I Uni.lu\",\"isPartOf\":{\"@id\":\"https:\/\/www.uni.lu\/life-de\/#website\"},\"datePublished\":\"2024-07-30T10:04:38+00:00\",\"dateModified\":\"2025-12-02T08:37:16+00:00\",\"description\":\"Neben den von der Universit\u00e4t angebotenen Unterk\u00fcnften stehen den Studierenden auch alternative Wohnm\u00f6glichkeiten zur Verf\u00fcgung.\",\"breadcrumb\":{\"@id\":\"https:\/\/www.uni.lu\/life-de\/wohnen\/alternative-wohnmoeglichkeiten-fuer-studierende\/#breadcrumb\"},\"inLanguage\":\"de-DE\",\"potentialAction\":[{\"@type\":\"ReadAction\",\"target\":[\"https:\/\/www.uni.lu\/life-de\/wohnen\/alternative-wohnmoeglichkeiten-fuer-studierende\/\"]}]},{\"@type\":\"BreadcrumbList\",\"@id\":\"https:\/\/www.uni.lu\/life-de\/wohnen\/alternative-wohnmoeglichkeiten-fuer-studierende\/#breadcrumb\",\"itemListElement\":[{\"@type\":\"ListItem\",\"position\":1,\"name\":\"Home\",\"item\":\"https:\/\/www.uni.lu\/de\"},{\"@type\":\"ListItem\",\"position\":2,\"name\":\"Leben an der Universit\u00e4t\",\"item\":\"https:\/\/www.uni.lu\/life-de\/\"},{\"@type\":\"ListItem\",\"position\":3,\"name\":\"Wohnen\",\"item\":\"https:\/\/www.uni.lu\/life-de\/wohnen\/\"},{\"@type\":\"ListItem\",\"position\":4,\"name\":\"Alternativen\"}]},{\"@type\":\"WebSite\",\"@id\":\"https:\/\/www.uni.lu\/life-de\/#website\",\"url\":\"https:\/\/www.uni.lu\/life-de\/\",\"name\":\"Uni.lu\",\"description\":\"Leben an der Universit\u00e4t Luxemburg\",\"publisher\":{\"@id\":\"https:\/\/www.uni.lu\/life-de\/#organization\"},\"alternateName\":\"Universit\u00e4t Luxemburg I Uni.lu\",\"potentialAction\":[{\"@type\":\"SearchAction\",\"target\":{\"@type\":\"EntryPoint\",\"urlTemplate\":\"https:\/\/www.uni.lu\/life-de\/?s={search_term_string}\"},\"query-input\":\"required name=search_term_string\"}],\"inLanguage\":\"de-DE\"},{\"@type\":\"Organization\",\"@id\":\"https:\/\/www.uni.lu\/life-de\/#organization\",\"name\":\"Universit\u00e4t Luxemburg\",\"alternateName\":\"Uni.lu\",\"url\":\"https:\/\/www.uni.lu\/life-de\/\",\"logo\":{\"@type\":\"ImageObject\",\"inLanguage\":\"de-DE\",\"@id\":\"https:\/\/www.uni.lu\/life-de\/#\/schema\/logo\/image\/\",\"url\":\"https:\/\/www.uni.lu\/wp-content\/uploads\/sites\/30\/2026\/03\/03115231\/UNIV_SM-Profile_1600x1600px-scaled.jpg\",\"contentUrl\":\"https:\/\/www.uni.lu\/wp-content\/uploads\/sites\/30\/2026\/03\/03115231\/UNIV_SM-Profile_1600x1600px-scaled.jpg\",\"width\":2560,\"height\":2560,\"caption\":\"Universit\u00e4t Luxemburg\"},\"image\":{\"@id\":\"https:\/\/www.uni.lu\/life-de\/#\/schema\/logo\/image\/\"}}]}<\/script>\n<!-- \/ Yoast SEO Premium plugin. -->","yoast_head_json":{"title":"Alternativen - Universit\u00e4t Luxemburg I Uni.lu","description":"Neben den von der Universit\u00e4t angebotenen Unterk\u00fcnften stehen den Studierenden auch alternative Wohnm\u00f6glichkeiten zur Verf\u00fcgung.","robots":{"index":"index","follow":"follow","max-snippet":"max-snippet:-1","max-image-preview":"max-image-preview:large","max-video-preview":"max-video-preview:-1"},"canonical":"https:\/\/www.uni.lu\/life-de\/wohnen\/alternative-wohnmoeglichkeiten-fuer-studierende\/","og_locale":"de_DE","og_type":"article","og_title":"Alternativen","og_description":"Neben den von der Universit\u00e4t angebotenen Unterk\u00fcnften stehen den Studierenden auch alternative Wohnm\u00f6glichkeiten zur Verf\u00fcgung.","og_url":"https:\/\/www.uni.lu\/life-de\/wohnen\/alternative-wohnmoeglichkeiten-fuer-studierende\/","og_site_name":"LIFE DE","article_modified_time":"2025-12-02T08:37:16+00:00","og_image":[{"width":2560,"height":2560,"url":"https:\/\/www.uni.lu\/wp-content\/uploads\/sites\/30\/2026\/03\/03115231\/UNIV_SM-Profile_1600x1600px-scaled.jpg","type":"image\/jpeg"}],"twitter_card":"summary_large_image","twitter_misc":{"Gesch\u00e4tzte Lesezeit":"1 Minute"},"schema":{"@context":"https:\/\/schema.org","@graph":[{"@type":"WebPage","@id":"https:\/\/www.uni.lu\/life-de\/wohnen\/alternative-wohnmoeglichkeiten-fuer-studierende\/","url":"https:\/\/www.uni.lu\/life-de\/wohnen\/alternative-wohnmoeglichkeiten-fuer-studierende\/","name":"Alternativen - Universit\u00e4t Luxemburg I Uni.lu","isPartOf":{"@id":"https:\/\/www.uni.lu\/life-de\/#website"},"datePublished":"2024-07-30T10:04:38+00:00","dateModified":"2025-12-02T08:37:16+00:00","description":"Neben den von der Universit\u00e4t angebotenen Unterk\u00fcnften stehen den Studierenden auch alternative Wohnm\u00f6glichkeiten zur Verf\u00fcgung.","breadcrumb":{"@id":"https:\/\/www.uni.lu\/life-de\/wohnen\/alternative-wohnmoeglichkeiten-fuer-studierende\/#breadcrumb"},"inLanguage":"de-DE","potentialAction":[{"@type":"ReadAction","target":["https:\/\/www.uni.lu\/life-de\/wohnen\/alternative-wohnmoeglichkeiten-fuer-studierende\/"]}]},{"@type":"BreadcrumbList","@id":"https:\/\/www.uni.lu\/life-de\/wohnen\/alternative-wohnmoeglichkeiten-fuer-studierende\/#breadcrumb","itemListElement":[{"@type":"ListItem","position":1,"name":"Home","item":"https:\/\/www.uni.lu\/de"},{"@type":"ListItem","position":2,"name":"Leben an der Universit\u00e4t","item":"https:\/\/www.uni.lu\/life-de\/"},{"@type":"ListItem","position":3,"name":"Wohnen","item":"https:\/\/www.uni.lu\/life-de\/wohnen\/"},{"@type":"ListItem","position":4,"name":"Alternativen"}]},{"@type":"WebSite","@id":"https:\/\/www.uni.lu\/life-de\/#website","url":"https:\/\/www.uni.lu\/life-de\/","name":"Uni.lu","description":"Leben an der Universit\u00e4t Luxemburg","publisher":{"@id":"https:\/\/www.uni.lu\/life-de\/#organization"},"alternateName":"Universit\u00e4t Luxemburg I Uni.lu","potentialAction":[{"@type":"SearchAction","target":{"@type":"EntryPoint","urlTemplate":"https:\/\/www.uni.lu\/life-de\/?s={search_term_string}"},"query-input":"required name=search_term_string"}],"inLanguage":"de-DE"},{"@type":"Organization","@id":"https:\/\/www.uni.lu\/life-de\/#organization","name":"Universit\u00e4t Luxemburg","alternateName":"Uni.lu","url":"https:\/\/www.uni.lu\/life-de\/","logo":{"@type":"ImageObject","inLanguage":"de-DE","@id":"https:\/\/www.uni.lu\/life-de\/#\/schema\/logo\/image\/","url":"https:\/\/www.uni.lu\/wp-content\/uploads\/sites\/30\/2026\/03\/03115231\/UNIV_SM-Profile_1600x1600px-scaled.jpg","contentUrl":"https:\/\/www.uni.lu\/wp-content\/uploads\/sites\/30\/2026\/03\/03115231\/UNIV_SM-Profile_1600x1600px-scaled.jpg","width":2560,"height":2560,"caption":"Universit\u00e4t Luxemburg"},"image":{"@id":"https:\/\/www.uni.lu\/life-de\/#\/schema\/logo\/image\/"}}]}},"ticketed":false,"_links":{"self":[{"href":"https:\/\/www.uni.lu\/life-de\/wp-json\/wp\/v2\/pages\/892"}],"collection":[{"href":"https:\/\/www.uni.lu\/life-de\/wp-json\/wp\/v2\/pages"}],"about":[{"href":"https:\/\/www.uni.lu\/life-de\/wp-json\/wp\/v2\/types\/page"}],"author":[{"embeddable":true,"href":"https:\/\/www.uni.lu\/life-de\/wp-json\/wp\/v2\/users\/337"}],"replies":[{"embeddable":true,"href":"https:\/\/www.uni.lu\/life-de\/wp-json\/wp\/v2\/comments?post=892"}],"version-history":[{"count":5,"href":"https:\/\/www.uni.lu\/life-de\/wp-json\/wp\/v2\/pages\/892\/revisions"}],"predecessor-version":[{"id":1975,"href":"https:\/\/www.uni.lu\/life-de\/wp-json\/wp\/v2\/pages\/892\/revisions\/1975"}],"up":[{"embeddable":true,"href":"https:\/\/www.uni.lu\/life-de\/wp-json\/wp\/v2\/pages\/393"}],"wp:authorship":[{"embeddable":true,"href":"https:\/\/www.uni.lu\/life-de\/wp-json\/wp\/v2\/users\/42"},{"embeddable":true,"href":"https:\/\/www.uni.lu\/life-de\/wp-json\/wp\/v2\/users\/210"},{"embeddable":true,"href":"https:\/\/www.uni.lu\/life-de\/wp-json\/wp\/v2\/users\/337"},{"embeddable":true,"href":"https:\/\/www.uni.lu\/life-de\/wp-json\/wp\/v2\/users\/385"}],"wp:attachment":[{"href":"https:\/\/www.uni.lu\/life-de\/wp-json\/wp\/v2\/media?parent=892"}],"wp:term":[{"taxonomy":"field-of-interest","embeddable":true,"href":"https:\/\/www.uni.lu\/life-de\/wp-json\/wp\/v2\/field-of-interest?post=892"},{"taxonomy":"organisation","embeddable":true,"href":"https:\/\/www.uni.lu\/life-de\/wp-json\/wp\/v2\/organisation?post=892"}],"curies":[{"name":"wp","href":"https:\/\/api.w.org\/{rel}","templated":true}]}}