{"id":567,"date":"2024-04-11T14:13:12","date_gmt":"2024-04-11T12:13:12","guid":{"rendered":"https:\/\/www.uni.lu\/life-de\/?page_id=567"},"modified":"2026-02-17T14:07:45","modified_gmt":"2026-02-17T13:07:45","slug":"lebenshaltungskosten","status":"publish","type":"page","link":"https:\/\/www.uni.lu\/life-de\/finanzielle-unterstuetzung\/lebenshaltungskosten\/","title":{"rendered":"Lebenshaltungskosten &amp; Budgetplanung"},"content":{"rendered":"<div class=\"section py-0 static\">\n<section class=\"py-0 wp-block-unilux-blocks-free-section section\"><div class=\"container xl:max-w-screen-xl\"><!-- SecondaryNavigationMirror --><div class=\"js-secondary-nav--sticky wp-block-unilux-blocks-secondary-navigation\" id=\"d9530a6e-8f50-40e9-80a5-19da0fc323fe\">\n    <nav id=\"secondary-navigation\" role=\"navigation\" aria-label=\"Secondary menu\" class=\"secondary-nav\">\n        <button class=\"secondary-nav__button btn btn-solid--primary w-full\" aria-expanded=\"false\" aria-controls=\"secondary-navigation__list\" title=\"The selected page is Lebenshaltungskosten\" type=\"button\">\n            <span class=\"btn__name mr-auto\">Lebenshaltungskosten<\/span>\n            <svg aria-hidden=\"true\" focusable=\"false\" class=\"icon icon-outline icon--xs\">\n                <use xlink:href=\"https:\/\/www.uni.lu\/wp-content\/themes\/unilux-theme\/assets\/images\/icons\/icons-outline.svg#icon--arrow-down\" \/>\n            <\/svg>\n        <\/button>\n\n        <ul id=\"secondary-navigation__list\" class=\"secondary-nav__list\">\n            <li class=\"secondary-nav__item\">\n    <a href=\"https:\/\/www.uni.lu\/life-de\/finanzielle-unterstuetzung\/\" target=\"\" rel=\"noreferrer noopener\" class=\"secondary-nav__link \">\n        <svg aria-hidden=\"true\" focusable=\"false\" class=\"icon icon-outline icon--xs\">\n            <use xlink:href=\"https:\/\/www.uni.lu\/wp-content\/themes\/unilux-theme\/assets\/images\/icons\/icons-outline.svg#icon--arrow-right\" \/>\n        <\/svg>\n        <span class=\"secondary-nav__name\">\u00dcbersicht<\/span>\n    <\/a>\n<\/li>\n<li class=\"secondary-nav__item\">\n    <a href=\"https:\/\/www.uni.lu\/life-de\/finanzielle-unterstuetzung\/lebenshaltungskosten\/\" target=\"\" rel=\"noreferrer noopener\" class=\"secondary-nav__link isactived\" aria-current=\"page\">\n        <svg aria-hidden=\"true\" focusable=\"false\" class=\"icon icon-outline icon--xs\">\n            <use xlink:href=\"https:\/\/www.uni.lu\/wp-content\/themes\/unilux-theme\/assets\/images\/icons\/icons-outline.svg#icon--arrow-right\" \/>\n        <\/svg>\n        <span class=\"secondary-nav__name\">Lebenshaltungskosten<\/span>\n    <\/a>\n<\/li>\n<li class=\"secondary-nav__item\">\n    <a href=\"https:\/\/www.uni.lu\/life-de\/finanzielle-unterstuetzung\/stipendien\/\" target=\"\" rel=\"noreferrer noopener\" class=\"secondary-nav__link \">\n        <svg aria-hidden=\"true\" focusable=\"false\" class=\"icon icon-outline icon--xs\">\n            <use xlink:href=\"https:\/\/www.uni.lu\/wp-content\/themes\/unilux-theme\/assets\/images\/icons\/icons-outline.svg#icon--arrow-right\" \/>\n        <\/svg>\n        <span class=\"secondary-nav__name\">Stipendien<\/span>\n    <\/a>\n<\/li>\n<li class=\"secondary-nav__item\">\n    <a href=\"https:\/\/www.uni.lu\/life-de\/finanzielle-unterstuetzung\/haertefaellen\/\" target=\"\" rel=\"noreferrer noopener\" class=\"secondary-nav__link \">\n        <svg aria-hidden=\"true\" focusable=\"false\" class=\"icon icon-outline icon--xs\">\n            <use xlink:href=\"https:\/\/www.uni.lu\/wp-content\/themes\/unilux-theme\/assets\/images\/icons\/icons-outline.svg#icon--arrow-right\" \/>\n        <\/svg>\n        <span class=\"secondary-nav__name\">Unterst\u00fctzung in H\u00e4rtef\u00e4llen<\/span>\n    <\/a>\n<\/li>\n        <\/ul>\n    <\/nav>\n<\/div>\n<!-- end SecondaryNavigationMirror --><\/div><\/section>\n\n\n\n<section class=\"wp-block-unilux-blocks-free-section section\"><div class=\"container xl:max-w-screen-xl\">\n<h1 class=\"has-text-align-left wp-block-unilux-blocks-heading\"        id=\"lebenshaltungskosten-budgetplanung\"\n    >\nLebenshaltungskosten &amp; Budgetplanung<\/h1>\n\n\n\n<h2 class=\"has-text-align-left wp-block-unilux-blocks-heading\"        id=\"anfangsbudget\"\n    >\nAnfangsbudget<\/h2>\n\n\n\n<p>Bei Ihrer Ankunft sollten Sie mit anf\u00e4nglichen Ausgaben von mindestens 2.700 \u20ac rechnen, um die folgenden Kosten zu decken:<\/p>\n\n\n\n<ul class=\"ulux-list\">\n<li class=\"ulux-list-item\">Einschreibung<\/li>\n\n\n\n<li class=\"ulux-list-item\">Krankenversicherung<\/li>\n\n\n\n<li class=\"ulux-list-item\">Erste Miete + Mietkaution + Mietversicherung\n<ul class=\"ulux-list\">\n<li class=\"ulux-list-item\">Bei der Universit\u00e4tsunterkunft m\u00fcssen die Kaution und die erste Miete <strong>innerhalb von 10 Tagen <\/strong>nach Erhalt<strong> <\/strong>des Zimmerangebots in einer einzigen Zahlung beglichen werden.<\/li>\n<\/ul>\n<\/li>\n\n\n\n<li class=\"ulux-list-item\">Verpflegungskosten<\/li>\n<\/ul>\n\n\n\n<h2 class=\"has-text-align-left wp-block-unilux-blocks-heading\"        id=\"geschaetztes-monatliches-budget-fuer-studierende\"\n    >\nGesch\u00e4tztes monatliches Budget f\u00fcr Studierende<\/h2>\n\n\n\n<p>Es ist sehr schwierig, die Gesamtkosten eines Studiums genau einzusch\u00e4tzen. Einige Ausgaben sind verpflichtend, da sie direkt mit dem Studium verbunden sind, w\u00e4hrend andere von der individuellen Situation der Studierenden abh\u00e4ngen, zum Beispiel von der Wohnsituation in Luxemburg oder davon, ob man auf dem Campus oder au\u00dferhalb isst.<\/p>\n\n\n\n<p>Laut dem Ministerium f\u00fcr innere Angelegenheiten, Generaldirektion f\u00fcr Einwanderung m\u00fcssen Studierende \u00fcber monatliche Mittel verf\u00fcgen, die mindestens 80 Prozent des garantierten Mindesteinkommens in Luxemburg entsprechen. Im Jahr 2025 m\u00fcssen die nachzuweisenden finanziellen Mittel mindestens 18.211 \u20ac pro Studienjahr bzw. mindestens 1.517 \u20ac pro Monat betragen (bei m\u00f6glichen Anpassungen an soziale Parameter).<\/p>\n\n\n\n<ul class=\"wp-block-unilux-blocks-highlighted-list list-highlighted list-highlighted--architectural\"><li class=\"list-highlighted__item  wp-block-unilux-blocks-highlighted-list-item\">\n    <header class=\"list-highlighted__header wp-block-unilux-blocks-highlighted-list-item-header\">\n    \n<h4 class=\"title text-18 font-bold has-text-align-left wp-block-unilux-blocks-heading\"        id=\"einschreibung-an-der-universitaet-luxemburg\"\n    >\nEinschreibung an der Universit\u00e4t Luxemburg<\/h4>\n<div class=\"wp-block-unilux-blocks-bigtext\">\n    <span>\n        \n    <\/span>\n<\/div><\/header><div class=\"list-highlighted__body wp-block-unilux-blocks-highlighted-list-item-body\">\n    <div class=\"wp-block-unilux-blocks-highlighted-list-item-free-content-area\">\n    \n<p>400 \u20ac \/ Semester<br>Die Studiengeb\u00fchren k\u00f6nnen je nach Studiengang unterschiedlich sein. Bitte informieren Sie sich auf der Webseite Ihres Studiengangs \u00fcber die genauen Angaben.<\/p>\n<\/div><\/div><\/li>\n\n<li class=\"list-highlighted__item  wp-block-unilux-blocks-highlighted-list-item\">\n    <header class=\"list-highlighted__header wp-block-unilux-blocks-highlighted-list-item-header\">\n    \n<h4 class=\"title text-18 font-bold has-text-align-left wp-block-unilux-blocks-heading\"        id=\"monatliche-miete-fuer-wohnheime-der-universitaet\"\n    >\nMonatliche Miete f\u00fcr Wohnheime der Universit\u00e4t*<\/h4>\n<div class=\"wp-block-unilux-blocks-bigtext\">\n    <span>\n        \n    <\/span>\n<\/div><\/header><div class=\"list-highlighted__body wp-block-unilux-blocks-highlighted-list-item-body\">\n    <div class=\"wp-block-unilux-blocks-highlighted-list-item-free-content-area\">\n    \n<p>450 \u20ac \/ Monat mindestens<\/p>\n<\/div><\/div><\/li>\n\n<li class=\"list-highlighted__item  wp-block-unilux-blocks-highlighted-list-item\">\n    <header class=\"list-highlighted__header wp-block-unilux-blocks-highlighted-list-item-header\">\n    \n<h4 class=\"title text-18 font-bold has-text-align-left wp-block-unilux-blocks-heading\"        id=\"mietkaution-fuer-wohnheime-der-universitaet\"\n    >\nMietkaution f\u00fcr Wohnheime der Universit\u00e4t*<\/h4>\n<div class=\"wp-block-unilux-blocks-bigtext\">\n    <span>\n        \n    <\/span>\n<\/div><\/header><div class=\"list-highlighted__body wp-block-unilux-blocks-highlighted-list-item-body\">\n    <div class=\"wp-block-unilux-blocks-highlighted-list-item-free-content-area\">\n    \n<p>Die H\u00f6he der Kaution entspricht zwei (2) Monatsmieten<br>Beispiele: 900 \u20ac bei einer monatlichen Miete von 450 \u20ac, 1.500 \u20ac bei einer monatlichen Miete von 750 \u20ac<\/p>\n<\/div><\/div><\/li>\n\n<li class=\"list-highlighted__item  wp-block-unilux-blocks-highlighted-list-item\">\n    <header class=\"list-highlighted__header wp-block-unilux-blocks-highlighted-list-item-header\">\n    \n<h4 class=\"title text-18 font-bold has-text-align-left wp-block-unilux-blocks-heading\"        id=\"mietversicherung-fuer-wohnheime-der-universitaet\"\n    >\nMietversicherung f\u00fcr Wohnheime der Universit\u00e4t*<\/h4>\n<div class=\"wp-block-unilux-blocks-bigtext\">\n    <span>\n        \n    <\/span>\n<\/div><\/header><div class=\"list-highlighted__body wp-block-unilux-blocks-highlighted-list-item-body\">\n    <div class=\"wp-block-unilux-blocks-highlighted-list-item-free-content-area\">\n    \n<p>ab 55 \u20ac \/ Jahr<\/p>\n<\/div><\/div><\/li>\n\n<li class=\"list-highlighted__item  wp-block-unilux-blocks-highlighted-list-item\">\n    <header class=\"list-highlighted__header wp-block-unilux-blocks-highlighted-list-item-header\">\n    \n<h4 class=\"title text-18 font-bold has-text-align-left wp-block-unilux-blocks-heading\"        id=\"mahlzeit-5-e-mahlzeit\"\n    >\nMahlzeit (5 \u20ac \/ Mahlzeit)<\/h4>\n<div class=\"wp-block-unilux-blocks-bigtext\">\n    <span>\n        \n    <\/span>\n<\/div><\/header><div class=\"list-highlighted__body wp-block-unilux-blocks-highlighted-list-item-body\">\n    <div class=\"wp-block-unilux-blocks-highlighted-list-item-free-content-area\">\n    \n<p>360 \u20ac \/ Monat (<a href=\"https:\/\/www.uni.lu\/life-de\/einrichtungen\/restaurants\/\">Universit\u00e4tsrestaurant<\/a>)<\/p>\n<\/div><\/div><\/li>\n\n<li class=\"list-highlighted__item  wp-block-unilux-blocks-highlighted-list-item\">\n    <header class=\"list-highlighted__header wp-block-unilux-blocks-highlighted-list-item-header\">\n    \n<h4 class=\"title text-18 font-bold has-text-align-left wp-block-unilux-blocks-heading\"        id=\"telefon\"\n    >\nTelefon<\/h4>\n<div class=\"wp-block-unilux-blocks-bigtext\">\n    <span>\n        \n    <\/span>\n<\/div><\/header><div class=\"list-highlighted__body wp-block-unilux-blocks-highlighted-list-item-body\">\n    <div class=\"wp-block-unilux-blocks-highlighted-list-item-free-content-area\">\n    \n<p>40 \u20ac<\/p>\n<\/div><\/div><\/li>\n\n<li class=\"list-highlighted__item  wp-block-unilux-blocks-highlighted-list-item\">\n    <header class=\"list-highlighted__header wp-block-unilux-blocks-highlighted-list-item-header\">\n    \n<h4 class=\"title text-18 font-bold has-text-align-left wp-block-unilux-blocks-heading\"        id=\"freizeitaktivitaeten-kino-veranstaltungen-fuer-studierende-sport\"\n    >\nFreizeitaktivit\u00e4ten (Kino, Veranstaltungen f\u00fcr Studierende, Sport \u2026)<\/h4>\n<div class=\"wp-block-unilux-blocks-bigtext\">\n    <span>\n        \n    <\/span>\n<\/div><\/header><div class=\"list-highlighted__body wp-block-unilux-blocks-highlighted-list-item-body\">\n    <div class=\"wp-block-unilux-blocks-highlighted-list-item-free-content-area\">\n    \n<p>150 \u20ac<\/p>\n<\/div><\/div><\/li>\n\n<li class=\"list-highlighted__item  wp-block-unilux-blocks-highlighted-list-item\">\n    <header class=\"list-highlighted__header wp-block-unilux-blocks-highlighted-list-item-header\">\n    \n<h4 class=\"title text-18 font-bold has-text-align-left wp-block-unilux-blocks-heading\"        id=\"didaktisches-material-buecher-fotokopien-etc\"\n    >\nDidaktisches Material (B\u00fccher, Fotokopien, etc\u2026)<\/h4>\n<div class=\"wp-block-unilux-blocks-bigtext\">\n    <span>\n        \n    <\/span>\n<\/div><\/header><div class=\"list-highlighted__body wp-block-unilux-blocks-highlighted-list-item-body\">\n    <div class=\"wp-block-unilux-blocks-highlighted-list-item-free-content-area\">\n    \n<p>400 \u20ac \/ Jahr<\/p>\n<\/div><\/div><\/li><\/ul>\n\n\n\n<p>* Bitte beachten Sie, dass <strong>ein Platz in den Universit\u00e4tsunterk\u00fcnften nicht garantiert ist<\/strong>. Die Anmietung eines Zimmers auf dem privaten Wohnungsmarkt ist deutlich teurer, und die Bedingungen f\u00fcr Mietkautionen und Versicherungen k\u00f6nnen abweichen. Es liegt in der Verantwortung jedes Studierenden, vor der Ankunft in Luxemburg eine Unterkunft zu organisieren.<\/p>\n<\/div><\/section>\n\n\n\n<section class=\"py-0 wp-block-unilux-blocks-free-section section\"><div class=\"container xl:max-w-screen-xl\">\n<h2 class=\"has-text-align-left wp-block-unilux-blocks-heading\"        id=\"beispiele-verbraucherpreise\"\n    >\nBeispiele\u00a0(Verbraucherpreise)<\/h2>\n\n\n\n<p>Die Bev\u00f6lkerung Luxemburgs genie\u00dft einen hohen Lebensstandard, was bedeutet, dass die Lebenshaltungskosten relativ hoch sind. Auch die Mietpreise liegen auf einem hohen Niveau, w\u00e4hrend die Kosten f\u00fcr Konsumg\u00fcter mit denen anderer gro\u00dfer europ\u00e4ischer St\u00e4dte vergleichbar sind.<\/p>\n\n\n\n<figure class=\"wp-block-table\"><table><tbody><tr><td>Bananen (1 kg)<\/td><td>2.1<\/td><td>Kaffee (250 g)<\/td><td>5.1<\/td><\/tr><tr><td>Brot (500g geschnitten)<\/td><td>3.4<\/td><td>\u00c4pfel (1kg)<\/td><td>3.2<\/td><\/tr><tr><td>Croissant (1 St\u00fcck)<\/td><td>1.5<\/td><td>Heiz\u00f6l (1 l)<\/td><td>0.8<\/td><\/tr><tr><td>Schweinekotelett (1 kg)<\/td><td>13.6<\/td><td>\u00c4rztliche Sprechst. Allgemeinarzt<\/td><td>62.1<\/td><\/tr><tr><td>Frischmilch (1 l)<\/td><td>1.7<\/td><td>\u00c4rztliche Sprechst. Facharzt<\/td><td>57.0<\/td><\/tr><tr><td>Eier (ein Dutzend)<\/td><td>4.7<\/td><td>\u00d6ffentliche Verkehrsmittel<\/td><td>Kostenlos<\/td><\/tr><tr><td>Butter&nbsp;(250 g)<\/td><td>3.7<\/td><td>Diesel (1 l)<\/td><td>1.4<\/td><\/tr><tr><td>Kartoffeln&nbsp;(5 kg)<\/td><td>11.0<\/td><td>Tageszeitung&nbsp;(1)<\/td><td>4.2<\/td><\/tr><tr><td>Mineralwasser ohne Kohlens\u00e4ure (1.5 l)<\/td><td>0.8<\/td><td>Kinoeintrittskarte<\/td><td>12.9<\/td><\/tr><\/tbody><\/table><\/figure>\n\n\n\n<p>Quelle: <a href=\"https:\/\/lustat.statec.lu\/vis?lc=en&amp;fs[0]=Topics%2C1%7CTotal%20economy%20and%20prices%23E%23%7CPrices%23E5%23&amp;pg=0&amp;fc=Topics&amp;bp=true&amp;snb=18&amp;df[ds]=ds-release&amp;df[id]=DSD_PRIX_PRODUIT%40DF_E5300&amp;df[ag]=LU1&amp;df[vs]=1.0&amp;dq=..A..TICKET%2BMOVIE%2BNEWS%2BFUEL_ROAD%2BMED2%2BMED%2BFUEL_OIL%2BAPP%2BCOF%2BWAT%2BBAN%2BPAIN%2BCROI%2BPOT%2BBUTT%2BEGGS%2BMILK%2BPORC........&amp;lom=LASTNOBSERVATIONS&amp;lo=5&amp;pd=2022%2C2025&amp;to[TIME_PERIOD]=false\" target=\"_blank\" rel=\"noreferrer noopener\">Durchschnittliche Preise f\u00fcr bestimmte Produkte im Juni (in EUR). Statistiques.lu 2025<\/a> (EN\/FR)<\/p>\n<\/div><\/section>\n\n\n<section class=\"section section wp-block-unilux-blocks-quick-link-discover-section\">\n    <div class=\"container xl:max-w-screen-xl\">\n        \n<h2 class=\"has-text-align-left wp-block-unilux-blocks-heading\"        id=\"zusaetzliche-informationen\"\n    >\nZus\u00e4tzliche Informationen<\/h2>\n\n<ul class=\"wp-block-unilux-blocks-quick-link-discover quick-link-list\">\n<li class=\"wp-block-unilux-blocks-quick-link-discover-item\">\n    <a\n                    href=\"https:\/\/www.uni.lu\/life-de\/wohnen\/\"\n                    class=\"quick-link\"\n            target=\"\"\n    >\n            <span class=\"quick-link__container\">\n                <span class=\"quick-link__text\">\n                    Wohnen im Studentenwohnheim der Universit\u00e4t                <\/span>\n                <svg aria-hidden=\"true\" focusable=\"false\" class=\"icon icon-outline icon--arrow-right \"><use xlink:href=\"https:\/\/www.uni.lu\/wp-content\/themes\/unilux-theme\/assets\/images\/icons\/icons-outline.svg#icon--arrow-right\"><\/use><\/svg>            <\/span>\n    <\/a>\n<\/li>\n\n\n\n<li class=\"wp-block-unilux-blocks-quick-link-discover-item\">\n    <a\n                    href=\"https:\/\/www.uni.lu\/life-de\/kurse-workshops\/\"\n                    class=\"quick-link\"\n            target=\"\"\n    >\n            <span class=\"quick-link__container\">\n                <span class=\"quick-link__text\">\n                    Kurse und Workshops: Sport, Art und wellbeing                <\/span>\n                <svg aria-hidden=\"true\" focusable=\"false\" class=\"icon icon-outline icon--arrow-right \"><use xlink:href=\"https:\/\/www.uni.lu\/wp-content\/themes\/unilux-theme\/assets\/images\/icons\/icons-outline.svg#icon--arrow-right\"><\/use><\/svg>            <\/span>\n    <\/a>\n<\/li>\n<\/ul>\n    <\/div>\n<\/section><\/div>","protected":false},"excerpt":{"rendered":"","protected":false},"author":337,"featured_media":0,"parent":4,"menu_order":0,"comment_status":"closed","ping_status":"closed","template":"","meta":{"featured_image_focal_point":[],"show_featured_caption":false,"ulux_newsletter_groups":"","uluxPostTitle":"Finanzielle Unterst\u00fctzung","uluxPrePostTitle":"Leben","_trash_the_other_posts":false,"_price":"","_stock":"","_tribe_ticket_header":"","_tribe_default_ticket_provider":"","_tribe_ticket_capacity":"0","_ticket_start_date":"","_ticket_end_date":"","_tribe_ticket_show_description":"","_tribe_ticket_show_not_going":false,"_tribe_ticket_use_global_stock":"","_tribe_ticket_global_stock_level":"","_global_stock_mode":"","_global_stock_cap":"","_tribe_rsvp_for_event":"","_tribe_ticket_going_count":"","_tribe_ticket_not_going_count":"","_tribe_tickets_list":"[]","_tribe_ticket_has_attendee_info_fields":false,"footnotes":""},"field-of-interest":[],"organisation":[],"authorship":[337],"acf":[],"yoast_head":"<!-- This site is optimized with the Yoast SEO Premium plugin v22.3 (Yoast SEO v22.3) - https:\/\/yoast.com\/wordpress\/plugins\/seo\/ -->\n<title>Lebenshaltungskosten &amp; Budgetplanung - Universit\u00e4t Luxemburg I Uni.lu<\/title>\n<meta name=\"robots\" content=\"index, follow, max-snippet:-1, max-image-preview:large, max-video-preview:-1\" \/>\n<link rel=\"canonical\" href=\"https:\/\/www.uni.lu\/life-de\/finanzielle-unterstuetzung\/lebenshaltungskosten\/\" \/>\n<meta property=\"og:locale\" content=\"de_DE\" \/>\n<meta property=\"og:type\" content=\"article\" \/>\n<meta property=\"og:title\" content=\"Lebenshaltungskosten &amp; Budgetplanung\" \/>\n<meta property=\"og:url\" content=\"https:\/\/www.uni.lu\/life-de\/finanzielle-unterstuetzung\/lebenshaltungskosten\/\" \/>\n<meta property=\"og:site_name\" content=\"LIFE DE\" \/>\n<meta property=\"article:modified_time\" content=\"2026-02-17T13:07:45+00:00\" \/>\n<meta property=\"og:image\" content=\"https:\/\/www.uni.lu\/wp-content\/uploads\/sites\/30\/2026\/03\/03115231\/UNIV_SM-Profile_1600x1600px-scaled.jpg\" \/>\n\t<meta property=\"og:image:width\" content=\"2560\" \/>\n\t<meta property=\"og:image:height\" content=\"2560\" \/>\n\t<meta property=\"og:image:type\" content=\"image\/jpeg\" \/>\n<meta name=\"twitter:card\" content=\"summary_large_image\" \/>\n<meta name=\"twitter:label1\" content=\"Gesch\u00e4tzte Lesezeit\" \/>\n\t<meta name=\"twitter:data1\" content=\"3 Minuten\" \/>\n<script type=\"application\/ld+json\" class=\"yoast-schema-graph\">{\"@context\":\"https:\/\/schema.org\",\"@graph\":[{\"@type\":\"WebPage\",\"@id\":\"https:\/\/www.uni.lu\/life-de\/finanzielle-unterstuetzung\/lebenshaltungskosten\/\",\"url\":\"https:\/\/www.uni.lu\/life-de\/finanzielle-unterstuetzung\/lebenshaltungskosten\/\",\"name\":\"Lebenshaltungskosten &amp; Budgetplanung - Universit\u00e4t Luxemburg I Uni.lu\",\"isPartOf\":{\"@id\":\"https:\/\/www.uni.lu\/life-de\/#website\"},\"datePublished\":\"2024-04-11T12:13:12+00:00\",\"dateModified\":\"2026-02-17T13:07:45+00:00\",\"breadcrumb\":{\"@id\":\"https:\/\/www.uni.lu\/life-de\/finanzielle-unterstuetzung\/lebenshaltungskosten\/#breadcrumb\"},\"inLanguage\":\"de-DE\",\"potentialAction\":[{\"@type\":\"ReadAction\",\"target\":[\"https:\/\/www.uni.lu\/life-de\/finanzielle-unterstuetzung\/lebenshaltungskosten\/\"]}]},{\"@type\":\"BreadcrumbList\",\"@id\":\"https:\/\/www.uni.lu\/life-de\/finanzielle-unterstuetzung\/lebenshaltungskosten\/#breadcrumb\",\"itemListElement\":[{\"@type\":\"ListItem\",\"position\":1,\"name\":\"Home\",\"item\":\"https:\/\/www.uni.lu\/de\"},{\"@type\":\"ListItem\",\"position\":2,\"name\":\"Leben an der Universit\u00e4t\",\"item\":\"https:\/\/www.uni.lu\/life-de\/\"},{\"@type\":\"ListItem\",\"position\":3,\"name\":\"Finanzielle Unterst\u00fctzung\",\"item\":\"https:\/\/www.uni.lu\/life-de\/finanzielle-unterstuetzung\/\"},{\"@type\":\"ListItem\",\"position\":4,\"name\":\"Lebenshaltungskosten &amp; Budgetplanung\"}]},{\"@type\":\"WebSite\",\"@id\":\"https:\/\/www.uni.lu\/life-de\/#website\",\"url\":\"https:\/\/www.uni.lu\/life-de\/\",\"name\":\"Uni.lu\",\"description\":\"Leben an der Universit\u00e4t Luxemburg\",\"publisher\":{\"@id\":\"https:\/\/www.uni.lu\/life-de\/#organization\"},\"alternateName\":\"Universit\u00e4t Luxemburg I Uni.lu\",\"potentialAction\":[{\"@type\":\"SearchAction\",\"target\":{\"@type\":\"EntryPoint\",\"urlTemplate\":\"https:\/\/www.uni.lu\/life-de\/?s={search_term_string}\"},\"query-input\":\"required name=search_term_string\"}],\"inLanguage\":\"de-DE\"},{\"@type\":\"Organization\",\"@id\":\"https:\/\/www.uni.lu\/life-de\/#organization\",\"name\":\"Universit\u00e4t Luxemburg\",\"alternateName\":\"Uni.lu\",\"url\":\"https:\/\/www.uni.lu\/life-de\/\",\"logo\":{\"@type\":\"ImageObject\",\"inLanguage\":\"de-DE\",\"@id\":\"https:\/\/www.uni.lu\/life-de\/#\/schema\/logo\/image\/\",\"url\":\"https:\/\/www.uni.lu\/wp-content\/uploads\/sites\/30\/2026\/03\/03115231\/UNIV_SM-Profile_1600x1600px-scaled.jpg\",\"contentUrl\":\"https:\/\/www.uni.lu\/wp-content\/uploads\/sites\/30\/2026\/03\/03115231\/UNIV_SM-Profile_1600x1600px-scaled.jpg\",\"width\":2560,\"height\":2560,\"caption\":\"Universit\u00e4t Luxemburg\"},\"image\":{\"@id\":\"https:\/\/www.uni.lu\/life-de\/#\/schema\/logo\/image\/\"}}]}<\/script>\n<!-- \/ Yoast SEO Premium plugin. -->","yoast_head_json":{"title":"Lebenshaltungskosten &amp; Budgetplanung - Universit\u00e4t Luxemburg I Uni.lu","robots":{"index":"index","follow":"follow","max-snippet":"max-snippet:-1","max-image-preview":"max-image-preview:large","max-video-preview":"max-video-preview:-1"},"canonical":"https:\/\/www.uni.lu\/life-de\/finanzielle-unterstuetzung\/lebenshaltungskosten\/","og_locale":"de_DE","og_type":"article","og_title":"Lebenshaltungskosten &amp; Budgetplanung","og_url":"https:\/\/www.uni.lu\/life-de\/finanzielle-unterstuetzung\/lebenshaltungskosten\/","og_site_name":"LIFE DE","article_modified_time":"2026-02-17T13:07:45+00:00","og_image":[{"width":2560,"height":2560,"url":"https:\/\/www.uni.lu\/wp-content\/uploads\/sites\/30\/2026\/03\/03115231\/UNIV_SM-Profile_1600x1600px-scaled.jpg","type":"image\/jpeg"}],"twitter_card":"summary_large_image","twitter_misc":{"Gesch\u00e4tzte Lesezeit":"3 Minuten"},"schema":{"@context":"https:\/\/schema.org","@graph":[{"@type":"WebPage","@id":"https:\/\/www.uni.lu\/life-de\/finanzielle-unterstuetzung\/lebenshaltungskosten\/","url":"https:\/\/www.uni.lu\/life-de\/finanzielle-unterstuetzung\/lebenshaltungskosten\/","name":"Lebenshaltungskosten &amp; Budgetplanung - Universit\u00e4t Luxemburg I Uni.lu","isPartOf":{"@id":"https:\/\/www.uni.lu\/life-de\/#website"},"datePublished":"2024-04-11T12:13:12+00:00","dateModified":"2026-02-17T13:07:45+00:00","breadcrumb":{"@id":"https:\/\/www.uni.lu\/life-de\/finanzielle-unterstuetzung\/lebenshaltungskosten\/#breadcrumb"},"inLanguage":"de-DE","potentialAction":[{"@type":"ReadAction","target":["https:\/\/www.uni.lu\/life-de\/finanzielle-unterstuetzung\/lebenshaltungskosten\/"]}]},{"@type":"BreadcrumbList","@id":"https:\/\/www.uni.lu\/life-de\/finanzielle-unterstuetzung\/lebenshaltungskosten\/#breadcrumb","itemListElement":[{"@type":"ListItem","position":1,"name":"Home","item":"https:\/\/www.uni.lu\/de"},{"@type":"ListItem","position":2,"name":"Leben an der Universit\u00e4t","item":"https:\/\/www.uni.lu\/life-de\/"},{"@type":"ListItem","position":3,"name":"Finanzielle Unterst\u00fctzung","item":"https:\/\/www.uni.lu\/life-de\/finanzielle-unterstuetzung\/"},{"@type":"ListItem","position":4,"name":"Lebenshaltungskosten &amp; Budgetplanung"}]},{"@type":"WebSite","@id":"https:\/\/www.uni.lu\/life-de\/#website","url":"https:\/\/www.uni.lu\/life-de\/","name":"Uni.lu","description":"Leben an der Universit\u00e4t Luxemburg","publisher":{"@id":"https:\/\/www.uni.lu\/life-de\/#organization"},"alternateName":"Universit\u00e4t Luxemburg I Uni.lu","potentialAction":[{"@type":"SearchAction","target":{"@type":"EntryPoint","urlTemplate":"https:\/\/www.uni.lu\/life-de\/?s={search_term_string}"},"query-input":"required name=search_term_string"}],"inLanguage":"de-DE"},{"@type":"Organization","@id":"https:\/\/www.uni.lu\/life-de\/#organization","name":"Universit\u00e4t Luxemburg","alternateName":"Uni.lu","url":"https:\/\/www.uni.lu\/life-de\/","logo":{"@type":"ImageObject","inLanguage":"de-DE","@id":"https:\/\/www.uni.lu\/life-de\/#\/schema\/logo\/image\/","url":"https:\/\/www.uni.lu\/wp-content\/uploads\/sites\/30\/2026\/03\/03115231\/UNIV_SM-Profile_1600x1600px-scaled.jpg","contentUrl":"https:\/\/www.uni.lu\/wp-content\/uploads\/sites\/30\/2026\/03\/03115231\/UNIV_SM-Profile_1600x1600px-scaled.jpg","width":2560,"height":2560,"caption":"Universit\u00e4t Luxemburg"},"image":{"@id":"https:\/\/www.uni.lu\/life-de\/#\/schema\/logo\/image\/"}}]}},"ticketed":false,"_links":{"self":[{"href":"https:\/\/www.uni.lu\/life-de\/wp-json\/wp\/v2\/pages\/567"}],"collection":[{"href":"https:\/\/www.uni.lu\/life-de\/wp-json\/wp\/v2\/pages"}],"about":[{"href":"https:\/\/www.uni.lu\/life-de\/wp-json\/wp\/v2\/types\/page"}],"author":[{"embeddable":true,"href":"https:\/\/www.uni.lu\/life-de\/wp-json\/wp\/v2\/users\/337"}],"replies":[{"embeddable":true,"href":"https:\/\/www.uni.lu\/life-de\/wp-json\/wp\/v2\/comments?post=567"}],"version-history":[{"count":5,"href":"https:\/\/www.uni.lu\/life-de\/wp-json\/wp\/v2\/pages\/567\/revisions"}],"predecessor-version":[{"id":2140,"href":"https:\/\/www.uni.lu\/life-de\/wp-json\/wp\/v2\/pages\/567\/revisions\/2140"}],"up":[{"embeddable":true,"href":"https:\/\/www.uni.lu\/life-de\/wp-json\/wp\/v2\/pages\/4"}],"wp:authorship":[{"embeddable":true,"href":"https:\/\/www.uni.lu\/life-de\/wp-json\/wp\/v2\/users\/337"}],"wp:attachment":[{"href":"https:\/\/www.uni.lu\/life-de\/wp-json\/wp\/v2\/media?parent=567"}],"wp:term":[{"taxonomy":"field-of-interest","embeddable":true,"href":"https:\/\/www.uni.lu\/life-de\/wp-json\/wp\/v2\/field-of-interest?post=567"},{"taxonomy":"organisation","embeddable":true,"href":"https:\/\/www.uni.lu\/life-de\/wp-json\/wp\/v2\/organisation?post=567"}],"curies":[{"name":"wp","href":"https:\/\/api.w.org\/{rel}","templated":true}]}}