{"id":4,"date":"2023-07-04T12:03:13","date_gmt":"2023-07-04T12:03:13","guid":{"rendered":"https:\/\/website.prod.unilu.spikeseed.cloud\/life-de\/?page_id=4"},"modified":"2025-07-04T11:37:34","modified_gmt":"2025-07-04T09:37:34","slug":"finanzielle-unterstuetzung","status":"publish","type":"page","link":"https:\/\/www.uni.lu\/life-de\/finanzielle-unterstuetzung\/","title":{"rendered":"Finanzielle Unterst\u00fctzung"},"content":{"rendered":"<div class=\"section py-0 static\"><div class=\"section py-0 section wp-block-unilux-blocks-navigation-and-hero py-0\">\n    \n<div class=\"wp-block-unilux-blocks-wrapper container xl:max-w-screen-xl\"><div class=\"js-secondary-nav--sticky wp-block-unilux-blocks-secondary-navigation\" id=\"d9530a6e-8f50-40e9-80a5-19da0fc323fe\">\n    <nav\n        id=\"secondary-navigation\"\n        role=\"navigation\"\n        aria-label=\"Secondary menu\"\n        class=\"secondary-nav\"\n    >\n        <button\n            class=\"secondary-nav__button btn btn-solid--primary w-full\"\n            aria-expanded=\"false\"\n            aria-controls=\"secondary-navigation__list\"\n            title=\"The selected page is \u00dcbersicht\"\n            type=\"button\"\n        >\n            <span class=\"btn__name mr-auto\">\u00dcbersicht<\/span>\n            <svg aria-hidden=\"true\" focusable=\"false\" class=\"icon icon-outline icon--xs\">\n                <use xlink:href=\"https:\/\/www.uni.lu\/wp-content\/themes\/unilux-theme\/assets\/images\/icons\/icons-outline.svg#icon--arrow-down\" \/>\n            <\/svg>\n        <\/button>\n\n        <ul id=\"secondary-navigation__list\" class=\"secondary-nav__list\">\n            <li class=\"secondary-nav__item\">\n    <a\n        href=\"https:\/\/www.uni.lu\/life-de\/finanzielle-unterstuetzung\/\"\n        target=\"\"\n        rel=\"noreferrer noopener\"\n        class=\"secondary-nav__link isactived\"\n        aria-current=\"page\"    >\n        <svg aria-hidden=\"true\" focusable=\"false\" class=\"icon icon-outline icon--xs\">\n            <use xlink:href=\"https:\/\/www.uni.lu\/wp-content\/themes\/unilux-theme\/assets\/images\/icons\/icons-outline.svg#icon--arrow-right\" \/>\n        <\/svg>\n        <span class=\"secondary-nav__name\">\u00dcbersicht<\/span>\n    <\/a>\n<\/li>\n<li class=\"secondary-nav__item\">\n    <a\n        href=\"https:\/\/www.uni.lu\/life-de\/finanzielle-unterstuetzung\/lebenshaltungskosten\/\"\n        target=\"\"\n        rel=\"noreferrer noopener\"\n        class=\"secondary-nav__link \"\n            >\n        <svg aria-hidden=\"true\" focusable=\"false\" class=\"icon icon-outline icon--xs\">\n            <use xlink:href=\"https:\/\/www.uni.lu\/wp-content\/themes\/unilux-theme\/assets\/images\/icons\/icons-outline.svg#icon--arrow-right\" \/>\n        <\/svg>\n        <span class=\"secondary-nav__name\">Lebenshaltungskosten<\/span>\n    <\/a>\n<\/li>\n<li class=\"secondary-nav__item\">\n    <a\n        href=\"https:\/\/www.uni.lu\/life-de\/finanzielle-unterstuetzung\/stipendien\/\"\n        target=\"\"\n        rel=\"noreferrer noopener\"\n        class=\"secondary-nav__link \"\n            >\n        <svg aria-hidden=\"true\" focusable=\"false\" class=\"icon icon-outline icon--xs\">\n            <use xlink:href=\"https:\/\/www.uni.lu\/wp-content\/themes\/unilux-theme\/assets\/images\/icons\/icons-outline.svg#icon--arrow-right\" \/>\n        <\/svg>\n        <span class=\"secondary-nav__name\">Stipendien<\/span>\n    <\/a>\n<\/li>\n<li class=\"secondary-nav__item\">\n    <a\n        href=\"https:\/\/www.uni.lu\/life-de\/finanzielle-unterstuetzung\/haertefaellen\/\"\n        target=\"\"\n        rel=\"noreferrer noopener\"\n        class=\"secondary-nav__link \"\n            >\n        <svg aria-hidden=\"true\" focusable=\"false\" class=\"icon icon-outline icon--xs\">\n            <use xlink:href=\"https:\/\/www.uni.lu\/wp-content\/themes\/unilux-theme\/assets\/images\/icons\/icons-outline.svg#icon--arrow-right\" \/>\n        <\/svg>\n        <span class=\"secondary-nav__name\">Unterst\u00fctzung in H\u00e4rtef\u00e4llen<\/span>\n    <\/a>\n<\/li>\n        <\/ul>\n    <\/nav>\n<\/div>\n<\/div>\n\n<div class=\"wp-block-unilux-blocks-wrapper max-w-screen-3xl mx-auto section py-0\">\n<section class=\"section no-padding-y wp-block-unilux-blocks-hero\">\n    <div class=\"hero hero--2 hero--overlay-top \">\n        \n<header class=\"wp-block-unilux-blocks-wrapper hero__header\">\n<div class=\"wp-block-unilux-blocks-wrapper hero__container\">\n<span class=\"hero__title__subject wp-block-unilux-blocks-plain-text\"><\/span>\n\n\n<h1 class=\"has-text-align-left wp-block-unilux-blocks-heading\"        id=\"alles-ueber-ihre-finanzen\"\n    >\nAlles \u00fcber Ihre Finanzen<\/h1>\n<\/div>\n<\/header>\n<figure class=\"wp-block-dev4-reusable-blocks-image hero__visual object-fit--cover\">\n    \n<img decoding=\"async\" class=\"wp-block-image unilux-custom-image-block\"\n                alt=\"by Mathieu Stern, tiny people sitting on a pile of coins\"\n            src=\"https:\/\/www.uni.lu\/wp-content\/uploads\/sites\/29\/2023\/07\/Mathieu-Stern_tiny-people-sitting-on-a-pile-of-coins.jpg\"\n                    style=\"object-position: 50.00% 50.00%; font-family: &quot;object-fit: cover; object-position: 50.00% 50.00%;&quot;; aspect-ratio: 16\/9; object-fit: cover; width: 100%;\"\n        loading=\"lazy\"\n\/>    <\/figure>\n<div class=\"wp-block-unilux-blocks-wrapper hero__body\">\n<div class=\"wp-block-unilux-blocks-wrapper hero__container\">\n<p class=\"wp-block-unilux-blocks-plain-text\">Erfahren Sie mehr \u00fcber die Lebenshaltungskosten in Luxemburg, das ben\u00f6tigte Budget, wie Sie ein Bankkonto in Luxemburg er\u00f6ffnen, welche Stipendien es gibt und welche Unterst\u00fctzung f\u00fcr Studierende mit finanziellen Schwierigkeiten m\u00f6glich ist.<\/p>\n\n\n<ul class=\"wp-block-unilux-blocks-custom-buttons btn-list\">\n\n<\/ul>\n<\/div>\n<\/div>\n    <\/div>\n<\/section><\/div>\n<\/div>\n\n\n<section class=\"wp-block-unilux-blocks-free-section section\"><div class=\"container xl:max-w-screen-xl\">\n<h2 class=\"has-text-align-left wp-block-unilux-blocks-heading\"        id=\"bankkonto\"\n    >\nBankkonto<\/h2>\n\n\n\n<p>Ein Bankkonto in Luxemburg wird f\u00fcr Sie w\u00e4hrend Ihres Aufenthalts im Land hilfreich sein.<\/p>\n\n\n\n<p>Vergessen Sie nicht Ihre Ausweispapiere, Ihre Adresse und eine Bescheinigung der Universit\u00e4t, die Ihren Studierendenstatus best\u00e4tigt.<\/p>\n\n\n\n<p>Die meisten Banken gew\u00e4hren Personen unter 26 Jahren Verg\u00fcnstigungen, fragen Sie also bei der Er\u00f6ffnung Ihres Kontos nach.<\/p>\n\n\n\n<ul class=\"ulux-list\">\n<li class=\"ulux-list-item\">Banque et Caisse d\u2019\u00c9pargne de l\u2019\u00c9tat Luxembourgeois (<a href=\"https:\/\/www.spuerkeess.lu\/de\/axxess\/studenten\/\" target=\"_blank\" rel=\"noreferrer noopener\">BCEE<\/a>)<\/li>\n\n\n\n<li class=\"ulux-list-item\">Banque G\u00e9n\u00e9rale du Luxembourg (<a href=\"https:\/\/www.bgl.lu\/de\/privatkunden\/bank-konto\/junge-leute-bank-konto.html\" target=\"_blank\" rel=\"noreferrer noopener\">BGL-BNP Parisbas<\/a>)<\/li>\n\n\n\n<li class=\"ulux-list-item\">Banque Internationale \u00e0 Luxembourg (<a href=\"https:\/\/www.bil.com\/de\/privatkunden\/spezielle-angebote\/gold-student\/Seiten\/Index.aspx\" target=\"_blank\" rel=\"noreferrer noopener\">BIL<\/a>)<\/li>\n<\/ul>\n\n\n\n<p>Es ist auch m\u00f6glich, ein Konto bei der Post zu er\u00f6ffnen:<\/p>\n\n\n\n<ul class=\"ulux-list\">\n<li class=\"ulux-list-item\">Ein Girokonto bei der Post (<a href=\"https:\/\/www.post.lu\/de\/lp\/promotion-jeunes#packjeunes\" target=\"_blank\" rel=\"noreferrer noopener\">CCP<\/a>) bietet attraktive Konditionen und kann f\u00fcr alle Transaktionen genutzt werden.<\/li>\n<\/ul>\n<\/div><\/section>\n\n\n<section class=\"section section wp-block-unilux-blocks-quick-link-discover-section py-0\">\n    <div class=\"container xl:max-w-screen-xl\">\n        \n<h2 class=\"has-text-align-left wp-block-unilux-blocks-heading\"        id=\"mehr-erfahren\"\n    >\nMehr erfahren<\/h2>\n\n<ul class=\"wp-block-unilux-blocks-quick-link-discover quick-link-list\">\n<li class=\"wp-block-unilux-blocks-quick-link-discover-item\">\n    <a\n                    href=\"https:\/\/www.uni.lu\/life-de\/umzug-nach-luxemburg\/arbeiten-in-luxemburg\/\"\n                    class=\"quick-link\"\n            target=\"\"\n    >\n            <span class=\"quick-link__container\">\n                <span class=\"quick-link__text\">\n                    Studierende und Arbeit                <\/span>\n                <svg aria-hidden=\"true\" focusable=\"false\" class=\"icon icon-outline icon--arrow-right \"><use xlink:href=\"https:\/\/www.uni.lu\/wp-content\/themes\/unilux-theme\/assets\/images\/icons\/icons-outline.svg#icon--arrow-right\"><\/use><\/svg>            <\/span>\n    <\/a>\n<\/li>\n\n\n\n<li class=\"wp-block-unilux-blocks-quick-link-discover-item\">\n    <a\n                    href=\"https:\/\/www.uni.lu\/life-de\/karrierezentrum\/\"\n                    class=\"quick-link\"\n            target=\"\"\n    >\n            <span class=\"quick-link__container\">\n                <span class=\"quick-link__text\">\n                    Karrierezentrum                <\/span>\n                <svg aria-hidden=\"true\" focusable=\"false\" class=\"icon icon-outline icon--arrow-right \"><use xlink:href=\"https:\/\/www.uni.lu\/wp-content\/themes\/unilux-theme\/assets\/images\/icons\/icons-outline.svg#icon--arrow-right\"><\/use><\/svg>            <\/span>\n    <\/a>\n<\/li>\n<\/ul>\n    <\/div>\n<\/section><\/div>","protected":false},"excerpt":{"rendered":"","protected":false},"author":210,"featured_media":0,"parent":0,"menu_order":0,"comment_status":"closed","ping_status":"closed","template":"","meta":{"featured_image_focal_point":[],"show_featured_caption":false,"ulux_newsletter_groups":"","uluxPostTitle":"Finanzielle Unterst\u00fctzung","uluxPrePostTitle":"Leben","_trash_the_other_posts":false,"_price":"","_stock":"","_tribe_ticket_header":"","_tribe_default_ticket_provider":"","_tribe_ticket_capacity":"0","_ticket_start_date":"","_ticket_end_date":"","_tribe_ticket_show_description":"","_tribe_ticket_show_not_going":false,"_tribe_ticket_use_global_stock":"","_tribe_ticket_global_stock_level":"","_global_stock_mode":"","_global_stock_cap":"","_tribe_rsvp_for_event":"","_tribe_ticket_going_count":"","_tribe_ticket_not_going_count":"","_tribe_tickets_list":"[]","_tribe_ticket_has_attendee_info_fields":false,"footnotes":""},"field-of-interest":[],"organisation":[],"authorship":[210,337],"acf":[],"yoast_head":"<!-- This site is optimized with the Yoast SEO Premium plugin v22.3 (Yoast SEO v22.3) - https:\/\/yoast.com\/wordpress\/plugins\/seo\/ -->\n<title>Finanzielle Unterst\u00fctzung - Universit\u00e4t Luxemburg I Uni.lu<\/title>\n<meta name=\"robots\" content=\"index, follow, max-snippet:-1, max-image-preview:large, max-video-preview:-1\" \/>\n<link rel=\"canonical\" href=\"https:\/\/www.uni.lu\/life-de\/finanzielle-unterstuetzung\/\" \/>\n<meta property=\"og:locale\" content=\"de_DE\" \/>\n<meta property=\"og:type\" content=\"article\" \/>\n<meta property=\"og:title\" content=\"Finanzielle Unterst\u00fctzung\" \/>\n<meta property=\"og:url\" content=\"https:\/\/www.uni.lu\/life-de\/finanzielle-unterstuetzung\/\" \/>\n<meta property=\"og:site_name\" content=\"LIFE DE\" \/>\n<meta property=\"article:modified_time\" content=\"2025-07-04T09:37:34+00:00\" \/>\n<meta property=\"og:image\" content=\"https:\/\/www.uni.lu\/wp-content\/uploads\/sites\/30\/2026\/03\/03115231\/UNIV_SM-Profile_1600x1600px-scaled.jpg\" \/>\n\t<meta property=\"og:image:width\" content=\"2560\" \/>\n\t<meta property=\"og:image:height\" content=\"2560\" \/>\n\t<meta property=\"og:image:type\" content=\"image\/jpeg\" \/>\n<meta name=\"twitter:card\" content=\"summary_large_image\" \/>\n<meta name=\"twitter:label1\" content=\"Gesch\u00e4tzte Lesezeit\" \/>\n\t<meta name=\"twitter:data1\" content=\"1 Minute\" \/>\n<script type=\"application\/ld+json\" class=\"yoast-schema-graph\">{\"@context\":\"https:\/\/schema.org\",\"@graph\":[{\"@type\":\"WebPage\",\"@id\":\"https:\/\/www.uni.lu\/life-de\/finanzielle-unterstuetzung\/\",\"url\":\"https:\/\/www.uni.lu\/life-de\/finanzielle-unterstuetzung\/\",\"name\":\"Finanzielle Unterst\u00fctzung - Universit\u00e4t Luxemburg I Uni.lu\",\"isPartOf\":{\"@id\":\"https:\/\/www.uni.lu\/life-de\/#website\"},\"datePublished\":\"2023-07-04T12:03:13+00:00\",\"dateModified\":\"2025-07-04T09:37:34+00:00\",\"breadcrumb\":{\"@id\":\"https:\/\/www.uni.lu\/life-de\/finanzielle-unterstuetzung\/#breadcrumb\"},\"inLanguage\":\"de-DE\",\"potentialAction\":[{\"@type\":\"ReadAction\",\"target\":[\"https:\/\/www.uni.lu\/life-de\/finanzielle-unterstuetzung\/\"]}]},{\"@type\":\"BreadcrumbList\",\"@id\":\"https:\/\/www.uni.lu\/life-de\/finanzielle-unterstuetzung\/#breadcrumb\",\"itemListElement\":[{\"@type\":\"ListItem\",\"position\":1,\"name\":\"Home\",\"item\":\"https:\/\/www.uni.lu\/de\"},{\"@type\":\"ListItem\",\"position\":2,\"name\":\"Leben an der Universit\u00e4t\",\"item\":\"https:\/\/www.uni.lu\/life-de\/\"},{\"@type\":\"ListItem\",\"position\":3,\"name\":\"Finanzielle Unterst\u00fctzung\"}]},{\"@type\":\"WebSite\",\"@id\":\"https:\/\/www.uni.lu\/life-de\/#website\",\"url\":\"https:\/\/www.uni.lu\/life-de\/\",\"name\":\"Uni.lu\",\"description\":\"Leben an der Universit\u00e4t Luxemburg\",\"publisher\":{\"@id\":\"https:\/\/www.uni.lu\/life-de\/#organization\"},\"alternateName\":\"Universit\u00e4t Luxemburg I Uni.lu\",\"potentialAction\":[{\"@type\":\"SearchAction\",\"target\":{\"@type\":\"EntryPoint\",\"urlTemplate\":\"https:\/\/www.uni.lu\/life-de\/?s={search_term_string}\"},\"query-input\":\"required name=search_term_string\"}],\"inLanguage\":\"de-DE\"},{\"@type\":\"Organization\",\"@id\":\"https:\/\/www.uni.lu\/life-de\/#organization\",\"name\":\"Universit\u00e4t Luxemburg\",\"alternateName\":\"Uni.lu\",\"url\":\"https:\/\/www.uni.lu\/life-de\/\",\"logo\":{\"@type\":\"ImageObject\",\"inLanguage\":\"de-DE\",\"@id\":\"https:\/\/www.uni.lu\/life-de\/#\/schema\/logo\/image\/\",\"url\":\"https:\/\/www.uni.lu\/wp-content\/uploads\/sites\/30\/2026\/03\/03115231\/UNIV_SM-Profile_1600x1600px-scaled.jpg\",\"contentUrl\":\"https:\/\/www.uni.lu\/wp-content\/uploads\/sites\/30\/2026\/03\/03115231\/UNIV_SM-Profile_1600x1600px-scaled.jpg\",\"width\":2560,\"height\":2560,\"caption\":\"Universit\u00e4t Luxemburg\"},\"image\":{\"@id\":\"https:\/\/www.uni.lu\/life-de\/#\/schema\/logo\/image\/\"}}]}<\/script>\n<!-- \/ Yoast SEO Premium plugin. -->","yoast_head_json":{"title":"Finanzielle Unterst\u00fctzung - Universit\u00e4t Luxemburg I Uni.lu","robots":{"index":"index","follow":"follow","max-snippet":"max-snippet:-1","max-image-preview":"max-image-preview:large","max-video-preview":"max-video-preview:-1"},"canonical":"https:\/\/www.uni.lu\/life-de\/finanzielle-unterstuetzung\/","og_locale":"de_DE","og_type":"article","og_title":"Finanzielle Unterst\u00fctzung","og_url":"https:\/\/www.uni.lu\/life-de\/finanzielle-unterstuetzung\/","og_site_name":"LIFE DE","article_modified_time":"2025-07-04T09:37:34+00:00","og_image":[{"width":2560,"height":2560,"url":"https:\/\/www.uni.lu\/wp-content\/uploads\/sites\/30\/2026\/03\/03115231\/UNIV_SM-Profile_1600x1600px-scaled.jpg","type":"image\/jpeg"}],"twitter_card":"summary_large_image","twitter_misc":{"Gesch\u00e4tzte Lesezeit":"1 Minute"},"schema":{"@context":"https:\/\/schema.org","@graph":[{"@type":"WebPage","@id":"https:\/\/www.uni.lu\/life-de\/finanzielle-unterstuetzung\/","url":"https:\/\/www.uni.lu\/life-de\/finanzielle-unterstuetzung\/","name":"Finanzielle Unterst\u00fctzung - Universit\u00e4t Luxemburg I Uni.lu","isPartOf":{"@id":"https:\/\/www.uni.lu\/life-de\/#website"},"datePublished":"2023-07-04T12:03:13+00:00","dateModified":"2025-07-04T09:37:34+00:00","breadcrumb":{"@id":"https:\/\/www.uni.lu\/life-de\/finanzielle-unterstuetzung\/#breadcrumb"},"inLanguage":"de-DE","potentialAction":[{"@type":"ReadAction","target":["https:\/\/www.uni.lu\/life-de\/finanzielle-unterstuetzung\/"]}]},{"@type":"BreadcrumbList","@id":"https:\/\/www.uni.lu\/life-de\/finanzielle-unterstuetzung\/#breadcrumb","itemListElement":[{"@type":"ListItem","position":1,"name":"Home","item":"https:\/\/www.uni.lu\/de"},{"@type":"ListItem","position":2,"name":"Leben an der Universit\u00e4t","item":"https:\/\/www.uni.lu\/life-de\/"},{"@type":"ListItem","position":3,"name":"Finanzielle Unterst\u00fctzung"}]},{"@type":"WebSite","@id":"https:\/\/www.uni.lu\/life-de\/#website","url":"https:\/\/www.uni.lu\/life-de\/","name":"Uni.lu","description":"Leben an der Universit\u00e4t Luxemburg","publisher":{"@id":"https:\/\/www.uni.lu\/life-de\/#organization"},"alternateName":"Universit\u00e4t Luxemburg I Uni.lu","potentialAction":[{"@type":"SearchAction","target":{"@type":"EntryPoint","urlTemplate":"https:\/\/www.uni.lu\/life-de\/?s={search_term_string}"},"query-input":"required name=search_term_string"}],"inLanguage":"de-DE"},{"@type":"Organization","@id":"https:\/\/www.uni.lu\/life-de\/#organization","name":"Universit\u00e4t Luxemburg","alternateName":"Uni.lu","url":"https:\/\/www.uni.lu\/life-de\/","logo":{"@type":"ImageObject","inLanguage":"de-DE","@id":"https:\/\/www.uni.lu\/life-de\/#\/schema\/logo\/image\/","url":"https:\/\/www.uni.lu\/wp-content\/uploads\/sites\/30\/2026\/03\/03115231\/UNIV_SM-Profile_1600x1600px-scaled.jpg","contentUrl":"https:\/\/www.uni.lu\/wp-content\/uploads\/sites\/30\/2026\/03\/03115231\/UNIV_SM-Profile_1600x1600px-scaled.jpg","width":2560,"height":2560,"caption":"Universit\u00e4t Luxemburg"},"image":{"@id":"https:\/\/www.uni.lu\/life-de\/#\/schema\/logo\/image\/"}}]}},"ticketed":false,"_links":{"self":[{"href":"https:\/\/www.uni.lu\/life-de\/wp-json\/wp\/v2\/pages\/4"}],"collection":[{"href":"https:\/\/www.uni.lu\/life-de\/wp-json\/wp\/v2\/pages"}],"about":[{"href":"https:\/\/www.uni.lu\/life-de\/wp-json\/wp\/v2\/types\/page"}],"author":[{"embeddable":true,"href":"https:\/\/www.uni.lu\/life-de\/wp-json\/wp\/v2\/users\/210"}],"replies":[{"embeddable":true,"href":"https:\/\/www.uni.lu\/life-de\/wp-json\/wp\/v2\/comments?post=4"}],"version-history":[{"count":5,"href":"https:\/\/www.uni.lu\/life-de\/wp-json\/wp\/v2\/pages\/4\/revisions"}],"predecessor-version":[{"id":1463,"href":"https:\/\/www.uni.lu\/life-de\/wp-json\/wp\/v2\/pages\/4\/revisions\/1463"}],"wp:authorship":[{"embeddable":true,"href":"https:\/\/www.uni.lu\/life-de\/wp-json\/wp\/v2\/users\/210"},{"embeddable":true,"href":"https:\/\/www.uni.lu\/life-de\/wp-json\/wp\/v2\/users\/337"}],"wp:attachment":[{"href":"https:\/\/www.uni.lu\/life-de\/wp-json\/wp\/v2\/media?parent=4"}],"wp:term":[{"taxonomy":"field-of-interest","embeddable":true,"href":"https:\/\/www.uni.lu\/life-de\/wp-json\/wp\/v2\/field-of-interest?post=4"},{"taxonomy":"organisation","embeddable":true,"href":"https:\/\/www.uni.lu\/life-de\/wp-json\/wp\/v2\/organisation?post=4"}],"curies":[{"name":"wp","href":"https:\/\/api.w.org\/{rel}","templated":true}]}}