{"id":399,"date":"2024-04-09T10:43:33","date_gmt":"2024-04-09T08:43:33","guid":{"rendered":"https:\/\/www.uni.lu\/life-de\/?page_id=399"},"modified":"2026-03-11T08:51:02","modified_gmt":"2026-03-11T07:51:02","slug":"bewerbung","status":"publish","type":"page","link":"https:\/\/www.uni.lu\/life-de\/wohnen\/bewerbung\/","title":{"rendered":"Bewerbung"},"content":{"rendered":"<div class=\"section py-0 static\">\n<section class=\"py-0 wp-block-unilux-blocks-free-section section\"><div class=\"container xl:max-w-screen-xl\"><!-- SecondaryNavigationMirror --><div class=\"js-secondary-nav--sticky wp-block-unilux-blocks-secondary-navigation\" id=\"c492d03b-c206-4282-a62b-0929b36b7447\">\n    <nav id=\"secondary-navigation\" role=\"navigation\" aria-label=\"Secondary menu\" class=\"secondary-nav\">\n        <button class=\"secondary-nav__button btn btn-solid--primary w-full\" aria-expanded=\"false\" aria-controls=\"secondary-navigation__list\" title=\"The selected page is Bewerbung\" type=\"button\">\n            <span class=\"btn__name mr-auto\">Bewerbung<\/span>\n            <svg aria-hidden=\"true\" focusable=\"false\" class=\"icon icon-outline icon--xs\">\n                <use xlink:href=\"https:\/\/www.uni.lu\/wp-content\/themes\/unilux-theme\/assets\/images\/icons\/icons-outline.svg#icon--arrow-down\" \/>\n            <\/svg>\n        <\/button>\n\n        <ul id=\"secondary-navigation__list\" class=\"secondary-nav__list\">\n            <li class=\"secondary-nav__item\">\n    <a href=\"https:\/\/www.uni.lu\/life-de\/wohnen\/\" target=\"\" rel=\"noreferrer noopener\" class=\"secondary-nav__link \">\n        <svg aria-hidden=\"true\" focusable=\"false\" class=\"icon icon-outline icon--xs\">\n            <use xlink:href=\"https:\/\/www.uni.lu\/wp-content\/themes\/unilux-theme\/assets\/images\/icons\/icons-outline.svg#icon--arrow-right\" \/>\n        <\/svg>\n        <span class=\"secondary-nav__name\">\u00dcbersicht<\/span>\n    <\/a>\n<\/li>\n<li class=\"secondary-nav__item\">\n    <a href=\"https:\/\/www.uni.lu\/life-de\/wohnen\/unser-angebot\/\" target=\"\" rel=\"noreferrer noopener\" class=\"secondary-nav__link \">\n        <svg aria-hidden=\"true\" focusable=\"false\" class=\"icon icon-outline icon--xs\">\n            <use xlink:href=\"https:\/\/www.uni.lu\/wp-content\/themes\/unilux-theme\/assets\/images\/icons\/icons-outline.svg#icon--arrow-right\" \/>\n        <\/svg>\n        <span class=\"secondary-nav__name\">Unser Angebot<\/span>\n    <\/a>\n<\/li>\n<li class=\"secondary-nav__item\">\n    <a href=\"https:\/\/www.uni.lu\/life-de\/wohnen\/wohnheime\/\" target=\"\" rel=\"noreferrer noopener\" class=\"secondary-nav__link \">\n        <svg aria-hidden=\"true\" focusable=\"false\" class=\"icon icon-outline icon--xs\">\n            <use xlink:href=\"https:\/\/www.uni.lu\/wp-content\/themes\/unilux-theme\/assets\/images\/icons\/icons-outline.svg#icon--arrow-right\" \/>\n        <\/svg>\n        <span class=\"secondary-nav__name\">Wohnheime<\/span>\n    <\/a>\n<\/li>\n<li class=\"secondary-nav__item\">\n    <a href=\"https:\/\/www.uni.lu\/life-de\/wohnen\/bewerbung\/\" target=\"\" rel=\"noreferrer noopener\" class=\"secondary-nav__link isactived\" aria-current=\"page\">\n        <svg aria-hidden=\"true\" focusable=\"false\" class=\"icon icon-outline icon--xs\">\n            <use xlink:href=\"https:\/\/www.uni.lu\/wp-content\/themes\/unilux-theme\/assets\/images\/icons\/icons-outline.svg#icon--arrow-right\" \/>\n        <\/svg>\n        <span class=\"secondary-nav__name\">Bewerbung<\/span>\n    <\/a>\n<\/li>\n<li class=\"secondary-nav__item\">\n    <a href=\"https:\/\/www.uni.lu\/life-de\/wohnen\/mietverhaeltnis\/\" target=\"\" rel=\"noreferrer noopener\" class=\"secondary-nav__link \">\n        <svg aria-hidden=\"true\" focusable=\"false\" class=\"icon icon-outline icon--xs\">\n            <use xlink:href=\"https:\/\/www.uni.lu\/wp-content\/themes\/unilux-theme\/assets\/images\/icons\/icons-outline.svg#icon--arrow-right\" \/>\n        <\/svg>\n        <span class=\"secondary-nav__name\">Das Mietverh\u00e4ltnis<\/span>\n    <\/a>\n<\/li>\n<li class=\"secondary-nav__item\">\n    <a href=\"https:\/\/www.uni.lu\/life-de\/wohnen\/mieter\/\" target=\"\" rel=\"noreferrer noopener\" class=\"secondary-nav__link \">\n        <svg aria-hidden=\"true\" focusable=\"false\" class=\"icon icon-outline icon--xs\">\n            <use xlink:href=\"https:\/\/www.uni.lu\/wp-content\/themes\/unilux-theme\/assets\/images\/icons\/icons-outline.svg#icon--arrow-right\" \/>\n        <\/svg>\n        <span class=\"secondary-nav__name\">F\u00fcr Mieter<\/span>\n    <\/a>\n<\/li>\n<li class=\"secondary-nav__item\">\n    <a href=\"https:\/\/www.uni.lu\/life-de\/wohnen\/alternative-wohnmoeglichkeiten-fuer-studierende\/\" target=\"\" rel=\"noreferrer noopener\" class=\"secondary-nav__link \">\n        <svg aria-hidden=\"true\" focusable=\"false\" class=\"icon icon-outline icon--xs\">\n            <use xlink:href=\"https:\/\/www.uni.lu\/wp-content\/themes\/unilux-theme\/assets\/images\/icons\/icons-outline.svg#icon--arrow-right\" \/>\n        <\/svg>\n        <span class=\"secondary-nav__name\">Alternativen<\/span>\n    <\/a>\n<\/li>\n        <\/ul>\n    <\/nav>\n<\/div>\n<!-- end SecondaryNavigationMirror --><\/div><\/section>\n\n\n\n<section class=\"wp-block-unilux-blocks-free-section section\"><div class=\"container xl:max-w-screen-xl\">\n<h2 class=\"has-text-align-left wp-block-unilux-blocks-heading\"        id=\"bewerbung\"\n    >\nBewerbung<\/h2>\n\n\n<div class=\"wp-block-unilux-blocks-spacer is-spacer-size-sm\"><\/div>\n\n\n<p><strong>Um von unseren Unterkunftsm\u00f6glichkeiten f\u00fcr Studierende zu profitieren:<\/strong><\/p>\n\n\n\n<ul class=\"ulux-list\">\n<li class=\"ulux-list-item\">m\u00fcssen Sie anspruchsberechtigt sein (<a href=\"https:\/\/www.uni.lu\/life-de\/wohnen\/unser-angebot\/\">die Kriterien finden Sie hier<\/a>);<\/li>\n\n\n\n<li class=\"ulux-list-item\">m\u00fcssen Sie sich bewerben und Ihr monatliches Mietbudget und den gew\u00fcnschten Zimmertyp angeben;<\/li>\n\n\n\n<li class=\"ulux-list-item\">muss Ihnen ein Zimmer zugewiesen worden sein (je nach Verf\u00fcgbarkeit);<\/li>\n\n\n\n<li class=\"ulux-list-item\">m\u00fcssen Sie das Angebot annehmen; und<\/li>\n\n\n\n<li class=\"ulux-list-item\">die Kaution und die erste Mietrate zahlen, um Ihre Reservierung zu best\u00e4tigen.<\/li>\n<\/ul>\n\n\n\n<p>Die Zimmer werden den berechtigten BewerberInnen je nach Verf\u00fcgbarkeit zugewiesen, wenn m\u00f6glich in der N\u00e4he ihres Studienortes. <strong>Wichtig<\/strong>: Sie m\u00fcssen die Informationen \u00fcber <strong>Ihr Budget<\/strong> und die <strong>gew\u00fcnschte Art der Unterkunft<\/strong> in das Feld \u201eZus\u00e4tzliche Informationen\u201c auf der Plattform f\u00fcr Unterkunftsanfragen unten eintragen. Unvollst\u00e4ndige Anfragen werden nicht bearbeitet.<\/p>\n\n\n\n<h3 class=\"has-text-align-left wp-block-unilux-blocks-heading\"        id=\"wann\"\n    >\n<strong>Wann?<\/strong><\/h3>\n\n\n\n<p><strong>Fr\u00fchestens 12 Wochen vor dem Datum, an dem Sie einziehen m\u00f6chten<\/strong> (denken Sie daran, dass Mietvertr\u00e4ge am 1. oder 16. des Monats beginnen).<br><br><strong>Bewerbungen f\u00fcr das Wintersemester 2026-2027<\/strong> <strong>ab dem:<\/strong><\/p>\n\n\n\n<ul class=\"ulux-list\">\n<li class=\"ulux-list-item\">Ab dem 10. Juni 2026 f\u00fcr einen Mietvertrag mit Beginn am 1. September 2026.<\/li>\n\n\n\n<li class=\"ulux-list-item\">Ab dem 25. Juni 2026 f\u00fcr einen Mietvertrag mit Beginn am 16. September 2026.<\/li>\n<\/ul>\n\n\n\n<h3 class=\"has-text-align-left wp-block-unilux-blocks-heading\"        id=\"wie\"\n    >\n<strong>Wie?<\/strong><\/h3>\n\n\n\n<p>Bewerben Sie sich \u00fcber unsere Plattform. W\u00e4hlen Sie Ihre Kategorie:<\/p>\n\n\n<ul class=\"flex flex-wrap mt-24 -mx-16  wp-block-unilux-blocks-free-content-card\">\n    <li class=\"w-full sm:w-1\/2 lg:w-1\/3 px-16  wp-block-unilux-blocks-free-content-card-item\">\n    <div class=\"ulux-card card-project-related bg-theme\">\n        <div class=\"ulux-card__container card__container\">\n                        <div class=\"ulux-card__body wp-block-unilux-blocks-free-content-card-item-body\">\n    \n<span class=\"ulux-card__related wp-block-unilux-blocks-plain-text\"><\/span>\n<h3 class=\"ulux-card__title has-text-align-left wp-block-unilux-blocks-heading\"        id=\"bachelor-master-phd\"\n    >\nBachelor\/Master\/PhD<\/h3>\n<div class=\"ulux-card__link-wrapper card__link wp-block-unilux-blocks-simple-cta\">\n    <a\n        href=\"https:\/\/unilu-prod.planoncloud.com\/case\/BP\/_UN0001\/?accesskey=eyJ0eXAiOiJKV1QiLCJhbGciOiJSUzUxMiJ9.eyJzdWIiOiJTVFVERU5UUyIsInBuQXV0b0dlbmVyYXRlZCI6ZmFsc2UsImlzcyI6IlBsYW5vbiBTb2Z0d2FyZSIsImV4cCI6MTkyNDk0MjMyMCwiaWF0IjoxNzYxMjk3MTUxfQ.GLQM2s2iycxfjujQe9dZ76Pc7J52FMa960qsNJKfep9sbPjKcrCcW-VouBxFCGO6wJdM0c_Y4SlTjalA7_Uhy1uBhxUv_h-asNiZOI0PRvr9hrl7FJKWA_FglBgCK8vKJVxt1Dwv63Bw_MxkEUYwKQDnTpIBeCwVKBcZGrmaz7UK7zh4YYPGtvhpGesGxg0xJmCGERU8oR8ISGM9k1AREnNHr521IwnoHkaP_2rmO1YBdcZTjFzLLeBR79-DNo8WydvUP18JOeKh1QgqgfvxZy2HvKw8jRY-tZ2zxoE1pNQecUp3gUn6TcUzxEJOnId8r5-KdV84fbkpeE4kcY0JYQ\"\n        title=\"Learn more\"\n        class=\"link-text link-text--icon ulux-card__link link-text link-absolute\"\n        target=\"_blank\"\n    >\n        <span class=\"link-text__body\">\n            <span class=\"link-text__name\">\u00d6ffnet einen neuen Tab<\/span>\n        <\/span>\n        <svg aria-hidden=\"true\" focusable=\"false\" class=\"icon icon-outline icon--external-link \"><use xlink:href=\"https:\/\/www.uni.lu\/wp-content\/themes\/unilux-theme\/assets\/images\/icons\/icons-outline.svg#icon--external-link\"><\/use><\/svg>    <\/a>\n<\/div>\n<\/div>        <\/div>\n    <\/div>\n<\/li><li class=\"w-full sm:w-1\/2 lg:w-1\/3 px-16  wp-block-unilux-blocks-free-content-card-item\">\n    <div class=\"ulux-card card-project-related bg-theme\">\n        <div class=\"ulux-card__container card__container\">\n                        <div class=\"ulux-card__body wp-block-unilux-blocks-free-content-card-item-body\">\n    \n<span class=\"ulux-card__related wp-block-unilux-blocks-plain-text\"><\/span>\n<h3 class=\"ulux-card__title has-text-align-left wp-block-unilux-blocks-heading\"        id=\"auslaendische-studierende-mobilitaet\"\n    >\nAusl\u00e4ndische Studierende\/Mobilit\u00e4t<\/h3>\n<div class=\"ulux-card__link-wrapper card__link wp-block-unilux-blocks-simple-cta\">\n    <a\n        href=\"https:\/\/unilu-prod.planoncloud.com\/case\/BP\/_UN0001\/?accesskey=eyJ0eXAiOiJKV1QiLCJhbGciOiJSUzUxMiJ9.eyJzdWIiOiJTVFVERU5UUyIsInBuQXV0b0dlbmVyYXRlZCI6ZmFsc2UsImlzcyI6IlBsYW5vbiBTb2Z0d2FyZSIsImV4cCI6MTkyNDk0MjMyMCwiaWF0IjoxNzYxMjk3MTUxfQ.GLQM2s2iycxfjujQe9dZ76Pc7J52FMa960qsNJKfep9sbPjKcrCcW-VouBxFCGO6wJdM0c_Y4SlTjalA7_Uhy1uBhxUv_h-asNiZOI0PRvr9hrl7FJKWA_FglBgCK8vKJVxt1Dwv63Bw_MxkEUYwKQDnTpIBeCwVKBcZGrmaz7UK7zh4YYPGtvhpGesGxg0xJmCGERU8oR8ISGM9k1AREnNHr521IwnoHkaP_2rmO1YBdcZTjFzLLeBR79-DNo8WydvUP18JOeKh1QgqgfvxZy2HvKw8jRY-tZ2zxoE1pNQecUp3gUn6TcUzxEJOnId8r5-KdV84fbkpeE4kcY0JYQ\"\n        title=\"Learn more\"\n        class=\"link-text link-text--icon ulux-card__link link-text link-absolute\"\n        target=\"_blank\"\n    >\n        <span class=\"link-text__body\">\n            <span class=\"link-text__name\">\u00d6ffnet einen neuen Tab<\/span>\n        <\/span>\n        <svg aria-hidden=\"true\" focusable=\"false\" class=\"icon icon-outline icon--external-link \"><use xlink:href=\"https:\/\/www.uni.lu\/wp-content\/themes\/unilux-theme\/assets\/images\/icons\/icons-outline.svg#icon--external-link\"><\/use><\/svg>    <\/a>\n<\/div>\n<\/div>        <\/div>\n    <\/div>\n<\/li><li class=\"w-full sm:w-1\/2 lg:w-1\/3 px-16  wp-block-unilux-blocks-free-content-card-item\">\n    <div class=\"ulux-card card-project-related bg-theme\">\n        <div class=\"ulux-card__container card__container\">\n                        <div class=\"ulux-card__body wp-block-unilux-blocks-free-content-card-item-body\">\n    \n<span class=\"ulux-card__related wp-block-unilux-blocks-plain-text\"><\/span>\n<h3 class=\"ulux-card__title has-text-align-left wp-block-unilux-blocks-heading\"        id=\"rueckkehr-vom-mobilitaets-austauschsemester\"\n    >\nR\u00fcckkehr vom Mobilit\u00e4ts-\/Austauschsemester<\/h3>\n<div class=\"ulux-card__link-wrapper card__link wp-block-unilux-blocks-simple-cta\">\n    <a\n        href=\"https:\/\/unilu-prod.planoncloud.com\/case\/BP\/_UN0003\/?accesskey=eyJ0eXAiOiJKV1QiLCJhbGciOiJSUzUxMiJ9.eyJzdWIiOiJTVFVERU5UUyIsInBuQXV0b0dlbmVyYXRlZCI6ZmFsc2UsImlzcyI6IlBsYW5vbiBTb2Z0d2FyZSIsImV4cCI6MTkyNDk0MjMyMCwiaWF0IjoxNzYxMjk3MTUxfQ.GLQM2s2iycxfjujQe9dZ76Pc7J52FMa960qsNJKfep9sbPjKcrCcW-VouBxFCGO6wJdM0c_Y4SlTjalA7_Uhy1uBhxUv_h-asNiZOI0PRvr9hrl7FJKWA_FglBgCK8vKJVxt1Dwv63Bw_MxkEUYwKQDnTpIBeCwVKBcZGrmaz7UK7zh4YYPGtvhpGesGxg0xJmCGERU8oR8ISGM9k1AREnNHr521IwnoHkaP_2rmO1YBdcZTjFzLLeBR79-DNo8WydvUP18JOeKh1QgqgfvxZy2HvKw8jRY-tZ2zxoE1pNQecUp3gUn6TcUzxEJOnId8r5-KdV84fbkpeE4kcY0JYQ\"\n        title=\"Learn more\"\n        class=\"link-text link-text--icon ulux-card__link link-text link-absolute\"\n        target=\"_blank\"\n    >\n        <span class=\"link-text__body\">\n            <span class=\"link-text__name\">\u00d6ffnet einen neuen Tab<\/span>\n        <\/span>\n        <svg aria-hidden=\"true\" focusable=\"false\" class=\"icon icon-outline icon--external-link \"><use xlink:href=\"https:\/\/www.uni.lu\/wp-content\/themes\/unilux-theme\/assets\/images\/icons\/icons-outline.svg#icon--external-link\"><\/use><\/svg>    <\/a>\n<\/div>\n<\/div>        <\/div>\n    <\/div>\n<\/li><\/ul><\/div><\/section>\n\n\n\n<section class=\"py-0 wp-block-unilux-blocks-free-section section\"><div class=\"container xl:max-w-screen-xl\">\n<h2 class=\"has-text-align-left wp-block-unilux-blocks-heading\"        id=\"zuweisung\"\n    >\nZuweisung<\/h2>\n\n\n\n<p>Nachdem Sie Ihre Bewerbung abgeschickt haben, werden wir Ihnen ein Angebot per E-Mail zusenden, wenn wir freie Pl\u00e4tze haben, die Ihren Anforderungen entsprechen. Wenn Sie dieses Angebot ablehnen, k\u00f6nnen wir Ihnen innerhalb desselben Semesters kein anderes Zimmer zuteilen.<\/p>\n\n\n\n<p>Wenn wir Ihnen aufgrund mangelnder Verf\u00fcgbarkeit kein Zimmer anbieten k\u00f6nnen, wird Ihre Anfrage w\u00e4hrend des laufenden Semesters auf die Warteliste gesetzt.<\/p>\n\n\n\n<div class=\"wp-block-columns are-vertically-aligned-center is-not-stacked-on-mobile is-layout-flex wp-block-columns-is-layout-flex\">\n<div class=\"wp-block-column is-vertically-aligned-center is-layout-flow wp-block-column-is-layout-flow\" style=\"flex-basis:300px\">\n<div class=\"wp-block-unilux-blocks-icons-group icon--4xl\"><svg aria-hidden=\"true\" focusable=\"false\" class=\"icon icon-solid icon--warning \"><use xlink:href=\"https:\/\/www.uni.lu\/wp-content\/themes\/unilux-theme\/assets\/images\/icons\/icons-solid.svg#icon--warning\"><\/use><\/svg><\/div>\n\n\n<div class=\"wp-block-unilux-blocks-spacer is-spacer-size-sm\"><\/div><\/div>\n\n\n\n<div class=\"wp-block-column is-vertically-aligned-center is-layout-flow wp-block-column-is-layout-flow\">\n<h3 class=\"has-text-align-left wp-block-unilux-blocks-heading\"        id=\"keine-garantierte-unterkunft\"\n    >\nKeine garantierte Unterkunft<\/h3>\n\n\n\n<p>Die Zahl der Anfragen nach Unterk\u00fcnften ist sehr hoch und \u00fcbersteigt unsere Kapazit\u00e4ten. Aus diesem Grund kann die Universit\u00e4t Luxemburg nicht f\u00fcr alle in Frage kommenden Studierenden eine Unterkunft garantieren. Wir empfehlen BewerberInnen dringend, sich nach <a href=\"https:\/\/www.uni.lu\/life-de\/unterkunft\/was-wir-bieten\/\">anderen Alternativen<\/a> umzusehen.<\/p>\n<\/div>\n<\/div>\n<\/div><\/section>\n\n\n\n<section class=\"wp-block-unilux-blocks-free-section section\"><div class=\"container xl:max-w-screen-xl\">\n<h2 class=\"has-text-align-left wp-block-unilux-blocks-heading\"        id=\"reservierung\"\n    >\nReservierung<\/h2>\n\n\n\n<p>Das Angebot, dass Sie per E-Mail erhalten, ist <strong>10 Tage<\/strong> lang f\u00fcr Sie reserviert.<\/p>\n\n\n\n<p>Sie k\u00f6nnen die Ihnen angebotene Unterkunft auf unseren Webseiten ansehen. Eine Besichtigung der Unterk\u00fcnfte ist nicht m\u00f6glich.<br>Wenn Sie die vorgeschlagene Unterkunft akzeptieren, m\u00fcssen Sie Ihre Reservierung innerhalb von 10 Tagen durch Zahlung best\u00e4tigen:<\/p>\n\n\n\n<ul class=\"ulux-list\">\n<li class=\"ulux-list-item\">einer Kaution in H\u00f6he von zwei Monatsmieten f\u00fcr die reservierte Unterkunft*; und<\/li>\n\n\n\n<li class=\"ulux-list-item\">der Monatsmiete*<\/li>\n\n\n\n<li class=\"ulux-list-item\"><a href=\"https:\/\/www.uni.lu\/life-de\/wohnen\/mietverhaeltnis\/\">Wohnungsversicherung<\/a><\/li>\n<\/ul>\n\n\n\n<p>Wenn wir innerhalb von 10 Tagen keine Zahlung von Ihnen erhalten, wird die Reservierung automatisch storniert.<br><em>*Die monatliche Miete h\u00e4ngt von der zugewiesenen Unterkunft ab und kann nicht im Voraus mitgeteilt werden.<\/em><\/p>\n<\/div><\/section>\n<\/div>","protected":false},"excerpt":{"rendered":"","protected":false},"author":385,"featured_media":0,"parent":393,"menu_order":4,"comment_status":"closed","ping_status":"closed","template":"","meta":{"featured_image_focal_point":[],"show_featured_caption":false,"ulux_newsletter_groups":"","uluxPostTitle":"Wohnen","uluxPrePostTitle":"","_trash_the_other_posts":false,"_price":"","_stock":"","_tribe_ticket_header":"","_tribe_default_ticket_provider":"","_tribe_ticket_capacity":"0","_ticket_start_date":"","_ticket_end_date":"","_tribe_ticket_show_description":"","_tribe_ticket_show_not_going":false,"_tribe_ticket_use_global_stock":"","_tribe_ticket_global_stock_level":"","_global_stock_mode":"","_global_stock_cap":"","_tribe_rsvp_for_event":"","_tribe_ticket_going_count":"","_tribe_ticket_not_going_count":"","_tribe_tickets_list":"[]","_tribe_ticket_has_attendee_info_fields":false,"footnotes":""},"field-of-interest":[],"organisation":[],"authorship":[210,337,385],"acf":[],"yoast_head":"<!-- This site is optimized with the Yoast SEO Premium plugin v22.3 (Yoast SEO v22.3) - https:\/\/yoast.com\/wordpress\/plugins\/seo\/ -->\n<title>Bewerbung - Universit\u00e4t Luxemburg I Uni.lu<\/title>\n<meta name=\"description\" content=\"Die Zimmer werden an diejenigen vergeben, die f\u00f6rderf\u00e4hige Bewerbungen einreichen, wenn m\u00f6glich in der N\u00e4he ihres Studienortes.\" \/>\n<meta name=\"robots\" content=\"index, follow, max-snippet:-1, max-image-preview:large, max-video-preview:-1\" \/>\n<link rel=\"canonical\" href=\"https:\/\/www.uni.lu\/life-de\/wohnen\/bewerbung\/\" \/>\n<meta property=\"og:locale\" content=\"de_DE\" \/>\n<meta property=\"og:type\" content=\"article\" \/>\n<meta property=\"og:title\" content=\"Bewerbung\" \/>\n<meta property=\"og:description\" content=\"Die Zimmer werden an diejenigen vergeben, die f\u00f6rderf\u00e4hige Bewerbungen einreichen, wenn m\u00f6glich in der N\u00e4he ihres Studienortes.\" \/>\n<meta property=\"og:url\" content=\"https:\/\/www.uni.lu\/life-de\/wohnen\/bewerbung\/\" \/>\n<meta property=\"og:site_name\" content=\"LIFE DE\" \/>\n<meta property=\"article:modified_time\" content=\"2026-03-11T07:51:02+00:00\" \/>\n<meta property=\"og:image\" content=\"https:\/\/www.uni.lu\/wp-content\/uploads\/sites\/30\/2026\/03\/03115231\/UNIV_SM-Profile_1600x1600px-scaled.jpg\" \/>\n\t<meta property=\"og:image:width\" content=\"2560\" \/>\n\t<meta property=\"og:image:height\" content=\"2560\" \/>\n\t<meta property=\"og:image:type\" content=\"image\/jpeg\" \/>\n<meta name=\"twitter:card\" content=\"summary_large_image\" \/>\n<meta name=\"twitter:label1\" content=\"Gesch\u00e4tzte Lesezeit\" \/>\n\t<meta name=\"twitter:data1\" content=\"3 Minuten\" \/>\n<script type=\"application\/ld+json\" class=\"yoast-schema-graph\">{\"@context\":\"https:\/\/schema.org\",\"@graph\":[{\"@type\":\"WebPage\",\"@id\":\"https:\/\/www.uni.lu\/life-de\/wohnen\/bewerbung\/\",\"url\":\"https:\/\/www.uni.lu\/life-de\/wohnen\/bewerbung\/\",\"name\":\"Bewerbung - Universit\u00e4t Luxemburg I Uni.lu\",\"isPartOf\":{\"@id\":\"https:\/\/www.uni.lu\/life-de\/#website\"},\"datePublished\":\"2024-04-09T08:43:33+00:00\",\"dateModified\":\"2026-03-11T07:51:02+00:00\",\"description\":\"Die Zimmer werden an diejenigen vergeben, die f\u00f6rderf\u00e4hige Bewerbungen einreichen, wenn m\u00f6glich in der N\u00e4he ihres Studienortes.\",\"breadcrumb\":{\"@id\":\"https:\/\/www.uni.lu\/life-de\/wohnen\/bewerbung\/#breadcrumb\"},\"inLanguage\":\"de-DE\",\"potentialAction\":[{\"@type\":\"ReadAction\",\"target\":[\"https:\/\/www.uni.lu\/life-de\/wohnen\/bewerbung\/\"]}]},{\"@type\":\"BreadcrumbList\",\"@id\":\"https:\/\/www.uni.lu\/life-de\/wohnen\/bewerbung\/#breadcrumb\",\"itemListElement\":[{\"@type\":\"ListItem\",\"position\":1,\"name\":\"Home\",\"item\":\"https:\/\/www.uni.lu\/de\"},{\"@type\":\"ListItem\",\"position\":2,\"name\":\"Leben an der Universit\u00e4t\",\"item\":\"https:\/\/www.uni.lu\/life-de\/\"},{\"@type\":\"ListItem\",\"position\":3,\"name\":\"Wohnen\",\"item\":\"https:\/\/www.uni.lu\/life-de\/wohnen\/\"},{\"@type\":\"ListItem\",\"position\":4,\"name\":\"Bewerbung\"}]},{\"@type\":\"WebSite\",\"@id\":\"https:\/\/www.uni.lu\/life-de\/#website\",\"url\":\"https:\/\/www.uni.lu\/life-de\/\",\"name\":\"Uni.lu\",\"description\":\"Leben an der Universit\u00e4t Luxemburg\",\"publisher\":{\"@id\":\"https:\/\/www.uni.lu\/life-de\/#organization\"},\"alternateName\":\"Universit\u00e4t Luxemburg I Uni.lu\",\"potentialAction\":[{\"@type\":\"SearchAction\",\"target\":{\"@type\":\"EntryPoint\",\"urlTemplate\":\"https:\/\/www.uni.lu\/life-de\/?s={search_term_string}\"},\"query-input\":\"required name=search_term_string\"}],\"inLanguage\":\"de-DE\"},{\"@type\":\"Organization\",\"@id\":\"https:\/\/www.uni.lu\/life-de\/#organization\",\"name\":\"Universit\u00e4t Luxemburg\",\"alternateName\":\"Uni.lu\",\"url\":\"https:\/\/www.uni.lu\/life-de\/\",\"logo\":{\"@type\":\"ImageObject\",\"inLanguage\":\"de-DE\",\"@id\":\"https:\/\/www.uni.lu\/life-de\/#\/schema\/logo\/image\/\",\"url\":\"https:\/\/www.uni.lu\/wp-content\/uploads\/sites\/30\/2026\/03\/03115231\/UNIV_SM-Profile_1600x1600px-scaled.jpg\",\"contentUrl\":\"https:\/\/www.uni.lu\/wp-content\/uploads\/sites\/30\/2026\/03\/03115231\/UNIV_SM-Profile_1600x1600px-scaled.jpg\",\"width\":2560,\"height\":2560,\"caption\":\"Universit\u00e4t Luxemburg\"},\"image\":{\"@id\":\"https:\/\/www.uni.lu\/life-de\/#\/schema\/logo\/image\/\"},\"description\":\"Leben an der Universit\u00e4t Luxemburg\"}]}<\/script>\n<!-- \/ Yoast SEO Premium plugin. -->","yoast_head_json":{"title":"Bewerbung - Universit\u00e4t Luxemburg I Uni.lu","description":"Die Zimmer werden an diejenigen vergeben, die f\u00f6rderf\u00e4hige Bewerbungen einreichen, wenn m\u00f6glich in der N\u00e4he ihres Studienortes.","robots":{"index":"index","follow":"follow","max-snippet":"max-snippet:-1","max-image-preview":"max-image-preview:large","max-video-preview":"max-video-preview:-1"},"canonical":"https:\/\/www.uni.lu\/life-de\/wohnen\/bewerbung\/","og_locale":"de_DE","og_type":"article","og_title":"Bewerbung","og_description":"Die Zimmer werden an diejenigen vergeben, die f\u00f6rderf\u00e4hige Bewerbungen einreichen, wenn m\u00f6glich in der N\u00e4he ihres Studienortes.","og_url":"https:\/\/www.uni.lu\/life-de\/wohnen\/bewerbung\/","og_site_name":"LIFE DE","article_modified_time":"2026-03-11T07:51:02+00:00","og_image":[{"width":2560,"height":2560,"url":"https:\/\/www.uni.lu\/wp-content\/uploads\/sites\/30\/2026\/03\/03115231\/UNIV_SM-Profile_1600x1600px-scaled.jpg","type":"image\/jpeg"}],"twitter_card":"summary_large_image","twitter_misc":{"Gesch\u00e4tzte Lesezeit":"3 Minuten"},"schema":{"@context":"https:\/\/schema.org","@graph":[{"@type":"WebPage","@id":"https:\/\/www.uni.lu\/life-de\/wohnen\/bewerbung\/","url":"https:\/\/www.uni.lu\/life-de\/wohnen\/bewerbung\/","name":"Bewerbung - Universit\u00e4t Luxemburg I Uni.lu","isPartOf":{"@id":"https:\/\/www.uni.lu\/life-de\/#website"},"datePublished":"2024-04-09T08:43:33+00:00","dateModified":"2026-03-11T07:51:02+00:00","description":"Die Zimmer werden an diejenigen vergeben, die f\u00f6rderf\u00e4hige Bewerbungen einreichen, wenn m\u00f6glich in der N\u00e4he ihres Studienortes.","breadcrumb":{"@id":"https:\/\/www.uni.lu\/life-de\/wohnen\/bewerbung\/#breadcrumb"},"inLanguage":"de-DE","potentialAction":[{"@type":"ReadAction","target":["https:\/\/www.uni.lu\/life-de\/wohnen\/bewerbung\/"]}]},{"@type":"BreadcrumbList","@id":"https:\/\/www.uni.lu\/life-de\/wohnen\/bewerbung\/#breadcrumb","itemListElement":[{"@type":"ListItem","position":1,"name":"Home","item":"https:\/\/www.uni.lu\/de"},{"@type":"ListItem","position":2,"name":"Leben an der Universit\u00e4t","item":"https:\/\/www.uni.lu\/life-de\/"},{"@type":"ListItem","position":3,"name":"Wohnen","item":"https:\/\/www.uni.lu\/life-de\/wohnen\/"},{"@type":"ListItem","position":4,"name":"Bewerbung"}]},{"@type":"WebSite","@id":"https:\/\/www.uni.lu\/life-de\/#website","url":"https:\/\/www.uni.lu\/life-de\/","name":"Uni.lu","description":"Leben an der Universit\u00e4t Luxemburg","publisher":{"@id":"https:\/\/www.uni.lu\/life-de\/#organization"},"alternateName":"Universit\u00e4t Luxemburg I Uni.lu","potentialAction":[{"@type":"SearchAction","target":{"@type":"EntryPoint","urlTemplate":"https:\/\/www.uni.lu\/life-de\/?s={search_term_string}"},"query-input":"required name=search_term_string"}],"inLanguage":"de-DE"},{"@type":"Organization","@id":"https:\/\/www.uni.lu\/life-de\/#organization","name":"Universit\u00e4t Luxemburg","alternateName":"Uni.lu","url":"https:\/\/www.uni.lu\/life-de\/","logo":{"@type":"ImageObject","inLanguage":"de-DE","@id":"https:\/\/www.uni.lu\/life-de\/#\/schema\/logo\/image\/","url":"https:\/\/www.uni.lu\/wp-content\/uploads\/sites\/30\/2026\/03\/03115231\/UNIV_SM-Profile_1600x1600px-scaled.jpg","contentUrl":"https:\/\/www.uni.lu\/wp-content\/uploads\/sites\/30\/2026\/03\/03115231\/UNIV_SM-Profile_1600x1600px-scaled.jpg","width":2560,"height":2560,"caption":"Universit\u00e4t Luxemburg"},"image":{"@id":"https:\/\/www.uni.lu\/life-de\/#\/schema\/logo\/image\/"},"description":"Leben an der Universit\u00e4t Luxemburg"}]}},"ticketed":false,"_links":{"self":[{"href":"https:\/\/www.uni.lu\/life-de\/wp-json\/wp\/v2\/pages\/399"}],"collection":[{"href":"https:\/\/www.uni.lu\/life-de\/wp-json\/wp\/v2\/pages"}],"about":[{"href":"https:\/\/www.uni.lu\/life-de\/wp-json\/wp\/v2\/types\/page"}],"author":[{"embeddable":true,"href":"https:\/\/www.uni.lu\/life-de\/wp-json\/wp\/v2\/users\/385"}],"replies":[{"embeddable":true,"href":"https:\/\/www.uni.lu\/life-de\/wp-json\/wp\/v2\/comments?post=399"}],"version-history":[{"count":5,"href":"https:\/\/www.uni.lu\/life-de\/wp-json\/wp\/v2\/pages\/399\/revisions"}],"predecessor-version":[{"id":2205,"href":"https:\/\/www.uni.lu\/life-de\/wp-json\/wp\/v2\/pages\/399\/revisions\/2205"}],"up":[{"embeddable":true,"href":"https:\/\/www.uni.lu\/life-de\/wp-json\/wp\/v2\/pages\/393"}],"wp:authorship":[{"embeddable":true,"href":"https:\/\/www.uni.lu\/life-de\/wp-json\/wp\/v2\/users\/210"},{"embeddable":true,"href":"https:\/\/www.uni.lu\/life-de\/wp-json\/wp\/v2\/users\/337"},{"embeddable":true,"href":"https:\/\/www.uni.lu\/life-de\/wp-json\/wp\/v2\/users\/385"}],"wp:attachment":[{"href":"https:\/\/www.uni.lu\/life-de\/wp-json\/wp\/v2\/media?parent=399"}],"wp:term":[{"taxonomy":"field-of-interest","embeddable":true,"href":"https:\/\/www.uni.lu\/life-de\/wp-json\/wp\/v2\/field-of-interest?post=399"},{"taxonomy":"organisation","embeddable":true,"href":"https:\/\/www.uni.lu\/life-de\/wp-json\/wp\/v2\/organisation?post=399"}],"curies":[{"name":"wp","href":"https:\/\/api.w.org\/{rel}","templated":true}]}}