{"id":381,"date":"2024-04-09T10:24:17","date_gmt":"2024-04-09T08:24:17","guid":{"rendered":"https:\/\/www.uni.lu\/life-de\/?page_id=381"},"modified":"2026-02-23T13:05:21","modified_gmt":"2026-02-23T12:05:21","slug":"studierendenpartnern","status":"publish","type":"page","link":"https:\/\/www.uni.lu\/life-de\/soziales-leben\/studierendenvereinigungen-clubs\/anerkennungsprozess\/studierendenpartnern\/","title":{"rendered":"Studierendenpartnern"},"content":{"rendered":"<div class=\"section py-0 static\">\n<section class=\"py-0 wp-block-unilux-blocks-free-section section\"><div class=\"container xl:max-w-screen-xl\"><!-- SecondaryNavigationMirror --><div class=\"js-secondary-nav--sticky wp-block-unilux-blocks-secondary-navigation\" id=\"c51b4b5d-879c-47cd-825e-ef5659c0e325\">\n    <nav id=\"secondary-navigation\" role=\"navigation\" aria-label=\"Secondary menu\" class=\"secondary-nav\">\n        <button class=\"secondary-nav__button btn btn-solid--primary w-full\" aria-expanded=\"false\" aria-controls=\"secondary-navigation__list\" title=\"The selected page is \u00dcbersicht\" type=\"button\">\n            <span class=\"btn__name mr-auto\">\u00dcbersicht<\/span>\n            <svg aria-hidden=\"true\" focusable=\"false\" class=\"icon icon-outline icon--xs\">\n                <use xlink:href=\"https:\/\/www.uni.lu\/wp-content\/themes\/unilux-theme\/assets\/images\/icons\/icons-outline.svg#icon--arrow-down\" \/>\n            <\/svg>\n        <\/button>\n\n        <ul id=\"secondary-navigation__list\" class=\"secondary-nav__list\">\n            <li class=\"secondary-nav__item\">\n    <a href=\"https:\/\/www.uni.lu\/life-de\/soziales-leben\/\" target=\"\" rel=\"noreferrer noopener\" class=\"secondary-nav__link \">\n        <svg aria-hidden=\"true\" focusable=\"false\" class=\"icon icon-outline icon--xs\">\n            <use xlink:href=\"https:\/\/www.uni.lu\/wp-content\/themes\/unilux-theme\/assets\/images\/icons\/icons-outline.svg#icon--arrow-right\" \/>\n        <\/svg>\n        <span class=\"secondary-nav__name\">\u00dcbersicht<\/span>\n    <\/a>\n<\/li>\n<li class=\"secondary-nav__item\">\n    <a href=\"https:\/\/www.uni.lu\/life-de\/soziales-leben\/studierendenvereinigungen-clubs\/\" target=\"\" rel=\"noreferrer noopener\" class=\"secondary-nav__link \">\n        <svg aria-hidden=\"true\" focusable=\"false\" class=\"icon icon-outline icon--xs\">\n            <use xlink:href=\"https:\/\/www.uni.lu\/wp-content\/themes\/unilux-theme\/assets\/images\/icons\/icons-outline.svg#icon--arrow-right\" \/>\n        <\/svg>\n        <span class=\"secondary-nav__name\">Studierendenvereinigungen &amp; Clubs<\/span>\n    <\/a>\n<\/li>\n<li class=\"secondary-nav__item\">\n    <a href=\"https:\/\/www.uni.lu\/life-de\/soziales-leben\/lounges\/\" target=\"\" rel=\"noreferrer noopener\" class=\"secondary-nav__link \">\n        <svg aria-hidden=\"true\" focusable=\"false\" class=\"icon icon-outline icon--xs\">\n            <use xlink:href=\"https:\/\/www.uni.lu\/wp-content\/themes\/unilux-theme\/assets\/images\/icons\/icons-outline.svg#icon--arrow-right\" \/>\n        <\/svg>\n        <span class=\"secondary-nav__name\">Lounges<\/span>\n    <\/a>\n<\/li>\n<li class=\"secondary-nav__item\">\n    <a href=\"https:\/\/www.uni.lu\/life-de\/soziales-leben\/unterstuetzung-von-initiativen\/\" target=\"\" rel=\"noreferrer noopener\" class=\"secondary-nav__link \">\n        <svg aria-hidden=\"true\" focusable=\"false\" class=\"icon icon-outline icon--xs\">\n            <use xlink:href=\"https:\/\/www.uni.lu\/wp-content\/themes\/unilux-theme\/assets\/images\/icons\/icons-outline.svg#icon--arrow-right\" \/>\n        <\/svg>\n        <span class=\"secondary-nav__name\">Unterst\u00fctzung von Initiativen<\/span>\n    <\/a>\n<\/li>\n        <\/ul>\n    <\/nav>\n<\/div>\n<!-- end SecondaryNavigationMirror --><\/div><\/section>\n\n\n\n<section class=\"wp-block-unilux-blocks-free-section section\"><div class=\"container xl:max-w-screen-xl\">\n<h2 class=\"has-text-align-left wp-block-unilux-blocks-heading\"        id=\"anerkennung-von-studierendenpartnern\"\n    >\nAnerkennung von Studierendenpartnern<\/h2>\n\n\n\n<ul class=\"ulux-list\">\n<li class=\"ulux-list-item\"><strong><strong>Extern gef\u00fchrte Organisation, bei der Uni.lu-Studierende sich engagieren k\u00f6nnen (z. B. Freiwilligenarbeit)<\/strong><\/strong><\/li>\n<\/ul>\n\n\n\n<p>Anerkannte Partner sind Organisationen au\u00dferhalb der Universit\u00e4t, die sich f\u00fcr das studentische Leben engagieren und dieses unterst\u00fctzen. Anerkannte Partner werden aktiv dazu ermutigt, mit internen Organisationen (d. h. anerkannten Studentenvereinigungen und Clubs) zusammenarbeiten.<\/p>\n\n\n\n<ul class=\"ulux-list\">\n<li class=\"ulux-list-item\">Motivierte Begr\u00fcndung, weshalb Ihre Anerkennung eine Bereicherung f\u00fcr das Studentenleben darstellt<\/li>\n\n\n\n<li class=\"ulux-list-item\">Anerkannte Partner werden auch als Kooperationspartner f\u00fcr unsere bestehenden Studierendenvereinigungen und Clubs in Betracht gezogen. Sie sollten daher f\u00fcr die Organisation ihrer Aktivit\u00e4ten die Zusammenarbeit mit anerkannten Studierendenvereinigungen anstreben.<\/li>\n\n\n\n<li class=\"ulux-list-item\">Die Kernaktivit\u00e4ten eines neuen anerkannten Partners stehen nicht im Widerspruch zu den Werten der Universit\u00e4t Luxemburg.<\/li>\n\n\n\n<li class=\"ulux-list-item\">Der anerkannte Partner muss allen Studierenden der Universit\u00e4t Luxemburg offen stehen.<\/li>\n\n\n\n<li class=\"ulux-list-item\">Der anerkannte Partner darf nicht einen bereits von der Universit\u00e4t angebotenen Service nachahmen.<\/li>\n\n\n\n<li class=\"ulux-list-item\">Anerkannte Partner d\u00fcrfen keinen politischen oder religi\u00f6sen Zweck verfolgen.<\/li>\n\n\n\n<li class=\"ulux-list-item\">Die Dienstleistungen und organisierten Veranstaltungen des anerkannten Partners richten sich auch an eingeschriebene Studierende der Universit\u00e4t Bachelor- oder Master-Studierende oder Promotionsstudierende).<\/li>\n\n\n\n<li class=\"ulux-list-item\">Anerkannte Partner m\u00fcssen f\u00fcr die kommenden Jahre nachhaltig sein.<\/li>\n<\/ul>\n\n\n\n<div class=\"wp-block-unilux-blocks-accordion accordion accordion--theme accordion-standard\" data-reference=\"7d2e8a9a-1aa1-4961-be8b-451dcbe42631\" data-accordion-type=\"standard\"><div class=\"accordion__item  wp-block-unilux-blocks-accordion-item\">\n    <h3 class=\"accordion__header\"\n        >\n        <button\n            type=\"button\"\n            id=\"accordion-labelledby-be110b35-7fcd-4726-88a3-39732d5789cc\"\n            class=\"accordion__button collapsed\"\n            aria-expanded=\"false\"\n            aria-controls=\"accordion-panel-be110b35-7fcd-4726-88a3-39732d5789cc\"\n            data-bs-toggle=\"collapse\"\n            data-bs-target=\"#accordion-panel-be110b35-7fcd-4726-88a3-39732d5789cc\"\n        >\n            <span class=\"accordion__title\">\n                                Dienste f\u00fcr Studierendenpartner            <\/span>\n\n            <svg aria-hidden=\"true\" focusable=\"false\" class=\"icon icon-outline icon--arrow-down \"><use xlink:href=\"https:\/\/www.uni.lu\/wp-content\/themes\/unilux-theme\/assets\/images\/icons\/icons-outline.svg#icon--arrow-down\"><\/use><\/svg>        <\/button>\n    <\/h3>\n    <div id=\"accordion-panel-be110b35-7fcd-4726-88a3-39732d5789cc\"\n        class=\"accordion__collapse collapse\"\n        aria-labelledby=\"accordion-labelledby-be110b35-7fcd-4726-88a3-39732d5789cc\"\n        data-bs-parent=\"[data-reference=&quot;7d2e8a9a-1aa1-4961-be8b-451dcbe42631&quot;]\"\n    >\n        <div class=\"accordion__body \">\n            \n<p><strong>Angebotene Dienstleistungen<\/strong><\/p>\n\n<ul class=\"ulux-list\">\n<li class=\"ulux-list-item\">Reservierung kleiner R\u00e4ume<\/li>\n\n\n\n<li class=\"ulux-list-item\">Drucken<\/li>\n\n\n\n<li class=\"ulux-list-item\">Werbung auf der Facebook-Seite des B\u00fcros f\u00fcr studentisches Leben<\/li>\n\n\n\n<li class=\"ulux-list-item\">Auf der Website gelistet<\/li>\n\n\n\n<li class=\"ulux-list-item\">Anerkennung Ihrer studentischen Freiwilligen durch <a href=\"https:\/\/www.uni.lu\/de\/study-programs\/zertifikat-student-engagement-fuehrungskompetenz\/\">das Zertifikat f\u00fcr Student Engagement und F\u00fchrungskompetenz<\/a> (ECTS)<\/li>\n<\/ul>\n\n<p><strong><strong>Nicht angebotene Dienstleistungen<\/strong><\/strong><\/p>\n\n<ul class=\"ulux-list\">\n<li class=\"ulux-list-item\">Einladung zum Welcome Day und Tag der offenen T\u00fcr. Alternative: Liste in Taschen\/vor Ort bereitgestellt<\/li>\n\n\n\n<li class=\"ulux-list-item\">Einladung zum Students in Action Day<\/li>\n\n\n\n<li class=\"ulux-list-item\">Webseite auf Uni.lu<\/li>\n\n\n\n<li class=\"ulux-list-item\">Uni.lu-E-Mail-Adresse<\/li>\n\n\n\n<li class=\"ulux-list-item\">Monatliche Sitzung der Vorsitzenden<\/li>\n\n\n\n<li class=\"ulux-list-item\">J\u00e4hrliche finanzielle Unterst\u00fctzung von der Vizerektorin f\u00fcr akademische Angelegenheiten, wenn fristgerecht beantragt (600 \u20ac)<\/li>\n\n\n\n<li class=\"ulux-list-item\">Kann bei der Studierendenabteilung weitere finanzielle Unterst\u00fctzung beantragen (au\u00dfergew\u00f6hnliches Ereignis)<\/li>\n\n\n\n<li class=\"ulux-list-item\">Gr\u00f6\u00dfere Veranstaltungen (Versicherungs- und Sicherheitsbedingungen)\n<ul class=\"ulux-list\">\n<li class=\"ulux-list-item\">Ausnahme: in Zusammenarbeit mit einer anerkannten Studierendenvereinigung<\/li>\n<\/ul>\n<\/li>\n<\/ul>\n        <\/div>\n    <\/div>\n<\/div><\/div>\n\n\n<div class=\"wp-block-unilux-blocks-spacer is-spacer-size-md\"><\/div>\n\n\n<p><strong>Antragsformular f\u00fcr einen Studierendenpartner<\/strong><\/p>\n\n\n\n<p>Senden Sie Scans von <strong>beiden <\/strong>ausgef\u00fcllten Dokumenten an <a href=\"mailto:osl.recognition@uni.lu\">osl.recognition@uni.lu<\/a>.<\/p>\n\n\n\n<p>Reichen Sie anschlie\u00dfend <strong>zwei unterschriebene Ausdrucke<\/strong> der Vereinbarung beim <a href=\"https:\/\/www.uni.lu\/life-de\/soziales-leben\/unterstuetzung-von-initiativen\/\">Office of Student Life <\/a>(OSL) ein.<\/p>\n\n\n\n<ul class=\"wp-block-unilux-blocks-button-list-v2\">\n<li class=\"wp-block-unilux-blocks-button-list-item-v2\"><a class=\"quick-link\" href=\"https:\/\/www.uni.lu\/wp-content\/uploads\/sites\/29\/2025\/09\/03172100\/Recognition-Request-Form-2025-2026-student-partners.docx\" target=\"_blank\" role=\"link\" rel=\"noopener\" tabindex=\"0\"><span class=\"quick-link__container\">\n<div class=\"wp-block-unilux-blocks-block-inserter quick-link__img\"><\/div>\n\n\n\n<span class=\"quick-link__name wp-block-unilux-blocks-plain-text\">Anerkennungsantragsformular f\u00fcr Studierendenpartner, 2025-2026 (.docx) (EN)<\/span>\n\n<svg aria-hidden=\"true\" focusable=\"false\" class=\"icon icon-outline icon--download \"><use xlink:href=\"https:\/\/www.uni.lu\/wp-content\/themes\/unilux-theme\/assets\/images\/icons\/icons-outline.svg#icon--download\"><\/use><\/svg><\/span><\/a><\/li>\n\n\n\n<li class=\"wp-block-unilux-blocks-button-list-item-v2\"><a class=\"quick-link\" href=\"https:\/\/www.uni.lu\/wp-content\/uploads\/sites\/29\/2025\/08\/27135707\/Recognition-convention-2025_26-student-partners.pdf\" target=\"_blank\" role=\"link\" rel=\"noopener\" tabindex=\"0\"><span class=\"quick-link__container\">\n<div class=\"wp-block-unilux-blocks-block-inserter quick-link__img\"><\/div>\n\n\n\n<span class=\"quick-link__name wp-block-unilux-blocks-plain-text\">Anerkennungsvereinbarung f\u00fcr Studierendenpartner, 2025-2026 (.pdf)<\/span>\n\n<svg aria-hidden=\"true\" focusable=\"false\" class=\"icon icon-outline icon--download \"><use xlink:href=\"https:\/\/www.uni.lu\/wp-content\/themes\/unilux-theme\/assets\/images\/icons\/icons-outline.svg#icon--download\"><\/use><\/svg><\/span><\/a><\/li>\n<\/ul>\n<\/div><\/section>\n\n\n\n<section class=\"py-0 wp-block-unilux-blocks-free-section section\"><div class=\"container xl:max-w-screen-xl\">\n<h5 class=\"has-text-align-left wp-block-unilux-blocks-heading\"        id=\"lesen-sie-unsere-detaillierten-richtlinien-fuer-das-antragsformular\"\n    >\nLesen Sie unsere detaillierten Richtlinien f\u00fcr das Antragsformular<\/h5>\n\n\n\n<ul class=\"wp-block-unilux-blocks-quick-link-highlight quick-link-list\">\n<li class=\"wp-block-unilux-blocks-quick-link-highlight-item\">\n    <a\n                    href=\"https:\/\/www.uni.lu\/life-de\/soziales-leben\/studierendenvereinigungen-clubs\/anerkennungsprozess\/#detaillierte-richtlinien-fuer-das-antragsformular\"\n                    class=\"quick-link\"\n            target=\"\"\n    >\n            <span class=\"quick-link__container\">\n                <span class=\"quick-link__body\">\n                    <span class=\"quick-link__number\">\n                                            <\/span>\n                    <span class=\"quick-link__title\">\n                        Detaillierte Richtlinien f\u00fcr das Antragsformular                    <\/span>\n                    <span class=\"quick-link__action\">\n                                            <\/span>\n                <\/span>\n                <svg aria-hidden=\"true\" focusable=\"false\" class=\"icon icon-outline icon--arrow-right \"><use xlink:href=\"https:\/\/www.uni.lu\/wp-content\/themes\/unilux-theme\/assets\/images\/icons\/icons-outline.svg#icon--arrow-right\"><\/use><\/svg>            <\/span>\n    <\/a>\n<\/li>\n<\/ul>\n<\/div><\/section>\n<\/div>","protected":false},"excerpt":{"rendered":"","protected":false},"author":394,"featured_media":0,"parent":375,"menu_order":0,"comment_status":"closed","ping_status":"closed","template":"","meta":{"featured_image_focal_point":[],"show_featured_caption":false,"ulux_newsletter_groups":"","uluxPostTitle":"Soziales Leben","uluxPrePostTitle":"Mehr als nur das Studium","_trash_the_other_posts":false,"_price":"","_stock":"","_tribe_ticket_header":"","_tribe_default_ticket_provider":"","_tribe_ticket_capacity":"0","_ticket_start_date":"","_ticket_end_date":"","_tribe_ticket_show_description":"","_tribe_ticket_show_not_going":false,"_tribe_ticket_use_global_stock":"","_tribe_ticket_global_stock_level":"","_global_stock_mode":"","_global_stock_cap":"","_tribe_rsvp_for_event":"","_tribe_ticket_going_count":"","_tribe_ticket_not_going_count":"","_tribe_tickets_list":"[]","_tribe_ticket_has_attendee_info_fields":false,"footnotes":""},"field-of-interest":[],"organisation":[],"authorship":[75,226,321,347,394],"acf":[],"yoast_head":"<!-- This site is optimized with the Yoast SEO Premium plugin v22.3 (Yoast SEO v22.3) - https:\/\/yoast.com\/wordpress\/plugins\/seo\/ -->\n<title>Studierendenpartnern - Universit\u00e4t Luxemburg I Uni.lu<\/title>\n<meta name=\"robots\" content=\"index, follow, max-snippet:-1, max-image-preview:large, max-video-preview:-1\" \/>\n<link rel=\"canonical\" href=\"https:\/\/www.uni.lu\/life-de\/soziales-leben\/studierendenvereinigungen-clubs\/anerkennungsprozess\/studierendenpartnern\/\" \/>\n<meta property=\"og:locale\" content=\"de_DE\" \/>\n<meta property=\"og:type\" content=\"article\" \/>\n<meta property=\"og:title\" content=\"Studierendenpartnern\" \/>\n<meta property=\"og:url\" content=\"https:\/\/www.uni.lu\/life-de\/soziales-leben\/studierendenvereinigungen-clubs\/anerkennungsprozess\/studierendenpartnern\/\" \/>\n<meta property=\"og:site_name\" content=\"LIFE DE\" \/>\n<meta property=\"article:modified_time\" content=\"2026-02-23T12:05:21+00:00\" \/>\n<meta property=\"og:image\" content=\"https:\/\/www.uni.lu\/wp-content\/uploads\/sites\/30\/2026\/03\/03115231\/UNIV_SM-Profile_1600x1600px-scaled.jpg\" \/>\n\t<meta property=\"og:image:width\" content=\"2560\" \/>\n\t<meta property=\"og:image:height\" content=\"2560\" \/>\n\t<meta property=\"og:image:type\" content=\"image\/jpeg\" \/>\n<meta name=\"twitter:card\" content=\"summary_large_image\" \/>\n<meta name=\"twitter:label1\" content=\"Gesch\u00e4tzte Lesezeit\" \/>\n\t<meta name=\"twitter:data1\" content=\"2 Minuten\" \/>\n<script type=\"application\/ld+json\" class=\"yoast-schema-graph\">{\"@context\":\"https:\/\/schema.org\",\"@graph\":[{\"@type\":\"WebPage\",\"@id\":\"https:\/\/www.uni.lu\/life-de\/soziales-leben\/studierendenvereinigungen-clubs\/anerkennungsprozess\/studierendenpartnern\/\",\"url\":\"https:\/\/www.uni.lu\/life-de\/soziales-leben\/studierendenvereinigungen-clubs\/anerkennungsprozess\/studierendenpartnern\/\",\"name\":\"Studierendenpartnern - Universit\u00e4t Luxemburg I Uni.lu\",\"isPartOf\":{\"@id\":\"https:\/\/www.uni.lu\/life-de\/#website\"},\"datePublished\":\"2024-04-09T08:24:17+00:00\",\"dateModified\":\"2026-02-23T12:05:21+00:00\",\"breadcrumb\":{\"@id\":\"https:\/\/www.uni.lu\/life-de\/soziales-leben\/studierendenvereinigungen-clubs\/anerkennungsprozess\/studierendenpartnern\/#breadcrumb\"},\"inLanguage\":\"de-DE\",\"potentialAction\":[{\"@type\":\"ReadAction\",\"target\":[\"https:\/\/www.uni.lu\/life-de\/soziales-leben\/studierendenvereinigungen-clubs\/anerkennungsprozess\/studierendenpartnern\/\"]}]},{\"@type\":\"BreadcrumbList\",\"@id\":\"https:\/\/www.uni.lu\/life-de\/soziales-leben\/studierendenvereinigungen-clubs\/anerkennungsprozess\/studierendenpartnern\/#breadcrumb\",\"itemListElement\":[{\"@type\":\"ListItem\",\"position\":1,\"name\":\"Home\",\"item\":\"https:\/\/www.uni.lu\/de\"},{\"@type\":\"ListItem\",\"position\":2,\"name\":\"Leben an der Universit\u00e4t\",\"item\":\"https:\/\/www.uni.lu\/life-de\/\"},{\"@type\":\"ListItem\",\"position\":3,\"name\":\"Soziales Leben\",\"item\":\"https:\/\/www.uni.lu\/life-de\/soziales-leben\/\"},{\"@type\":\"ListItem\",\"position\":4,\"name\":\"Studierendenvereinigungen &amp; Clubs\",\"item\":\"https:\/\/www.uni.lu\/life-de\/soziales-leben\/studierendenvereinigungen-clubs\/\"},{\"@type\":\"ListItem\",\"position\":5,\"name\":\"Anerkennungsprozess\",\"item\":\"https:\/\/www.uni.lu\/life-de\/soziales-leben\/studierendenvereinigungen-clubs\/anerkennungsprozess\/\"},{\"@type\":\"ListItem\",\"position\":6,\"name\":\"Studierendenpartnern\"}]},{\"@type\":\"WebSite\",\"@id\":\"https:\/\/www.uni.lu\/life-de\/#website\",\"url\":\"https:\/\/www.uni.lu\/life-de\/\",\"name\":\"Uni.lu\",\"description\":\"Leben an der Universit\u00e4t Luxemburg\",\"publisher\":{\"@id\":\"https:\/\/www.uni.lu\/life-de\/#organization\"},\"alternateName\":\"Universit\u00e4t Luxemburg I Uni.lu\",\"potentialAction\":[{\"@type\":\"SearchAction\",\"target\":{\"@type\":\"EntryPoint\",\"urlTemplate\":\"https:\/\/www.uni.lu\/life-de\/?s={search_term_string}\"},\"query-input\":\"required name=search_term_string\"}],\"inLanguage\":\"de-DE\"},{\"@type\":\"Organization\",\"@id\":\"https:\/\/www.uni.lu\/life-de\/#organization\",\"name\":\"Universit\u00e4t Luxemburg\",\"alternateName\":\"Uni.lu\",\"url\":\"https:\/\/www.uni.lu\/life-de\/\",\"logo\":{\"@type\":\"ImageObject\",\"inLanguage\":\"de-DE\",\"@id\":\"https:\/\/www.uni.lu\/life-de\/#\/schema\/logo\/image\/\",\"url\":\"https:\/\/www.uni.lu\/wp-content\/uploads\/sites\/30\/2026\/03\/03115231\/UNIV_SM-Profile_1600x1600px-scaled.jpg\",\"contentUrl\":\"https:\/\/www.uni.lu\/wp-content\/uploads\/sites\/30\/2026\/03\/03115231\/UNIV_SM-Profile_1600x1600px-scaled.jpg\",\"width\":2560,\"height\":2560,\"caption\":\"Universit\u00e4t Luxemburg\"},\"image\":{\"@id\":\"https:\/\/www.uni.lu\/life-de\/#\/schema\/logo\/image\/\"},\"description\":\"Leben an der Universit\u00e4t Luxemburg\"}]}<\/script>\n<!-- \/ Yoast SEO Premium plugin. -->","yoast_head_json":{"title":"Studierendenpartnern - Universit\u00e4t Luxemburg I Uni.lu","robots":{"index":"index","follow":"follow","max-snippet":"max-snippet:-1","max-image-preview":"max-image-preview:large","max-video-preview":"max-video-preview:-1"},"canonical":"https:\/\/www.uni.lu\/life-de\/soziales-leben\/studierendenvereinigungen-clubs\/anerkennungsprozess\/studierendenpartnern\/","og_locale":"de_DE","og_type":"article","og_title":"Studierendenpartnern","og_url":"https:\/\/www.uni.lu\/life-de\/soziales-leben\/studierendenvereinigungen-clubs\/anerkennungsprozess\/studierendenpartnern\/","og_site_name":"LIFE DE","article_modified_time":"2026-02-23T12:05:21+00:00","og_image":[{"width":2560,"height":2560,"url":"https:\/\/www.uni.lu\/wp-content\/uploads\/sites\/30\/2026\/03\/03115231\/UNIV_SM-Profile_1600x1600px-scaled.jpg","type":"image\/jpeg"}],"twitter_card":"summary_large_image","twitter_misc":{"Gesch\u00e4tzte Lesezeit":"2 Minuten"},"schema":{"@context":"https:\/\/schema.org","@graph":[{"@type":"WebPage","@id":"https:\/\/www.uni.lu\/life-de\/soziales-leben\/studierendenvereinigungen-clubs\/anerkennungsprozess\/studierendenpartnern\/","url":"https:\/\/www.uni.lu\/life-de\/soziales-leben\/studierendenvereinigungen-clubs\/anerkennungsprozess\/studierendenpartnern\/","name":"Studierendenpartnern - Universit\u00e4t Luxemburg I Uni.lu","isPartOf":{"@id":"https:\/\/www.uni.lu\/life-de\/#website"},"datePublished":"2024-04-09T08:24:17+00:00","dateModified":"2026-02-23T12:05:21+00:00","breadcrumb":{"@id":"https:\/\/www.uni.lu\/life-de\/soziales-leben\/studierendenvereinigungen-clubs\/anerkennungsprozess\/studierendenpartnern\/#breadcrumb"},"inLanguage":"de-DE","potentialAction":[{"@type":"ReadAction","target":["https:\/\/www.uni.lu\/life-de\/soziales-leben\/studierendenvereinigungen-clubs\/anerkennungsprozess\/studierendenpartnern\/"]}]},{"@type":"BreadcrumbList","@id":"https:\/\/www.uni.lu\/life-de\/soziales-leben\/studierendenvereinigungen-clubs\/anerkennungsprozess\/studierendenpartnern\/#breadcrumb","itemListElement":[{"@type":"ListItem","position":1,"name":"Home","item":"https:\/\/www.uni.lu\/de"},{"@type":"ListItem","position":2,"name":"Leben an der Universit\u00e4t","item":"https:\/\/www.uni.lu\/life-de\/"},{"@type":"ListItem","position":3,"name":"Soziales Leben","item":"https:\/\/www.uni.lu\/life-de\/soziales-leben\/"},{"@type":"ListItem","position":4,"name":"Studierendenvereinigungen &amp; Clubs","item":"https:\/\/www.uni.lu\/life-de\/soziales-leben\/studierendenvereinigungen-clubs\/"},{"@type":"ListItem","position":5,"name":"Anerkennungsprozess","item":"https:\/\/www.uni.lu\/life-de\/soziales-leben\/studierendenvereinigungen-clubs\/anerkennungsprozess\/"},{"@type":"ListItem","position":6,"name":"Studierendenpartnern"}]},{"@type":"WebSite","@id":"https:\/\/www.uni.lu\/life-de\/#website","url":"https:\/\/www.uni.lu\/life-de\/","name":"Uni.lu","description":"Leben an der Universit\u00e4t Luxemburg","publisher":{"@id":"https:\/\/www.uni.lu\/life-de\/#organization"},"alternateName":"Universit\u00e4t Luxemburg I Uni.lu","potentialAction":[{"@type":"SearchAction","target":{"@type":"EntryPoint","urlTemplate":"https:\/\/www.uni.lu\/life-de\/?s={search_term_string}"},"query-input":"required name=search_term_string"}],"inLanguage":"de-DE"},{"@type":"Organization","@id":"https:\/\/www.uni.lu\/life-de\/#organization","name":"Universit\u00e4t Luxemburg","alternateName":"Uni.lu","url":"https:\/\/www.uni.lu\/life-de\/","logo":{"@type":"ImageObject","inLanguage":"de-DE","@id":"https:\/\/www.uni.lu\/life-de\/#\/schema\/logo\/image\/","url":"https:\/\/www.uni.lu\/wp-content\/uploads\/sites\/30\/2026\/03\/03115231\/UNIV_SM-Profile_1600x1600px-scaled.jpg","contentUrl":"https:\/\/www.uni.lu\/wp-content\/uploads\/sites\/30\/2026\/03\/03115231\/UNIV_SM-Profile_1600x1600px-scaled.jpg","width":2560,"height":2560,"caption":"Universit\u00e4t Luxemburg"},"image":{"@id":"https:\/\/www.uni.lu\/life-de\/#\/schema\/logo\/image\/"},"description":"Leben an der Universit\u00e4t Luxemburg"}]}},"ticketed":false,"_links":{"self":[{"href":"https:\/\/www.uni.lu\/life-de\/wp-json\/wp\/v2\/pages\/381"}],"collection":[{"href":"https:\/\/www.uni.lu\/life-de\/wp-json\/wp\/v2\/pages"}],"about":[{"href":"https:\/\/www.uni.lu\/life-de\/wp-json\/wp\/v2\/types\/page"}],"author":[{"embeddable":true,"href":"https:\/\/www.uni.lu\/life-de\/wp-json\/wp\/v2\/users\/394"}],"replies":[{"embeddable":true,"href":"https:\/\/www.uni.lu\/life-de\/wp-json\/wp\/v2\/comments?post=381"}],"version-history":[{"count":5,"href":"https:\/\/www.uni.lu\/life-de\/wp-json\/wp\/v2\/pages\/381\/revisions"}],"predecessor-version":[{"id":2161,"href":"https:\/\/www.uni.lu\/life-de\/wp-json\/wp\/v2\/pages\/381\/revisions\/2161"}],"up":[{"embeddable":true,"href":"https:\/\/www.uni.lu\/life-de\/wp-json\/wp\/v2\/pages\/375"}],"wp:authorship":[{"embeddable":true,"href":"https:\/\/www.uni.lu\/life-de\/wp-json\/wp\/v2\/users\/75"},{"embeddable":true,"href":"https:\/\/www.uni.lu\/life-de\/wp-json\/wp\/v2\/users\/226"},{"embeddable":true,"href":"https:\/\/www.uni.lu\/life-de\/wp-json\/wp\/v2\/users\/321"},{"embeddable":true,"href":"https:\/\/www.uni.lu\/life-de\/wp-json\/wp\/v2\/users\/347"},{"embeddable":true,"href":"https:\/\/www.uni.lu\/life-de\/wp-json\/wp\/v2\/users\/394"}],"wp:attachment":[{"href":"https:\/\/www.uni.lu\/life-de\/wp-json\/wp\/v2\/media?parent=381"}],"wp:term":[{"taxonomy":"field-of-interest","embeddable":true,"href":"https:\/\/www.uni.lu\/life-de\/wp-json\/wp\/v2\/field-of-interest?post=381"},{"taxonomy":"organisation","embeddable":true,"href":"https:\/\/www.uni.lu\/life-de\/wp-json\/wp\/v2\/organisation?post=381"}],"curies":[{"name":"wp","href":"https:\/\/api.w.org\/{rel}","templated":true}]}}