{"id":358,"date":"2024-04-09T10:01:27","date_gmt":"2024-04-09T08:01:27","guid":{"rendered":"https:\/\/www.uni.lu\/life-de\/?page_id=358"},"modified":"2025-12-01T13:11:40","modified_gmt":"2025-12-01T12:11:40","slug":"buddy-programm","status":"publish","type":"page","link":"https:\/\/www.uni.lu\/life-de\/peer-support\/buddy-programm\/","title":{"rendered":"Buddy-Programm"},"content":{"rendered":"<div class=\"section py-0 static\">\n<section class=\"py-0 wp-block-unilux-blocks-free-section section\"><div class=\"container xl:max-w-screen-xl\"><!-- SecondaryNavigationMirror --><div class=\"js-secondary-nav--sticky wp-block-unilux-blocks-secondary-navigation\" id=\"ee5bb2cb-db83-49f6-9d6f-cadf27563ffe\">\n    <nav id=\"secondary-navigation\" role=\"navigation\" aria-label=\"Secondary menu\" class=\"secondary-nav\">\n        <button class=\"secondary-nav__button btn btn-solid--primary w-full\" aria-expanded=\"false\" aria-controls=\"secondary-navigation__list\" title=\"The selected page is Buddy-Programm\" type=\"button\">\n            <span class=\"btn__name mr-auto\">Buddy-Programm<\/span>\n            <svg aria-hidden=\"true\" focusable=\"false\" class=\"icon icon-outline icon--xs\">\n                <use xlink:href=\"https:\/\/www.uni.lu\/wp-content\/themes\/unilux-theme\/assets\/images\/icons\/icons-outline.svg#icon--arrow-down\" \/>\n            <\/svg>\n        <\/button>\n\n        <ul id=\"secondary-navigation__list\" class=\"secondary-nav__list\">\n            <li class=\"secondary-nav__item\">\n    <a href=\"https:\/\/www.uni.lu\/life-de\/peer-support\/\" target=\"\" rel=\"noreferrer noopener\" class=\"secondary-nav__link \">\n        <svg aria-hidden=\"true\" focusable=\"false\" class=\"icon icon-outline icon--xs\">\n            <use xlink:href=\"https:\/\/www.uni.lu\/wp-content\/themes\/unilux-theme\/assets\/images\/icons\/icons-outline.svg#icon--arrow-right\" \/>\n        <\/svg>\n        <span class=\"secondary-nav__name\">\u00dcbersicht<\/span>\n    <\/a>\n<\/li>\n<li class=\"secondary-nav__item\">\n    <a href=\"https:\/\/www.uni.lu\/life-de\/peer-support\/buddy-programm\/\" target=\"\" rel=\"noreferrer noopener\" class=\"secondary-nav__link isactived\" aria-current=\"page\">\n        <svg aria-hidden=\"true\" focusable=\"false\" class=\"icon icon-outline icon--xs\">\n            <use xlink:href=\"https:\/\/www.uni.lu\/wp-content\/themes\/unilux-theme\/assets\/images\/icons\/icons-outline.svg#icon--arrow-right\" \/>\n        <\/svg>\n        <span class=\"secondary-nav__name\">Buddy-Programm<\/span>\n    <\/a>\n<\/li>\n<li class=\"secondary-nav__item\">\n    <a href=\"https:\/\/www.uni.lu\/life-de\/peer-support\/one-step-forward-mentoring-programm\/\" target=\"\" rel=\"noreferrer noopener\" class=\"secondary-nav__link \">\n        <svg aria-hidden=\"true\" focusable=\"false\" class=\"icon icon-outline icon--xs\">\n            <use xlink:href=\"https:\/\/www.uni.lu\/wp-content\/themes\/unilux-theme\/assets\/images\/icons\/icons-outline.svg#icon--arrow-right\" \/>\n        <\/svg>\n        <span class=\"secondary-nav__name\">One Step Forward Mentoring-Programm<\/span>\n    <\/a>\n<\/li>\n        <\/ul>\n    <\/nav>\n<\/div>\n<!-- end SecondaryNavigationMirror --><\/div><\/section>\n\n\n<section class=\"section section pb-0 wp-block-unilux-blocks-page-intro \">\n    \n<div class=\"wp-block-unilux-blocks-wrapper container xl:max-w-screen-xl\">\n<div class=\"wp-block-unilux-blocks-wrapper flex flex-wrap -mx-16\">\n<div class=\"wp-block-unilux-blocks-wrapper flex-1 mb-48 px-16\">\n<h1 class=\"has-text-align-left wp-block-unilux-blocks-heading\"        id=\"buddy-programm\"\n    >\nBuddy-Programm<\/h1>\n\n\n\n<p>Die Anpassung an das Universit\u00e4tsleben kann aufregend und herausfordernd sein. Als neue(r) Studierende(r) an der Universit\u00e4t Luxemburg werden Sie in den ersten Wochen auf dem Campus viele Fragen und Sorgen haben.<br>Ziel des Buddy-Programms ist es, Ihnen einen reibungslosen \u00dcbergang in das Universit\u00e4tsleben zu erm\u00f6glichen und Sie in die Lage zu versetzen, leicht Freundschaften und Kontakte zu kn\u00fcpfen.<br>Buddy Guides sind derzeitige Studierende, die ihre Zeit ehrenamtlich zur Verf\u00fcgung stellen, um neue Studierende bei ihrer Ankunft in Luxemburg zu unterst\u00fctzen und Ihnen die Eingew\u00f6hnung zu erleichtern.<\/p>\n\n\n\n<ul class=\"wp-block-unilux-blocks-custom-buttons btn-list\"><\/ul>\n<\/div>\n\n\n\n<div class=\"wp-block-unilux-blocks-wrapper w-full md:w-auto px-16\">\n<div class=\"wp-block-unilux-blocks-wrapper flex flex-col items-center\">\n<h2 class=\"text-h4 has-text-align-left wp-block-unilux-blocks-heading\"        id=\"weitere-informationen\"\n    >\nWeitere Informationen<\/h2>\n\n\n<a class=\"wp-block-unilux-blocks-button-highlight-square\"\n    href=\"https:\/\/www.uni.lu\/wp-content\/uploads\/sites\/29\/2023\/08\/Buddy_Programme_Framework_explanations_and_limits.pdf\"\n    target=\"_self\"\n>\n    <span class=\"btn-highlight-square__container\">\n        <div class=\"btn-highlight-square__body\">\n    <svg aria-hidden=\"true\" focusable=\"false\" class=\"icon icon-outline icon--download-link icon--xl\"><use xlink:href=\"https:\/\/www.uni.lu\/wp-content\/themes\/unilux-theme\/assets\/images\/icons\/icons-outline.svg#icon--download-link\"><\/use><\/svg>    <span class=\"btn btn--dark\">\n        \n<span class=\"btn__name wp-block-unilux-blocks-plain-text\">Rahmen<\/span>    <\/span>\n<\/div><figure class=\"wp-block-dev4-reusable-blocks-image image-bg object-fit--cover\">\n    \n<img decoding=\"async\" class=\"wp-block-image unilux-custom-image-block\"\n                alt=\"Buddy programme\"\n            src=\"https:\/\/www.uni.lu\/wp-content\/uploads\/sites\/29\/2023\/08\/buddy_programme.png\"\n                    style=\"object-position: 59.00% 30.00%; font-family: &quot;object-fit: cover; object-position: 59.00% 30.00%;&quot;; aspect-ratio: 4\/3; object-fit: cover; width: 100%;\"\n        loading=\"lazy\"\n\/>    <\/figure>    <\/span>\n<\/a><\/div>\n<\/div>\n<\/div>\n<\/div>\n<\/section>\n\n\n<section class=\"wp-block-unilux-blocks-free-section section\"><div class=\"container xl:max-w-screen-xl\">\n<h2 class=\"has-text-align-left wp-block-unilux-blocks-heading\"        id=\"was-ist-das-buddy-programm\"\n    >\nWas ist das Buddy-Programm?<\/h2>\n\n\n\n<p>Das Buddy-System bringt eine(n) Studierende(n) im zweiten oder dritten Studienjahr (Buddy Guide) mit einer\/einem Studierenden im ersten Studienjahr (Buddy) zusammen, um ihr\/ihm bei der Eingew\u00f6hnung an der Universit\u00e4t Luxemburg zu helfen.<\/p>\n\n\n\n<p>Machen Sie sich mit unseren Videos ein Bild davon, was das Programm bietet (und was nicht):<\/p>\n\n\n\n<ul class=\"ulux-list\">\n<li class=\"ulux-list-item\"><a href=\"https:\/\/www.youtube.com\/watch?v=I9l-RwZIpus\" target=\"_blank\" rel=\"noreferrer noopener\">Buddy Programme explanations (in English)<\/a><\/li>\n\n\n\n<li class=\"ulux-list-item\"><a href=\"https:\/\/www.youtube.com\/watch?v=PUJDTgOViTE&amp;feature=youtu.be\" target=\"_blank\" rel=\"noreferrer noopener\">Buddy Programme explications (en fran\u00e7ais)<\/a><\/li>\n\n\n\n<li class=\"ulux-list-item\"><a href=\"https:\/\/www.youtube.com\/watch?v=dqtxyJnzn3E\" target=\"_blank\" rel=\"noreferrer noopener\">Buddy Programme Erkl\u00e4rungen (auf Deutsch)<\/a><\/li>\n<\/ul>\n\n\n\n<p>Hinweis: In einigen Studienf\u00e4chern gibt es <strong>studienspezifische Programme<\/strong>, die auf Studierende im ersten Jahr zugeschnitten sind. Wenn Sie deren Unterst\u00fctzung w\u00fcnschen, wenden Sie sich bitte direkt an sie:<\/p>\n\n\n\n<ul class=\"ulux-list\">\n<li class=\"ulux-list-item\">Bachelor in European Cultures \/ Bachelor en Cultures Europ\u00e9ennes (<a href=\"https:\/\/www.uni.lu\/fhse-en\/study-programs\/bachelor-en-cultures-europeennes-english-studies\/\">English Studies<\/a>, <a href=\"https:\/\/www.uni.lu\/fhse-en\/study-programs\/bachelor-en-cultures-europeennes-etudes-francaises\/\">Etudes Fran\u00e7aises<\/a>, <a href=\"https:\/\/www.uni.lu\/fhse-en\/study-programs\/bachelor-en-cultures-europeennes-germanistik\/\">Germanistik<\/a>, <a href=\"https:\/\/www.uni.lu\/fhse-en\/study-programs\/bachelor-en-cultures-europeennes-letzebuerger-linguistik-a-literatur\/\">L\u00ebtzebuerger Linguistik a Literatur<\/a>, <a href=\"https:\/\/www.uni.lu\/fhse-en\/study-programs\/bachelor-en-cultures-europeennes-histoire\/\">Histoire<\/a>, <a href=\"https:\/\/www.uni.lu\/fhse-en\/study-programs\/bachelor-en-cultures-europeennes-philosophie\/\">Philosophie<\/a>)  &#8211; BCE Helper Programme<\/li>\n\n\n\n<li class=\"ulux-list-item\"><a href=\"https:\/\/www.uni.lu\/fhse-en\/study-programs\/bachelor-of-science-in-psychology\/\">Bachelor of Science in Psychology<\/a><\/li>\n<\/ul>\n\n\n\n<p>F\u00fcr <strong>Buddy Guides <\/strong>z\u00e4hlt dieses Engagement als Teil des <strong><a href=\"https:\/\/www.uni.lu\/de\/study-programs\/zertifikat-student-engagement-fuehrungskompetenz\/\">Zertifikat f\u00fcr Student Engagement und F\u00fchrungskompetenz<\/a><\/strong><\/p>\n\n\n\n<h2 class=\"has-text-align-left wp-block-unilux-blocks-heading\"        id=\"was-tut-ein-buddy-guide\"\n    >\nWas tut ein Buddy Guide?<\/h2>\n\n\n\n<p>Die Buddy Guides sind ebenfalls Studierende und haben ihr erstes Jahr an der Universit\u00e4t bereits hinter sich. Buddy Guides wissen, was auf dem und au\u00dferhalb des Campus los ist. Sie sind da, um Ihnen zu helfen und Ihre ersten Monate an der Universit\u00e4t Luxemburg so angenehm wie m\u00f6glich zu gestalten.<\/p>\n\n\n\n<h2 class=\"has-text-align-left wp-block-unilux-blocks-heading\"        id=\"moechten-sie-teilnehmen\"\n    >\nM\u00f6chten Sie teilnehmen?<\/h2>\n\n\n\n<p>Wenn Sie als Buddy oder Buddy Guide am Programm teilnehmen m\u00f6chten, besuchen Sie bitte die <a href=\"https:\/\/buddysystem.eu\/en\/\" target=\"_blank\" rel=\"noreferrer noopener\">Buddy-System-Plattform<\/a>! (Bitte beachten: Sie k\u00f6nnen sich nur mit Ihrer @student.uni.lu-Adresse anmelden). Wenn Sie ein(e) regul\u00e4re(r) Studierende(r) sind (d.h. Ihr gesamtes Studium an der Universit\u00e4t Luxemburg absolvieren), w\u00e4hlen Sie bitte die Option \u201e<strong>Free Mover<\/strong>\u201c. Wir versenden einen <strong>Aufruf f\u00fcr Buddy Guides zu Beginn des Semesters<\/strong>, Sie werden also erst nach Ihrer Ankunft eine passende Person finden. Bitte haben Sie Verst\u00e4ndnis daf\u00fcr, dass es nicht immer m\u00f6glich ist, Sie mit jemandem aus dem gleichen Studienfach zusammenzubringen.<\/p>\n\n\n\n<p>If you would like to join the programme as a Buddy or Buddy Guide please join the <a href=\"https:\/\/buddysystem.eu\/en\/\" target=\"_blank\" rel=\"noreferrer noopener\">Buddy System platform<\/a>! (Please note: you will only be able to register with your @student.uni.lu address). If you are a regular student (i.e. doing your whole study programme at the University of Luxembourg, please choose the option &#8222;<strong>Free mover<\/strong>&#8222;). We will send out a <strong>call for Buddy Guides at the beginning of the semester<\/strong>, so you will only find a match after your arrival. Please understand that it is not always possible to match you with someone from the same field of study.<\/p>\n\n\n\n<ul class=\"wp-block-unilux-blocks-custom-buttons btn-list\"><li class=\"wp-block-unilux-blocks-custom-button\"    aria-disabled=\"false\"\n    >\n    <a\n        role=\"link\"\n        aria-disabled=\"false\"\n                    href=\"https:\/\/buddysystem.eu\/en\/\"\n                target=\"_blank\"\n        class=\"btn btn--primary\"\n            >Buddy-System-Plattform<\/a>\n<\/li>\n<\/ul>\n\n\n<div class=\"wp-block-unilux-blocks-spacer is-spacer-size-sm\"><\/div>\n\n\n<p>Wenn Sie weitere Fragen haben, wenden Sie sich an Claire Lallier oder Jimmy Corneille.<\/p>\n\n\n\n<ul class=\"wp-block-unilux-blocks-custom-buttons btn-list\"><li class=\"wp-block-unilux-blocks-custom-button\"    aria-disabled=\"false\"\n    >\n    <a\n        role=\"link\"\n        aria-disabled=\"false\"\n                    href=\"mailto:buddyprogram@uni.lu\"\n                target=\"_self\"\n        class=\"btn btn--primary\"\n            >Kontakt<\/a>\n<\/li>\n<\/ul>\n\n\n<div class=\"wp-block-unilux-blocks-spacer is-spacer-size-sm\"><\/div><\/div><\/section>\n<\/div>","protected":false},"excerpt":{"rendered":"","protected":false},"author":75,"featured_media":0,"parent":356,"menu_order":0,"comment_status":"closed","ping_status":"closed","template":"","meta":{"featured_image_focal_point":[],"show_featured_caption":false,"ulux_newsletter_groups":"","uluxPostTitle":"Peer Support","uluxPrePostTitle":"Leben","_trash_the_other_posts":false,"_price":"","_stock":"","_tribe_ticket_header":"","_tribe_default_ticket_provider":"","_tribe_ticket_capacity":"0","_ticket_start_date":"","_ticket_end_date":"","_tribe_ticket_show_description":"","_tribe_ticket_show_not_going":false,"_tribe_ticket_use_global_stock":"","_tribe_ticket_global_stock_level":"","_global_stock_mode":"","_global_stock_cap":"","_tribe_rsvp_for_event":"","_tribe_ticket_going_count":"","_tribe_ticket_not_going_count":"","_tribe_tickets_list":"[]","_tribe_ticket_has_attendee_info_fields":false,"footnotes":""},"field-of-interest":[],"organisation":[],"authorship":[75,321],"acf":[],"yoast_head":"<!-- This site is optimized with the Yoast SEO Premium plugin v22.3 (Yoast SEO v22.3) - https:\/\/yoast.com\/wordpress\/plugins\/seo\/ -->\n<title>Buddy-Programm - Universit\u00e4t Luxemburg I Uni.lu<\/title>\n<meta name=\"description\" content=\"Ziel des Buddy-Programms ist es, Ihnen einen reibungslosen \u00dcbergang in das Universit\u00e4tsleben zu erm\u00f6glichen.\" \/>\n<meta name=\"robots\" content=\"index, follow, max-snippet:-1, max-image-preview:large, max-video-preview:-1\" \/>\n<link rel=\"canonical\" href=\"https:\/\/www.uni.lu\/life-de\/peer-support\/buddy-programm\/\" \/>\n<meta property=\"og:locale\" content=\"de_DE\" \/>\n<meta property=\"og:type\" content=\"article\" \/>\n<meta property=\"og:title\" content=\"Buddy-Programm\" \/>\n<meta property=\"og:description\" content=\"Ziel des Buddy-Programms ist es, Ihnen einen reibungslosen \u00dcbergang in das Universit\u00e4tsleben zu erm\u00f6glichen.\" \/>\n<meta property=\"og:url\" content=\"https:\/\/www.uni.lu\/life-de\/peer-support\/buddy-programm\/\" \/>\n<meta property=\"og:site_name\" content=\"LIFE DE\" \/>\n<meta property=\"article:modified_time\" content=\"2025-12-01T12:11:40+00:00\" \/>\n<meta property=\"og:image\" content=\"https:\/\/www.uni.lu\/wp-content\/uploads\/sites\/30\/2026\/03\/03115231\/UNIV_SM-Profile_1600x1600px-scaled.jpg\" \/>\n\t<meta property=\"og:image:width\" content=\"2560\" \/>\n\t<meta property=\"og:image:height\" content=\"2560\" \/>\n\t<meta property=\"og:image:type\" content=\"image\/jpeg\" \/>\n<meta name=\"twitter:card\" content=\"summary_large_image\" \/>\n<meta name=\"twitter:label1\" content=\"Gesch\u00e4tzte Lesezeit\" \/>\n\t<meta name=\"twitter:data1\" content=\"3 Minuten\" \/>\n<script type=\"application\/ld+json\" class=\"yoast-schema-graph\">{\"@context\":\"https:\/\/schema.org\",\"@graph\":[{\"@type\":\"WebPage\",\"@id\":\"https:\/\/www.uni.lu\/life-de\/peer-support\/buddy-programm\/\",\"url\":\"https:\/\/www.uni.lu\/life-de\/peer-support\/buddy-programm\/\",\"name\":\"Buddy-Programm - Universit\u00e4t Luxemburg I Uni.lu\",\"isPartOf\":{\"@id\":\"https:\/\/www.uni.lu\/life-de\/#website\"},\"datePublished\":\"2024-04-09T08:01:27+00:00\",\"dateModified\":\"2025-12-01T12:11:40+00:00\",\"description\":\"Ziel des Buddy-Programms ist es, Ihnen einen reibungslosen \u00dcbergang in das Universit\u00e4tsleben zu erm\u00f6glichen.\",\"breadcrumb\":{\"@id\":\"https:\/\/www.uni.lu\/life-de\/peer-support\/buddy-programm\/#breadcrumb\"},\"inLanguage\":\"de-DE\",\"potentialAction\":[{\"@type\":\"ReadAction\",\"target\":[\"https:\/\/www.uni.lu\/life-de\/peer-support\/buddy-programm\/\"]}]},{\"@type\":\"BreadcrumbList\",\"@id\":\"https:\/\/www.uni.lu\/life-de\/peer-support\/buddy-programm\/#breadcrumb\",\"itemListElement\":[{\"@type\":\"ListItem\",\"position\":1,\"name\":\"Home\",\"item\":\"https:\/\/www.uni.lu\/de\"},{\"@type\":\"ListItem\",\"position\":2,\"name\":\"Leben an der Universit\u00e4t\",\"item\":\"https:\/\/www.uni.lu\/life-de\/\"},{\"@type\":\"ListItem\",\"position\":3,\"name\":\"Peer Support\",\"item\":\"https:\/\/www.uni.lu\/life-de\/peer-support\/\"},{\"@type\":\"ListItem\",\"position\":4,\"name\":\"Buddy-Programm\"}]},{\"@type\":\"WebSite\",\"@id\":\"https:\/\/www.uni.lu\/life-de\/#website\",\"url\":\"https:\/\/www.uni.lu\/life-de\/\",\"name\":\"Uni.lu\",\"description\":\"Leben an der Universit\u00e4t Luxemburg\",\"publisher\":{\"@id\":\"https:\/\/www.uni.lu\/life-de\/#organization\"},\"alternateName\":\"Universit\u00e4t Luxemburg I Uni.lu\",\"potentialAction\":[{\"@type\":\"SearchAction\",\"target\":{\"@type\":\"EntryPoint\",\"urlTemplate\":\"https:\/\/www.uni.lu\/life-de\/?s={search_term_string}\"},\"query-input\":\"required name=search_term_string\"}],\"inLanguage\":\"de-DE\"},{\"@type\":\"Organization\",\"@id\":\"https:\/\/www.uni.lu\/life-de\/#organization\",\"name\":\"Universit\u00e4t Luxemburg\",\"alternateName\":\"Uni.lu\",\"url\":\"https:\/\/www.uni.lu\/life-de\/\",\"logo\":{\"@type\":\"ImageObject\",\"inLanguage\":\"de-DE\",\"@id\":\"https:\/\/www.uni.lu\/life-de\/#\/schema\/logo\/image\/\",\"url\":\"https:\/\/www.uni.lu\/wp-content\/uploads\/sites\/30\/2026\/03\/03115231\/UNIV_SM-Profile_1600x1600px-scaled.jpg\",\"contentUrl\":\"https:\/\/www.uni.lu\/wp-content\/uploads\/sites\/30\/2026\/03\/03115231\/UNIV_SM-Profile_1600x1600px-scaled.jpg\",\"width\":2560,\"height\":2560,\"caption\":\"Universit\u00e4t Luxemburg\"},\"image\":{\"@id\":\"https:\/\/www.uni.lu\/life-de\/#\/schema\/logo\/image\/\"}}]}<\/script>\n<!-- \/ Yoast SEO Premium plugin. -->","yoast_head_json":{"title":"Buddy-Programm - Universit\u00e4t Luxemburg I Uni.lu","description":"Ziel des Buddy-Programms ist es, Ihnen einen reibungslosen \u00dcbergang in das Universit\u00e4tsleben zu erm\u00f6glichen.","robots":{"index":"index","follow":"follow","max-snippet":"max-snippet:-1","max-image-preview":"max-image-preview:large","max-video-preview":"max-video-preview:-1"},"canonical":"https:\/\/www.uni.lu\/life-de\/peer-support\/buddy-programm\/","og_locale":"de_DE","og_type":"article","og_title":"Buddy-Programm","og_description":"Ziel des Buddy-Programms ist es, Ihnen einen reibungslosen \u00dcbergang in das Universit\u00e4tsleben zu erm\u00f6glichen.","og_url":"https:\/\/www.uni.lu\/life-de\/peer-support\/buddy-programm\/","og_site_name":"LIFE DE","article_modified_time":"2025-12-01T12:11:40+00:00","og_image":[{"width":2560,"height":2560,"url":"https:\/\/www.uni.lu\/wp-content\/uploads\/sites\/30\/2026\/03\/03115231\/UNIV_SM-Profile_1600x1600px-scaled.jpg","type":"image\/jpeg"}],"twitter_card":"summary_large_image","twitter_misc":{"Gesch\u00e4tzte Lesezeit":"3 Minuten"},"schema":{"@context":"https:\/\/schema.org","@graph":[{"@type":"WebPage","@id":"https:\/\/www.uni.lu\/life-de\/peer-support\/buddy-programm\/","url":"https:\/\/www.uni.lu\/life-de\/peer-support\/buddy-programm\/","name":"Buddy-Programm - Universit\u00e4t Luxemburg I Uni.lu","isPartOf":{"@id":"https:\/\/www.uni.lu\/life-de\/#website"},"datePublished":"2024-04-09T08:01:27+00:00","dateModified":"2025-12-01T12:11:40+00:00","description":"Ziel des Buddy-Programms ist es, Ihnen einen reibungslosen \u00dcbergang in das Universit\u00e4tsleben zu erm\u00f6glichen.","breadcrumb":{"@id":"https:\/\/www.uni.lu\/life-de\/peer-support\/buddy-programm\/#breadcrumb"},"inLanguage":"de-DE","potentialAction":[{"@type":"ReadAction","target":["https:\/\/www.uni.lu\/life-de\/peer-support\/buddy-programm\/"]}]},{"@type":"BreadcrumbList","@id":"https:\/\/www.uni.lu\/life-de\/peer-support\/buddy-programm\/#breadcrumb","itemListElement":[{"@type":"ListItem","position":1,"name":"Home","item":"https:\/\/www.uni.lu\/de"},{"@type":"ListItem","position":2,"name":"Leben an der Universit\u00e4t","item":"https:\/\/www.uni.lu\/life-de\/"},{"@type":"ListItem","position":3,"name":"Peer Support","item":"https:\/\/www.uni.lu\/life-de\/peer-support\/"},{"@type":"ListItem","position":4,"name":"Buddy-Programm"}]},{"@type":"WebSite","@id":"https:\/\/www.uni.lu\/life-de\/#website","url":"https:\/\/www.uni.lu\/life-de\/","name":"Uni.lu","description":"Leben an der Universit\u00e4t Luxemburg","publisher":{"@id":"https:\/\/www.uni.lu\/life-de\/#organization"},"alternateName":"Universit\u00e4t Luxemburg I Uni.lu","potentialAction":[{"@type":"SearchAction","target":{"@type":"EntryPoint","urlTemplate":"https:\/\/www.uni.lu\/life-de\/?s={search_term_string}"},"query-input":"required name=search_term_string"}],"inLanguage":"de-DE"},{"@type":"Organization","@id":"https:\/\/www.uni.lu\/life-de\/#organization","name":"Universit\u00e4t Luxemburg","alternateName":"Uni.lu","url":"https:\/\/www.uni.lu\/life-de\/","logo":{"@type":"ImageObject","inLanguage":"de-DE","@id":"https:\/\/www.uni.lu\/life-de\/#\/schema\/logo\/image\/","url":"https:\/\/www.uni.lu\/wp-content\/uploads\/sites\/30\/2026\/03\/03115231\/UNIV_SM-Profile_1600x1600px-scaled.jpg","contentUrl":"https:\/\/www.uni.lu\/wp-content\/uploads\/sites\/30\/2026\/03\/03115231\/UNIV_SM-Profile_1600x1600px-scaled.jpg","width":2560,"height":2560,"caption":"Universit\u00e4t Luxemburg"},"image":{"@id":"https:\/\/www.uni.lu\/life-de\/#\/schema\/logo\/image\/"}}]}},"ticketed":false,"_links":{"self":[{"href":"https:\/\/www.uni.lu\/life-de\/wp-json\/wp\/v2\/pages\/358"}],"collection":[{"href":"https:\/\/www.uni.lu\/life-de\/wp-json\/wp\/v2\/pages"}],"about":[{"href":"https:\/\/www.uni.lu\/life-de\/wp-json\/wp\/v2\/types\/page"}],"author":[{"embeddable":true,"href":"https:\/\/www.uni.lu\/life-de\/wp-json\/wp\/v2\/users\/75"}],"replies":[{"embeddable":true,"href":"https:\/\/www.uni.lu\/life-de\/wp-json\/wp\/v2\/comments?post=358"}],"version-history":[{"count":5,"href":"https:\/\/www.uni.lu\/life-de\/wp-json\/wp\/v2\/pages\/358\/revisions"}],"predecessor-version":[{"id":1973,"href":"https:\/\/www.uni.lu\/life-de\/wp-json\/wp\/v2\/pages\/358\/revisions\/1973"}],"up":[{"embeddable":true,"href":"https:\/\/www.uni.lu\/life-de\/wp-json\/wp\/v2\/pages\/356"}],"wp:authorship":[{"embeddable":true,"href":"https:\/\/www.uni.lu\/life-de\/wp-json\/wp\/v2\/users\/75"},{"embeddable":true,"href":"https:\/\/www.uni.lu\/life-de\/wp-json\/wp\/v2\/users\/321"}],"wp:attachment":[{"href":"https:\/\/www.uni.lu\/life-de\/wp-json\/wp\/v2\/media?parent=358"}],"wp:term":[{"taxonomy":"field-of-interest","embeddable":true,"href":"https:\/\/www.uni.lu\/life-de\/wp-json\/wp\/v2\/field-of-interest?post=358"},{"taxonomy":"organisation","embeddable":true,"href":"https:\/\/www.uni.lu\/life-de\/wp-json\/wp\/v2\/organisation?post=358"}],"curies":[{"name":"wp","href":"https:\/\/api.w.org\/{rel}","templated":true}]}}