{"id":331,"date":"2024-04-09T09:29:11","date_gmt":"2024-04-09T07:29:11","guid":{"rendered":"https:\/\/www.uni.lu\/life-de\/?page_id=331"},"modified":"2026-03-10T12:48:41","modified_gmt":"2026-03-10T11:48:41","slug":"restaurants","status":"publish","type":"page","link":"https:\/\/www.uni.lu\/life-de\/einrichtungen\/restaurants\/","title":{"rendered":"Restaurants"},"content":{"rendered":"\n<section class=\"section no-padding-y wp-block-unilux-blocks-hero\">\n    <div class=\"hero hero--2  \">\n        \n<header class=\"wp-block-unilux-blocks-wrapper hero__header\">\n<div class=\"wp-block-unilux-blocks-wrapper hero__container\">\n<span class=\"hero__title__subject wp-block-unilux-blocks-plain-text\">Facilities<\/span>\n\n\n<h1 class=\"has-text-align-left wp-block-unilux-blocks-heading\"        id=\"universitaets-restaurants\"\n    >\nUniversit\u00e4ts-Restaurants<\/h1>\n<\/div>\n<\/header>\n<figure class=\"wp-block-dev4-reusable-blocks-image hero__visual object-fit--cover\">\n    \n<img decoding=\"async\" class=\"wp-block-image unilux-custom-image-block\"\n                alt=\"Food Lab\"\n            src=\"https:\/\/www.uni.lu\/wp-content\/uploads\/sites\/29\/2023\/08\/Copyright-Restopolis-5.jpg\"\n                    style=\"object-position: 50.00% 50.00%; font-family: &quot;object-fit: cover; object-position: 50.00% 50.00%;&quot;; aspect-ratio: 16\/9; object-fit: cover; width: 100%;\"\n        loading=\"lazy\"\n\/>    <\/figure>\n<div class=\"wp-block-unilux-blocks-wrapper hero__body\">\n<div class=\"wp-block-unilux-blocks-wrapper hero__container\">\n<p class=\"wp-block-unilux-blocks-plain-text\">Auf unserem Campus gibt es eine Vielzahl von Restaurants und Caf\u00e9s mit einer gro\u00dfen Auswahl an Mahlzeiten und Snacks.<\/p>\n\n\n<ul class=\"wp-block-unilux-blocks-custom-buttons btn-list\">\n\n<\/ul>\n<\/div>\n<\/div>\n    <\/div>\n<\/section>\n\n\n<section class=\"wp-block-unilux-blocks-free-section section\"><div class=\"container xl:max-w-screen-xl\">\n<div class=\"wp-block-columns is-layout-flex wp-block-columns-is-layout-flex\">\n<div class=\"wp-block-column is-layout-flow wp-block-column-is-layout-flow\" style=\"flex-basis:66.66%\">\n<h2 class=\"has-text-align-left wp-block-unilux-blocks-heading\"        id=\"ueber-restopolis\"\n    >\n\u00dcber Restopolis<\/h2>\n\n\n\n<p>Die Restaurants der Universit\u00e4t werden von Restopolis verwaltet, einer staatlichen Einrichtung, die 2005 gegr\u00fcndet wurde, um die Gastronomiedienste in den weiterf\u00fchrenden Schulen Luxemburgs und an der Universit\u00e4t Luxemburg zu betreiben. Restopolis untersteht der Aufsicht des Ministeriums f\u00fcr Bildung, Kinder und Jugend.<\/p>\n<\/div>\n\n\n\n<div class=\"wp-block-column is-layout-flow wp-block-column-is-layout-flow\" style=\"flex-basis:33.33%\"><div class=\"wp-block-unilux-blocks-spacer is-spacer-size-sm\"><\/div>\n\n<figure class=\"wp-block-dev4-reusable-blocks-image  object-fit--contain\">\n    \n<img decoding=\"async\" class=\"wp-block-image unilux-custom-image-block\"\n                alt=\"\"\n            src=\"https:\/\/www.uni.lu\/wp-content\/uploads\/sites\/30\/2026\/03\/10124819\/restopolis-logo.png\"\n                srcset=\"https:\/\/www.uni.lu\/wp-content\/uploads\/sites\/30\/2026\/03\/10124819\/restopolis-logo.png 225w, https:\/\/www.uni.lu\/wp-content\/uploads\/sites\/30\/2026\/03\/10124819\/restopolis-logo-150x150.png 150w\"\n                style=\"object-position: 50.00% 50.00%; font-family: &quot;object-fit: contain; object-position: 50.00% 50.00%;&quot;; aspect-ratio: 16\/9; object-fit: contain; width: 100%;\"\n        loading=\"lazy\"\n\/>    <\/figure><\/div>\n<\/div>\n\n\n\n<ul class=\"wp-block-unilux-blocks-button-list-v2\">\n<li class=\"wp-block-unilux-blocks-button-list-item-v2\"><a class=\"quick-link\" href=\"https:\/\/portal.education.lu\/restopolis20\/\" target=\"_blank\" role=\"link\" rel=\"noopener\" tabindex=\"0\"><span class=\"quick-link__container\">\n<div class=\"wp-block-unilux-blocks-block-inserter quick-link__img\"><figure class=\"wp-block-dev4-reusable-blocks-image  object-fit--cover\">\n    \n<img decoding=\"async\" class=\"wp-block-image unilux-custom-image-block\"\n                alt=\"\"\n            src=\"https:\/\/www.uni.lu\/wp-content\/uploads\/sites\/30\/2026\/03\/10124819\/restopolis-logo.png\"\n                srcset=\"https:\/\/www.uni.lu\/wp-content\/uploads\/sites\/30\/2026\/03\/10124819\/restopolis-logo.png 225w, https:\/\/www.uni.lu\/wp-content\/uploads\/sites\/30\/2026\/03\/10124819\/restopolis-logo-150x150.png 150w\"\n                style=\"object-position: 50.00% 50.00%; font-family: &quot;object-fit: cover; object-position: 50.00% 50.00%;&quot;; aspect-ratio: 1\/1; object-fit: cover; width: 100%;\"\n        loading=\"lazy\"\n\/>    <\/figure><\/div>\n\n\n\n<span class=\"quick-link__name wp-block-unilux-blocks-plain-text\">Restopolis<\/span>\n\n<svg aria-hidden=\"true\" focusable=\"false\" class=\"icon icon-outline icon--external-link \"><use xlink:href=\"https:\/\/www.uni.lu\/wp-content\/themes\/unilux-theme\/assets\/images\/icons\/icons-outline.svg#icon--external-link\"><\/use><\/svg><\/span><\/a><\/li>\n<\/ul>\n<\/div><\/section>\n\n\n\n<section class=\"py-0 wp-block-unilux-blocks-free-section section\"><div class=\"container xl:max-w-screen-xl\">\n<h2 class=\"has-text-align-left wp-block-unilux-blocks-heading\"        id=\"wo-kann-ich-einen-happen-essen\"\n    >\nWo kann ich einen Happen essen?<\/h2>\n\n\n\n<p>Mehrere gastronomische Einrichtungen sind von <strong>Montag bis Freitag<\/strong> ge\u00f6ffnet in:<\/p>\n\n\n\n<ul class=\"wp-block-unilux-blocks-button-list-v2\">\n<li class=\"wp-block-unilux-blocks-button-list-item-v2\"><a class=\"quick-link\" href=\"https:\/\/www.uni.lu\/de\/ueber-uns\/campusse\/campus-belval\/#restaurants\" target=\"\" role=\"link\" rel=\"noopener\" tabindex=\"0\"><span class=\"quick-link__container\">\n<div class=\"wp-block-unilux-blocks-block-inserter quick-link__img\"><\/div>\n\n\n\n<span class=\"quick-link__name wp-block-unilux-blocks-plain-text\">Campus Belval &#8211; Restaurants<\/span>\n\n<svg aria-hidden=\"true\" focusable=\"false\" class=\"icon icon-outline icon--arrow-right \"><use xlink:href=\"https:\/\/www.uni.lu\/wp-content\/themes\/unilux-theme\/assets\/images\/icons\/icons-outline.svg#icon--arrow-right\"><\/use><\/svg><\/span><\/a><\/li>\n\n\n\n<li class=\"wp-block-unilux-blocks-button-list-item-v2\"><a class=\"quick-link\" href=\"https:\/\/www.uni.lu\/de\/ueber-uns\/campusse\/campus-kirchberg\/#restaurants\" target=\"\" role=\"link\" rel=\"noopener\" tabindex=\"0\"><span class=\"quick-link__container\">\n<div class=\"wp-block-unilux-blocks-block-inserter quick-link__img\"><\/div>\n\n\n\n<span class=\"quick-link__name wp-block-unilux-blocks-plain-text\">Campus Kirchberg &#8211; Restaurants<\/span>\n\n<svg aria-hidden=\"true\" focusable=\"false\" class=\"icon icon-outline icon--arrow-right \"><use xlink:href=\"https:\/\/www.uni.lu\/wp-content\/themes\/unilux-theme\/assets\/images\/icons\/icons-outline.svg#icon--arrow-right\"><\/use><\/svg><\/span><\/a><\/li>\n\n\n\n<li class=\"wp-block-unilux-blocks-button-list-item-v2\"><a class=\"quick-link\" href=\"https:\/\/www.uni.lu\/de\/ueber-uns\/campusse\/campus-limpertsberg\/#restaurants\" target=\"\" role=\"link\" rel=\"noopener\" tabindex=\"0\"><span class=\"quick-link__container\">\n<div class=\"wp-block-unilux-blocks-block-inserter quick-link__img\"><\/div>\n\n\n\n<span class=\"quick-link__name wp-block-unilux-blocks-plain-text\">Campus Limpertsberg<\/span>\n\n<svg aria-hidden=\"true\" focusable=\"false\" class=\"icon icon-outline icon--arrow-right \"><use xlink:href=\"https:\/\/www.uni.lu\/wp-content\/themes\/unilux-theme\/assets\/images\/icons\/icons-outline.svg#icon--arrow-right\"><\/use><\/svg><\/span><\/a><\/li>\n<\/ul>\n\n\n<div class=\"wp-block-unilux-blocks-spacer is-spacer-size-md\"><\/div>\n\n\n<p>Neben den Mahlzeiten, die in den verschiedenen Restaurants auf dem Campus angeboten werden, gibt es auch Automaten, die Sandwiches, Getr\u00e4nke und Snacks zu g\u00fcnstigen Preisen verkaufen.<\/p>\n<\/div><\/section>\n\n\n<section class=\"section section wp-block-unilux-blocks-headline-text-and-image \">\n    \n<div class=\"wp-block-unilux-blocks-wrapper container xl:max-w-screen-xl\">\n<h2 class=\"has-text-align-left wp-block-unilux-blocks-heading\"        id=\"was-steht-heute-auf-der-speisekarte\"\n    >\nWas steht heute auf der Speisekarte?<\/h2>\n\n\n\n<div class=\"wp-block-unilux-blocks-wrapper flex flex-wrap lg:-mx-32\">\n<div class=\"wp-block-unilux-blocks-wrapper w-full lg:w-7\/12 lg:order-2 lg:px-32\">\n<div class=\"wp-block-unilux-blocks-image-video-wrapper\">\n    <figure class=\"wp-block-dev4-reusable-blocks-image  object-fit--cover\">\n    \n<img decoding=\"async\" class=\"wp-block-image unilux-custom-image-block\"\n                alt=\"Dessert at Food Lab\"\n            src=\"https:\/\/www.uni.lu\/wp-content\/uploads\/sites\/29\/2023\/08\/Copyright-Restopolis-7.jpg\"\n                    style=\"object-position: 50.00% 50.00%; font-family: &quot;object-fit: cover; object-position: 50.00% 50.00%;&quot;; aspect-ratio: 3\/2; object-fit: cover; width: 100%;\"\n        loading=\"lazy\"\n\/>    <\/figure><\/div><\/div>\n\n\n\n<div class=\"wp-block-unilux-blocks-wrapper w-full lg:w-5\/12 lg:order-1 lg:px-32\">\n<p>An allen unseren Standorten werden t\u00e4glich frisch zubereitete Mahlzeiten mit Vorspeisen, Hauptgerichten und Desserts sowie Snacks, Sandwiches und Getr\u00e4nke angeboten. Die vollst\u00e4ndige Speisekarte f\u00fcr alle Restaurants der Universit\u00e4t finden Sie auf der Restopolis-Website. Alternativ k\u00f6nnen Sie auch die App f\u00fcr <a href=\"https:\/\/play.google.com\/store\/apps\/details?id=lu.men.restopolis&amp;hl=fr\" target=\"_blank\" rel=\"noreferrer noopener\">Android<\/a> oder <a href=\"https:\/\/apps.apple.com\/lu\/app\/restopolis\/id499814343\" target=\"_blank\" rel=\"noreferrer noopener\">iPhone<\/a> herunterladen.<\/p>\n\n\n\n<ul class=\"wp-block-unilux-blocks-custom-buttons btn-list\"><li class=\"wp-block-unilux-blocks-custom-button\"    aria-disabled=\"false\"\n    >\n    <a\n        role=\"link\"\n        aria-disabled=\"false\"\n                    href=\"https:\/\/portal.education.lu\/restopolis20\/Menu-R%C3%A9servation\"\n                target=\"_blank\"\n        class=\"btn btn--primary\"\n            >Speisekarte Restopolis<\/a>\n<\/li>\n<\/ul>\n<\/div>\n<\/div>\n<\/div>\n<\/section>\n\n\n<section class=\"wp-block-unilux-blocks-free-section section\"><div class=\"container xl:max-w-screen-xl\">\n<h2 class=\"has-text-align-left wp-block-unilux-blocks-heading\"        id=\"wo-bekomme-ich-meine-universitaets-restaurantkarte\"\n    >\nWo bekomme ich meine Universit\u00e4ts-Restaurantkarte?<\/h2>\n\n\n\n<div class=\"wp-block-columns is-layout-flex wp-block-columns-is-layout-flex\">\n<div class=\"wp-block-column is-layout-flow wp-block-column-is-layout-flow\" style=\"flex-basis:66.66%\">\n<p>Sie k\u00f6nnen in den Restaurants der Universit\u00e4t mit Ihrem Studierendenausweis bezahlen, der automatisch aktiviert wird, sobald Ihre Immatrikulation an der Universit\u00e4t abgeschlossen ist. In den verschiedenen gastronomischen Einrichtungen auf dem Campus erhalten Sie einen g\u00fcnstigen <a href=\"https:\/\/restopolis.lu\/de\/#tarifs\" target=\"_blank\" rel=\"noreferrer noopener\">Studierendentarif<\/a>.<\/p>\n\n\n\n<p>Sie k\u00f6nnen Ihr Guthaben aufladen:<\/p>\n\n\n\n<ul class=\"ulux-list\">\n<li class=\"ulux-list-item\">An der Kasse beim Bezahlen Ihrer Mahlzeit;<\/li>\n\n\n\n<li class=\"ulux-list-item\">Online auf <a href=\"https:\/\/portal.education.lu\/restopolis20\" target=\"_blank\" rel=\"noreferrer noopener\">www.restopolis.lu<\/a> mit einem Mindestbetrag von 25 \u20ac:<\/li>\n\n\n\n<li class=\"ulux-list-item\">Universit\u00e4tsstudierende sollten auf \u201ePayconiq mobile Zahlung\u201d<\/li>\n\n\n\n<li class=\"ulux-list-item\">Klicken und \u201e<strong>uni\\studentID<\/strong>\u201c in das Feld Login eingeben.<\/li>\n<\/ul>\n\n\n\n<p>Wenn Ihre Karte verloren geht oder gestohlen wird, m\u00fcssen Sie 11 \u20ac f\u00fcr eine neue Karte bezahlen.<\/p>\n<\/div>\n\n\n\n<div class=\"wp-block-column is-layout-flow wp-block-column-is-layout-flow\" style=\"flex-basis:33.33%\"><figure class=\"wp-block-dev4-reusable-blocks-image  object-fit--cover\">\n    \n<img decoding=\"async\" class=\"wp-block-image unilux-custom-image-block\"\n                alt=\"Student card\"\n            src=\"https:\/\/www.uni.lu\/wp-content\/uploads\/sites\/29\/2023\/08\/mycard_carte_300x195_medium.jpg\"\n                    style=\"object-position: 50.00% 50.00%; font-family: &quot;object-fit: cover; object-position: 50.00% 50.00%;&quot;; aspect-ratio: 16\/9; object-fit: cover; width: 100%;\"\n        loading=\"lazy\"\n\/>    <\/figure><\/div>\n<\/div>\n<\/div><\/section>\n","protected":false},"excerpt":{"rendered":"","protected":false},"author":33,"featured_media":0,"parent":329,"menu_order":0,"comment_status":"closed","ping_status":"closed","template":"","meta":{"featured_image_focal_point":[],"show_featured_caption":false,"ulux_newsletter_groups":"","uluxPostTitle":"","uluxPrePostTitle":"","_trash_the_other_posts":false,"_price":"","_stock":"","_tribe_ticket_header":"","_tribe_default_ticket_provider":"","_tribe_ticket_capacity":"0","_ticket_start_date":"","_ticket_end_date":"","_tribe_ticket_show_description":"","_tribe_ticket_show_not_going":false,"_tribe_ticket_use_global_stock":"","_tribe_ticket_global_stock_level":"","_global_stock_mode":"","_global_stock_cap":"","_tribe_rsvp_for_event":"","_tribe_ticket_going_count":"","_tribe_ticket_not_going_count":"","_tribe_tickets_list":"[]","_tribe_ticket_has_attendee_info_fields":false,"footnotes":""},"field-of-interest":[],"organisation":[],"authorship":[33],"acf":[],"yoast_head":"<!-- This site is optimized with the Yoast SEO Premium plugin v22.3 (Yoast SEO v22.3) - https:\/\/yoast.com\/wordpress\/plugins\/seo\/ -->\n<title>Restaurants - Universit\u00e4t Luxemburg I Uni.lu<\/title>\n<meta name=\"description\" content=\"Auf unserem Campus gibt es eine Vielzahl von Restaurants und Caf\u00e9s mit einer gro\u00dfen Auswahl an Mahlzeiten und Snacks.\" \/>\n<meta name=\"robots\" content=\"index, follow, max-snippet:-1, max-image-preview:large, max-video-preview:-1\" \/>\n<link rel=\"canonical\" href=\"https:\/\/www.uni.lu\/life-de\/einrichtungen\/restaurants\/\" \/>\n<meta property=\"og:locale\" content=\"de_DE\" \/>\n<meta property=\"og:type\" content=\"article\" \/>\n<meta property=\"og:title\" content=\"Restaurants\" \/>\n<meta property=\"og:description\" content=\"Auf unserem Campus gibt es eine Vielzahl von Restaurants und Caf\u00e9s mit einer gro\u00dfen Auswahl an Mahlzeiten und Snacks.\" \/>\n<meta property=\"og:url\" content=\"https:\/\/www.uni.lu\/life-de\/einrichtungen\/restaurants\/\" \/>\n<meta property=\"og:site_name\" content=\"LIFE DE\" \/>\n<meta property=\"article:modified_time\" content=\"2026-03-10T11:48:41+00:00\" \/>\n<meta property=\"og:image\" content=\"https:\/\/www.uni.lu\/wp-content\/uploads\/sites\/30\/2026\/03\/03115231\/UNIV_SM-Profile_1600x1600px-scaled.jpg\" \/>\n\t<meta property=\"og:image:width\" content=\"2560\" \/>\n\t<meta property=\"og:image:height\" content=\"2560\" \/>\n\t<meta property=\"og:image:type\" content=\"image\/jpeg\" \/>\n<meta name=\"twitter:card\" content=\"summary_large_image\" \/>\n<meta name=\"twitter:label1\" content=\"Gesch\u00e4tzte Lesezeit\" \/>\n\t<meta name=\"twitter:data1\" content=\"2 Minuten\" \/>\n<script type=\"application\/ld+json\" class=\"yoast-schema-graph\">{\"@context\":\"https:\/\/schema.org\",\"@graph\":[{\"@type\":\"WebPage\",\"@id\":\"https:\/\/www.uni.lu\/life-de\/einrichtungen\/restaurants\/\",\"url\":\"https:\/\/www.uni.lu\/life-de\/einrichtungen\/restaurants\/\",\"name\":\"Restaurants - Universit\u00e4t Luxemburg I Uni.lu\",\"isPartOf\":{\"@id\":\"https:\/\/www.uni.lu\/life-de\/#website\"},\"datePublished\":\"2024-04-09T07:29:11+00:00\",\"dateModified\":\"2026-03-10T11:48:41+00:00\",\"description\":\"Auf unserem Campus gibt es eine Vielzahl von Restaurants und Caf\u00e9s mit einer gro\u00dfen Auswahl an Mahlzeiten und Snacks.\",\"breadcrumb\":{\"@id\":\"https:\/\/www.uni.lu\/life-de\/einrichtungen\/restaurants\/#breadcrumb\"},\"inLanguage\":\"de-DE\",\"potentialAction\":[{\"@type\":\"ReadAction\",\"target\":[\"https:\/\/www.uni.lu\/life-de\/einrichtungen\/restaurants\/\"]}]},{\"@type\":\"BreadcrumbList\",\"@id\":\"https:\/\/www.uni.lu\/life-de\/einrichtungen\/restaurants\/#breadcrumb\",\"itemListElement\":[{\"@type\":\"ListItem\",\"position\":1,\"name\":\"Home\",\"item\":\"https:\/\/www.uni.lu\/de\"},{\"@type\":\"ListItem\",\"position\":2,\"name\":\"Leben an der Universit\u00e4t\",\"item\":\"https:\/\/www.uni.lu\/life-de\/\"},{\"@type\":\"ListItem\",\"position\":3,\"name\":\"Campus und Einrichtungen\",\"item\":\"https:\/\/www.uni.lu\/life-de\/einrichtungen\/\"},{\"@type\":\"ListItem\",\"position\":4,\"name\":\"Restaurants\"}]},{\"@type\":\"WebSite\",\"@id\":\"https:\/\/www.uni.lu\/life-de\/#website\",\"url\":\"https:\/\/www.uni.lu\/life-de\/\",\"name\":\"Uni.lu\",\"description\":\"Leben an der Universit\u00e4t Luxemburg\",\"publisher\":{\"@id\":\"https:\/\/www.uni.lu\/life-de\/#organization\"},\"alternateName\":\"Universit\u00e4t Luxemburg I Uni.lu\",\"potentialAction\":[{\"@type\":\"SearchAction\",\"target\":{\"@type\":\"EntryPoint\",\"urlTemplate\":\"https:\/\/www.uni.lu\/life-de\/?s={search_term_string}\"},\"query-input\":\"required name=search_term_string\"}],\"inLanguage\":\"de-DE\"},{\"@type\":\"Organization\",\"@id\":\"https:\/\/www.uni.lu\/life-de\/#organization\",\"name\":\"Universit\u00e4t Luxemburg\",\"alternateName\":\"Uni.lu\",\"url\":\"https:\/\/www.uni.lu\/life-de\/\",\"logo\":{\"@type\":\"ImageObject\",\"inLanguage\":\"de-DE\",\"@id\":\"https:\/\/www.uni.lu\/life-de\/#\/schema\/logo\/image\/\",\"url\":\"https:\/\/www.uni.lu\/wp-content\/uploads\/sites\/30\/2026\/03\/03115231\/UNIV_SM-Profile_1600x1600px-scaled.jpg\",\"contentUrl\":\"https:\/\/www.uni.lu\/wp-content\/uploads\/sites\/30\/2026\/03\/03115231\/UNIV_SM-Profile_1600x1600px-scaled.jpg\",\"width\":2560,\"height\":2560,\"caption\":\"Universit\u00e4t Luxemburg\"},\"image\":{\"@id\":\"https:\/\/www.uni.lu\/life-de\/#\/schema\/logo\/image\/\"}}]}<\/script>\n<!-- \/ Yoast SEO Premium plugin. -->","yoast_head_json":{"title":"Restaurants - Universit\u00e4t Luxemburg I Uni.lu","description":"Auf unserem Campus gibt es eine Vielzahl von Restaurants und Caf\u00e9s mit einer gro\u00dfen Auswahl an Mahlzeiten und Snacks.","robots":{"index":"index","follow":"follow","max-snippet":"max-snippet:-1","max-image-preview":"max-image-preview:large","max-video-preview":"max-video-preview:-1"},"canonical":"https:\/\/www.uni.lu\/life-de\/einrichtungen\/restaurants\/","og_locale":"de_DE","og_type":"article","og_title":"Restaurants","og_description":"Auf unserem Campus gibt es eine Vielzahl von Restaurants und Caf\u00e9s mit einer gro\u00dfen Auswahl an Mahlzeiten und Snacks.","og_url":"https:\/\/www.uni.lu\/life-de\/einrichtungen\/restaurants\/","og_site_name":"LIFE DE","article_modified_time":"2026-03-10T11:48:41+00:00","og_image":[{"width":2560,"height":2560,"url":"https:\/\/www.uni.lu\/wp-content\/uploads\/sites\/30\/2026\/03\/03115231\/UNIV_SM-Profile_1600x1600px-scaled.jpg","type":"image\/jpeg"}],"twitter_card":"summary_large_image","twitter_misc":{"Gesch\u00e4tzte Lesezeit":"2 Minuten"},"schema":{"@context":"https:\/\/schema.org","@graph":[{"@type":"WebPage","@id":"https:\/\/www.uni.lu\/life-de\/einrichtungen\/restaurants\/","url":"https:\/\/www.uni.lu\/life-de\/einrichtungen\/restaurants\/","name":"Restaurants - Universit\u00e4t Luxemburg I Uni.lu","isPartOf":{"@id":"https:\/\/www.uni.lu\/life-de\/#website"},"datePublished":"2024-04-09T07:29:11+00:00","dateModified":"2026-03-10T11:48:41+00:00","description":"Auf unserem Campus gibt es eine Vielzahl von Restaurants und Caf\u00e9s mit einer gro\u00dfen Auswahl an Mahlzeiten und Snacks.","breadcrumb":{"@id":"https:\/\/www.uni.lu\/life-de\/einrichtungen\/restaurants\/#breadcrumb"},"inLanguage":"de-DE","potentialAction":[{"@type":"ReadAction","target":["https:\/\/www.uni.lu\/life-de\/einrichtungen\/restaurants\/"]}]},{"@type":"BreadcrumbList","@id":"https:\/\/www.uni.lu\/life-de\/einrichtungen\/restaurants\/#breadcrumb","itemListElement":[{"@type":"ListItem","position":1,"name":"Home","item":"https:\/\/www.uni.lu\/de"},{"@type":"ListItem","position":2,"name":"Leben an der Universit\u00e4t","item":"https:\/\/www.uni.lu\/life-de\/"},{"@type":"ListItem","position":3,"name":"Campus und Einrichtungen","item":"https:\/\/www.uni.lu\/life-de\/einrichtungen\/"},{"@type":"ListItem","position":4,"name":"Restaurants"}]},{"@type":"WebSite","@id":"https:\/\/www.uni.lu\/life-de\/#website","url":"https:\/\/www.uni.lu\/life-de\/","name":"Uni.lu","description":"Leben an der Universit\u00e4t Luxemburg","publisher":{"@id":"https:\/\/www.uni.lu\/life-de\/#organization"},"alternateName":"Universit\u00e4t Luxemburg I Uni.lu","potentialAction":[{"@type":"SearchAction","target":{"@type":"EntryPoint","urlTemplate":"https:\/\/www.uni.lu\/life-de\/?s={search_term_string}"},"query-input":"required name=search_term_string"}],"inLanguage":"de-DE"},{"@type":"Organization","@id":"https:\/\/www.uni.lu\/life-de\/#organization","name":"Universit\u00e4t Luxemburg","alternateName":"Uni.lu","url":"https:\/\/www.uni.lu\/life-de\/","logo":{"@type":"ImageObject","inLanguage":"de-DE","@id":"https:\/\/www.uni.lu\/life-de\/#\/schema\/logo\/image\/","url":"https:\/\/www.uni.lu\/wp-content\/uploads\/sites\/30\/2026\/03\/03115231\/UNIV_SM-Profile_1600x1600px-scaled.jpg","contentUrl":"https:\/\/www.uni.lu\/wp-content\/uploads\/sites\/30\/2026\/03\/03115231\/UNIV_SM-Profile_1600x1600px-scaled.jpg","width":2560,"height":2560,"caption":"Universit\u00e4t Luxemburg"},"image":{"@id":"https:\/\/www.uni.lu\/life-de\/#\/schema\/logo\/image\/"}}]}},"ticketed":false,"_links":{"self":[{"href":"https:\/\/www.uni.lu\/life-de\/wp-json\/wp\/v2\/pages\/331"}],"collection":[{"href":"https:\/\/www.uni.lu\/life-de\/wp-json\/wp\/v2\/pages"}],"about":[{"href":"https:\/\/www.uni.lu\/life-de\/wp-json\/wp\/v2\/types\/page"}],"author":[{"embeddable":true,"href":"https:\/\/www.uni.lu\/life-de\/wp-json\/wp\/v2\/users\/33"}],"replies":[{"embeddable":true,"href":"https:\/\/www.uni.lu\/life-de\/wp-json\/wp\/v2\/comments?post=331"}],"version-history":[{"count":5,"href":"https:\/\/www.uni.lu\/life-de\/wp-json\/wp\/v2\/pages\/331\/revisions"}],"predecessor-version":[{"id":2202,"href":"https:\/\/www.uni.lu\/life-de\/wp-json\/wp\/v2\/pages\/331\/revisions\/2202"}],"up":[{"embeddable":true,"href":"https:\/\/www.uni.lu\/life-de\/wp-json\/wp\/v2\/pages\/329"}],"wp:authorship":[{"embeddable":true,"href":"https:\/\/www.uni.lu\/life-de\/wp-json\/wp\/v2\/users\/33"}],"wp:attachment":[{"href":"https:\/\/www.uni.lu\/life-de\/wp-json\/wp\/v2\/media?parent=331"}],"wp:term":[{"taxonomy":"field-of-interest","embeddable":true,"href":"https:\/\/www.uni.lu\/life-de\/wp-json\/wp\/v2\/field-of-interest?post=331"},{"taxonomy":"organisation","embeddable":true,"href":"https:\/\/www.uni.lu\/life-de\/wp-json\/wp\/v2\/organisation?post=331"}],"curies":[{"name":"wp","href":"https:\/\/api.w.org\/{rel}","templated":true}]}}