{"id":312,"date":"2024-04-09T09:06:52","date_gmt":"2024-04-09T07:06:52","guid":{"rendered":"https:\/\/www.uni.lu\/life-de\/?page_id=312"},"modified":"2026-03-02T17:12:45","modified_gmt":"2026-03-02T16:12:45","slug":"wuerde-und-respekt","status":"publish","type":"page","link":"https:\/\/www.uni.lu\/life-de\/inklusion-wohlbefinden\/wuerde-und-respekt\/","title":{"rendered":"W\u00fcrde und Respekt"},"content":{"rendered":"<div class=\"section py-0 static\">\n<section class=\"py-0 wp-block-unilux-blocks-free-section section\"><div class=\"container xl:max-w-screen-xl\"><!-- SecondaryNavigationMirror --><div class=\"js-secondary-nav--sticky wp-block-unilux-blocks-secondary-navigation\" id=\"5ad9114e-1fd3-4731-b911-8f87413401bf\">\n    <nav id=\"secondary-navigation\" role=\"navigation\" aria-label=\"Secondary menu\" class=\"secondary-nav\">\n        <button class=\"secondary-nav__button btn btn-solid--primary w-full\" aria-expanded=\"false\" aria-controls=\"secondary-navigation__list\" title=\"The selected page is W\u00fcrde und Respekt\" type=\"button\">\n            <span class=\"btn__name mr-auto\">W\u00fcrde und Respekt<\/span>\n            <svg aria-hidden=\"true\" focusable=\"false\" class=\"icon icon-outline icon--xs\">\n                <use xlink:href=\"https:\/\/www.uni.lu\/wp-content\/themes\/unilux-theme\/assets\/images\/icons\/icons-outline.svg#icon--arrow-down\" \/>\n            <\/svg>\n        <\/button>\n\n        <ul id=\"secondary-navigation__list\" class=\"secondary-nav__list\">\n            <li class=\"secondary-nav__item\">\n    <a href=\"https:\/\/www.uni.lu\/life-de\/inklusion-wohlbefinden\/\" target=\"\" rel=\"noreferrer noopener\" class=\"secondary-nav__link \">\n        <svg aria-hidden=\"true\" focusable=\"false\" class=\"icon icon-outline icon--xs\">\n            <use xlink:href=\"https:\/\/www.uni.lu\/wp-content\/themes\/unilux-theme\/assets\/images\/icons\/icons-outline.svg#icon--arrow-right\" \/>\n        <\/svg>\n        <span class=\"secondary-nav__name\">\u00dcbersicht<\/span>\n    <\/a>\n<\/li>\n<li class=\"secondary-nav__item\">\n    <a href=\"https:\/\/www.uni.lu\/life-de\/inklusion-wohlbefinden\/unterstuetzung-fuer-menschen-mit-behinderung\/\" target=\"\" rel=\"noreferrer noopener\" class=\"secondary-nav__link \">\n        <svg aria-hidden=\"true\" focusable=\"false\" class=\"icon icon-outline icon--xs\">\n            <use xlink:href=\"https:\/\/www.uni.lu\/wp-content\/themes\/unilux-theme\/assets\/images\/icons\/icons-outline.svg#icon--arrow-right\" \/>\n        <\/svg>\n        <span class=\"secondary-nav__name\">Unterst\u00fctzung f\u00fcr Menschen mit Behinderung<\/span>\n    <\/a>\n<\/li>\n<li class=\"secondary-nav__item\">\n    <a href=\"https:\/\/www.uni.lu\/life-de\/inklusion-wohlbefinden\/unterstuetzung-gefluechteter-studierender\/\" target=\"\" rel=\"noreferrer noopener\" class=\"secondary-nav__link \">\n        <svg aria-hidden=\"true\" focusable=\"false\" class=\"icon icon-outline icon--xs\">\n            <use xlink:href=\"https:\/\/www.uni.lu\/wp-content\/themes\/unilux-theme\/assets\/images\/icons\/icons-outline.svg#icon--arrow-right\" \/>\n        <\/svg>\n        <span class=\"secondary-nav__name\">Unterst\u00fctzung gefl\u00fcchteter Studierender<\/span>\n    <\/a>\n<\/li>\n<li class=\"secondary-nav__item\">\n    <a href=\"https:\/\/www.uni.lu\/life-de\/inklusion-wohlbefinden\/wuerde-und-respekt\/\" target=\"\" rel=\"noreferrer noopener\" class=\"secondary-nav__link isactived\" aria-current=\"page\">\n        <svg aria-hidden=\"true\" focusable=\"false\" class=\"icon icon-outline icon--xs\">\n            <use xlink:href=\"https:\/\/www.uni.lu\/wp-content\/themes\/unilux-theme\/assets\/images\/icons\/icons-outline.svg#icon--arrow-right\" \/>\n        <\/svg>\n        <span class=\"secondary-nav__name\">W\u00fcrde und Respekt<\/span>\n    <\/a>\n<\/li>\n<li class=\"secondary-nav__item\">\n    <a href=\"https:\/\/www.uni.lu\/life-de\/inklusion-wohlbefinden\/kontakt\/\" target=\"\" rel=\"noreferrer noopener\" class=\"secondary-nav__link \">\n        <svg aria-hidden=\"true\" focusable=\"false\" class=\"icon icon-outline icon--xs\">\n            <use xlink:href=\"https:\/\/www.uni.lu\/wp-content\/themes\/unilux-theme\/assets\/images\/icons\/icons-outline.svg#icon--arrow-right\" \/>\n        <\/svg>\n        <span class=\"secondary-nav__name\">Kontakt<\/span>\n    <\/a>\n<\/li>\n        <\/ul>\n    <\/nav>\n<\/div>\n<!-- end SecondaryNavigationMirror --><\/div><\/section>\n\n\n\n<section class=\"wp-block-unilux-blocks-free-section section\"><div class=\"container xl:max-w-screen-xl\">\n<h2 class=\"has-text-align-left wp-block-unilux-blocks-heading\"        id=\"wuerde-und-respekt\"\n    >\nW\u00fcrde und Respekt<\/h2>\n\n\n\n<p>An der Universit\u00e4t Luxemburg sind wir bestrebt, eine Kultur der W\u00fcrde und des Respekts auf unserem Campus zu f\u00f6rdern. Wir glauben, dass jedes Mitglied unserer Gemeinschaft es verdient, mit W\u00fcrde und Respekt behandelt zu werden, unabh\u00e4ngig von seiner Herkunft, Identit\u00e4t oder seinem Glauben.<\/p>\n\n\n\n<h2 class=\"has-text-align-left wp-block-unilux-blocks-heading\"        id=\"unsere-grundwerte\"\n    >\nUnsere Grundwerte<\/h2>\n\n\n\n<section class=\"icon-with-content-list wp-block-unilux-blocks-icon-with-content-list\">\n    <div class=\"icon-with-content-list__items\">\n        \n<div class=\"icon-with-content-list__item wp-block-unilux-blocks-icon-with-content-list-item\">\n    \n<div class=\"wp-block-unilux-blocks-wrapper icon-with-content-list__item-body\">\n<div class=\"wp-block-unilux-blocks-wrapper icon-with-content-list__item-icon-wrapper\">\n<div class=\"icon--primary icon--secondary-2 icon--3xl wp-block-unilux-blocks-icon-picker\">\n    <svg aria-hidden=\"true\" focusable=\"false\" class=\"icon icon-outline icon--partnership \"><use xlink:href=\"https:\/\/www.uni.lu\/wp-content\/themes\/unilux-theme\/assets\/images\/icons\/icons-outline.svg#icon--partnership\"><\/use><\/svg><\/div><\/div>\n\n\n\n<h4 class=\"icon-with-content-list__item-title has-text-align-left wp-block-unilux-blocks-heading\"        id=\"inklusion\"\n    >\nInklusion<\/h4>\n\n\n\n<p class=\"wp-block-unilux-blocks-plain-text\">Wir setzen uns daf\u00fcr ein, die Universit\u00e4t zu einem fairen Ort zum Arbeiten und Studieren zu machen und ein integratives Umfeld zu schaffen, in dem alle Stimmen geh\u00f6rt werden und jeder sich zugeh\u00f6rig f\u00fchlt.<\/p><\/div>\n<\/div>\n<div class=\"icon-with-content-list__item wp-block-unilux-blocks-icon-with-content-list-item\">\n    \n<div class=\"wp-block-unilux-blocks-wrapper icon-with-content-list__item-body\">\n<div class=\"wp-block-unilux-blocks-wrapper icon-with-content-list__item-icon-wrapper\">\n<div class=\"icon--primary icon--secondary-2 icon--3xl wp-block-unilux-blocks-icon-picker\">\n    <svg aria-hidden=\"true\" focusable=\"false\" class=\"icon icon-outline icon--group \"><use xlink:href=\"https:\/\/www.uni.lu\/wp-content\/themes\/unilux-theme\/assets\/images\/icons\/icons-outline.svg#icon--group\"><\/use><\/svg><\/div><\/div>\n\n\n\n<h4 class=\"icon-with-content-list__item-title has-text-align-left wp-block-unilux-blocks-heading\"        id=\"vielfalt\"\n    >\nVielfalt<\/h4>\n\n\n\n<p class=\"wp-block-unilux-blocks-plain-text\">Wir feiern die Vielfalt unserer Gemeinschaft, in der \u00fcber 130 Nationalit\u00e4ten gemeinsam studieren und arbeiten. Unsere Unterschiede machen uns st\u00e4rker, selbstbewusster, kreativer und innovativer, schaffen ein f\u00f6rderlicheres Lernumfeld und wirken sich positiv auf die Lernergebnisse aus.<\/p><\/div>\n<\/div>    <\/div>\n<\/section><\/div><\/section>\n\n\n\n<section class=\"py-0 wp-block-unilux-blocks-free-section section\"><div class=\"container xl:max-w-screen-xl\">\n<h2 class=\"has-text-align-left wp-block-unilux-blocks-heading\"        id=\"foerderung-von-wuerde-und-respekt-auf-dem-campus\"\n    >\n<strong>F\u00f6rderung von W\u00fcrde und Respekt auf dem Campus<\/strong><\/h2>\n\n\n\n<ul class=\"wp-block-unilux-blocks-highlighted-list list-highlighted list-highlighted--architectural\"><li class=\"list-highlighted__item  wp-block-unilux-blocks-highlighted-list-item\">\n    <header class=\"list-highlighted__header wp-block-unilux-blocks-highlighted-list-item-header\">\n    \n<h4 class=\"title text-18 font-bold has-text-align-left wp-block-unilux-blocks-heading\"        id=\"null-toleranz-gegenueber-diskriminierung\"\n    >\nNull Toleranz gegen\u00fcber Diskriminierung<\/h4>\n<div class=\"wp-block-unilux-blocks-bigtext\">\n    <span>\n        \n    <\/span>\n<\/div><\/header><div class=\"list-highlighted__body wp-block-unilux-blocks-highlighted-list-item-body\">\n    <div class=\"wp-block-unilux-blocks-highlighted-list-item-free-content-area\">\n    \n<p>Diskriminierung, Bel\u00e4stigung, Schikanierung und sexuelles Fehlverhalten haben auf unserem Campus keinen Platz. Die Universit\u00e4t hat <a href=\"https:\/\/www.uni.lu\/life-de\/gleichstellung-inklusion-vielfalt\/wuerde-und-respekt\/diskriminierung-und-belaestigung\/\">strenge Richtlinien <\/a>erlassen, um derartiges Verhalten anzusprechen und zu verhindern.<\/p>\n<\/div><\/div><\/li>\n\n<li class=\"list-highlighted__item  wp-block-unilux-blocks-highlighted-list-item\">\n    <header class=\"list-highlighted__header wp-block-unilux-blocks-highlighted-list-item-header\">\n    \n<h4 class=\"title text-18 font-bold has-text-align-left wp-block-unilux-blocks-heading\"        id=\"verhaltenskodex\"\n    >\nVerhaltenskodex<\/h4>\n<div class=\"wp-block-unilux-blocks-bigtext\">\n    <span>\n        \n    <\/span>\n<\/div><\/header><div class=\"list-highlighted__body wp-block-unilux-blocks-highlighted-list-item-body\">\n    <div class=\"wp-block-unilux-blocks-highlighted-list-item-free-content-area\">\n    \n<p>Unsere Campus-Gemeinschaft folgt einem <a href=\"https:\/\/www.uni.lu\/wp-content\/uploads\/sites\/9\/2025\/07\/16105311\/Code-of-Conduct_2025.pdf\">Verhaltenskodex (EN)<\/a>, der die Prinzipien von Respekt, Empathie, aktivem Zuh\u00f6ren, konstruktivem Feedback und Freundlichkeit f\u00f6rdert.<\/p>\n<\/div><\/div><\/li>\n\n<li class=\"list-highlighted__item  wp-block-unilux-blocks-highlighted-list-item\">\n    <header class=\"list-highlighted__header wp-block-unilux-blocks-highlighted-list-item-header\">\n    \n<h4 class=\"title text-18 font-bold has-text-align-left wp-block-unilux-blocks-heading\"        id=\"meldemechanismen\"\n    >\nMeldemechanismen<\/h4>\n<div class=\"wp-block-unilux-blocks-bigtext\">\n    <span>\n        \n    <\/span>\n<\/div><\/header><div class=\"list-highlighted__body wp-block-unilux-blocks-highlighted-list-item-body\">\n    <div class=\"wp-block-unilux-blocks-highlighted-list-item-free-content-area\">\n    \n<p>Wir bieten klare <a href=\"https:\/\/www.uni.lu\/life-de\/gleichstellung-inklusion-vielfalt\/wuerde-und-respekt\/einen-vorfall-melden\/\">Kan\u00e4le f\u00fcr die Meldung von Vorf\u00e4llen <\/a>von Diskriminierung, Bel\u00e4stigung, Mobbing und sexuellem Fehlverhalten. Wir sind entschlossen, solche Probleme umgehend anzugehen und eine sichere Umgebung f\u00fcr alle zu gew\u00e4hrleisten.<\/p>\n<\/div><\/div><\/li><\/ul>\n<\/div><\/section>\n\n\n<section class=\"section section !max-w-screen-2xl wp-block-unilux-blocks-content-card-and-quick-links-section \">\n    \n<div class=\"wp-block-unilux-blocks-wrapper container 2xl:max-w-screen-2xl\">\n<h2 class=\"has-text-align-left wp-block-unilux-blocks-heading\"        id=\"unterstuetzung-in-anspruch-nehmen\"\n    >\nUnterst\u00fctzung in Anspruch nehmen<\/h2>\n\n\n\n<div class=\"wp-block-unilux-blocks-wrapper flex flex-wrap -mx-16\">\n<div class=\"wp-block-unilux-blocks-wrapper w-full lg:w-7\/12 px-16\"><div class=\"content-card content-card--right content-card__overlay--hidden wp-block-unilux-blocks-content-card\">\n    <div class=\"content-card__visual wp-block-unilux-blocks-content-card-visual-area\">\n    \n<section class=\"wp-block-unilux-blocks-image-video-wrapper\">\n    <figure class=\"wp-block-dev4-reusable-blocks-image  object-fit--cover\">\n    \n<img decoding=\"async\" class=\"wp-block-image unilux-custom-image-block\"\n                alt=\"Circle of hands, colorful sleeves.\"\n            src=\"https:\/\/www.uni.lu\/wp-content\/uploads\/sites\/29\/2023\/08\/hannah-busing-Zyx1bK9mqmA-unsplash_reduced-size.jpg\"\n                    style=\"object-position: 50.00% 50.00%; font-family: &quot;object-fit: cover; object-position: 50.00% 50.00%;&quot;; aspect-ratio: 3\/2; object-fit: cover; width: 100%;\"\n        loading=\"lazy\"\n\/>    <\/figure><\/section>\n<div class=\"wp-block-unilux-blocks-wrapper content-card__overlay\">\n<a class=\"wp-block-unilux-blocks-button-highlight-rounded bottom-left\" \n    href=\"#\"\n    target=\"_self\"\n>\n    \n<span class=\"btn-highlight-rounded__name wp-block-unilux-blocks-plain-text\"><\/span>    <span class=\"icon-rounded\">\n        <svg aria-hidden=\"true\" focusable=\"false\" class=\"icon icon-outline icon--arrow-right icon--lg\"><use xlink:href=\"https:\/\/www.uni.lu\/wp-content\/themes\/unilux-theme\/assets\/images\/icons\/icons-outline.svg#icon--arrow-right\"><\/use><\/svg>    <\/span>\n<\/a><\/div>\n<\/div><div class=\"content-card__body  wp-block-unilux-blocks-content-card-free-area\">\n    \n<p>Wenn Sie als Studierender oder Studierende, Angestellter oder Angestellte von Schikane, Diskriminierung, Bel\u00e4stigung oder sexuellem Fehlverhalten betroffen sind, ist es wichtig, Hilfe und Unterst\u00fctzung zu suchen.<\/p>\n\n<p>Bevor Sie einen Vorfall melden, m\u00f6chten Sie vielleicht zun\u00e4chst informell mit Ihrer Familie, Freunden oder jemandem von der Universit\u00e4t sprechen. Dies k\u00f6nnte des Inklusionsteams, der Ombudsmann der Universit\u00e4t oder der Studentendelegation sein.<\/p>\n<\/div><\/div><\/div>\n\n\n\n<div class=\"wp-block-unilux-blocks-wrapper w-full lg:w-5\/12 px-16 mt-48 lg:mt-96\">\n<h3 class=\"has-text-align-left wp-block-unilux-blocks-heading\"        id=\"mehr-zum-thema\"\n    >\nMehr zum Thema<\/h3>\n\n\n\n<ul class=\"wp-block-unilux-blocks-quick-link-highlight quick-link-list\">\n<li class=\"wp-block-unilux-blocks-quick-link-highlight-item\">\n    <a\n                    href=\"https:\/\/www.uni.lu\/life-de\/inklusion-wohlbefinden\/wuerde-und-respekt\/einen-vorfall-melden\/\"\n                    class=\"quick-link\"\n            target=\"\"\n    >\n            <span class=\"quick-link__container\">\n                <span class=\"quick-link__body\">\n                    <span class=\"quick-link__number\">\n                                            <\/span>\n                    <span class=\"quick-link__title\">\n                        Einen Vorfall melden                    <\/span>\n                    <span class=\"quick-link__action\">\n                                            <\/span>\n                <\/span>\n                <svg aria-hidden=\"true\" focusable=\"false\" class=\"icon icon-outline icon--arrow-right \"><use xlink:href=\"https:\/\/www.uni.lu\/wp-content\/themes\/unilux-theme\/assets\/images\/icons\/icons-outline.svg#icon--arrow-right\"><\/use><\/svg>            <\/span>\n    <\/a>\n<\/li>\n\n\n\n<li class=\"wp-block-unilux-blocks-quick-link-highlight-item\">\n    <a\n                    href=\"https:\/\/www.uni.lu\/life-de\/inklusion-wohlbefinden\/wuerde-und-respekt\/diskriminierung-und-belaestigung\/\"\n                    class=\"quick-link\"\n            target=\"\"\n    >\n            <span class=\"quick-link__container\">\n                <span class=\"quick-link__body\">\n                    <span class=\"quick-link__number\">\n                                            <\/span>\n                    <span class=\"quick-link__title\">\n                        Diskriminierung und Bel\u00e4stigung                    <\/span>\n                    <span class=\"quick-link__action\">\n                        Schikane, Mobbing, Fehlverhalten und andere Formen der Diskriminierung und Bel\u00e4stigung                    <\/span>\n                <\/span>\n                <svg aria-hidden=\"true\" focusable=\"false\" class=\"icon icon-outline icon--arrow-right \"><use xlink:href=\"https:\/\/www.uni.lu\/wp-content\/themes\/unilux-theme\/assets\/images\/icons\/icons-outline.svg#icon--arrow-right\"><\/use><\/svg>            <\/span>\n    <\/a>\n<\/li>\n<\/ul>\n<\/div>\n<\/div>\n<\/div>\n<\/section><\/div>","protected":false},"excerpt":{"rendered":"","protected":false},"author":75,"featured_media":0,"parent":310,"menu_order":0,"comment_status":"closed","ping_status":"closed","template":"","meta":{"featured_image_focal_point":[],"show_featured_caption":false,"ulux_newsletter_groups":"","uluxPostTitle":"Inklusion & Wohlbefinden","uluxPrePostTitle":"Leben","_trash_the_other_posts":false,"_price":"","_stock":"","_tribe_ticket_header":"","_tribe_default_ticket_provider":"","_tribe_ticket_capacity":"0","_ticket_start_date":"","_ticket_end_date":"","_tribe_ticket_show_description":"","_tribe_ticket_show_not_going":false,"_tribe_ticket_use_global_stock":"","_tribe_ticket_global_stock_level":"","_global_stock_mode":"","_global_stock_cap":"","_tribe_rsvp_for_event":"","_tribe_ticket_going_count":"","_tribe_ticket_not_going_count":"","_tribe_tickets_list":"[]","_tribe_ticket_has_attendee_info_fields":false,"footnotes":""},"field-of-interest":[],"organisation":[],"authorship":[75,321],"acf":[],"yoast_head":"<!-- This site is optimized with the Yoast SEO Premium plugin v22.3 (Yoast SEO v22.3) - https:\/\/yoast.com\/wordpress\/plugins\/seo\/ -->\n<title>W\u00fcrde und Respekt - Universit\u00e4t Luxemburg I Uni.lu<\/title>\n<meta name=\"description\" content=\"An der Universit\u00e4t Luxemburg sind wir bestrebt, eine Kultur der W\u00fcrde und des Respekts auf unserem Campus zu f\u00f6rdern.\" \/>\n<meta name=\"robots\" content=\"index, follow, max-snippet:-1, max-image-preview:large, max-video-preview:-1\" \/>\n<link rel=\"canonical\" href=\"https:\/\/www.uni.lu\/life-de\/inklusion-wohlbefinden\/wuerde-und-respekt\/\" \/>\n<meta property=\"og:locale\" content=\"de_DE\" \/>\n<meta property=\"og:type\" content=\"article\" \/>\n<meta property=\"og:title\" content=\"W\u00fcrde und Respekt\" \/>\n<meta property=\"og:description\" content=\"An der Universit\u00e4t Luxemburg sind wir bestrebt, eine Kultur der W\u00fcrde und des Respekts auf unserem Campus zu f\u00f6rdern.\" \/>\n<meta property=\"og:url\" content=\"https:\/\/www.uni.lu\/life-de\/inklusion-wohlbefinden\/wuerde-und-respekt\/\" \/>\n<meta property=\"og:site_name\" content=\"LIFE DE\" \/>\n<meta property=\"article:modified_time\" content=\"2026-03-02T16:12:45+00:00\" \/>\n<meta property=\"og:image\" content=\"https:\/\/www.uni.lu\/wp-content\/uploads\/sites\/30\/2026\/03\/03115231\/UNIV_SM-Profile_1600x1600px-scaled.jpg\" \/>\n\t<meta property=\"og:image:width\" content=\"2560\" \/>\n\t<meta property=\"og:image:height\" content=\"2560\" \/>\n\t<meta property=\"og:image:type\" content=\"image\/jpeg\" \/>\n<meta name=\"twitter:card\" content=\"summary_large_image\" \/>\n<meta name=\"twitter:label1\" content=\"Gesch\u00e4tzte Lesezeit\" \/>\n\t<meta name=\"twitter:data1\" content=\"1 Minute\" \/>\n<script type=\"application\/ld+json\" class=\"yoast-schema-graph\">{\"@context\":\"https:\/\/schema.org\",\"@graph\":[{\"@type\":\"WebPage\",\"@id\":\"https:\/\/www.uni.lu\/life-de\/inklusion-wohlbefinden\/wuerde-und-respekt\/\",\"url\":\"https:\/\/www.uni.lu\/life-de\/inklusion-wohlbefinden\/wuerde-und-respekt\/\",\"name\":\"W\u00fcrde und Respekt - Universit\u00e4t Luxemburg I Uni.lu\",\"isPartOf\":{\"@id\":\"https:\/\/www.uni.lu\/life-de\/#website\"},\"datePublished\":\"2024-04-09T07:06:52+00:00\",\"dateModified\":\"2026-03-02T16:12:45+00:00\",\"description\":\"An der Universit\u00e4t Luxemburg sind wir bestrebt, eine Kultur der W\u00fcrde und des Respekts auf unserem Campus zu f\u00f6rdern.\",\"breadcrumb\":{\"@id\":\"https:\/\/www.uni.lu\/life-de\/inklusion-wohlbefinden\/wuerde-und-respekt\/#breadcrumb\"},\"inLanguage\":\"de-DE\",\"potentialAction\":[{\"@type\":\"ReadAction\",\"target\":[\"https:\/\/www.uni.lu\/life-de\/inklusion-wohlbefinden\/wuerde-und-respekt\/\"]}]},{\"@type\":\"BreadcrumbList\",\"@id\":\"https:\/\/www.uni.lu\/life-de\/inklusion-wohlbefinden\/wuerde-und-respekt\/#breadcrumb\",\"itemListElement\":[{\"@type\":\"ListItem\",\"position\":1,\"name\":\"Home\",\"item\":\"https:\/\/www.uni.lu\/de\"},{\"@type\":\"ListItem\",\"position\":2,\"name\":\"Leben an der Universit\u00e4t\",\"item\":\"https:\/\/www.uni.lu\/life-de\/\"},{\"@type\":\"ListItem\",\"position\":3,\"name\":\"Inklusion &amp; Wohlbefinden\",\"item\":\"https:\/\/www.uni.lu\/life-de\/inklusion-wohlbefinden\/\"},{\"@type\":\"ListItem\",\"position\":4,\"name\":\"W\u00fcrde und Respekt\"}]},{\"@type\":\"WebSite\",\"@id\":\"https:\/\/www.uni.lu\/life-de\/#website\",\"url\":\"https:\/\/www.uni.lu\/life-de\/\",\"name\":\"Uni.lu\",\"description\":\"Leben an der Universit\u00e4t Luxemburg\",\"publisher\":{\"@id\":\"https:\/\/www.uni.lu\/life-de\/#organization\"},\"alternateName\":\"Universit\u00e4t Luxemburg I Uni.lu\",\"potentialAction\":[{\"@type\":\"SearchAction\",\"target\":{\"@type\":\"EntryPoint\",\"urlTemplate\":\"https:\/\/www.uni.lu\/life-de\/?s={search_term_string}\"},\"query-input\":\"required name=search_term_string\"}],\"inLanguage\":\"de-DE\"},{\"@type\":\"Organization\",\"@id\":\"https:\/\/www.uni.lu\/life-de\/#organization\",\"name\":\"Universit\u00e4t Luxemburg\",\"alternateName\":\"Uni.lu\",\"url\":\"https:\/\/www.uni.lu\/life-de\/\",\"logo\":{\"@type\":\"ImageObject\",\"inLanguage\":\"de-DE\",\"@id\":\"https:\/\/www.uni.lu\/life-de\/#\/schema\/logo\/image\/\",\"url\":\"https:\/\/www.uni.lu\/wp-content\/uploads\/sites\/30\/2026\/03\/03115231\/UNIV_SM-Profile_1600x1600px-scaled.jpg\",\"contentUrl\":\"https:\/\/www.uni.lu\/wp-content\/uploads\/sites\/30\/2026\/03\/03115231\/UNIV_SM-Profile_1600x1600px-scaled.jpg\",\"width\":2560,\"height\":2560,\"caption\":\"Universit\u00e4t Luxemburg\"},\"image\":{\"@id\":\"https:\/\/www.uni.lu\/life-de\/#\/schema\/logo\/image\/\"}}]}<\/script>\n<!-- \/ Yoast SEO Premium plugin. -->","yoast_head_json":{"title":"W\u00fcrde und Respekt - Universit\u00e4t Luxemburg I Uni.lu","description":"An der Universit\u00e4t Luxemburg sind wir bestrebt, eine Kultur der W\u00fcrde und des Respekts auf unserem Campus zu f\u00f6rdern.","robots":{"index":"index","follow":"follow","max-snippet":"max-snippet:-1","max-image-preview":"max-image-preview:large","max-video-preview":"max-video-preview:-1"},"canonical":"https:\/\/www.uni.lu\/life-de\/inklusion-wohlbefinden\/wuerde-und-respekt\/","og_locale":"de_DE","og_type":"article","og_title":"W\u00fcrde und Respekt","og_description":"An der Universit\u00e4t Luxemburg sind wir bestrebt, eine Kultur der W\u00fcrde und des Respekts auf unserem Campus zu f\u00f6rdern.","og_url":"https:\/\/www.uni.lu\/life-de\/inklusion-wohlbefinden\/wuerde-und-respekt\/","og_site_name":"LIFE DE","article_modified_time":"2026-03-02T16:12:45+00:00","og_image":[{"width":2560,"height":2560,"url":"https:\/\/www.uni.lu\/wp-content\/uploads\/sites\/30\/2026\/03\/03115231\/UNIV_SM-Profile_1600x1600px-scaled.jpg","type":"image\/jpeg"}],"twitter_card":"summary_large_image","twitter_misc":{"Gesch\u00e4tzte Lesezeit":"1 Minute"},"schema":{"@context":"https:\/\/schema.org","@graph":[{"@type":"WebPage","@id":"https:\/\/www.uni.lu\/life-de\/inklusion-wohlbefinden\/wuerde-und-respekt\/","url":"https:\/\/www.uni.lu\/life-de\/inklusion-wohlbefinden\/wuerde-und-respekt\/","name":"W\u00fcrde und Respekt - Universit\u00e4t Luxemburg I Uni.lu","isPartOf":{"@id":"https:\/\/www.uni.lu\/life-de\/#website"},"datePublished":"2024-04-09T07:06:52+00:00","dateModified":"2026-03-02T16:12:45+00:00","description":"An der Universit\u00e4t Luxemburg sind wir bestrebt, eine Kultur der W\u00fcrde und des Respekts auf unserem Campus zu f\u00f6rdern.","breadcrumb":{"@id":"https:\/\/www.uni.lu\/life-de\/inklusion-wohlbefinden\/wuerde-und-respekt\/#breadcrumb"},"inLanguage":"de-DE","potentialAction":[{"@type":"ReadAction","target":["https:\/\/www.uni.lu\/life-de\/inklusion-wohlbefinden\/wuerde-und-respekt\/"]}]},{"@type":"BreadcrumbList","@id":"https:\/\/www.uni.lu\/life-de\/inklusion-wohlbefinden\/wuerde-und-respekt\/#breadcrumb","itemListElement":[{"@type":"ListItem","position":1,"name":"Home","item":"https:\/\/www.uni.lu\/de"},{"@type":"ListItem","position":2,"name":"Leben an der Universit\u00e4t","item":"https:\/\/www.uni.lu\/life-de\/"},{"@type":"ListItem","position":3,"name":"Inklusion &amp; Wohlbefinden","item":"https:\/\/www.uni.lu\/life-de\/inklusion-wohlbefinden\/"},{"@type":"ListItem","position":4,"name":"W\u00fcrde und Respekt"}]},{"@type":"WebSite","@id":"https:\/\/www.uni.lu\/life-de\/#website","url":"https:\/\/www.uni.lu\/life-de\/","name":"Uni.lu","description":"Leben an der Universit\u00e4t Luxemburg","publisher":{"@id":"https:\/\/www.uni.lu\/life-de\/#organization"},"alternateName":"Universit\u00e4t Luxemburg I Uni.lu","potentialAction":[{"@type":"SearchAction","target":{"@type":"EntryPoint","urlTemplate":"https:\/\/www.uni.lu\/life-de\/?s={search_term_string}"},"query-input":"required name=search_term_string"}],"inLanguage":"de-DE"},{"@type":"Organization","@id":"https:\/\/www.uni.lu\/life-de\/#organization","name":"Universit\u00e4t Luxemburg","alternateName":"Uni.lu","url":"https:\/\/www.uni.lu\/life-de\/","logo":{"@type":"ImageObject","inLanguage":"de-DE","@id":"https:\/\/www.uni.lu\/life-de\/#\/schema\/logo\/image\/","url":"https:\/\/www.uni.lu\/wp-content\/uploads\/sites\/30\/2026\/03\/03115231\/UNIV_SM-Profile_1600x1600px-scaled.jpg","contentUrl":"https:\/\/www.uni.lu\/wp-content\/uploads\/sites\/30\/2026\/03\/03115231\/UNIV_SM-Profile_1600x1600px-scaled.jpg","width":2560,"height":2560,"caption":"Universit\u00e4t Luxemburg"},"image":{"@id":"https:\/\/www.uni.lu\/life-de\/#\/schema\/logo\/image\/"}}]}},"ticketed":false,"_links":{"self":[{"href":"https:\/\/www.uni.lu\/life-de\/wp-json\/wp\/v2\/pages\/312"}],"collection":[{"href":"https:\/\/www.uni.lu\/life-de\/wp-json\/wp\/v2\/pages"}],"about":[{"href":"https:\/\/www.uni.lu\/life-de\/wp-json\/wp\/v2\/types\/page"}],"author":[{"embeddable":true,"href":"https:\/\/www.uni.lu\/life-de\/wp-json\/wp\/v2\/users\/75"}],"replies":[{"embeddable":true,"href":"https:\/\/www.uni.lu\/life-de\/wp-json\/wp\/v2\/comments?post=312"}],"version-history":[{"count":5,"href":"https:\/\/www.uni.lu\/life-de\/wp-json\/wp\/v2\/pages\/312\/revisions"}],"predecessor-version":[{"id":2185,"href":"https:\/\/www.uni.lu\/life-de\/wp-json\/wp\/v2\/pages\/312\/revisions\/2185"}],"up":[{"embeddable":true,"href":"https:\/\/www.uni.lu\/life-de\/wp-json\/wp\/v2\/pages\/310"}],"wp:authorship":[{"embeddable":true,"href":"https:\/\/www.uni.lu\/life-de\/wp-json\/wp\/v2\/users\/75"},{"embeddable":true,"href":"https:\/\/www.uni.lu\/life-de\/wp-json\/wp\/v2\/users\/321"}],"wp:attachment":[{"href":"https:\/\/www.uni.lu\/life-de\/wp-json\/wp\/v2\/media?parent=312"}],"wp:term":[{"taxonomy":"field-of-interest","embeddable":true,"href":"https:\/\/www.uni.lu\/life-de\/wp-json\/wp\/v2\/field-of-interest?post=312"},{"taxonomy":"organisation","embeddable":true,"href":"https:\/\/www.uni.lu\/life-de\/wp-json\/wp\/v2\/organisation?post=312"}],"curies":[{"name":"wp","href":"https:\/\/api.w.org\/{rel}","templated":true}]}}