{"id":1429,"date":"2025-03-19T11:12:30","date_gmt":"2025-03-19T10:12:30","guid":{"rendered":"https:\/\/www.uni.lu\/life-de\/?page_id=1429"},"modified":"2025-10-20T16:42:34","modified_gmt":"2025-10-20T14:42:34","slug":"zum-studieren","status":"publish","type":"page","link":"https:\/\/www.uni.lu\/life-de\/umzug-nach-luxemburg\/zum-studieren\/","title":{"rendered":"zum Studieren"},"content":{"rendered":"<div class=\"section py-0 static\">\n<section class=\"py-0 wp-block-unilux-blocks-free-section section\"><div class=\"container xl:max-w-screen-xl\"><!-- SecondaryNavigationMirror --><div class=\"js-secondary-nav--sticky wp-block-unilux-blocks-secondary-navigation\" id=\"855f2bb5-8087-4167-af05-0c5ef55bed1a\">\n    <nav id=\"secondary-navigation\" role=\"navigation\" aria-label=\"Secondary menu\" class=\"secondary-nav\">\n        <button class=\"secondary-nav__button btn btn-solid--primary w-full\" aria-expanded=\"false\" aria-controls=\"secondary-navigation__list\" title=\"The selected page is zum Studieren\" type=\"button\">\n            <span class=\"btn__name mr-auto\">zum Studieren<\/span>\n            <svg aria-hidden=\"true\" focusable=\"false\" class=\"icon icon-outline icon--xs\">\n                <use xlink:href=\"https:\/\/www.uni.lu\/wp-content\/themes\/unilux-theme\/assets\/images\/icons\/icons-outline.svg#icon--arrow-down\" \/>\n            <\/svg>\n        <\/button>\n\n        <ul id=\"secondary-navigation__list\" class=\"secondary-nav__list\">\n            <li class=\"secondary-nav__item\">\n    <a href=\"https:\/\/www.uni.lu\/life-de\/umzug-nach-luxemburg\/\" target=\"\" rel=\"noreferrer noopener\" class=\"secondary-nav__link \">\n        <svg aria-hidden=\"true\" focusable=\"false\" class=\"icon icon-outline icon--xs\">\n            <use xlink:href=\"https:\/\/www.uni.lu\/wp-content\/themes\/unilux-theme\/assets\/images\/icons\/icons-outline.svg#icon--arrow-right\" \/>\n        <\/svg>\n        <span class=\"secondary-nav__name\">\u00dcbersicht<\/span>\n    <\/a>\n<\/li>\n<li class=\"secondary-nav__item\">\n    <a href=\"https:\/\/www.uni.lu\/life-de\/umzug-nach-luxemburg\/zum-studieren\/\" target=\"\" rel=\"noreferrer noopener\" class=\"secondary-nav__link isactived\" aria-current=\"page\">\n        <svg aria-hidden=\"true\" focusable=\"false\" class=\"icon icon-outline icon--xs\">\n            <use xlink:href=\"https:\/\/www.uni.lu\/wp-content\/themes\/unilux-theme\/assets\/images\/icons\/icons-outline.svg#icon--arrow-right\" \/>\n        <\/svg>\n        <span class=\"secondary-nav__name\">zum Studieren<\/span>\n    <\/a>\n<\/li>\n<li class=\"secondary-nav__item\">\n    <a href=\"https:\/\/www.uni.lu\/life-de\/umzug-nach-luxemburg\/zum-arbeiten\/\" target=\"\" rel=\"noreferrer noopener\" class=\"secondary-nav__link \">\n        <svg aria-hidden=\"true\" focusable=\"false\" class=\"icon icon-outline icon--xs\">\n            <use xlink:href=\"https:\/\/www.uni.lu\/wp-content\/themes\/unilux-theme\/assets\/images\/icons\/icons-outline.svg#icon--arrow-right\" \/>\n        <\/svg>\n        <span class=\"secondary-nav__name\">zum Arbeiten<\/span>\n    <\/a>\n<\/li>\n        <\/ul>\n    <\/nav>\n<\/div>\n<!-- end SecondaryNavigationMirror --><\/div><\/section>\n\n\n\n<section class=\"wp-block-unilux-blocks-free-section section\"><div class=\"container xl:max-w-screen-xl\">\n<h1 class=\"has-text-align-left wp-block-unilux-blocks-heading\"        id=\"zum-studieren\"\n    >\nZum Studieren<\/h1>\n\n\n\n<p>Ziehst du zum Studieren nach Luxemburg? Ein Studium an der Universit\u00e4t Luxemburg ist eine einmalige Erfahrung, die dich bereichern wird. Die Studieng\u00e4nge vermitteln modernstes Wissen in einem sehr internationalen, mehrsprachigen und interdisziplin\u00e4ren Umfeld. Kleine Klassen gew\u00e4hrleisten einen direkten Austausch zwischen Studierenden und Lehrkr\u00e4ften.<\/p>\n<\/div><\/section>\n\n\n<section class=\"section section !max-w-screen-2xl wp-block-unilux-blocks-content-card-and-quick-links-section py-0\">\n    \n<div class=\"wp-block-unilux-blocks-wrapper container 2xl:max-w-screen-2xl\">\n<h2 class=\"has-text-align-left wp-block-unilux-blocks-heading\"        id=\"bist-du-neu-in-luxemburg\"\n    >\nBist du neu in Luxemburg?<\/h2>\n\n\n\n<div class=\"wp-block-unilux-blocks-wrapper flex flex-wrap -mx-16\">\n<div class=\"wp-block-unilux-blocks-wrapper w-full lg:w-7\/12 px-16\"><div class=\"content-card content-card--right content-card__overlay--hidden wp-block-unilux-blocks-content-card\">\n    <div class=\"content-card__visual wp-block-unilux-blocks-content-card-visual-area\">\n    \n<section class=\"wp-block-unilux-blocks-image-video-wrapper\">\n    <figure class=\"wp-block-dev4-reusable-blocks-image  object-fit--cover\">\n    \n<img decoding=\"async\" class=\"wp-block-image unilux-custom-image-block\"\n                alt=\"SEVE (Student services) stand at Open Day 2025\"\n            src=\"https:\/\/www.uni.lu\/wp-content\/uploads\/sites\/29\/2025\/03\/20250315-OpenDay-23_reduced-size.jpg\"\n                    style=\"object-position: 50.00% 50.00%; font-family: &quot;object-fit: cover; object-position: 50.00% 50.00%;&quot;; aspect-ratio: 3\/2; object-fit: cover; width: 100%;\"\n        loading=\"lazy\"\n\/>            <p class=\"wp-block-dev4-reusable-blocks-image-caption\">\n            Bild aus: Uni.lu Tag der offenen T\u00fcr 2025        <\/p>\n    <\/figure><\/section>\n<div class=\"wp-block-unilux-blocks-wrapper content-card__overlay\">\n<a class=\"wp-block-unilux-blocks-button-highlight-rounded bottom-left\" \n    href=\"#\"\n    target=\"_self\"\n>\n    \n<span class=\"btn-highlight-rounded__name wp-block-unilux-blocks-plain-text\"><\/span>    <span class=\"icon-rounded\">\n        <svg aria-hidden=\"true\" focusable=\"false\" class=\"icon icon-outline icon--arrow-right icon--lg\"><use xlink:href=\"https:\/\/www.uni.lu\/wp-content\/themes\/unilux-theme\/assets\/images\/icons\/icons-outline.svg#icon--arrow-right\"><\/use><\/svg>    <\/span>\n<\/a><\/div>\n<\/div><div class=\"content-card__body  wp-block-unilux-blocks-content-card-free-area\">\n    \n<p>Der Umzug nach Luxemburg erfordert neben Ihrer Bewerbung an der Universit\u00e4t wahrscheinlich auch einige praktische Schritte. Wir m\u00f6chten Sie bei den administrativen und praktischen Aspekten unterst\u00fctzen, deshalb haben wir die wichtigsten Informationen an einem Ort zusammengefasst.<\/p>\n<\/div><\/div><\/div>\n\n\n\n<div class=\"wp-block-unilux-blocks-wrapper w-full lg:w-5\/12 px-16 mt-48 lg:mt-96\">\n<h3 class=\"has-text-align-left wp-block-unilux-blocks-heading\"        id=\"praktische-informationen\"\n    >\nPraktische Informationen<\/h3>\n\n\n\n<ul class=\"wp-block-unilux-blocks-quick-link-highlight quick-link-list\">\n<li class=\"wp-block-unilux-blocks-quick-link-highlight-item\">\n    <a\n                    href=\"https:\/\/www.uni.lu\/life-de\/umzug-nach-luxemburg\/aufenthaltsgenehmigung\/\"\n                    class=\"quick-link\"\n            target=\"\"\n    >\n            <span class=\"quick-link__container\">\n                <span class=\"quick-link__body\">\n                    <span class=\"quick-link__number\">\n                        Aufenthaltsgenehmigung                    <\/span>\n                    <span class=\"quick-link__title\">\n                                            <\/span>\n                    <span class=\"quick-link__action\">\n                        Einreichung der vorl\u00e4ufige Aufenthaltsgenehmigung (AST) und Verl\u00e4ngerung der Aufenthaltsgenehmigung                    <\/span>\n                <\/span>\n                <svg aria-hidden=\"true\" focusable=\"false\" class=\"icon icon-outline icon--arrow-right \"><use xlink:href=\"https:\/\/www.uni.lu\/wp-content\/themes\/unilux-theme\/assets\/images\/icons\/icons-outline.svg#icon--arrow-right\"><\/use><\/svg>            <\/span>\n    <\/a>\n<\/li>\n\n\n\n<li class=\"wp-block-unilux-blocks-quick-link-highlight-item\">\n    <a\n                    href=\"https:\/\/www.uni.lu\/life-de\/umzug-nach-luxemburg\/krankenversicherung\/\"\n                    class=\"quick-link\"\n            target=\"\"\n    >\n            <span class=\"quick-link__container\">\n                <span class=\"quick-link__body\">\n                    <span class=\"quick-link__number\">\n                        Krankenversicherung                    <\/span>\n                    <span class=\"quick-link__title\">\n                                            <\/span>\n                    <span class=\"quick-link__action\">\n                        Die Krankenversicherung muss mindestens die Dauer des Semesters abdecken, f\u00fcr das sie an der Universit\u00e4t eingeschrieben sind.                    <\/span>\n                <\/span>\n                <svg aria-hidden=\"true\" focusable=\"false\" class=\"icon icon-outline icon--arrow-right \"><use xlink:href=\"https:\/\/www.uni.lu\/wp-content\/themes\/unilux-theme\/assets\/images\/icons\/icons-outline.svg#icon--arrow-right\"><\/use><\/svg>            <\/span>\n    <\/a>\n<\/li>\n\n\n\n<li class=\"wp-block-unilux-blocks-quick-link-highlight-item\">\n    <a\n                    href=\"https:\/\/www.uni.lu\/life-de\/umzug-nach-luxemburg\/arbeiten-in-luxemburg\/\"\n                    class=\"quick-link\"\n            target=\"\"\n    >\n            <span class=\"quick-link__container\">\n                <span class=\"quick-link__body\">\n                    <span class=\"quick-link__number\">\n                        Studierende und Arbeit                    <\/span>\n                    <span class=\"quick-link__title\">\n                                            <\/span>\n                    <span class=\"quick-link__action\">\n                        Arbeiten w\u00e4hrend des Studiums und in den Schulferien                    <\/span>\n                <\/span>\n                <svg aria-hidden=\"true\" focusable=\"false\" class=\"icon icon-outline icon--arrow-right \"><use xlink:href=\"https:\/\/www.uni.lu\/wp-content\/themes\/unilux-theme\/assets\/images\/icons\/icons-outline.svg#icon--arrow-right\"><\/use><\/svg>            <\/span>\n    <\/a>\n<\/li>\n\n\n\n<li class=\"wp-block-unilux-blocks-quick-link-highlight-item\">\n    <a\n                    href=\"https:\/\/www.uni.lu\/en\/mobility\/incoming-exchange-students\/#incoming-exchange-programmes-and-scholarships\"\n                    class=\"quick-link\"\n            target=\"\"\n    >\n            <span class=\"quick-link__container\">\n                <span class=\"quick-link__body\">\n                    <span class=\"quick-link__number\">\n                        Austauschprogramme und Stipendien f\u00fcr Incomings                    <\/span>\n                    <span class=\"quick-link__title\">\n                                            <\/span>\n                    <span class=\"quick-link__action\">\n                        M\u00f6chten Sie ein oder zwei Semester an der Universit\u00e4t Luxemburg studieren? (Seite auf Englisch)                    <\/span>\n                <\/span>\n                <svg aria-hidden=\"true\" focusable=\"false\" class=\"icon icon-outline icon--arrow-right \"><use xlink:href=\"https:\/\/www.uni.lu\/wp-content\/themes\/unilux-theme\/assets\/images\/icons\/icons-outline.svg#icon--arrow-right\"><\/use><\/svg>            <\/span>\n    <\/a>\n<\/li>\n<\/ul>\n<\/div>\n<\/div>\n<\/div>\n<\/section>\n\n\n<section class=\"wp-block-unilux-blocks-free-section section\"><div class=\"container xl:max-w-screen-xl\">\n<ul class=\"wp-block-unilux-blocks-quick-link-highlight quick-link-list\">\n<li class=\"wp-block-unilux-blocks-quick-link-highlight-item\">\n    <a\n                    href=\"https:\/\/www.uni.lu\/de\/studieninteressierte\/\"\n                    class=\"quick-link\"\n            target=\"\"\n    >\n            <span class=\"quick-link__container\">\n                <span class=\"quick-link__body\">\n                    <span class=\"quick-link__number\">\n                                            <\/span>\n                    <span class=\"quick-link__title\">\n                        F\u00fcr Studieninteressierte und angehende Doktoranden                    <\/span>\n                    <span class=\"quick-link__action\">\n                        Eine Sammlung n\u00fctzlicher Links, Seiten und Artikel f\u00fcr angehende Bachelor- und Masterstudenten sowie f\u00fcr angehende Doktoranden.                    <\/span>\n                <\/span>\n                <svg aria-hidden=\"true\" focusable=\"false\" class=\"icon icon-outline icon--arrow-right \"><use xlink:href=\"https:\/\/www.uni.lu\/wp-content\/themes\/unilux-theme\/assets\/images\/icons\/icons-outline.svg#icon--arrow-right\"><\/use><\/svg>            <\/span>\n    <\/a>\n<\/li>\n<\/ul>\n<\/div><\/section>\n\n\n<section class=\"section section wp-block-unilux-blocks-quick-link-discover-section py-0\">\n    <div class=\"container xl:max-w-screen-xl\">\n        \n<h2 class=\"has-text-align-left wp-block-unilux-blocks-heading\"        id=\"weitere-informationen\"\n    >\nWeitere Informationen<\/h2>\n\n<ul class=\"wp-block-unilux-blocks-quick-link-discover quick-link-list\">\n<li class=\"wp-block-unilux-blocks-quick-link-discover-item\">\n    <a\n                    href=\"https:\/\/www.uni.lu\/life-de\/finanzielle-unterstuetzung\/lebenshaltungskosten\/\"\n                    class=\"quick-link\"\n            target=\"\"\n    >\n            <span class=\"quick-link__container\">\n                <span class=\"quick-link__text\">\n                    Lebenshaltungskosten                <\/span>\n                <svg aria-hidden=\"true\" focusable=\"false\" class=\"icon icon-outline icon--arrow-right \"><use xlink:href=\"https:\/\/www.uni.lu\/wp-content\/themes\/unilux-theme\/assets\/images\/icons\/icons-outline.svg#icon--arrow-right\"><\/use><\/svg>            <\/span>\n    <\/a>\n<\/li>\n\n\n\n<li class=\"wp-block-unilux-blocks-quick-link-discover-item\">\n    <a\n                    href=\"https:\/\/www.uni.lu\/life-de\/wohnen\/\"\n                    class=\"quick-link\"\n            target=\"\"\n    >\n            <span class=\"quick-link__container\">\n                <span class=\"quick-link__text\">\n                    Studentisches Wohnen                <\/span>\n                <svg aria-hidden=\"true\" focusable=\"false\" class=\"icon icon-outline icon--arrow-right \"><use xlink:href=\"https:\/\/www.uni.lu\/wp-content\/themes\/unilux-theme\/assets\/images\/icons\/icons-outline.svg#icon--arrow-right\"><\/use><\/svg>            <\/span>\n    <\/a>\n<\/li>\n\n\n\n<li class=\"wp-block-unilux-blocks-quick-link-discover-item\">\n    <a\n                    href=\"https:\/\/www.uni.lu\/life-de\/einrichtungen\/\"\n                    class=\"quick-link\"\n            target=\"\"\n    >\n            <span class=\"quick-link__container\">\n                <span class=\"quick-link__text\">\n                    Einrichtungen                <\/span>\n                <svg aria-hidden=\"true\" focusable=\"false\" class=\"icon icon-outline icon--arrow-right \"><use xlink:href=\"https:\/\/www.uni.lu\/wp-content\/themes\/unilux-theme\/assets\/images\/icons\/icons-outline.svg#icon--arrow-right\"><\/use><\/svg>            <\/span>\n    <\/a>\n<\/li>\n<\/ul>\n    <\/div>\n<\/section><\/div>","protected":false},"excerpt":{"rendered":"","protected":false},"author":44,"featured_media":0,"parent":346,"menu_order":0,"comment_status":"closed","ping_status":"closed","template":"","meta":{"featured_image_focal_point":[],"show_featured_caption":false,"ulux_newsletter_groups":"","uluxPostTitle":"Umzug nach Luxemburg","uluxPrePostTitle":"Weitere Informationen","_trash_the_other_posts":false,"_price":"","_stock":"","_tribe_ticket_header":"","_tribe_default_ticket_provider":"","_tribe_ticket_capacity":"0","_ticket_start_date":"","_ticket_end_date":"","_tribe_ticket_show_description":"","_tribe_ticket_show_not_going":false,"_tribe_ticket_use_global_stock":"","_tribe_ticket_global_stock_level":"","_global_stock_mode":"","_global_stock_cap":"","_tribe_rsvp_for_event":"","_tribe_ticket_going_count":"","_tribe_ticket_not_going_count":"","_tribe_tickets_list":"[]","_tribe_ticket_has_attendee_info_fields":false,"footnotes":""},"field-of-interest":[],"organisation":[],"authorship":[44,210,337],"acf":[],"yoast_head":"<!-- This site is optimized with the Yoast SEO Premium plugin v22.3 (Yoast SEO v22.3) - https:\/\/yoast.com\/wordpress\/plugins\/seo\/ -->\n<title>zum Studieren - Umzug nach Luxemburg I Uni.lu<\/title>\n<meta name=\"description\" content=\"Ein Studium an der Universit\u00e4t Luxemburg ist eine einmalige Erfahrung, die dich bereichern wird. Die Studieng\u00e4nge vermitteln modernstes Wissen in einem sehr internationalen, mehrsprachigen und interdisziplin\u00e4ren Umfeld. Kleine Klassen gew\u00e4hrleisten einen direkten Austausch zwischen Studierenden und Lehrkr\u00e4ften.\" \/>\n<meta name=\"robots\" content=\"index, follow, max-snippet:-1, max-image-preview:large, max-video-preview:-1\" \/>\n<link rel=\"canonical\" href=\"https:\/\/www.uni.lu\/life-de\/umzug-nach-luxemburg\/zum-studieren\/\" \/>\n<meta property=\"og:locale\" content=\"de_DE\" \/>\n<meta property=\"og:type\" content=\"article\" \/>\n<meta property=\"og:title\" content=\"zum Studieren\" \/>\n<meta property=\"og:description\" content=\"Ein Studium an der Universit\u00e4t Luxemburg ist eine einmalige Erfahrung, die dich bereichern wird. Die Studieng\u00e4nge vermitteln modernstes Wissen in einem sehr internationalen, mehrsprachigen und interdisziplin\u00e4ren Umfeld. Kleine Klassen gew\u00e4hrleisten einen direkten Austausch zwischen Studierenden und Lehrkr\u00e4ften.\" \/>\n<meta property=\"og:url\" content=\"https:\/\/www.uni.lu\/life-de\/umzug-nach-luxemburg\/zum-studieren\/\" \/>\n<meta property=\"og:site_name\" content=\"LIFE DE\" \/>\n<meta property=\"article:modified_time\" content=\"2025-10-20T14:42:34+00:00\" \/>\n<meta property=\"og:image\" content=\"https:\/\/www.uni.lu\/wp-content\/uploads\/sites\/30\/2026\/03\/03115231\/UNIV_SM-Profile_1600x1600px-scaled.jpg\" \/>\n\t<meta property=\"og:image:width\" content=\"2560\" \/>\n\t<meta property=\"og:image:height\" content=\"2560\" \/>\n\t<meta property=\"og:image:type\" content=\"image\/jpeg\" \/>\n<meta name=\"twitter:card\" content=\"summary_large_image\" \/>\n<meta name=\"twitter:label1\" content=\"Gesch\u00e4tzte Lesezeit\" \/>\n\t<meta name=\"twitter:data1\" content=\"1 Minute\" \/>\n<script type=\"application\/ld+json\" class=\"yoast-schema-graph\">{\"@context\":\"https:\/\/schema.org\",\"@graph\":[{\"@type\":\"WebPage\",\"@id\":\"https:\/\/www.uni.lu\/life-de\/umzug-nach-luxemburg\/zum-studieren\/\",\"url\":\"https:\/\/www.uni.lu\/life-de\/umzug-nach-luxemburg\/zum-studieren\/\",\"name\":\"zum Studieren - Umzug nach Luxemburg I Uni.lu\",\"isPartOf\":{\"@id\":\"https:\/\/www.uni.lu\/life-de\/#website\"},\"datePublished\":\"2025-03-19T10:12:30+00:00\",\"dateModified\":\"2025-10-20T14:42:34+00:00\",\"description\":\"Ein Studium an der Universit\u00e4t Luxemburg ist eine einmalige Erfahrung, die dich bereichern wird. Die Studieng\u00e4nge vermitteln modernstes Wissen in einem sehr internationalen, mehrsprachigen und interdisziplin\u00e4ren Umfeld. Kleine Klassen gew\u00e4hrleisten einen direkten Austausch zwischen Studierenden und Lehrkr\u00e4ften.\",\"breadcrumb\":{\"@id\":\"https:\/\/www.uni.lu\/life-de\/umzug-nach-luxemburg\/zum-studieren\/#breadcrumb\"},\"inLanguage\":\"de-DE\",\"potentialAction\":[{\"@type\":\"ReadAction\",\"target\":[\"https:\/\/www.uni.lu\/life-de\/umzug-nach-luxemburg\/zum-studieren\/\"]}]},{\"@type\":\"BreadcrumbList\",\"@id\":\"https:\/\/www.uni.lu\/life-de\/umzug-nach-luxemburg\/zum-studieren\/#breadcrumb\",\"itemListElement\":[{\"@type\":\"ListItem\",\"position\":1,\"name\":\"Home\",\"item\":\"https:\/\/www.uni.lu\/de\"},{\"@type\":\"ListItem\",\"position\":2,\"name\":\"Leben an der Universit\u00e4t\",\"item\":\"https:\/\/www.uni.lu\/life-de\/\"},{\"@type\":\"ListItem\",\"position\":3,\"name\":\"Umzug nach Luxemburg\",\"item\":\"https:\/\/www.uni.lu\/life-de\/umzug-nach-luxemburg\/\"},{\"@type\":\"ListItem\",\"position\":4,\"name\":\"zum Studieren\"}]},{\"@type\":\"WebSite\",\"@id\":\"https:\/\/www.uni.lu\/life-de\/#website\",\"url\":\"https:\/\/www.uni.lu\/life-de\/\",\"name\":\"Uni.lu\",\"description\":\"Leben an der Universit\u00e4t Luxemburg\",\"publisher\":{\"@id\":\"https:\/\/www.uni.lu\/life-de\/#organization\"},\"alternateName\":\"Universit\u00e4t Luxemburg I Uni.lu\",\"potentialAction\":[{\"@type\":\"SearchAction\",\"target\":{\"@type\":\"EntryPoint\",\"urlTemplate\":\"https:\/\/www.uni.lu\/life-de\/?s={search_term_string}\"},\"query-input\":\"required name=search_term_string\"}],\"inLanguage\":\"de-DE\"},{\"@type\":\"Organization\",\"@id\":\"https:\/\/www.uni.lu\/life-de\/#organization\",\"name\":\"Universit\u00e4t Luxemburg\",\"alternateName\":\"Uni.lu\",\"url\":\"https:\/\/www.uni.lu\/life-de\/\",\"logo\":{\"@type\":\"ImageObject\",\"inLanguage\":\"de-DE\",\"@id\":\"https:\/\/www.uni.lu\/life-de\/#\/schema\/logo\/image\/\",\"url\":\"https:\/\/www.uni.lu\/wp-content\/uploads\/sites\/30\/2026\/03\/03115231\/UNIV_SM-Profile_1600x1600px-scaled.jpg\",\"contentUrl\":\"https:\/\/www.uni.lu\/wp-content\/uploads\/sites\/30\/2026\/03\/03115231\/UNIV_SM-Profile_1600x1600px-scaled.jpg\",\"width\":2560,\"height\":2560,\"caption\":\"Universit\u00e4t Luxemburg\"},\"image\":{\"@id\":\"https:\/\/www.uni.lu\/life-de\/#\/schema\/logo\/image\/\"},\"description\":\"Leben an der Universit\u00e4t Luxemburg\"}]}<\/script>\n<!-- \/ Yoast SEO Premium plugin. -->","yoast_head_json":{"title":"zum Studieren - Umzug nach Luxemburg I Uni.lu","description":"Ein Studium an der Universit\u00e4t Luxemburg ist eine einmalige Erfahrung, die dich bereichern wird. Die Studieng\u00e4nge vermitteln modernstes Wissen in einem sehr internationalen, mehrsprachigen und interdisziplin\u00e4ren Umfeld. Kleine Klassen gew\u00e4hrleisten einen direkten Austausch zwischen Studierenden und Lehrkr\u00e4ften.","robots":{"index":"index","follow":"follow","max-snippet":"max-snippet:-1","max-image-preview":"max-image-preview:large","max-video-preview":"max-video-preview:-1"},"canonical":"https:\/\/www.uni.lu\/life-de\/umzug-nach-luxemburg\/zum-studieren\/","og_locale":"de_DE","og_type":"article","og_title":"zum Studieren","og_description":"Ein Studium an der Universit\u00e4t Luxemburg ist eine einmalige Erfahrung, die dich bereichern wird. Die Studieng\u00e4nge vermitteln modernstes Wissen in einem sehr internationalen, mehrsprachigen und interdisziplin\u00e4ren Umfeld. Kleine Klassen gew\u00e4hrleisten einen direkten Austausch zwischen Studierenden und Lehrkr\u00e4ften.","og_url":"https:\/\/www.uni.lu\/life-de\/umzug-nach-luxemburg\/zum-studieren\/","og_site_name":"LIFE DE","article_modified_time":"2025-10-20T14:42:34+00:00","og_image":[{"width":2560,"height":2560,"url":"https:\/\/www.uni.lu\/wp-content\/uploads\/sites\/30\/2026\/03\/03115231\/UNIV_SM-Profile_1600x1600px-scaled.jpg","type":"image\/jpeg"}],"twitter_card":"summary_large_image","twitter_misc":{"Gesch\u00e4tzte Lesezeit":"1 Minute"},"schema":{"@context":"https:\/\/schema.org","@graph":[{"@type":"WebPage","@id":"https:\/\/www.uni.lu\/life-de\/umzug-nach-luxemburg\/zum-studieren\/","url":"https:\/\/www.uni.lu\/life-de\/umzug-nach-luxemburg\/zum-studieren\/","name":"zum Studieren - Umzug nach Luxemburg I Uni.lu","isPartOf":{"@id":"https:\/\/www.uni.lu\/life-de\/#website"},"datePublished":"2025-03-19T10:12:30+00:00","dateModified":"2025-10-20T14:42:34+00:00","description":"Ein Studium an der Universit\u00e4t Luxemburg ist eine einmalige Erfahrung, die dich bereichern wird. Die Studieng\u00e4nge vermitteln modernstes Wissen in einem sehr internationalen, mehrsprachigen und interdisziplin\u00e4ren Umfeld. Kleine Klassen gew\u00e4hrleisten einen direkten Austausch zwischen Studierenden und Lehrkr\u00e4ften.","breadcrumb":{"@id":"https:\/\/www.uni.lu\/life-de\/umzug-nach-luxemburg\/zum-studieren\/#breadcrumb"},"inLanguage":"de-DE","potentialAction":[{"@type":"ReadAction","target":["https:\/\/www.uni.lu\/life-de\/umzug-nach-luxemburg\/zum-studieren\/"]}]},{"@type":"BreadcrumbList","@id":"https:\/\/www.uni.lu\/life-de\/umzug-nach-luxemburg\/zum-studieren\/#breadcrumb","itemListElement":[{"@type":"ListItem","position":1,"name":"Home","item":"https:\/\/www.uni.lu\/de"},{"@type":"ListItem","position":2,"name":"Leben an der Universit\u00e4t","item":"https:\/\/www.uni.lu\/life-de\/"},{"@type":"ListItem","position":3,"name":"Umzug nach Luxemburg","item":"https:\/\/www.uni.lu\/life-de\/umzug-nach-luxemburg\/"},{"@type":"ListItem","position":4,"name":"zum Studieren"}]},{"@type":"WebSite","@id":"https:\/\/www.uni.lu\/life-de\/#website","url":"https:\/\/www.uni.lu\/life-de\/","name":"Uni.lu","description":"Leben an der Universit\u00e4t Luxemburg","publisher":{"@id":"https:\/\/www.uni.lu\/life-de\/#organization"},"alternateName":"Universit\u00e4t Luxemburg I Uni.lu","potentialAction":[{"@type":"SearchAction","target":{"@type":"EntryPoint","urlTemplate":"https:\/\/www.uni.lu\/life-de\/?s={search_term_string}"},"query-input":"required name=search_term_string"}],"inLanguage":"de-DE"},{"@type":"Organization","@id":"https:\/\/www.uni.lu\/life-de\/#organization","name":"Universit\u00e4t Luxemburg","alternateName":"Uni.lu","url":"https:\/\/www.uni.lu\/life-de\/","logo":{"@type":"ImageObject","inLanguage":"de-DE","@id":"https:\/\/www.uni.lu\/life-de\/#\/schema\/logo\/image\/","url":"https:\/\/www.uni.lu\/wp-content\/uploads\/sites\/30\/2026\/03\/03115231\/UNIV_SM-Profile_1600x1600px-scaled.jpg","contentUrl":"https:\/\/www.uni.lu\/wp-content\/uploads\/sites\/30\/2026\/03\/03115231\/UNIV_SM-Profile_1600x1600px-scaled.jpg","width":2560,"height":2560,"caption":"Universit\u00e4t Luxemburg"},"image":{"@id":"https:\/\/www.uni.lu\/life-de\/#\/schema\/logo\/image\/"},"description":"Leben an der Universit\u00e4t Luxemburg"}]}},"ticketed":false,"_links":{"self":[{"href":"https:\/\/www.uni.lu\/life-de\/wp-json\/wp\/v2\/pages\/1429"}],"collection":[{"href":"https:\/\/www.uni.lu\/life-de\/wp-json\/wp\/v2\/pages"}],"about":[{"href":"https:\/\/www.uni.lu\/life-de\/wp-json\/wp\/v2\/types\/page"}],"author":[{"embeddable":true,"href":"https:\/\/www.uni.lu\/life-de\/wp-json\/wp\/v2\/users\/44"}],"replies":[{"embeddable":true,"href":"https:\/\/www.uni.lu\/life-de\/wp-json\/wp\/v2\/comments?post=1429"}],"version-history":[{"count":5,"href":"https:\/\/www.uni.lu\/life-de\/wp-json\/wp\/v2\/pages\/1429\/revisions"}],"predecessor-version":[{"id":1899,"href":"https:\/\/www.uni.lu\/life-de\/wp-json\/wp\/v2\/pages\/1429\/revisions\/1899"}],"up":[{"embeddable":true,"href":"https:\/\/www.uni.lu\/life-de\/wp-json\/wp\/v2\/pages\/346"}],"wp:authorship":[{"embeddable":true,"href":"https:\/\/www.uni.lu\/life-de\/wp-json\/wp\/v2\/users\/44"},{"embeddable":true,"href":"https:\/\/www.uni.lu\/life-de\/wp-json\/wp\/v2\/users\/210"},{"embeddable":true,"href":"https:\/\/www.uni.lu\/life-de\/wp-json\/wp\/v2\/users\/337"}],"wp:attachment":[{"href":"https:\/\/www.uni.lu\/life-de\/wp-json\/wp\/v2\/media?parent=1429"}],"wp:term":[{"taxonomy":"field-of-interest","embeddable":true,"href":"https:\/\/www.uni.lu\/life-de\/wp-json\/wp\/v2\/field-of-interest?post=1429"},{"taxonomy":"organisation","embeddable":true,"href":"https:\/\/www.uni.lu\/life-de\/wp-json\/wp\/v2\/organisation?post=1429"}],"curies":[{"name":"wp","href":"https:\/\/api.w.org\/{rel}","templated":true}]}}