{"id":1227,"date":"2024-11-11T12:03:57","date_gmt":"2024-11-11T11:03:57","guid":{"rendered":"https:\/\/www.uni.lu\/life-de\/?page_id=1227"},"modified":"2025-11-04T15:00:20","modified_gmt":"2025-11-04T14:00:20","slug":"gleichstellung-vielfalt-und-inklusion","status":"publish","type":"page","link":"https:\/\/www.uni.lu\/life-de\/gleichstellung-vielfalt-und-inklusion\/","title":{"rendered":"Gleichstellung, Vielfalt und Inklusion"},"content":{"rendered":"\n<section class=\"section no-padding-y wp-block-unilux-blocks-hero\">\n    <div class=\"hero hero--2  \">\n        \n<header class=\"wp-block-unilux-blocks-wrapper hero__header\">\n<div class=\"wp-block-unilux-blocks-wrapper hero__container\">\n<span class=\"hero__title__subject wp-block-unilux-blocks-plain-text\"><\/span>\n\n\n<h1 class=\"has-text-align-left wp-block-unilux-blocks-heading\"        id=\"gleichstellung-vielfalt-und-inklusion\"\n    >\nGleichstellung, Vielfalt und Inklusion<\/h1>\n<\/div>\n<\/header>\n<figure class=\"wp-block-dev4-reusable-blocks-image hero__visual object-fit--cover\">\n    \n<img decoding=\"async\" class=\"wp-block-image unilux-custom-image-block\"\n                alt=\"Colourful drawings of heads in profile\"\n            src=\"https:\/\/www.uni.lu\/wp-content\/uploads\/sites\/29\/2024\/09\/equality-diversity-inclusion-c_AdobeStock_494425459_credit_stafeeva.png\"\n                    style=\"object-position: 50.00% 50.00%; font-family: &quot;object-fit: cover; object-position: 50.00% 50.00%;&quot;; aspect-ratio: 16\/9; object-fit: cover; width: 100%;\"\n        loading=\"lazy\"\n\/>    <\/figure>\n<div class=\"wp-block-unilux-blocks-wrapper hero__body\">\n<div class=\"wp-block-unilux-blocks-wrapper hero__container\">\n<p class=\"wp-block-unilux-blocks-plain-text\">Einer der zentralen Werte der Universit\u00e4t Luxemburg ist die F\u00f6rderung von Gleichheit, Inklusivit\u00e4t und Fairness. Diese Verpflichtung wird von mehreren Teams und Initiativen aufrechterhalten, die sich mit Gleichstellung, Vielfalt und Inklusion befassen.<\/p>\n\n\n<ul class=\"wp-block-unilux-blocks-custom-buttons btn-list\">\n\n<\/ul>\n<\/div>\n<\/div>\n    <\/div>\n<\/section>\n\n\n<section class=\"wp-block-unilux-blocks-free-section section\"><div class=\"container xl:max-w-screen-xl\"><ul class=\"flex flex-wrap mt-24 -mx-16  wp-block-unilux-blocks-free-content-card\">\n    <li class=\"w-full sm:w-1\/2 lg:w-1\/3 px-16  wp-block-unilux-blocks-free-content-card-item\">\n    <div class=\"ulux-card card-facilities bg-theme\">\n        <div class=\"ulux-card__container card__container\">\n                        <div class=\"ulux-card__visual wp-block-unilux-blocks-free-content-card-item-visual\">\n    \n<div class=\"wp-block-unilux-blocks-image-video-wrapper\">\n    <\/div><\/div><div class=\"ulux-card__body wp-block-unilux-blocks-free-content-card-item-body\">\n    \n<h3 class=\"ulux-card__title has-text-align-left wp-block-unilux-blocks-heading\"        id=\"gleichstellungsbuero\"\n    >\nGleichstellungsb\u00fcro<\/h3>\n<div class=\"ulux-card__description wp-block-unilux-blocks-free-content-card-item-free-content-area\">\n    \n<p>wird von der Gleichstellungsbeauftragten der Universit\u00e4t geleitet, die auch den Vorsitz des Gleichstellungsausschusses innehat. Das B\u00fcro ist f\u00fcr die Umsetzung der in der Gleichstellungspolitik (Gender Equality Policy) beschriebenen Ma\u00dfnahmen verantwortlich und koordiniert verschiedene Projekte zur F\u00f6rderung von Chancengleichheit und Gleichstellung in den drei Kernaufgaben der Universit\u00e4t: Forschung, Hochschulbildung und Beitrag zur sozialen, kulturellen und wirtschaftlichen Entwicklung Luxemburgs.<\/p>\n\n<p>Das B\u00fcro f\u00fcr Gleichstellung engagiert sich zudem aktiv f\u00fcr die Unterst\u00fctzung von Initiativen im Bereich der Diversit\u00e4t und Chancengleichheit, einschlie\u00dflich der Rechte und des Wohlergehens von Menschen, die Minderheitengruppen angeh\u00f6ren und\/oder sich als Teil der LGBTQIA+ Community identifizieren.<\/p>\n<\/div><div class=\"wp-block-unilux-blocks-simple-cta\">\n    <a\n        href=\"https:\/\/www.uni.lu\/en\/about\/gender-equality\/\"\n        title=\"Learn more\"\n        class=\"link-text link-text--icon ulux-card__link link-text link-absolute\"\n        target=\"\"\n    >\n        <span class=\"link-text__body\">\n            <span class=\"link-text__name\">Mehr erfahren (EN)<\/span>\n        <\/span>\n        <svg aria-hidden=\"true\" focusable=\"false\" class=\"icon icon-outline icon--arrow-right \"><use xlink:href=\"https:\/\/www.uni.lu\/wp-content\/themes\/unilux-theme\/assets\/images\/icons\/icons-outline.svg#icon--arrow-right\"><\/use><\/svg>    <\/a>\n<\/div>\n<\/div>        <\/div>\n    <\/div>\n<\/li><li class=\"w-full sm:w-1\/2 lg:w-1\/3 px-16  wp-block-unilux-blocks-free-content-card-item\">\n    <div class=\"ulux-card card-facilities bg-theme\">\n        <div class=\"ulux-card__container card__container\">\n                        <div class=\"ulux-card__visual wp-block-unilux-blocks-free-content-card-item-visual\">\n    \n<div class=\"wp-block-unilux-blocks-image-video-wrapper\">\n    <\/div><\/div><div class=\"ulux-card__body wp-block-unilux-blocks-free-content-card-item-body\">\n    \n<h3 class=\"ulux-card__title has-text-align-left wp-block-unilux-blocks-heading\"        id=\"inklusionsbuero\"\n    >\nInklusionsb\u00fcro<\/h3>\n<div class=\"ulux-card__description wp-block-unilux-blocks-free-content-card-item-free-content-area\">\n    \n<p>widmet sich der F\u00f6rderung eines vielf\u00e4ltigen, gerechten und integrativen Umfelds f\u00fcr alle Studierenden. Wir bieten ma\u00dfgeschneiderte Unterst\u00fctzung, um sicherzustellen, dass jeder Einzelne, unabh\u00e4ngig von seinen pers\u00f6nlichen Umst\u00e4nden, Zugang zu den Ressourcen hat, die er f\u00fcr seinen Erfolg ben\u00f6tigt. Zu unseren Dienstleistungen geh\u00f6ren die Beratung bei der Eingew\u00f6hnung an der Universit\u00e4t, die Unterst\u00fctzung von Studierenden, die Beratung in Fragen der Integration und die F\u00f6rderung einer einladenden Campus-Kultur. Wir arbeiten eng mit Studierenden, Mitarbeitern und Lehrkr\u00e4ften zusammen, um Barrieren zu beseitigen, Diskriminierung zu bek\u00e4mpfen und f\u00fcr eine integrative Gemeinschaft einzutreten, in der sich jeder wertgesch\u00e4tzt f\u00fchlt und sein Potenzial voll aussch\u00f6pfen kann.<\/p>\n<\/div><div class=\"wp-block-unilux-blocks-simple-cta\">\n    <a\n        href=\"https:\/\/www.uni.lu\/life-de\/inklusion-wohlbefinden\/\"\n        title=\"Learn more\"\n        class=\"link-text link-text--icon ulux-card__link link-text link-absolute\"\n        target=\"\"\n    >\n        <span class=\"link-text__body\">\n            <span class=\"link-text__name\">Mehr erfahren<\/span>\n        <\/span>\n        <svg aria-hidden=\"true\" focusable=\"false\" class=\"icon icon-outline icon--arrow-right \"><use xlink:href=\"https:\/\/www.uni.lu\/wp-content\/themes\/unilux-theme\/assets\/images\/icons\/icons-outline.svg#icon--arrow-right\"><\/use><\/svg>    <\/a>\n<\/div>\n<\/div>        <\/div>\n    <\/div>\n<\/li><li class=\"w-full sm:w-1\/2 lg:w-1\/3 px-16  wp-block-unilux-blocks-free-content-card-item\">\n    <div class=\"ulux-card card-facilities bg-theme\">\n        <div class=\"ulux-card__container card__container\">\n                        <div class=\"ulux-card__visual wp-block-unilux-blocks-free-content-card-item-visual\">\n    \n<div class=\"wp-block-unilux-blocks-image-video-wrapper\">\n    <\/div><\/div><div class=\"ulux-card__body wp-block-unilux-blocks-free-content-card-item-body\">\n    \n<h3 class=\"ulux-card__title has-text-align-left wp-block-unilux-blocks-heading\"        id=\"ausschuss-fuer-angemessene-vorkehrungen\"\n    >\n<strong>Ausschuss f\u00fcr angemessene Vorkehrungen<\/strong><\/h3>\n<div class=\"ulux-card__description wp-block-unilux-blocks-free-content-card-item-free-content-area\">\n    \n<p>Der Ausschuss f\u00fcr angemessene Vorkehrungen setzt sich daf\u00fcr ein, dass alle Studierenden einen gerechten Zugang zu Bildungs-, Sozial- und Universit\u00e4tsdiensten haben. Er pr\u00fcft und genehmigt Antr\u00e4ge auf Vorkehrungen, um sicherzustellen, dass Studierende mit Behinderungen, Beeintr\u00e4chtigungen, Erkrankungen oder besonderen Bildungsbed\u00fcrfnissen die n\u00f6tige Unterst\u00fctzung erhalten, um uneingeschr\u00e4nkt an den Aktivit\u00e4ten der Universit\u00e4t teilnehmen zu k\u00f6nnen. Der Ausschuss f\u00f6rdert einen barrierefreien Campus und ein inklusives Umfeld f\u00fcr alle.<\/p>\n<\/div><div class=\"wp-block-unilux-blocks-simple-cta\">\n    <a\n        href=\"https:\/\/www.uni.lu\/en\/about\/governance\/committee-for-reasonable-adjustments\/\"\n        title=\"Learn more\"\n        class=\"link-text link-text--icon ulux-card__link link-text link-absolute\"\n        target=\"\"\n    >\n        <span class=\"link-text__body\">\n            <span class=\"link-text__name\">Mehr erfahren (EN)<\/span>\n        <\/span>\n        <svg aria-hidden=\"true\" focusable=\"false\" class=\"icon icon-outline icon--arrow-right \"><use xlink:href=\"https:\/\/www.uni.lu\/wp-content\/themes\/unilux-theme\/assets\/images\/icons\/icons-outline.svg#icon--arrow-right\"><\/use><\/svg>    <\/a>\n<\/div>\n<\/div>        <\/div>\n    <\/div>\n<\/li><\/ul>\n\n\n<ul class=\"wp-block-unilux-blocks-quick-link-highlight quick-link-list\">\n<li class=\"wp-block-unilux-blocks-quick-link-highlight-item\">\n    <a\n                    href=\"https:\/\/www.uni.lu\/life-de\/inklusion-wohlbefinden\/wuerde-und-respekt\/\"\n                    class=\"quick-link\"\n            target=\"\"\n    >\n            <span class=\"quick-link__container\">\n                <span class=\"quick-link__body\">\n                    <span class=\"quick-link__number\">\n                                            <\/span>\n                    <span class=\"quick-link__title\">\n                        F\u00f6rderung von W\u00fcrde und Respekt auf dem Campus und Zugang zu Unterst\u00fctzung                    <\/span>\n                    <span class=\"quick-link__action\">\n                                            <\/span>\n                <\/span>\n                <svg aria-hidden=\"true\" focusable=\"false\" class=\"icon icon-outline icon--arrow-right \"><use xlink:href=\"https:\/\/www.uni.lu\/wp-content\/themes\/unilux-theme\/assets\/images\/icons\/icons-outline.svg#icon--arrow-right\"><\/use><\/svg>            <\/span>\n    <\/a>\n<\/li>\n<\/ul>\n<\/div><\/section>\n\n\n<section class=\"section section wp-block-unilux-blocks-quick-link-discover-section\">\n    <div class=\"container xl:max-w-screen-xl\">\n        \n<h2 class=\"has-text-align-left wp-block-unilux-blocks-heading\"        id=\"mehr-erfahren\"\n    >\nMehr erfahren<\/h2>\n\n<ul class=\"wp-block-unilux-blocks-quick-link-discover quick-link-list\">\n<li class=\"wp-block-unilux-blocks-quick-link-discover-item\">\n    <a\n                    href=\"https:\/\/www.uni.lu\/de\/ueber-uns\/profil\/mission-strategie-werte\/\"\n                    class=\"quick-link\"\n            target=\"\"\n    >\n            <span class=\"quick-link__container\">\n                <span class=\"quick-link__text\">\n                    Unsere Mission, Strategie  und Werte                <\/span>\n                <svg aria-hidden=\"true\" focusable=\"false\" class=\"icon icon-outline icon--arrow-right \"><use xlink:href=\"https:\/\/www.uni.lu\/wp-content\/themes\/unilux-theme\/assets\/images\/icons\/icons-outline.svg#icon--arrow-right\"><\/use><\/svg>            <\/span>\n    <\/a>\n<\/li>\n<\/ul>\n    <\/div>\n<\/section>","protected":false},"excerpt":{"rendered":"","protected":false},"author":42,"featured_media":0,"parent":0,"menu_order":0,"comment_status":"closed","ping_status":"closed","template":"","meta":{"featured_image_focal_point":[],"show_featured_caption":false,"ulux_newsletter_groups":"","uluxPostTitle":"","uluxPrePostTitle":"Leben","_trash_the_other_posts":false,"_price":"","_stock":"","_tribe_ticket_header":"","_tribe_default_ticket_provider":"","_tribe_ticket_capacity":"0","_ticket_start_date":"","_ticket_end_date":"","_tribe_ticket_show_description":"","_tribe_ticket_show_not_going":false,"_tribe_ticket_use_global_stock":"","_tribe_ticket_global_stock_level":"","_global_stock_mode":"","_global_stock_cap":"","_tribe_rsvp_for_event":"","_tribe_ticket_going_count":"","_tribe_ticket_not_going_count":"","_tribe_tickets_list":"[]","_tribe_ticket_has_attendee_info_fields":false,"footnotes":""},"field-of-interest":[],"organisation":[],"authorship":[42],"acf":[],"yoast_head":"<!-- This site is optimized with the Yoast SEO Premium plugin v22.3 (Yoast SEO v22.3) - https:\/\/yoast.com\/wordpress\/plugins\/seo\/ -->\n<title>Gleichstellung, Vielfalt und Inklusion - Universit\u00e4t Luxemburg I Uni.lu<\/title>\n<meta name=\"description\" content=\"Einer der zentralen Werte der Universit\u00e4t Luxemburg ist die F\u00f6rderung von Gleichheit, Inklusivit\u00e4t und Fairness. Diese Verpflichtung wird von mehreren Teams und Initiativen aufrechterhalten, die sich mit Gleichstellung, Vielfalt und Inklusion befassen.\" \/>\n<meta name=\"robots\" content=\"index, follow, max-snippet:-1, max-image-preview:large, max-video-preview:-1\" \/>\n<link rel=\"canonical\" href=\"https:\/\/www.uni.lu\/life-de\/gleichstellung-vielfalt-und-inklusion\/\" \/>\n<meta property=\"og:locale\" content=\"de_DE\" \/>\n<meta property=\"og:type\" content=\"article\" \/>\n<meta property=\"og:title\" content=\"Gleichstellung, Vielfalt und Inklusion\" \/>\n<meta property=\"og:description\" content=\"Einer der zentralen Werte der Universit\u00e4t Luxemburg ist die F\u00f6rderung von Gleichheit, Inklusivit\u00e4t und Fairness. Diese Verpflichtung wird von mehreren Teams und Initiativen aufrechterhalten, die sich mit Gleichstellung, Vielfalt und Inklusion befassen.\" \/>\n<meta property=\"og:url\" content=\"https:\/\/www.uni.lu\/life-de\/gleichstellung-vielfalt-und-inklusion\/\" \/>\n<meta property=\"og:site_name\" content=\"LIFE DE\" \/>\n<meta property=\"article:modified_time\" content=\"2025-11-04T14:00:20+00:00\" \/>\n<meta property=\"og:image\" content=\"https:\/\/www.uni.lu\/wp-content\/uploads\/sites\/30\/2026\/03\/03115231\/UNIV_SM-Profile_1600x1600px-scaled.jpg\" \/>\n\t<meta property=\"og:image:width\" content=\"2560\" \/>\n\t<meta property=\"og:image:height\" content=\"2560\" \/>\n\t<meta property=\"og:image:type\" content=\"image\/jpeg\" \/>\n<meta name=\"twitter:card\" content=\"summary_large_image\" \/>\n<meta name=\"twitter:label1\" content=\"Gesch\u00e4tzte Lesezeit\" \/>\n\t<meta name=\"twitter:data1\" content=\"2 Minuten\" \/>\n<script type=\"application\/ld+json\" class=\"yoast-schema-graph\">{\"@context\":\"https:\/\/schema.org\",\"@graph\":[{\"@type\":\"WebPage\",\"@id\":\"https:\/\/www.uni.lu\/life-de\/gleichstellung-vielfalt-und-inklusion\/\",\"url\":\"https:\/\/www.uni.lu\/life-de\/gleichstellung-vielfalt-und-inklusion\/\",\"name\":\"Gleichstellung, Vielfalt und Inklusion - Universit\u00e4t Luxemburg I Uni.lu\",\"isPartOf\":{\"@id\":\"https:\/\/www.uni.lu\/life-de\/#website\"},\"datePublished\":\"2024-11-11T11:03:57+00:00\",\"dateModified\":\"2025-11-04T14:00:20+00:00\",\"description\":\"Einer der zentralen Werte der Universit\u00e4t Luxemburg ist die F\u00f6rderung von Gleichheit, Inklusivit\u00e4t und Fairness. Diese Verpflichtung wird von mehreren Teams und Initiativen aufrechterhalten, die sich mit Gleichstellung, Vielfalt und Inklusion befassen.\",\"breadcrumb\":{\"@id\":\"https:\/\/www.uni.lu\/life-de\/gleichstellung-vielfalt-und-inklusion\/#breadcrumb\"},\"inLanguage\":\"de-DE\",\"potentialAction\":[{\"@type\":\"ReadAction\",\"target\":[\"https:\/\/www.uni.lu\/life-de\/gleichstellung-vielfalt-und-inklusion\/\"]}]},{\"@type\":\"BreadcrumbList\",\"@id\":\"https:\/\/www.uni.lu\/life-de\/gleichstellung-vielfalt-und-inklusion\/#breadcrumb\",\"itemListElement\":[{\"@type\":\"ListItem\",\"position\":1,\"name\":\"Home\",\"item\":\"https:\/\/www.uni.lu\/de\"},{\"@type\":\"ListItem\",\"position\":2,\"name\":\"Leben an der Universit\u00e4t\",\"item\":\"https:\/\/www.uni.lu\/life-de\/\"},{\"@type\":\"ListItem\",\"position\":3,\"name\":\"Gleichstellung, Vielfalt und Inklusion\"}]},{\"@type\":\"WebSite\",\"@id\":\"https:\/\/www.uni.lu\/life-de\/#website\",\"url\":\"https:\/\/www.uni.lu\/life-de\/\",\"name\":\"Uni.lu\",\"description\":\"Leben an der Universit\u00e4t Luxemburg\",\"publisher\":{\"@id\":\"https:\/\/www.uni.lu\/life-de\/#organization\"},\"alternateName\":\"Universit\u00e4t Luxemburg I Uni.lu\",\"potentialAction\":[{\"@type\":\"SearchAction\",\"target\":{\"@type\":\"EntryPoint\",\"urlTemplate\":\"https:\/\/www.uni.lu\/life-de\/?s={search_term_string}\"},\"query-input\":\"required name=search_term_string\"}],\"inLanguage\":\"de-DE\"},{\"@type\":\"Organization\",\"@id\":\"https:\/\/www.uni.lu\/life-de\/#organization\",\"name\":\"Universit\u00e4t Luxemburg\",\"alternateName\":\"Uni.lu\",\"url\":\"https:\/\/www.uni.lu\/life-de\/\",\"logo\":{\"@type\":\"ImageObject\",\"inLanguage\":\"de-DE\",\"@id\":\"https:\/\/www.uni.lu\/life-de\/#\/schema\/logo\/image\/\",\"url\":\"https:\/\/www.uni.lu\/wp-content\/uploads\/sites\/30\/2026\/03\/03115231\/UNIV_SM-Profile_1600x1600px-scaled.jpg\",\"contentUrl\":\"https:\/\/www.uni.lu\/wp-content\/uploads\/sites\/30\/2026\/03\/03115231\/UNIV_SM-Profile_1600x1600px-scaled.jpg\",\"width\":2560,\"height\":2560,\"caption\":\"Universit\u00e4t Luxemburg\"},\"image\":{\"@id\":\"https:\/\/www.uni.lu\/life-de\/#\/schema\/logo\/image\/\"}}]}<\/script>\n<!-- \/ Yoast SEO Premium plugin. -->","yoast_head_json":{"title":"Gleichstellung, Vielfalt und Inklusion - Universit\u00e4t Luxemburg I Uni.lu","description":"Einer der zentralen Werte der Universit\u00e4t Luxemburg ist die F\u00f6rderung von Gleichheit, Inklusivit\u00e4t und Fairness. Diese Verpflichtung wird von mehreren Teams und Initiativen aufrechterhalten, die sich mit Gleichstellung, Vielfalt und Inklusion befassen.","robots":{"index":"index","follow":"follow","max-snippet":"max-snippet:-1","max-image-preview":"max-image-preview:large","max-video-preview":"max-video-preview:-1"},"canonical":"https:\/\/www.uni.lu\/life-de\/gleichstellung-vielfalt-und-inklusion\/","og_locale":"de_DE","og_type":"article","og_title":"Gleichstellung, Vielfalt und Inklusion","og_description":"Einer der zentralen Werte der Universit\u00e4t Luxemburg ist die F\u00f6rderung von Gleichheit, Inklusivit\u00e4t und Fairness. Diese Verpflichtung wird von mehreren Teams und Initiativen aufrechterhalten, die sich mit Gleichstellung, Vielfalt und Inklusion befassen.","og_url":"https:\/\/www.uni.lu\/life-de\/gleichstellung-vielfalt-und-inklusion\/","og_site_name":"LIFE DE","article_modified_time":"2025-11-04T14:00:20+00:00","og_image":[{"width":2560,"height":2560,"url":"https:\/\/www.uni.lu\/wp-content\/uploads\/sites\/30\/2026\/03\/03115231\/UNIV_SM-Profile_1600x1600px-scaled.jpg","type":"image\/jpeg"}],"twitter_card":"summary_large_image","twitter_misc":{"Gesch\u00e4tzte Lesezeit":"2 Minuten"},"schema":{"@context":"https:\/\/schema.org","@graph":[{"@type":"WebPage","@id":"https:\/\/www.uni.lu\/life-de\/gleichstellung-vielfalt-und-inklusion\/","url":"https:\/\/www.uni.lu\/life-de\/gleichstellung-vielfalt-und-inklusion\/","name":"Gleichstellung, Vielfalt und Inklusion - Universit\u00e4t Luxemburg I Uni.lu","isPartOf":{"@id":"https:\/\/www.uni.lu\/life-de\/#website"},"datePublished":"2024-11-11T11:03:57+00:00","dateModified":"2025-11-04T14:00:20+00:00","description":"Einer der zentralen Werte der Universit\u00e4t Luxemburg ist die F\u00f6rderung von Gleichheit, Inklusivit\u00e4t und Fairness. Diese Verpflichtung wird von mehreren Teams und Initiativen aufrechterhalten, die sich mit Gleichstellung, Vielfalt und Inklusion befassen.","breadcrumb":{"@id":"https:\/\/www.uni.lu\/life-de\/gleichstellung-vielfalt-und-inklusion\/#breadcrumb"},"inLanguage":"de-DE","potentialAction":[{"@type":"ReadAction","target":["https:\/\/www.uni.lu\/life-de\/gleichstellung-vielfalt-und-inklusion\/"]}]},{"@type":"BreadcrumbList","@id":"https:\/\/www.uni.lu\/life-de\/gleichstellung-vielfalt-und-inklusion\/#breadcrumb","itemListElement":[{"@type":"ListItem","position":1,"name":"Home","item":"https:\/\/www.uni.lu\/de"},{"@type":"ListItem","position":2,"name":"Leben an der Universit\u00e4t","item":"https:\/\/www.uni.lu\/life-de\/"},{"@type":"ListItem","position":3,"name":"Gleichstellung, Vielfalt und Inklusion"}]},{"@type":"WebSite","@id":"https:\/\/www.uni.lu\/life-de\/#website","url":"https:\/\/www.uni.lu\/life-de\/","name":"Uni.lu","description":"Leben an der Universit\u00e4t Luxemburg","publisher":{"@id":"https:\/\/www.uni.lu\/life-de\/#organization"},"alternateName":"Universit\u00e4t Luxemburg I Uni.lu","potentialAction":[{"@type":"SearchAction","target":{"@type":"EntryPoint","urlTemplate":"https:\/\/www.uni.lu\/life-de\/?s={search_term_string}"},"query-input":"required name=search_term_string"}],"inLanguage":"de-DE"},{"@type":"Organization","@id":"https:\/\/www.uni.lu\/life-de\/#organization","name":"Universit\u00e4t Luxemburg","alternateName":"Uni.lu","url":"https:\/\/www.uni.lu\/life-de\/","logo":{"@type":"ImageObject","inLanguage":"de-DE","@id":"https:\/\/www.uni.lu\/life-de\/#\/schema\/logo\/image\/","url":"https:\/\/www.uni.lu\/wp-content\/uploads\/sites\/30\/2026\/03\/03115231\/UNIV_SM-Profile_1600x1600px-scaled.jpg","contentUrl":"https:\/\/www.uni.lu\/wp-content\/uploads\/sites\/30\/2026\/03\/03115231\/UNIV_SM-Profile_1600x1600px-scaled.jpg","width":2560,"height":2560,"caption":"Universit\u00e4t Luxemburg"},"image":{"@id":"https:\/\/www.uni.lu\/life-de\/#\/schema\/logo\/image\/"}}]}},"ticketed":false,"_links":{"self":[{"href":"https:\/\/www.uni.lu\/life-de\/wp-json\/wp\/v2\/pages\/1227"}],"collection":[{"href":"https:\/\/www.uni.lu\/life-de\/wp-json\/wp\/v2\/pages"}],"about":[{"href":"https:\/\/www.uni.lu\/life-de\/wp-json\/wp\/v2\/types\/page"}],"author":[{"embeddable":true,"href":"https:\/\/www.uni.lu\/life-de\/wp-json\/wp\/v2\/users\/42"}],"replies":[{"embeddable":true,"href":"https:\/\/www.uni.lu\/life-de\/wp-json\/wp\/v2\/comments?post=1227"}],"version-history":[{"count":5,"href":"https:\/\/www.uni.lu\/life-de\/wp-json\/wp\/v2\/pages\/1227\/revisions"}],"predecessor-version":[{"id":1933,"href":"https:\/\/www.uni.lu\/life-de\/wp-json\/wp\/v2\/pages\/1227\/revisions\/1933"}],"wp:authorship":[{"embeddable":true,"href":"https:\/\/www.uni.lu\/life-de\/wp-json\/wp\/v2\/users\/42"}],"wp:attachment":[{"href":"https:\/\/www.uni.lu\/life-de\/wp-json\/wp\/v2\/media?parent=1227"}],"wp:term":[{"taxonomy":"field-of-interest","embeddable":true,"href":"https:\/\/www.uni.lu\/life-de\/wp-json\/wp\/v2\/field-of-interest?post=1227"},{"taxonomy":"organisation","embeddable":true,"href":"https:\/\/www.uni.lu\/life-de\/wp-json\/wp\/v2\/organisation?post=1227"}],"curies":[{"name":"wp","href":"https:\/\/api.w.org\/{rel}","templated":true}]}}