{"id":5,"date":"2025-07-14T08:57:06","date_gmt":"2025-07-14T07:57:06","guid":{"rendered":"https:\/\/www.uni.lu\/lcses-de\/?page_id=5"},"modified":"2026-03-03T10:39:01","modified_gmt":"2026-03-03T10:39:01","slug":"lcses","status":"publish","type":"page","link":"https:\/\/www.uni.lu\/lcses-de\/","title":{"rendered":"Luxembourg Centre for Socio-Environmental Systems (LCSES)"},"content":{"rendered":"\n<section class=\"section no-padding-y wp-block-unilux-blocks-hero\">\n    <div class=\"hero hero--2  \">\n        \n<header class=\"wp-block-unilux-blocks-wrapper hero__header\">\n<div class=\"wp-block-unilux-blocks-wrapper hero__container\">\n<span class=\"hero__title__subject wp-block-unilux-blocks-plain-text\">LCSES<\/span>\n\n\n<h1 class=\"has-text-align-left wp-block-unilux-blocks-heading\"        id=\"innovation-fuer-die-zukunft-unseres-planeten\"\n    >\n<strong>Innovation <\/strong>f\u00fcr die Zukunft unseres Planeten<\/h1>\n<\/div>\n<\/header>\n<figure class=\"wp-block-dev4-reusable-blocks-image hero__visual object-fit--cover\">\n    \n<img decoding=\"async\" class=\"wp-block-image unilux-custom-image-block\"\n                alt=\"\"\n            src=\"https:\/\/www.uni.lu\/wp-content\/uploads\/sites\/36\/2025\/07\/14110421\/AdobeStock_443513594_forest-globe_white-scaled-1.jpg\"\n                srcset=\"https:\/\/www.uni.lu\/wp-content\/uploads\/sites\/36\/2025\/07\/14110421\/AdobeStock_443513594_forest-globe_white-scaled-1-300x200.jpg 300w, https:\/\/www.uni.lu\/wp-content\/uploads\/sites\/36\/2025\/07\/14110421\/AdobeStock_443513594_forest-globe_white-scaled-1-1024x683.jpg 1024w, https:\/\/www.uni.lu\/wp-content\/uploads\/sites\/36\/2025\/07\/14110421\/AdobeStock_443513594_forest-globe_white-scaled-1-768x512.jpg 768w, https:\/\/www.uni.lu\/wp-content\/uploads\/sites\/36\/2025\/07\/14110421\/AdobeStock_443513594_forest-globe_white-scaled-1-1536x1024.jpg 1536w, https:\/\/www.uni.lu\/wp-content\/uploads\/sites\/36\/2025\/07\/14110421\/AdobeStock_443513594_forest-globe_white-scaled-1-2048x1366.jpg 2048w\"\n                style=\"object-position: 50.00% 50.00%; font-family: &quot;object-fit: cover; object-position: 50.00% 50.00%;&quot;; aspect-ratio: 16\/9; object-fit: cover; width: 100%;\"\n        loading=\"lazy\"\n\/>    <\/figure>\n<div class=\"wp-block-unilux-blocks-wrapper hero__body\">\n<div class=\"wp-block-unilux-blocks-wrapper hero__container\">\n<p class=\"wp-block-unilux-blocks-plain-text\">Das neue Luxembourg Centre for Socio-Environmental Systems (LCSES) hat sich zum Ziel gesetzt, ein Think Tank f\u00fcr eine nachhaltigere und gerechtere Welt zu werden. Unsere Forscher:innen werden an \u00f6kologischen, sozial gerechten und umweltfreundlichen L\u00f6sungen f\u00fcr die dringendsten Herausforderungen arbeiten, denen die Menschheit und unser Planet gegen\u00fcberstehen.<\/p>\n\n\n<ul class=\"wp-block-unilux-blocks-custom-buttons btn-list\"><li class=\"wp-block-unilux-blocks-custom-button\"    aria-disabled=\"false\"\n    >\n    <a\n        role=\"link\"\n        aria-disabled=\"false\"\n                    href=\"https:\/\/www.uni.lu\/lcses-en\/\"\n                target=\"_self\"\n        class=\"btn btn--primary\"\n            >zur englischen Website gehen<\/a>\n<\/li>\n\n\n<\/ul>\n<\/div>\n<\/div>\n    <\/div>\n<\/section>","protected":false},"excerpt":{"rendered":"","protected":false},"author":44,"featured_media":40,"parent":0,"menu_order":0,"comment_status":"closed","ping_status":"closed","template":"","meta":{"featured_image_focal_point":[],"show_featured_caption":false,"ulux_newsletter_groups":"","uluxPostTitle":"Luxembourg Centre for Socio-Environmental Systems (LCSES)","uluxPrePostTitle":"Interdisziplin\u00e4res Zentrum","_trash_the_other_posts":false,"_price":"","_stock":"","_tribe_ticket_header":"","_tribe_default_ticket_provider":"","_tribe_ticket_capacity":"0","_ticket_start_date":"","_ticket_end_date":"","_tribe_ticket_show_description":"","_tribe_ticket_show_not_going":false,"_tribe_ticket_use_global_stock":"","_tribe_ticket_global_stock_level":"","_global_stock_mode":"","_global_stock_cap":"","_tribe_rsvp_for_event":"","_tribe_ticket_going_count":"","_tribe_ticket_not_going_count":"","_tribe_tickets_list":"[]","_tribe_ticket_has_attendee_info_fields":false,"footnotes":""},"field-of-interest":[],"organisation":[],"authorship":[44],"acf":[],"yoast_head":"<!-- This site is optimized with the Yoast SEO Premium plugin v22.3 (Yoast SEO v22.3) - https:\/\/yoast.com\/wordpress\/plugins\/seo\/ -->\n<title>Luxembourg Centre for Socio-Environmental Systems (LCSES) - Luxembourg Centre for Socio-Environmental Systems (LCSES) - University of Luxembourg<\/title>\n<meta name=\"description\" content=\"Erfahren Sie mehr \u00fcber das Luxembourg Centre for Socio-Environmental Systems (LCSES), einem Think Tank f\u00fcr eine nachhaltigere und gerechtere Welt.\" \/>\n<meta name=\"robots\" content=\"index, follow, max-snippet:-1, max-image-preview:large, max-video-preview:-1\" \/>\n<link rel=\"canonical\" href=\"https:\/\/www.uni.lu\/lcses-de\/\" \/>\n<meta property=\"og:locale\" content=\"de_DE\" \/>\n<meta property=\"og:type\" content=\"article\" \/>\n<meta property=\"og:title\" content=\"Luxembourg Centre for Socio-Environmental Systems (LCSES)\" \/>\n<meta property=\"og:description\" content=\"Erfahren Sie mehr \u00fcber das Luxembourg Centre for Socio-Environmental Systems (LCSES), einem Think Tank f\u00fcr eine nachhaltigere und gerechtere Welt.\" \/>\n<meta property=\"og:url\" content=\"https:\/\/www.uni.lu\/lcses-de\/\" \/>\n<meta property=\"og:site_name\" content=\"LCSES DE\" \/>\n<meta property=\"article:publisher\" content=\"https:\/\/www.facebook.com\/uni.lu\" \/>\n<meta property=\"article:modified_time\" content=\"2026-03-03T10:39:01+00:00\" \/>\n<meta property=\"og:image\" content=\"https:\/\/www.uni.lu\/wp-content\/uploads\/sites\/36\/2026\/03\/03103854\/LCSES_SM-Profile_1600x1600px-scaled.jpg\" \/>\n\t<meta property=\"og:image:width\" content=\"2560\" \/>\n\t<meta property=\"og:image:height\" content=\"2560\" \/>\n\t<meta property=\"og:image:type\" content=\"image\/jpeg\" \/>\n<meta name=\"twitter:card\" content=\"summary_large_image\" \/>\n<meta name=\"twitter:label1\" content=\"Gesch\u00e4tzte Lesezeit\" \/>\n\t<meta name=\"twitter:data1\" content=\"1 Minute\" \/>\n<script type=\"application\/ld+json\" class=\"yoast-schema-graph\">{\"@context\":\"https:\/\/schema.org\",\"@graph\":[{\"@type\":\"WebPage\",\"@id\":\"https:\/\/www.uni.lu\/lcses-de\/\",\"url\":\"https:\/\/www.uni.lu\/lcses-de\/\",\"name\":\"Luxembourg Centre for Socio-Environmental Systems (LCSES) - Luxembourg Centre for Socio-Environmental Systems (LCSES) - University of Luxembourg\",\"isPartOf\":{\"@id\":\"https:\/\/www.uni.lu\/lcses-de\/#website\"},\"primaryImageOfPage\":{\"@id\":\"https:\/\/www.uni.lu\/lcses-de\/#primaryimage\"},\"image\":{\"@id\":\"https:\/\/www.uni.lu\/lcses-de\/#primaryimage\"},\"thumbnailUrl\":\"https:\/\/www.uni.lu\/wp-content\/uploads\/sites\/36\/2026\/03\/03103854\/LCSES_SM-Profile_1600x1600px-scaled.jpg\",\"datePublished\":\"2025-07-14T07:57:06+00:00\",\"dateModified\":\"2026-03-03T10:39:01+00:00\",\"description\":\"Erfahren Sie mehr \u00fcber das Luxembourg Centre for Socio-Environmental Systems (LCSES), einem Think Tank f\u00fcr eine nachhaltigere und gerechtere Welt.\",\"breadcrumb\":{\"@id\":\"https:\/\/www.uni.lu\/lcses-de\/#breadcrumb\"},\"inLanguage\":\"de-DE\",\"potentialAction\":[{\"@type\":\"ReadAction\",\"target\":[\"https:\/\/www.uni.lu\/lcses-de\/\"]}]},{\"@type\":\"ImageObject\",\"inLanguage\":\"de-DE\",\"@id\":\"https:\/\/www.uni.lu\/lcses-de\/#primaryimage\",\"url\":\"https:\/\/www.uni.lu\/wp-content\/uploads\/sites\/36\/2026\/03\/03103854\/LCSES_SM-Profile_1600x1600px-scaled.jpg\",\"contentUrl\":\"https:\/\/www.uni.lu\/wp-content\/uploads\/sites\/36\/2026\/03\/03103854\/LCSES_SM-Profile_1600x1600px-scaled.jpg\",\"width\":2560,\"height\":2560},{\"@type\":\"BreadcrumbList\",\"@id\":\"https:\/\/www.uni.lu\/lcses-de\/#breadcrumb\",\"itemListElement\":[{\"@type\":\"ListItem\",\"position\":1,\"name\":\"Home\",\"item\":\"https:\/\/www.uni.lu\/de\"},{\"@type\":\"ListItem\",\"position\":2,\"name\":\"Home\",\"item\":\"https:\/\/www.uni.lu\/lcses-de\/\"},{\"@type\":\"ListItem\",\"position\":3,\"name\":\"Luxembourg Centre for Socio-Environmental Systems (LCSES)\"}]},{\"@type\":\"WebSite\",\"@id\":\"https:\/\/www.uni.lu\/lcses-de\/#website\",\"url\":\"https:\/\/www.uni.lu\/lcses-de\/\",\"name\":\"Uni.lu\",\"description\":\"Luxembourg Centre for Socio-Environmental Systems\",\"publisher\":{\"@id\":\"https:\/\/www.uni.lu\/lcses-de\/#organization\"},\"alternateName\":\"University of Luxembourg\",\"potentialAction\":[{\"@type\":\"SearchAction\",\"target\":{\"@type\":\"EntryPoint\",\"urlTemplate\":\"https:\/\/www.uni.lu\/lcses-de\/?s={search_term_string}\"},\"query-input\":\"required name=search_term_string\"}],\"inLanguage\":\"de-DE\"},{\"@type\":\"Organization\",\"@id\":\"https:\/\/www.uni.lu\/lcses-de\/#organization\",\"name\":\"University of Luxembourg\",\"alternateName\":\"Uni.lu\",\"url\":\"https:\/\/www.uni.lu\/lcses-de\/\",\"logo\":{\"@type\":\"ImageObject\",\"inLanguage\":\"de-DE\",\"@id\":\"https:\/\/www.uni.lu\/lcses-de\/#\/schema\/logo\/image\/\",\"url\":\"https:\/\/www.uni.lu\/wp-content\/uploads\/sites\/36\/2026\/03\/03103854\/LCSES_SM-Profile_1600x1600px-scaled.jpg\",\"contentUrl\":\"https:\/\/www.uni.lu\/wp-content\/uploads\/sites\/36\/2026\/03\/03103854\/LCSES_SM-Profile_1600x1600px-scaled.jpg\",\"width\":2560,\"height\":2560,\"caption\":\"University of Luxembourg\"},\"image\":{\"@id\":\"https:\/\/www.uni.lu\/lcses-de\/#\/schema\/logo\/image\/\"},\"sameAs\":[\"https:\/\/www.facebook.com\/uni.lu\",\"https:\/\/www.linkedin.com\/school\/university-of-luxembourg\/\",\"https:\/\/www.instagram.com\/uni.lu\",\"https:\/\/www.youtube.com\/@uni_lu\",\"https:\/\/en.wikipedia.org\/wiki\/University_of_Luxembourg\"]}]}<\/script>\n<!-- \/ Yoast SEO Premium plugin. -->","yoast_head_json":{"title":"Luxembourg Centre for Socio-Environmental Systems (LCSES) - Luxembourg Centre for Socio-Environmental Systems (LCSES) - University of Luxembourg","description":"Erfahren Sie mehr \u00fcber das Luxembourg Centre for Socio-Environmental Systems (LCSES), einem Think Tank f\u00fcr eine nachhaltigere und gerechtere Welt.","robots":{"index":"index","follow":"follow","max-snippet":"max-snippet:-1","max-image-preview":"max-image-preview:large","max-video-preview":"max-video-preview:-1"},"canonical":"https:\/\/www.uni.lu\/lcses-de\/","og_locale":"de_DE","og_type":"article","og_title":"Luxembourg Centre for Socio-Environmental Systems (LCSES)","og_description":"Erfahren Sie mehr \u00fcber das Luxembourg Centre for Socio-Environmental Systems (LCSES), einem Think Tank f\u00fcr eine nachhaltigere und gerechtere Welt.","og_url":"https:\/\/www.uni.lu\/lcses-de\/","og_site_name":"LCSES DE","article_publisher":"https:\/\/www.facebook.com\/uni.lu","article_modified_time":"2026-03-03T10:39:01+00:00","og_image":[{"width":2560,"height":2560,"url":"https:\/\/www.uni.lu\/wp-content\/uploads\/sites\/36\/2026\/03\/03103854\/LCSES_SM-Profile_1600x1600px-scaled.jpg","type":"image\/jpeg"}],"twitter_card":"summary_large_image","twitter_misc":{"Gesch\u00e4tzte Lesezeit":"1 Minute"},"schema":{"@context":"https:\/\/schema.org","@graph":[{"@type":"WebPage","@id":"https:\/\/www.uni.lu\/lcses-de\/","url":"https:\/\/www.uni.lu\/lcses-de\/","name":"Luxembourg Centre for Socio-Environmental Systems (LCSES) - Luxembourg Centre for Socio-Environmental Systems (LCSES) - University of Luxembourg","isPartOf":{"@id":"https:\/\/www.uni.lu\/lcses-de\/#website"},"primaryImageOfPage":{"@id":"https:\/\/www.uni.lu\/lcses-de\/#primaryimage"},"image":{"@id":"https:\/\/www.uni.lu\/lcses-de\/#primaryimage"},"thumbnailUrl":"https:\/\/www.uni.lu\/wp-content\/uploads\/sites\/36\/2026\/03\/03103854\/LCSES_SM-Profile_1600x1600px-scaled.jpg","datePublished":"2025-07-14T07:57:06+00:00","dateModified":"2026-03-03T10:39:01+00:00","description":"Erfahren Sie mehr \u00fcber das Luxembourg Centre for Socio-Environmental Systems (LCSES), einem Think Tank f\u00fcr eine nachhaltigere und gerechtere Welt.","breadcrumb":{"@id":"https:\/\/www.uni.lu\/lcses-de\/#breadcrumb"},"inLanguage":"de-DE","potentialAction":[{"@type":"ReadAction","target":["https:\/\/www.uni.lu\/lcses-de\/"]}]},{"@type":"ImageObject","inLanguage":"de-DE","@id":"https:\/\/www.uni.lu\/lcses-de\/#primaryimage","url":"https:\/\/www.uni.lu\/wp-content\/uploads\/sites\/36\/2026\/03\/03103854\/LCSES_SM-Profile_1600x1600px-scaled.jpg","contentUrl":"https:\/\/www.uni.lu\/wp-content\/uploads\/sites\/36\/2026\/03\/03103854\/LCSES_SM-Profile_1600x1600px-scaled.jpg","width":2560,"height":2560},{"@type":"BreadcrumbList","@id":"https:\/\/www.uni.lu\/lcses-de\/#breadcrumb","itemListElement":[{"@type":"ListItem","position":1,"name":"Home","item":"https:\/\/www.uni.lu\/de"},{"@type":"ListItem","position":2,"name":"Home","item":"https:\/\/www.uni.lu\/lcses-de\/"},{"@type":"ListItem","position":3,"name":"Luxembourg Centre for Socio-Environmental Systems (LCSES)"}]},{"@type":"WebSite","@id":"https:\/\/www.uni.lu\/lcses-de\/#website","url":"https:\/\/www.uni.lu\/lcses-de\/","name":"Uni.lu","description":"Luxembourg Centre for Socio-Environmental Systems","publisher":{"@id":"https:\/\/www.uni.lu\/lcses-de\/#organization"},"alternateName":"University of Luxembourg","potentialAction":[{"@type":"SearchAction","target":{"@type":"EntryPoint","urlTemplate":"https:\/\/www.uni.lu\/lcses-de\/?s={search_term_string}"},"query-input":"required name=search_term_string"}],"inLanguage":"de-DE"},{"@type":"Organization","@id":"https:\/\/www.uni.lu\/lcses-de\/#organization","name":"University of Luxembourg","alternateName":"Uni.lu","url":"https:\/\/www.uni.lu\/lcses-de\/","logo":{"@type":"ImageObject","inLanguage":"de-DE","@id":"https:\/\/www.uni.lu\/lcses-de\/#\/schema\/logo\/image\/","url":"https:\/\/www.uni.lu\/wp-content\/uploads\/sites\/36\/2026\/03\/03103854\/LCSES_SM-Profile_1600x1600px-scaled.jpg","contentUrl":"https:\/\/www.uni.lu\/wp-content\/uploads\/sites\/36\/2026\/03\/03103854\/LCSES_SM-Profile_1600x1600px-scaled.jpg","width":2560,"height":2560,"caption":"University of Luxembourg"},"image":{"@id":"https:\/\/www.uni.lu\/lcses-de\/#\/schema\/logo\/image\/"},"sameAs":["https:\/\/www.facebook.com\/uni.lu","https:\/\/www.linkedin.com\/school\/university-of-luxembourg\/","https:\/\/www.instagram.com\/uni.lu","https:\/\/www.youtube.com\/@uni_lu","https:\/\/en.wikipedia.org\/wiki\/University_of_Luxembourg"]}]}},"ticketed":false,"_links":{"self":[{"href":"https:\/\/www.uni.lu\/lcses-de\/wp-json\/wp\/v2\/pages\/5"}],"collection":[{"href":"https:\/\/www.uni.lu\/lcses-de\/wp-json\/wp\/v2\/pages"}],"about":[{"href":"https:\/\/www.uni.lu\/lcses-de\/wp-json\/wp\/v2\/types\/page"}],"author":[{"embeddable":true,"href":"https:\/\/www.uni.lu\/lcses-de\/wp-json\/wp\/v2\/users\/44"}],"replies":[{"embeddable":true,"href":"https:\/\/www.uni.lu\/lcses-de\/wp-json\/wp\/v2\/comments?post=5"}],"version-history":[{"count":5,"href":"https:\/\/www.uni.lu\/lcses-de\/wp-json\/wp\/v2\/pages\/5\/revisions"}],"predecessor-version":[{"id":42,"href":"https:\/\/www.uni.lu\/lcses-de\/wp-json\/wp\/v2\/pages\/5\/revisions\/42"}],"wp:authorship":[{"embeddable":true,"href":"https:\/\/www.uni.lu\/lcses-de\/wp-json\/wp\/v2\/users\/44"}],"wp:featuredmedia":[{"embeddable":true,"href":"https:\/\/www.uni.lu\/lcses-de\/wp-json\/wp\/v2\/media\/40"}],"wp:attachment":[{"href":"https:\/\/www.uni.lu\/lcses-de\/wp-json\/wp\/v2\/media?parent=5"}],"wp:term":[{"taxonomy":"field-of-interest","embeddable":true,"href":"https:\/\/www.uni.lu\/lcses-de\/wp-json\/wp\/v2\/field-of-interest?post=5"},{"taxonomy":"organisation","embeddable":true,"href":"https:\/\/www.uni.lu\/lcses-de\/wp-json\/wp\/v2\/organisation?post=5"}],"curies":[{"name":"wp","href":"https:\/\/api.w.org\/{rel}","templated":true}]}}