{"id":633,"date":"2024-03-08T16:07:23","date_gmt":"2024-03-08T15:07:23","guid":{"rendered":"https:\/\/www.uni.lu\/lcsb-fr\/?page_id=633"},"modified":"2025-09-29T16:10:17","modified_gmt":"2025-09-29T14:10:17","slug":"contact","status":"publish","type":"page","link":"https:\/\/www.uni.lu\/lcsb-fr\/contact\/","title":{"rendered":"Contact"},"content":{"rendered":"<div class=\"section py-0 static\">\n<section class=\"py-0 wp-block-unilux-blocks-free-section section\"><div class=\"container xl:max-w-screen-xl\"><div class=\"js-secondary-nav--sticky wp-block-unilux-blocks-secondary-navigation\" id=\"23d7eb3a-1ab2-47b3-9493-606527516f52\">\n    <nav\n        id=\"secondary-navigation\"\n        role=\"navigation\"\n        aria-label=\"Secondary menu\"\n        class=\"secondary-nav\"\n    >\n        <button\n            class=\"secondary-nav__button btn btn-solid--primary w-full\"\n            aria-expanded=\"false\"\n            aria-controls=\"secondary-navigation__list\"\n            title=\"The selected page is Contact\"\n            type=\"button\"\n        >\n            <span class=\"btn__name mr-auto\">Contact<\/span>\n            <svg aria-hidden=\"true\" focusable=\"false\" class=\"icon icon-outline icon--xs\">\n                <use xlink:href=\"https:\/\/www.uni.lu\/wp-content\/themes\/unilux-theme\/assets\/images\/icons\/icons-outline.svg#icon--arrow-down\" \/>\n            <\/svg>\n        <\/button>\n\n        <ul id=\"secondary-navigation__list\" class=\"secondary-nav__list\">\n            <li class=\"secondary-nav__item\">\n    <a\n        href=\"https:\/\/www.uni.lu\/lcsb-fr\/\"\n        target=\"\"\n        rel=\"noreferrer noopener\"\n        class=\"secondary-nav__link \"\n            >\n        <svg aria-hidden=\"true\" focusable=\"false\" class=\"icon icon-outline icon--xs\">\n            <use xlink:href=\"https:\/\/www.uni.lu\/wp-content\/themes\/unilux-theme\/assets\/images\/icons\/icons-outline.svg#icon--arrow-right\" \/>\n        <\/svg>\n        <span class=\"secondary-nav__name\">Accueil<\/span>\n    <\/a>\n<\/li>\n<li class=\"secondary-nav__item\">\n    <a\n        href=\"https:\/\/www.uni.lu\/lcsb-fr\/a-propos\/\"\n        target=\"\"\n        rel=\"noreferrer noopener\"\n        class=\"secondary-nav__link \"\n            >\n        <svg aria-hidden=\"true\" focusable=\"false\" class=\"icon icon-outline icon--xs\">\n            <use xlink:href=\"https:\/\/www.uni.lu\/wp-content\/themes\/unilux-theme\/assets\/images\/icons\/icons-outline.svg#icon--arrow-right\" \/>\n        <\/svg>\n        <span class=\"secondary-nav__name\">\u00c0 propos<\/span>\n    <\/a>\n<\/li>\n<li class=\"secondary-nav__item\">\n    <a\n        href=\"https:\/\/www.uni.lu\/lcsb-fr\/recherche\"\n        target=\"\"\n        rel=\"noreferrer noopener\"\n        class=\"secondary-nav__link \"\n            >\n        <svg aria-hidden=\"true\" focusable=\"false\" class=\"icon icon-outline icon--xs\">\n            <use xlink:href=\"https:\/\/www.uni.lu\/wp-content\/themes\/unilux-theme\/assets\/images\/icons\/icons-outline.svg#icon--arrow-right\" \/>\n        <\/svg>\n        <span class=\"secondary-nav__name\">Recherche<\/span>\n    <\/a>\n<\/li>\n<li class=\"secondary-nav__item\">\n    <a\n        href=\"https:\/\/www.uni.lu\/lcsb-fr\/science-societe\/\"\n        target=\"\"\n        rel=\"noreferrer noopener\"\n        class=\"secondary-nav__link \"\n            >\n        <svg aria-hidden=\"true\" focusable=\"false\" class=\"icon icon-outline icon--xs\">\n            <use xlink:href=\"https:\/\/www.uni.lu\/wp-content\/themes\/unilux-theme\/assets\/images\/icons\/icons-outline.svg#icon--arrow-right\" \/>\n        <\/svg>\n        <span class=\"secondary-nav__name\">Science &amp; soci\u00e9t\u00e9<\/span>\n    <\/a>\n<\/li>\n<li class=\"secondary-nav__item\">\n    <a\n        href=\"https:\/\/www.uni.lu\/lcsb-fr\/soutenez-nous\/\"\n        target=\"\"\n        rel=\"noreferrer noopener\"\n        class=\"secondary-nav__link \"\n            >\n        <svg aria-hidden=\"true\" focusable=\"false\" class=\"icon icon-outline icon--xs\">\n            <use xlink:href=\"https:\/\/www.uni.lu\/wp-content\/themes\/unilux-theme\/assets\/images\/icons\/icons-outline.svg#icon--arrow-right\" \/>\n        <\/svg>\n        <span class=\"secondary-nav__name\">Soutenez-nous<\/span>\n    <\/a>\n<\/li>\n<li class=\"secondary-nav__item\">\n    <a\n        href=\"https:\/\/www.uni.lu\/lcsb-fr\/contact\/\"\n        target=\"\"\n        rel=\"noreferrer noopener\"\n        class=\"secondary-nav__link isactived\"\n        aria-current=\"page\"    >\n        <svg aria-hidden=\"true\" focusable=\"false\" class=\"icon icon-outline icon--xs\">\n            <use xlink:href=\"https:\/\/www.uni.lu\/wp-content\/themes\/unilux-theme\/assets\/images\/icons\/icons-outline.svg#icon--arrow-right\" \/>\n        <\/svg>\n        <span class=\"secondary-nav__name\">Contact<\/span>\n    <\/a>\n<\/li>\n        <\/ul>\n    <\/nav>\n<\/div>\n<\/div><\/section>\n\n\n\n<section class=\"wp-block-unilux-blocks-free-section section\"><div class=\"container xl:max-w-screen-xl\">\n<h2 class=\"has-text-align-left wp-block-unilux-blocks-heading\"        id=\"contact\"\n    >\nContact<\/h2>\n\n\n\n<p>T\u00e9l\u00e9phone&nbsp;: &nbsp;(+352)&nbsp;46 66 44 93 90<br>Email : &nbsp; &nbsp; &nbsp; &nbsp; <a href=\"mailto:lcsb@uni.lu\">lcsb@uni.lu<\/a><\/p>\n\n\n\n<h2 class=\"has-text-align-left wp-block-unilux-blocks-heading\"        id=\"nos-batiments\"\n    >\n<strong><strong>Nos b\u00e2timents<\/strong><\/strong><\/h2>\n\n\n<div class=\"icon-info-wrapper\">\n    <ul class=\"wp-block-unilux-blocks-icon-info\">\n        <li class=\"wp-block-unilux-blocks-icon-info-item\">\n    \n<div class=\"wp-block-unilux-blocks-wrapper icon-info\">\n<div class=\"icon--primary icon--secondary-2 icon--lg wp-block-unilux-blocks-icon-picker\">\n    <svg aria-hidden=\"true\" focusable=\"false\" class=\"icon icon-outline icon--address \"><use xlink:href=\"https:\/\/www.uni.lu\/wp-content\/themes\/unilux-theme\/assets\/images\/icons\/icons-outline.svg#icon--address\"><\/use><\/svg><\/div>\n\n\n<p class=\"has-base-font-size\"><strong>House of Biomedicine \/<\/strong><br><strong>Biotech I (BT1)<\/strong><br>University of Luxembourg<br>Campus de Belval<br>7, avenue des Hauts-<br>Fourneaux<br>L-4362 Esch-sur-Alzette<strong><br><\/strong><\/p>\n<\/div>\n<\/li>\n<li class=\"wp-block-unilux-blocks-icon-info-item\">\n    \n<div class=\"wp-block-unilux-blocks-wrapper icon-info\">\n<div class=\"icon--primary icon--secondary-2 icon--lg wp-block-unilux-blocks-icon-picker\">\n    <svg aria-hidden=\"true\" focusable=\"false\" class=\"icon icon-outline icon--address \"><use xlink:href=\"https:\/\/www.uni.lu\/wp-content\/themes\/unilux-theme\/assets\/images\/icons\/icons-outline.svg#icon--address\"><\/use><\/svg><\/div>\n\n\n<p class=\"has-base-font-size\"><strong>Biotech II (BT2)<\/strong><br>University of Luxembourg<br>Campus de Belval<br>6, avenue du Swing<br>L-4367 Belvaux<\/p>\n<\/div>\n<\/li>\n<li class=\"wp-block-unilux-blocks-icon-info-item\">\n    \n<div class=\"wp-block-unilux-blocks-wrapper icon-info\">\n<div class=\"icon--primary icon--secondary-2 icon--lg wp-block-unilux-blocks-icon-picker\">\n    <svg aria-hidden=\"true\" focusable=\"false\" class=\"icon icon-outline icon--address \"><use xlink:href=\"https:\/\/www.uni.lu\/wp-content\/themes\/unilux-theme\/assets\/images\/icons\/icons-outline.svg#icon--address\"><\/use><\/svg><\/div>\n\n\n<p class=\"has-base-font-size\"><strong><strong>Ketterthill<\/strong><br><\/strong>Campus de Belval<br>8, avenue du Swing<br>L-4367 Esch-sur-Alzette&nbsp;<\/p>\n<\/div>\n<\/li>\n<li class=\"wp-block-unilux-blocks-icon-info-item\">\n    \n<div class=\"wp-block-unilux-blocks-wrapper icon-info\">\n<div class=\"icon--primary icon--secondary-2 icon--lg wp-block-unilux-blocks-icon-picker\">\n    <svg aria-hidden=\"true\" focusable=\"false\" class=\"icon icon-outline icon--address \"><use xlink:href=\"https:\/\/www.uni.lu\/wp-content\/themes\/unilux-theme\/assets\/images\/icons\/icons-outline.svg#icon--address\"><\/use><\/svg><\/div>\n\n\n<p class=\"has-base-font-size\"><strong>BTL<\/strong> <strong>(Rouden Eck)<\/strong><br>University of Luxembourg<br>Campus de Belval<br>1, Boulevard du Jazz<br>\u200bL- 4370 Belvaux<\/p>\n<\/div>\n<\/li>\n    <\/ul>\n<\/div>\n<\/div><\/section>\n\n\n\n<section class=\"py-0 wp-block-unilux-blocks-free-section section\"><div class=\"container xl:max-w-screen-xl\">\n<h2 class=\"has-text-align-left wp-block-unilux-blocks-heading\"        id=\"se-rendre-au-lcsb\"\n    >\n<strong><strong>Se rendre au LCSB<\/strong><\/strong><\/h2>\n\n\n\n<p>Le LCSB est situ\u00e9 \u00e0 Esch-Belval, un jeune quartier qui fait partie des communes d&rsquo;Esch-sur-Alzette et de Belvaux.<\/p>\n\n\n\n<p>Si vous venez en voiture depuis le nord, prenez l&rsquo;A4 en direction d&rsquo;Esch-sur-Alzette et restez sur l&rsquo;autoroute jusqu&rsquo;\u00e0 ce qu&rsquo;elle rejoigne la B40. Suivez les panneaux \u00ab&nbsp;Belval \u2013 Uni&nbsp;\u00bb. Vous arrivez alors sur la \u00ab&nbsp;Porte de France&nbsp;\u00bb, la route principale traversant Esch-Belval.<\/p>\n\n\n\n<p>Veuillez utiliser le plan ci-dessous pour vous orienter sur le campus.<\/p>\n\n\n\n<p>Le b\u00e2timent Biotech I (BT1) se trouve juste \u00e0 c\u00f4t\u00e9 des anciens hauts fourneaux, \u00e0 proximit\u00e9 des b\u00e2timents rouges de Dexia. Le b\u00e2timent est un peu cach\u00e9. C&rsquo;est un b\u00e2timent blanc de six \u00e9tages.<\/p>\n\n\n\n<p>Le Biotech II (BT2) est situ\u00e9 pr\u00e8s d&rsquo;ALDI, juste \u00e0 c\u00f4t\u00e9 de l&rsquo;ADEM et en face des tours Southlane. L&rsquo;entr\u00e9e principale se trouve dans l&rsquo;avenue du Swing.<\/p>\n\n\n\n<p>L&rsquo;entr\u00e9e du b\u00e2timent Ketterthill, la partie ouest du m\u00eame complexe, se trouve \u00e0 l&rsquo;arri\u00e8re. Dans ce b\u00e2timent, les bureaux du LCSB sont situ\u00e9s au 5<sup>e<\/sup> \u00e9tage.<\/p>\n\n\n\n<p>L&rsquo;entr\u00e9e du Rouden Eck (BTL) se trouve sur le Boulevard du Jazz (n\u00b01), entre AXA et Lineheart, pr\u00e8s de l&rsquo;arr\u00eat de bus Um Bedding. Dans ce b\u00e2timent, les bureaux du LCSB se trouvent aux 4<sup>e<\/sup> et 5<sup>e<\/sup> \u00e9tages.<\/p>\n\n\n\n<p>Nous vous conseillons d&rsquo;utiliser le parking situ\u00e9 devant la Maison du Savoir (MSA) ou le parking souterrain sous le centre commercial Belval Plaza. Depuis ces deux parkings, nos b\u00e2timents sont accessibles \u00e0 pied en 5 \u00e0 10 minutes. Au Belval Plaza, le stationnement est gratuit jusqu&rsquo;\u00e0 trois heures si vous avez fait des achats au centre commercial et valid\u00e9 votre ticket de parking.<\/p>\n\n\n\n<p>Si vous arrivez en train, descendez \u00e0 la gare de Belval Universit\u00e9. Depuis la gare,&nbsp; tous nos b\u00e2timents sont accessibles \u00e0 pied en 5 \u00e0 10 minutes. Si vous arrivez en bus, les arr\u00eats les plus proches sont :<\/p>\n\n\n\n<ul class=\"ulux-list\">\n<li class=\"ulux-list-item\">Belval, Um Bedding pour le Biotech II, Ketterthill et Rouden Eck. Belval Porte de France se trouve \u00e9galement \u00e0 proximit\u00e9.<\/li>\n\n\n\n<li class=\"ulux-list-item\">Esch-sur-Alzette, Porte des Sciences ou Avenue du Rock&rsquo;n&rsquo;Roll pour le Biotech I.<\/li>\n<\/ul>\n\n\n<figure class=\"wp-block-dev4-reusable-blocks-image  object-fit--contain\">\n    \n<img decoding=\"async\" class=\"wp-block-image unilux-custom-image-block\"\n                alt=\"\"\n            src=\"https:\/\/www.uni.lu\/wp-content\/uploads\/sites\/21\/2024\/03\/LCSB-maps-redesign-scaled.jpg\"\n                    style=\"object-position: 50.00% 50.00%; font-family: &quot;object-fit: contain; object-position: 50.00% 50.00%;&quot;; aspect-ratio: 2\/3; object-fit: contain; width: 100%;\"\n        loading=\"lazy\"\n\/>    <\/figure><\/div><\/section>\n<\/div>","protected":false},"excerpt":{"rendered":"","protected":false},"author":56,"featured_media":0,"parent":0,"menu_order":0,"comment_status":"closed","ping_status":"closed","template":"","meta":{"featured_image_focal_point":[],"show_featured_caption":false,"ulux_newsletter_groups":"","uluxPostTitle":"Luxembourg Centre for Systems Biomedicine (LCSB)","uluxPrePostTitle":"Centre interdisciplinaire ","_trash_the_other_posts":false,"_price":"","_stock":"","_tribe_ticket_header":"","_tribe_default_ticket_provider":"","_tribe_ticket_capacity":"0","_ticket_start_date":"","_ticket_end_date":"","_tribe_ticket_show_description":"","_tribe_ticket_show_not_going":false,"_tribe_ticket_use_global_stock":"","_tribe_ticket_global_stock_level":"","_global_stock_mode":"","_global_stock_cap":"","_tribe_rsvp_for_event":"","_tribe_ticket_going_count":"","_tribe_ticket_not_going_count":"","_tribe_tickets_list":"[]","_tribe_ticket_has_attendee_info_fields":false,"footnotes":""},"field-of-interest":[280,289],"organisation":[525],"authorship":[56],"acf":[],"yoast_head":"<!-- This site is optimized with the Yoast SEO Premium plugin v22.3 (Yoast SEO v22.3) - https:\/\/yoast.com\/wordpress\/plugins\/seo\/ -->\n<title>Contact - LCSB - Universit\u00e9 du Luxembourg I Uni.lu<\/title>\n<meta name=\"robots\" content=\"index, follow, max-snippet:-1, max-image-preview:large, max-video-preview:-1\" \/>\n<link rel=\"canonical\" href=\"https:\/\/www.uni.lu\/lcsb-fr\/contact\/\" \/>\n<meta property=\"og:locale\" content=\"fr_FR\" \/>\n<meta property=\"og:type\" content=\"article\" \/>\n<meta property=\"og:title\" content=\"Contact\" \/>\n<meta property=\"og:url\" content=\"https:\/\/www.uni.lu\/lcsb-fr\/contact\/\" \/>\n<meta property=\"og:site_name\" content=\"LCSB FR\" \/>\n<meta property=\"article:modified_time\" content=\"2025-09-29T14:10:17+00:00\" \/>\n<meta property=\"og:image\" content=\"https:\/\/www.uni.lu\/wp-content\/uploads\/sites\/22\/2026\/03\/03113045\/LCSB_SM-Profile_1600x1600px-scaled.jpg\" \/>\n\t<meta property=\"og:image:width\" content=\"2560\" \/>\n\t<meta property=\"og:image:height\" content=\"2560\" \/>\n\t<meta property=\"og:image:type\" content=\"image\/jpeg\" \/>\n<meta name=\"twitter:card\" content=\"summary_large_image\" \/>\n<meta name=\"twitter:label1\" content=\"Dur\u00e9e de lecture estim\u00e9e\" \/>\n\t<meta name=\"twitter:data1\" content=\"3 minutes\" \/>\n<script type=\"application\/ld+json\" class=\"yoast-schema-graph\">{\"@context\":\"https:\/\/schema.org\",\"@graph\":[{\"@type\":\"WebPage\",\"@id\":\"https:\/\/www.uni.lu\/lcsb-fr\/contact\/\",\"url\":\"https:\/\/www.uni.lu\/lcsb-fr\/contact\/\",\"name\":\"Contact - LCSB - Universit\u00e9 du Luxembourg I Uni.lu\",\"isPartOf\":{\"@id\":\"https:\/\/www.uni.lu\/lcsb-fr\/#website\"},\"datePublished\":\"2024-03-08T15:07:23+00:00\",\"dateModified\":\"2025-09-29T14:10:17+00:00\",\"breadcrumb\":{\"@id\":\"https:\/\/www.uni.lu\/lcsb-fr\/contact\/#breadcrumb\"},\"inLanguage\":\"fr-FR\",\"potentialAction\":[{\"@type\":\"ReadAction\",\"target\":[\"https:\/\/www.uni.lu\/lcsb-fr\/contact\/\"]}]},{\"@type\":\"BreadcrumbList\",\"@id\":\"https:\/\/www.uni.lu\/lcsb-fr\/contact\/#breadcrumb\",\"itemListElement\":[{\"@type\":\"ListItem\",\"position\":1,\"name\":\"Home\",\"item\":\"https:\/\/www.uni.lu\/fr\"},{\"@type\":\"ListItem\",\"position\":2,\"name\":\"Luxembourg Centre for Systems Biomedicine (LCSB)\",\"item\":\"https:\/\/www.uni.lu\/lcsb-fr\/\"},{\"@type\":\"ListItem\",\"position\":3,\"name\":\"Contact\"}]},{\"@type\":\"WebSite\",\"@id\":\"https:\/\/www.uni.lu\/lcsb-fr\/#website\",\"url\":\"https:\/\/www.uni.lu\/lcsb-fr\/\",\"name\":\"LCSB\",\"description\":\"Luxembourg Centre for Systems Biomedicine I Uni.lu\",\"publisher\":{\"@id\":\"https:\/\/www.uni.lu\/lcsb-fr\/#organization\"},\"alternateName\":\"Luxembourg Centre for Systems Biomedicine I Universit\u00e9 du Luxembourg\",\"potentialAction\":[{\"@type\":\"SearchAction\",\"target\":{\"@type\":\"EntryPoint\",\"urlTemplate\":\"https:\/\/www.uni.lu\/lcsb-fr\/?s={search_term_string}\"},\"query-input\":\"required name=search_term_string\"}],\"inLanguage\":\"fr-FR\"},{\"@type\":\"Organization\",\"@id\":\"https:\/\/www.uni.lu\/lcsb-fr\/#organization\",\"name\":\"LCSB - Universit\u00e9 du Luxembourg I Uni.lu\",\"alternateName\":\"Luxembourg Centre for Systems Biomedicine\",\"url\":\"https:\/\/www.uni.lu\/lcsb-fr\/\",\"logo\":{\"@type\":\"ImageObject\",\"inLanguage\":\"fr-FR\",\"@id\":\"https:\/\/www.uni.lu\/lcsb-fr\/#\/schema\/logo\/image\/\",\"url\":\"https:\/\/www.uni.lu\/wp-content\/uploads\/sites\/22\/2026\/03\/03113045\/LCSB_SM-Profile_1600x1600px-scaled.jpg\",\"contentUrl\":\"https:\/\/www.uni.lu\/wp-content\/uploads\/sites\/22\/2026\/03\/03113045\/LCSB_SM-Profile_1600x1600px-scaled.jpg\",\"width\":2560,\"height\":2560,\"caption\":\"LCSB - Universit\u00e9 du Luxembourg I Uni.lu\"},\"image\":{\"@id\":\"https:\/\/www.uni.lu\/lcsb-fr\/#\/schema\/logo\/image\/\"},\"sameAs\":[\"https:\/\/www.linkedin.com\/showcase\/lcsb-university-of-luxembourg\"]}]}<\/script>\n<!-- \/ Yoast SEO Premium plugin. -->","yoast_head_json":{"title":"Contact - LCSB - Universit\u00e9 du Luxembourg I Uni.lu","robots":{"index":"index","follow":"follow","max-snippet":"max-snippet:-1","max-image-preview":"max-image-preview:large","max-video-preview":"max-video-preview:-1"},"canonical":"https:\/\/www.uni.lu\/lcsb-fr\/contact\/","og_locale":"fr_FR","og_type":"article","og_title":"Contact","og_url":"https:\/\/www.uni.lu\/lcsb-fr\/contact\/","og_site_name":"LCSB FR","article_modified_time":"2025-09-29T14:10:17+00:00","og_image":[{"width":2560,"height":2560,"url":"https:\/\/www.uni.lu\/wp-content\/uploads\/sites\/22\/2026\/03\/03113045\/LCSB_SM-Profile_1600x1600px-scaled.jpg","type":"image\/jpeg"}],"twitter_card":"summary_large_image","twitter_misc":{"Dur\u00e9e de lecture estim\u00e9e":"3 minutes"},"schema":{"@context":"https:\/\/schema.org","@graph":[{"@type":"WebPage","@id":"https:\/\/www.uni.lu\/lcsb-fr\/contact\/","url":"https:\/\/www.uni.lu\/lcsb-fr\/contact\/","name":"Contact - LCSB - Universit\u00e9 du Luxembourg I Uni.lu","isPartOf":{"@id":"https:\/\/www.uni.lu\/lcsb-fr\/#website"},"datePublished":"2024-03-08T15:07:23+00:00","dateModified":"2025-09-29T14:10:17+00:00","breadcrumb":{"@id":"https:\/\/www.uni.lu\/lcsb-fr\/contact\/#breadcrumb"},"inLanguage":"fr-FR","potentialAction":[{"@type":"ReadAction","target":["https:\/\/www.uni.lu\/lcsb-fr\/contact\/"]}]},{"@type":"BreadcrumbList","@id":"https:\/\/www.uni.lu\/lcsb-fr\/contact\/#breadcrumb","itemListElement":[{"@type":"ListItem","position":1,"name":"Home","item":"https:\/\/www.uni.lu\/fr"},{"@type":"ListItem","position":2,"name":"Luxembourg Centre for Systems Biomedicine (LCSB)","item":"https:\/\/www.uni.lu\/lcsb-fr\/"},{"@type":"ListItem","position":3,"name":"Contact"}]},{"@type":"WebSite","@id":"https:\/\/www.uni.lu\/lcsb-fr\/#website","url":"https:\/\/www.uni.lu\/lcsb-fr\/","name":"LCSB","description":"Luxembourg Centre for Systems Biomedicine I Uni.lu","publisher":{"@id":"https:\/\/www.uni.lu\/lcsb-fr\/#organization"},"alternateName":"Luxembourg Centre for Systems Biomedicine I Universit\u00e9 du Luxembourg","potentialAction":[{"@type":"SearchAction","target":{"@type":"EntryPoint","urlTemplate":"https:\/\/www.uni.lu\/lcsb-fr\/?s={search_term_string}"},"query-input":"required name=search_term_string"}],"inLanguage":"fr-FR"},{"@type":"Organization","@id":"https:\/\/www.uni.lu\/lcsb-fr\/#organization","name":"LCSB - Universit\u00e9 du Luxembourg I Uni.lu","alternateName":"Luxembourg Centre for Systems Biomedicine","url":"https:\/\/www.uni.lu\/lcsb-fr\/","logo":{"@type":"ImageObject","inLanguage":"fr-FR","@id":"https:\/\/www.uni.lu\/lcsb-fr\/#\/schema\/logo\/image\/","url":"https:\/\/www.uni.lu\/wp-content\/uploads\/sites\/22\/2026\/03\/03113045\/LCSB_SM-Profile_1600x1600px-scaled.jpg","contentUrl":"https:\/\/www.uni.lu\/wp-content\/uploads\/sites\/22\/2026\/03\/03113045\/LCSB_SM-Profile_1600x1600px-scaled.jpg","width":2560,"height":2560,"caption":"LCSB - Universit\u00e9 du Luxembourg I Uni.lu"},"image":{"@id":"https:\/\/www.uni.lu\/lcsb-fr\/#\/schema\/logo\/image\/"},"sameAs":["https:\/\/www.linkedin.com\/showcase\/lcsb-university-of-luxembourg"]}]}},"ticketed":false,"_links":{"self":[{"href":"https:\/\/www.uni.lu\/lcsb-fr\/wp-json\/wp\/v2\/pages\/633"}],"collection":[{"href":"https:\/\/www.uni.lu\/lcsb-fr\/wp-json\/wp\/v2\/pages"}],"about":[{"href":"https:\/\/www.uni.lu\/lcsb-fr\/wp-json\/wp\/v2\/types\/page"}],"author":[{"embeddable":true,"href":"https:\/\/www.uni.lu\/lcsb-fr\/wp-json\/wp\/v2\/users\/56"}],"replies":[{"embeddable":true,"href":"https:\/\/www.uni.lu\/lcsb-fr\/wp-json\/wp\/v2\/comments?post=633"}],"version-history":[{"count":4,"href":"https:\/\/www.uni.lu\/lcsb-fr\/wp-json\/wp\/v2\/pages\/633\/revisions"}],"predecessor-version":[{"id":1684,"href":"https:\/\/www.uni.lu\/lcsb-fr\/wp-json\/wp\/v2\/pages\/633\/revisions\/1684"}],"wp:authorship":[{"embeddable":true,"href":"https:\/\/www.uni.lu\/lcsb-fr\/wp-json\/wp\/v2\/users\/56"}],"wp:attachment":[{"href":"https:\/\/www.uni.lu\/lcsb-fr\/wp-json\/wp\/v2\/media?parent=633"}],"wp:term":[{"taxonomy":"field-of-interest","embeddable":true,"href":"https:\/\/www.uni.lu\/lcsb-fr\/wp-json\/wp\/v2\/field-of-interest?post=633"},{"taxonomy":"organisation","embeddable":true,"href":"https:\/\/www.uni.lu\/lcsb-fr\/wp-json\/wp\/v2\/organisation?post=633"}],"curies":[{"name":"wp","href":"https:\/\/api.w.org\/{rel}","templated":true}]}}