{"id":1099,"date":"2024-07-23T10:38:21","date_gmt":"2024-07-23T08:38:21","guid":{"rendered":"https:\/\/www.uni.lu\/lcsb-fr\/?page_id=1099"},"modified":"2024-07-31T16:17:43","modified_gmt":"2024-07-31T14:17:43","slug":"ecosysteme-microbien","status":"publish","type":"page","link":"https:\/\/www.uni.lu\/lcsb-fr\/recherche\/recherche-animale\/exemples-projets-recherche\/ecosysteme-microbien\/","title":{"rendered":"Comment l\u2019\u00e9cosyst\u00e8me microbien de notre appareil digestif influence notre \u00e9tat de sant\u00e9 et de maladie"},"content":{"rendered":"<div class=\"section py-0 static\">\n<section class=\"py-0 wp-block-unilux-blocks-free-section section\"><div class=\"container xl:max-w-screen-xl\"><!-- SecondaryNavigationMirror --><div class=\"js-secondary-nav--sticky wp-block-unilux-blocks-secondary-navigation\" id=\"079cacee-a280-4f42-8b0f-7a37a67d3516\">\n    <nav id=\"secondary-navigation\" role=\"navigation\" aria-label=\"Secondary menu\" class=\"secondary-nav\">\n        <button class=\"secondary-nav__button btn btn-solid--primary w-full\" aria-expanded=\"false\" aria-controls=\"secondary-navigation__list\" title=\"The selected page is \u00c0 propos\" type=\"button\">\n            <span class=\"btn__name mr-auto\">\u00c0 propos<\/span>\n            <svg aria-hidden=\"true\" focusable=\"false\" class=\"icon icon-outline icon--xs\">\n                <use xlink:href=\"https:\/\/www.uni.lu\/wp-content\/themes\/unilux-theme\/assets\/images\/icons\/icons-outline.svg#icon--arrow-down\" \/>\n            <\/svg>\n        <\/button>\n\n        <ul id=\"secondary-navigation__list\" class=\"secondary-nav__list\">\n            <li class=\"secondary-nav__item\">\n    <a href=\"https:\/\/www.uni.lu\/lcsb-fr\/recherche\/recherche-animale\/\" target=\"\" rel=\"noreferrer noopener\" class=\"secondary-nav__link \">\n        <svg aria-hidden=\"true\" focusable=\"false\" class=\"icon icon-outline icon--xs\">\n            <use xlink:href=\"https:\/\/www.uni.lu\/wp-content\/themes\/unilux-theme\/assets\/images\/icons\/icons-outline.svg#icon--arrow-right\" \/>\n        <\/svg>\n        <span class=\"secondary-nav__name\">\u00c0 propos<\/span>\n    <\/a>\n<\/li>\n<li class=\"secondary-nav__item\">\n    <a href=\"https:\/\/www.uni.lu\/lcsb-fr\/recherche\/recherche-animale\/quand-pourquoi\/\" target=\"\" rel=\"noreferrer noopener\" class=\"secondary-nav__link \">\n        <svg aria-hidden=\"true\" focusable=\"false\" class=\"icon icon-outline icon--xs\">\n            <use xlink:href=\"https:\/\/www.uni.lu\/wp-content\/themes\/unilux-theme\/assets\/images\/icons\/icons-outline.svg#icon--arrow-right\" \/>\n        <\/svg>\n        <span class=\"secondary-nav__name\">Quand et pourquoi <\/span>\n    <\/a>\n<\/li>\n<li class=\"secondary-nav__item\">\n    <a href=\"https:\/\/www.uni.lu\/lcsb-fr\/recherche\/recherche-animale\/comment-protegeons-nous-les-animaux\" target=\"\" rel=\"noreferrer noopener\" class=\"secondary-nav__link \">\n        <svg aria-hidden=\"true\" focusable=\"false\" class=\"icon icon-outline icon--xs\">\n            <use xlink:href=\"https:\/\/www.uni.lu\/wp-content\/themes\/unilux-theme\/assets\/images\/icons\/icons-outline.svg#icon--arrow-right\" \/>\n        <\/svg>\n        <span class=\"secondary-nav__name\">Bien-\u00eatre<\/span>\n    <\/a>\n<\/li>\n<li class=\"secondary-nav__item\">\n    <a href=\"https:\/\/www.uni.lu\/lcsb-fr\/recherche\/recherche-animale\/le-droit-luxembourgeois\/\" target=\"\" rel=\"noreferrer noopener\" class=\"secondary-nav__link \">\n        <svg aria-hidden=\"true\" focusable=\"false\" class=\"icon icon-outline icon--xs\">\n            <use xlink:href=\"https:\/\/www.uni.lu\/wp-content\/themes\/unilux-theme\/assets\/images\/icons\/icons-outline.svg#icon--arrow-right\" \/>\n        <\/svg>\n        <span class=\"secondary-nav__name\">Droit luxembourgeois <\/span>\n    <\/a>\n<\/li>\n<li class=\"secondary-nav__item\">\n    <a href=\"https:\/\/www.uni.lu\/lcsb-fr\/recherche\/recherche-animale\/les-3r\/\" target=\"\" rel=\"noreferrer noopener\" class=\"secondary-nav__link \">\n        <svg aria-hidden=\"true\" focusable=\"false\" class=\"icon icon-outline icon--xs\">\n            <use xlink:href=\"https:\/\/www.uni.lu\/wp-content\/themes\/unilux-theme\/assets\/images\/icons\/icons-outline.svg#icon--arrow-right\" \/>\n        <\/svg>\n        <span class=\"secondary-nav__name\">Les 3R<\/span>\n    <\/a>\n<\/li>\n<li class=\"secondary-nav__item\">\n    <a href=\"https:\/\/www.uni.lu\/lcsb-fr\/recherche\/recherche-animale\/installations\" target=\"\" rel=\"noreferrer noopener\" class=\"secondary-nav__link \">\n        <svg aria-hidden=\"true\" focusable=\"false\" class=\"icon icon-outline icon--xs\">\n            <use xlink:href=\"https:\/\/www.uni.lu\/wp-content\/themes\/unilux-theme\/assets\/images\/icons\/icons-outline.svg#icon--arrow-right\" \/>\n        <\/svg>\n        <span class=\"secondary-nav__name\">Installations<\/span>\n    <\/a>\n<\/li>\n<li class=\"secondary-nav__item\">\n    <a href=\"https:\/\/www.uni.lu\/lcsb-fr\/recherche\/recherche-animale\/faits-chiffres\" target=\"\" rel=\"noreferrer noopener\" class=\"secondary-nav__link \">\n        <svg aria-hidden=\"true\" focusable=\"false\" class=\"icon icon-outline icon--xs\">\n            <use xlink:href=\"https:\/\/www.uni.lu\/wp-content\/themes\/unilux-theme\/assets\/images\/icons\/icons-outline.svg#icon--arrow-right\" \/>\n        <\/svg>\n        <span class=\"secondary-nav__name\">Faits et chiffres<\/span>\n    <\/a>\n<\/li>\n<li class=\"secondary-nav__item\">\n    <a href=\"https:\/\/www.uni.lu\/lcsb-fr\/recherche\/recherche-animale\/exemples-projets-recherche\" target=\"\" rel=\"noreferrer noopener\" class=\"secondary-nav__link \">\n        <svg aria-hidden=\"true\" focusable=\"false\" class=\"icon icon-outline icon--xs\">\n            <use xlink:href=\"https:\/\/www.uni.lu\/wp-content\/themes\/unilux-theme\/assets\/images\/icons\/icons-outline.svg#icon--arrow-right\" \/>\n        <\/svg>\n        <span class=\"secondary-nav__name\">Exemples de projets<\/span>\n    <\/a>\n<\/li>\n<li class=\"secondary-nav__item\">\n    <a href=\"https:\/\/www.uni.lu\/lcsb-fr\/recherche\/recherche-animale\/formation\" target=\"\" rel=\"noreferrer noopener\" class=\"secondary-nav__link \">\n        <svg aria-hidden=\"true\" focusable=\"false\" class=\"icon icon-outline icon--xs\">\n            <use xlink:href=\"https:\/\/www.uni.lu\/wp-content\/themes\/unilux-theme\/assets\/images\/icons\/icons-outline.svg#icon--arrow-right\" \/>\n        <\/svg>\n        <span class=\"secondary-nav__name\">Formation<\/span>\n    <\/a>\n<\/li>\n        <\/ul>\n    <\/nav>\n<\/div>\n<!-- end SecondaryNavigationMirror --><\/div><\/section>\n\n\n\n<section class=\"wp-block-unilux-blocks-free-section section\"><div class=\"container xl:max-w-screen-xl\">\n<h2 class=\"has-text-align-left wp-block-unilux-blocks-heading\"        id=\"comment-lecosysteme-microbien-de-notre-appareil-digestif-influence-notre-etat-de-sante\"\n    >\nComment l\u2019\u00e9cosyst\u00e8me microbien de notre appareil digestif influence notre \u00e9tat de sant\u00e9<\/h2>\n\n\n\n<p>Les bact\u00e9ries pr\u00e9sentes dans notre intestin peuvent-elles \u00eatre \u00e0 l\u2019origine des cancers ou m\u00eame des maladies neurod\u00e9g\u00e9n\u00e9ratives du cerveau ? Peuvent-elles d\u00e9terminer si nous sommes ob\u00e8ses ou maigres ? Et si c\u2019est le cas, comment pourrions-nous influencer des milliards de microorganismes qui vivent dans notre corps ? Le groupe Systems Ecology du LCSB cherche \u00e0 apporter des r\u00e9ponses \u00e0 ces questions et \u00e0 d\u2019autres concernant le microbiote, la communaut\u00e9 de tous les organismes microbiens qui vivent dans et sur notre corps. Au total, plus de 1 500 esp\u00e8ces diff\u00e9rentes repr\u00e9sentent environ 1,5 kg de notre masse corporelle. Depuis cinq ans, cet \u00e9cosyst\u00e8me pr\u00e9sent dans notre corps a fait l\u2019objet de nombreuses \u00e9tudes en raison de son impact potentiellement consid\u00e9rable sur la sant\u00e9 humaine.<\/p>\n\n\n\n<p>\u00ab Nous savons que l\u2019\u00e9quilibre entre diff\u00e9rents types de microbes est important \u00bb, indique le professeur Paul Wilmes, qui dirige le groupe System Ecology du LCSB. \u00ab Toutefois, nous ne comprenons pas encore comment les perturbations de cet \u00e9quilibre, par exemple en raison d\u2019une plus grande abondance d\u2019un type de microbes, peuvent entra\u00eener diff\u00e9rentes maladies, telles que le cancer, les troubles du m\u00e9tabolisme ou m\u00eame la maladie de Parkinson. \u00bb Paul Wilmes et son \u00e9quipe ont donc entrepris d\u2019\u00e9tudier les interactions entre diff\u00e9rentes compositions microbiennes et les cellules \u00e9pith\u00e9liales de l\u2019intestin. Ils supposent que les changements susceptibles de d\u00e9clencher une maladie seront d\u2019abord visibles \u00e0 cette interface entre les microbes et leur h\u00f4te humain.<\/p>\n\n\n\n<p>En analysant des \u00e9chantillons de selles de volontaires, les chercheurs commencent par identifier les types de bact\u00e9ries pr\u00e9sents chez les sujets malades et en sains. Dans un deuxi\u00e8me temps, ils souhaitent \u00e9tudier l&rsquo;effet de ces diff\u00e9rences sur les cellules de l\u2019intestin et d\u00e9terminer si elles pourraient \u00eatre \u00e0 l\u2019origine des maladies. Comme les exp\u00e9riences sur des sujets humains seraient trop invasives pour r\u00e9pondre \u00e0 ces questions et que le microbiote intestinal des souris est tr\u00e8s diff\u00e9rent de celui des humains, Wilmes et son \u00e9quipe ont mis au point un nouveau mod\u00e8le in vitro, appel\u00e9 HuMiX. Ce dispositif microfluidique permet de cultiver des cellules \u00e9pith\u00e9liales de l\u2019intestin humain en pr\u00e9sence de communaut\u00e9s microbiennes. \u00ab Nous pouvons exposer les cellules humaines \u00e0 diff\u00e9rentes compositions bact\u00e9riennes et observer les voies mol\u00e9culaires qu\u2019elles pourraient d\u00e9clencher dans l\u2019intestin et dans quelles conditions \u00bb, explique Wilmes. Les r\u00e9sultats pourraient contribuer au criblage des micro-organismes pour leurs effets b\u00e9n\u00e9fiques potentiels, tels que les propri\u00e9t\u00e9s anti-inflammatoires, qui pourraient ainsi influencer les maladies, telles que les allergies ou les troubles auto-immuns.<\/p>\n\n\n\n<p>R\u00e9cemment, l\u2019\u00e9quipe a fait passer HuMiX au niveau sup\u00e9rieur : MicroGUT est un mod\u00e8le in vitro de l\u2019ensemble du tractus gastro-intestinal humain. Diff\u00e9rentes unit\u00e9s, permettant de simuler chaque partie de l\u2019intestin, sont utilis\u00e9es pour \u00e9tudier les effets des bact\u00e9ries, des nutriments et des m\u00e9dicaments sur la physiologie humaine. \u00ab Nous pouvons l\u2019utiliser pour simuler certains processus dans les diff\u00e9rents segments du tractus gastro-intestinal, comme le catabolisme des m\u00e9dicaments dans le corps \u00bb, pr\u00e9cise Wilmes. Les chercheurs ont maintenant l\u2019intention d\u2019utiliser MicroGUT pour \u00e9valuer la pharmacocin\u00e9tique sur une base individuelle sans avoir recours \u00e0 de mod\u00e8les animaux, et par la suite pour personnaliser de mani\u00e8re optimale la th\u00e9rapie m\u00e9dicamenteuse.<\/p>\n<\/div><\/section>\n<\/div>","protected":false},"excerpt":{"rendered":"","protected":false},"author":39,"featured_media":0,"parent":1078,"menu_order":0,"comment_status":"closed","ping_status":"closed","template":"","meta":{"featured_image_focal_point":[],"show_featured_caption":false,"ulux_newsletter_groups":"","uluxPostTitle":"","uluxPrePostTitle":"","_trash_the_other_posts":false,"_price":"","_stock":"","_tribe_ticket_header":"","_tribe_default_ticket_provider":"","_tribe_ticket_capacity":"0","_ticket_start_date":"","_ticket_end_date":"","_tribe_ticket_show_description":"","_tribe_ticket_show_not_going":false,"_tribe_ticket_use_global_stock":"","_tribe_ticket_global_stock_level":"","_global_stock_mode":"","_global_stock_cap":"","_tribe_rsvp_for_event":"","_tribe_ticket_going_count":"","_tribe_ticket_not_going_count":"","_tribe_tickets_list":"[]","_tribe_ticket_has_attendee_info_fields":false,"footnotes":""},"field-of-interest":[289],"organisation":[526,525],"authorship":[39,56],"acf":[],"yoast_head":"<!-- This site is optimized with the Yoast SEO Premium plugin v22.3 (Yoast SEO v22.3) - https:\/\/yoast.com\/wordpress\/plugins\/seo\/ -->\n<title>Comment l\u2019\u00e9cosyst\u00e8me microbien de notre appareil digestif influence notre \u00e9tat de sant\u00e9 et de maladie - LCSB - Universit\u00e9 du Luxembourg I Uni.lu<\/title>\n<meta name=\"robots\" content=\"index, follow, max-snippet:-1, max-image-preview:large, max-video-preview:-1\" \/>\n<link rel=\"canonical\" href=\"https:\/\/www.uni.lu\/lcsb-fr\/recherche\/recherche-animale\/exemples-projets-recherche\/ecosysteme-microbien\/\" \/>\n<meta property=\"og:locale\" content=\"fr_FR\" \/>\n<meta property=\"og:type\" content=\"article\" \/>\n<meta property=\"og:title\" content=\"Comment l\u2019\u00e9cosyst\u00e8me microbien de notre appareil digestif influence notre \u00e9tat de sant\u00e9 et de maladie\" \/>\n<meta property=\"og:url\" content=\"https:\/\/www.uni.lu\/lcsb-fr\/recherche\/recherche-animale\/exemples-projets-recherche\/ecosysteme-microbien\/\" \/>\n<meta property=\"og:site_name\" content=\"LCSB FR\" \/>\n<meta property=\"article:modified_time\" content=\"2024-07-31T14:17:43+00:00\" \/>\n<meta property=\"og:image\" content=\"https:\/\/www.uni.lu\/wp-content\/uploads\/sites\/22\/2026\/03\/03113045\/LCSB_SM-Profile_1600x1600px-scaled.jpg\" \/>\n\t<meta property=\"og:image:width\" content=\"2560\" \/>\n\t<meta property=\"og:image:height\" content=\"2560\" \/>\n\t<meta property=\"og:image:type\" content=\"image\/jpeg\" \/>\n<meta name=\"twitter:card\" content=\"summary_large_image\" \/>\n<meta name=\"twitter:label1\" content=\"Dur\u00e9e de lecture estim\u00e9e\" \/>\n\t<meta name=\"twitter:data1\" content=\"3 minutes\" \/>\n<script type=\"application\/ld+json\" class=\"yoast-schema-graph\">{\"@context\":\"https:\/\/schema.org\",\"@graph\":[{\"@type\":\"WebPage\",\"@id\":\"https:\/\/www.uni.lu\/lcsb-fr\/recherche\/recherche-animale\/exemples-projets-recherche\/ecosysteme-microbien\/\",\"url\":\"https:\/\/www.uni.lu\/lcsb-fr\/recherche\/recherche-animale\/exemples-projets-recherche\/ecosysteme-microbien\/\",\"name\":\"Comment l\u2019\u00e9cosyst\u00e8me microbien de notre appareil digestif influence notre \u00e9tat de sant\u00e9 et de maladie - LCSB - Universit\u00e9 du Luxembourg I Uni.lu\",\"isPartOf\":{\"@id\":\"https:\/\/www.uni.lu\/lcsb-fr\/#website\"},\"datePublished\":\"2024-07-23T08:38:21+00:00\",\"dateModified\":\"2024-07-31T14:17:43+00:00\",\"breadcrumb\":{\"@id\":\"https:\/\/www.uni.lu\/lcsb-fr\/recherche\/recherche-animale\/exemples-projets-recherche\/ecosysteme-microbien\/#breadcrumb\"},\"inLanguage\":\"fr-FR\",\"potentialAction\":[{\"@type\":\"ReadAction\",\"target\":[\"https:\/\/www.uni.lu\/lcsb-fr\/recherche\/recherche-animale\/exemples-projets-recherche\/ecosysteme-microbien\/\"]}]},{\"@type\":\"BreadcrumbList\",\"@id\":\"https:\/\/www.uni.lu\/lcsb-fr\/recherche\/recherche-animale\/exemples-projets-recherche\/ecosysteme-microbien\/#breadcrumb\",\"itemListElement\":[{\"@type\":\"ListItem\",\"position\":1,\"name\":\"Home\",\"item\":\"https:\/\/www.uni.lu\/fr\"},{\"@type\":\"ListItem\",\"position\":2,\"name\":\"Luxembourg Centre for Systems Biomedicine (LCSB)\",\"item\":\"https:\/\/www.uni.lu\/lcsb-fr\/\"},{\"@type\":\"ListItem\",\"position\":3,\"name\":\"Recherche\",\"item\":\"https:\/\/www.uni.lu\/lcsb-fr\/recherche\/\"},{\"@type\":\"ListItem\",\"position\":4,\"name\":\"Recherche animale\",\"item\":\"https:\/\/www.uni.lu\/lcsb-fr\/recherche\/recherche-animale\/\"},{\"@type\":\"ListItem\",\"position\":5,\"name\":\"Exemples de projets de recherche\",\"item\":\"https:\/\/www.uni.lu\/lcsb-fr\/recherche\/recherche-animale\/exemples-projets-recherche\/\"},{\"@type\":\"ListItem\",\"position\":6,\"name\":\"Comment l\u2019\u00e9cosyst\u00e8me microbien de notre appareil digestif influence notre \u00e9tat de sant\u00e9 et de maladie\"}]},{\"@type\":\"WebSite\",\"@id\":\"https:\/\/www.uni.lu\/lcsb-fr\/#website\",\"url\":\"https:\/\/www.uni.lu\/lcsb-fr\/\",\"name\":\"LCSB\",\"description\":\"Luxembourg Centre for Systems Biomedicine I Uni.lu\",\"publisher\":{\"@id\":\"https:\/\/www.uni.lu\/lcsb-fr\/#organization\"},\"alternateName\":\"Luxembourg Centre for Systems Biomedicine I Universit\u00e9 du Luxembourg\",\"potentialAction\":[{\"@type\":\"SearchAction\",\"target\":{\"@type\":\"EntryPoint\",\"urlTemplate\":\"https:\/\/www.uni.lu\/lcsb-fr\/?s={search_term_string}\"},\"query-input\":\"required name=search_term_string\"}],\"inLanguage\":\"fr-FR\"},{\"@type\":\"Organization\",\"@id\":\"https:\/\/www.uni.lu\/lcsb-fr\/#organization\",\"name\":\"LCSB - Universit\u00e9 du Luxembourg I Uni.lu\",\"alternateName\":\"Luxembourg Centre for Systems Biomedicine\",\"url\":\"https:\/\/www.uni.lu\/lcsb-fr\/\",\"logo\":{\"@type\":\"ImageObject\",\"inLanguage\":\"fr-FR\",\"@id\":\"https:\/\/www.uni.lu\/lcsb-fr\/#\/schema\/logo\/image\/\",\"url\":\"https:\/\/www.uni.lu\/wp-content\/uploads\/sites\/22\/2026\/03\/03113045\/LCSB_SM-Profile_1600x1600px-scaled.jpg\",\"contentUrl\":\"https:\/\/www.uni.lu\/wp-content\/uploads\/sites\/22\/2026\/03\/03113045\/LCSB_SM-Profile_1600x1600px-scaled.jpg\",\"width\":2560,\"height\":2560,\"caption\":\"LCSB - Universit\u00e9 du Luxembourg I Uni.lu\"},\"image\":{\"@id\":\"https:\/\/www.uni.lu\/lcsb-fr\/#\/schema\/logo\/image\/\"},\"sameAs\":[\"https:\/\/www.linkedin.com\/showcase\/lcsb-university-of-luxembourg\"]}]}<\/script>\n<!-- \/ Yoast SEO Premium plugin. -->","yoast_head_json":{"title":"Comment l\u2019\u00e9cosyst\u00e8me microbien de notre appareil digestif influence notre \u00e9tat de sant\u00e9 et de maladie - LCSB - Universit\u00e9 du Luxembourg I Uni.lu","robots":{"index":"index","follow":"follow","max-snippet":"max-snippet:-1","max-image-preview":"max-image-preview:large","max-video-preview":"max-video-preview:-1"},"canonical":"https:\/\/www.uni.lu\/lcsb-fr\/recherche\/recherche-animale\/exemples-projets-recherche\/ecosysteme-microbien\/","og_locale":"fr_FR","og_type":"article","og_title":"Comment l\u2019\u00e9cosyst\u00e8me microbien de notre appareil digestif influence notre \u00e9tat de sant\u00e9 et de maladie","og_url":"https:\/\/www.uni.lu\/lcsb-fr\/recherche\/recherche-animale\/exemples-projets-recherche\/ecosysteme-microbien\/","og_site_name":"LCSB FR","article_modified_time":"2024-07-31T14:17:43+00:00","og_image":[{"width":2560,"height":2560,"url":"https:\/\/www.uni.lu\/wp-content\/uploads\/sites\/22\/2026\/03\/03113045\/LCSB_SM-Profile_1600x1600px-scaled.jpg","type":"image\/jpeg"}],"twitter_card":"summary_large_image","twitter_misc":{"Dur\u00e9e de lecture estim\u00e9e":"3 minutes"},"schema":{"@context":"https:\/\/schema.org","@graph":[{"@type":"WebPage","@id":"https:\/\/www.uni.lu\/lcsb-fr\/recherche\/recherche-animale\/exemples-projets-recherche\/ecosysteme-microbien\/","url":"https:\/\/www.uni.lu\/lcsb-fr\/recherche\/recherche-animale\/exemples-projets-recherche\/ecosysteme-microbien\/","name":"Comment l\u2019\u00e9cosyst\u00e8me microbien de notre appareil digestif influence notre \u00e9tat de sant\u00e9 et de maladie - LCSB - Universit\u00e9 du Luxembourg I Uni.lu","isPartOf":{"@id":"https:\/\/www.uni.lu\/lcsb-fr\/#website"},"datePublished":"2024-07-23T08:38:21+00:00","dateModified":"2024-07-31T14:17:43+00:00","breadcrumb":{"@id":"https:\/\/www.uni.lu\/lcsb-fr\/recherche\/recherche-animale\/exemples-projets-recherche\/ecosysteme-microbien\/#breadcrumb"},"inLanguage":"fr-FR","potentialAction":[{"@type":"ReadAction","target":["https:\/\/www.uni.lu\/lcsb-fr\/recherche\/recherche-animale\/exemples-projets-recherche\/ecosysteme-microbien\/"]}]},{"@type":"BreadcrumbList","@id":"https:\/\/www.uni.lu\/lcsb-fr\/recherche\/recherche-animale\/exemples-projets-recherche\/ecosysteme-microbien\/#breadcrumb","itemListElement":[{"@type":"ListItem","position":1,"name":"Home","item":"https:\/\/www.uni.lu\/fr"},{"@type":"ListItem","position":2,"name":"Luxembourg Centre for Systems Biomedicine (LCSB)","item":"https:\/\/www.uni.lu\/lcsb-fr\/"},{"@type":"ListItem","position":3,"name":"Recherche","item":"https:\/\/www.uni.lu\/lcsb-fr\/recherche\/"},{"@type":"ListItem","position":4,"name":"Recherche animale","item":"https:\/\/www.uni.lu\/lcsb-fr\/recherche\/recherche-animale\/"},{"@type":"ListItem","position":5,"name":"Exemples de projets de recherche","item":"https:\/\/www.uni.lu\/lcsb-fr\/recherche\/recherche-animale\/exemples-projets-recherche\/"},{"@type":"ListItem","position":6,"name":"Comment l\u2019\u00e9cosyst\u00e8me microbien de notre appareil digestif influence notre \u00e9tat de sant\u00e9 et de maladie"}]},{"@type":"WebSite","@id":"https:\/\/www.uni.lu\/lcsb-fr\/#website","url":"https:\/\/www.uni.lu\/lcsb-fr\/","name":"LCSB","description":"Luxembourg Centre for Systems Biomedicine I Uni.lu","publisher":{"@id":"https:\/\/www.uni.lu\/lcsb-fr\/#organization"},"alternateName":"Luxembourg Centre for Systems Biomedicine I Universit\u00e9 du Luxembourg","potentialAction":[{"@type":"SearchAction","target":{"@type":"EntryPoint","urlTemplate":"https:\/\/www.uni.lu\/lcsb-fr\/?s={search_term_string}"},"query-input":"required name=search_term_string"}],"inLanguage":"fr-FR"},{"@type":"Organization","@id":"https:\/\/www.uni.lu\/lcsb-fr\/#organization","name":"LCSB - Universit\u00e9 du Luxembourg I Uni.lu","alternateName":"Luxembourg Centre for Systems Biomedicine","url":"https:\/\/www.uni.lu\/lcsb-fr\/","logo":{"@type":"ImageObject","inLanguage":"fr-FR","@id":"https:\/\/www.uni.lu\/lcsb-fr\/#\/schema\/logo\/image\/","url":"https:\/\/www.uni.lu\/wp-content\/uploads\/sites\/22\/2026\/03\/03113045\/LCSB_SM-Profile_1600x1600px-scaled.jpg","contentUrl":"https:\/\/www.uni.lu\/wp-content\/uploads\/sites\/22\/2026\/03\/03113045\/LCSB_SM-Profile_1600x1600px-scaled.jpg","width":2560,"height":2560,"caption":"LCSB - Universit\u00e9 du Luxembourg I Uni.lu"},"image":{"@id":"https:\/\/www.uni.lu\/lcsb-fr\/#\/schema\/logo\/image\/"},"sameAs":["https:\/\/www.linkedin.com\/showcase\/lcsb-university-of-luxembourg"]}]}},"ticketed":false,"_links":{"self":[{"href":"https:\/\/www.uni.lu\/lcsb-fr\/wp-json\/wp\/v2\/pages\/1099"}],"collection":[{"href":"https:\/\/www.uni.lu\/lcsb-fr\/wp-json\/wp\/v2\/pages"}],"about":[{"href":"https:\/\/www.uni.lu\/lcsb-fr\/wp-json\/wp\/v2\/types\/page"}],"author":[{"embeddable":true,"href":"https:\/\/www.uni.lu\/lcsb-fr\/wp-json\/wp\/v2\/users\/39"}],"replies":[{"embeddable":true,"href":"https:\/\/www.uni.lu\/lcsb-fr\/wp-json\/wp\/v2\/comments?post=1099"}],"version-history":[{"count":4,"href":"https:\/\/www.uni.lu\/lcsb-fr\/wp-json\/wp\/v2\/pages\/1099\/revisions"}],"predecessor-version":[{"id":1220,"href":"https:\/\/www.uni.lu\/lcsb-fr\/wp-json\/wp\/v2\/pages\/1099\/revisions\/1220"}],"up":[{"embeddable":true,"href":"https:\/\/www.uni.lu\/lcsb-fr\/wp-json\/wp\/v2\/pages\/1078"}],"wp:authorship":[{"embeddable":true,"href":"https:\/\/www.uni.lu\/lcsb-fr\/wp-json\/wp\/v2\/users\/39"},{"embeddable":true,"href":"https:\/\/www.uni.lu\/lcsb-fr\/wp-json\/wp\/v2\/users\/56"}],"wp:attachment":[{"href":"https:\/\/www.uni.lu\/lcsb-fr\/wp-json\/wp\/v2\/media?parent=1099"}],"wp:term":[{"taxonomy":"field-of-interest","embeddable":true,"href":"https:\/\/www.uni.lu\/lcsb-fr\/wp-json\/wp\/v2\/field-of-interest?post=1099"},{"taxonomy":"organisation","embeddable":true,"href":"https:\/\/www.uni.lu\/lcsb-fr\/wp-json\/wp\/v2\/organisation?post=1099"}],"curies":[{"name":"wp","href":"https:\/\/api.w.org\/{rel}","templated":true}]}}