{"id":1085,"date":"2024-07-22T16:42:17","date_gmt":"2024-07-22T14:42:17","guid":{"rendered":"https:\/\/www.uni.lu\/lcsb-fr\/?page_id=1085"},"modified":"2024-07-31T14:28:59","modified_gmt":"2024-07-31T12:28:59","slug":"epilepsie-enfants","status":"publish","type":"page","link":"https:\/\/www.uni.lu\/lcsb-fr\/recherche\/recherche-animale\/exemples-projets-recherche\/epilepsie-enfants\/","title":{"rendered":"D\u00e9couvrir de nouveaux m\u00e9canismes et th\u00e9rapies pour soigner l\u2019\u00e9pilepsie chez les enfants"},"content":{"rendered":"<div class=\"section py-0 static\">\n<section class=\"py-0 wp-block-unilux-blocks-free-section section\"><div class=\"container xl:max-w-screen-xl\"><!-- SecondaryNavigationMirror --><div class=\"js-secondary-nav--sticky wp-block-unilux-blocks-secondary-navigation\" id=\"079cacee-a280-4f42-8b0f-7a37a67d3516\">\n    <nav id=\"secondary-navigation\" role=\"navigation\" aria-label=\"Secondary menu\" class=\"secondary-nav\">\n        <button class=\"secondary-nav__button btn btn-solid--primary w-full\" aria-expanded=\"false\" aria-controls=\"secondary-navigation__list\" title=\"The selected page is \u00c0 propos\" type=\"button\">\n            <span class=\"btn__name mr-auto\">\u00c0 propos<\/span>\n            <svg aria-hidden=\"true\" focusable=\"false\" class=\"icon icon-outline icon--xs\">\n                <use xlink:href=\"https:\/\/www.uni.lu\/wp-content\/themes\/unilux-theme\/assets\/images\/icons\/icons-outline.svg#icon--arrow-down\" \/>\n            <\/svg>\n        <\/button>\n\n        <ul id=\"secondary-navigation__list\" class=\"secondary-nav__list\">\n            <li class=\"secondary-nav__item\">\n    <a href=\"https:\/\/www.uni.lu\/lcsb-fr\/recherche\/recherche-animale\/\" target=\"\" rel=\"noreferrer noopener\" class=\"secondary-nav__link \">\n        <svg aria-hidden=\"true\" focusable=\"false\" class=\"icon icon-outline icon--xs\">\n            <use xlink:href=\"https:\/\/www.uni.lu\/wp-content\/themes\/unilux-theme\/assets\/images\/icons\/icons-outline.svg#icon--arrow-right\" \/>\n        <\/svg>\n        <span class=\"secondary-nav__name\">\u00c0 propos<\/span>\n    <\/a>\n<\/li>\n<li class=\"secondary-nav__item\">\n    <a href=\"https:\/\/www.uni.lu\/lcsb-fr\/recherche\/recherche-animale\/quand-pourquoi\/\" target=\"\" rel=\"noreferrer noopener\" class=\"secondary-nav__link \">\n        <svg aria-hidden=\"true\" focusable=\"false\" class=\"icon icon-outline icon--xs\">\n            <use xlink:href=\"https:\/\/www.uni.lu\/wp-content\/themes\/unilux-theme\/assets\/images\/icons\/icons-outline.svg#icon--arrow-right\" \/>\n        <\/svg>\n        <span class=\"secondary-nav__name\">Quand et pourquoi <\/span>\n    <\/a>\n<\/li>\n<li class=\"secondary-nav__item\">\n    <a href=\"https:\/\/www.uni.lu\/lcsb-fr\/recherche\/recherche-animale\/comment-protegeons-nous-les-animaux\" target=\"\" rel=\"noreferrer noopener\" class=\"secondary-nav__link \">\n        <svg aria-hidden=\"true\" focusable=\"false\" class=\"icon icon-outline icon--xs\">\n            <use xlink:href=\"https:\/\/www.uni.lu\/wp-content\/themes\/unilux-theme\/assets\/images\/icons\/icons-outline.svg#icon--arrow-right\" \/>\n        <\/svg>\n        <span class=\"secondary-nav__name\">Bien-\u00eatre<\/span>\n    <\/a>\n<\/li>\n<li class=\"secondary-nav__item\">\n    <a href=\"https:\/\/www.uni.lu\/lcsb-fr\/recherche\/recherche-animale\/le-droit-luxembourgeois\/\" target=\"\" rel=\"noreferrer noopener\" class=\"secondary-nav__link \">\n        <svg aria-hidden=\"true\" focusable=\"false\" class=\"icon icon-outline icon--xs\">\n            <use xlink:href=\"https:\/\/www.uni.lu\/wp-content\/themes\/unilux-theme\/assets\/images\/icons\/icons-outline.svg#icon--arrow-right\" \/>\n        <\/svg>\n        <span class=\"secondary-nav__name\">Droit luxembourgeois <\/span>\n    <\/a>\n<\/li>\n<li class=\"secondary-nav__item\">\n    <a href=\"https:\/\/www.uni.lu\/lcsb-fr\/recherche\/recherche-animale\/les-3r\/\" target=\"\" rel=\"noreferrer noopener\" class=\"secondary-nav__link \">\n        <svg aria-hidden=\"true\" focusable=\"false\" class=\"icon icon-outline icon--xs\">\n            <use xlink:href=\"https:\/\/www.uni.lu\/wp-content\/themes\/unilux-theme\/assets\/images\/icons\/icons-outline.svg#icon--arrow-right\" \/>\n        <\/svg>\n        <span class=\"secondary-nav__name\">Les 3R<\/span>\n    <\/a>\n<\/li>\n<li class=\"secondary-nav__item\">\n    <a href=\"https:\/\/www.uni.lu\/lcsb-fr\/recherche\/recherche-animale\/installations\" target=\"\" rel=\"noreferrer noopener\" class=\"secondary-nav__link \">\n        <svg aria-hidden=\"true\" focusable=\"false\" class=\"icon icon-outline icon--xs\">\n            <use xlink:href=\"https:\/\/www.uni.lu\/wp-content\/themes\/unilux-theme\/assets\/images\/icons\/icons-outline.svg#icon--arrow-right\" \/>\n        <\/svg>\n        <span class=\"secondary-nav__name\">Installations<\/span>\n    <\/a>\n<\/li>\n<li class=\"secondary-nav__item\">\n    <a href=\"https:\/\/www.uni.lu\/lcsb-fr\/recherche\/recherche-animale\/faits-chiffres\" target=\"\" rel=\"noreferrer noopener\" class=\"secondary-nav__link \">\n        <svg aria-hidden=\"true\" focusable=\"false\" class=\"icon icon-outline icon--xs\">\n            <use xlink:href=\"https:\/\/www.uni.lu\/wp-content\/themes\/unilux-theme\/assets\/images\/icons\/icons-outline.svg#icon--arrow-right\" \/>\n        <\/svg>\n        <span class=\"secondary-nav__name\">Faits et chiffres<\/span>\n    <\/a>\n<\/li>\n<li class=\"secondary-nav__item\">\n    <a href=\"https:\/\/www.uni.lu\/lcsb-fr\/recherche\/recherche-animale\/exemples-projets-recherche\" target=\"\" rel=\"noreferrer noopener\" class=\"secondary-nav__link \">\n        <svg aria-hidden=\"true\" focusable=\"false\" class=\"icon icon-outline icon--xs\">\n            <use xlink:href=\"https:\/\/www.uni.lu\/wp-content\/themes\/unilux-theme\/assets\/images\/icons\/icons-outline.svg#icon--arrow-right\" \/>\n        <\/svg>\n        <span class=\"secondary-nav__name\">Exemples de projets<\/span>\n    <\/a>\n<\/li>\n<li class=\"secondary-nav__item\">\n    <a href=\"https:\/\/www.uni.lu\/lcsb-fr\/recherche\/recherche-animale\/formation\" target=\"\" rel=\"noreferrer noopener\" class=\"secondary-nav__link \">\n        <svg aria-hidden=\"true\" focusable=\"false\" class=\"icon icon-outline icon--xs\">\n            <use xlink:href=\"https:\/\/www.uni.lu\/wp-content\/themes\/unilux-theme\/assets\/images\/icons\/icons-outline.svg#icon--arrow-right\" \/>\n        <\/svg>\n        <span class=\"secondary-nav__name\">Formation<\/span>\n    <\/a>\n<\/li>\n        <\/ul>\n    <\/nav>\n<\/div>\n<!-- end SecondaryNavigationMirror --><\/div><\/section>\n\n\n\n<section class=\"wp-block-unilux-blocks-free-section section\"><div class=\"container xl:max-w-screen-xl\">\n<h1 class=\"has-text-align-left wp-block-unilux-blocks-heading\"        id=\"des-nouveaux-mecanismes-et-therapies-pour-soigner-lepilepsie-chez-les-enfants\"\n    >\nDes nouveaux m\u00e9canismes et th\u00e9rapies pour soigner l\u2019\u00e9pilepsie chez les enfants<\/h1>\n\n\n\n<p>L\u2019\u00e9pilepsie est un des troubles neurologiques les plus r\u00e9pandus au monde. Des perturbations de l\u2019activit\u00e9 normale des cellules nerveuses dans le cerveau provoquent des crises spontan\u00e9es. Si certaines formes d\u2019\u00e9pilepsie sont li\u00e9es \u00e0 d\u2019autres maladies, comme une infection du cerveau, un accident vasculaire c\u00e9r\u00e9bral ou un cancer, ou par des traumatismes physiques lors d\u2019accidents ou de chutes, la cause de la plupart des formes d\u2019\u00e9pilepsie qui surviennent dans la petite enfance n\u2019est pas encore clairement comprise. Des \u00e9tudes r\u00e9centes ont confirm\u00e9 une forte influence g\u00e9n\u00e9tique, mais il existe encore de nombreuses formes pour lesquelles aucun traitement ad\u00e9quat n\u2019est disponible.<\/p>\n\n\n\n<p>\u00ab\u00a0Nous \u00e9tudions les origines g\u00e9n\u00e9tiques du syndrome de Dravet et des \u00e9pileptiques apparent\u00e9es. Les enfants atteints de ces maladies ont des crises qui ne r\u00e9pondent pas aux m\u00e9dicaments actuellement disponibles et pr\u00e9sentent de graves retards de d\u00e9veloppement\u00a0\u00bb, explique le Dr\u00a0Alexander Crawford, responsable du groupe Chemical Biology du Luxembourg Centre for Systems Biomedicine (LCSB) de l\u2019Universit\u00e9 du Luxembourg. Pour identifier l\u2019origine g\u00e9n\u00e9tique de ces maladies, Crawford collabore avec des cliniciens et des chercheurs en g\u00e9n\u00e9tique du LCSB et d\u2019autres instituts de recherche qui proc\u00e8dent au s\u00e9quen\u00e7age du g\u00e9nome des enfants atteints et de leurs parents sains. Ils cherchent \u00e0 identifier des diff\u00e9rences g\u00e9n\u00e9tiques entre les parents et l\u2019enfant susceptibles de r\u00e9v\u00e9ler de nouvelles mutations, dites\u00a0<em>de novo<\/em>, dans des g\u00e8nes sp\u00e9cifiques qui pourraient \u00eatre \u00e0 l\u2019origine de ces maladies.<\/p>\n\n\n\n<p>Une fois que l\u2019\u00e9quipe a identifi\u00e9 une mutation potentiellement responsable de l\u2019\u00e9pilepsie, elle doit confirmer cette d\u00e9couverte pour s\u2019assurer que ce g\u00e8ne est bien \u00e0 l\u2019origine des crises. Pour ce faire, les chercheurs ont recours \u00e0 l\u2019exp\u00e9rimentation animale, en choisissant le poisson z\u00e8bre (<em>Danio rerio<\/em>). Ce dernier pr\u00e9sente un sch\u00e9ma de nage caract\u00e9ristique pendant les crises d\u2019\u00e9pilepsie et poss\u00e8de plusieurs autres avantages qui en font un mod\u00e8le appropri\u00e9 pour \u00e9tudier l\u2019\u00e9pilepsie. Le poisson-z\u00e8bre est un petit poisson tropical d\u2019eau douce originaire du sud-est de l\u2019Himalaya. C\u2019est un organisme mod\u00e8le vert\u00e9br\u00e9 important et largement utilis\u00e9 en recherche scientifique, en particulier dans les domaines de la biologie du d\u00e9veloppement, de la g\u00e9nomique fonctionnelle, de la mod\u00e9lisation des maladies et de la d\u00e9couverte de m\u00e9dicaments. Les exp\u00e9riences sont r\u00e9alis\u00e9es sur des embryons et des larves du poisson, qui sont microscopiques et optiquement translucides, ce qui permet de suivre leur d\u00e9veloppement au microscope en quelques heures.<\/p>\n\n\n\n<p>\u00ab\u00a0Plus de 70\u00a0% des g\u00e8nes humains sont conserv\u00e9s chez le poisson-z\u00e8bre, ce qui nous permet d\u2019\u00e9tudier leur r\u00f4le dans le cerveau\u00a0\u00bb, explique Crawford. Avec son \u00e9quipe, il introduit dans le poisson soit la m\u00eame mutation g\u00e9n\u00e9tique potentiellement susceptible de causer l\u2019\u00e9pilepsie chez les patients, soit de petites s\u00e9quences bloquantes sp\u00e9cifiques qui inactivent la fonction du g\u00e8ne. Pour ce faire, ils injectent du mat\u00e9riel g\u00e9n\u00e9tique modifi\u00e9 dans des \u0153ufs f\u00e9cond\u00e9s, ci qui modifie l\u2019activit\u00e9 du g\u00e8ne en question. Pendant une p\u00e9riode de un \u00e0 cinq\u00a0jours, les chercheurs surveillent le comportement de nage des larves \u00e0 l\u2019aide de dispositifs de suivi automatis\u00e9s et enregistrent l\u2019activit\u00e9 c\u00e9r\u00e9brale via des techniques d\u2019\u00e9lectroenc\u00e9phalographie. Si les larves g\u00e9n\u00e9tiquement modifi\u00e9es pr\u00e9sentent un comportement de nage diff\u00e9rent et une activit\u00e9 c\u00e9r\u00e9brale accrue par rapport aux larves t\u00e9moins non trait\u00e9es, cela indique que la mutation des patients introduite chez les poissons provoque aussi l\u2019\u00e9pilepsie dans le mod\u00e8le du poisson-z\u00e8bre.<\/p>\n\n\n\n<p>Une fois qu\u2019une telle mutation g\u00e9n\u00e9tique est trouv\u00e9e, les chercheurs peuvent \u00e9tudier de pr\u00e8s les m\u00e9canismes par lesquels la mutation perturbe l\u2019activit\u00e9 normale des cellules nerveuses et chercher des m\u00e9dicaments qui pourraient traiter les crises. \u00c0 cette fin, Crawford et son \u00e9quipe exposent les larves de poisson g\u00e9n\u00e9tiquement modifi\u00e9es \u00e0 un large \u00e9ventail de mol\u00e9cules. Ce sont \u00e0 la fois des m\u00e9dicaments approuv\u00e9s, des candidats m\u00e9dicaments avec des donn\u00e9es relatives \u00e0 la s\u00e9curit\u00e9 humaine et des compos\u00e9s naturels isol\u00e9s \u00e0 partir de plantes m\u00e9dicinales. \u00c9tant donn\u00e9 que les larves sont de tr\u00e8s petite taille (3 \u00e0 5\u00a0mm de long) et peuvent absorber les compos\u00e9s directement \u00e0 travers leur peau, leur tractus gastro-intestinal et leurs branchies, elles sont plac\u00e9es individuellement dans des plaques multipuits, dans lesquelles les compos\u00e9s sont ajout\u00e9s directement dans l\u2019eau. Cette m\u00e9thode permet de tester simultan\u00e9ment de nombreux compos\u00e9s. Gr\u00e2ce aux syst\u00e8mes de suivi automatis\u00e9, les chercheurs peuvent identifier les compos\u00e9s qui inhibent le comportement \u00e9pileptique provoqu\u00e9 par la mutation g\u00e9n\u00e9tique.<\/p>\n\n\n\n<p>La plateforme\u00a0aquatique du LCSB h\u00e9berge aujourd\u2019hui\u00a0un nombre croissant\u00a0de lign\u00e9es de poissons-z\u00e8bres g\u00e9n\u00e9tiquement\u00a0distincts\u00a0dans des aquariums sp\u00e9cialis\u00e9s. Un\u00a0responsable\u00a0de plateforme et une \u00e9quipe de chercheurs et de techniciens qualifi\u00e9s assurent\u00a0les soins\u00a0quotidiens\u00a0et le bien-\u00eatre de ces poissons. La plateforme\u00a0est\u00a0\u00e9quip\u00e9e de technologies de pointe,\u00a0notamment\u00a0des robots d\u2019alimentation qui\u00a0veillent \u00e0 ce que\u00a0les poissons adultes\u00a0soient nourris \u00e0 des intervalles et dans\u00a0des conditions optimales.<\/p>\n<\/div><\/section>\n<\/div>","protected":false},"excerpt":{"rendered":"","protected":false},"author":39,"featured_media":0,"parent":1078,"menu_order":0,"comment_status":"closed","ping_status":"closed","template":"","meta":{"featured_image_focal_point":[],"show_featured_caption":false,"ulux_newsletter_groups":"","uluxPostTitle":"","uluxPrePostTitle":"","_trash_the_other_posts":false,"_price":"","_stock":"","_tribe_ticket_header":"","_tribe_default_ticket_provider":"","_tribe_ticket_capacity":"0","_ticket_start_date":"","_ticket_end_date":"","_tribe_ticket_show_description":"","_tribe_ticket_show_not_going":false,"_tribe_ticket_use_global_stock":"","_tribe_ticket_global_stock_level":"","_global_stock_mode":"","_global_stock_cap":"","_tribe_rsvp_for_event":"","_tribe_ticket_going_count":"","_tribe_ticket_not_going_count":"","_tribe_tickets_list":"[]","_tribe_ticket_has_attendee_info_fields":false,"footnotes":""},"field-of-interest":[289],"organisation":[526,525],"authorship":[39,56],"acf":[],"yoast_head":"<!-- This site is optimized with the Yoast SEO Premium plugin v22.3 (Yoast SEO v22.3) - https:\/\/yoast.com\/wordpress\/plugins\/seo\/ -->\n<title>D\u00e9couvrir de nouveaux m\u00e9canismes et th\u00e9rapies pour soigner l\u2019\u00e9pilepsie chez les enfants - LCSB - Universit\u00e9 du Luxembourg I Uni.lu<\/title>\n<meta name=\"robots\" content=\"index, follow, max-snippet:-1, max-image-preview:large, max-video-preview:-1\" \/>\n<link rel=\"canonical\" href=\"https:\/\/www.uni.lu\/lcsb-fr\/recherche\/recherche-animale\/exemples-projets-recherche\/epilepsie-enfants\/\" \/>\n<meta property=\"og:locale\" content=\"fr_FR\" \/>\n<meta property=\"og:type\" content=\"article\" \/>\n<meta property=\"og:title\" content=\"D\u00e9couvrir de nouveaux m\u00e9canismes et th\u00e9rapies pour soigner l\u2019\u00e9pilepsie chez les enfants\" \/>\n<meta property=\"og:url\" content=\"https:\/\/www.uni.lu\/lcsb-fr\/recherche\/recherche-animale\/exemples-projets-recherche\/epilepsie-enfants\/\" \/>\n<meta property=\"og:site_name\" content=\"LCSB FR\" \/>\n<meta property=\"article:modified_time\" content=\"2024-07-31T12:28:59+00:00\" \/>\n<meta property=\"og:image\" content=\"https:\/\/www.uni.lu\/wp-content\/uploads\/sites\/22\/2026\/03\/03113045\/LCSB_SM-Profile_1600x1600px-scaled.jpg\" \/>\n\t<meta property=\"og:image:width\" content=\"2560\" \/>\n\t<meta property=\"og:image:height\" content=\"2560\" \/>\n\t<meta property=\"og:image:type\" content=\"image\/jpeg\" \/>\n<meta name=\"twitter:card\" content=\"summary_large_image\" \/>\n<meta name=\"twitter:label1\" content=\"Dur\u00e9e de lecture estim\u00e9e\" \/>\n\t<meta name=\"twitter:data1\" content=\"4 minutes\" \/>\n<script type=\"application\/ld+json\" class=\"yoast-schema-graph\">{\"@context\":\"https:\/\/schema.org\",\"@graph\":[{\"@type\":\"WebPage\",\"@id\":\"https:\/\/www.uni.lu\/lcsb-fr\/recherche\/recherche-animale\/exemples-projets-recherche\/epilepsie-enfants\/\",\"url\":\"https:\/\/www.uni.lu\/lcsb-fr\/recherche\/recherche-animale\/exemples-projets-recherche\/epilepsie-enfants\/\",\"name\":\"D\u00e9couvrir de nouveaux m\u00e9canismes et th\u00e9rapies pour soigner l\u2019\u00e9pilepsie chez les enfants - LCSB - Universit\u00e9 du Luxembourg I Uni.lu\",\"isPartOf\":{\"@id\":\"https:\/\/www.uni.lu\/lcsb-fr\/#website\"},\"datePublished\":\"2024-07-22T14:42:17+00:00\",\"dateModified\":\"2024-07-31T12:28:59+00:00\",\"breadcrumb\":{\"@id\":\"https:\/\/www.uni.lu\/lcsb-fr\/recherche\/recherche-animale\/exemples-projets-recherche\/epilepsie-enfants\/#breadcrumb\"},\"inLanguage\":\"fr-FR\",\"potentialAction\":[{\"@type\":\"ReadAction\",\"target\":[\"https:\/\/www.uni.lu\/lcsb-fr\/recherche\/recherche-animale\/exemples-projets-recherche\/epilepsie-enfants\/\"]}]},{\"@type\":\"BreadcrumbList\",\"@id\":\"https:\/\/www.uni.lu\/lcsb-fr\/recherche\/recherche-animale\/exemples-projets-recherche\/epilepsie-enfants\/#breadcrumb\",\"itemListElement\":[{\"@type\":\"ListItem\",\"position\":1,\"name\":\"Home\",\"item\":\"https:\/\/www.uni.lu\/fr\"},{\"@type\":\"ListItem\",\"position\":2,\"name\":\"Luxembourg Centre for Systems Biomedicine (LCSB)\",\"item\":\"https:\/\/www.uni.lu\/lcsb-fr\/\"},{\"@type\":\"ListItem\",\"position\":3,\"name\":\"Recherche\",\"item\":\"https:\/\/www.uni.lu\/lcsb-fr\/recherche\/\"},{\"@type\":\"ListItem\",\"position\":4,\"name\":\"Recherche animale\",\"item\":\"https:\/\/www.uni.lu\/lcsb-fr\/recherche\/recherche-animale\/\"},{\"@type\":\"ListItem\",\"position\":5,\"name\":\"Exemples de projets de recherche\",\"item\":\"https:\/\/www.uni.lu\/lcsb-fr\/recherche\/recherche-animale\/exemples-projets-recherche\/\"},{\"@type\":\"ListItem\",\"position\":6,\"name\":\"D\u00e9couvrir de nouveaux m\u00e9canismes et th\u00e9rapies pour soigner l\u2019\u00e9pilepsie chez les enfants\"}]},{\"@type\":\"WebSite\",\"@id\":\"https:\/\/www.uni.lu\/lcsb-fr\/#website\",\"url\":\"https:\/\/www.uni.lu\/lcsb-fr\/\",\"name\":\"LCSB\",\"description\":\"Luxembourg Centre for Systems Biomedicine I Uni.lu\",\"publisher\":{\"@id\":\"https:\/\/www.uni.lu\/lcsb-fr\/#organization\"},\"alternateName\":\"Luxembourg Centre for Systems Biomedicine I Universit\u00e9 du Luxembourg\",\"potentialAction\":[{\"@type\":\"SearchAction\",\"target\":{\"@type\":\"EntryPoint\",\"urlTemplate\":\"https:\/\/www.uni.lu\/lcsb-fr\/?s={search_term_string}\"},\"query-input\":\"required name=search_term_string\"}],\"inLanguage\":\"fr-FR\"},{\"@type\":\"Organization\",\"@id\":\"https:\/\/www.uni.lu\/lcsb-fr\/#organization\",\"name\":\"LCSB - Universit\u00e9 du Luxembourg I Uni.lu\",\"alternateName\":\"Luxembourg Centre for Systems Biomedicine\",\"url\":\"https:\/\/www.uni.lu\/lcsb-fr\/\",\"logo\":{\"@type\":\"ImageObject\",\"inLanguage\":\"fr-FR\",\"@id\":\"https:\/\/www.uni.lu\/lcsb-fr\/#\/schema\/logo\/image\/\",\"url\":\"https:\/\/www.uni.lu\/wp-content\/uploads\/sites\/22\/2026\/03\/03113045\/LCSB_SM-Profile_1600x1600px-scaled.jpg\",\"contentUrl\":\"https:\/\/www.uni.lu\/wp-content\/uploads\/sites\/22\/2026\/03\/03113045\/LCSB_SM-Profile_1600x1600px-scaled.jpg\",\"width\":2560,\"height\":2560,\"caption\":\"LCSB - Universit\u00e9 du Luxembourg I Uni.lu\"},\"image\":{\"@id\":\"https:\/\/www.uni.lu\/lcsb-fr\/#\/schema\/logo\/image\/\"},\"sameAs\":[\"https:\/\/www.linkedin.com\/showcase\/lcsb-university-of-luxembourg\"],\"description\":\"Luxembourg Centre for Systems Biomedicine I Uni.lu\"}]}<\/script>\n<!-- \/ Yoast SEO Premium plugin. -->","yoast_head_json":{"title":"D\u00e9couvrir de nouveaux m\u00e9canismes et th\u00e9rapies pour soigner l\u2019\u00e9pilepsie chez les enfants - LCSB - Universit\u00e9 du Luxembourg I Uni.lu","robots":{"index":"index","follow":"follow","max-snippet":"max-snippet:-1","max-image-preview":"max-image-preview:large","max-video-preview":"max-video-preview:-1"},"canonical":"https:\/\/www.uni.lu\/lcsb-fr\/recherche\/recherche-animale\/exemples-projets-recherche\/epilepsie-enfants\/","og_locale":"fr_FR","og_type":"article","og_title":"D\u00e9couvrir de nouveaux m\u00e9canismes et th\u00e9rapies pour soigner l\u2019\u00e9pilepsie chez les enfants","og_url":"https:\/\/www.uni.lu\/lcsb-fr\/recherche\/recherche-animale\/exemples-projets-recherche\/epilepsie-enfants\/","og_site_name":"LCSB FR","article_modified_time":"2024-07-31T12:28:59+00:00","og_image":[{"width":2560,"height":2560,"url":"https:\/\/www.uni.lu\/wp-content\/uploads\/sites\/22\/2026\/03\/03113045\/LCSB_SM-Profile_1600x1600px-scaled.jpg","type":"image\/jpeg"}],"twitter_card":"summary_large_image","twitter_misc":{"Dur\u00e9e de lecture estim\u00e9e":"4 minutes"},"schema":{"@context":"https:\/\/schema.org","@graph":[{"@type":"WebPage","@id":"https:\/\/www.uni.lu\/lcsb-fr\/recherche\/recherche-animale\/exemples-projets-recherche\/epilepsie-enfants\/","url":"https:\/\/www.uni.lu\/lcsb-fr\/recherche\/recherche-animale\/exemples-projets-recherche\/epilepsie-enfants\/","name":"D\u00e9couvrir de nouveaux m\u00e9canismes et th\u00e9rapies pour soigner l\u2019\u00e9pilepsie chez les enfants - LCSB - Universit\u00e9 du Luxembourg I Uni.lu","isPartOf":{"@id":"https:\/\/www.uni.lu\/lcsb-fr\/#website"},"datePublished":"2024-07-22T14:42:17+00:00","dateModified":"2024-07-31T12:28:59+00:00","breadcrumb":{"@id":"https:\/\/www.uni.lu\/lcsb-fr\/recherche\/recherche-animale\/exemples-projets-recherche\/epilepsie-enfants\/#breadcrumb"},"inLanguage":"fr-FR","potentialAction":[{"@type":"ReadAction","target":["https:\/\/www.uni.lu\/lcsb-fr\/recherche\/recherche-animale\/exemples-projets-recherche\/epilepsie-enfants\/"]}]},{"@type":"BreadcrumbList","@id":"https:\/\/www.uni.lu\/lcsb-fr\/recherche\/recherche-animale\/exemples-projets-recherche\/epilepsie-enfants\/#breadcrumb","itemListElement":[{"@type":"ListItem","position":1,"name":"Home","item":"https:\/\/www.uni.lu\/fr"},{"@type":"ListItem","position":2,"name":"Luxembourg Centre for Systems Biomedicine (LCSB)","item":"https:\/\/www.uni.lu\/lcsb-fr\/"},{"@type":"ListItem","position":3,"name":"Recherche","item":"https:\/\/www.uni.lu\/lcsb-fr\/recherche\/"},{"@type":"ListItem","position":4,"name":"Recherche animale","item":"https:\/\/www.uni.lu\/lcsb-fr\/recherche\/recherche-animale\/"},{"@type":"ListItem","position":5,"name":"Exemples de projets de recherche","item":"https:\/\/www.uni.lu\/lcsb-fr\/recherche\/recherche-animale\/exemples-projets-recherche\/"},{"@type":"ListItem","position":6,"name":"D\u00e9couvrir de nouveaux m\u00e9canismes et th\u00e9rapies pour soigner l\u2019\u00e9pilepsie chez les enfants"}]},{"@type":"WebSite","@id":"https:\/\/www.uni.lu\/lcsb-fr\/#website","url":"https:\/\/www.uni.lu\/lcsb-fr\/","name":"LCSB","description":"Luxembourg Centre for Systems Biomedicine I Uni.lu","publisher":{"@id":"https:\/\/www.uni.lu\/lcsb-fr\/#organization"},"alternateName":"Luxembourg Centre for Systems Biomedicine I Universit\u00e9 du Luxembourg","potentialAction":[{"@type":"SearchAction","target":{"@type":"EntryPoint","urlTemplate":"https:\/\/www.uni.lu\/lcsb-fr\/?s={search_term_string}"},"query-input":"required name=search_term_string"}],"inLanguage":"fr-FR"},{"@type":"Organization","@id":"https:\/\/www.uni.lu\/lcsb-fr\/#organization","name":"LCSB - Universit\u00e9 du Luxembourg I Uni.lu","alternateName":"Luxembourg Centre for Systems Biomedicine","url":"https:\/\/www.uni.lu\/lcsb-fr\/","logo":{"@type":"ImageObject","inLanguage":"fr-FR","@id":"https:\/\/www.uni.lu\/lcsb-fr\/#\/schema\/logo\/image\/","url":"https:\/\/www.uni.lu\/wp-content\/uploads\/sites\/22\/2026\/03\/03113045\/LCSB_SM-Profile_1600x1600px-scaled.jpg","contentUrl":"https:\/\/www.uni.lu\/wp-content\/uploads\/sites\/22\/2026\/03\/03113045\/LCSB_SM-Profile_1600x1600px-scaled.jpg","width":2560,"height":2560,"caption":"LCSB - Universit\u00e9 du Luxembourg I Uni.lu"},"image":{"@id":"https:\/\/www.uni.lu\/lcsb-fr\/#\/schema\/logo\/image\/"},"sameAs":["https:\/\/www.linkedin.com\/showcase\/lcsb-university-of-luxembourg"],"description":"Luxembourg Centre for Systems Biomedicine I Uni.lu"}]}},"ticketed":false,"_links":{"self":[{"href":"https:\/\/www.uni.lu\/lcsb-fr\/wp-json\/wp\/v2\/pages\/1085"}],"collection":[{"href":"https:\/\/www.uni.lu\/lcsb-fr\/wp-json\/wp\/v2\/pages"}],"about":[{"href":"https:\/\/www.uni.lu\/lcsb-fr\/wp-json\/wp\/v2\/types\/page"}],"author":[{"embeddable":true,"href":"https:\/\/www.uni.lu\/lcsb-fr\/wp-json\/wp\/v2\/users\/39"}],"replies":[{"embeddable":true,"href":"https:\/\/www.uni.lu\/lcsb-fr\/wp-json\/wp\/v2\/comments?post=1085"}],"version-history":[{"count":4,"href":"https:\/\/www.uni.lu\/lcsb-fr\/wp-json\/wp\/v2\/pages\/1085\/revisions"}],"predecessor-version":[{"id":1199,"href":"https:\/\/www.uni.lu\/lcsb-fr\/wp-json\/wp\/v2\/pages\/1085\/revisions\/1199"}],"up":[{"embeddable":true,"href":"https:\/\/www.uni.lu\/lcsb-fr\/wp-json\/wp\/v2\/pages\/1078"}],"wp:authorship":[{"embeddable":true,"href":"https:\/\/www.uni.lu\/lcsb-fr\/wp-json\/wp\/v2\/users\/39"},{"embeddable":true,"href":"https:\/\/www.uni.lu\/lcsb-fr\/wp-json\/wp\/v2\/users\/56"}],"wp:attachment":[{"href":"https:\/\/www.uni.lu\/lcsb-fr\/wp-json\/wp\/v2\/media?parent=1085"}],"wp:term":[{"taxonomy":"field-of-interest","embeddable":true,"href":"https:\/\/www.uni.lu\/lcsb-fr\/wp-json\/wp\/v2\/field-of-interest?post=1085"},{"taxonomy":"organisation","embeddable":true,"href":"https:\/\/www.uni.lu\/lcsb-fr\/wp-json\/wp\/v2\/organisation?post=1085"}],"curies":[{"name":"wp","href":"https:\/\/api.w.org\/{rel}","templated":true}]}}