{"id":1062,"date":"2024-07-24T09:48:49","date_gmt":"2024-07-24T07:48:49","guid":{"rendered":"https:\/\/www.uni.lu\/lcsb-fr\/?page_id=1062"},"modified":"2024-07-31T13:39:03","modified_gmt":"2024-07-31T11:39:03","slug":"les-3r","status":"publish","type":"page","link":"https:\/\/www.uni.lu\/lcsb-fr\/recherche\/recherche-animale\/les-3r\/","title":{"rendered":"Les 3R"},"content":{"rendered":"<div class=\"section py-0 static\">\n<section class=\"py-0 wp-block-unilux-blocks-free-section section\"><div class=\"container xl:max-w-screen-xl\"><!-- SecondaryNavigationMirror --><div class=\"js-secondary-nav--sticky wp-block-unilux-blocks-secondary-navigation\" id=\"079cacee-a280-4f42-8b0f-7a37a67d3516\">\n    <nav id=\"secondary-navigation\" role=\"navigation\" aria-label=\"Secondary menu\" class=\"secondary-nav\">\n        <button class=\"secondary-nav__button btn btn-solid--primary w-full\" aria-expanded=\"false\" aria-controls=\"secondary-navigation__list\" title=\"The selected page is \u00c0 propos\" type=\"button\">\n            <span class=\"btn__name mr-auto\">\u00c0 propos<\/span>\n            <svg aria-hidden=\"true\" focusable=\"false\" class=\"icon icon-outline icon--xs\">\n                <use xlink:href=\"https:\/\/www.uni.lu\/wp-content\/themes\/unilux-theme\/assets\/images\/icons\/icons-outline.svg#icon--arrow-down\" \/>\n            <\/svg>\n        <\/button>\n\n        <ul id=\"secondary-navigation__list\" class=\"secondary-nav__list\">\n            <li class=\"secondary-nav__item\">\n    <a href=\"https:\/\/www.uni.lu\/lcsb-fr\/recherche\/recherche-animale\/\" target=\"\" rel=\"noreferrer noopener\" class=\"secondary-nav__link \">\n        <svg aria-hidden=\"true\" focusable=\"false\" class=\"icon icon-outline icon--xs\">\n            <use xlink:href=\"https:\/\/www.uni.lu\/wp-content\/themes\/unilux-theme\/assets\/images\/icons\/icons-outline.svg#icon--arrow-right\" \/>\n        <\/svg>\n        <span class=\"secondary-nav__name\">\u00c0 propos<\/span>\n    <\/a>\n<\/li>\n<li class=\"secondary-nav__item\">\n    <a href=\"https:\/\/www.uni.lu\/lcsb-fr\/recherche\/recherche-animale\/quand-pourquoi\/\" target=\"\" rel=\"noreferrer noopener\" class=\"secondary-nav__link \">\n        <svg aria-hidden=\"true\" focusable=\"false\" class=\"icon icon-outline icon--xs\">\n            <use xlink:href=\"https:\/\/www.uni.lu\/wp-content\/themes\/unilux-theme\/assets\/images\/icons\/icons-outline.svg#icon--arrow-right\" \/>\n        <\/svg>\n        <span class=\"secondary-nav__name\">Quand et pourquoi <\/span>\n    <\/a>\n<\/li>\n<li class=\"secondary-nav__item\">\n    <a href=\"https:\/\/www.uni.lu\/lcsb-fr\/recherche\/recherche-animale\/comment-protegeons-nous-les-animaux\" target=\"\" rel=\"noreferrer noopener\" class=\"secondary-nav__link \">\n        <svg aria-hidden=\"true\" focusable=\"false\" class=\"icon icon-outline icon--xs\">\n            <use xlink:href=\"https:\/\/www.uni.lu\/wp-content\/themes\/unilux-theme\/assets\/images\/icons\/icons-outline.svg#icon--arrow-right\" \/>\n        <\/svg>\n        <span class=\"secondary-nav__name\">Bien-\u00eatre<\/span>\n    <\/a>\n<\/li>\n<li class=\"secondary-nav__item\">\n    <a href=\"https:\/\/www.uni.lu\/lcsb-fr\/recherche\/recherche-animale\/le-droit-luxembourgeois\/\" target=\"\" rel=\"noreferrer noopener\" class=\"secondary-nav__link \">\n        <svg aria-hidden=\"true\" focusable=\"false\" class=\"icon icon-outline icon--xs\">\n            <use xlink:href=\"https:\/\/www.uni.lu\/wp-content\/themes\/unilux-theme\/assets\/images\/icons\/icons-outline.svg#icon--arrow-right\" \/>\n        <\/svg>\n        <span class=\"secondary-nav__name\">Droit luxembourgeois <\/span>\n    <\/a>\n<\/li>\n<li class=\"secondary-nav__item\">\n    <a href=\"https:\/\/www.uni.lu\/lcsb-fr\/recherche\/recherche-animale\/les-3r\/\" target=\"\" rel=\"noreferrer noopener\" class=\"secondary-nav__link \">\n        <svg aria-hidden=\"true\" focusable=\"false\" class=\"icon icon-outline icon--xs\">\n            <use xlink:href=\"https:\/\/www.uni.lu\/wp-content\/themes\/unilux-theme\/assets\/images\/icons\/icons-outline.svg#icon--arrow-right\" \/>\n        <\/svg>\n        <span class=\"secondary-nav__name\">Les 3R<\/span>\n    <\/a>\n<\/li>\n<li class=\"secondary-nav__item\">\n    <a href=\"https:\/\/www.uni.lu\/lcsb-fr\/recherche\/recherche-animale\/installations\" target=\"\" rel=\"noreferrer noopener\" class=\"secondary-nav__link \">\n        <svg aria-hidden=\"true\" focusable=\"false\" class=\"icon icon-outline icon--xs\">\n            <use xlink:href=\"https:\/\/www.uni.lu\/wp-content\/themes\/unilux-theme\/assets\/images\/icons\/icons-outline.svg#icon--arrow-right\" \/>\n        <\/svg>\n        <span class=\"secondary-nav__name\">Installations<\/span>\n    <\/a>\n<\/li>\n<li class=\"secondary-nav__item\">\n    <a href=\"https:\/\/www.uni.lu\/lcsb-fr\/recherche\/recherche-animale\/faits-chiffres\" target=\"\" rel=\"noreferrer noopener\" class=\"secondary-nav__link \">\n        <svg aria-hidden=\"true\" focusable=\"false\" class=\"icon icon-outline icon--xs\">\n            <use xlink:href=\"https:\/\/www.uni.lu\/wp-content\/themes\/unilux-theme\/assets\/images\/icons\/icons-outline.svg#icon--arrow-right\" \/>\n        <\/svg>\n        <span class=\"secondary-nav__name\">Faits et chiffres<\/span>\n    <\/a>\n<\/li>\n<li class=\"secondary-nav__item\">\n    <a href=\"https:\/\/www.uni.lu\/lcsb-fr\/recherche\/recherche-animale\/exemples-projets-recherche\" target=\"\" rel=\"noreferrer noopener\" class=\"secondary-nav__link \">\n        <svg aria-hidden=\"true\" focusable=\"false\" class=\"icon icon-outline icon--xs\">\n            <use xlink:href=\"https:\/\/www.uni.lu\/wp-content\/themes\/unilux-theme\/assets\/images\/icons\/icons-outline.svg#icon--arrow-right\" \/>\n        <\/svg>\n        <span class=\"secondary-nav__name\">Exemples de projets<\/span>\n    <\/a>\n<\/li>\n<li class=\"secondary-nav__item\">\n    <a href=\"https:\/\/www.uni.lu\/lcsb-fr\/recherche\/recherche-animale\/formation\" target=\"\" rel=\"noreferrer noopener\" class=\"secondary-nav__link \">\n        <svg aria-hidden=\"true\" focusable=\"false\" class=\"icon icon-outline icon--xs\">\n            <use xlink:href=\"https:\/\/www.uni.lu\/wp-content\/themes\/unilux-theme\/assets\/images\/icons\/icons-outline.svg#icon--arrow-right\" \/>\n        <\/svg>\n        <span class=\"secondary-nav__name\">Formation<\/span>\n    <\/a>\n<\/li>\n        <\/ul>\n    <\/nav>\n<\/div>\n<!-- end SecondaryNavigationMirror --><\/div><\/section>\n\n\n\n<section class=\"wp-block-unilux-blocks-free-section section\"><div class=\"container xl:max-w-screen-xl\">\n<h1 class=\"has-text-align-left wp-block-unilux-blocks-heading\"        id=\"notre-recherche-est-guidee-par-les-3r-remplacer-reduire-raffiner\"\n    >\nNotre recherche est guid\u00e9e par les 3R : remplacer, r\u00e9duire, raffiner.<\/h1>\n\n\n<figure class=\"wp-block-dev4-reusable-blocks-image  object-fit--cover\">\n    \n<img decoding=\"async\" class=\"wp-block-image unilux-custom-image-block\"\n                alt=\"Mice\"\n            src=\"https:\/\/www.uni.lu\/wp-content\/uploads\/sites\/6\/2023\/09\/The-3-Rs_mice.jpg\"\n                    style=\"object-position: 50.00% 50.00%; font-family: &quot;object-fit: cover; object-position: 50.00% 50.00%;&quot;; aspect-ratio: 32\/9; object-fit: cover; width: 100%;\"\n        loading=\"lazy\"\n\/>    <\/figure>\n\n\n<p>Le LCSB applique au quotidien <strong><a href=\"https:\/\/www.nc3rs.org.uk\/the-3rs\" target=\"_blank\" rel=\"noreferrer noopener\">la r\u00e8gle des trois&nbsp;R (3R)<\/a><\/strong> \u2013 les principes directeurs qui garantissent une utilisation raisonn\u00e9e des animaux dans la recherche scientifique. Tout chercheur qui envisage d&rsquo;utiliser des animaux dans sa recherche doit d&rsquo;abord d\u00e9montrer qu&rsquo;il n&rsquo;y a pas alternative et que la recherche sera men\u00e9e de mani\u00e8re \u00e0 r\u00e9duire au minimum le nombre d&rsquo;animaux et les souffrances qu&rsquo;ils endurent, selon les trois principes suivants :<\/p>\n\n\n\n<ul class=\"ulux-list\">\n<li class=\"ulux-list-item\"><strong>Remplacer<\/strong> <strong>:<\/strong> nous visons \u00e0 utiliser des m\u00e9thodes de recherche non animales, telles que les cultures cellulaires, les mod\u00e8les informatiques ou les \u00e9tudes avec des volontaires humains, chaque fois que cela est possible, afin d&rsquo;\u00e9viter compl\u00e8tement l&rsquo;utilisation d&rsquo;animaux.<\/li>\n\n\n\n<li class=\"ulux-list-item\"><strong>R\u00e9duire :<\/strong> nous visons \u00e0 concevoir nos exp\u00e9riences de mani\u00e8re \u00e0 n&rsquo;utiliser que le nombre minimum d&rsquo;animaux pour r\u00e9pondre \u00e0 la question scientifique pos\u00e9e. Il s&rsquo;agit notamment d&rsquo;obtenir des informations \u00e0 partir d&rsquo;un nombre r\u00e9duit d&rsquo;animaux ou d&rsquo;obtenir plus d&rsquo;informations \u00e0 partir du m\u00eame nombre d&rsquo;animaux. Nous nous effor\u00e7ons de partager et de r\u00e9analyser les donn\u00e9es issues d&rsquo;exp\u00e9riences ant\u00e9rieures afin d&rsquo;\u00e9viter l&rsquo;utilisation d&rsquo;animaux suppl\u00e9mentaires.<\/li>\n\n\n\n<li class=\"ulux-list-item\"><strong>Raffiner :<\/strong> nous concevons et r\u00e9alisons des exp\u00e9riences dans lesquelles la souffrance des animaux est r\u00e9duite au minimum. L\u2019impact d\u2019une exp\u00e9rience sur le bien-\u00eatre des animaux est pris en consid\u00e9ration d\u00e8s la phase de planification et jusqu\u2019\u00e0 la fin de la proc\u00e9dure. Cela implique notamment des am\u00e9liorations des conditions d\u2019h\u00e9bergement et des proc\u00e9dures afin de r\u00e9duire au minimum la douleur et les souffrances et\/ou d\u2019am\u00e9liorer le bien-\u00eatre des animaux.<\/li>\n<\/ul>\n\n\n<figure class=\"wp-block-dev4-reusable-blocks-image  object-fit--scale-down\">\n    \n<img decoding=\"async\" class=\"wp-block-image unilux-custom-image-block\"\n                alt=\"\"\n            src=\"https:\/\/www.uni.lu\/wp-content\/uploads\/sites\/22\/2024\/07\/3R_Graph_french.png\"\n                srcset=\"https:\/\/www.uni.lu\/wp-content\/uploads\/sites\/22\/2024\/07\/3R_Graph_french-300x91.png 300w, https:\/\/www.uni.lu\/wp-content\/uploads\/sites\/22\/2024\/07\/3R_Graph_french-1024x309.png 1024w, https:\/\/www.uni.lu\/wp-content\/uploads\/sites\/22\/2024\/07\/3R_Graph_french-768x232.png 768w, https:\/\/www.uni.lu\/wp-content\/uploads\/sites\/22\/2024\/07\/3R_Graph_french-1536x463.png 1536w, https:\/\/www.uni.lu\/wp-content\/uploads\/sites\/22\/2024\/07\/3R_Graph_french.png 2005w\"\n                style=\"object-position: 50.00% 50.00%; font-family: &quot;object-fit: scale-down; object-position: 50.00% 50.00%;&quot;; aspect-ratio: 32\/9; object-fit: scale-down; width: 100%;\"\n        loading=\"lazy\"\n\/>    <\/figure>\n\n\n<p class=\"has-text-align-center\">Les 3R. Adapt\u00e9 de : <a href=\"https:\/\/nc3rs.org.uk\/\" target=\"_blank\" rel=\"noreferrer noopener\">UK National Centre for the Replacement Refinement &amp; Reduction of Animals in Research<\/a><\/p>\n<\/div><\/section>\n<\/div>","protected":false},"excerpt":{"rendered":"","protected":false},"author":56,"featured_media":0,"parent":1043,"menu_order":0,"comment_status":"closed","ping_status":"closed","template":"","meta":{"featured_image_focal_point":[],"show_featured_caption":false,"ulux_newsletter_groups":"","uluxPostTitle":"","uluxPrePostTitle":"","_trash_the_other_posts":false,"_price":"","_stock":"","_tribe_ticket_header":"","_tribe_default_ticket_provider":"","_tribe_ticket_capacity":"0","_ticket_start_date":"","_ticket_end_date":"","_tribe_ticket_show_description":"","_tribe_ticket_show_not_going":false,"_tribe_ticket_use_global_stock":"","_tribe_ticket_global_stock_level":"","_global_stock_mode":"","_global_stock_cap":"","_tribe_rsvp_for_event":"","_tribe_ticket_going_count":"","_tribe_ticket_not_going_count":"","_tribe_tickets_list":"[]","_tribe_ticket_has_attendee_info_fields":false,"footnotes":""},"field-of-interest":[289],"organisation":[526,525],"authorship":[56,39],"acf":[],"yoast_head":"<!-- This site is optimized with the Yoast SEO Premium plugin v22.3 (Yoast SEO v22.3) - https:\/\/yoast.com\/wordpress\/plugins\/seo\/ -->\n<title>Les 3R - LCSB - Universit\u00e9 du Luxembourg I Uni.lu<\/title>\n<meta name=\"robots\" content=\"index, follow, max-snippet:-1, max-image-preview:large, max-video-preview:-1\" \/>\n<link rel=\"canonical\" href=\"https:\/\/www.uni.lu\/lcsb-fr\/recherche\/recherche-animale\/les-3r\/\" \/>\n<meta property=\"og:locale\" content=\"fr_FR\" \/>\n<meta property=\"og:type\" content=\"article\" \/>\n<meta property=\"og:title\" content=\"Les 3R\" \/>\n<meta property=\"og:url\" content=\"https:\/\/www.uni.lu\/lcsb-fr\/recherche\/recherche-animale\/les-3r\/\" \/>\n<meta property=\"og:site_name\" content=\"LCSB FR\" \/>\n<meta property=\"article:modified_time\" content=\"2024-07-31T11:39:03+00:00\" \/>\n<meta property=\"og:image\" content=\"https:\/\/www.uni.lu\/wp-content\/uploads\/sites\/22\/2026\/03\/03113045\/LCSB_SM-Profile_1600x1600px-scaled.jpg\" \/>\n\t<meta property=\"og:image:width\" content=\"2560\" \/>\n\t<meta property=\"og:image:height\" content=\"2560\" \/>\n\t<meta property=\"og:image:type\" content=\"image\/jpeg\" \/>\n<meta name=\"twitter:card\" content=\"summary_large_image\" \/>\n<meta name=\"twitter:label1\" content=\"Dur\u00e9e de lecture estim\u00e9e\" \/>\n\t<meta name=\"twitter:data1\" content=\"2 minutes\" \/>\n<script type=\"application\/ld+json\" class=\"yoast-schema-graph\">{\"@context\":\"https:\/\/schema.org\",\"@graph\":[{\"@type\":\"WebPage\",\"@id\":\"https:\/\/www.uni.lu\/lcsb-fr\/recherche\/recherche-animale\/les-3r\/\",\"url\":\"https:\/\/www.uni.lu\/lcsb-fr\/recherche\/recherche-animale\/les-3r\/\",\"name\":\"Les 3R - LCSB - Universit\u00e9 du Luxembourg I Uni.lu\",\"isPartOf\":{\"@id\":\"https:\/\/www.uni.lu\/lcsb-fr\/#website\"},\"datePublished\":\"2024-07-24T07:48:49+00:00\",\"dateModified\":\"2024-07-31T11:39:03+00:00\",\"breadcrumb\":{\"@id\":\"https:\/\/www.uni.lu\/lcsb-fr\/recherche\/recherche-animale\/les-3r\/#breadcrumb\"},\"inLanguage\":\"fr-FR\",\"potentialAction\":[{\"@type\":\"ReadAction\",\"target\":[\"https:\/\/www.uni.lu\/lcsb-fr\/recherche\/recherche-animale\/les-3r\/\"]}]},{\"@type\":\"BreadcrumbList\",\"@id\":\"https:\/\/www.uni.lu\/lcsb-fr\/recherche\/recherche-animale\/les-3r\/#breadcrumb\",\"itemListElement\":[{\"@type\":\"ListItem\",\"position\":1,\"name\":\"Home\",\"item\":\"https:\/\/www.uni.lu\/fr\"},{\"@type\":\"ListItem\",\"position\":2,\"name\":\"Luxembourg Centre for Systems Biomedicine (LCSB)\",\"item\":\"https:\/\/www.uni.lu\/lcsb-fr\/\"},{\"@type\":\"ListItem\",\"position\":3,\"name\":\"Recherche\",\"item\":\"https:\/\/www.uni.lu\/lcsb-fr\/recherche\/\"},{\"@type\":\"ListItem\",\"position\":4,\"name\":\"Recherche animale\",\"item\":\"https:\/\/www.uni.lu\/lcsb-fr\/recherche\/recherche-animale\/\"},{\"@type\":\"ListItem\",\"position\":5,\"name\":\"Les 3R\"}]},{\"@type\":\"WebSite\",\"@id\":\"https:\/\/www.uni.lu\/lcsb-fr\/#website\",\"url\":\"https:\/\/www.uni.lu\/lcsb-fr\/\",\"name\":\"LCSB\",\"description\":\"Luxembourg Centre for Systems Biomedicine I Uni.lu\",\"publisher\":{\"@id\":\"https:\/\/www.uni.lu\/lcsb-fr\/#organization\"},\"alternateName\":\"Luxembourg Centre for Systems Biomedicine I Universit\u00e9 du Luxembourg\",\"potentialAction\":[{\"@type\":\"SearchAction\",\"target\":{\"@type\":\"EntryPoint\",\"urlTemplate\":\"https:\/\/www.uni.lu\/lcsb-fr\/?s={search_term_string}\"},\"query-input\":\"required name=search_term_string\"}],\"inLanguage\":\"fr-FR\"},{\"@type\":\"Organization\",\"@id\":\"https:\/\/www.uni.lu\/lcsb-fr\/#organization\",\"name\":\"LCSB - Universit\u00e9 du Luxembourg I Uni.lu\",\"alternateName\":\"Luxembourg Centre for Systems Biomedicine\",\"url\":\"https:\/\/www.uni.lu\/lcsb-fr\/\",\"logo\":{\"@type\":\"ImageObject\",\"inLanguage\":\"fr-FR\",\"@id\":\"https:\/\/www.uni.lu\/lcsb-fr\/#\/schema\/logo\/image\/\",\"url\":\"https:\/\/www.uni.lu\/wp-content\/uploads\/sites\/22\/2026\/03\/03113045\/LCSB_SM-Profile_1600x1600px-scaled.jpg\",\"contentUrl\":\"https:\/\/www.uni.lu\/wp-content\/uploads\/sites\/22\/2026\/03\/03113045\/LCSB_SM-Profile_1600x1600px-scaled.jpg\",\"width\":2560,\"height\":2560,\"caption\":\"LCSB - Universit\u00e9 du Luxembourg I Uni.lu\"},\"image\":{\"@id\":\"https:\/\/www.uni.lu\/lcsb-fr\/#\/schema\/logo\/image\/\"},\"sameAs\":[\"https:\/\/www.linkedin.com\/showcase\/lcsb-university-of-luxembourg\"]}]}<\/script>\n<!-- \/ Yoast SEO Premium plugin. -->","yoast_head_json":{"title":"Les 3R - LCSB - Universit\u00e9 du Luxembourg I Uni.lu","robots":{"index":"index","follow":"follow","max-snippet":"max-snippet:-1","max-image-preview":"max-image-preview:large","max-video-preview":"max-video-preview:-1"},"canonical":"https:\/\/www.uni.lu\/lcsb-fr\/recherche\/recherche-animale\/les-3r\/","og_locale":"fr_FR","og_type":"article","og_title":"Les 3R","og_url":"https:\/\/www.uni.lu\/lcsb-fr\/recherche\/recherche-animale\/les-3r\/","og_site_name":"LCSB FR","article_modified_time":"2024-07-31T11:39:03+00:00","og_image":[{"width":2560,"height":2560,"url":"https:\/\/www.uni.lu\/wp-content\/uploads\/sites\/22\/2026\/03\/03113045\/LCSB_SM-Profile_1600x1600px-scaled.jpg","type":"image\/jpeg"}],"twitter_card":"summary_large_image","twitter_misc":{"Dur\u00e9e de lecture estim\u00e9e":"2 minutes"},"schema":{"@context":"https:\/\/schema.org","@graph":[{"@type":"WebPage","@id":"https:\/\/www.uni.lu\/lcsb-fr\/recherche\/recherche-animale\/les-3r\/","url":"https:\/\/www.uni.lu\/lcsb-fr\/recherche\/recherche-animale\/les-3r\/","name":"Les 3R - LCSB - Universit\u00e9 du Luxembourg I Uni.lu","isPartOf":{"@id":"https:\/\/www.uni.lu\/lcsb-fr\/#website"},"datePublished":"2024-07-24T07:48:49+00:00","dateModified":"2024-07-31T11:39:03+00:00","breadcrumb":{"@id":"https:\/\/www.uni.lu\/lcsb-fr\/recherche\/recherche-animale\/les-3r\/#breadcrumb"},"inLanguage":"fr-FR","potentialAction":[{"@type":"ReadAction","target":["https:\/\/www.uni.lu\/lcsb-fr\/recherche\/recherche-animale\/les-3r\/"]}]},{"@type":"BreadcrumbList","@id":"https:\/\/www.uni.lu\/lcsb-fr\/recherche\/recherche-animale\/les-3r\/#breadcrumb","itemListElement":[{"@type":"ListItem","position":1,"name":"Home","item":"https:\/\/www.uni.lu\/fr"},{"@type":"ListItem","position":2,"name":"Luxembourg Centre for Systems Biomedicine (LCSB)","item":"https:\/\/www.uni.lu\/lcsb-fr\/"},{"@type":"ListItem","position":3,"name":"Recherche","item":"https:\/\/www.uni.lu\/lcsb-fr\/recherche\/"},{"@type":"ListItem","position":4,"name":"Recherche animale","item":"https:\/\/www.uni.lu\/lcsb-fr\/recherche\/recherche-animale\/"},{"@type":"ListItem","position":5,"name":"Les 3R"}]},{"@type":"WebSite","@id":"https:\/\/www.uni.lu\/lcsb-fr\/#website","url":"https:\/\/www.uni.lu\/lcsb-fr\/","name":"LCSB","description":"Luxembourg Centre for Systems Biomedicine I Uni.lu","publisher":{"@id":"https:\/\/www.uni.lu\/lcsb-fr\/#organization"},"alternateName":"Luxembourg Centre for Systems Biomedicine I Universit\u00e9 du Luxembourg","potentialAction":[{"@type":"SearchAction","target":{"@type":"EntryPoint","urlTemplate":"https:\/\/www.uni.lu\/lcsb-fr\/?s={search_term_string}"},"query-input":"required name=search_term_string"}],"inLanguage":"fr-FR"},{"@type":"Organization","@id":"https:\/\/www.uni.lu\/lcsb-fr\/#organization","name":"LCSB - Universit\u00e9 du Luxembourg I Uni.lu","alternateName":"Luxembourg Centre for Systems Biomedicine","url":"https:\/\/www.uni.lu\/lcsb-fr\/","logo":{"@type":"ImageObject","inLanguage":"fr-FR","@id":"https:\/\/www.uni.lu\/lcsb-fr\/#\/schema\/logo\/image\/","url":"https:\/\/www.uni.lu\/wp-content\/uploads\/sites\/22\/2026\/03\/03113045\/LCSB_SM-Profile_1600x1600px-scaled.jpg","contentUrl":"https:\/\/www.uni.lu\/wp-content\/uploads\/sites\/22\/2026\/03\/03113045\/LCSB_SM-Profile_1600x1600px-scaled.jpg","width":2560,"height":2560,"caption":"LCSB - Universit\u00e9 du Luxembourg I Uni.lu"},"image":{"@id":"https:\/\/www.uni.lu\/lcsb-fr\/#\/schema\/logo\/image\/"},"sameAs":["https:\/\/www.linkedin.com\/showcase\/lcsb-university-of-luxembourg"]}]}},"ticketed":false,"_links":{"self":[{"href":"https:\/\/www.uni.lu\/lcsb-fr\/wp-json\/wp\/v2\/pages\/1062"}],"collection":[{"href":"https:\/\/www.uni.lu\/lcsb-fr\/wp-json\/wp\/v2\/pages"}],"about":[{"href":"https:\/\/www.uni.lu\/lcsb-fr\/wp-json\/wp\/v2\/types\/page"}],"author":[{"embeddable":true,"href":"https:\/\/www.uni.lu\/lcsb-fr\/wp-json\/wp\/v2\/users\/56"}],"replies":[{"embeddable":true,"href":"https:\/\/www.uni.lu\/lcsb-fr\/wp-json\/wp\/v2\/comments?post=1062"}],"version-history":[{"count":5,"href":"https:\/\/www.uni.lu\/lcsb-fr\/wp-json\/wp\/v2\/pages\/1062\/revisions"}],"predecessor-version":[{"id":1189,"href":"https:\/\/www.uni.lu\/lcsb-fr\/wp-json\/wp\/v2\/pages\/1062\/revisions\/1189"}],"up":[{"embeddable":true,"href":"https:\/\/www.uni.lu\/lcsb-fr\/wp-json\/wp\/v2\/pages\/1043"}],"wp:authorship":[{"embeddable":true,"href":"https:\/\/www.uni.lu\/lcsb-fr\/wp-json\/wp\/v2\/users\/56"},{"embeddable":true,"href":"https:\/\/www.uni.lu\/lcsb-fr\/wp-json\/wp\/v2\/users\/39"}],"wp:attachment":[{"href":"https:\/\/www.uni.lu\/lcsb-fr\/wp-json\/wp\/v2\/media?parent=1062"}],"wp:term":[{"taxonomy":"field-of-interest","embeddable":true,"href":"https:\/\/www.uni.lu\/lcsb-fr\/wp-json\/wp\/v2\/field-of-interest?post=1062"},{"taxonomy":"organisation","embeddable":true,"href":"https:\/\/www.uni.lu\/lcsb-fr\/wp-json\/wp\/v2\/organisation?post=1062"}],"curies":[{"name":"wp","href":"https:\/\/api.w.org\/{rel}","templated":true}]}}