{"id":689,"date":"2024-07-24T11:02:58","date_gmt":"2024-07-24T09:02:58","guid":{"rendered":"https:\/\/www.uni.lu\/lcsb-de\/?page_id=689"},"modified":"2024-07-24T11:52:58","modified_gmt":"2024-07-24T09:52:58","slug":"mikrobielle-okosystem","status":"publish","type":"page","link":"https:\/\/www.uni.lu\/lcsb-de\/forschung\/tierforschung\/beispiele-forschungsprojekten\/mikrobielle-okosystem\/","title":{"rendered":"Wie das mikrobielle \u00d6kosystem unseres Darms Gesundheit und Krankheit beeinflusst"},"content":{"rendered":"<div class=\"section py-0 static\">\n<section class=\"py-0 wp-block-unilux-blocks-free-section section\"><div class=\"container xl:max-w-screen-xl\"><!-- SecondaryNavigationMirror --><div class=\"js-secondary-nav--sticky wp-block-unilux-blocks-secondary-navigation\" id=\"079cacee-a280-4f42-8b0f-7a37a67d3516\">\n    <nav id=\"secondary-navigation\" role=\"navigation\" aria-label=\"Secondary menu\" class=\"secondary-nav\">\n        <button class=\"secondary-nav__button btn btn-solid--primary w-full\" aria-expanded=\"false\" aria-controls=\"secondary-navigation__list\" title=\"The selected page is \u00dcbersicht\" type=\"button\">\n            <span class=\"btn__name mr-auto\">\u00dcbersicht<\/span>\n            <svg aria-hidden=\"true\" focusable=\"false\" class=\"icon icon-outline icon--xs\">\n                <use xlink:href=\"https:\/\/www.uni.lu\/wp-content\/themes\/unilux-theme\/assets\/images\/icons\/icons-outline.svg#icon--arrow-down\" \/>\n            <\/svg>\n        <\/button>\n\n        <ul id=\"secondary-navigation__list\" class=\"secondary-nav__list\">\n            <li class=\"secondary-nav__item\">\n    <a href=\"https:\/\/www.uni.lu\/lcsb-de\/forschung\/tierforschung\/\" target=\"\" rel=\"noreferrer noopener\" class=\"secondary-nav__link \">\n        <svg aria-hidden=\"true\" focusable=\"false\" class=\"icon icon-outline icon--xs\">\n            <use xlink:href=\"https:\/\/www.uni.lu\/wp-content\/themes\/unilux-theme\/assets\/images\/icons\/icons-outline.svg#icon--arrow-right\" \/>\n        <\/svg>\n        <span class=\"secondary-nav__name\">\u00dcbersicht<\/span>\n    <\/a>\n<\/li>\n<li class=\"secondary-nav__item\">\n    <a href=\"https:\/\/www.uni.lu\/lcsb-de\/forschung\/tierforschung\/wann-warum\/\" target=\"\" rel=\"noreferrer noopener\" class=\"secondary-nav__link \">\n        <svg aria-hidden=\"true\" focusable=\"false\" class=\"icon icon-outline icon--xs\">\n            <use xlink:href=\"https:\/\/www.uni.lu\/wp-content\/themes\/unilux-theme\/assets\/images\/icons\/icons-outline.svg#icon--arrow-right\" \/>\n        <\/svg>\n        <span class=\"secondary-nav__name\">Wann und warum<\/span>\n    <\/a>\n<\/li>\n<li class=\"secondary-nav__item\">\n    <a href=\"https:\/\/www.uni.lu\/lcsb-de\/forschung\/tierforschung\/so-schutzen-wir-versuchstiere\/\" target=\"\" rel=\"noreferrer noopener\" class=\"secondary-nav__link \">\n        <svg aria-hidden=\"true\" focusable=\"false\" class=\"icon icon-outline icon--xs\">\n            <use xlink:href=\"https:\/\/www.uni.lu\/wp-content\/themes\/unilux-theme\/assets\/images\/icons\/icons-outline.svg#icon--arrow-right\" \/>\n        <\/svg>\n        <span class=\"secondary-nav__name\">So sch\u00fctzen wir Versuchstiere<\/span>\n    <\/a>\n<\/li>\n<li class=\"secondary-nav__item\">\n    <a href=\"https:\/\/www.uni.lu\/lcsb-de\/forschung\/tierforschung\/luxemburger-recht\/\" target=\"\" rel=\"noreferrer noopener\" class=\"secondary-nav__link \">\n        <svg aria-hidden=\"true\" focusable=\"false\" class=\"icon icon-outline icon--xs\">\n            <use xlink:href=\"https:\/\/www.uni.lu\/wp-content\/themes\/unilux-theme\/assets\/images\/icons\/icons-outline.svg#icon--arrow-right\" \/>\n        <\/svg>\n        <span class=\"secondary-nav__name\">Das Luxemburger Recht<\/span>\n    <\/a>\n<\/li>\n<li class=\"secondary-nav__item\">\n    <a href=\"https:\/\/www.uni.lu\/lcsb-de\/forschung\/tierforschung\/das-3r-prinzip\/\" target=\"\" rel=\"noreferrer noopener\" class=\"secondary-nav__link \">\n        <svg aria-hidden=\"true\" focusable=\"false\" class=\"icon icon-outline icon--xs\">\n            <use xlink:href=\"https:\/\/www.uni.lu\/wp-content\/themes\/unilux-theme\/assets\/images\/icons\/icons-outline.svg#icon--arrow-right\" \/>\n        <\/svg>\n        <span class=\"secondary-nav__name\">Das 3R-Prinzip<\/span>\n    <\/a>\n<\/li>\n<li class=\"secondary-nav__item\">\n    <a href=\"https:\/\/www.uni.lu\/lcsb-de\/forschung\/tierforschung\/facilities\/\" target=\"\" rel=\"noreferrer noopener\" class=\"secondary-nav__link \">\n        <svg aria-hidden=\"true\" focusable=\"false\" class=\"icon icon-outline icon--xs\">\n            <use xlink:href=\"https:\/\/www.uni.lu\/wp-content\/themes\/unilux-theme\/assets\/images\/icons\/icons-outline.svg#icon--arrow-right\" \/>\n        <\/svg>\n        <span class=\"secondary-nav__name\">Facilities<\/span>\n    <\/a>\n<\/li>\n<li class=\"secondary-nav__item\">\n    <a href=\"https:\/\/www.uni.lu\/lcsb-de\/forschung\/tierforschung\/zahlen-fakten\/\" target=\"\" rel=\"noreferrer noopener\" class=\"secondary-nav__link \">\n        <svg aria-hidden=\"true\" focusable=\"false\" class=\"icon icon-outline icon--xs\">\n            <use xlink:href=\"https:\/\/www.uni.lu\/wp-content\/themes\/unilux-theme\/assets\/images\/icons\/icons-outline.svg#icon--arrow-right\" \/>\n        <\/svg>\n        <span class=\"secondary-nav__name\">Zahlen &amp; Fakten<\/span>\n    <\/a>\n<\/li>\n<li class=\"secondary-nav__item\">\n    <a href=\"https:\/\/www.uni.lu\/lcsb-de\/forschung\/tierforschung\/beispiele-forschungsprojekten\/\" target=\"\" rel=\"noreferrer noopener\" class=\"secondary-nav__link \">\n        <svg aria-hidden=\"true\" focusable=\"false\" class=\"icon icon-outline icon--xs\">\n            <use xlink:href=\"https:\/\/www.uni.lu\/wp-content\/themes\/unilux-theme\/assets\/images\/icons\/icons-outline.svg#icon--arrow-right\" \/>\n        <\/svg>\n        <span class=\"secondary-nav__name\">Beispiele von Forschungsprojekten<\/span>\n    <\/a>\n<\/li>\n<li class=\"secondary-nav__item\">\n    <a href=\"https:\/\/www.uni.lu\/lcsb-de\/forschung\/tierforschung\/ausbildung\/\" target=\"\" rel=\"noreferrer noopener\" class=\"secondary-nav__link \">\n        <svg aria-hidden=\"true\" focusable=\"false\" class=\"icon icon-outline icon--xs\">\n            <use xlink:href=\"https:\/\/www.uni.lu\/wp-content\/themes\/unilux-theme\/assets\/images\/icons\/icons-outline.svg#icon--arrow-right\" \/>\n        <\/svg>\n        <span class=\"secondary-nav__name\">Ausbildung<\/span>\n    <\/a>\n<\/li>\n        <\/ul>\n    <\/nav>\n<\/div>\n<!-- end SecondaryNavigationMirror --><\/div><\/section>\n\n\n\n<section class=\"wp-block-unilux-blocks-free-section section\"><div class=\"container xl:max-w-screen-xl\">\n<h2 class=\"has-text-align-left wp-block-unilux-blocks-heading\"        id=\"wie-das-mikrobielle-oekosystem-unseres-darms-gesundheit-und-krankheit-beeinflusst\"\n    >\nWie das mikrobielle \u00d6kosystem unseres Darms Gesundheit und Krankheit beeinflusst<\/h2>\n\n\n\n<p>Sind Bakterien in unserem Darm die Ursache f\u00fcr Krebs oder gar neurodegenerative Erkrankungen des Gehirns? Legen sie fest, ob wir \u00fcbergewichtig oder d\u00fcnn sind? Und wenn ja, wie k\u00f6nnten wir Menschen die Kontrolle \u00fcbernehmen \u00fcber Milliarden von Mikroorganismen, die in uns leben? Die Forschungsgruppe Eco-Systems Biology am LCSB m\u00f6chte Antworten auf diese und andere Fragen rund um das Mikrobiom, der Gesamtheit aller unseren K\u00f6rper besiedelnden Mikroorganismen, finden. Insgesamt machen \u00fcber 1.500 verschiedene Mikrobenarten etwa 1,5&nbsp;kg unseres K\u00f6rpergewichts aus. In den vergangenen f\u00fcnf Jahren war dieses \u00d6kosystem unseres K\u00f6rpers Gegenstand intensiver Forschungsarbeiten zu seinem potenziell enormen Einfluss auf die Gesundheit des Menschen.<\/p>\n\n\n\n<p>\u201eWir wissen, dass das Gleichgewicht zwischen den verschiedenen Mikrobenarten wichtig ist\u201c, sagt Prof. Paul Wilmes, Leiter der Forschungsgruppe Eco-Systems Biology am LCSB. \u201eAllerdings ist immer noch nicht bekannt, wie St\u00f6rungen dieses Gleichgewichts, etwa durch eine h\u00f6heres Aufkommen einer Mikrobenart, zu verschiedenen Erkrankungen wie Krebs, Stoffwechselst\u00f6rungen oder auch Parkinson f\u00fchren kann.\u201c Daher befassen sich Wilmes und sein Team mit den Wechselwirkungen verschiedener mikrobieller Zusammensetzungen mit den Epithelzellen des Darms. Ihrer Hypothese zufolge werden \u00c4nderungen, die Erkrankungen ausl\u00f6sen k\u00f6nnten, zun\u00e4chst an dieser Schnittstelle zwischen den Mikroorganismen und ihrem menschlichen Wirt sichtbar.<\/p>\n\n\n\n<p>Mithilfe von Stuhlproben von freiwilligen Versuchspersonen analysieren die Forscher zuerst, welche Bakterienarten in erkrankten und gesunden Probanden vorkommen. In einem n\u00e4chsten Schritt wollen sie untersuchen, wie sich die Unterschiede auf die Darmzellen auswirken und ob dies die Ursache f\u00fcr die Erkrankung sein k\u00f6nnte. Da Versuche an Testpersonen zur Beantwortung dieser Fragen zu invasiv w\u00e4ren und sich das Mikrobiom des Darms von M\u00e4usen erheblich von dem des Menschen unterscheidet, haben Wilmes und sein Team ein neues In-vitro-Modell namens HuMiX entwickelt. In einem so genannten mikrofluidischen System k\u00f6nnen menschliche Epithelzellen des Darms zusammen mit Mikrobengemeinschaften gleichzeitig gez\u00fcchtet werden. \u201eSo k\u00f6nnen wir menschliche Zellen verschiedenen Bakterienzusammensetzungen aussetzen und beobachten, welche molekularen Mechanismen sie im Darm unter welchen Bedingungen ausl\u00f6sen\u201c, erl\u00e4utert Wilmes. Die Ergebnisse k\u00f6nnen bei der Untersuchung von Mikroorganismen auf potenzielle positive Wirkungen helfen, wie etwa entz\u00fcndungshemmende Eigenschaften, die somit Krankheiten wie Allergien oder Autoimmunerkrankungen beeinflussen k\u00f6nnten.<\/p>\n\n\n\n<p>Erst k\u00fcrzlich konnte das Team die HuMiX-Technologie richtungsweisend weiterentwickeln: MicroGUT ist ein In-vitro-Modell des gesamten menschlichen Magen-Darm-Trakts. Verschiedene Einheiten simulieren die verschiedenen Teile des Magen-Darm Trakts, um zu untersuchen, welche Effekte Bakterien, N\u00e4hrstoffe und Medikamente auf die menschliche Physiologie haben. \u201eWir k\u00f6nnen so bestimmter Prozesse in den einzelnen Darmabschnitten simulieren, wie zum Beispiel den Abbau von Medikamenten im K\u00f6rper\u201c, erl\u00e4utert Wilmes. Die Forscher wollen MicroGUT einsetzen, um die Pharmakokinetik individuell zu untersuchen, ohne dass hierf\u00fcr Tiermodelle notwendig werden, und daraus dann optimal auf den Patienten abgestimmte medikament\u00f6se Therapien zu entwickeln.<\/p>\n<\/div><\/section>\n<\/div>","protected":false},"excerpt":{"rendered":"","protected":false},"author":39,"featured_media":0,"parent":646,"menu_order":0,"comment_status":"closed","ping_status":"closed","template":"","meta":{"featured_image_focal_point":[],"show_featured_caption":false,"ulux_newsletter_groups":"","uluxPostTitle":"","uluxPrePostTitle":"","_trash_the_other_posts":false,"_price":"","_stock":"","_tribe_ticket_header":"","_tribe_default_ticket_provider":"","_tribe_ticket_capacity":"0","_ticket_start_date":"","_ticket_end_date":"","_tribe_ticket_show_description":"","_tribe_ticket_show_not_going":false,"_tribe_ticket_use_global_stock":"","_tribe_ticket_global_stock_level":"","_global_stock_mode":"","_global_stock_cap":"","_tribe_rsvp_for_event":"","_tribe_ticket_going_count":"","_tribe_ticket_not_going_count":"","_tribe_tickets_list":"[]","_tribe_ticket_has_attendee_info_fields":false,"footnotes":""},"field-of-interest":[289],"organisation":[335,201],"authorship":[39],"acf":[],"yoast_head":"<!-- This site is optimized with the Yoast SEO Premium plugin v22.3 (Yoast SEO v22.3) - https:\/\/yoast.com\/wordpress\/plugins\/seo\/ -->\n<title>Wie das mikrobielle \u00d6kosystem unseres Darms Gesundheit und Krankheit beeinflusst - LCSB - Universit\u00e4t Luxemburg I Uni.lu<\/title>\n<meta name=\"robots\" content=\"index, follow, max-snippet:-1, max-image-preview:large, max-video-preview:-1\" \/>\n<link rel=\"canonical\" href=\"https:\/\/www.uni.lu\/lcsb-de\/forschung\/tierforschung\/beispiele-forschungsprojekten\/mikrobielle-okosystem\/\" \/>\n<meta property=\"og:locale\" content=\"de_DE\" \/>\n<meta property=\"og:type\" content=\"article\" \/>\n<meta property=\"og:title\" content=\"Wie das mikrobielle \u00d6kosystem unseres Darms Gesundheit und Krankheit beeinflusst\" \/>\n<meta property=\"og:url\" content=\"https:\/\/www.uni.lu\/lcsb-de\/forschung\/tierforschung\/beispiele-forschungsprojekten\/mikrobielle-okosystem\/\" \/>\n<meta property=\"og:site_name\" content=\"LCSB DE\" \/>\n<meta property=\"article:modified_time\" content=\"2024-07-24T09:52:58+00:00\" \/>\n<meta property=\"og:image\" content=\"https:\/\/www.uni.lu\/wp-content\/uploads\/sites\/21\/2026\/03\/03113212\/LCSB_SM-Profile_1600x1600px-scaled.jpg\" \/>\n\t<meta property=\"og:image:width\" content=\"2560\" \/>\n\t<meta property=\"og:image:height\" content=\"2560\" \/>\n\t<meta property=\"og:image:type\" content=\"image\/jpeg\" \/>\n<meta name=\"twitter:card\" content=\"summary_large_image\" \/>\n<meta name=\"twitter:label1\" content=\"Gesch\u00e4tzte Lesezeit\" \/>\n\t<meta name=\"twitter:data1\" content=\"3 Minuten\" \/>\n<script type=\"application\/ld+json\" class=\"yoast-schema-graph\">{\"@context\":\"https:\/\/schema.org\",\"@graph\":[{\"@type\":\"WebPage\",\"@id\":\"https:\/\/www.uni.lu\/lcsb-de\/forschung\/tierforschung\/beispiele-forschungsprojekten\/mikrobielle-okosystem\/\",\"url\":\"https:\/\/www.uni.lu\/lcsb-de\/forschung\/tierforschung\/beispiele-forschungsprojekten\/mikrobielle-okosystem\/\",\"name\":\"Wie das mikrobielle \u00d6kosystem unseres Darms Gesundheit und Krankheit beeinflusst - LCSB - Universit\u00e4t Luxemburg I Uni.lu\",\"isPartOf\":{\"@id\":\"https:\/\/www.uni.lu\/lcsb-de\/#website\"},\"datePublished\":\"2024-07-24T09:02:58+00:00\",\"dateModified\":\"2024-07-24T09:52:58+00:00\",\"breadcrumb\":{\"@id\":\"https:\/\/www.uni.lu\/lcsb-de\/forschung\/tierforschung\/beispiele-forschungsprojekten\/mikrobielle-okosystem\/#breadcrumb\"},\"inLanguage\":\"de-DE\",\"potentialAction\":[{\"@type\":\"ReadAction\",\"target\":[\"https:\/\/www.uni.lu\/lcsb-de\/forschung\/tierforschung\/beispiele-forschungsprojekten\/mikrobielle-okosystem\/\"]}]},{\"@type\":\"BreadcrumbList\",\"@id\":\"https:\/\/www.uni.lu\/lcsb-de\/forschung\/tierforschung\/beispiele-forschungsprojekten\/mikrobielle-okosystem\/#breadcrumb\",\"itemListElement\":[{\"@type\":\"ListItem\",\"position\":1,\"name\":\"Home\",\"item\":\"https:\/\/www.uni.lu\/de\"},{\"@type\":\"ListItem\",\"position\":2,\"name\":\"Luxembourg Centre for Systems Biomedicine (LCSB)\",\"item\":\"https:\/\/www.uni.lu\/lcsb-de\/\"},{\"@type\":\"ListItem\",\"position\":3,\"name\":\"Forschung\",\"item\":\"https:\/\/www.uni.lu\/lcsb-de\/forschung\/\"},{\"@type\":\"ListItem\",\"position\":4,\"name\":\"Tierforschung\",\"item\":\"https:\/\/www.uni.lu\/lcsb-de\/forschung\/tierforschung\/\"},{\"@type\":\"ListItem\",\"position\":5,\"name\":\"Beispiele von Forschungsprojekten\",\"item\":\"https:\/\/www.uni.lu\/lcsb-de\/forschung\/tierforschung\/beispiele-forschungsprojekten\/\"},{\"@type\":\"ListItem\",\"position\":6,\"name\":\"Wie das mikrobielle \u00d6kosystem unseres Darms Gesundheit und Krankheit beeinflusst\"}]},{\"@type\":\"WebSite\",\"@id\":\"https:\/\/www.uni.lu\/lcsb-de\/#website\",\"url\":\"https:\/\/www.uni.lu\/lcsb-de\/\",\"name\":\"LCSB\",\"description\":\"Luxembourg Centre for Systems Biomedicine I Uni.lu\",\"publisher\":{\"@id\":\"https:\/\/www.uni.lu\/lcsb-de\/#organization\"},\"alternateName\":\"Luxembourg Centre for Systems Biomedicine I Universit\u00e4t Luxemburg\",\"potentialAction\":[{\"@type\":\"SearchAction\",\"target\":{\"@type\":\"EntryPoint\",\"urlTemplate\":\"https:\/\/www.uni.lu\/lcsb-de\/?s={search_term_string}\"},\"query-input\":\"required name=search_term_string\"}],\"inLanguage\":\"de-DE\"},{\"@type\":\"Organization\",\"@id\":\"https:\/\/www.uni.lu\/lcsb-de\/#organization\",\"name\":\"LCSB - Universit\u00e4t Luxemburg I Uni.lu\",\"alternateName\":\"Luxembourg Centre for Systems Biomedicine\",\"url\":\"https:\/\/www.uni.lu\/lcsb-de\/\",\"logo\":{\"@type\":\"ImageObject\",\"inLanguage\":\"de-DE\",\"@id\":\"https:\/\/www.uni.lu\/lcsb-de\/#\/schema\/logo\/image\/\",\"url\":\"https:\/\/www.uni.lu\/wp-content\/uploads\/sites\/21\/2026\/03\/03113212\/LCSB_SM-Profile_1600x1600px-scaled.jpg\",\"contentUrl\":\"https:\/\/www.uni.lu\/wp-content\/uploads\/sites\/21\/2026\/03\/03113212\/LCSB_SM-Profile_1600x1600px-scaled.jpg\",\"width\":2560,\"height\":2560,\"caption\":\"LCSB - Universit\u00e4t Luxemburg I Uni.lu\"},\"image\":{\"@id\":\"https:\/\/www.uni.lu\/lcsb-de\/#\/schema\/logo\/image\/\"},\"sameAs\":[\"https:\/\/www.linkedin.com\/showcase\/lcsb-university-of-luxembourg\"]}]}<\/script>\n<!-- \/ Yoast SEO Premium plugin. -->","yoast_head_json":{"title":"Wie das mikrobielle \u00d6kosystem unseres Darms Gesundheit und Krankheit beeinflusst - LCSB - Universit\u00e4t Luxemburg I Uni.lu","robots":{"index":"index","follow":"follow","max-snippet":"max-snippet:-1","max-image-preview":"max-image-preview:large","max-video-preview":"max-video-preview:-1"},"canonical":"https:\/\/www.uni.lu\/lcsb-de\/forschung\/tierforschung\/beispiele-forschungsprojekten\/mikrobielle-okosystem\/","og_locale":"de_DE","og_type":"article","og_title":"Wie das mikrobielle \u00d6kosystem unseres Darms Gesundheit und Krankheit beeinflusst","og_url":"https:\/\/www.uni.lu\/lcsb-de\/forschung\/tierforschung\/beispiele-forschungsprojekten\/mikrobielle-okosystem\/","og_site_name":"LCSB DE","article_modified_time":"2024-07-24T09:52:58+00:00","og_image":[{"width":2560,"height":2560,"url":"https:\/\/www.uni.lu\/wp-content\/uploads\/sites\/21\/2026\/03\/03113212\/LCSB_SM-Profile_1600x1600px-scaled.jpg","type":"image\/jpeg"}],"twitter_card":"summary_large_image","twitter_misc":{"Gesch\u00e4tzte Lesezeit":"3 Minuten"},"schema":{"@context":"https:\/\/schema.org","@graph":[{"@type":"WebPage","@id":"https:\/\/www.uni.lu\/lcsb-de\/forschung\/tierforschung\/beispiele-forschungsprojekten\/mikrobielle-okosystem\/","url":"https:\/\/www.uni.lu\/lcsb-de\/forschung\/tierforschung\/beispiele-forschungsprojekten\/mikrobielle-okosystem\/","name":"Wie das mikrobielle \u00d6kosystem unseres Darms Gesundheit und Krankheit beeinflusst - LCSB - Universit\u00e4t Luxemburg I Uni.lu","isPartOf":{"@id":"https:\/\/www.uni.lu\/lcsb-de\/#website"},"datePublished":"2024-07-24T09:02:58+00:00","dateModified":"2024-07-24T09:52:58+00:00","breadcrumb":{"@id":"https:\/\/www.uni.lu\/lcsb-de\/forschung\/tierforschung\/beispiele-forschungsprojekten\/mikrobielle-okosystem\/#breadcrumb"},"inLanguage":"de-DE","potentialAction":[{"@type":"ReadAction","target":["https:\/\/www.uni.lu\/lcsb-de\/forschung\/tierforschung\/beispiele-forschungsprojekten\/mikrobielle-okosystem\/"]}]},{"@type":"BreadcrumbList","@id":"https:\/\/www.uni.lu\/lcsb-de\/forschung\/tierforschung\/beispiele-forschungsprojekten\/mikrobielle-okosystem\/#breadcrumb","itemListElement":[{"@type":"ListItem","position":1,"name":"Home","item":"https:\/\/www.uni.lu\/de"},{"@type":"ListItem","position":2,"name":"Luxembourg Centre for Systems Biomedicine (LCSB)","item":"https:\/\/www.uni.lu\/lcsb-de\/"},{"@type":"ListItem","position":3,"name":"Forschung","item":"https:\/\/www.uni.lu\/lcsb-de\/forschung\/"},{"@type":"ListItem","position":4,"name":"Tierforschung","item":"https:\/\/www.uni.lu\/lcsb-de\/forschung\/tierforschung\/"},{"@type":"ListItem","position":5,"name":"Beispiele von Forschungsprojekten","item":"https:\/\/www.uni.lu\/lcsb-de\/forschung\/tierforschung\/beispiele-forschungsprojekten\/"},{"@type":"ListItem","position":6,"name":"Wie das mikrobielle \u00d6kosystem unseres Darms Gesundheit und Krankheit beeinflusst"}]},{"@type":"WebSite","@id":"https:\/\/www.uni.lu\/lcsb-de\/#website","url":"https:\/\/www.uni.lu\/lcsb-de\/","name":"LCSB","description":"Luxembourg Centre for Systems Biomedicine I Uni.lu","publisher":{"@id":"https:\/\/www.uni.lu\/lcsb-de\/#organization"},"alternateName":"Luxembourg Centre for Systems Biomedicine I Universit\u00e4t Luxemburg","potentialAction":[{"@type":"SearchAction","target":{"@type":"EntryPoint","urlTemplate":"https:\/\/www.uni.lu\/lcsb-de\/?s={search_term_string}"},"query-input":"required name=search_term_string"}],"inLanguage":"de-DE"},{"@type":"Organization","@id":"https:\/\/www.uni.lu\/lcsb-de\/#organization","name":"LCSB - Universit\u00e4t Luxemburg I Uni.lu","alternateName":"Luxembourg Centre for Systems Biomedicine","url":"https:\/\/www.uni.lu\/lcsb-de\/","logo":{"@type":"ImageObject","inLanguage":"de-DE","@id":"https:\/\/www.uni.lu\/lcsb-de\/#\/schema\/logo\/image\/","url":"https:\/\/www.uni.lu\/wp-content\/uploads\/sites\/21\/2026\/03\/03113212\/LCSB_SM-Profile_1600x1600px-scaled.jpg","contentUrl":"https:\/\/www.uni.lu\/wp-content\/uploads\/sites\/21\/2026\/03\/03113212\/LCSB_SM-Profile_1600x1600px-scaled.jpg","width":2560,"height":2560,"caption":"LCSB - Universit\u00e4t Luxemburg I Uni.lu"},"image":{"@id":"https:\/\/www.uni.lu\/lcsb-de\/#\/schema\/logo\/image\/"},"sameAs":["https:\/\/www.linkedin.com\/showcase\/lcsb-university-of-luxembourg"]}]}},"ticketed":false,"_links":{"self":[{"href":"https:\/\/www.uni.lu\/lcsb-de\/wp-json\/wp\/v2\/pages\/689"}],"collection":[{"href":"https:\/\/www.uni.lu\/lcsb-de\/wp-json\/wp\/v2\/pages"}],"about":[{"href":"https:\/\/www.uni.lu\/lcsb-de\/wp-json\/wp\/v2\/types\/page"}],"author":[{"embeddable":true,"href":"https:\/\/www.uni.lu\/lcsb-de\/wp-json\/wp\/v2\/users\/39"}],"replies":[{"embeddable":true,"href":"https:\/\/www.uni.lu\/lcsb-de\/wp-json\/wp\/v2\/comments?post=689"}],"version-history":[{"count":3,"href":"https:\/\/www.uni.lu\/lcsb-de\/wp-json\/wp\/v2\/pages\/689\/revisions"}],"predecessor-version":[{"id":735,"href":"https:\/\/www.uni.lu\/lcsb-de\/wp-json\/wp\/v2\/pages\/689\/revisions\/735"}],"up":[{"embeddable":true,"href":"https:\/\/www.uni.lu\/lcsb-de\/wp-json\/wp\/v2\/pages\/646"}],"wp:authorship":[{"embeddable":true,"href":"https:\/\/www.uni.lu\/lcsb-de\/wp-json\/wp\/v2\/users\/39"}],"wp:attachment":[{"href":"https:\/\/www.uni.lu\/lcsb-de\/wp-json\/wp\/v2\/media?parent=689"}],"wp:term":[{"taxonomy":"field-of-interest","embeddable":true,"href":"https:\/\/www.uni.lu\/lcsb-de\/wp-json\/wp\/v2\/field-of-interest?post=689"},{"taxonomy":"organisation","embeddable":true,"href":"https:\/\/www.uni.lu\/lcsb-de\/wp-json\/wp\/v2\/organisation?post=689"}],"curies":[{"name":"wp","href":"https:\/\/api.w.org\/{rel}","templated":true}]}}