{"id":674,"date":"2024-07-24T10:20:24","date_gmt":"2024-07-24T08:20:24","guid":{"rendered":"https:\/\/www.uni.lu\/lcsb-de\/?page_id=674"},"modified":"2024-07-24T11:46:01","modified_gmt":"2024-07-24T09:46:01","slug":"das-3r-prinzip","status":"publish","type":"page","link":"https:\/\/www.uni.lu\/lcsb-de\/forschung\/tierforschung\/das-3r-prinzip\/","title":{"rendered":"Das 3R-Prinzip"},"content":{"rendered":"<div class=\"section py-0 static\">\n<section class=\"py-0 wp-block-unilux-blocks-free-section section\"><div class=\"container xl:max-w-screen-xl\"><!-- SecondaryNavigationMirror --><div class=\"js-secondary-nav--sticky wp-block-unilux-blocks-secondary-navigation\" id=\"079cacee-a280-4f42-8b0f-7a37a67d3516\">\n    <nav id=\"secondary-navigation\" role=\"navigation\" aria-label=\"Secondary menu\" class=\"secondary-nav\">\n        <button class=\"secondary-nav__button btn btn-solid--primary w-full\" aria-expanded=\"false\" aria-controls=\"secondary-navigation__list\" title=\"The selected page is \u00dcbersicht\" type=\"button\">\n            <span class=\"btn__name mr-auto\">\u00dcbersicht<\/span>\n            <svg aria-hidden=\"true\" focusable=\"false\" class=\"icon icon-outline icon--xs\">\n                <use xlink:href=\"https:\/\/www.uni.lu\/wp-content\/themes\/unilux-theme\/assets\/images\/icons\/icons-outline.svg#icon--arrow-down\" \/>\n            <\/svg>\n        <\/button>\n\n        <ul id=\"secondary-navigation__list\" class=\"secondary-nav__list\">\n            <li class=\"secondary-nav__item\">\n    <a href=\"https:\/\/www.uni.lu\/lcsb-de\/forschung\/tierforschung\/\" target=\"\" rel=\"noreferrer noopener\" class=\"secondary-nav__link \">\n        <svg aria-hidden=\"true\" focusable=\"false\" class=\"icon icon-outline icon--xs\">\n            <use xlink:href=\"https:\/\/www.uni.lu\/wp-content\/themes\/unilux-theme\/assets\/images\/icons\/icons-outline.svg#icon--arrow-right\" \/>\n        <\/svg>\n        <span class=\"secondary-nav__name\">\u00dcbersicht<\/span>\n    <\/a>\n<\/li>\n<li class=\"secondary-nav__item\">\n    <a href=\"https:\/\/www.uni.lu\/lcsb-de\/forschung\/tierforschung\/wann-warum\/\" target=\"\" rel=\"noreferrer noopener\" class=\"secondary-nav__link \">\n        <svg aria-hidden=\"true\" focusable=\"false\" class=\"icon icon-outline icon--xs\">\n            <use xlink:href=\"https:\/\/www.uni.lu\/wp-content\/themes\/unilux-theme\/assets\/images\/icons\/icons-outline.svg#icon--arrow-right\" \/>\n        <\/svg>\n        <span class=\"secondary-nav__name\">Wann und warum<\/span>\n    <\/a>\n<\/li>\n<li class=\"secondary-nav__item\">\n    <a href=\"https:\/\/www.uni.lu\/lcsb-de\/forschung\/tierforschung\/so-schutzen-wir-versuchstiere\/\" target=\"\" rel=\"noreferrer noopener\" class=\"secondary-nav__link \">\n        <svg aria-hidden=\"true\" focusable=\"false\" class=\"icon icon-outline icon--xs\">\n            <use xlink:href=\"https:\/\/www.uni.lu\/wp-content\/themes\/unilux-theme\/assets\/images\/icons\/icons-outline.svg#icon--arrow-right\" \/>\n        <\/svg>\n        <span class=\"secondary-nav__name\">So sch\u00fctzen wir Versuchstiere<\/span>\n    <\/a>\n<\/li>\n<li class=\"secondary-nav__item\">\n    <a href=\"https:\/\/www.uni.lu\/lcsb-de\/forschung\/tierforschung\/luxemburger-recht\/\" target=\"\" rel=\"noreferrer noopener\" class=\"secondary-nav__link \">\n        <svg aria-hidden=\"true\" focusable=\"false\" class=\"icon icon-outline icon--xs\">\n            <use xlink:href=\"https:\/\/www.uni.lu\/wp-content\/themes\/unilux-theme\/assets\/images\/icons\/icons-outline.svg#icon--arrow-right\" \/>\n        <\/svg>\n        <span class=\"secondary-nav__name\">Das Luxemburger Recht<\/span>\n    <\/a>\n<\/li>\n<li class=\"secondary-nav__item\">\n    <a href=\"https:\/\/www.uni.lu\/lcsb-de\/forschung\/tierforschung\/das-3r-prinzip\/\" target=\"\" rel=\"noreferrer noopener\" class=\"secondary-nav__link \">\n        <svg aria-hidden=\"true\" focusable=\"false\" class=\"icon icon-outline icon--xs\">\n            <use xlink:href=\"https:\/\/www.uni.lu\/wp-content\/themes\/unilux-theme\/assets\/images\/icons\/icons-outline.svg#icon--arrow-right\" \/>\n        <\/svg>\n        <span class=\"secondary-nav__name\">Das 3R-Prinzip<\/span>\n    <\/a>\n<\/li>\n<li class=\"secondary-nav__item\">\n    <a href=\"https:\/\/www.uni.lu\/lcsb-de\/forschung\/tierforschung\/facilities\/\" target=\"\" rel=\"noreferrer noopener\" class=\"secondary-nav__link \">\n        <svg aria-hidden=\"true\" focusable=\"false\" class=\"icon icon-outline icon--xs\">\n            <use xlink:href=\"https:\/\/www.uni.lu\/wp-content\/themes\/unilux-theme\/assets\/images\/icons\/icons-outline.svg#icon--arrow-right\" \/>\n        <\/svg>\n        <span class=\"secondary-nav__name\">Facilities<\/span>\n    <\/a>\n<\/li>\n<li class=\"secondary-nav__item\">\n    <a href=\"https:\/\/www.uni.lu\/lcsb-de\/forschung\/tierforschung\/zahlen-fakten\/\" target=\"\" rel=\"noreferrer noopener\" class=\"secondary-nav__link \">\n        <svg aria-hidden=\"true\" focusable=\"false\" class=\"icon icon-outline icon--xs\">\n            <use xlink:href=\"https:\/\/www.uni.lu\/wp-content\/themes\/unilux-theme\/assets\/images\/icons\/icons-outline.svg#icon--arrow-right\" \/>\n        <\/svg>\n        <span class=\"secondary-nav__name\">Zahlen &amp; Fakten<\/span>\n    <\/a>\n<\/li>\n<li class=\"secondary-nav__item\">\n    <a href=\"https:\/\/www.uni.lu\/lcsb-de\/forschung\/tierforschung\/beispiele-forschungsprojekten\/\" target=\"\" rel=\"noreferrer noopener\" class=\"secondary-nav__link \">\n        <svg aria-hidden=\"true\" focusable=\"false\" class=\"icon icon-outline icon--xs\">\n            <use xlink:href=\"https:\/\/www.uni.lu\/wp-content\/themes\/unilux-theme\/assets\/images\/icons\/icons-outline.svg#icon--arrow-right\" \/>\n        <\/svg>\n        <span class=\"secondary-nav__name\">Beispiele von Forschungsprojekten<\/span>\n    <\/a>\n<\/li>\n<li class=\"secondary-nav__item\">\n    <a href=\"https:\/\/www.uni.lu\/lcsb-de\/forschung\/tierforschung\/ausbildung\/\" target=\"\" rel=\"noreferrer noopener\" class=\"secondary-nav__link \">\n        <svg aria-hidden=\"true\" focusable=\"false\" class=\"icon icon-outline icon--xs\">\n            <use xlink:href=\"https:\/\/www.uni.lu\/wp-content\/themes\/unilux-theme\/assets\/images\/icons\/icons-outline.svg#icon--arrow-right\" \/>\n        <\/svg>\n        <span class=\"secondary-nav__name\">Ausbildung<\/span>\n    <\/a>\n<\/li>\n        <\/ul>\n    <\/nav>\n<\/div>\n<!-- end SecondaryNavigationMirror --><\/div><\/section>\n\n\n\n<section class=\"wp-block-unilux-blocks-free-section section\"><div class=\"container xl:max-w-screen-xl\">\n<h1 class=\"has-text-align-left wp-block-unilux-blocks-heading\"        id=\"das-3r-prinzip\"\n    >\nDas 3R-Prinzip<\/h1>\n\n\n<figure class=\"wp-block-dev4-reusable-blocks-image  object-fit--cover\">\n    \n<img decoding=\"async\" class=\"wp-block-image unilux-custom-image-block\"\n                alt=\"Mice\"\n            src=\"https:\/\/www.uni.lu\/wp-content\/uploads\/sites\/6\/2023\/09\/The-3-Rs_mice.jpg\"\n                    style=\"object-position: 50.00% 50.00%; font-family: &quot;object-fit: cover; object-position: 50.00% 50.00%;&quot;; aspect-ratio: 16\/9; object-fit: cover; width: 100%;\"\n        loading=\"lazy\"\n\/>    <\/figure>\n\n\n<p>Das LCSB handelt in der t\u00e4glichen Arbeit nach <a href=\"https:\/\/www.nc3rs.org.uk\/the-3rs\" target=\"_blank\" rel=\"noreferrer noopener\"><strong>den drei Rs (3Rs)<\/strong><\/a>, den Leitlinien f\u00fcr die m\u00f6glichst schmerzlose Verwendung von Tieren in der wissenschaftlichen Forschung. Jeder Wissenschaftler, der in seiner Forschung Tiere einsetzen m\u00f6chte, muss zun\u00e4chst nachweisen, dass keine Alternative zur Verf\u00fcgung steht und dass die Anzahl und das Leiden der Versuchstiere auf ein Minimum beschr\u00e4nkt wird, d.&nbsp;h.:<\/p>\n\n\n\n<ul class=\"ulux-list\">\n<li class=\"ulux-list-item\"><strong>Replace (Vermeiden):<\/strong> Wir sind bestrebt, wo immer m\u00f6glich, tierversuchsfreie Forschungsmethoden anzuwenden, wie etwa Zellkulturen, Computermodelle oder Studien mit freiwilligen Versuchspersonen, um den Einsatz von Versuchstieren ganz zu vermeiden.<\/li>\n\n\n\n<li class=\"ulux-list-item\"><strong>Reduce (Verringern):<\/strong> Wir sind bestrebt<strong>,<\/strong> unsere Versuche so zu gestalten, dass die Anzahl der Versuchstiere auf das erforderliche Minimum f\u00fcr die Beantwortung der wissenschaftlichen Fragestellung beschr\u00e4nkt wird. Hierzu geh\u00f6rt auch, dass Informationen von weniger Tieren erhoben oder mehr Informationen aus derselben Anzahl von Tieren gewonnen werden. Wir bem\u00fchen uns, Daten aus vergangenen Versuchen gemeinsam mit anderen Forschungsinstituten zu nutzen und neu auszuwerten, so dass keine weiteren Versuchstiere eingesetzt werden m\u00fcssen.<\/li>\n\n\n\n<li class=\"ulux-list-item\"><strong>Refine (Verbessern):<\/strong> Wir sind bestrebt, Versuche so zu gestalten und durchzuf\u00fchren, dass die Versuchstiere m\u00f6glichst wenig leiden. Die Auswirkungen eines Versuchs auf das Wohlergehen des Versuchstiers werden von der Planungsphase bis zum Ende des Verfahrens ber\u00fccksichtigt. Das beinhaltet Verbesserungen an den Haltungsbedingungen und den Testverfahren, so dass Schmerzen und Leiden minimiert und\/oder der Tierschutz verbessert werden.<\/li>\n<\/ul>\n\n\n<figure class=\"wp-block-dev4-reusable-blocks-image  object-fit--scale-down\">\n    \n<img decoding=\"async\" class=\"wp-block-image unilux-custom-image-block\"\n                alt=\"\"\n            src=\"https:\/\/www.uni.lu\/wp-content\/uploads\/sites\/21\/2024\/07\/3R_Graph_english.png\"\n                srcset=\"https:\/\/www.uni.lu\/wp-content\/uploads\/sites\/21\/2024\/07\/3R_Graph_english-300x82.png 300w, https:\/\/www.uni.lu\/wp-content\/uploads\/sites\/21\/2024\/07\/3R_Graph_english-1024x279.png 1024w, https:\/\/www.uni.lu\/wp-content\/uploads\/sites\/21\/2024\/07\/3R_Graph_english-768x209.png 768w, https:\/\/www.uni.lu\/wp-content\/uploads\/sites\/21\/2024\/07\/3R_Graph_english-1536x419.png 1536w, https:\/\/www.uni.lu\/wp-content\/uploads\/sites\/21\/2024\/07\/3R_Graph_english.png 1868w\"\n                style=\"object-position: 50.00% 50.00%; font-family: &quot;object-fit: scale-down; object-position: 50.00% 50.00%;&quot;; aspect-ratio: 32\/9; object-fit: scale-down; width: 100%;\"\n        loading=\"lazy\"\n\/>    <\/figure>\n\n\n<p class=\"has-text-align-center\">3R. Konzept: <a href=\"https:\/\/nc3rs.org.uk\/\" target=\"_blank\" rel=\"noreferrer noopener\">UK National Centre for the Replacement Refinement &amp; Reduction of Animals in Research<\/a><\/p>\n<\/div><\/section>\n<\/div>","protected":false},"excerpt":{"rendered":"","protected":false},"author":39,"featured_media":0,"parent":656,"menu_order":0,"comment_status":"closed","ping_status":"closed","template":"","meta":{"featured_image_focal_point":[],"show_featured_caption":false,"ulux_newsletter_groups":"","uluxPostTitle":"","uluxPrePostTitle":"","_trash_the_other_posts":false,"_price":"","_stock":"","_tribe_ticket_header":"","_tribe_default_ticket_provider":"","_tribe_ticket_capacity":"0","_ticket_start_date":"","_ticket_end_date":"","_tribe_ticket_show_description":"","_tribe_ticket_show_not_going":false,"_tribe_ticket_use_global_stock":"","_tribe_ticket_global_stock_level":"","_global_stock_mode":"","_global_stock_cap":"","_tribe_rsvp_for_event":"","_tribe_ticket_going_count":"","_tribe_ticket_not_going_count":"","_tribe_tickets_list":"[]","_tribe_ticket_has_attendee_info_fields":false,"footnotes":""},"field-of-interest":[289],"organisation":[335,201],"authorship":[39],"acf":[],"yoast_head":"<!-- This site is optimized with the Yoast SEO Premium plugin v22.3 (Yoast SEO v22.3) - https:\/\/yoast.com\/wordpress\/plugins\/seo\/ -->\n<title>Das 3R-Prinzip - LCSB - Universit\u00e4t Luxemburg I Uni.lu<\/title>\n<meta name=\"robots\" content=\"index, follow, max-snippet:-1, max-image-preview:large, max-video-preview:-1\" \/>\n<link rel=\"canonical\" href=\"https:\/\/www.uni.lu\/lcsb-de\/forschung\/tierforschung\/das-3r-prinzip\/\" \/>\n<meta property=\"og:locale\" content=\"de_DE\" \/>\n<meta property=\"og:type\" content=\"article\" \/>\n<meta property=\"og:title\" content=\"Das 3R-Prinzip\" \/>\n<meta property=\"og:url\" content=\"https:\/\/www.uni.lu\/lcsb-de\/forschung\/tierforschung\/das-3r-prinzip\/\" \/>\n<meta property=\"og:site_name\" content=\"LCSB DE\" \/>\n<meta property=\"article:modified_time\" content=\"2024-07-24T09:46:01+00:00\" \/>\n<meta property=\"og:image\" content=\"https:\/\/www.uni.lu\/wp-content\/uploads\/sites\/21\/2026\/03\/03113212\/LCSB_SM-Profile_1600x1600px-scaled.jpg\" \/>\n\t<meta property=\"og:image:width\" content=\"2560\" \/>\n\t<meta property=\"og:image:height\" content=\"2560\" \/>\n\t<meta property=\"og:image:type\" content=\"image\/jpeg\" \/>\n<meta name=\"twitter:card\" content=\"summary_large_image\" \/>\n<meta name=\"twitter:label1\" content=\"Gesch\u00e4tzte Lesezeit\" \/>\n\t<meta name=\"twitter:data1\" content=\"2 Minuten\" \/>\n<script type=\"application\/ld+json\" class=\"yoast-schema-graph\">{\"@context\":\"https:\/\/schema.org\",\"@graph\":[{\"@type\":\"WebPage\",\"@id\":\"https:\/\/www.uni.lu\/lcsb-de\/forschung\/tierforschung\/das-3r-prinzip\/\",\"url\":\"https:\/\/www.uni.lu\/lcsb-de\/forschung\/tierforschung\/das-3r-prinzip\/\",\"name\":\"Das 3R-Prinzip - LCSB - Universit\u00e4t Luxemburg I Uni.lu\",\"isPartOf\":{\"@id\":\"https:\/\/www.uni.lu\/lcsb-de\/#website\"},\"datePublished\":\"2024-07-24T08:20:24+00:00\",\"dateModified\":\"2024-07-24T09:46:01+00:00\",\"breadcrumb\":{\"@id\":\"https:\/\/www.uni.lu\/lcsb-de\/forschung\/tierforschung\/das-3r-prinzip\/#breadcrumb\"},\"inLanguage\":\"de-DE\",\"potentialAction\":[{\"@type\":\"ReadAction\",\"target\":[\"https:\/\/www.uni.lu\/lcsb-de\/forschung\/tierforschung\/das-3r-prinzip\/\"]}]},{\"@type\":\"BreadcrumbList\",\"@id\":\"https:\/\/www.uni.lu\/lcsb-de\/forschung\/tierforschung\/das-3r-prinzip\/#breadcrumb\",\"itemListElement\":[{\"@type\":\"ListItem\",\"position\":1,\"name\":\"Home\",\"item\":\"https:\/\/www.uni.lu\/de\"},{\"@type\":\"ListItem\",\"position\":2,\"name\":\"Luxembourg Centre for Systems Biomedicine (LCSB)\",\"item\":\"https:\/\/www.uni.lu\/lcsb-de\/\"},{\"@type\":\"ListItem\",\"position\":3,\"name\":\"Forschung\",\"item\":\"https:\/\/www.uni.lu\/lcsb-de\/forschung\/\"},{\"@type\":\"ListItem\",\"position\":4,\"name\":\"Tierforschung\",\"item\":\"https:\/\/www.uni.lu\/lcsb-de\/forschung\/tierforschung\/\"},{\"@type\":\"ListItem\",\"position\":5,\"name\":\"Das 3R-Prinzip\"}]},{\"@type\":\"WebSite\",\"@id\":\"https:\/\/www.uni.lu\/lcsb-de\/#website\",\"url\":\"https:\/\/www.uni.lu\/lcsb-de\/\",\"name\":\"LCSB\",\"description\":\"Luxembourg Centre for Systems Biomedicine I Uni.lu\",\"publisher\":{\"@id\":\"https:\/\/www.uni.lu\/lcsb-de\/#organization\"},\"alternateName\":\"Luxembourg Centre for Systems Biomedicine I Universit\u00e4t Luxemburg\",\"potentialAction\":[{\"@type\":\"SearchAction\",\"target\":{\"@type\":\"EntryPoint\",\"urlTemplate\":\"https:\/\/www.uni.lu\/lcsb-de\/?s={search_term_string}\"},\"query-input\":\"required name=search_term_string\"}],\"inLanguage\":\"de-DE\"},{\"@type\":\"Organization\",\"@id\":\"https:\/\/www.uni.lu\/lcsb-de\/#organization\",\"name\":\"LCSB - Universit\u00e4t Luxemburg I Uni.lu\",\"alternateName\":\"Luxembourg Centre for Systems Biomedicine\",\"url\":\"https:\/\/www.uni.lu\/lcsb-de\/\",\"logo\":{\"@type\":\"ImageObject\",\"inLanguage\":\"de-DE\",\"@id\":\"https:\/\/www.uni.lu\/lcsb-de\/#\/schema\/logo\/image\/\",\"url\":\"https:\/\/www.uni.lu\/wp-content\/uploads\/sites\/21\/2026\/03\/03113212\/LCSB_SM-Profile_1600x1600px-scaled.jpg\",\"contentUrl\":\"https:\/\/www.uni.lu\/wp-content\/uploads\/sites\/21\/2026\/03\/03113212\/LCSB_SM-Profile_1600x1600px-scaled.jpg\",\"width\":2560,\"height\":2560,\"caption\":\"LCSB - Universit\u00e4t Luxemburg I Uni.lu\"},\"image\":{\"@id\":\"https:\/\/www.uni.lu\/lcsb-de\/#\/schema\/logo\/image\/\"},\"sameAs\":[\"https:\/\/www.linkedin.com\/showcase\/lcsb-university-of-luxembourg\"]}]}<\/script>\n<!-- \/ Yoast SEO Premium plugin. -->","yoast_head_json":{"title":"Das 3R-Prinzip - LCSB - Universit\u00e4t Luxemburg I Uni.lu","robots":{"index":"index","follow":"follow","max-snippet":"max-snippet:-1","max-image-preview":"max-image-preview:large","max-video-preview":"max-video-preview:-1"},"canonical":"https:\/\/www.uni.lu\/lcsb-de\/forschung\/tierforschung\/das-3r-prinzip\/","og_locale":"de_DE","og_type":"article","og_title":"Das 3R-Prinzip","og_url":"https:\/\/www.uni.lu\/lcsb-de\/forschung\/tierforschung\/das-3r-prinzip\/","og_site_name":"LCSB DE","article_modified_time":"2024-07-24T09:46:01+00:00","og_image":[{"width":2560,"height":2560,"url":"https:\/\/www.uni.lu\/wp-content\/uploads\/sites\/21\/2026\/03\/03113212\/LCSB_SM-Profile_1600x1600px-scaled.jpg","type":"image\/jpeg"}],"twitter_card":"summary_large_image","twitter_misc":{"Gesch\u00e4tzte Lesezeit":"2 Minuten"},"schema":{"@context":"https:\/\/schema.org","@graph":[{"@type":"WebPage","@id":"https:\/\/www.uni.lu\/lcsb-de\/forschung\/tierforschung\/das-3r-prinzip\/","url":"https:\/\/www.uni.lu\/lcsb-de\/forschung\/tierforschung\/das-3r-prinzip\/","name":"Das 3R-Prinzip - LCSB - Universit\u00e4t Luxemburg I Uni.lu","isPartOf":{"@id":"https:\/\/www.uni.lu\/lcsb-de\/#website"},"datePublished":"2024-07-24T08:20:24+00:00","dateModified":"2024-07-24T09:46:01+00:00","breadcrumb":{"@id":"https:\/\/www.uni.lu\/lcsb-de\/forschung\/tierforschung\/das-3r-prinzip\/#breadcrumb"},"inLanguage":"de-DE","potentialAction":[{"@type":"ReadAction","target":["https:\/\/www.uni.lu\/lcsb-de\/forschung\/tierforschung\/das-3r-prinzip\/"]}]},{"@type":"BreadcrumbList","@id":"https:\/\/www.uni.lu\/lcsb-de\/forschung\/tierforschung\/das-3r-prinzip\/#breadcrumb","itemListElement":[{"@type":"ListItem","position":1,"name":"Home","item":"https:\/\/www.uni.lu\/de"},{"@type":"ListItem","position":2,"name":"Luxembourg Centre for Systems Biomedicine (LCSB)","item":"https:\/\/www.uni.lu\/lcsb-de\/"},{"@type":"ListItem","position":3,"name":"Forschung","item":"https:\/\/www.uni.lu\/lcsb-de\/forschung\/"},{"@type":"ListItem","position":4,"name":"Tierforschung","item":"https:\/\/www.uni.lu\/lcsb-de\/forschung\/tierforschung\/"},{"@type":"ListItem","position":5,"name":"Das 3R-Prinzip"}]},{"@type":"WebSite","@id":"https:\/\/www.uni.lu\/lcsb-de\/#website","url":"https:\/\/www.uni.lu\/lcsb-de\/","name":"LCSB","description":"Luxembourg Centre for Systems Biomedicine I Uni.lu","publisher":{"@id":"https:\/\/www.uni.lu\/lcsb-de\/#organization"},"alternateName":"Luxembourg Centre for Systems Biomedicine I Universit\u00e4t Luxemburg","potentialAction":[{"@type":"SearchAction","target":{"@type":"EntryPoint","urlTemplate":"https:\/\/www.uni.lu\/lcsb-de\/?s={search_term_string}"},"query-input":"required name=search_term_string"}],"inLanguage":"de-DE"},{"@type":"Organization","@id":"https:\/\/www.uni.lu\/lcsb-de\/#organization","name":"LCSB - Universit\u00e4t Luxemburg I Uni.lu","alternateName":"Luxembourg Centre for Systems Biomedicine","url":"https:\/\/www.uni.lu\/lcsb-de\/","logo":{"@type":"ImageObject","inLanguage":"de-DE","@id":"https:\/\/www.uni.lu\/lcsb-de\/#\/schema\/logo\/image\/","url":"https:\/\/www.uni.lu\/wp-content\/uploads\/sites\/21\/2026\/03\/03113212\/LCSB_SM-Profile_1600x1600px-scaled.jpg","contentUrl":"https:\/\/www.uni.lu\/wp-content\/uploads\/sites\/21\/2026\/03\/03113212\/LCSB_SM-Profile_1600x1600px-scaled.jpg","width":2560,"height":2560,"caption":"LCSB - Universit\u00e4t Luxemburg I Uni.lu"},"image":{"@id":"https:\/\/www.uni.lu\/lcsb-de\/#\/schema\/logo\/image\/"},"sameAs":["https:\/\/www.linkedin.com\/showcase\/lcsb-university-of-luxembourg"]}]}},"ticketed":false,"_links":{"self":[{"href":"https:\/\/www.uni.lu\/lcsb-de\/wp-json\/wp\/v2\/pages\/674"}],"collection":[{"href":"https:\/\/www.uni.lu\/lcsb-de\/wp-json\/wp\/v2\/pages"}],"about":[{"href":"https:\/\/www.uni.lu\/lcsb-de\/wp-json\/wp\/v2\/types\/page"}],"author":[{"embeddable":true,"href":"https:\/\/www.uni.lu\/lcsb-de\/wp-json\/wp\/v2\/users\/39"}],"replies":[{"embeddable":true,"href":"https:\/\/www.uni.lu\/lcsb-de\/wp-json\/wp\/v2\/comments?post=674"}],"version-history":[{"count":2,"href":"https:\/\/www.uni.lu\/lcsb-de\/wp-json\/wp\/v2\/pages\/674\/revisions"}],"predecessor-version":[{"id":725,"href":"https:\/\/www.uni.lu\/lcsb-de\/wp-json\/wp\/v2\/pages\/674\/revisions\/725"}],"up":[{"embeddable":true,"href":"https:\/\/www.uni.lu\/lcsb-de\/wp-json\/wp\/v2\/pages\/656"}],"wp:authorship":[{"embeddable":true,"href":"https:\/\/www.uni.lu\/lcsb-de\/wp-json\/wp\/v2\/users\/39"}],"wp:attachment":[{"href":"https:\/\/www.uni.lu\/lcsb-de\/wp-json\/wp\/v2\/media?parent=674"}],"wp:term":[{"taxonomy":"field-of-interest","embeddable":true,"href":"https:\/\/www.uni.lu\/lcsb-de\/wp-json\/wp\/v2\/field-of-interest?post=674"},{"taxonomy":"organisation","embeddable":true,"href":"https:\/\/www.uni.lu\/lcsb-de\/wp-json\/wp\/v2\/organisation?post=674"}],"curies":[{"name":"wp","href":"https:\/\/api.w.org\/{rel}","templated":true}]}}