{"id":667,"date":"2024-07-24T11:04:23","date_gmt":"2024-07-24T09:04:23","guid":{"rendered":"https:\/\/www.uni.lu\/lcsb-de\/?page_id=667"},"modified":"2024-07-24T11:47:23","modified_gmt":"2024-07-24T09:47:23","slug":"so-schutzen-wir-versuchstiere","status":"publish","type":"page","link":"https:\/\/www.uni.lu\/lcsb-de\/forschung\/tierforschung\/so-schutzen-wir-versuchstiere\/","title":{"rendered":"So sch\u00fctzen wir Versuchstiere"},"content":{"rendered":"<div class=\"section py-0 static\">\n<section class=\"py-0 wp-block-unilux-blocks-free-section section\"><div class=\"container xl:max-w-screen-xl\"><!-- SecondaryNavigationMirror --><div class=\"js-secondary-nav--sticky wp-block-unilux-blocks-secondary-navigation\" id=\"079cacee-a280-4f42-8b0f-7a37a67d3516\">\n    <nav id=\"secondary-navigation\" role=\"navigation\" aria-label=\"Secondary menu\" class=\"secondary-nav\">\n        <button class=\"secondary-nav__button btn btn-solid--primary w-full\" aria-expanded=\"false\" aria-controls=\"secondary-navigation__list\" title=\"The selected page is \u00dcbersicht\" type=\"button\">\n            <span class=\"btn__name mr-auto\">\u00dcbersicht<\/span>\n            <svg aria-hidden=\"true\" focusable=\"false\" class=\"icon icon-outline icon--xs\">\n                <use xlink:href=\"https:\/\/www.uni.lu\/wp-content\/themes\/unilux-theme\/assets\/images\/icons\/icons-outline.svg#icon--arrow-down\" \/>\n            <\/svg>\n        <\/button>\n\n        <ul id=\"secondary-navigation__list\" class=\"secondary-nav__list\">\n            <li class=\"secondary-nav__item\">\n    <a href=\"https:\/\/www.uni.lu\/lcsb-de\/forschung\/tierforschung\/\" target=\"\" rel=\"noreferrer noopener\" class=\"secondary-nav__link \">\n        <svg aria-hidden=\"true\" focusable=\"false\" class=\"icon icon-outline icon--xs\">\n            <use xlink:href=\"https:\/\/www.uni.lu\/wp-content\/themes\/unilux-theme\/assets\/images\/icons\/icons-outline.svg#icon--arrow-right\" \/>\n        <\/svg>\n        <span class=\"secondary-nav__name\">\u00dcbersicht<\/span>\n    <\/a>\n<\/li>\n<li class=\"secondary-nav__item\">\n    <a href=\"https:\/\/www.uni.lu\/lcsb-de\/forschung\/tierforschung\/wann-warum\/\" target=\"\" rel=\"noreferrer noopener\" class=\"secondary-nav__link \">\n        <svg aria-hidden=\"true\" focusable=\"false\" class=\"icon icon-outline icon--xs\">\n            <use xlink:href=\"https:\/\/www.uni.lu\/wp-content\/themes\/unilux-theme\/assets\/images\/icons\/icons-outline.svg#icon--arrow-right\" \/>\n        <\/svg>\n        <span class=\"secondary-nav__name\">Wann und warum<\/span>\n    <\/a>\n<\/li>\n<li class=\"secondary-nav__item\">\n    <a href=\"https:\/\/www.uni.lu\/lcsb-de\/forschung\/tierforschung\/so-schutzen-wir-versuchstiere\/\" target=\"\" rel=\"noreferrer noopener\" class=\"secondary-nav__link \">\n        <svg aria-hidden=\"true\" focusable=\"false\" class=\"icon icon-outline icon--xs\">\n            <use xlink:href=\"https:\/\/www.uni.lu\/wp-content\/themes\/unilux-theme\/assets\/images\/icons\/icons-outline.svg#icon--arrow-right\" \/>\n        <\/svg>\n        <span class=\"secondary-nav__name\">So sch\u00fctzen wir Versuchstiere<\/span>\n    <\/a>\n<\/li>\n<li class=\"secondary-nav__item\">\n    <a href=\"https:\/\/www.uni.lu\/lcsb-de\/forschung\/tierforschung\/luxemburger-recht\/\" target=\"\" rel=\"noreferrer noopener\" class=\"secondary-nav__link \">\n        <svg aria-hidden=\"true\" focusable=\"false\" class=\"icon icon-outline icon--xs\">\n            <use xlink:href=\"https:\/\/www.uni.lu\/wp-content\/themes\/unilux-theme\/assets\/images\/icons\/icons-outline.svg#icon--arrow-right\" \/>\n        <\/svg>\n        <span class=\"secondary-nav__name\">Das Luxemburger Recht<\/span>\n    <\/a>\n<\/li>\n<li class=\"secondary-nav__item\">\n    <a href=\"https:\/\/www.uni.lu\/lcsb-de\/forschung\/tierforschung\/das-3r-prinzip\/\" target=\"\" rel=\"noreferrer noopener\" class=\"secondary-nav__link \">\n        <svg aria-hidden=\"true\" focusable=\"false\" class=\"icon icon-outline icon--xs\">\n            <use xlink:href=\"https:\/\/www.uni.lu\/wp-content\/themes\/unilux-theme\/assets\/images\/icons\/icons-outline.svg#icon--arrow-right\" \/>\n        <\/svg>\n        <span class=\"secondary-nav__name\">Das 3R-Prinzip<\/span>\n    <\/a>\n<\/li>\n<li class=\"secondary-nav__item\">\n    <a href=\"https:\/\/www.uni.lu\/lcsb-de\/forschung\/tierforschung\/facilities\/\" target=\"\" rel=\"noreferrer noopener\" class=\"secondary-nav__link \">\n        <svg aria-hidden=\"true\" focusable=\"false\" class=\"icon icon-outline icon--xs\">\n            <use xlink:href=\"https:\/\/www.uni.lu\/wp-content\/themes\/unilux-theme\/assets\/images\/icons\/icons-outline.svg#icon--arrow-right\" \/>\n        <\/svg>\n        <span class=\"secondary-nav__name\">Facilities<\/span>\n    <\/a>\n<\/li>\n<li class=\"secondary-nav__item\">\n    <a href=\"https:\/\/www.uni.lu\/lcsb-de\/forschung\/tierforschung\/zahlen-fakten\/\" target=\"\" rel=\"noreferrer noopener\" class=\"secondary-nav__link \">\n        <svg aria-hidden=\"true\" focusable=\"false\" class=\"icon icon-outline icon--xs\">\n            <use xlink:href=\"https:\/\/www.uni.lu\/wp-content\/themes\/unilux-theme\/assets\/images\/icons\/icons-outline.svg#icon--arrow-right\" \/>\n        <\/svg>\n        <span class=\"secondary-nav__name\">Zahlen &amp; Fakten<\/span>\n    <\/a>\n<\/li>\n<li class=\"secondary-nav__item\">\n    <a href=\"https:\/\/www.uni.lu\/lcsb-de\/forschung\/tierforschung\/beispiele-forschungsprojekten\/\" target=\"\" rel=\"noreferrer noopener\" class=\"secondary-nav__link \">\n        <svg aria-hidden=\"true\" focusable=\"false\" class=\"icon icon-outline icon--xs\">\n            <use xlink:href=\"https:\/\/www.uni.lu\/wp-content\/themes\/unilux-theme\/assets\/images\/icons\/icons-outline.svg#icon--arrow-right\" \/>\n        <\/svg>\n        <span class=\"secondary-nav__name\">Beispiele von Forschungsprojekten<\/span>\n    <\/a>\n<\/li>\n<li class=\"secondary-nav__item\">\n    <a href=\"https:\/\/www.uni.lu\/lcsb-de\/forschung\/tierforschung\/ausbildung\/\" target=\"\" rel=\"noreferrer noopener\" class=\"secondary-nav__link \">\n        <svg aria-hidden=\"true\" focusable=\"false\" class=\"icon icon-outline icon--xs\">\n            <use xlink:href=\"https:\/\/www.uni.lu\/wp-content\/themes\/unilux-theme\/assets\/images\/icons\/icons-outline.svg#icon--arrow-right\" \/>\n        <\/svg>\n        <span class=\"secondary-nav__name\">Ausbildung<\/span>\n    <\/a>\n<\/li>\n        <\/ul>\n    <\/nav>\n<\/div>\n<!-- end SecondaryNavigationMirror --><\/div><\/section>\n\n\n\n<section class=\"wp-block-unilux-blocks-free-section section\"><div class=\"container xl:max-w-screen-xl\">\n<h2 class=\"has-text-align-left wp-block-unilux-blocks-heading\"        id=\"so-schuetzen-wir-versuchstiere\"\n    >\nSo sch\u00fctzen wir Versuchstiere<\/h2>\n\n\n\n<p>Am LCSB stehen hohe Tierschutzstandards bei all unseren Tierversuchen im Mittelpunkt, da Wohlergehen der Tiere und wissenschaftliche Qualit\u00e4t Hand in Hand gehen. Erleidet ein Tier Stress oder Schmerzen, k\u00f6nnte sich das auf die Ergebnisse der Forschung nachteilig auswirken. Daher ist es neben unseren moralischen \u00dcberzeugungen, das Wohlergehen der Tiere sicherzustellen und nur m\u00f6glichst wenige Tiere einzusetzen, auch wissenschaftlich notwendig, die Tiere unter bestm\u00f6glichen Bedingungen zu halten und daf\u00fcr zu sorgen, dass sie von qualifizierten und erfahrenen Pflegern die bestm\u00f6gliche Pflege erhalten.<\/p>\n\n\n\n<p>Wenn ein Wissenschaftler davon \u00fcberzeugt ist, dass die Verwendung eines Tiermodells in seiner Forschung die einzige M\u00f6glichkeit zur Beantwortung einer wichtigen wissenschaftlichen Fragestellung ist, muss zun\u00e4chst intern beim <a href=\"https:\/\/www.uni.lu\/de\/ueber-uns\/universitaetsleitung\/aeec\/\">Ethikkommission f\u00fcr Tierversuche (Animal Experimentation Ethics Committee, AEEC) der Universit\u00e4t Luxemburg<\/a> ein Ethikantrag gestellt werden. Diesem Ausschuss geh\u00f6ren veterin\u00e4rmedizinische Berater, Wissenschaftler und Mitarbeiter der Versuchstierhaltung an.<\/p>\n\n\n\n<p>Er soll sicherstellen, dass das 3R-Prinzip beachtet wird:<\/p>\n\n\n\n<ol type=\"1\" start=\"1\" class=\"ulux-list\">\n<li class=\"ulux-list-item\">Replacement (Vermeidung) \u2013 wo immer m\u00f6glich, Einsatz von Alternativen anstelle von Tierversuchen<\/li>\n\n\n\n<li class=\"ulux-list-item\">Reduction (Verringerung) \u2013 Verringerung der Anzahl der Versuchstiere auf das Minimum, mit dem sich wissenschaftlich valide Ergebnisse erzielen lassen<\/li>\n\n\n\n<li class=\"ulux-list-item\">Refinement (Verbesserung) \u2013 Versuchsgestaltung in einer Weise, die Leiden oder Schmerzen der Versuchstiere mindert<\/li>\n<\/ol>\n\n\n\n<p>Wird ein Projekt vom AEEC genehmigt, ist beim luxemburgischen Landwirtschaftsministerium ein Antrag zu stellen, das vor Erteilung der Genehmigung eine weitere Untersuchung durchf\u00fchrt. Eine Projektgenehmigung ist ein rechtsg\u00fcltiges Dokument, in dem die Beschr\u00e4nkungen und Bedingungen f\u00fcr den Einsatz der Tiere festgelegt sind.<\/p>\n\n\n\n<p>Es kann kein wissenschaftliches Testverfahren durchgef\u00fchrt werden, wenn f\u00fcr dieselbe Fragestellung tierversuchsfreie Alternativen zur Verf\u00fcgung stehen oder den Tieren hierdurch unn\u00f6tiger Schaden zugef\u00fchrt werden k\u00f6nnte.<\/p>\n\n\n\n<p>Das LCSB hat folgende Ma\u00dfnahmen ergriffen, um h\u00f6chste Tierpflege- und Tierschutzstandards zu gew\u00e4hrleisten.<\/p>\n\n\n\n<ol type=\"1\" start=\"1\" class=\"ulux-list\">\n<li class=\"ulux-list-item\">Jede Versuchstierhaltung am LCSB verf\u00fcgt \u00fcber einen zust\u00e4ndigen Leiter in Vollzeit, der ein auf Tierversuche spezialisierter Wissenschaftler ist. Au\u00dferdem k\u00fcmmert sich ein Team von ausgebildeten Tierpflegern um das Wohlergehen der Tiere und sorgt f\u00fcr die ordnungsgem\u00e4\u00dfe Pflege.<\/li>\n\n\n\n<li class=\"ulux-list-item\">Alle unsere Einrichtungen und Versuchstiere unterstehen einer regelm\u00e4\u00dfigen tier\u00e4rztlichen Aufsicht, \u00fcber die eine Beratung zu einer Vielzahl von Tierschutzfragen gew\u00e4hrleistet ist.<\/li>\n\n\n\n<li class=\"ulux-list-item\">Unsere Mitarbeiter d\u00fcrfen erst nach Abschluss einer speziellen Ausbildung Tierversuche durchf\u00fchren oder die Tiere betreuen. Diese Qualifikationen reichen von grundlegenden Tierpflegekursen bis hin zu Kursen auf Hochschulniveau (FELASA-Zertifikate), abh\u00e4ngig von den durchzuf\u00fchrenden Versuchen.<\/li>\n\n\n\n<li class=\"ulux-list-item\">Zusammen bilden der Leiter der Versuchstierhaltung, der veterin\u00e4rmedizinische Berater, der Tierpfleger und zwei Wissenschaftler das Tierschutzgremium, das gew\u00e4hrleistet, dass alle Verfahren unter Beachtung der h\u00f6chsten Tierschutzstandards nach der Europ\u00e4ischen Richtlinie durchgef\u00fchrt werden.<\/li>\n<\/ol>\n<\/div><\/section>\n<\/div>","protected":false},"excerpt":{"rendered":"","protected":false},"author":39,"featured_media":0,"parent":656,"menu_order":0,"comment_status":"closed","ping_status":"closed","template":"","meta":{"featured_image_focal_point":[],"show_featured_caption":false,"ulux_newsletter_groups":"","uluxPostTitle":"","uluxPrePostTitle":"","_trash_the_other_posts":false,"_price":"","_stock":"","_tribe_ticket_header":"","_tribe_default_ticket_provider":"","_tribe_ticket_capacity":"0","_ticket_start_date":"","_ticket_end_date":"","_tribe_ticket_show_description":"","_tribe_ticket_show_not_going":false,"_tribe_ticket_use_global_stock":"","_tribe_ticket_global_stock_level":"","_global_stock_mode":"","_global_stock_cap":"","_tribe_rsvp_for_event":"","_tribe_ticket_going_count":"","_tribe_ticket_not_going_count":"","_tribe_tickets_list":"[]","_tribe_ticket_has_attendee_info_fields":false,"footnotes":""},"field-of-interest":[289],"organisation":[335,201],"authorship":[39],"acf":[],"yoast_head":"<!-- This site is optimized with the Yoast SEO Premium plugin v22.3 (Yoast SEO v22.3) - https:\/\/yoast.com\/wordpress\/plugins\/seo\/ -->\n<title>So sch\u00fctzen wir Versuchstiere - LCSB - Universit\u00e4t Luxemburg I Uni.lu<\/title>\n<meta name=\"robots\" content=\"index, follow, max-snippet:-1, max-image-preview:large, max-video-preview:-1\" \/>\n<link rel=\"canonical\" href=\"https:\/\/www.uni.lu\/lcsb-de\/forschung\/tierforschung\/so-schutzen-wir-versuchstiere\/\" \/>\n<meta property=\"og:locale\" content=\"de_DE\" \/>\n<meta property=\"og:type\" content=\"article\" \/>\n<meta property=\"og:title\" content=\"So sch\u00fctzen wir Versuchstiere\" \/>\n<meta property=\"og:url\" content=\"https:\/\/www.uni.lu\/lcsb-de\/forschung\/tierforschung\/so-schutzen-wir-versuchstiere\/\" \/>\n<meta property=\"og:site_name\" content=\"LCSB DE\" \/>\n<meta property=\"article:modified_time\" content=\"2024-07-24T09:47:23+00:00\" \/>\n<meta property=\"og:image\" content=\"https:\/\/www.uni.lu\/wp-content\/uploads\/sites\/21\/2026\/03\/03113212\/LCSB_SM-Profile_1600x1600px-scaled.jpg\" \/>\n\t<meta property=\"og:image:width\" content=\"2560\" \/>\n\t<meta property=\"og:image:height\" content=\"2560\" \/>\n\t<meta property=\"og:image:type\" content=\"image\/jpeg\" \/>\n<meta name=\"twitter:card\" content=\"summary_large_image\" \/>\n<meta name=\"twitter:label1\" content=\"Gesch\u00e4tzte Lesezeit\" \/>\n\t<meta name=\"twitter:data1\" content=\"3 Minuten\" \/>\n<script type=\"application\/ld+json\" class=\"yoast-schema-graph\">{\"@context\":\"https:\/\/schema.org\",\"@graph\":[{\"@type\":\"WebPage\",\"@id\":\"https:\/\/www.uni.lu\/lcsb-de\/forschung\/tierforschung\/so-schutzen-wir-versuchstiere\/\",\"url\":\"https:\/\/www.uni.lu\/lcsb-de\/forschung\/tierforschung\/so-schutzen-wir-versuchstiere\/\",\"name\":\"So sch\u00fctzen wir Versuchstiere - LCSB - Universit\u00e4t Luxemburg I Uni.lu\",\"isPartOf\":{\"@id\":\"https:\/\/www.uni.lu\/lcsb-de\/#website\"},\"datePublished\":\"2024-07-24T09:04:23+00:00\",\"dateModified\":\"2024-07-24T09:47:23+00:00\",\"breadcrumb\":{\"@id\":\"https:\/\/www.uni.lu\/lcsb-de\/forschung\/tierforschung\/so-schutzen-wir-versuchstiere\/#breadcrumb\"},\"inLanguage\":\"de-DE\",\"potentialAction\":[{\"@type\":\"ReadAction\",\"target\":[\"https:\/\/www.uni.lu\/lcsb-de\/forschung\/tierforschung\/so-schutzen-wir-versuchstiere\/\"]}]},{\"@type\":\"BreadcrumbList\",\"@id\":\"https:\/\/www.uni.lu\/lcsb-de\/forschung\/tierforschung\/so-schutzen-wir-versuchstiere\/#breadcrumb\",\"itemListElement\":[{\"@type\":\"ListItem\",\"position\":1,\"name\":\"Home\",\"item\":\"https:\/\/www.uni.lu\/de\"},{\"@type\":\"ListItem\",\"position\":2,\"name\":\"Luxembourg Centre for Systems Biomedicine (LCSB)\",\"item\":\"https:\/\/www.uni.lu\/lcsb-de\/\"},{\"@type\":\"ListItem\",\"position\":3,\"name\":\"Forschung\",\"item\":\"https:\/\/www.uni.lu\/lcsb-de\/forschung\/\"},{\"@type\":\"ListItem\",\"position\":4,\"name\":\"Tierforschung\",\"item\":\"https:\/\/www.uni.lu\/lcsb-de\/forschung\/tierforschung\/\"},{\"@type\":\"ListItem\",\"position\":5,\"name\":\"So sch\u00fctzen wir Versuchstiere\"}]},{\"@type\":\"WebSite\",\"@id\":\"https:\/\/www.uni.lu\/lcsb-de\/#website\",\"url\":\"https:\/\/www.uni.lu\/lcsb-de\/\",\"name\":\"LCSB\",\"description\":\"Luxembourg Centre for Systems Biomedicine I Uni.lu\",\"publisher\":{\"@id\":\"https:\/\/www.uni.lu\/lcsb-de\/#organization\"},\"alternateName\":\"Luxembourg Centre for Systems Biomedicine I Universit\u00e4t Luxemburg\",\"potentialAction\":[{\"@type\":\"SearchAction\",\"target\":{\"@type\":\"EntryPoint\",\"urlTemplate\":\"https:\/\/www.uni.lu\/lcsb-de\/?s={search_term_string}\"},\"query-input\":\"required name=search_term_string\"}],\"inLanguage\":\"de-DE\"},{\"@type\":\"Organization\",\"@id\":\"https:\/\/www.uni.lu\/lcsb-de\/#organization\",\"name\":\"LCSB - Universit\u00e4t Luxemburg I Uni.lu\",\"alternateName\":\"Luxembourg Centre for Systems Biomedicine\",\"url\":\"https:\/\/www.uni.lu\/lcsb-de\/\",\"logo\":{\"@type\":\"ImageObject\",\"inLanguage\":\"de-DE\",\"@id\":\"https:\/\/www.uni.lu\/lcsb-de\/#\/schema\/logo\/image\/\",\"url\":\"https:\/\/www.uni.lu\/wp-content\/uploads\/sites\/21\/2026\/03\/03113212\/LCSB_SM-Profile_1600x1600px-scaled.jpg\",\"contentUrl\":\"https:\/\/www.uni.lu\/wp-content\/uploads\/sites\/21\/2026\/03\/03113212\/LCSB_SM-Profile_1600x1600px-scaled.jpg\",\"width\":2560,\"height\":2560,\"caption\":\"LCSB - Universit\u00e4t Luxemburg I Uni.lu\"},\"image\":{\"@id\":\"https:\/\/www.uni.lu\/lcsb-de\/#\/schema\/logo\/image\/\"},\"sameAs\":[\"https:\/\/www.linkedin.com\/showcase\/lcsb-university-of-luxembourg\"]}]}<\/script>\n<!-- \/ Yoast SEO Premium plugin. -->","yoast_head_json":{"title":"So sch\u00fctzen wir Versuchstiere - LCSB - Universit\u00e4t Luxemburg I Uni.lu","robots":{"index":"index","follow":"follow","max-snippet":"max-snippet:-1","max-image-preview":"max-image-preview:large","max-video-preview":"max-video-preview:-1"},"canonical":"https:\/\/www.uni.lu\/lcsb-de\/forschung\/tierforschung\/so-schutzen-wir-versuchstiere\/","og_locale":"de_DE","og_type":"article","og_title":"So sch\u00fctzen wir Versuchstiere","og_url":"https:\/\/www.uni.lu\/lcsb-de\/forschung\/tierforschung\/so-schutzen-wir-versuchstiere\/","og_site_name":"LCSB DE","article_modified_time":"2024-07-24T09:47:23+00:00","og_image":[{"width":2560,"height":2560,"url":"https:\/\/www.uni.lu\/wp-content\/uploads\/sites\/21\/2026\/03\/03113212\/LCSB_SM-Profile_1600x1600px-scaled.jpg","type":"image\/jpeg"}],"twitter_card":"summary_large_image","twitter_misc":{"Gesch\u00e4tzte Lesezeit":"3 Minuten"},"schema":{"@context":"https:\/\/schema.org","@graph":[{"@type":"WebPage","@id":"https:\/\/www.uni.lu\/lcsb-de\/forschung\/tierforschung\/so-schutzen-wir-versuchstiere\/","url":"https:\/\/www.uni.lu\/lcsb-de\/forschung\/tierforschung\/so-schutzen-wir-versuchstiere\/","name":"So sch\u00fctzen wir Versuchstiere - LCSB - Universit\u00e4t Luxemburg I Uni.lu","isPartOf":{"@id":"https:\/\/www.uni.lu\/lcsb-de\/#website"},"datePublished":"2024-07-24T09:04:23+00:00","dateModified":"2024-07-24T09:47:23+00:00","breadcrumb":{"@id":"https:\/\/www.uni.lu\/lcsb-de\/forschung\/tierforschung\/so-schutzen-wir-versuchstiere\/#breadcrumb"},"inLanguage":"de-DE","potentialAction":[{"@type":"ReadAction","target":["https:\/\/www.uni.lu\/lcsb-de\/forschung\/tierforschung\/so-schutzen-wir-versuchstiere\/"]}]},{"@type":"BreadcrumbList","@id":"https:\/\/www.uni.lu\/lcsb-de\/forschung\/tierforschung\/so-schutzen-wir-versuchstiere\/#breadcrumb","itemListElement":[{"@type":"ListItem","position":1,"name":"Home","item":"https:\/\/www.uni.lu\/de"},{"@type":"ListItem","position":2,"name":"Luxembourg Centre for Systems Biomedicine (LCSB)","item":"https:\/\/www.uni.lu\/lcsb-de\/"},{"@type":"ListItem","position":3,"name":"Forschung","item":"https:\/\/www.uni.lu\/lcsb-de\/forschung\/"},{"@type":"ListItem","position":4,"name":"Tierforschung","item":"https:\/\/www.uni.lu\/lcsb-de\/forschung\/tierforschung\/"},{"@type":"ListItem","position":5,"name":"So sch\u00fctzen wir Versuchstiere"}]},{"@type":"WebSite","@id":"https:\/\/www.uni.lu\/lcsb-de\/#website","url":"https:\/\/www.uni.lu\/lcsb-de\/","name":"LCSB","description":"Luxembourg Centre for Systems Biomedicine I Uni.lu","publisher":{"@id":"https:\/\/www.uni.lu\/lcsb-de\/#organization"},"alternateName":"Luxembourg Centre for Systems Biomedicine I Universit\u00e4t Luxemburg","potentialAction":[{"@type":"SearchAction","target":{"@type":"EntryPoint","urlTemplate":"https:\/\/www.uni.lu\/lcsb-de\/?s={search_term_string}"},"query-input":"required name=search_term_string"}],"inLanguage":"de-DE"},{"@type":"Organization","@id":"https:\/\/www.uni.lu\/lcsb-de\/#organization","name":"LCSB - Universit\u00e4t Luxemburg I Uni.lu","alternateName":"Luxembourg Centre for Systems Biomedicine","url":"https:\/\/www.uni.lu\/lcsb-de\/","logo":{"@type":"ImageObject","inLanguage":"de-DE","@id":"https:\/\/www.uni.lu\/lcsb-de\/#\/schema\/logo\/image\/","url":"https:\/\/www.uni.lu\/wp-content\/uploads\/sites\/21\/2026\/03\/03113212\/LCSB_SM-Profile_1600x1600px-scaled.jpg","contentUrl":"https:\/\/www.uni.lu\/wp-content\/uploads\/sites\/21\/2026\/03\/03113212\/LCSB_SM-Profile_1600x1600px-scaled.jpg","width":2560,"height":2560,"caption":"LCSB - Universit\u00e4t Luxemburg I Uni.lu"},"image":{"@id":"https:\/\/www.uni.lu\/lcsb-de\/#\/schema\/logo\/image\/"},"sameAs":["https:\/\/www.linkedin.com\/showcase\/lcsb-university-of-luxembourg"]}]}},"ticketed":false,"_links":{"self":[{"href":"https:\/\/www.uni.lu\/lcsb-de\/wp-json\/wp\/v2\/pages\/667"}],"collection":[{"href":"https:\/\/www.uni.lu\/lcsb-de\/wp-json\/wp\/v2\/pages"}],"about":[{"href":"https:\/\/www.uni.lu\/lcsb-de\/wp-json\/wp\/v2\/types\/page"}],"author":[{"embeddable":true,"href":"https:\/\/www.uni.lu\/lcsb-de\/wp-json\/wp\/v2\/users\/39"}],"replies":[{"embeddable":true,"href":"https:\/\/www.uni.lu\/lcsb-de\/wp-json\/wp\/v2\/comments?post=667"}],"version-history":[{"count":2,"href":"https:\/\/www.uni.lu\/lcsb-de\/wp-json\/wp\/v2\/pages\/667\/revisions"}],"predecessor-version":[{"id":727,"href":"https:\/\/www.uni.lu\/lcsb-de\/wp-json\/wp\/v2\/pages\/667\/revisions\/727"}],"up":[{"embeddable":true,"href":"https:\/\/www.uni.lu\/lcsb-de\/wp-json\/wp\/v2\/pages\/656"}],"wp:authorship":[{"embeddable":true,"href":"https:\/\/www.uni.lu\/lcsb-de\/wp-json\/wp\/v2\/users\/39"}],"wp:attachment":[{"href":"https:\/\/www.uni.lu\/lcsb-de\/wp-json\/wp\/v2\/media?parent=667"}],"wp:term":[{"taxonomy":"field-of-interest","embeddable":true,"href":"https:\/\/www.uni.lu\/lcsb-de\/wp-json\/wp\/v2\/field-of-interest?post=667"},{"taxonomy":"organisation","embeddable":true,"href":"https:\/\/www.uni.lu\/lcsb-de\/wp-json\/wp\/v2\/organisation?post=667"}],"curies":[{"name":"wp","href":"https:\/\/api.w.org\/{rel}","templated":true}]}}