{"id":648,"date":"2024-07-24T11:00:04","date_gmt":"2024-07-24T09:00:04","guid":{"rendered":"https:\/\/www.uni.lu\/lcsb-de\/?page_id=648"},"modified":"2024-07-24T11:53:56","modified_gmt":"2024-07-24T09:53:56","slug":"epilepsien-kinder","status":"publish","type":"page","link":"https:\/\/www.uni.lu\/lcsb-de\/forschung\/tierforschung\/beispiele-forschungsprojekten\/epilepsien-kinder\/","title":{"rendered":"Neue Mechanismen und Therapien f\u00fcr Epilepsien bei Kindern entdeckt"},"content":{"rendered":"<div class=\"section py-0 static\">\n<section class=\"py-0 wp-block-unilux-blocks-free-section section\"><div class=\"container xl:max-w-screen-xl\"><!-- SecondaryNavigationMirror --><div class=\"js-secondary-nav--sticky wp-block-unilux-blocks-secondary-navigation\" id=\"079cacee-a280-4f42-8b0f-7a37a67d3516\">\n    <nav id=\"secondary-navigation\" role=\"navigation\" aria-label=\"Secondary menu\" class=\"secondary-nav\">\n        <button class=\"secondary-nav__button btn btn-solid--primary w-full\" aria-expanded=\"false\" aria-controls=\"secondary-navigation__list\" title=\"The selected page is \u00dcbersicht\" type=\"button\">\n            <span class=\"btn__name mr-auto\">\u00dcbersicht<\/span>\n            <svg aria-hidden=\"true\" focusable=\"false\" class=\"icon icon-outline icon--xs\">\n                <use xlink:href=\"https:\/\/www.uni.lu\/wp-content\/themes\/unilux-theme\/assets\/images\/icons\/icons-outline.svg#icon--arrow-down\" \/>\n            <\/svg>\n        <\/button>\n\n        <ul id=\"secondary-navigation__list\" class=\"secondary-nav__list\">\n            <li class=\"secondary-nav__item\">\n    <a href=\"https:\/\/www.uni.lu\/lcsb-de\/forschung\/tierforschung\/\" target=\"\" rel=\"noreferrer noopener\" class=\"secondary-nav__link \">\n        <svg aria-hidden=\"true\" focusable=\"false\" class=\"icon icon-outline icon--xs\">\n            <use xlink:href=\"https:\/\/www.uni.lu\/wp-content\/themes\/unilux-theme\/assets\/images\/icons\/icons-outline.svg#icon--arrow-right\" \/>\n        <\/svg>\n        <span class=\"secondary-nav__name\">\u00dcbersicht<\/span>\n    <\/a>\n<\/li>\n<li class=\"secondary-nav__item\">\n    <a href=\"https:\/\/www.uni.lu\/lcsb-de\/forschung\/tierforschung\/wann-warum\/\" target=\"\" rel=\"noreferrer noopener\" class=\"secondary-nav__link \">\n        <svg aria-hidden=\"true\" focusable=\"false\" class=\"icon icon-outline icon--xs\">\n            <use xlink:href=\"https:\/\/www.uni.lu\/wp-content\/themes\/unilux-theme\/assets\/images\/icons\/icons-outline.svg#icon--arrow-right\" \/>\n        <\/svg>\n        <span class=\"secondary-nav__name\">Wann und warum<\/span>\n    <\/a>\n<\/li>\n<li class=\"secondary-nav__item\">\n    <a href=\"https:\/\/www.uni.lu\/lcsb-de\/forschung\/tierforschung\/so-schutzen-wir-versuchstiere\/\" target=\"\" rel=\"noreferrer noopener\" class=\"secondary-nav__link \">\n        <svg aria-hidden=\"true\" focusable=\"false\" class=\"icon icon-outline icon--xs\">\n            <use xlink:href=\"https:\/\/www.uni.lu\/wp-content\/themes\/unilux-theme\/assets\/images\/icons\/icons-outline.svg#icon--arrow-right\" \/>\n        <\/svg>\n        <span class=\"secondary-nav__name\">So sch\u00fctzen wir Versuchstiere<\/span>\n    <\/a>\n<\/li>\n<li class=\"secondary-nav__item\">\n    <a href=\"https:\/\/www.uni.lu\/lcsb-de\/forschung\/tierforschung\/luxemburger-recht\/\" target=\"\" rel=\"noreferrer noopener\" class=\"secondary-nav__link \">\n        <svg aria-hidden=\"true\" focusable=\"false\" class=\"icon icon-outline icon--xs\">\n            <use xlink:href=\"https:\/\/www.uni.lu\/wp-content\/themes\/unilux-theme\/assets\/images\/icons\/icons-outline.svg#icon--arrow-right\" \/>\n        <\/svg>\n        <span class=\"secondary-nav__name\">Das Luxemburger Recht<\/span>\n    <\/a>\n<\/li>\n<li class=\"secondary-nav__item\">\n    <a href=\"https:\/\/www.uni.lu\/lcsb-de\/forschung\/tierforschung\/das-3r-prinzip\/\" target=\"\" rel=\"noreferrer noopener\" class=\"secondary-nav__link \">\n        <svg aria-hidden=\"true\" focusable=\"false\" class=\"icon icon-outline icon--xs\">\n            <use xlink:href=\"https:\/\/www.uni.lu\/wp-content\/themes\/unilux-theme\/assets\/images\/icons\/icons-outline.svg#icon--arrow-right\" \/>\n        <\/svg>\n        <span class=\"secondary-nav__name\">Das 3R-Prinzip<\/span>\n    <\/a>\n<\/li>\n<li class=\"secondary-nav__item\">\n    <a href=\"https:\/\/www.uni.lu\/lcsb-de\/forschung\/tierforschung\/facilities\/\" target=\"\" rel=\"noreferrer noopener\" class=\"secondary-nav__link \">\n        <svg aria-hidden=\"true\" focusable=\"false\" class=\"icon icon-outline icon--xs\">\n            <use xlink:href=\"https:\/\/www.uni.lu\/wp-content\/themes\/unilux-theme\/assets\/images\/icons\/icons-outline.svg#icon--arrow-right\" \/>\n        <\/svg>\n        <span class=\"secondary-nav__name\">Facilities<\/span>\n    <\/a>\n<\/li>\n<li class=\"secondary-nav__item\">\n    <a href=\"https:\/\/www.uni.lu\/lcsb-de\/forschung\/tierforschung\/zahlen-fakten\/\" target=\"\" rel=\"noreferrer noopener\" class=\"secondary-nav__link \">\n        <svg aria-hidden=\"true\" focusable=\"false\" class=\"icon icon-outline icon--xs\">\n            <use xlink:href=\"https:\/\/www.uni.lu\/wp-content\/themes\/unilux-theme\/assets\/images\/icons\/icons-outline.svg#icon--arrow-right\" \/>\n        <\/svg>\n        <span class=\"secondary-nav__name\">Zahlen &amp; Fakten<\/span>\n    <\/a>\n<\/li>\n<li class=\"secondary-nav__item\">\n    <a href=\"https:\/\/www.uni.lu\/lcsb-de\/forschung\/tierforschung\/beispiele-forschungsprojekten\/\" target=\"\" rel=\"noreferrer noopener\" class=\"secondary-nav__link \">\n        <svg aria-hidden=\"true\" focusable=\"false\" class=\"icon icon-outline icon--xs\">\n            <use xlink:href=\"https:\/\/www.uni.lu\/wp-content\/themes\/unilux-theme\/assets\/images\/icons\/icons-outline.svg#icon--arrow-right\" \/>\n        <\/svg>\n        <span class=\"secondary-nav__name\">Beispiele von Forschungsprojekten<\/span>\n    <\/a>\n<\/li>\n<li class=\"secondary-nav__item\">\n    <a href=\"https:\/\/www.uni.lu\/lcsb-de\/forschung\/tierforschung\/ausbildung\/\" target=\"\" rel=\"noreferrer noopener\" class=\"secondary-nav__link \">\n        <svg aria-hidden=\"true\" focusable=\"false\" class=\"icon icon-outline icon--xs\">\n            <use xlink:href=\"https:\/\/www.uni.lu\/wp-content\/themes\/unilux-theme\/assets\/images\/icons\/icons-outline.svg#icon--arrow-right\" \/>\n        <\/svg>\n        <span class=\"secondary-nav__name\">Ausbildung<\/span>\n    <\/a>\n<\/li>\n        <\/ul>\n    <\/nav>\n<\/div>\n<!-- end SecondaryNavigationMirror --><\/div><\/section>\n\n\n\n<section class=\"wp-block-unilux-blocks-free-section section\"><div class=\"container xl:max-w-screen-xl\">\n<h1 class=\"has-text-align-left wp-block-unilux-blocks-heading\"        id=\"neue-mechanismen-und-therapien-fuer-epilepsien-bei-kindern-entdeckt\"\n    >\nNeue Mechanismen und Therapien f\u00fcr Epilepsien bei Kindern entdeckt<\/h1>\n\n\n\n<p>Epilepsie ist eine der weltweit h\u00e4ufigsten neurologischen Erkrankungen, bei denen St\u00f6rungen der normalen Nervenzellenaktivit\u00e4t im Gehirn zu spontanen Krampfanf\u00e4llen f\u00fchren. W\u00e4hrend einige Epilepsieformen durch andere Erkrankungen wie Infektionen des Gehirns, Schlaganf\u00e4lle oder Krebs ausgel\u00f6st oder als Folge eines externen physischen Traumas bei Unf\u00e4llen oder St\u00fcrzen auftreten k\u00f6nnen, ist die Ursache der meisten Epilepsieformen, die bereits im fr\u00fchen Kindesalter auftreten, noch nicht ganz gekl\u00e4rt. Neuere Studien haben zwar einen starken genetischen Einfluss best\u00e4tigt, aber f\u00fcr viele Formen gibt es immer noch keine geeignete Behandlungsm\u00f6glichkeit.<\/p>\n\n\n\n<p>\u201eWir untersuchen derzeit die genetischen Ursachen des Dravet-Syndroms und damit verbundener Epilepsien. Kinder mit diesen Erkrankungen haben Anf\u00e4lle, die nicht auf die verf\u00fcgbare Medikation ansprechen, und weisen schwerwiegende Entwicklungsverz\u00f6gerungen auf\u201c, sagt Dr. Alexander Crawford, Leiter der Forschungsgruppe Chemical Biology am Luxembourg Centre for Systems Biomedicine (LCSB) der Universit\u00e4t Luxemburg. Um die genetische Ursache dieser Krankheiten herauszufinden, arbeitet Crawford mit Medizinern und Genetikern am LCSB und anderen Forschungseinrichtungen zusammen, die Genomsequenzen von betroffenen Kindern und deren gesunden Eltern im Detail untersuchen. Sie suchen nach genetischen Unterschieden zwischen Eltern und Kind, die neue, so genannte De-novo-Mutationen, in bestimmten Genen vermuten lassen, die Ursache dieser Erkrankungen sein k\u00f6nnten.<\/p>\n\n\n\n<p>Wenn das Team eine potenzielle epilepsieausl\u00f6sende Mutation entdeckt hat, muss best\u00e4tigt werden, dass dieses Gen tats\u00e4chlich die Anf\u00e4lle ausl\u00f6st. Dazu m\u00fcssen die Forscher auf Tierversuche zur\u00fcckgreifen. Die Wissenschaftler w\u00e4hlten den Zebrafisch (<em>Danio rerio<\/em>), der bei epileptischen Anf\u00e4llen ein charakteristisches Schwimmmuster aufweist und einige weitere Vorteile hat, wodurch er sich gut als Epilepsiemodell eignet. Der Zebrafisch ist ein kleiner tropischer S\u00fc\u00dfwasserfisch, der im S\u00fcdosten des Himalayas beheimatet ist. Er ist ein wichtiger und weit verbreiteter Wirbeltier-Modellorganismus der wissenschaftlichen Forschung, insbesondere in der Entwicklungsbiologie, funktionelle Genetik, Gesundheits- und Arzneimittelforschung. Versuche werden mit Zebrafisch-Embryonen und -Larven durchgef\u00fchrt, die mikroskopisch klein und durchsichtig sind, so dass sich ihre Entwicklung unter dem Mikroskop innerhalb von Stunden sehr gut verfolgen l\u00e4sst.<\/p>\n\n\n\n<p>\u201eDa \u00fcber 70&nbsp;% der menschlichen Gene auch im Zebrafisch vorkommen, eignet er sich als Modellorganismus um die Rolle von Genen im Gehirn untersuchen k\u00f6nnen\u201c, erkl\u00e4rt Crawford. Zusammen mit seinem Team bringt er in den Fisch entweder die gleiche Genmutation ein, die die potenzielle Ursache der Epilepsie bei den Patienten ist, oder kleine spezifischen Blockadesequenzen, die die Genfunktion ausschalten. Dazu injizieren die Forscher das ver\u00e4nderte Genmaterial in befruchtete Eier, so dass die Aktivit\u00e4t des betreffenden Gens ver\u00e4ndert wird. \u00dcber einen Zeitraum von ein bis f\u00fcnf Tagen beobachten die Forscher das Schwimmverhalten der Larven genauestens mithilfe automatischer Trackingsysteme und zeichnen die Gehirnaktivit\u00e4t \u00fcber EEG-Verfahren auf. Wenn die genetisch ver\u00e4nderten Larven ein anderes Schwimmverhalten und eine st\u00e4rkere Hirnaktivit\u00e4t im Vergleich zu den unbehandelten Kontrolltieren zeigen, liegt die Vermutung nahe, dass die k\u00fcnstlich eingebrachte Mutation des Patienten tats\u00e4chlich die Epilepsie im Zebrafisch-Modell ausl\u00f6st.<\/p>\n\n\n\n<p>Sobald eine solche krankheitsverursachende Genmutation gefunden ist, k\u00f6nnen die Forscher den Mechanismus, durch den die Mutation eine St\u00f6rung in der normalen Nervenzellenaktivit\u00e4t ausl\u00f6st, n\u00e4her betrachten und nach Arzneimitteln zur m\u00f6glichen Behandlung der Krampfanf\u00e4lle suchen. Dazu testen Crawford und sein Team die genetisch ver\u00e4nderten Fischlarven mit einer Sammlung von Wirkstoffmolek\u00fclen, darunter zugelassene Medikamente, Arzneimittelkandidaten f\u00fcr die bereit Daten zur Sicherheit beim Menschen vorliegen sowie aus Arzneipflanzen isolierte Naturstoffe. Da die Fischlarven sehr klein sind (3-5 mm lang) und die Stoffe \u00fcber ihre Haut, ihren Verdauungstrakt und ihre Kiemen aufnehmen k\u00f6nnen, werden sie in so genannte Multiwell-Platten gesetzt und der Stoff wird dann direkt dem Wasser zugegeben. Auf diese Weise k\u00f6nnen viele Wirkstoffe gleichzeitig getestet werden. Mithilfe der automatischen Trackingsysteme k\u00f6nnen die Forscher die Stoffe identifizieren, die das durch die Genmutation ausgel\u00f6ste anfallartige Verhalten unterbinden.<\/p>\n\n\n\n<p>In der Aquarienanlage des LCSB ist gegenw\u00e4rtig eine wachsende Zahl von genetisch unterschiedlichen Zebrafischlinien in speziellen Aquarien untergebracht. Ein Plattform-Manager und ein Team qualifizierter Wissenschaftler und Techniker k\u00fcmmern sich t\u00e4glich um die Haltung und das Wohlergehen der Zebrafische. Die Zebrafisch-Plattform ist mit modernster Technologie ausgestattet, wie etwa Futterautomaten, die sicherstellen, dass die ausgewachsenen Fische in optimalen Abst\u00e4nden und unter idealen Bedingungen gef\u00fcttert werden.<\/p>\n<\/div><\/section>\n<\/div>","protected":false},"excerpt":{"rendered":"","protected":false},"author":39,"featured_media":0,"parent":646,"menu_order":0,"comment_status":"closed","ping_status":"closed","template":"","meta":{"featured_image_focal_point":[],"show_featured_caption":false,"ulux_newsletter_groups":"","uluxPostTitle":"","uluxPrePostTitle":"","_trash_the_other_posts":false,"_price":"","_stock":"","_tribe_ticket_header":"","_tribe_default_ticket_provider":"","_tribe_ticket_capacity":"0","_ticket_start_date":"","_ticket_end_date":"","_tribe_ticket_show_description":"","_tribe_ticket_show_not_going":false,"_tribe_ticket_use_global_stock":"","_tribe_ticket_global_stock_level":"","_global_stock_mode":"","_global_stock_cap":"","_tribe_rsvp_for_event":"","_tribe_ticket_going_count":"","_tribe_ticket_not_going_count":"","_tribe_tickets_list":"[]","_tribe_ticket_has_attendee_info_fields":false,"footnotes":""},"field-of-interest":[289],"organisation":[335,201],"authorship":[39],"acf":[],"yoast_head":"<!-- This site is optimized with the Yoast SEO Premium plugin v22.3 (Yoast SEO v22.3) - https:\/\/yoast.com\/wordpress\/plugins\/seo\/ -->\n<title>Neue Mechanismen und Therapien f\u00fcr Epilepsien bei Kindern entdeckt - LCSB - Universit\u00e4t Luxemburg I Uni.lu<\/title>\n<meta name=\"robots\" content=\"index, follow, max-snippet:-1, max-image-preview:large, max-video-preview:-1\" \/>\n<link rel=\"canonical\" href=\"https:\/\/www.uni.lu\/lcsb-de\/forschung\/tierforschung\/beispiele-forschungsprojekten\/epilepsien-kinder\/\" \/>\n<meta property=\"og:locale\" content=\"de_DE\" \/>\n<meta property=\"og:type\" content=\"article\" \/>\n<meta property=\"og:title\" content=\"Neue Mechanismen und Therapien f\u00fcr Epilepsien bei Kindern entdeckt\" \/>\n<meta property=\"og:url\" content=\"https:\/\/www.uni.lu\/lcsb-de\/forschung\/tierforschung\/beispiele-forschungsprojekten\/epilepsien-kinder\/\" \/>\n<meta property=\"og:site_name\" content=\"LCSB DE\" \/>\n<meta property=\"article:modified_time\" content=\"2024-07-24T09:53:56+00:00\" \/>\n<meta property=\"og:image\" content=\"https:\/\/www.uni.lu\/wp-content\/uploads\/sites\/21\/2026\/03\/03113212\/LCSB_SM-Profile_1600x1600px-scaled.jpg\" \/>\n\t<meta property=\"og:image:width\" content=\"2560\" \/>\n\t<meta property=\"og:image:height\" content=\"2560\" \/>\n\t<meta property=\"og:image:type\" content=\"image\/jpeg\" \/>\n<meta name=\"twitter:card\" content=\"summary_large_image\" \/>\n<meta name=\"twitter:label1\" content=\"Gesch\u00e4tzte Lesezeit\" \/>\n\t<meta name=\"twitter:data1\" content=\"4 Minuten\" \/>\n<script type=\"application\/ld+json\" class=\"yoast-schema-graph\">{\"@context\":\"https:\/\/schema.org\",\"@graph\":[{\"@type\":\"WebPage\",\"@id\":\"https:\/\/www.uni.lu\/lcsb-de\/forschung\/tierforschung\/beispiele-forschungsprojekten\/epilepsien-kinder\/\",\"url\":\"https:\/\/www.uni.lu\/lcsb-de\/forschung\/tierforschung\/beispiele-forschungsprojekten\/epilepsien-kinder\/\",\"name\":\"Neue Mechanismen und Therapien f\u00fcr Epilepsien bei Kindern entdeckt - LCSB - Universit\u00e4t Luxemburg I Uni.lu\",\"isPartOf\":{\"@id\":\"https:\/\/www.uni.lu\/lcsb-de\/#website\"},\"datePublished\":\"2024-07-24T09:00:04+00:00\",\"dateModified\":\"2024-07-24T09:53:56+00:00\",\"breadcrumb\":{\"@id\":\"https:\/\/www.uni.lu\/lcsb-de\/forschung\/tierforschung\/beispiele-forschungsprojekten\/epilepsien-kinder\/#breadcrumb\"},\"inLanguage\":\"de-DE\",\"potentialAction\":[{\"@type\":\"ReadAction\",\"target\":[\"https:\/\/www.uni.lu\/lcsb-de\/forschung\/tierforschung\/beispiele-forschungsprojekten\/epilepsien-kinder\/\"]}]},{\"@type\":\"BreadcrumbList\",\"@id\":\"https:\/\/www.uni.lu\/lcsb-de\/forschung\/tierforschung\/beispiele-forschungsprojekten\/epilepsien-kinder\/#breadcrumb\",\"itemListElement\":[{\"@type\":\"ListItem\",\"position\":1,\"name\":\"Home\",\"item\":\"https:\/\/www.uni.lu\/de\"},{\"@type\":\"ListItem\",\"position\":2,\"name\":\"Luxembourg Centre for Systems Biomedicine (LCSB)\",\"item\":\"https:\/\/www.uni.lu\/lcsb-de\/\"},{\"@type\":\"ListItem\",\"position\":3,\"name\":\"Forschung\",\"item\":\"https:\/\/www.uni.lu\/lcsb-de\/forschung\/\"},{\"@type\":\"ListItem\",\"position\":4,\"name\":\"Tierforschung\",\"item\":\"https:\/\/www.uni.lu\/lcsb-de\/forschung\/tierforschung\/\"},{\"@type\":\"ListItem\",\"position\":5,\"name\":\"Beispiele von Forschungsprojekten\",\"item\":\"https:\/\/www.uni.lu\/lcsb-de\/forschung\/tierforschung\/beispiele-forschungsprojekten\/\"},{\"@type\":\"ListItem\",\"position\":6,\"name\":\"Neue Mechanismen und Therapien f\u00fcr Epilepsien bei Kindern entdeckt\"}]},{\"@type\":\"WebSite\",\"@id\":\"https:\/\/www.uni.lu\/lcsb-de\/#website\",\"url\":\"https:\/\/www.uni.lu\/lcsb-de\/\",\"name\":\"LCSB\",\"description\":\"Luxembourg Centre for Systems Biomedicine I Uni.lu\",\"publisher\":{\"@id\":\"https:\/\/www.uni.lu\/lcsb-de\/#organization\"},\"alternateName\":\"Luxembourg Centre for Systems Biomedicine I Universit\u00e4t Luxemburg\",\"potentialAction\":[{\"@type\":\"SearchAction\",\"target\":{\"@type\":\"EntryPoint\",\"urlTemplate\":\"https:\/\/www.uni.lu\/lcsb-de\/?s={search_term_string}\"},\"query-input\":\"required name=search_term_string\"}],\"inLanguage\":\"de-DE\"},{\"@type\":\"Organization\",\"@id\":\"https:\/\/www.uni.lu\/lcsb-de\/#organization\",\"name\":\"LCSB - Universit\u00e4t Luxemburg I Uni.lu\",\"alternateName\":\"Luxembourg Centre for Systems Biomedicine\",\"url\":\"https:\/\/www.uni.lu\/lcsb-de\/\",\"logo\":{\"@type\":\"ImageObject\",\"inLanguage\":\"de-DE\",\"@id\":\"https:\/\/www.uni.lu\/lcsb-de\/#\/schema\/logo\/image\/\",\"url\":\"https:\/\/www.uni.lu\/wp-content\/uploads\/sites\/21\/2026\/03\/03113212\/LCSB_SM-Profile_1600x1600px-scaled.jpg\",\"contentUrl\":\"https:\/\/www.uni.lu\/wp-content\/uploads\/sites\/21\/2026\/03\/03113212\/LCSB_SM-Profile_1600x1600px-scaled.jpg\",\"width\":2560,\"height\":2560,\"caption\":\"LCSB - Universit\u00e4t Luxemburg I Uni.lu\"},\"image\":{\"@id\":\"https:\/\/www.uni.lu\/lcsb-de\/#\/schema\/logo\/image\/\"},\"sameAs\":[\"https:\/\/www.linkedin.com\/showcase\/lcsb-university-of-luxembourg\"]}]}<\/script>\n<!-- \/ Yoast SEO Premium plugin. -->","yoast_head_json":{"title":"Neue Mechanismen und Therapien f\u00fcr Epilepsien bei Kindern entdeckt - LCSB - Universit\u00e4t Luxemburg I Uni.lu","robots":{"index":"index","follow":"follow","max-snippet":"max-snippet:-1","max-image-preview":"max-image-preview:large","max-video-preview":"max-video-preview:-1"},"canonical":"https:\/\/www.uni.lu\/lcsb-de\/forschung\/tierforschung\/beispiele-forschungsprojekten\/epilepsien-kinder\/","og_locale":"de_DE","og_type":"article","og_title":"Neue Mechanismen und Therapien f\u00fcr Epilepsien bei Kindern entdeckt","og_url":"https:\/\/www.uni.lu\/lcsb-de\/forschung\/tierforschung\/beispiele-forschungsprojekten\/epilepsien-kinder\/","og_site_name":"LCSB DE","article_modified_time":"2024-07-24T09:53:56+00:00","og_image":[{"width":2560,"height":2560,"url":"https:\/\/www.uni.lu\/wp-content\/uploads\/sites\/21\/2026\/03\/03113212\/LCSB_SM-Profile_1600x1600px-scaled.jpg","type":"image\/jpeg"}],"twitter_card":"summary_large_image","twitter_misc":{"Gesch\u00e4tzte Lesezeit":"4 Minuten"},"schema":{"@context":"https:\/\/schema.org","@graph":[{"@type":"WebPage","@id":"https:\/\/www.uni.lu\/lcsb-de\/forschung\/tierforschung\/beispiele-forschungsprojekten\/epilepsien-kinder\/","url":"https:\/\/www.uni.lu\/lcsb-de\/forschung\/tierforschung\/beispiele-forschungsprojekten\/epilepsien-kinder\/","name":"Neue Mechanismen und Therapien f\u00fcr Epilepsien bei Kindern entdeckt - LCSB - Universit\u00e4t Luxemburg I Uni.lu","isPartOf":{"@id":"https:\/\/www.uni.lu\/lcsb-de\/#website"},"datePublished":"2024-07-24T09:00:04+00:00","dateModified":"2024-07-24T09:53:56+00:00","breadcrumb":{"@id":"https:\/\/www.uni.lu\/lcsb-de\/forschung\/tierforschung\/beispiele-forschungsprojekten\/epilepsien-kinder\/#breadcrumb"},"inLanguage":"de-DE","potentialAction":[{"@type":"ReadAction","target":["https:\/\/www.uni.lu\/lcsb-de\/forschung\/tierforschung\/beispiele-forschungsprojekten\/epilepsien-kinder\/"]}]},{"@type":"BreadcrumbList","@id":"https:\/\/www.uni.lu\/lcsb-de\/forschung\/tierforschung\/beispiele-forschungsprojekten\/epilepsien-kinder\/#breadcrumb","itemListElement":[{"@type":"ListItem","position":1,"name":"Home","item":"https:\/\/www.uni.lu\/de"},{"@type":"ListItem","position":2,"name":"Luxembourg Centre for Systems Biomedicine (LCSB)","item":"https:\/\/www.uni.lu\/lcsb-de\/"},{"@type":"ListItem","position":3,"name":"Forschung","item":"https:\/\/www.uni.lu\/lcsb-de\/forschung\/"},{"@type":"ListItem","position":4,"name":"Tierforschung","item":"https:\/\/www.uni.lu\/lcsb-de\/forschung\/tierforschung\/"},{"@type":"ListItem","position":5,"name":"Beispiele von Forschungsprojekten","item":"https:\/\/www.uni.lu\/lcsb-de\/forschung\/tierforschung\/beispiele-forschungsprojekten\/"},{"@type":"ListItem","position":6,"name":"Neue Mechanismen und Therapien f\u00fcr Epilepsien bei Kindern entdeckt"}]},{"@type":"WebSite","@id":"https:\/\/www.uni.lu\/lcsb-de\/#website","url":"https:\/\/www.uni.lu\/lcsb-de\/","name":"LCSB","description":"Luxembourg Centre for Systems Biomedicine I Uni.lu","publisher":{"@id":"https:\/\/www.uni.lu\/lcsb-de\/#organization"},"alternateName":"Luxembourg Centre for Systems Biomedicine I Universit\u00e4t Luxemburg","potentialAction":[{"@type":"SearchAction","target":{"@type":"EntryPoint","urlTemplate":"https:\/\/www.uni.lu\/lcsb-de\/?s={search_term_string}"},"query-input":"required name=search_term_string"}],"inLanguage":"de-DE"},{"@type":"Organization","@id":"https:\/\/www.uni.lu\/lcsb-de\/#organization","name":"LCSB - Universit\u00e4t Luxemburg I Uni.lu","alternateName":"Luxembourg Centre for Systems Biomedicine","url":"https:\/\/www.uni.lu\/lcsb-de\/","logo":{"@type":"ImageObject","inLanguage":"de-DE","@id":"https:\/\/www.uni.lu\/lcsb-de\/#\/schema\/logo\/image\/","url":"https:\/\/www.uni.lu\/wp-content\/uploads\/sites\/21\/2026\/03\/03113212\/LCSB_SM-Profile_1600x1600px-scaled.jpg","contentUrl":"https:\/\/www.uni.lu\/wp-content\/uploads\/sites\/21\/2026\/03\/03113212\/LCSB_SM-Profile_1600x1600px-scaled.jpg","width":2560,"height":2560,"caption":"LCSB - Universit\u00e4t Luxemburg I Uni.lu"},"image":{"@id":"https:\/\/www.uni.lu\/lcsb-de\/#\/schema\/logo\/image\/"},"sameAs":["https:\/\/www.linkedin.com\/showcase\/lcsb-university-of-luxembourg"]}]}},"ticketed":false,"_links":{"self":[{"href":"https:\/\/www.uni.lu\/lcsb-de\/wp-json\/wp\/v2\/pages\/648"}],"collection":[{"href":"https:\/\/www.uni.lu\/lcsb-de\/wp-json\/wp\/v2\/pages"}],"about":[{"href":"https:\/\/www.uni.lu\/lcsb-de\/wp-json\/wp\/v2\/types\/page"}],"author":[{"embeddable":true,"href":"https:\/\/www.uni.lu\/lcsb-de\/wp-json\/wp\/v2\/users\/39"}],"replies":[{"embeddable":true,"href":"https:\/\/www.uni.lu\/lcsb-de\/wp-json\/wp\/v2\/comments?post=648"}],"version-history":[{"count":3,"href":"https:\/\/www.uni.lu\/lcsb-de\/wp-json\/wp\/v2\/pages\/648\/revisions"}],"predecessor-version":[{"id":737,"href":"https:\/\/www.uni.lu\/lcsb-de\/wp-json\/wp\/v2\/pages\/648\/revisions\/737"}],"up":[{"embeddable":true,"href":"https:\/\/www.uni.lu\/lcsb-de\/wp-json\/wp\/v2\/pages\/646"}],"wp:authorship":[{"embeddable":true,"href":"https:\/\/www.uni.lu\/lcsb-de\/wp-json\/wp\/v2\/users\/39"}],"wp:attachment":[{"href":"https:\/\/www.uni.lu\/lcsb-de\/wp-json\/wp\/v2\/media?parent=648"}],"wp:term":[{"taxonomy":"field-of-interest","embeddable":true,"href":"https:\/\/www.uni.lu\/lcsb-de\/wp-json\/wp\/v2\/field-of-interest?post=648"},{"taxonomy":"organisation","embeddable":true,"href":"https:\/\/www.uni.lu\/lcsb-de\/wp-json\/wp\/v2\/organisation?post=648"}],"curies":[{"name":"wp","href":"https:\/\/api.w.org\/{rel}","templated":true}]}}