{"id":256,"date":"2024-02-28T12:13:15","date_gmt":"2024-02-28T11:13:15","guid":{"rendered":"https:\/\/www.uni.lu\/lcsb-de\/?page_id=256"},"modified":"2025-09-29T16:04:11","modified_gmt":"2025-09-29T14:04:11","slug":"kontakt","status":"publish","type":"page","link":"https:\/\/www.uni.lu\/lcsb-de\/kontakt\/","title":{"rendered":"Kontakt"},"content":{"rendered":"<div class=\"section py-0 static\">\n<section class=\"py-0 wp-block-unilux-blocks-free-section section\"><div class=\"container xl:max-w-screen-xl\"><div class=\"js-secondary-nav--sticky wp-block-unilux-blocks-secondary-navigation\" id=\"23d7eb3a-1ab2-47b3-9493-606527516f52\">\n    <nav\n        id=\"secondary-navigation\"\n        role=\"navigation\"\n        aria-label=\"Secondary menu\"\n        class=\"secondary-nav\"\n    >\n        <button\n            class=\"secondary-nav__button btn btn-solid--primary w-full\"\n            aria-expanded=\"false\"\n            aria-controls=\"secondary-navigation__list\"\n            title=\"The selected page is Kontakt\"\n            type=\"button\"\n        >\n            <span class=\"btn__name mr-auto\">Kontakt<\/span>\n            <svg aria-hidden=\"true\" focusable=\"false\" class=\"icon icon-outline icon--xs\">\n                <use xlink:href=\"https:\/\/www.uni.lu\/wp-content\/themes\/unilux-theme\/assets\/images\/icons\/icons-outline.svg#icon--arrow-down\" \/>\n            <\/svg>\n        <\/button>\n\n        <ul id=\"secondary-navigation__list\" class=\"secondary-nav__list\">\n            <li class=\"secondary-nav__item\">\n    <a\n        href=\"https:\/\/www.uni.lu\/lcsb-de\/\"\n        target=\"\"\n        rel=\"noreferrer noopener\"\n        class=\"secondary-nav__link \"\n            >\n        <svg aria-hidden=\"true\" focusable=\"false\" class=\"icon icon-outline icon--xs\">\n            <use xlink:href=\"https:\/\/www.uni.lu\/wp-content\/themes\/unilux-theme\/assets\/images\/icons\/icons-outline.svg#icon--arrow-right\" \/>\n        <\/svg>\n        <span class=\"secondary-nav__name\">\u00dcbersicht <\/span>\n    <\/a>\n<\/li>\n<li class=\"secondary-nav__item\">\n    <a\n        href=\"https:\/\/www.uni.lu\/lcsb-de\/ueber-uns\/\"\n        target=\"\"\n        rel=\"noreferrer noopener\"\n        class=\"secondary-nav__link \"\n            >\n        <svg aria-hidden=\"true\" focusable=\"false\" class=\"icon icon-outline icon--xs\">\n            <use xlink:href=\"https:\/\/www.uni.lu\/wp-content\/themes\/unilux-theme\/assets\/images\/icons\/icons-outline.svg#icon--arrow-right\" \/>\n        <\/svg>\n        <span class=\"secondary-nav__name\">\u00dcber uns <\/span>\n    <\/a>\n<\/li>\n<li class=\"secondary-nav__item\">\n    <a\n        href=\"https:\/\/www.uni.lu\/lcsb-de\/forschung\"\n        target=\"\"\n        rel=\"noreferrer noopener\"\n        class=\"secondary-nav__link \"\n            >\n        <svg aria-hidden=\"true\" focusable=\"false\" class=\"icon icon-outline icon--xs\">\n            <use xlink:href=\"https:\/\/www.uni.lu\/wp-content\/themes\/unilux-theme\/assets\/images\/icons\/icons-outline.svg#icon--arrow-right\" \/>\n        <\/svg>\n        <span class=\"secondary-nav__name\">Forschung<\/span>\n    <\/a>\n<\/li>\n<li class=\"secondary-nav__item\">\n    <a\n        href=\"https:\/\/www.uni.lu\/lcsb-de\/oeffentlichkeitsarbeit\/\"\n        target=\"\"\n        rel=\"noreferrer noopener\"\n        class=\"secondary-nav__link \"\n            >\n        <svg aria-hidden=\"true\" focusable=\"false\" class=\"icon icon-outline icon--xs\">\n            <use xlink:href=\"https:\/\/www.uni.lu\/wp-content\/themes\/unilux-theme\/assets\/images\/icons\/icons-outline.svg#icon--arrow-right\" \/>\n        <\/svg>\n        <span class=\"secondary-nav__name\">\u00d6ffentlichkeitsarbeit <\/span>\n    <\/a>\n<\/li>\n<li class=\"secondary-nav__item\">\n    <a\n        href=\"https:\/\/www.uni.lu\/lcsb-de\/spenden\/\"\n        target=\"\"\n        rel=\"noreferrer noopener\"\n        class=\"secondary-nav__link \"\n            >\n        <svg aria-hidden=\"true\" focusable=\"false\" class=\"icon icon-outline icon--xs\">\n            <use xlink:href=\"https:\/\/www.uni.lu\/wp-content\/themes\/unilux-theme\/assets\/images\/icons\/icons-outline.svg#icon--arrow-right\" \/>\n        <\/svg>\n        <span class=\"secondary-nav__name\">Spenden <\/span>\n    <\/a>\n<\/li>\n<li class=\"secondary-nav__item\">\n    <a\n        href=\"https:\/\/www.uni.lu\/lcsb-de\/kontakt\/\"\n        target=\"\"\n        rel=\"noreferrer noopener\"\n        class=\"secondary-nav__link isactived\"\n        aria-current=\"page\"    >\n        <svg aria-hidden=\"true\" focusable=\"false\" class=\"icon icon-outline icon--xs\">\n            <use xlink:href=\"https:\/\/www.uni.lu\/wp-content\/themes\/unilux-theme\/assets\/images\/icons\/icons-outline.svg#icon--arrow-right\" \/>\n        <\/svg>\n        <span class=\"secondary-nav__name\">Kontakt<\/span>\n    <\/a>\n<\/li>\n        <\/ul>\n    <\/nav>\n<\/div>\n<\/div><\/section>\n\n\n\n<section class=\"wp-block-unilux-blocks-free-section section\"><div class=\"container xl:max-w-screen-xl\">\n<h2 class=\"has-text-align-left wp-block-unilux-blocks-heading\"        id=\"kontakt\"\n    >\nKontakt<\/h2>\n\n\n\n<p>Telefon: &nbsp;(+352)&nbsp;46 66 44 93 90<br>Email: &nbsp; &nbsp; &nbsp; &nbsp; <a href=\"mailto:lcsb@uni.lu\">lcsb@uni.lu<\/a><\/p>\n\n\n\n<h2 class=\"has-text-align-left wp-block-unilux-blocks-heading\"        id=\"unsere-haeuslichkeiten\"\n    >\n<strong>Unsere H\u00e4uslichkeiten<\/strong><\/h2>\n\n\n<div class=\"icon-info-wrapper\">\n    <ul class=\"wp-block-unilux-blocks-icon-info\">\n        <li class=\"wp-block-unilux-blocks-icon-info-item\">\n    \n<div class=\"wp-block-unilux-blocks-wrapper icon-info\">\n<div class=\"icon--primary icon--secondary-2 icon--lg wp-block-unilux-blocks-icon-picker\">\n    <svg aria-hidden=\"true\" focusable=\"false\" class=\"icon icon-outline icon--address \"><use xlink:href=\"https:\/\/www.uni.lu\/wp-content\/themes\/unilux-theme\/assets\/images\/icons\/icons-outline.svg#icon--address\"><\/use><\/svg><\/div>\n\n\n<p class=\"has-base-font-size\"><strong>House of Biomedicine \/<\/strong><br><strong>Biotech I (BT1)<\/strong><br>University of Luxembourg<br>Campus Belval<br>7, avenue des Hauts-<br>Fourneaux<br>L-4362 Esch-sur-Alzette<strong><br><\/strong><\/p>\n<\/div>\n<\/li>\n<li class=\"wp-block-unilux-blocks-icon-info-item\">\n    \n<div class=\"wp-block-unilux-blocks-wrapper icon-info\">\n<div class=\"icon--primary icon--secondary-2 icon--lg wp-block-unilux-blocks-icon-picker\">\n    <svg aria-hidden=\"true\" focusable=\"false\" class=\"icon icon-outline icon--address \"><use xlink:href=\"https:\/\/www.uni.lu\/wp-content\/themes\/unilux-theme\/assets\/images\/icons\/icons-outline.svg#icon--address\"><\/use><\/svg><\/div>\n\n\n<p class=\"has-base-font-size\"><strong>Biotech II (BT2)<\/strong><br>University of Luxembourg<br>Campus Belval<br>6, avenue du Swing<br>L-4367 Belvaux<\/p>\n<\/div>\n<\/li>\n<li class=\"wp-block-unilux-blocks-icon-info-item\">\n    \n<div class=\"wp-block-unilux-blocks-wrapper icon-info\">\n<div class=\"icon--primary icon--secondary-2 icon--lg wp-block-unilux-blocks-icon-picker\">\n    <svg aria-hidden=\"true\" focusable=\"false\" class=\"icon icon-outline icon--address \"><use xlink:href=\"https:\/\/www.uni.lu\/wp-content\/themes\/unilux-theme\/assets\/images\/icons\/icons-outline.svg#icon--address\"><\/use><\/svg><\/div>\n\n\n<p class=\"has-base-font-size\"><strong><strong>Ketterthill<\/strong><br><\/strong>Campus Belval<br>8, avenue du Swing<br>L-4367 Esch-sur-Alzette&nbsp;<\/p>\n<\/div>\n<\/li>\n<li class=\"wp-block-unilux-blocks-icon-info-item\">\n    \n<div class=\"wp-block-unilux-blocks-wrapper icon-info\">\n<div class=\"icon--primary icon--secondary-2 icon--lg wp-block-unilux-blocks-icon-picker\">\n    <svg aria-hidden=\"true\" focusable=\"false\" class=\"icon icon-outline icon--address \"><use xlink:href=\"https:\/\/www.uni.lu\/wp-content\/themes\/unilux-theme\/assets\/images\/icons\/icons-outline.svg#icon--address\"><\/use><\/svg><\/div>\n\n\n<p class=\"has-base-font-size\"><strong>BTL<\/strong> <strong>(Rouden Eck)<\/strong><br>University of Luxembourg<br>Campus Belval<br>1, Boulevard du Jazz<br>\u200bL- 4370 Belvaux<\/p>\n<\/div>\n<\/li>\n    <\/ul>\n<\/div>\n<\/div><\/section>\n\n\n\n<section class=\"py-0 wp-block-unilux-blocks-free-section section\"><div class=\"container xl:max-w-screen-xl\">\n<h2 class=\"has-text-align-left wp-block-unilux-blocks-heading\"        id=\"so-erreichen-sie-das-lcsb\"\n    >\n<strong>So erreichen Sie das LCSB<\/strong><\/h2>\n\n\n\n<p>Das LCSB befindet sich in Esch-Belval, einem Stadtteil der zu den Gemeinden Esch-sur-Alzette und Belvaux geh\u00f6rt.<\/p>\n\n\n\n<p>Wenn Sie mit dem Auto aus Richtung Norden kommen, nehmen Sie die A4 in Richtung Esch-sur-Alzette und folgen Sie ihr bis sie in die B40 \u00fcbergeht. Folgen Sie der Beschilderung &#8222;&#8218;Belval &#8211; Uni&#8220;. So kommen Sie auf die Porte de France, die Hauptverkehrsader von Esch-Belval.<\/p>\n\n\n\n<p>Bitte benutzen Sie den Plan unten, um sich auf dem Campus zu orientieren. Das Biotech I-Geb\u00e4ude (BT1) befindet sich direkt neben dem ehemaligen Hochofengel\u00e4nde, in der N\u00e4he der roten Dexia-Geb\u00e4ude. Das Geb\u00e4ude liegt etwas versteckt. Es ist ein modernes wei\u00dfes Geb\u00e4ude mit sechs Stockwerken. Biotech II (BT2) befindet sich in der N\u00e4he von ALDI, direkt neben der ADEM und gegen\u00fcber den Southlane Towers, mit dem Haupteingang in der Avenue du Swing. Der Eingang zum Ketterthill-Geb\u00e4ude, dem westlichen Teil des Geb\u00e4udekomplexes, befindet sich auf der R\u00fcckseite. Die Mitarbeiter des LCSB haben ihre B\u00fcros im 5. Stock.<\/p>\n\n\n\n<p>Der Eingang zum Rouden Eck (oder BTL) befindet sich am Boulevard du Jazz (Nr. 1), zwischen AXA und Lineheart, in der N\u00e4he der Bushaltestelle Um Bedding. Die Mitarbeiter des LCSB befinden sich im 4. und 5. Stock.<\/p>\n\n\n\n<p>Wir empfehlen Ihnen, den Parkplatz vor der Maison du Savoir (MSA) oder die Tiefgarage unter dem Einkaufszentrum Belval Plaza zu benutzen. Von beiden Parkpl\u00e4tzen aus sind unsere Geb\u00e4ude zu Fu\u00df in 5 bis 10 Minuten zu erreichen. Im Belval Plaza ist das Parken bis zu 3 Stunden kostenlos, wenn im Einkaufszentrum eingekauft und das Parkticket entwertet wurde.<\/p>\n\n\n\n<p>Wenn Sie mit dem Zug anreisen, steigen Sie am Bahnhof Belval Universit\u00e9 aus. Alle unsere Geb\u00e4ude sind vom Bahnhof aus zu Fu\u00df in 5 bis 10 Minuten zu erreichen. Wenn Sie mit dem Bus anreisen, sind die n\u00e4chstgelegenen Haltestellen:<\/p>\n\n\n\n<ul class=\"ulux-list\">\n<li class=\"ulux-list-item\">Belval, Um Bedding f\u00fcr Biotech II, Ketterthill und Rouden Eck. Belval Porte de France liegt ebenfalls in der N\u00e4he.<\/li>\n\n\n\n<li class=\"ulux-list-item\">Esch-sur-Alzette, Porte des Sciences oder Avenue du Rock&#8217;n&#8217;Roll f\u00fcr Biotech I.<\/li>\n<\/ul>\n<\/div><\/section>\n\n\n\n<section class=\"py-0 wp-block-unilux-blocks-free-section section\"><div class=\"container xl:max-w-screen-xl\"><figure class=\"wp-block-dev4-reusable-blocks-image  object-fit--cover\">\n    \n<img decoding=\"async\" class=\"wp-block-image unilux-custom-image-block\"\n                alt=\"\"\n            src=\"https:\/\/www.uni.lu\/wp-content\/uploads\/sites\/21\/2024\/03\/LCSB-maps-redesign-scaled.jpg\"\n                srcset=\"https:\/\/www.uni.lu\/wp-content\/uploads\/sites\/21\/2024\/03\/LCSB-maps-redesign-214x300.jpg 214w, https:\/\/www.uni.lu\/wp-content\/uploads\/sites\/21\/2024\/03\/LCSB-maps-redesign-730x1024.jpg 730w, https:\/\/www.uni.lu\/wp-content\/uploads\/sites\/21\/2024\/03\/LCSB-maps-redesign-768x1077.jpg 768w, https:\/\/www.uni.lu\/wp-content\/uploads\/sites\/21\/2024\/03\/LCSB-maps-redesign-1095x1536.jpg 1095w, https:\/\/www.uni.lu\/wp-content\/uploads\/sites\/21\/2024\/03\/LCSB-maps-redesign-1461x2048.jpg 1461w, https:\/\/www.uni.lu\/wp-content\/uploads\/sites\/21\/2024\/03\/LCSB-maps-redesign-scaled.jpg 1826w\"\n                style=\"object-position: 50.00% 50.00%; font-family: &quot;object-fit: cover; object-position: 50.00% 50.00%;&quot;; aspect-ratio: 2\/3; object-fit: cover; width: 100%;\"\n        loading=\"lazy\"\n\/>    <\/figure><\/div><\/section>\n<\/div>","protected":false},"excerpt":{"rendered":"","protected":false},"author":56,"featured_media":0,"parent":0,"menu_order":0,"comment_status":"closed","ping_status":"closed","template":"","meta":{"featured_image_focal_point":[],"show_featured_caption":false,"ulux_newsletter_groups":"","uluxPostTitle":"Luxembourg Centre for Systems Biomedicine (LCSB)","uluxPrePostTitle":" Interdisziplin\u00e4res Zentrum","_trash_the_other_posts":false,"_price":"","_stock":"","_tribe_ticket_header":"","_tribe_default_ticket_provider":"","_tribe_ticket_capacity":"0","_ticket_start_date":"","_ticket_end_date":"","_tribe_ticket_show_description":"","_tribe_ticket_show_not_going":false,"_tribe_ticket_use_global_stock":"","_tribe_ticket_global_stock_level":"","_global_stock_mode":"","_global_stock_cap":"","_tribe_rsvp_for_event":"","_tribe_ticket_going_count":"","_tribe_ticket_not_going_count":"","_tribe_tickets_list":"[]","_tribe_ticket_has_attendee_info_fields":false,"footnotes":""},"field-of-interest":[280,289],"organisation":[201],"authorship":[56],"acf":[],"yoast_head":"<!-- This site is optimized with the Yoast SEO Premium plugin v22.3 (Yoast SEO v22.3) - https:\/\/yoast.com\/wordpress\/plugins\/seo\/ -->\n<title>Kontakt - LCSB - Universit\u00e4t Luxemburg I Uni.lu<\/title>\n<meta name=\"robots\" content=\"index, follow, max-snippet:-1, max-image-preview:large, max-video-preview:-1\" \/>\n<link rel=\"canonical\" href=\"https:\/\/www.uni.lu\/lcsb-de\/kontakt\/\" \/>\n<meta property=\"og:locale\" content=\"de_DE\" \/>\n<meta property=\"og:type\" content=\"article\" \/>\n<meta property=\"og:title\" content=\"Kontakt\" \/>\n<meta property=\"og:url\" content=\"https:\/\/www.uni.lu\/lcsb-de\/kontakt\/\" \/>\n<meta property=\"og:site_name\" content=\"LCSB DE\" \/>\n<meta property=\"article:modified_time\" content=\"2025-09-29T14:04:11+00:00\" \/>\n<meta property=\"og:image\" content=\"https:\/\/www.uni.lu\/wp-content\/uploads\/sites\/21\/2026\/03\/03113212\/LCSB_SM-Profile_1600x1600px-scaled.jpg\" \/>\n\t<meta property=\"og:image:width\" content=\"2560\" \/>\n\t<meta property=\"og:image:height\" content=\"2560\" \/>\n\t<meta property=\"og:image:type\" content=\"image\/jpeg\" \/>\n<meta name=\"twitter:card\" content=\"summary_large_image\" \/>\n<meta name=\"twitter:label1\" content=\"Gesch\u00e4tzte Lesezeit\" \/>\n\t<meta name=\"twitter:data1\" content=\"3 Minuten\" \/>\n<script type=\"application\/ld+json\" class=\"yoast-schema-graph\">{\"@context\":\"https:\/\/schema.org\",\"@graph\":[{\"@type\":\"WebPage\",\"@id\":\"https:\/\/www.uni.lu\/lcsb-de\/kontakt\/\",\"url\":\"https:\/\/www.uni.lu\/lcsb-de\/kontakt\/\",\"name\":\"Kontakt - LCSB - Universit\u00e4t Luxemburg I Uni.lu\",\"isPartOf\":{\"@id\":\"https:\/\/www.uni.lu\/lcsb-de\/#website\"},\"datePublished\":\"2024-02-28T11:13:15+00:00\",\"dateModified\":\"2025-09-29T14:04:11+00:00\",\"breadcrumb\":{\"@id\":\"https:\/\/www.uni.lu\/lcsb-de\/kontakt\/#breadcrumb\"},\"inLanguage\":\"de-DE\",\"potentialAction\":[{\"@type\":\"ReadAction\",\"target\":[\"https:\/\/www.uni.lu\/lcsb-de\/kontakt\/\"]}]},{\"@type\":\"BreadcrumbList\",\"@id\":\"https:\/\/www.uni.lu\/lcsb-de\/kontakt\/#breadcrumb\",\"itemListElement\":[{\"@type\":\"ListItem\",\"position\":1,\"name\":\"Home\",\"item\":\"https:\/\/www.uni.lu\/de\"},{\"@type\":\"ListItem\",\"position\":2,\"name\":\"Luxembourg Centre for Systems Biomedicine (LCSB)\",\"item\":\"https:\/\/www.uni.lu\/lcsb-de\/\"},{\"@type\":\"ListItem\",\"position\":3,\"name\":\"Kontakt\"}]},{\"@type\":\"WebSite\",\"@id\":\"https:\/\/www.uni.lu\/lcsb-de\/#website\",\"url\":\"https:\/\/www.uni.lu\/lcsb-de\/\",\"name\":\"LCSB\",\"description\":\"Luxembourg Centre for Systems Biomedicine I Uni.lu\",\"publisher\":{\"@id\":\"https:\/\/www.uni.lu\/lcsb-de\/#organization\"},\"alternateName\":\"Luxembourg Centre for Systems Biomedicine I Universit\u00e4t Luxemburg\",\"potentialAction\":[{\"@type\":\"SearchAction\",\"target\":{\"@type\":\"EntryPoint\",\"urlTemplate\":\"https:\/\/www.uni.lu\/lcsb-de\/?s={search_term_string}\"},\"query-input\":\"required name=search_term_string\"}],\"inLanguage\":\"de-DE\"},{\"@type\":\"Organization\",\"@id\":\"https:\/\/www.uni.lu\/lcsb-de\/#organization\",\"name\":\"LCSB - Universit\u00e4t Luxemburg I Uni.lu\",\"alternateName\":\"Luxembourg Centre for Systems Biomedicine\",\"url\":\"https:\/\/www.uni.lu\/lcsb-de\/\",\"logo\":{\"@type\":\"ImageObject\",\"inLanguage\":\"de-DE\",\"@id\":\"https:\/\/www.uni.lu\/lcsb-de\/#\/schema\/logo\/image\/\",\"url\":\"https:\/\/www.uni.lu\/wp-content\/uploads\/sites\/21\/2026\/03\/03113212\/LCSB_SM-Profile_1600x1600px-scaled.jpg\",\"contentUrl\":\"https:\/\/www.uni.lu\/wp-content\/uploads\/sites\/21\/2026\/03\/03113212\/LCSB_SM-Profile_1600x1600px-scaled.jpg\",\"width\":2560,\"height\":2560,\"caption\":\"LCSB - Universit\u00e4t Luxemburg I Uni.lu\"},\"image\":{\"@id\":\"https:\/\/www.uni.lu\/lcsb-de\/#\/schema\/logo\/image\/\"},\"sameAs\":[\"https:\/\/www.linkedin.com\/showcase\/lcsb-university-of-luxembourg\"]}]}<\/script>\n<!-- \/ Yoast SEO Premium plugin. -->","yoast_head_json":{"title":"Kontakt - LCSB - Universit\u00e4t Luxemburg I Uni.lu","robots":{"index":"index","follow":"follow","max-snippet":"max-snippet:-1","max-image-preview":"max-image-preview:large","max-video-preview":"max-video-preview:-1"},"canonical":"https:\/\/www.uni.lu\/lcsb-de\/kontakt\/","og_locale":"de_DE","og_type":"article","og_title":"Kontakt","og_url":"https:\/\/www.uni.lu\/lcsb-de\/kontakt\/","og_site_name":"LCSB DE","article_modified_time":"2025-09-29T14:04:11+00:00","og_image":[{"width":2560,"height":2560,"url":"https:\/\/www.uni.lu\/wp-content\/uploads\/sites\/21\/2026\/03\/03113212\/LCSB_SM-Profile_1600x1600px-scaled.jpg","type":"image\/jpeg"}],"twitter_card":"summary_large_image","twitter_misc":{"Gesch\u00e4tzte Lesezeit":"3 Minuten"},"schema":{"@context":"https:\/\/schema.org","@graph":[{"@type":"WebPage","@id":"https:\/\/www.uni.lu\/lcsb-de\/kontakt\/","url":"https:\/\/www.uni.lu\/lcsb-de\/kontakt\/","name":"Kontakt - LCSB - Universit\u00e4t Luxemburg I Uni.lu","isPartOf":{"@id":"https:\/\/www.uni.lu\/lcsb-de\/#website"},"datePublished":"2024-02-28T11:13:15+00:00","dateModified":"2025-09-29T14:04:11+00:00","breadcrumb":{"@id":"https:\/\/www.uni.lu\/lcsb-de\/kontakt\/#breadcrumb"},"inLanguage":"de-DE","potentialAction":[{"@type":"ReadAction","target":["https:\/\/www.uni.lu\/lcsb-de\/kontakt\/"]}]},{"@type":"BreadcrumbList","@id":"https:\/\/www.uni.lu\/lcsb-de\/kontakt\/#breadcrumb","itemListElement":[{"@type":"ListItem","position":1,"name":"Home","item":"https:\/\/www.uni.lu\/de"},{"@type":"ListItem","position":2,"name":"Luxembourg Centre for Systems Biomedicine (LCSB)","item":"https:\/\/www.uni.lu\/lcsb-de\/"},{"@type":"ListItem","position":3,"name":"Kontakt"}]},{"@type":"WebSite","@id":"https:\/\/www.uni.lu\/lcsb-de\/#website","url":"https:\/\/www.uni.lu\/lcsb-de\/","name":"LCSB","description":"Luxembourg Centre for Systems Biomedicine I Uni.lu","publisher":{"@id":"https:\/\/www.uni.lu\/lcsb-de\/#organization"},"alternateName":"Luxembourg Centre for Systems Biomedicine I Universit\u00e4t Luxemburg","potentialAction":[{"@type":"SearchAction","target":{"@type":"EntryPoint","urlTemplate":"https:\/\/www.uni.lu\/lcsb-de\/?s={search_term_string}"},"query-input":"required name=search_term_string"}],"inLanguage":"de-DE"},{"@type":"Organization","@id":"https:\/\/www.uni.lu\/lcsb-de\/#organization","name":"LCSB - Universit\u00e4t Luxemburg I Uni.lu","alternateName":"Luxembourg Centre for Systems Biomedicine","url":"https:\/\/www.uni.lu\/lcsb-de\/","logo":{"@type":"ImageObject","inLanguage":"de-DE","@id":"https:\/\/www.uni.lu\/lcsb-de\/#\/schema\/logo\/image\/","url":"https:\/\/www.uni.lu\/wp-content\/uploads\/sites\/21\/2026\/03\/03113212\/LCSB_SM-Profile_1600x1600px-scaled.jpg","contentUrl":"https:\/\/www.uni.lu\/wp-content\/uploads\/sites\/21\/2026\/03\/03113212\/LCSB_SM-Profile_1600x1600px-scaled.jpg","width":2560,"height":2560,"caption":"LCSB - Universit\u00e4t Luxemburg I Uni.lu"},"image":{"@id":"https:\/\/www.uni.lu\/lcsb-de\/#\/schema\/logo\/image\/"},"sameAs":["https:\/\/www.linkedin.com\/showcase\/lcsb-university-of-luxembourg"]}]}},"ticketed":false,"_links":{"self":[{"href":"https:\/\/www.uni.lu\/lcsb-de\/wp-json\/wp\/v2\/pages\/256"}],"collection":[{"href":"https:\/\/www.uni.lu\/lcsb-de\/wp-json\/wp\/v2\/pages"}],"about":[{"href":"https:\/\/www.uni.lu\/lcsb-de\/wp-json\/wp\/v2\/types\/page"}],"author":[{"embeddable":true,"href":"https:\/\/www.uni.lu\/lcsb-de\/wp-json\/wp\/v2\/users\/56"}],"replies":[{"embeddable":true,"href":"https:\/\/www.uni.lu\/lcsb-de\/wp-json\/wp\/v2\/comments?post=256"}],"version-history":[{"count":5,"href":"https:\/\/www.uni.lu\/lcsb-de\/wp-json\/wp\/v2\/pages\/256\/revisions"}],"predecessor-version":[{"id":1219,"href":"https:\/\/www.uni.lu\/lcsb-de\/wp-json\/wp\/v2\/pages\/256\/revisions\/1219"}],"wp:authorship":[{"embeddable":true,"href":"https:\/\/www.uni.lu\/lcsb-de\/wp-json\/wp\/v2\/users\/56"}],"wp:attachment":[{"href":"https:\/\/www.uni.lu\/lcsb-de\/wp-json\/wp\/v2\/media?parent=256"}],"wp:term":[{"taxonomy":"field-of-interest","embeddable":true,"href":"https:\/\/www.uni.lu\/lcsb-de\/wp-json\/wp\/v2\/field-of-interest?post=256"},{"taxonomy":"organisation","embeddable":true,"href":"https:\/\/www.uni.lu\/lcsb-de\/wp-json\/wp\/v2\/organisation?post=256"}],"curies":[{"name":"wp","href":"https:\/\/api.w.org\/{rel}","templated":true}]}}