{"id":71,"date":"2026-01-29T15:20:19","date_gmt":"2026-01-29T14:20:19","guid":{"rendered":"https:\/\/www.uni.lu\/lcel-fr\/?page_id=71"},"modified":"2026-02-13T12:28:33","modified_gmt":"2026-02-13T11:28:33","slug":"a-propos","status":"publish","type":"page","link":"https:\/\/www.uni.lu\/lcel-fr\/a-propos\/","title":{"rendered":"\u00c0 propos"},"content":{"rendered":"<div class=\"section py-0 static\">\n<section class=\"py-0 wp-block-unilux-blocks-free-section section\"><div class=\"container xl:max-w-screen-xl\"><div class=\"js-secondary-nav--sticky wp-block-unilux-blocks-secondary-navigation\" id=\"2be400c2-6776-4df1-a01b-9ce00a72922a\">\n    <nav\n        id=\"secondary-navigation\"\n        role=\"navigation\"\n        aria-label=\"Secondary menu\"\n        class=\"secondary-nav\"\n    >\n        <button\n            class=\"secondary-nav__button btn btn-solid--primary w-full\"\n            aria-expanded=\"false\"\n            aria-controls=\"secondary-navigation__list\"\n            title=\"The selected page is \u00c0 propos\"\n            type=\"button\"\n        >\n            <span class=\"btn__name mr-auto\">\u00c0 propos<\/span>\n            <svg aria-hidden=\"true\" focusable=\"false\" class=\"icon icon-outline icon--xs\">\n                <use xlink:href=\"https:\/\/www.uni.lu\/wp-content\/themes\/unilux-theme\/assets\/images\/icons\/icons-outline.svg#icon--arrow-down\" \/>\n            <\/svg>\n        <\/button>\n\n        <ul id=\"secondary-navigation__list\" class=\"secondary-nav__list\">\n            <li class=\"secondary-nav__item\">\n    <a\n        href=\"https:\/\/www.uni.lu\/lcel-fr\/\"\n        target=\"\"\n        rel=\"noreferrer noopener\"\n        class=\"secondary-nav__link \"\n            >\n        <svg aria-hidden=\"true\" focusable=\"false\" class=\"icon icon-outline icon--xs\">\n            <use xlink:href=\"https:\/\/www.uni.lu\/wp-content\/themes\/unilux-theme\/assets\/images\/icons\/icons-outline.svg#icon--arrow-right\" \/>\n        <\/svg>\n        <span class=\"secondary-nav__name\">Aper\u00e7u<\/span>\n    <\/a>\n<\/li>\n<li class=\"secondary-nav__item\">\n    <a\n        href=\"https:\/\/www.uni.lu\/lcel-fr\/a-propos\/\"\n        target=\"\"\n        rel=\"noreferrer noopener\"\n        class=\"secondary-nav__link isactived\"\n        aria-current=\"page\"    >\n        <svg aria-hidden=\"true\" focusable=\"false\" class=\"icon icon-outline icon--xs\">\n            <use xlink:href=\"https:\/\/www.uni.lu\/wp-content\/themes\/unilux-theme\/assets\/images\/icons\/icons-outline.svg#icon--arrow-right\" \/>\n        <\/svg>\n        <span class=\"secondary-nav__name\">\u00c0 propos<\/span>\n    <\/a>\n<\/li>\n<li class=\"secondary-nav__item\">\n    <a\n        href=\"https:\/\/www.uni.lu\/lcel-fr\/recherche\/\"\n        target=\"\"\n        rel=\"noreferrer noopener\"\n        class=\"secondary-nav__link \"\n            >\n        <svg aria-hidden=\"true\" focusable=\"false\" class=\"icon icon-outline icon--xs\">\n            <use xlink:href=\"https:\/\/www.uni.lu\/wp-content\/themes\/unilux-theme\/assets\/images\/icons\/icons-outline.svg#icon--arrow-right\" \/>\n        <\/svg>\n        <span class=\"secondary-nav__name\">Recherche<\/span>\n    <\/a>\n<\/li>\n<li class=\"secondary-nav__item\">\n    <a\n        href=\"https:\/\/www.uni.lu\/lcel-fr\/equipe\/\"\n        target=\"\"\n        rel=\"noreferrer noopener\"\n        class=\"secondary-nav__link \"\n            >\n        <svg aria-hidden=\"true\" focusable=\"false\" class=\"icon icon-outline icon--xs\">\n            <use xlink:href=\"https:\/\/www.uni.lu\/wp-content\/themes\/unilux-theme\/assets\/images\/icons\/icons-outline.svg#icon--arrow-right\" \/>\n        <\/svg>\n        <span class=\"secondary-nav__name\">\u00c9quipe<\/span>\n    <\/a>\n<\/li>\n<li class=\"secondary-nav__item\">\n    <a\n        href=\"https:\/\/www.uni.lu\/lcel-fr\/contact\/\"\n        target=\"\"\n        rel=\"noreferrer noopener\"\n        class=\"secondary-nav__link \"\n            >\n        <svg aria-hidden=\"true\" focusable=\"false\" class=\"icon icon-outline icon--xs\">\n            <use xlink:href=\"https:\/\/www.uni.lu\/wp-content\/themes\/unilux-theme\/assets\/images\/icons\/icons-outline.svg#icon--arrow-right\" \/>\n        <\/svg>\n        <span class=\"secondary-nav__name\">Contact<\/span>\n    <\/a>\n<\/li>\n        <\/ul>\n    <\/nav>\n<\/div>\n<\/div><\/section>\n\n\n\n<section class=\"wp-block-unilux-blocks-free-section section\"><div class=\"container xl:max-w-screen-xl\">\n<h1 class=\"has-text-align-left wp-block-unilux-blocks-heading\"        id=\"a-propos\"\n    >\n\u00c0 propos<\/h1>\n\n\n\n<p>Cr\u00e9\u00e9 en janvier 2024, le Centre a succ\u00e9d\u00e9 \u00e0 l\u2019Institut Max Planck Luxembourg pour le droit proc\u00e9dural (2012-2023), le Professeur Pierre-Henri Conac ayant assur\u00e9 la fonction de directeur par int\u00e9rim durant la phase de transition. Le professeur Takis Tridimas a \u00e9t\u00e9 nomm\u00e9 premier directeur du Centre \u00e0 compter du 1er octobre 2024. Outre le directeur, le Centre r\u00e9unit actuellement deux professeurs (la professeure Joana Mendes et le professeure associ\u00e9e Luigi Lonardo), dix chercheurs postdoctoraux, sept doctorants, ainsi que huit biblioth\u00e9caires charg\u00e9s de la gestion de sa biblioth\u00e8que sp\u00e9cialis\u00e9e. Le soutien administratif est assur\u00e9 par quatre employ\u00e9s administratifs suppl\u00e9mentaires.<br>Une expansion suppl\u00e9mentaire est pr\u00e9vue pour 2026-2027.<\/p>\n\n\n\n<div class=\"wp-block-columns is-layout-flex wp-block-columns-is-layout-flex\">\n<div class=\"wp-block-column is-layout-flow wp-block-column-is-layout-flow\">\n<h2 class=\"has-text-align-left wp-block-unilux-blocks-heading\"        id=\"notre-vision\"\n    >\nNotre vision<\/h2>\n\n\n\n<p>Le Centre ambitionne de devenir un p\u00f4le de r\u00e9f\u00e9rence mondial pour l\u2019\u00e9tude acad\u00e9mique du droit europ\u00e9en. Guid\u00e9 par la curiosit\u00e9 intellectuelle, sa mission est de mener des recherches \u00e0 la fois th\u00e9oriques et appliqu\u00e9es en toute ind\u00e9pendance. Il promeut le d\u00e9bat dans le but de mieux comprendre les enjeux contemporains auxquels nos soci\u00e9t\u00e9s sont confront\u00e9es et de contribuer \u00e0 leur r\u00e9solution.<br>Le LCEL valorise autant la recherche doctrinale qu\u2019interdisciplinaire, en reconnaissant qu\u2019elles s\u2019adressent \u00e0 des publics diff\u00e9rents.<br>Sa priorit\u00e9 est de produire une recherche originale et d\u2019excellence.<br>Le Centre s\u2019adresse \u00e0 un large \u00e9ventail d\u2019acteurs, incluant la communaut\u00e9 acad\u00e9mique, les d\u00e9cideurs politiques, les juridictions et la soci\u00e9t\u00e9 civile. Il participe au rayonnement du Luxembourg en tant que centre d\u2019excellence acad\u00e9mique. Il contribue \u00e9galement \u00e0 la soci\u00e9t\u00e9 europ\u00e9enne en s\u2019engageant dans les grands d\u00e9bats du droit et des politiques de l\u2019Union. Enfin, il rayonne \u00e0 l\u2019\u00e9chelle mondiale en produisant une recherche innovante et \u00e0 fort impact.<\/p>\n<\/div>\n\n\n\n<div class=\"wp-block-column is-layout-flow wp-block-column-is-layout-flow\">\n<h2 class=\"has-text-align-left wp-block-unilux-blocks-heading\"        id=\"notre-approche\"\n    >\nNotre approche<\/h2>\n\n\n\n<p>Nous sommes convaincus que l\u2019\u00e9tude du droit europ\u00e9en doit \u00eatre guid\u00e9e par une approche fond\u00e9e sur l\u2019ouverture. La relation entre le droit de l\u2019Union europ\u00e9enne et son environnement est dialectique. D\u2019une part, les chercheurs en droit de l\u2019UE ont beaucoup \u00e0 apprendre d\u2019autres syst\u00e8mes juridiques, tels que la th\u00e9orie constitutionnelle am\u00e9ricaine ou le droit des organisations internationales. D\u2019autre part, les th\u00e9matiques dans lesquelles le droit europ\u00e9en est particuli\u00e8rement d\u00e9velopp\u00e9 ou a apport\u00e9 une contribution originale ne concernent pas uniquement l\u2019Europe.<\/p>\n\n\n\n<p>L\u2019\u00e9tude de la Charte des droits fondamentaux de l\u2019Union europ\u00e9enne, par exemple, int\u00e9resse l\u2019ensemble des constitutionnalistes et des sp\u00e9cialistes des droits fondamentaux, bien au-del\u00e0 du seul public europ\u00e9en. De m\u00eame, le droit environnemental de l\u2019Union ou encore sa r\u00e9gulation de l\u2019intelligence artificielle suscitent un vif int\u00e9r\u00eat aupr\u00e8s des chercheurs du monde entier.<\/p>\n\n\n\n<p>Le Centre collabore \u00e9troitement avec le D\u00e9partement de droit de l\u2019Universit\u00e9 du Luxembourg, notamment \u00e0 travers des projets de recherche communs, l\u2019organisation d\u2019\u00e9v\u00e9nements scientifiques et la codirection de th\u00e8ses de doctorat. Par ailleurs, les enseignants-chercheurs du Centre assurent leurs activit\u00e9s d\u2019enseignement au sein des programmes propos\u00e9s par le D\u00e9partement.<\/p>\n<\/div>\n<\/div>\n<\/div><\/section>\n\n\n\n<section class=\"py-0 wp-block-unilux-blocks-people-centre section\">\n<div class=\"wp-block-unilux-blocks-wrapper container xl:max-w-screen-xl\">\n<h2 class=\"content-card__title has-text-align-left wp-block-unilux-blocks-heading\"        id=\"equipe\"\n    >\n\u00c9quipe<\/h2>\n\n\n\n<div class=\"wp-block-unilux-blocks-wrapper flex flex-wrap -mx-16 xl:-mx-32\">\n<div class=\"wp-block-unilux-blocks-wrapper w-full xl:w-9\/12 px-16 xl:px-32\">\n<h3 class=\"has-text-align-left wp-block-unilux-blocks-heading\"    >\n<\/h3>\n\n\n\n<div class=\"wp-block-unilux-blocks-wrapper flex flex-wrap -mx-16\">\n<div class=\"wp-block-unilux-blocks-wrapper w-full md:w-5\/12 mb-48 px-16\">\n<p>La plus grande richesse du LCEL est sans conteste son \u00e9quipe. Issu de l\u2019ancien Institut Max Planck Luxembourg, le Centre rassemble une communaut\u00e9 internationale de juristes d\u2019exception et de professionnels engag\u00e9s, aux parcours vari\u00e9s, unis par leur volont\u00e9 de repousser les fronti\u00e8res du droit europ\u00e9en.<br><br>Notre \u00e9quipe se compose de chercheurs reconnus, de praticiens exp\u00e9riment\u00e9s et de personnalit\u00e9s visionnaires, qui apportent chacun leur expertise et leur perspective singuli\u00e8re aux travaux du Centre.<\/p>\n\n\n\n<ul class=\"wp-block-unilux-blocks-quick-link-underline\">\n    \n<li class=\"wp-block-unilux-blocks-quick-link-underline-item\">\n    <a\n            href=\"https:\/\/www.uni.lu\/lcel-de\/unsere-mirarbeiterinnen\/\"\n            class=\"wp-block-unilux-blocks-anchor\"        target=\"\"\n>\n    \n<span class=\"hero__title__subject wp-block-unilux-blocks-plain-text\">Our people<\/span><svg aria-hidden=\"true\" focusable=\"false\" class=\"icon icon-outline icon--arrow-right \"><use xlink:href=\"https:\/\/www.uni.lu\/wp-content\/themes\/unilux-theme\/assets\/images\/icons\/icons-outline.svg#icon--arrow-right\"><\/use><\/svg><\/a>\n<\/li>\n<\/ul>\n\n\n<ul class=\"wp-block-unilux-blocks-custom-buttons btn-list\"><li class=\"wp-block-unilux-blocks-custom-button\"    aria-disabled=\"false\"\n    >\n    <a\n        role=\"link\"\n        aria-disabled=\"false\"\n                    href=\"https:\/\/www.uni.lu\/lcel-fr\/contact\/\"\n                target=\"_self\"\n        class=\"btn btn--primary\"\n            >Contact<\/a>\n<\/li>\n<\/ul>\n<\/div>\n\n\n\n<div class=\"wp-block-unilux-blocks-wrapper w-full md:w-7\/12 mb-48 px-16\"><div class=\"wp-block-unilux-blocks-people-item-automated\"><div class=\"ulux-card card-people bg-theme\"><div class=\"list-people bg-theme\">\n    <div class=\"list-people__container\">\n        <div class=\"list-people__visual\">\n            <figure class=\"wp-block-dev4-reusable-blocks-image\">\n                <!-- Template Image Component: default -->\n<img decoding=\"async\" class=\"w-full\" width=\"\" height=\"\" rel=\"\" alt=\"Prof Takis TRIDIMAS\" src=\"https:\/\/www.uni.lu\/en\/person-image\/NTAwODkwNzNfX1Rha2lzIFRSSURJTUFT\" srcset=\"https:\/\/www.uni.lu\/en\/person-image\/NTAwODkwNzNfX1Rha2lzIFRSSURJTUFT--thumbnail 150w,https:\/\/www.uni.lu\/en\/person-image\/NTAwODkwNzNfX1Rha2lzIFRSSURJTUFT--medium 300w,https:\/\/www.uni.lu\/en\/person-image\/NTAwODkwNzNfX1Rha2lzIFRSSURJTUFT--medium_large 768w,https:\/\/www.uni.lu\/en\/person-image\/NTAwODkwNzNfX1Rha2lzIFRSSURJTUFT--large 1024w,https:\/\/www.uni.lu\/en\/person-image\/NTAwODkwNzNfX1Rha2lzIFRSSURJTUFT--1536x1536 1536w,https:\/\/www.uni.lu\/en\/person-image\/NTAwODkwNzNfX1Rha2lzIFRSSURJTUFT--2048x2048 2048w\" loading=\"lazy\" \/><!-- end Image Component -->\n            <\/figure>\n        <\/div>\n        <div class=\"list-people__body\">\n            <h3 class=\"list-people__title\">Prof Takis TRIDIMAS<\/h3>\n            <p class=\"list-people__description\">Director of Luxembourg Centre for European Law<\/p>\n            <div class=\"wp-block-unilux-blocks-simple-cta wp-block-unilux-blocks-people-item-automated\">\n    <a\n        href=\"https:\/\/www.uni.lu\/lcel-en\/people\/takis-tridimas\/\"\n        title=\"Prof Takis TRIDIMAS\"\n        class=\"link-text link-text--icon list-people__link link-absolute\"\n        target=\"\"\n    >\n        <span class=\"link-text__body\">\n            <span class=\"link-text__name\">Voir le profil<\/span>\n        <\/span>\n        <svg aria-hidden=\"true\" focusable=\"false\" class=\"icon icon-outline icon--arrow-right \"><use xlink:href=\"https:\/\/www.uni.lu\/wp-content\/themes\/unilux-theme\/assets\/images\/icons\/icons-outline.svg#icon--arrow-right\"><\/use><\/svg>    <\/a>\n<\/div>\n        <\/div>\n    <\/div>\n<\/div>\n<\/div><\/div><\/div>\n<\/div>\n<\/div>\n\n\n\n<div class=\"wp-block-unilux-blocks-wrapper w-full xl:w-3\/12 px-16 xl:px-32\">\n<h3 class=\"has-text-align-left wp-block-unilux-blocks-heading\"    >\n<\/h3>\n\n\n\n<ul class=\"wp-block-unilux-blocks-facts-figures flex flex-wrap flex-col xs:flex-row xl:flex-col -mx-16\"><li class=\"wp-block-unilux-blocks-facts-figures-item\">\n    \n<div class=\"wp-block-unilux-blocks-wrapper figure-stats\">\n<div class=\"figure-stats__value text-theme wp-block-unilux-blocks-plain-text\"><\/div>\n\n\n<div class=\"figure-stats__description wp-block-unilux-blocks-plain-text\"><\/div><\/div>\n<\/li><\/ul>\n<\/div>\n<\/div>\n<\/div>\n<\/section>\n<\/div>","protected":false},"excerpt":{"rendered":"","protected":false},"author":125,"featured_media":0,"parent":0,"menu_order":2,"comment_status":"closed","ping_status":"closed","template":"","meta":{"featured_image_focal_point":[],"show_featured_caption":false,"ulux_newsletter_groups":"","uluxPostTitle":"Luxembourg Centre for European Law (LCEL)","uluxPrePostTitle":"Centre interdisciplinaire","_trash_the_other_posts":false,"_price":"","_stock":"","_tribe_ticket_header":"","_tribe_default_ticket_provider":"","_tribe_ticket_capacity":"0","_ticket_start_date":"","_ticket_end_date":"","_tribe_ticket_show_description":"","_tribe_ticket_show_not_going":false,"_tribe_ticket_use_global_stock":"","_tribe_ticket_global_stock_level":"","_global_stock_mode":"","_global_stock_cap":"","_tribe_rsvp_for_event":"","_tribe_ticket_going_count":"","_tribe_ticket_not_going_count":"","_tribe_tickets_list":"[]","_tribe_ticket_has_attendee_info_fields":false,"footnotes":""},"field-of-interest":[],"organisation":[],"authorship":[125],"acf":[],"yoast_head":"<!-- This site is optimized with the Yoast SEO Premium plugin v22.3 (Yoast SEO v22.3) - https:\/\/yoast.com\/wordpress\/plugins\/seo\/ -->\n<title>\u00c0 propos - LCEL - Universit\u00e9 du Luxembourg I Uni.lu<\/title>\n<meta name=\"description\" content=\"Cr\u00e9\u00e9 en janvier 2024, le Centre a succ\u00e9d\u00e9 \u00e0 l\u2019Institut Max Planck Luxembourg pour le droit proc\u00e9dural (2012-2023), le Professeur Pierre-Henri Conac ayant assur\u00e9 la fonction de directeur par int\u00e9rim durant la phase de transition.\" \/>\n<meta name=\"robots\" content=\"index, follow, max-snippet:-1, max-image-preview:large, max-video-preview:-1\" \/>\n<link rel=\"canonical\" href=\"https:\/\/www.uni.lu\/lcel-fr\/a-propos\/\" \/>\n<meta property=\"og:locale\" content=\"fr_FR\" \/>\n<meta property=\"og:type\" content=\"article\" \/>\n<meta property=\"og:title\" content=\"\u00c0 propos\" \/>\n<meta property=\"og:description\" content=\"Cr\u00e9\u00e9 en janvier 2024, le Centre a succ\u00e9d\u00e9 \u00e0 l\u2019Institut Max Planck Luxembourg pour le droit proc\u00e9dural (2012-2023), le Professeur Pierre-Henri Conac ayant assur\u00e9 la fonction de directeur par int\u00e9rim durant la phase de transition.\" \/>\n<meta property=\"og:url\" content=\"https:\/\/www.uni.lu\/lcel-fr\/a-propos\/\" \/>\n<meta property=\"og:site_name\" content=\"LCEL FR\" \/>\n<meta property=\"article:modified_time\" content=\"2026-02-13T11:28:33+00:00\" \/>\n<meta property=\"og:image\" content=\"https:\/\/www.uni.lu\/wp-content\/uploads\/sites\/33\/2026\/03\/03113607\/LCEL_SM-Profile_1600x1600px-scaled.jpg\" \/>\n\t<meta property=\"og:image:width\" content=\"2560\" \/>\n\t<meta property=\"og:image:height\" content=\"2560\" \/>\n\t<meta property=\"og:image:type\" content=\"image\/jpeg\" \/>\n<meta name=\"twitter:card\" content=\"summary_large_image\" \/>\n<meta name=\"twitter:label1\" content=\"Dur\u00e9e de lecture estim\u00e9e\" \/>\n\t<meta name=\"twitter:data1\" content=\"3 minutes\" \/>\n<script type=\"application\/ld+json\" class=\"yoast-schema-graph\">{\"@context\":\"https:\/\/schema.org\",\"@graph\":[{\"@type\":\"WebPage\",\"@id\":\"https:\/\/www.uni.lu\/lcel-fr\/a-propos\/\",\"url\":\"https:\/\/www.uni.lu\/lcel-fr\/a-propos\/\",\"name\":\"\u00c0 propos - LCEL - Universit\u00e9 du Luxembourg I Uni.lu\",\"isPartOf\":{\"@id\":\"https:\/\/www.uni.lu\/lcel-fr\/#website\"},\"datePublished\":\"2026-01-29T14:20:19+00:00\",\"dateModified\":\"2026-02-13T11:28:33+00:00\",\"description\":\"Cr\u00e9\u00e9 en janvier 2024, le Centre a succ\u00e9d\u00e9 \u00e0 l\u2019Institut Max Planck Luxembourg pour le droit proc\u00e9dural (2012-2023), le Professeur Pierre-Henri Conac ayant assur\u00e9 la fonction de directeur par int\u00e9rim durant la phase de transition.\",\"breadcrumb\":{\"@id\":\"https:\/\/www.uni.lu\/lcel-fr\/a-propos\/#breadcrumb\"},\"inLanguage\":\"fr-FR\",\"potentialAction\":[{\"@type\":\"ReadAction\",\"target\":[\"https:\/\/www.uni.lu\/lcel-fr\/a-propos\/\"]}]},{\"@type\":\"BreadcrumbList\",\"@id\":\"https:\/\/www.uni.lu\/lcel-fr\/a-propos\/#breadcrumb\",\"itemListElement\":[{\"@type\":\"ListItem\",\"position\":1,\"name\":\"Home\",\"item\":\"https:\/\/www.uni.lu\/fr\"},{\"@type\":\"ListItem\",\"position\":2,\"name\":\"Luxembourg Centre for European Law (LCEL)\",\"item\":\"https:\/\/www.uni.lu\/lcel-fr\/\"},{\"@type\":\"ListItem\",\"position\":3,\"name\":\"\u00c0 propos\"}]},{\"@type\":\"WebSite\",\"@id\":\"https:\/\/www.uni.lu\/lcel-fr\/#website\",\"url\":\"https:\/\/www.uni.lu\/lcel-fr\/\",\"name\":\"LCEL\",\"description\":\"Luxembourg Centre for European Law I Uni.lu\",\"publisher\":{\"@id\":\"https:\/\/www.uni.lu\/lcel-fr\/#organization\"},\"alternateName\":\"Luxembourg Centre for European Law I Universit\u00e9 du Luxembourg\",\"potentialAction\":[{\"@type\":\"SearchAction\",\"target\":{\"@type\":\"EntryPoint\",\"urlTemplate\":\"https:\/\/www.uni.lu\/lcel-fr\/?s={search_term_string}\"},\"query-input\":\"required name=search_term_string\"}],\"inLanguage\":\"fr-FR\"},{\"@type\":\"Organization\",\"@id\":\"https:\/\/www.uni.lu\/lcel-fr\/#organization\",\"name\":\"LCEL - Universit\u00e9 du Luxembourg I Uni.lu\",\"alternateName\":\"Luxembourg Centre for European Law\",\"url\":\"https:\/\/www.uni.lu\/lcel-fr\/\",\"logo\":{\"@type\":\"ImageObject\",\"inLanguage\":\"fr-FR\",\"@id\":\"https:\/\/www.uni.lu\/lcel-fr\/#\/schema\/logo\/image\/\",\"url\":\"https:\/\/www.uni.lu\/wp-content\/uploads\/sites\/33\/2026\/03\/03113607\/LCEL_SM-Profile_1600x1600px-scaled.jpg\",\"contentUrl\":\"https:\/\/www.uni.lu\/wp-content\/uploads\/sites\/33\/2026\/03\/03113607\/LCEL_SM-Profile_1600x1600px-scaled.jpg\",\"width\":2560,\"height\":2560,\"caption\":\"LCEL - Universit\u00e9 du Luxembourg I Uni.lu\"},\"image\":{\"@id\":\"https:\/\/www.uni.lu\/lcel-fr\/#\/schema\/logo\/image\/\"},\"sameAs\":[\"https:\/\/www.linkedin.com\/showcase\/lcel-university-of-luxembourg\/?originalSubdomain=lu\"]}]}<\/script>\n<!-- \/ Yoast SEO Premium plugin. -->","yoast_head_json":{"title":"\u00c0 propos - LCEL - Universit\u00e9 du Luxembourg I Uni.lu","description":"Cr\u00e9\u00e9 en janvier 2024, le Centre a succ\u00e9d\u00e9 \u00e0 l\u2019Institut Max Planck Luxembourg pour le droit proc\u00e9dural (2012-2023), le Professeur Pierre-Henri Conac ayant assur\u00e9 la fonction de directeur par int\u00e9rim durant la phase de transition.","robots":{"index":"index","follow":"follow","max-snippet":"max-snippet:-1","max-image-preview":"max-image-preview:large","max-video-preview":"max-video-preview:-1"},"canonical":"https:\/\/www.uni.lu\/lcel-fr\/a-propos\/","og_locale":"fr_FR","og_type":"article","og_title":"\u00c0 propos","og_description":"Cr\u00e9\u00e9 en janvier 2024, le Centre a succ\u00e9d\u00e9 \u00e0 l\u2019Institut Max Planck Luxembourg pour le droit proc\u00e9dural (2012-2023), le Professeur Pierre-Henri Conac ayant assur\u00e9 la fonction de directeur par int\u00e9rim durant la phase de transition.","og_url":"https:\/\/www.uni.lu\/lcel-fr\/a-propos\/","og_site_name":"LCEL FR","article_modified_time":"2026-02-13T11:28:33+00:00","og_image":[{"width":2560,"height":2560,"url":"https:\/\/www.uni.lu\/wp-content\/uploads\/sites\/33\/2026\/03\/03113607\/LCEL_SM-Profile_1600x1600px-scaled.jpg","type":"image\/jpeg"}],"twitter_card":"summary_large_image","twitter_misc":{"Dur\u00e9e de lecture estim\u00e9e":"3 minutes"},"schema":{"@context":"https:\/\/schema.org","@graph":[{"@type":"WebPage","@id":"https:\/\/www.uni.lu\/lcel-fr\/a-propos\/","url":"https:\/\/www.uni.lu\/lcel-fr\/a-propos\/","name":"\u00c0 propos - LCEL - Universit\u00e9 du Luxembourg I Uni.lu","isPartOf":{"@id":"https:\/\/www.uni.lu\/lcel-fr\/#website"},"datePublished":"2026-01-29T14:20:19+00:00","dateModified":"2026-02-13T11:28:33+00:00","description":"Cr\u00e9\u00e9 en janvier 2024, le Centre a succ\u00e9d\u00e9 \u00e0 l\u2019Institut Max Planck Luxembourg pour le droit proc\u00e9dural (2012-2023), le Professeur Pierre-Henri Conac ayant assur\u00e9 la fonction de directeur par int\u00e9rim durant la phase de transition.","breadcrumb":{"@id":"https:\/\/www.uni.lu\/lcel-fr\/a-propos\/#breadcrumb"},"inLanguage":"fr-FR","potentialAction":[{"@type":"ReadAction","target":["https:\/\/www.uni.lu\/lcel-fr\/a-propos\/"]}]},{"@type":"BreadcrumbList","@id":"https:\/\/www.uni.lu\/lcel-fr\/a-propos\/#breadcrumb","itemListElement":[{"@type":"ListItem","position":1,"name":"Home","item":"https:\/\/www.uni.lu\/fr"},{"@type":"ListItem","position":2,"name":"Luxembourg Centre for European Law (LCEL)","item":"https:\/\/www.uni.lu\/lcel-fr\/"},{"@type":"ListItem","position":3,"name":"\u00c0 propos"}]},{"@type":"WebSite","@id":"https:\/\/www.uni.lu\/lcel-fr\/#website","url":"https:\/\/www.uni.lu\/lcel-fr\/","name":"LCEL","description":"Luxembourg Centre for European Law I Uni.lu","publisher":{"@id":"https:\/\/www.uni.lu\/lcel-fr\/#organization"},"alternateName":"Luxembourg Centre for European Law I Universit\u00e9 du Luxembourg","potentialAction":[{"@type":"SearchAction","target":{"@type":"EntryPoint","urlTemplate":"https:\/\/www.uni.lu\/lcel-fr\/?s={search_term_string}"},"query-input":"required name=search_term_string"}],"inLanguage":"fr-FR"},{"@type":"Organization","@id":"https:\/\/www.uni.lu\/lcel-fr\/#organization","name":"LCEL - Universit\u00e9 du Luxembourg I Uni.lu","alternateName":"Luxembourg Centre for European Law","url":"https:\/\/www.uni.lu\/lcel-fr\/","logo":{"@type":"ImageObject","inLanguage":"fr-FR","@id":"https:\/\/www.uni.lu\/lcel-fr\/#\/schema\/logo\/image\/","url":"https:\/\/www.uni.lu\/wp-content\/uploads\/sites\/33\/2026\/03\/03113607\/LCEL_SM-Profile_1600x1600px-scaled.jpg","contentUrl":"https:\/\/www.uni.lu\/wp-content\/uploads\/sites\/33\/2026\/03\/03113607\/LCEL_SM-Profile_1600x1600px-scaled.jpg","width":2560,"height":2560,"caption":"LCEL - Universit\u00e9 du Luxembourg I Uni.lu"},"image":{"@id":"https:\/\/www.uni.lu\/lcel-fr\/#\/schema\/logo\/image\/"},"sameAs":["https:\/\/www.linkedin.com\/showcase\/lcel-university-of-luxembourg\/?originalSubdomain=lu"]}]}},"ticketed":false,"_links":{"self":[{"href":"https:\/\/www.uni.lu\/lcel-fr\/wp-json\/wp\/v2\/pages\/71"}],"collection":[{"href":"https:\/\/www.uni.lu\/lcel-fr\/wp-json\/wp\/v2\/pages"}],"about":[{"href":"https:\/\/www.uni.lu\/lcel-fr\/wp-json\/wp\/v2\/types\/page"}],"author":[{"embeddable":true,"href":"https:\/\/www.uni.lu\/lcel-fr\/wp-json\/wp\/v2\/users\/125"}],"replies":[{"embeddable":true,"href":"https:\/\/www.uni.lu\/lcel-fr\/wp-json\/wp\/v2\/comments?post=71"}],"version-history":[{"count":4,"href":"https:\/\/www.uni.lu\/lcel-fr\/wp-json\/wp\/v2\/pages\/71\/revisions"}],"predecessor-version":[{"id":103,"href":"https:\/\/www.uni.lu\/lcel-fr\/wp-json\/wp\/v2\/pages\/71\/revisions\/103"}],"wp:authorship":[{"embeddable":true,"href":"https:\/\/www.uni.lu\/lcel-fr\/wp-json\/wp\/v2\/users\/125"}],"wp:attachment":[{"href":"https:\/\/www.uni.lu\/lcel-fr\/wp-json\/wp\/v2\/media?parent=71"}],"wp:term":[{"taxonomy":"field-of-interest","embeddable":true,"href":"https:\/\/www.uni.lu\/lcel-fr\/wp-json\/wp\/v2\/field-of-interest?post=71"},{"taxonomy":"organisation","embeddable":true,"href":"https:\/\/www.uni.lu\/lcel-fr\/wp-json\/wp\/v2\/organisation?post=71"}],"curies":[{"name":"wp","href":"https:\/\/api.w.org\/{rel}","templated":true}]}}