{"id":7,"date":"2024-01-11T10:36:25","date_gmt":"2024-01-11T09:36:25","guid":{"rendered":"https:\/\/www.uni.lu\/lcel-de\/?page_id=7"},"modified":"2026-01-29T15:44:09","modified_gmt":"2026-01-29T14:44:09","slug":"the-luxembourg-centre-for-european-law","status":"publish","type":"page","link":"https:\/\/www.uni.lu\/lcel-de\/","title":{"rendered":"Luxembourg Centre for European Law (LCEL)"},"content":{"rendered":"<div class=\"section py-0 static\"><div class=\"section py-0 section wp-block-unilux-blocks-navigation-and-hero py-0\">\n    \n<div class=\"wp-block-unilux-blocks-wrapper container xl:max-w-screen-xl\"><div class=\"js-secondary-nav--sticky wp-block-unilux-blocks-secondary-navigation\" id=\"2be400c2-6776-4df1-a01b-9ce00a72922a\">\n    <nav\n        id=\"secondary-navigation\"\n        role=\"navigation\"\n        aria-label=\"Secondary menu\"\n        class=\"secondary-nav\"\n    >\n        <button\n            class=\"secondary-nav__button btn btn-solid--primary w-full\"\n            aria-expanded=\"false\"\n            aria-controls=\"secondary-navigation__list\"\n            title=\"The selected page is \u00dcbersicht\"\n            type=\"button\"\n        >\n            <span class=\"btn__name mr-auto\">\u00dcbersicht<\/span>\n            <svg aria-hidden=\"true\" focusable=\"false\" class=\"icon icon-outline icon--xs\">\n                <use xlink:href=\"https:\/\/www.uni.lu\/wp-content\/themes\/unilux-theme\/assets\/images\/icons\/icons-outline.svg#icon--arrow-down\" \/>\n            <\/svg>\n        <\/button>\n\n        <ul id=\"secondary-navigation__list\" class=\"secondary-nav__list\">\n            <li class=\"secondary-nav__item\">\n    <a\n        href=\"https:\/\/www.uni.lu\/lcel-de\/\"\n        target=\"\"\n        rel=\"noreferrer noopener\"\n        class=\"secondary-nav__link isactived\"\n        aria-current=\"page\"    >\n        <svg aria-hidden=\"true\" focusable=\"false\" class=\"icon icon-outline icon--xs\">\n            <use xlink:href=\"https:\/\/www.uni.lu\/wp-content\/themes\/unilux-theme\/assets\/images\/icons\/icons-outline.svg#icon--arrow-right\" \/>\n        <\/svg>\n        <span class=\"secondary-nav__name\">\u00dcbersicht<\/span>\n    <\/a>\n<\/li>\n<li class=\"secondary-nav__item\">\n    <a\n        href=\"https:\/\/www.uni.lu\/lcel-de\/ueber-uns\/\"\n        target=\"\"\n        rel=\"noreferrer noopener\"\n        class=\"secondary-nav__link \"\n            >\n        <svg aria-hidden=\"true\" focusable=\"false\" class=\"icon icon-outline icon--xs\">\n            <use xlink:href=\"https:\/\/www.uni.lu\/wp-content\/themes\/unilux-theme\/assets\/images\/icons\/icons-outline.svg#icon--arrow-right\" \/>\n        <\/svg>\n        <span class=\"secondary-nav__name\">\u00dcber uns<\/span>\n    <\/a>\n<\/li>\n<li class=\"secondary-nav__item\">\n    <a\n        href=\"https:\/\/www.uni.lu\/lcel-de\/forschung\/\"\n        target=\"\"\n        rel=\"noreferrer noopener\"\n        class=\"secondary-nav__link \"\n            >\n        <svg aria-hidden=\"true\" focusable=\"false\" class=\"icon icon-outline icon--xs\">\n            <use xlink:href=\"https:\/\/www.uni.lu\/wp-content\/themes\/unilux-theme\/assets\/images\/icons\/icons-outline.svg#icon--arrow-right\" \/>\n        <\/svg>\n        <span class=\"secondary-nav__name\">Forschung<\/span>\n    <\/a>\n<\/li>\n<li class=\"secondary-nav__item\">\n    <a\n        href=\"https:\/\/www.uni.lu\/lcel-de\/unsere-mirarbeiterinnen\/\"\n        target=\"\"\n        rel=\"noreferrer noopener\"\n        class=\"secondary-nav__link \"\n            >\n        <svg aria-hidden=\"true\" focusable=\"false\" class=\"icon icon-outline icon--xs\">\n            <use xlink:href=\"https:\/\/www.uni.lu\/wp-content\/themes\/unilux-theme\/assets\/images\/icons\/icons-outline.svg#icon--arrow-right\" \/>\n        <\/svg>\n        <span class=\"secondary-nav__name\">Unsere Mirarbeiter:innen<\/span>\n    <\/a>\n<\/li>\n<li class=\"secondary-nav__item\">\n    <a\n        href=\"https:\/\/www.uni.lu\/lcel-de\/kontakt\/\"\n        target=\"\"\n        rel=\"noreferrer noopener\"\n        class=\"secondary-nav__link \"\n            >\n        <svg aria-hidden=\"true\" focusable=\"false\" class=\"icon icon-outline icon--xs\">\n            <use xlink:href=\"https:\/\/www.uni.lu\/wp-content\/themes\/unilux-theme\/assets\/images\/icons\/icons-outline.svg#icon--arrow-right\" \/>\n        <\/svg>\n        <span class=\"secondary-nav__name\">Kontakt<\/span>\n    <\/a>\n<\/li>\n        <\/ul>\n    <\/nav>\n<\/div>\n<\/div>\n\n<div class=\"wp-block-unilux-blocks-wrapper max-w-screen-3xl mx-auto section py-0\">\n<section class=\"section no-padding-y wp-block-unilux-blocks-hero\">\n    <div class=\"hero hero--2 hero--overlay-top \">\n        \n<header class=\"wp-block-unilux-blocks-wrapper hero__header\">\n<div class=\"wp-block-unilux-blocks-wrapper hero__container\">\n<span class=\"hero__title__subject wp-block-unilux-blocks-plain-text\"><\/span>\n\n\n<h1 class=\"has-text-align-left wp-block-unilux-blocks-heading\"        id=\"eine-zentrales-kompetenzzentrum-fuer-europaeisches-recht\"\n    >\nEine zentrales Kompetenzzentrum f\u00fcr europ\u00e4isches Recht<\/h1>\n<\/div>\n<\/header>\n<figure class=\"wp-block-dev4-reusable-blocks-image hero__visual object-fit--cover\">\n    \n<img decoding=\"async\" class=\"wp-block-image unilux-custom-image-block\"\n                alt=\"Statue of the blindfolded goddess of justice Themis or Justitia, against an European flag\"\n            src=\"https:\/\/www.uni.lu\/wp-content\/uploads\/sites\/32\/2023\/12\/justitia_against_european_flag_iStock_1045540550_credit_arsenisspyros.jpg\"\n                    style=\"object-position: 50.00% 50.00%; font-family: &quot;object-fit: cover; object-position: 50.00% 50.00%;&quot;; aspect-ratio: 16\/9; object-fit: cover; width: 100%;\"\n        loading=\"lazy\"\n\/>    <\/figure>\n<div class=\"wp-block-unilux-blocks-wrapper hero__body\">\n<div class=\"wp-block-unilux-blocks-wrapper hero__container\">\n<p class=\"wp-block-unilux-blocks-plain-text\">Das Luxembourg Centre of European Law (LCEL) wurde 2024 als interdisziplin\u00e4res Zentrum der Universit\u00e4t Luxemburg gegr\u00fcndet und trat die Nachfolge des Max-Planck-Instituts (MPI) Luxemburg f\u00fcr Internationales, Europ\u00e4isches und Regulatorisches Verfahrensrecht an. Seine Mission ist es, Spitzenforschung zu betreiben, die aktuelle gesellschaftliche Herausforderungen aufgreift, die wissenschaftliche Auseinandersetzung mit dem Europ\u00e4ischen Recht zu f\u00f6rdern und zu seiner Weiterentwicklung beizutragen. Das Zentrum strebt nach wissenschaftlicher Exzellenz und m\u00f6chte sich als einer der f\u00fchrenden transnationalen Knotenpunkte f\u00fcr die Erforschung des Europ\u00e4ischen Rechts weltweit etablieren.<\/p>\n\n\n<ul class=\"wp-block-unilux-blocks-custom-buttons btn-list\"><li class=\"wp-block-unilux-blocks-custom-button\"    aria-disabled=\"false\"\n    >\n    <a\n        role=\"link\"\n        aria-disabled=\"false\"\n                    href=\"https:\/\/www.uni.lu\/lcel-en\/\"\n                target=\"_self\"\n        class=\"btn btn--primary\"\n            >Zur englischen Website<\/a>\n<\/li>\n\n\n<\/ul>\n<\/div>\n<\/div>\n    <\/div>\n<\/section><\/div>\n<\/div><\/div>","protected":false},"excerpt":{"rendered":"","protected":false},"author":125,"featured_media":0,"parent":0,"menu_order":1,"comment_status":"closed","ping_status":"closed","template":"","meta":{"featured_image_focal_point":[],"show_featured_caption":false,"ulux_newsletter_groups":"","uluxPostTitle":"Luxembourg Centre for European Law (LCEL)","uluxPrePostTitle":"Interdisziplin\u00e4res Zentrum","_trash_the_other_posts":false,"_price":"","_stock":"","_tribe_ticket_header":"","_tribe_default_ticket_provider":"","_tribe_ticket_capacity":"0","_ticket_start_date":"","_ticket_end_date":"","_tribe_ticket_show_description":"","_tribe_ticket_show_not_going":false,"_tribe_ticket_use_global_stock":"","_tribe_ticket_global_stock_level":"","_global_stock_mode":"","_global_stock_cap":"","_tribe_rsvp_for_event":"","_tribe_ticket_going_count":"","_tribe_ticket_not_going_count":"","_tribe_tickets_list":"[]","_tribe_ticket_has_attendee_info_fields":false,"footnotes":""},"field-of-interest":[],"organisation":[],"authorship":[34,125],"acf":[],"yoast_head":"<!-- This site is optimized with the Yoast SEO Premium plugin v22.3 (Yoast SEO v22.3) - https:\/\/yoast.com\/wordpress\/plugins\/seo\/ -->\n<title>Luxembourg Centre for European Law (LCEL) I Uni.lu<\/title>\n<meta name=\"description\" content=\"Das Luxembourg Centre for European Law (LCEL) ist das neue interdisziplin\u00e4re Zentrum der Universit\u00e4t Luxemburg.\" \/>\n<meta name=\"robots\" content=\"index, follow, max-snippet:-1, max-image-preview:large, max-video-preview:-1\" \/>\n<link rel=\"canonical\" href=\"https:\/\/www.uni.lu\/lcel-de\/\" \/>\n<meta property=\"og:locale\" content=\"de_DE\" \/>\n<meta property=\"og:type\" content=\"article\" \/>\n<meta property=\"og:title\" content=\"Luxembourg Centre for European Law (LCEL)\" \/>\n<meta property=\"og:description\" content=\"Das Luxembourg Centre for European Law (LCEL) ist das neue interdisziplin\u00e4re Zentrum der Universit\u00e4t Luxemburg.\" \/>\n<meta property=\"og:url\" content=\"https:\/\/www.uni.lu\/lcel-de\/\" \/>\n<meta property=\"og:site_name\" content=\"LCEL DE\" \/>\n<meta property=\"article:modified_time\" content=\"2026-01-29T14:44:09+00:00\" \/>\n<meta name=\"twitter:card\" content=\"summary_large_image\" \/>\n<meta name=\"twitter:label1\" content=\"Gesch\u00e4tzte Lesezeit\" \/>\n\t<meta name=\"twitter:data1\" content=\"1 Minute\" \/>\n<script type=\"application\/ld+json\" class=\"yoast-schema-graph\">{\"@context\":\"https:\/\/schema.org\",\"@graph\":[{\"@type\":\"WebPage\",\"@id\":\"https:\/\/www.uni.lu\/lcel-de\/\",\"url\":\"https:\/\/www.uni.lu\/lcel-de\/\",\"name\":\"Luxembourg Centre for European Law (LCEL) I Uni.lu\",\"isPartOf\":{\"@id\":\"https:\/\/www.uni.lu\/lcel-de\/#website\"},\"datePublished\":\"2024-01-11T09:36:25+00:00\",\"dateModified\":\"2026-01-29T14:44:09+00:00\",\"description\":\"Das Luxembourg Centre for European Law (LCEL) ist das neue interdisziplin\u00e4re Zentrum der Universit\u00e4t Luxemburg.\",\"breadcrumb\":{\"@id\":\"https:\/\/www.uni.lu\/lcel-de\/#breadcrumb\"},\"inLanguage\":\"de-DE\",\"potentialAction\":[{\"@type\":\"ReadAction\",\"target\":[\"https:\/\/www.uni.lu\/lcel-de\/\"]}]},{\"@type\":\"BreadcrumbList\",\"@id\":\"https:\/\/www.uni.lu\/lcel-de\/#breadcrumb\",\"itemListElement\":[{\"@type\":\"ListItem\",\"position\":1,\"name\":\"Home\",\"item\":\"https:\/\/www.uni.lu\/de\"},{\"@type\":\"ListItem\",\"position\":2,\"name\":\"Luxembourg Centre for European Law (LCEL)\",\"item\":\"https:\/\/www.uni.lu\/lcel-de\/\"},{\"@type\":\"ListItem\",\"position\":3,\"name\":\"Luxembourg Centre for European Law (LCEL)\"}]},{\"@type\":\"WebSite\",\"@id\":\"https:\/\/www.uni.lu\/lcel-de\/#website\",\"url\":\"https:\/\/www.uni.lu\/lcel-de\/\",\"name\":\"LCEL\",\"description\":\"Luxembourg Centre for European Law I Uni.lu\",\"alternateName\":\"Luxembourg Centre for European Law I Universit\u00e4t Luxemburg\",\"potentialAction\":[{\"@type\":\"SearchAction\",\"target\":{\"@type\":\"EntryPoint\",\"urlTemplate\":\"https:\/\/www.uni.lu\/lcel-de\/?s={search_term_string}\"},\"query-input\":\"required name=search_term_string\"}],\"inLanguage\":\"de-DE\"}]}<\/script>\n<!-- \/ Yoast SEO Premium plugin. -->","yoast_head_json":{"title":"Luxembourg Centre for European Law (LCEL) I Uni.lu","description":"Das Luxembourg Centre for European Law (LCEL) ist das neue interdisziplin\u00e4re Zentrum der Universit\u00e4t Luxemburg.","robots":{"index":"index","follow":"follow","max-snippet":"max-snippet:-1","max-image-preview":"max-image-preview:large","max-video-preview":"max-video-preview:-1"},"canonical":"https:\/\/www.uni.lu\/lcel-de\/","og_locale":"de_DE","og_type":"article","og_title":"Luxembourg Centre for European Law (LCEL)","og_description":"Das Luxembourg Centre for European Law (LCEL) ist das neue interdisziplin\u00e4re Zentrum der Universit\u00e4t Luxemburg.","og_url":"https:\/\/www.uni.lu\/lcel-de\/","og_site_name":"LCEL DE","article_modified_time":"2026-01-29T14:44:09+00:00","twitter_card":"summary_large_image","twitter_misc":{"Gesch\u00e4tzte Lesezeit":"1 Minute"},"schema":{"@context":"https:\/\/schema.org","@graph":[{"@type":"WebPage","@id":"https:\/\/www.uni.lu\/lcel-de\/","url":"https:\/\/www.uni.lu\/lcel-de\/","name":"Luxembourg Centre for European Law (LCEL) I Uni.lu","isPartOf":{"@id":"https:\/\/www.uni.lu\/lcel-de\/#website"},"datePublished":"2024-01-11T09:36:25+00:00","dateModified":"2026-01-29T14:44:09+00:00","description":"Das Luxembourg Centre for European Law (LCEL) ist das neue interdisziplin\u00e4re Zentrum der Universit\u00e4t Luxemburg.","breadcrumb":{"@id":"https:\/\/www.uni.lu\/lcel-de\/#breadcrumb"},"inLanguage":"de-DE","potentialAction":[{"@type":"ReadAction","target":["https:\/\/www.uni.lu\/lcel-de\/"]}]},{"@type":"BreadcrumbList","@id":"https:\/\/www.uni.lu\/lcel-de\/#breadcrumb","itemListElement":[{"@type":"ListItem","position":1,"name":"Home","item":"https:\/\/www.uni.lu\/de"},{"@type":"ListItem","position":2,"name":"Luxembourg Centre for European Law (LCEL)","item":"https:\/\/www.uni.lu\/lcel-de\/"},{"@type":"ListItem","position":3,"name":"Luxembourg Centre for European Law (LCEL)"}]},{"@type":"WebSite","@id":"https:\/\/www.uni.lu\/lcel-de\/#website","url":"https:\/\/www.uni.lu\/lcel-de\/","name":"LCEL","description":"Luxembourg Centre for European Law I Uni.lu","alternateName":"Luxembourg Centre for European Law I Universit\u00e4t Luxemburg","potentialAction":[{"@type":"SearchAction","target":{"@type":"EntryPoint","urlTemplate":"https:\/\/www.uni.lu\/lcel-de\/?s={search_term_string}"},"query-input":"required name=search_term_string"}],"inLanguage":"de-DE"}]}},"ticketed":false,"_links":{"self":[{"href":"https:\/\/www.uni.lu\/lcel-de\/wp-json\/wp\/v2\/pages\/7"}],"collection":[{"href":"https:\/\/www.uni.lu\/lcel-de\/wp-json\/wp\/v2\/pages"}],"about":[{"href":"https:\/\/www.uni.lu\/lcel-de\/wp-json\/wp\/v2\/types\/page"}],"author":[{"embeddable":true,"href":"https:\/\/www.uni.lu\/lcel-de\/wp-json\/wp\/v2\/users\/125"}],"replies":[{"embeddable":true,"href":"https:\/\/www.uni.lu\/lcel-de\/wp-json\/wp\/v2\/comments?post=7"}],"version-history":[{"count":4,"href":"https:\/\/www.uni.lu\/lcel-de\/wp-json\/wp\/v2\/pages\/7\/revisions"}],"predecessor-version":[{"id":110,"href":"https:\/\/www.uni.lu\/lcel-de\/wp-json\/wp\/v2\/pages\/7\/revisions\/110"}],"wp:authorship":[{"embeddable":true,"href":"https:\/\/www.uni.lu\/lcel-de\/wp-json\/wp\/v2\/users\/34"},{"embeddable":true,"href":"https:\/\/www.uni.lu\/lcel-de\/wp-json\/wp\/v2\/users\/125"}],"wp:attachment":[{"href":"https:\/\/www.uni.lu\/lcel-de\/wp-json\/wp\/v2\/media?parent=7"}],"wp:term":[{"taxonomy":"field-of-interest","embeddable":true,"href":"https:\/\/www.uni.lu\/lcel-de\/wp-json\/wp\/v2\/field-of-interest?post=7"},{"taxonomy":"organisation","embeddable":true,"href":"https:\/\/www.uni.lu\/lcel-de\/wp-json\/wp\/v2\/organisation?post=7"}],"curies":[{"name":"wp","href":"https:\/\/api.w.org\/{rel}","templated":true}]}}