{"id":1281,"date":"2024-01-12T14:37:15","date_gmt":"2024-01-12T13:37:15","guid":{"rendered":"https:\/\/www.uni.lu\/fstm-fr\/?page_id=1281"},"modified":"2026-03-03T11:17:56","modified_gmt":"2026-03-03T10:17:56","slug":"fstm-fr","status":"publish","type":"page","link":"https:\/\/www.uni.lu\/fstm-fr\/","title":{"rendered":"Facult\u00e9 des Sciences, des Technologies et de M\u00e9decine (FSTM)"},"content":{"rendered":"\n<section class=\"section no-padding-y wp-block-unilux-blocks-hero\">\n    <div class=\"hero hero--2  \">\n        \n<header class=\"wp-block-unilux-blocks-wrapper hero__header\">\n<div class=\"wp-block-unilux-blocks-wrapper hero__container\">\n<span class=\"hero__title__subject wp-block-unilux-blocks-plain-text\"><\/span>\n\n\n<h1 class=\"has-text-align-left wp-block-unilux-blocks-heading\"        id=\"bienvenue-a-la-faculte-des-sciences-des-technologies-et-de-medecine\"\n    >\nBienvenue \u00e0 la Facult\u00e9 des Sciences, des Technologies et de M\u00e9decine<\/h1>\n<\/div>\n<\/header>\n<figure class=\"wp-block-dev4-reusable-blocks-image hero__visual object-fit--cover\">\n    \n<img decoding=\"async\" class=\"wp-block-image unilux-custom-image-block\"\n                alt=\"\"\n            src=\"https:\/\/www.uni.lu\/wp-content\/uploads\/sites\/20\/2024\/01\/FSTM_page-daccueil.jpg\"\n                srcset=\"https:\/\/www.uni.lu\/wp-content\/uploads\/sites\/20\/2024\/01\/FSTM_page-daccueil-300x200.jpg 300w, https:\/\/www.uni.lu\/wp-content\/uploads\/sites\/20\/2024\/01\/FSTM_page-daccueil-1024x682.jpg 1024w, https:\/\/www.uni.lu\/wp-content\/uploads\/sites\/20\/2024\/01\/FSTM_page-daccueil-768x512.jpg 768w, https:\/\/www.uni.lu\/wp-content\/uploads\/sites\/20\/2024\/01\/FSTM_page-daccueil-1536x1024.jpg 1536w, https:\/\/www.uni.lu\/wp-content\/uploads\/sites\/20\/2024\/01\/FSTM_page-daccueil.jpg 2000w\"\n                style=\"object-position: 50.00% 50.00%; font-family: &quot;object-fit: cover; object-position: 50.00% 50.00%;&quot;; aspect-ratio: 16\/9; object-fit: cover; width: 100%;\"\n        loading=\"lazy\"\n\/>    <\/figure>\n<div class=\"wp-block-unilux-blocks-wrapper hero__body\">\n<div class=\"wp-block-unilux-blocks-wrapper hero__container\">\n<p class=\"wp-block-unilux-blocks-plain-text\">La Facult\u00e9 des Sciences, des Technologies et de M\u00e9decine (FSTM) contribue \u00e0 l&rsquo;expertise multidisciplinaire dans les domaines des math\u00e9matiques, de la physique, de l&rsquo;ing\u00e9nierie, de l&rsquo;informatique, des sciences de la vie et de la m\u00e9decine. Par sa triple mission d&rsquo;enseignement, de recherche et de service \u00e0 la soci\u00e9t\u00e9, la FSTM cherche \u00e0 g\u00e9n\u00e9rer et \u00e0 diffuser des connaissances ainsi qu&rsquo;\u00e0 former de nouvelles g\u00e9n\u00e9rations de citoyens responsables, afin de mieux comprendre, expliquer et faire progresser la soci\u00e9t\u00e9 et l&rsquo;environnement dans lesquels nous vivons.<\/p>\n\n\n<ul class=\"wp-block-unilux-blocks-custom-buttons btn-list\"><li class=\"wp-block-unilux-blocks-custom-button\"    aria-disabled=\"false\"\n    >\n    <a\n        role=\"link\"\n        aria-disabled=\"false\"\n                    href=\"https:\/\/www.uni.lu\/fstm-en\/\"\n                target=\"_self\"\n        class=\"btn btn--primary\"\n            >aller sur le site en anglais<\/a>\n<\/li>\n\n\n<\/ul>\n<\/div>\n<\/div>\n    <\/div>\n<\/section>","protected":false},"excerpt":{"rendered":"","protected":false},"author":39,"featured_media":3761,"parent":0,"menu_order":1,"comment_status":"closed","ping_status":"closed","template":"","meta":{"featured_image_focal_point":[],"show_featured_caption":false,"ulux_newsletter_groups":"","uluxPostTitle":"Facult\u00e9 des Sciences, des Technologies et de M\u00e9decine (FSTM)","uluxPrePostTitle":"Facult\u00e9","_trash_the_other_posts":false,"_price":"","_stock":"","_tribe_ticket_header":"","_tribe_default_ticket_provider":"","_tribe_ticket_capacity":"0","_ticket_start_date":"","_ticket_end_date":"","_tribe_ticket_show_description":"","_tribe_ticket_show_not_going":false,"_tribe_ticket_use_global_stock":"","_tribe_ticket_global_stock_level":"","_global_stock_mode":"","_global_stock_cap":"","_tribe_rsvp_for_event":"","_tribe_ticket_going_count":"","_tribe_ticket_not_going_count":"","_tribe_tickets_list":"[]","_tribe_ticket_has_attendee_info_fields":false,"footnotes":""},"field-of-interest":[],"organisation":[],"authorship":[39],"acf":[],"yoast_head":"<!-- This site is optimized with the Yoast SEO Premium plugin v22.3 (Yoast SEO v22.3) - https:\/\/yoast.com\/wordpress\/plugins\/seo\/ -->\n<title>Facult\u00e9 des Sciences, des Technologies et de M\u00e9decine (FSTM) I Uni.lu<\/title>\n<meta name=\"description\" content=\"La Facult\u00e9 des Sciences, des Technologies et de M\u00e9decine contribue \u00e0 l&#039;expertise multidisciplinaire dans plusieurs domaines.\" \/>\n<meta name=\"robots\" content=\"index, follow, max-snippet:-1, max-image-preview:large, max-video-preview:-1\" \/>\n<link rel=\"canonical\" href=\"https:\/\/www.uni.lu\/fstm-fr\/\" \/>\n<meta property=\"og:locale\" content=\"fr_FR\" \/>\n<meta property=\"og:type\" content=\"article\" \/>\n<meta property=\"og:title\" content=\"Facult\u00e9 des Sciences, des Technologies et de M\u00e9decine (FSTM)\" \/>\n<meta property=\"og:description\" content=\"La Facult\u00e9 des Sciences, des Technologies et de M\u00e9decine contribue \u00e0 l&#039;expertise multidisciplinaire dans plusieurs domaines.\" \/>\n<meta property=\"og:url\" content=\"https:\/\/www.uni.lu\/fstm-fr\/\" \/>\n<meta property=\"og:site_name\" content=\"FSTM FR\" \/>\n<meta property=\"article:publisher\" content=\"https:\/\/www.facebook.com\/fstm.uni.lu\/\" \/>\n<meta property=\"article:modified_time\" content=\"2026-03-03T10:17:56+00:00\" \/>\n<meta property=\"og:image\" content=\"https:\/\/www.uni.lu\/wp-content\/uploads\/sites\/20\/2026\/03\/03111744\/FSTM_SM-Profile_1600x1600px-scaled.jpg\" \/>\n\t<meta property=\"og:image:width\" content=\"2560\" \/>\n\t<meta property=\"og:image:height\" content=\"2560\" \/>\n\t<meta property=\"og:image:type\" content=\"image\/jpeg\" \/>\n<meta name=\"twitter:card\" content=\"summary_large_image\" \/>\n<meta name=\"twitter:label1\" content=\"Dur\u00e9e de lecture estim\u00e9e\" \/>\n\t<meta name=\"twitter:data1\" content=\"1 minute\" \/>\n<script type=\"application\/ld+json\" class=\"yoast-schema-graph\">{\"@context\":\"https:\/\/schema.org\",\"@graph\":[{\"@type\":\"WebPage\",\"@id\":\"https:\/\/www.uni.lu\/fstm-fr\/\",\"url\":\"https:\/\/www.uni.lu\/fstm-fr\/\",\"name\":\"Facult\u00e9 des Sciences, des Technologies et de M\u00e9decine (FSTM) I Uni.lu\",\"isPartOf\":{\"@id\":\"https:\/\/www.uni.lu\/fstm-fr\/#website\"},\"primaryImageOfPage\":{\"@id\":\"https:\/\/www.uni.lu\/fstm-fr\/#primaryimage\"},\"image\":{\"@id\":\"https:\/\/www.uni.lu\/fstm-fr\/#primaryimage\"},\"thumbnailUrl\":\"https:\/\/www.uni.lu\/wp-content\/uploads\/sites\/20\/2026\/03\/03111744\/FSTM_SM-Profile_1600x1600px-scaled.jpg\",\"datePublished\":\"2024-01-12T13:37:15+00:00\",\"dateModified\":\"2026-03-03T10:17:56+00:00\",\"description\":\"La Facult\u00e9 des Sciences, des Technologies et de M\u00e9decine contribue \u00e0 l'expertise multidisciplinaire dans plusieurs domaines.\",\"breadcrumb\":{\"@id\":\"https:\/\/www.uni.lu\/fstm-fr\/#breadcrumb\"},\"inLanguage\":\"fr-FR\",\"potentialAction\":[{\"@type\":\"ReadAction\",\"target\":[\"https:\/\/www.uni.lu\/fstm-fr\/\"]}]},{\"@type\":\"ImageObject\",\"inLanguage\":\"fr-FR\",\"@id\":\"https:\/\/www.uni.lu\/fstm-fr\/#primaryimage\",\"url\":\"https:\/\/www.uni.lu\/wp-content\/uploads\/sites\/20\/2026\/03\/03111744\/FSTM_SM-Profile_1600x1600px-scaled.jpg\",\"contentUrl\":\"https:\/\/www.uni.lu\/wp-content\/uploads\/sites\/20\/2026\/03\/03111744\/FSTM_SM-Profile_1600x1600px-scaled.jpg\",\"width\":2560,\"height\":2560},{\"@type\":\"BreadcrumbList\",\"@id\":\"https:\/\/www.uni.lu\/fstm-fr\/#breadcrumb\",\"itemListElement\":[{\"@type\":\"ListItem\",\"position\":1,\"name\":\"Home\",\"item\":\"https:\/\/www.uni.lu\/fr\"},{\"@type\":\"ListItem\",\"position\":2,\"name\":\"Facult\u00e9 des Sciences, des Technologies et de M\u00e9decine\",\"item\":\"https:\/\/www.uni.lu\/fstm-fr\/\"},{\"@type\":\"ListItem\",\"position\":3,\"name\":\"Facult\u00e9 des Sciences, des Technologies et de M\u00e9decine (FSTM)\"}]},{\"@type\":\"WebSite\",\"@id\":\"https:\/\/www.uni.lu\/fstm-fr\/#website\",\"url\":\"https:\/\/www.uni.lu\/fstm-fr\/\",\"name\":\"FSTM\",\"description\":\"Facult\u00e9 des Sciences, des Technologies et de M\u00e9decine I Uni.lu\",\"publisher\":{\"@id\":\"https:\/\/www.uni.lu\/fstm-fr\/#organization\"},\"alternateName\":\"Facult\u00e9 des Sciences, des Technologies et de M\u00e9decine I Universit\u00e9 du Luxembourg\",\"potentialAction\":[{\"@type\":\"SearchAction\",\"target\":{\"@type\":\"EntryPoint\",\"urlTemplate\":\"https:\/\/www.uni.lu\/fstm-fr\/?s={search_term_string}\"},\"query-input\":\"required name=search_term_string\"}],\"inLanguage\":\"fr-FR\"},{\"@type\":\"Organization\",\"@id\":\"https:\/\/www.uni.lu\/fstm-fr\/#organization\",\"name\":\"FSTM - Universit\u00e9 du Luxembourg I Uni.lu\",\"alternateName\":\"Facult\u00e9 des Sciences, des Technologies et de M\u00e9decine\",\"url\":\"https:\/\/www.uni.lu\/fstm-fr\/\",\"logo\":{\"@type\":\"ImageObject\",\"inLanguage\":\"fr-FR\",\"@id\":\"https:\/\/www.uni.lu\/fstm-fr\/#\/schema\/logo\/image\/\",\"url\":\"https:\/\/www.uni.lu\/wp-content\/uploads\/sites\/20\/2026\/03\/03111744\/FSTM_SM-Profile_1600x1600px-scaled.jpg\",\"contentUrl\":\"https:\/\/www.uni.lu\/wp-content\/uploads\/sites\/20\/2026\/03\/03111744\/FSTM_SM-Profile_1600x1600px-scaled.jpg\",\"width\":2560,\"height\":2560,\"caption\":\"FSTM - Universit\u00e9 du Luxembourg I Uni.lu\"},\"image\":{\"@id\":\"https:\/\/www.uni.lu\/fstm-fr\/#\/schema\/logo\/image\/\"},\"sameAs\":[\"https:\/\/www.facebook.com\/fstm.uni.lu\/\",\"https:\/\/www.linkedin.com\/showcase\/fstm-uni-lu\"]}]}<\/script>\n<!-- \/ Yoast SEO Premium plugin. -->","yoast_head_json":{"title":"Facult\u00e9 des Sciences, des Technologies et de M\u00e9decine (FSTM) I Uni.lu","description":"La Facult\u00e9 des Sciences, des Technologies et de M\u00e9decine contribue \u00e0 l'expertise multidisciplinaire dans plusieurs domaines.","robots":{"index":"index","follow":"follow","max-snippet":"max-snippet:-1","max-image-preview":"max-image-preview:large","max-video-preview":"max-video-preview:-1"},"canonical":"https:\/\/www.uni.lu\/fstm-fr\/","og_locale":"fr_FR","og_type":"article","og_title":"Facult\u00e9 des Sciences, des Technologies et de M\u00e9decine (FSTM)","og_description":"La Facult\u00e9 des Sciences, des Technologies et de M\u00e9decine contribue \u00e0 l'expertise multidisciplinaire dans plusieurs domaines.","og_url":"https:\/\/www.uni.lu\/fstm-fr\/","og_site_name":"FSTM FR","article_publisher":"https:\/\/www.facebook.com\/fstm.uni.lu\/","article_modified_time":"2026-03-03T10:17:56+00:00","og_image":[{"width":2560,"height":2560,"url":"https:\/\/www.uni.lu\/wp-content\/uploads\/sites\/20\/2026\/03\/03111744\/FSTM_SM-Profile_1600x1600px-scaled.jpg","type":"image\/jpeg"}],"twitter_card":"summary_large_image","twitter_misc":{"Dur\u00e9e de lecture estim\u00e9e":"1 minute"},"schema":{"@context":"https:\/\/schema.org","@graph":[{"@type":"WebPage","@id":"https:\/\/www.uni.lu\/fstm-fr\/","url":"https:\/\/www.uni.lu\/fstm-fr\/","name":"Facult\u00e9 des Sciences, des Technologies et de M\u00e9decine (FSTM) I Uni.lu","isPartOf":{"@id":"https:\/\/www.uni.lu\/fstm-fr\/#website"},"primaryImageOfPage":{"@id":"https:\/\/www.uni.lu\/fstm-fr\/#primaryimage"},"image":{"@id":"https:\/\/www.uni.lu\/fstm-fr\/#primaryimage"},"thumbnailUrl":"https:\/\/www.uni.lu\/wp-content\/uploads\/sites\/20\/2026\/03\/03111744\/FSTM_SM-Profile_1600x1600px-scaled.jpg","datePublished":"2024-01-12T13:37:15+00:00","dateModified":"2026-03-03T10:17:56+00:00","description":"La Facult\u00e9 des Sciences, des Technologies et de M\u00e9decine contribue \u00e0 l'expertise multidisciplinaire dans plusieurs domaines.","breadcrumb":{"@id":"https:\/\/www.uni.lu\/fstm-fr\/#breadcrumb"},"inLanguage":"fr-FR","potentialAction":[{"@type":"ReadAction","target":["https:\/\/www.uni.lu\/fstm-fr\/"]}]},{"@type":"ImageObject","inLanguage":"fr-FR","@id":"https:\/\/www.uni.lu\/fstm-fr\/#primaryimage","url":"https:\/\/www.uni.lu\/wp-content\/uploads\/sites\/20\/2026\/03\/03111744\/FSTM_SM-Profile_1600x1600px-scaled.jpg","contentUrl":"https:\/\/www.uni.lu\/wp-content\/uploads\/sites\/20\/2026\/03\/03111744\/FSTM_SM-Profile_1600x1600px-scaled.jpg","width":2560,"height":2560},{"@type":"BreadcrumbList","@id":"https:\/\/www.uni.lu\/fstm-fr\/#breadcrumb","itemListElement":[{"@type":"ListItem","position":1,"name":"Home","item":"https:\/\/www.uni.lu\/fr"},{"@type":"ListItem","position":2,"name":"Facult\u00e9 des Sciences, des Technologies et de M\u00e9decine","item":"https:\/\/www.uni.lu\/fstm-fr\/"},{"@type":"ListItem","position":3,"name":"Facult\u00e9 des Sciences, des Technologies et de M\u00e9decine (FSTM)"}]},{"@type":"WebSite","@id":"https:\/\/www.uni.lu\/fstm-fr\/#website","url":"https:\/\/www.uni.lu\/fstm-fr\/","name":"FSTM","description":"Facult\u00e9 des Sciences, des Technologies et de M\u00e9decine I Uni.lu","publisher":{"@id":"https:\/\/www.uni.lu\/fstm-fr\/#organization"},"alternateName":"Facult\u00e9 des Sciences, des Technologies et de M\u00e9decine I Universit\u00e9 du Luxembourg","potentialAction":[{"@type":"SearchAction","target":{"@type":"EntryPoint","urlTemplate":"https:\/\/www.uni.lu\/fstm-fr\/?s={search_term_string}"},"query-input":"required name=search_term_string"}],"inLanguage":"fr-FR"},{"@type":"Organization","@id":"https:\/\/www.uni.lu\/fstm-fr\/#organization","name":"FSTM - Universit\u00e9 du Luxembourg I Uni.lu","alternateName":"Facult\u00e9 des Sciences, des Technologies et de M\u00e9decine","url":"https:\/\/www.uni.lu\/fstm-fr\/","logo":{"@type":"ImageObject","inLanguage":"fr-FR","@id":"https:\/\/www.uni.lu\/fstm-fr\/#\/schema\/logo\/image\/","url":"https:\/\/www.uni.lu\/wp-content\/uploads\/sites\/20\/2026\/03\/03111744\/FSTM_SM-Profile_1600x1600px-scaled.jpg","contentUrl":"https:\/\/www.uni.lu\/wp-content\/uploads\/sites\/20\/2026\/03\/03111744\/FSTM_SM-Profile_1600x1600px-scaled.jpg","width":2560,"height":2560,"caption":"FSTM - Universit\u00e9 du Luxembourg I Uni.lu"},"image":{"@id":"https:\/\/www.uni.lu\/fstm-fr\/#\/schema\/logo\/image\/"},"sameAs":["https:\/\/www.facebook.com\/fstm.uni.lu\/","https:\/\/www.linkedin.com\/showcase\/fstm-uni-lu"]}]}},"ticketed":false,"_links":{"self":[{"href":"https:\/\/www.uni.lu\/fstm-fr\/wp-json\/wp\/v2\/pages\/1281"}],"collection":[{"href":"https:\/\/www.uni.lu\/fstm-fr\/wp-json\/wp\/v2\/pages"}],"about":[{"href":"https:\/\/www.uni.lu\/fstm-fr\/wp-json\/wp\/v2\/types\/page"}],"author":[{"embeddable":true,"href":"https:\/\/www.uni.lu\/fstm-fr\/wp-json\/wp\/v2\/users\/39"}],"replies":[{"embeddable":true,"href":"https:\/\/www.uni.lu\/fstm-fr\/wp-json\/wp\/v2\/comments?post=1281"}],"version-history":[{"count":2,"href":"https:\/\/www.uni.lu\/fstm-fr\/wp-json\/wp\/v2\/pages\/1281\/revisions"}],"predecessor-version":[{"id":2602,"href":"https:\/\/www.uni.lu\/fstm-fr\/wp-json\/wp\/v2\/pages\/1281\/revisions\/2602"}],"wp:authorship":[{"embeddable":true,"href":"https:\/\/www.uni.lu\/fstm-fr\/wp-json\/wp\/v2\/users\/39"}],"wp:featuredmedia":[{"embeddable":true,"href":"https:\/\/www.uni.lu\/fstm-fr\/wp-json\/wp\/v2\/media\/3761"}],"wp:attachment":[{"href":"https:\/\/www.uni.lu\/fstm-fr\/wp-json\/wp\/v2\/media?parent=1281"}],"wp:term":[{"taxonomy":"field-of-interest","embeddable":true,"href":"https:\/\/www.uni.lu\/fstm-fr\/wp-json\/wp\/v2\/field-of-interest?post=1281"},{"taxonomy":"organisation","embeddable":true,"href":"https:\/\/www.uni.lu\/fstm-fr\/wp-json\/wp\/v2\/organisation?post=1281"}],"curies":[{"name":"wp","href":"https:\/\/api.w.org\/{rel}","templated":true}]}}