{"id":96,"date":"2024-01-12T14:33:33","date_gmt":"2024-01-12T13:33:33","guid":{"rendered":"https:\/\/www.uni.lu\/fstm-de\/?page_id=96"},"modified":"2026-03-03T11:18:33","modified_gmt":"2026-03-03T10:18:33","slug":"fstm-de","status":"publish","type":"page","link":"https:\/\/www.uni.lu\/fstm-de\/","title":{"rendered":"Fakult\u00e4t f\u00fcr Naturwissenschaften, Technologie und Medizin (FSTM)"},"content":{"rendered":"\n<section class=\"section no-padding-y wp-block-unilux-blocks-hero\">\n    <div class=\"hero hero--2  \">\n        \n<header class=\"wp-block-unilux-blocks-wrapper hero__header\">\n<div class=\"wp-block-unilux-blocks-wrapper hero__container\">\n<span class=\"hero__title__subject wp-block-unilux-blocks-plain-text\"><\/span>\n\n\n<h1 class=\"has-text-align-left wp-block-unilux-blocks-heading\"        id=\"welcome-to-the-faculty-of-science-technology-and-medicine\"\n    >\nWelcome to the Faculty of Science, Technology and Medicine<\/h1>\n<\/div>\n<\/header>\n<figure class=\"wp-block-dev4-reusable-blocks-image hero__visual object-fit--cover\">\n    \n<img decoding=\"async\" class=\"wp-block-image unilux-custom-image-block\"\n                alt=\"\"\n            src=\"https:\/\/www.uni.lu\/wp-content\/uploads\/sites\/19\/2024\/01\/FSTM_Startseite.jpg\"\n                srcset=\"https:\/\/www.uni.lu\/wp-content\/uploads\/sites\/19\/2024\/01\/FSTM_Startseite-300x200.jpg 300w, https:\/\/www.uni.lu\/wp-content\/uploads\/sites\/19\/2024\/01\/FSTM_Startseite-1024x682.jpg 1024w, https:\/\/www.uni.lu\/wp-content\/uploads\/sites\/19\/2024\/01\/FSTM_Startseite-768x512.jpg 768w, https:\/\/www.uni.lu\/wp-content\/uploads\/sites\/19\/2024\/01\/FSTM_Startseite-1536x1024.jpg 1536w, https:\/\/www.uni.lu\/wp-content\/uploads\/sites\/19\/2024\/01\/FSTM_Startseite.jpg 2000w\"\n                style=\"object-position: 50.00% 50.00%; font-family: &quot;object-fit: cover; object-position: 50.00% 50.00%;&quot;; aspect-ratio: 16\/9; object-fit: cover; width: 100%;\"\n        loading=\"lazy\"\n\/>    <\/figure>\n<div class=\"wp-block-unilux-blocks-wrapper hero__body\">\n<div class=\"wp-block-unilux-blocks-wrapper hero__container\">\n<p class=\"wp-block-unilux-blocks-plain-text\">The Faculty of Science, Technology and Medicine (FSTM) contributes to the multidisciplinary expertise in the fields of Mathematics, Physics, Engineering, Computer Science, Life Sciences and Medicine. Through its triple mission of teaching, research and service to the society, the FSTM seeks to generate and disseminate knowledge as well as train new generations of responsible citizens, in order to better understand, explain and advance the society and environment we live in. <\/p>\n\n\n<ul class=\"wp-block-unilux-blocks-custom-buttons btn-list\"><li class=\"wp-block-unilux-blocks-custom-button\"    aria-disabled=\"false\"\n    >\n    <a\n        role=\"link\"\n        aria-disabled=\"false\"\n                    href=\"https:\/\/www.uni.lu\/fstm-en\/\"\n                target=\"_self\"\n        class=\"btn btn--primary\"\n            >zur englischen Website gehen<\/a>\n<\/li>\n\n\n<\/ul>\n<\/div>\n<\/div>\n    <\/div>\n<\/section>","protected":false},"excerpt":{"rendered":"","protected":false},"author":39,"featured_media":309,"parent":0,"menu_order":1,"comment_status":"closed","ping_status":"closed","template":"","meta":{"featured_image_focal_point":[],"show_featured_caption":false,"ulux_newsletter_groups":"","uluxPostTitle":"Fakult\u00e4t f\u00fcr Naturwissenschaften, Technologie und Medizin (FSTM)","uluxPrePostTitle":"Fakult\u00e4t","_trash_the_other_posts":false,"_price":"","_stock":"","_tribe_ticket_header":"","_tribe_default_ticket_provider":"","_tribe_ticket_capacity":"0","_ticket_start_date":"","_ticket_end_date":"","_tribe_ticket_show_description":"","_tribe_ticket_show_not_going":false,"_tribe_ticket_use_global_stock":"","_tribe_ticket_global_stock_level":"","_global_stock_mode":"","_global_stock_cap":"","_tribe_rsvp_for_event":"","_tribe_ticket_going_count":"","_tribe_ticket_not_going_count":"","_tribe_tickets_list":"[]","_tribe_ticket_has_attendee_info_fields":false,"footnotes":""},"field-of-interest":[],"organisation":[],"authorship":[39],"acf":[],"yoast_head":"<!-- This site is optimized with the Yoast SEO Premium plugin v22.3 (Yoast SEO v22.3) - https:\/\/yoast.com\/wordpress\/plugins\/seo\/ -->\n<title>Fakult\u00e4t f\u00fcr Naturwissenschaften, Technologie und Medizin (FSTM) I Uni.lu<\/title>\n<meta name=\"robots\" content=\"index, follow, max-snippet:-1, max-image-preview:large, max-video-preview:-1\" \/>\n<link rel=\"canonical\" href=\"https:\/\/www.uni.lu\/fstm-de\/\" \/>\n<meta property=\"og:locale\" content=\"de_DE\" \/>\n<meta property=\"og:type\" content=\"article\" \/>\n<meta property=\"og:title\" content=\"Fakult\u00e4t f\u00fcr Naturwissenschaften, Technologie und Medizin (FSTM)\" \/>\n<meta property=\"og:url\" content=\"https:\/\/www.uni.lu\/fstm-de\/\" \/>\n<meta property=\"og:site_name\" content=\"FSTM DE\" \/>\n<meta property=\"article:publisher\" content=\"https:\/\/www.facebook.com\/fstm.uni.lu\/\" \/>\n<meta property=\"article:modified_time\" content=\"2026-03-03T10:18:33+00:00\" \/>\n<meta property=\"og:image\" content=\"https:\/\/www.uni.lu\/wp-content\/uploads\/sites\/19\/2026\/03\/03111827\/FSTM_SM-Profile_1600x1600px-scaled.jpg\" \/>\n\t<meta property=\"og:image:width\" content=\"2560\" \/>\n\t<meta property=\"og:image:height\" content=\"2560\" \/>\n\t<meta property=\"og:image:type\" content=\"image\/jpeg\" \/>\n<meta name=\"twitter:card\" content=\"summary_large_image\" \/>\n<meta name=\"twitter:label1\" content=\"Gesch\u00e4tzte Lesezeit\" \/>\n\t<meta name=\"twitter:data1\" content=\"1 Minute\" \/>\n<script type=\"application\/ld+json\" class=\"yoast-schema-graph\">{\"@context\":\"https:\/\/schema.org\",\"@graph\":[{\"@type\":\"WebPage\",\"@id\":\"https:\/\/www.uni.lu\/fstm-de\/\",\"url\":\"https:\/\/www.uni.lu\/fstm-de\/\",\"name\":\"Fakult\u00e4t f\u00fcr Naturwissenschaften, Technologie und Medizin (FSTM) I Uni.lu\",\"isPartOf\":{\"@id\":\"https:\/\/www.uni.lu\/fstm-de\/#website\"},\"primaryImageOfPage\":{\"@id\":\"https:\/\/www.uni.lu\/fstm-de\/#primaryimage\"},\"image\":{\"@id\":\"https:\/\/www.uni.lu\/fstm-de\/#primaryimage\"},\"thumbnailUrl\":\"https:\/\/www.uni.lu\/wp-content\/uploads\/sites\/19\/2026\/03\/03111827\/FSTM_SM-Profile_1600x1600px-scaled.jpg\",\"datePublished\":\"2024-01-12T13:33:33+00:00\",\"dateModified\":\"2026-03-03T10:18:33+00:00\",\"breadcrumb\":{\"@id\":\"https:\/\/www.uni.lu\/fstm-de\/#breadcrumb\"},\"inLanguage\":\"de-DE\",\"potentialAction\":[{\"@type\":\"ReadAction\",\"target\":[\"https:\/\/www.uni.lu\/fstm-de\/\"]}]},{\"@type\":\"ImageObject\",\"inLanguage\":\"de-DE\",\"@id\":\"https:\/\/www.uni.lu\/fstm-de\/#primaryimage\",\"url\":\"https:\/\/www.uni.lu\/wp-content\/uploads\/sites\/19\/2026\/03\/03111827\/FSTM_SM-Profile_1600x1600px-scaled.jpg\",\"contentUrl\":\"https:\/\/www.uni.lu\/wp-content\/uploads\/sites\/19\/2026\/03\/03111827\/FSTM_SM-Profile_1600x1600px-scaled.jpg\",\"width\":2560,\"height\":2560},{\"@type\":\"BreadcrumbList\",\"@id\":\"https:\/\/www.uni.lu\/fstm-de\/#breadcrumb\",\"itemListElement\":[{\"@type\":\"ListItem\",\"position\":1,\"name\":\"Home\",\"item\":\"https:\/\/www.uni.lu\/de\"},{\"@type\":\"ListItem\",\"position\":2,\"name\":\"Fakult\u00e4t f\u00fcr Naturwissenschaften, Technologie und Medizin\",\"item\":\"https:\/\/www.uni.lu\/fstm-de\/\"},{\"@type\":\"ListItem\",\"position\":3,\"name\":\"Fakult\u00e4t f\u00fcr Naturwissenschaften, Technologie und Medizin (FSTM)\"}]},{\"@type\":\"WebSite\",\"@id\":\"https:\/\/www.uni.lu\/fstm-de\/#website\",\"url\":\"https:\/\/www.uni.lu\/fstm-de\/\",\"name\":\"FSTM\",\"description\":\"Fakult\u00e4t f\u00fcr Naturwissenschaften, Technologie und Medizin I Uni.lu\",\"publisher\":{\"@id\":\"https:\/\/www.uni.lu\/fstm-de\/#organization\"},\"alternateName\":\"Fakult\u00e4t f\u00fcr Naturwissenschaften, Technologie und Medizin I Universit\u00e4t Luxemburg\",\"potentialAction\":[{\"@type\":\"SearchAction\",\"target\":{\"@type\":\"EntryPoint\",\"urlTemplate\":\"https:\/\/www.uni.lu\/fstm-de\/?s={search_term_string}\"},\"query-input\":\"required name=search_term_string\"}],\"inLanguage\":\"de-DE\"},{\"@type\":\"Organization\",\"@id\":\"https:\/\/www.uni.lu\/fstm-de\/#organization\",\"name\":\"FSTM - Universit\u00e4t Luxemburg I Uni.lu\",\"alternateName\":\"Fakult\u00e4t f\u00fcr Naturwissenschaften, Technologie und Medizin\",\"url\":\"https:\/\/www.uni.lu\/fstm-de\/\",\"logo\":{\"@type\":\"ImageObject\",\"inLanguage\":\"de-DE\",\"@id\":\"https:\/\/www.uni.lu\/fstm-de\/#\/schema\/logo\/image\/\",\"url\":\"https:\/\/www.uni.lu\/wp-content\/uploads\/sites\/19\/2026\/03\/03111827\/FSTM_SM-Profile_1600x1600px-scaled.jpg\",\"contentUrl\":\"https:\/\/www.uni.lu\/wp-content\/uploads\/sites\/19\/2026\/03\/03111827\/FSTM_SM-Profile_1600x1600px-scaled.jpg\",\"width\":2560,\"height\":2560,\"caption\":\"FSTM - Universit\u00e4t Luxemburg I Uni.lu\"},\"image\":{\"@id\":\"https:\/\/www.uni.lu\/fstm-de\/#\/schema\/logo\/image\/\"},\"sameAs\":[\"https:\/\/www.facebook.com\/fstm.uni.lu\/\",\"https:\/\/www.linkedin.com\/showcase\/fstm-uni-lu\"]}]}<\/script>\n<!-- \/ Yoast SEO Premium plugin. -->","yoast_head_json":{"title":"Fakult\u00e4t f\u00fcr Naturwissenschaften, Technologie und Medizin (FSTM) I Uni.lu","robots":{"index":"index","follow":"follow","max-snippet":"max-snippet:-1","max-image-preview":"max-image-preview:large","max-video-preview":"max-video-preview:-1"},"canonical":"https:\/\/www.uni.lu\/fstm-de\/","og_locale":"de_DE","og_type":"article","og_title":"Fakult\u00e4t f\u00fcr Naturwissenschaften, Technologie und Medizin (FSTM)","og_url":"https:\/\/www.uni.lu\/fstm-de\/","og_site_name":"FSTM DE","article_publisher":"https:\/\/www.facebook.com\/fstm.uni.lu\/","article_modified_time":"2026-03-03T10:18:33+00:00","og_image":[{"width":2560,"height":2560,"url":"https:\/\/www.uni.lu\/wp-content\/uploads\/sites\/19\/2026\/03\/03111827\/FSTM_SM-Profile_1600x1600px-scaled.jpg","type":"image\/jpeg"}],"twitter_card":"summary_large_image","twitter_misc":{"Gesch\u00e4tzte Lesezeit":"1 Minute"},"schema":{"@context":"https:\/\/schema.org","@graph":[{"@type":"WebPage","@id":"https:\/\/www.uni.lu\/fstm-de\/","url":"https:\/\/www.uni.lu\/fstm-de\/","name":"Fakult\u00e4t f\u00fcr Naturwissenschaften, Technologie und Medizin (FSTM) I Uni.lu","isPartOf":{"@id":"https:\/\/www.uni.lu\/fstm-de\/#website"},"primaryImageOfPage":{"@id":"https:\/\/www.uni.lu\/fstm-de\/#primaryimage"},"image":{"@id":"https:\/\/www.uni.lu\/fstm-de\/#primaryimage"},"thumbnailUrl":"https:\/\/www.uni.lu\/wp-content\/uploads\/sites\/19\/2026\/03\/03111827\/FSTM_SM-Profile_1600x1600px-scaled.jpg","datePublished":"2024-01-12T13:33:33+00:00","dateModified":"2026-03-03T10:18:33+00:00","breadcrumb":{"@id":"https:\/\/www.uni.lu\/fstm-de\/#breadcrumb"},"inLanguage":"de-DE","potentialAction":[{"@type":"ReadAction","target":["https:\/\/www.uni.lu\/fstm-de\/"]}]},{"@type":"ImageObject","inLanguage":"de-DE","@id":"https:\/\/www.uni.lu\/fstm-de\/#primaryimage","url":"https:\/\/www.uni.lu\/wp-content\/uploads\/sites\/19\/2026\/03\/03111827\/FSTM_SM-Profile_1600x1600px-scaled.jpg","contentUrl":"https:\/\/www.uni.lu\/wp-content\/uploads\/sites\/19\/2026\/03\/03111827\/FSTM_SM-Profile_1600x1600px-scaled.jpg","width":2560,"height":2560},{"@type":"BreadcrumbList","@id":"https:\/\/www.uni.lu\/fstm-de\/#breadcrumb","itemListElement":[{"@type":"ListItem","position":1,"name":"Home","item":"https:\/\/www.uni.lu\/de"},{"@type":"ListItem","position":2,"name":"Fakult\u00e4t f\u00fcr Naturwissenschaften, Technologie und Medizin","item":"https:\/\/www.uni.lu\/fstm-de\/"},{"@type":"ListItem","position":3,"name":"Fakult\u00e4t f\u00fcr Naturwissenschaften, Technologie und Medizin (FSTM)"}]},{"@type":"WebSite","@id":"https:\/\/www.uni.lu\/fstm-de\/#website","url":"https:\/\/www.uni.lu\/fstm-de\/","name":"FSTM","description":"Fakult\u00e4t f\u00fcr Naturwissenschaften, Technologie und Medizin I Uni.lu","publisher":{"@id":"https:\/\/www.uni.lu\/fstm-de\/#organization"},"alternateName":"Fakult\u00e4t f\u00fcr Naturwissenschaften, Technologie und Medizin I Universit\u00e4t Luxemburg","potentialAction":[{"@type":"SearchAction","target":{"@type":"EntryPoint","urlTemplate":"https:\/\/www.uni.lu\/fstm-de\/?s={search_term_string}"},"query-input":"required name=search_term_string"}],"inLanguage":"de-DE"},{"@type":"Organization","@id":"https:\/\/www.uni.lu\/fstm-de\/#organization","name":"FSTM - Universit\u00e4t Luxemburg I Uni.lu","alternateName":"Fakult\u00e4t f\u00fcr Naturwissenschaften, Technologie und Medizin","url":"https:\/\/www.uni.lu\/fstm-de\/","logo":{"@type":"ImageObject","inLanguage":"de-DE","@id":"https:\/\/www.uni.lu\/fstm-de\/#\/schema\/logo\/image\/","url":"https:\/\/www.uni.lu\/wp-content\/uploads\/sites\/19\/2026\/03\/03111827\/FSTM_SM-Profile_1600x1600px-scaled.jpg","contentUrl":"https:\/\/www.uni.lu\/wp-content\/uploads\/sites\/19\/2026\/03\/03111827\/FSTM_SM-Profile_1600x1600px-scaled.jpg","width":2560,"height":2560,"caption":"FSTM - Universit\u00e4t Luxemburg I Uni.lu"},"image":{"@id":"https:\/\/www.uni.lu\/fstm-de\/#\/schema\/logo\/image\/"},"sameAs":["https:\/\/www.facebook.com\/fstm.uni.lu\/","https:\/\/www.linkedin.com\/showcase\/fstm-uni-lu"]}]}},"ticketed":false,"_links":{"self":[{"href":"https:\/\/www.uni.lu\/fstm-de\/wp-json\/wp\/v2\/pages\/96"}],"collection":[{"href":"https:\/\/www.uni.lu\/fstm-de\/wp-json\/wp\/v2\/pages"}],"about":[{"href":"https:\/\/www.uni.lu\/fstm-de\/wp-json\/wp\/v2\/types\/page"}],"author":[{"embeddable":true,"href":"https:\/\/www.uni.lu\/fstm-de\/wp-json\/wp\/v2\/users\/39"}],"replies":[{"embeddable":true,"href":"https:\/\/www.uni.lu\/fstm-de\/wp-json\/wp\/v2\/comments?post=96"}],"version-history":[{"count":1,"href":"https:\/\/www.uni.lu\/fstm-de\/wp-json\/wp\/v2\/pages\/96\/revisions"}],"predecessor-version":[{"id":99,"href":"https:\/\/www.uni.lu\/fstm-de\/wp-json\/wp\/v2\/pages\/96\/revisions\/99"}],"wp:authorship":[{"embeddable":true,"href":"https:\/\/www.uni.lu\/fstm-de\/wp-json\/wp\/v2\/users\/39"}],"wp:featuredmedia":[{"embeddable":true,"href":"https:\/\/www.uni.lu\/fstm-de\/wp-json\/wp\/v2\/media\/309"}],"wp:attachment":[{"href":"https:\/\/www.uni.lu\/fstm-de\/wp-json\/wp\/v2\/media?parent=96"}],"wp:term":[{"taxonomy":"field-of-interest","embeddable":true,"href":"https:\/\/www.uni.lu\/fstm-de\/wp-json\/wp\/v2\/field-of-interest?post=96"},{"taxonomy":"organisation","embeddable":true,"href":"https:\/\/www.uni.lu\/fstm-de\/wp-json\/wp\/v2\/organisation?post=96"}],"curies":[{"name":"wp","href":"https:\/\/api.w.org\/{rel}","templated":true}]}}