{"id":9821,"date":"2024-01-29T15:19:32","date_gmt":"2024-01-29T14:19:32","guid":{"rendered":"https:\/\/www.uni.lu\/fr\/?page_id=9821"},"modified":"2026-03-04T08:48:23","modified_gmt":"2026-03-04T07:48:23","slug":"actualites","status":"publish","type":"page","link":"https:\/\/www.uni.lu\/fr\/actualites\/","title":{"rendered":"Actualit\u00e9s de l&rsquo;Universit\u00e9"},"content":{"rendered":"\n<section class=\"py-0 wp-block-unilux-blocks-free-section section\"><div class=\"container xl:max-w-screen-xl\">\n<h1 class=\"has-text-align-left wp-block-unilux-blocks-heading\"        id=\"actualites\"\n    >\nActualit\u00e9s<\/h1>\n\n\n\n<p>Comment l&rsquo;Universit\u00e9 se d\u00e9veloppe-t-elle ? Quels sont les principaux d\u00e9fis auxquels l&rsquo;Universit\u00e9 du Luxembourg est confront\u00e9e ? Quelles sont ses prochaines \u00e9tapes ? Restez inform\u00e9 en consultant nos actualit\u00e9s et d\u00e9couvrez les avanc\u00e9es marquantes de l&rsquo;Universit\u00e9 du Luxembourg.<\/p>\n\n\n\n<div class=\"wp-block-unilux-filters-news-filter news-filter\">\n<div\n    data-component-type=\"filter\"\n    data-model=\"{&quot;filterEndpointUrl&quot;:&quot;https:\\\/\\\/www.uni.lu\\\/fr\\\/wp-json\\\/ulux-elastic-customizations\\\/v1\\\/filter&quot;}\"\n    data-attributes=\"{&quot;postType&quot;:&quot;news&quot;,&quot;postTypeLabel&quot;:&quot;News&quot;,&quot;postTypeAllItemsLabel&quot;:&quot;All news&quot;,&quot;showSpotlight&quot;:false,&quot;spotlightPostIds&quot;:&quot;&quot;,&quot;terms&quot;:[{&quot;caption&quot;:&quot;Date&quot;,&quot;slug&quot;:&quot;date&quot;,&quot;usePagination&quot;:true,&quot;_showTerms&quot;:false,&quot;terms&quot;:[{&quot;slug&quot;:&quot;date-today&quot;,&quot;name&quot;:&quot;Today&quot;,&quot;position&quot;:0},{&quot;slug&quot;:&quot;date-past-7-days&quot;,&quot;name&quot;:&quot;Past 7 days&quot;,&quot;position&quot;:1},{&quot;slug&quot;:&quot;date-past-30-days&quot;,&quot;name&quot;:&quot;Past 30 days&quot;,&quot;position&quot;:2},{&quot;slug&quot;:&quot;date-in-the-past&quot;,&quot;name&quot;:&quot;In the past&quot;,&quot;position&quot;:3},{&quot;slug&quot;:&quot;date-year-2026&quot;,&quot;position&quot;:4,&quot;name&quot;:&quot;2026&quot;},{&quot;slug&quot;:&quot;date-year-2025&quot;,&quot;position&quot;:5,&quot;name&quot;:&quot;2025&quot;},{&quot;slug&quot;:&quot;date-year-2024&quot;,&quot;position&quot;:6,&quot;name&quot;:&quot;2024&quot;},{&quot;slug&quot;:&quot;date-year-2023&quot;,&quot;position&quot;:7,&quot;name&quot;:&quot;2023&quot;},{&quot;slug&quot;:&quot;date-year-2022&quot;,&quot;position&quot;:8,&quot;name&quot;:&quot;2022&quot;},{&quot;slug&quot;:&quot;date-year-2021&quot;,&quot;position&quot;:9,&quot;name&quot;:&quot;2021&quot;},{&quot;slug&quot;:&quot;date-year-2020&quot;,&quot;position&quot;:10,&quot;name&quot;:&quot;2020&quot;},{&quot;slug&quot;:&quot;date-year-2019&quot;,&quot;position&quot;:11,&quot;name&quot;:&quot;2019&quot;},{&quot;slug&quot;:&quot;date-year-2018&quot;,&quot;position&quot;:12,&quot;name&quot;:&quot;2018&quot;},{&quot;slug&quot;:&quot;date-year-2017&quot;,&quot;position&quot;:13,&quot;name&quot;:&quot;2017&quot;}],&quot;numberItemsPerPage&quot;:12,&quot;numberVisibleItems&quot;:4},{&quot;caption&quot;:&quot;Category&quot;,&quot;slug&quot;:&quot;news-category&quot;,&quot;numberVisibleItems&quot;:7,&quot;usePagination&quot;:true,&quot;numberItemsPerPage&quot;:9,&quot;terms&quot;:[{&quot;slug&quot;:&quot;universite&quot;,&quot;name&quot;:&quot;Universit\\u00e9&quot;,&quot;position&quot;:0},{&quot;slug&quot;:&quot;recherche&quot;,&quot;name&quot;:&quot;Recherche&quot;,&quot;position&quot;:1},{&quot;slug&quot;:&quot;education&quot;,&quot;name&quot;:&quot;Education&quot;,&quot;position&quot;:2},{&quot;slug&quot;:&quot;la-vie-sur-le-campus&quot;,&quot;name&quot;:&quot;La vie sur le campus&quot;,&quot;position&quot;:3},{&quot;slug&quot;:&quot;relations-avec-le-public&quot;,&quot;name&quot;:&quot;Relations avec le public&quot;,&quot;position&quot;:4},{&quot;slug&quot;:&quot;prix-classements&quot;,&quot;name&quot;:&quot;Prix &amp; classements&quot;,&quot;position&quot;:5},{&quot;slug&quot;:&quot;communiques-de-presse&quot;,&quot;name&quot;:&quot;Communiqu\\u00e9s de presse&quot;,&quot;position&quot;:6}]},{&quot;caption&quot;:&quot;Organisation&quot;,&quot;slug&quot;:&quot;organisation&quot;,&quot;numberVisibleItems&quot;:8,&quot;usePagination&quot;:true,&quot;numberItemsPerPage&quot;:14,&quot;terms&quot;:[{&quot;slug&quot;:&quot;universite-administration-centrale-et-rectorat&quot;,&quot;name&quot;:&quot;Universit\\u00e9 \\\/ Administration centrale et Rectorat&quot;,&quot;position&quot;:0},{&quot;slug&quot;:&quot;faculte-des-sciences-des-technologies-et-de-medecine-fstm&quot;,&quot;name&quot;:&quot;Facult\\u00e9 des Sciences, des Technologies et de M\\u00e9decine (FSTM)&quot;,&quot;position&quot;:1},{&quot;slug&quot;:&quot;faculte-de-droit-deconomie-et-de-finance-fdef&quot;,&quot;name&quot;:&quot;Facult\\u00e9 de Droit, d&#039;\\u00c9conomie et de Finance (FDEF)&quot;,&quot;position&quot;:2},{&quot;slug&quot;:&quot;faculte-des-sciences-humaines-des-sciences-de-leducation-et-des-sciences-sociales-fhse&quot;,&quot;name&quot;:&quot;Facult\\u00e9 des Sciences Humaines, des Sciences de l\\u2019\\u00c9ducation et des Sciences Sociales (FHSE)&quot;,&quot;position&quot;:3},{&quot;slug&quot;:&quot;interdisciplinary-centre-for-security-reliability-and-trust-snt&quot;,&quot;name&quot;:&quot;Interdisciplinary Centre for Security, Reliability and Trust (SnT)&quot;,&quot;position&quot;:4},{&quot;slug&quot;:&quot;luxembourg-centre-for-systems-biomedicine-lcsb&quot;,&quot;name&quot;:&quot;Luxembourg Centre for Systems Biomedicine (LCSB)&quot;,&quot;position&quot;:5},{&quot;slug&quot;:&quot;luxembourg-centre-for-contemporary-and-digital-history-c2dh&quot;,&quot;name&quot;:&quot;Luxembourg Centre for Contemporary and Digital History (C2DH)&quot;,&quot;position&quot;:6},{&quot;slug&quot;:&quot;luxembourg-centre-for-european-law-lcel&quot;,&quot;name&quot;:&quot;Luxembourg Centre for European Law (LCEL)&quot;,&quot;position&quot;:7},{&quot;slug&quot;:&quot;luxembourg-learning-centre-llc&quot;,&quot;name&quot;:&quot;Luxembourg Learning Centre (LLC)&quot;,&quot;position&quot;:8},{&quot;slug&quot;:&quot;departement-informatique&quot;,&quot;name&quot;:&quot;D\\u00e9partement Informatique&quot;,&quot;position&quot;:9},{&quot;slug&quot;:&quot;departement-ingenierie&quot;,&quot;name&quot;:&quot;D\\u00e9partement Ing\\u00e9nierie&quot;,&quot;position&quot;:10},{&quot;slug&quot;:&quot;departement-sciences-de-la-vie-et-medecine&quot;,&quot;name&quot;:&quot;D\\u00e9partement Sciences de la vie et m\\u00e9decine&quot;,&quot;position&quot;:11},{&quot;slug&quot;:&quot;departement-mathematiques&quot;,&quot;name&quot;:&quot;D\\u00e9partement Math\\u00e9matiques&quot;,&quot;position&quot;:12},{&quot;slug&quot;:&quot;departement-physique-et-sciences-des-materiaux&quot;,&quot;name&quot;:&quot;D\\u00e9partement Physique et sciences des mat\\u00e9riaux&quot;,&quot;position&quot;:13},{&quot;slug&quot;:&quot;departement-sciences-economiques-et-gestion&quot;,&quot;name&quot;:&quot;D\\u00e9partement Sciences \\u00e9conomiques et gestion&quot;,&quot;position&quot;:14},{&quot;slug&quot;:&quot;departement-finance&quot;,&quot;name&quot;:&quot;D\\u00e9partement Finance&quot;,&quot;position&quot;:15},{&quot;slug&quot;:&quot;departement-droit&quot;,&quot;name&quot;:&quot;D\\u00e9partement Droit&quot;,&quot;position&quot;:16},{&quot;slug&quot;:&quot;departement-sciences-comportementales-et-cognitives&quot;,&quot;name&quot;:&quot;D\\u00e9partement Sciences comportementales et cognitives&quot;,&quot;position&quot;:17},{&quot;slug&quot;:&quot;departement-sciences-de-leducation-et-intervention-sociale&quot;,&quot;name&quot;:&quot;D\\u00e9partement Sciences de l\\u2019\\u00e9ducation et intervention sociale&quot;,&quot;position&quot;:18},{&quot;slug&quot;:&quot;departement-geographie-et-amenagement-du-territoire&quot;,&quot;name&quot;:&quot;D\\u00e9partement G\\u00e9ographie et am\\u00e9nagement du territoire&quot;,&quot;position&quot;:19},{&quot;slug&quot;:&quot;departement-sciences-humaines&quot;,&quot;name&quot;:&quot;D\\u00e9partement Sciences humaines&quot;,&quot;position&quot;:20},{&quot;slug&quot;:&quot;departement-sciences-sociales&quot;,&quot;name&quot;:&quot;D\\u00e9partement Sciences sociales&quot;,&quot;position&quot;:21}]},{&quot;caption&quot;:&quot;Topic&quot;,&quot;slug&quot;:&quot;news-topic&quot;,&quot;numberVisibleItems&quot;:15,&quot;usePagination&quot;:true,&quot;numberItemsPerPage&quot;:3,&quot;terms&quot;:[{&quot;slug&quot;:&quot;informatique-tic&quot;,&quot;name&quot;:&quot;Informatique &amp; TIC&quot;,&quot;position&quot;:0},{&quot;slug&quot;:&quot;sciences-economiques-gestion&quot;,&quot;name&quot;:&quot;Sciences \\u00e9conomiques &amp; gestion&quot;,&quot;position&quot;:1},{&quot;slug&quot;:&quot;education-intervention-sociale&quot;,&quot;name&quot;:&quot;\\u00c9ducation &amp; intervention sociale&quot;,&quot;position&quot;:2},{&quot;slug&quot;:&quot;ingenierie&quot;,&quot;name&quot;:&quot;Ing\\u00e9nierie&quot;,&quot;position&quot;:3},{&quot;slug&quot;:&quot;finance&quot;,&quot;name&quot;:&quot;Finance&quot;,&quot;position&quot;:4},{&quot;slug&quot;:&quot;geographie-amenagement-du-territoire&quot;,&quot;name&quot;:&quot;G\\u00e9ographie &amp; am\\u00e9nagement du territoire&quot;,&quot;position&quot;:5},{&quot;slug&quot;:&quot;high-performance-computing-hpc&quot;,&quot;name&quot;:&quot;High Performance Computing (HPC)&quot;,&quot;position&quot;:6},{&quot;slug&quot;:&quot;sciences-humaines&quot;,&quot;name&quot;:&quot;Sciences humaines&quot;,&quot;position&quot;:7},{&quot;slug&quot;:&quot;droit&quot;,&quot;name&quot;:&quot;Droit&quot;,&quot;position&quot;:8},{&quot;slug&quot;:&quot;sciences-de-la-vie-medecine&quot;,&quot;name&quot;:&quot;Sciences de la vie &amp; m\\u00e9decine&quot;,&quot;position&quot;:9},{&quot;slug&quot;:&quot;mathematiques&quot;,&quot;name&quot;:&quot;Math\\u00e9matiques&quot;,&quot;position&quot;:10},{&quot;slug&quot;:&quot;physique-sciences-des-materiaux&quot;,&quot;name&quot;:&quot;Physique &amp; sciences des mat\\u00e9riaux&quot;,&quot;position&quot;:11},{&quot;slug&quot;:&quot;psychologie-neurosciences-economie-comportementale&quot;,&quot;name&quot;:&quot;Psychologie, neurosciences &amp; \\u00e9conomie comportementale&quot;,&quot;position&quot;:12},{&quot;slug&quot;:&quot;sciences-sociales&quot;,&quot;name&quot;:&quot;Sciences sociales&quot;,&quot;position&quot;:13},{&quot;slug&quot;:&quot;espace&quot;,&quot;name&quot;:&quot;Espace&quot;,&quot;position&quot;:14}]}],&quot;clientId&quot;:&quot;bf7e55c6-5cd1-490f-9ca2-b326bcef28f6&quot;,&quot;imagePlaceHolder&quot;:&quot;https:\\\/\\\/www.uni.lu\\\/wp-content\\\/themes\\\/unilux-theme\\\/assets\\\/images\\\/general\\\/card-news-placeholder.png&quot;,&quot;filterSearchI18n&quot;:{&quot;accordionTitle&quot;:&quot;Filter search&quot;,&quot;fieldLabel&quot;:&quot;Search for a filter option&quot;,&quot;fieldPlaceholder&quot;:&quot;Search for a filter option (e.g. Language Centre)&quot;}}\"\n    data-blog=\"{&quot;blog_id&quot;:&quot;11&quot;,&quot;domain&quot;:&quot;www.uni.lu&quot;,&quot;path&quot;:&quot;\\\/fr\\\/&quot;,&quot;site_id&quot;:&quot;1&quot;,&quot;registered&quot;:&quot;2022-08-20 08:02:52&quot;,&quot;last_updated&quot;:&quot;2026-04-17 15:29:59&quot;,&quot;public&quot;:&quot;1&quot;,&quot;archived&quot;:&quot;0&quot;,&quot;mature&quot;:&quot;0&quot;,&quot;spam&quot;:&quot;0&quot;,&quot;deleted&quot;:&quot;0&quot;,&quot;lang_id&quot;:&quot;0&quot;,&quot;blogname&quot;:&quot;UNI FR&quot;,&quot;siteurl&quot;:&quot;https:\\\/\\\/www.uni.lu\\\/fr&quot;,&quot;post_count&quot;:&quot;0&quot;,&quot;home&quot;:&quot;https:\\\/\\\/www.uni.lu\\\/fr&quot;}\"\n>\n    <\/div>\n<\/div>\n<\/div><\/section>\n","protected":false},"excerpt":{"rendered":"","protected":false},"author":33,"featured_media":18816,"parent":0,"menu_order":999,"comment_status":"closed","ping_status":"closed","template":"","meta":{"featured_image_focal_point":[],"show_featured_caption":false,"ulux_newsletter_groups":"","uluxPostTitle":"","uluxPrePostTitle":"","_trash_the_other_posts":false,"_price":"","_stock":"","_tribe_ticket_header":"","_tribe_default_ticket_provider":"","_tribe_ticket_capacity":"0","_ticket_start_date":"","_ticket_end_date":"","_tribe_ticket_show_description":"","_tribe_ticket_show_not_going":false,"_tribe_ticket_use_global_stock":"","_tribe_ticket_global_stock_level":"","_global_stock_mode":"","_global_stock_cap":"","_tribe_rsvp_for_event":"","_tribe_ticket_going_count":"","_tribe_ticket_not_going_count":"","_tribe_tickets_list":"[]","_tribe_ticket_has_attendee_info_fields":false,"footnotes":""},"field-of-interest":[],"organisation":[],"authorship":[33],"acf":[],"yoast_head":"<!-- This site is optimized with the Yoast SEO Premium plugin v22.3 (Yoast SEO v22.3) - https:\/\/yoast.com\/wordpress\/plugins\/seo\/ -->\n<title>Actualit\u00e9s de l&#039;Universit\u00e9 - Universit\u00e9 du Luxembourg<\/title>\n<meta name=\"description\" content=\"Comment l&#039;Universit\u00e9 se d\u00e9veloppe-t-elle ? Quels sont les principaux d\u00e9fis auxquels l&#039;Universit\u00e9 du Luxembourg est confront\u00e9e ? Quelles sont ses\" \/>\n<meta name=\"robots\" content=\"index, follow, max-snippet:-1, max-image-preview:large, max-video-preview:-1\" \/>\n<link rel=\"canonical\" href=\"https:\/\/www.uni.lu\/fr\/actualites\/\" \/>\n<meta property=\"og:locale\" content=\"fr_FR\" \/>\n<meta property=\"og:type\" content=\"article\" \/>\n<meta property=\"og:title\" content=\"Actualit\u00e9s de l&#039;Universit\u00e9\" \/>\n<meta property=\"og:description\" content=\"Comment l&#039;Universit\u00e9 se d\u00e9veloppe-t-elle ? Quels sont les principaux d\u00e9fis auxquels l&#039;Universit\u00e9 du Luxembourg est confront\u00e9e ? Quelles sont ses\" \/>\n<meta property=\"og:url\" content=\"https:\/\/www.uni.lu\/fr\/actualites\/\" \/>\n<meta property=\"og:site_name\" content=\"UNI FR\" \/>\n<meta property=\"article:publisher\" content=\"https:\/\/www.facebook.com\/uni.lu\" \/>\n<meta property=\"article:modified_time\" content=\"2026-03-04T07:48:23+00:00\" \/>\n<meta property=\"og:image\" content=\"https:\/\/www.uni.lu\/wp-content\/uploads\/sites\/11\/2026\/03\/03120045\/UNIV_SM-Profile_1600x1600px-scaled.jpg\" \/>\n\t<meta property=\"og:image:width\" content=\"2560\" \/>\n\t<meta property=\"og:image:height\" content=\"2560\" \/>\n\t<meta property=\"og:image:type\" content=\"image\/jpeg\" \/>\n<meta name=\"twitter:card\" content=\"summary_large_image\" \/>\n<meta name=\"twitter:label1\" content=\"Dur\u00e9e de lecture estim\u00e9e\" \/>\n\t<meta name=\"twitter:data1\" content=\"1 minute\" \/>\n<script type=\"application\/ld+json\" class=\"yoast-schema-graph\">{\"@context\":\"https:\/\/schema.org\",\"@graph\":[{\"@type\":\"WebPage\",\"@id\":\"https:\/\/www.uni.lu\/fr\/actualites\/\",\"url\":\"https:\/\/www.uni.lu\/fr\/actualites\/\",\"name\":\"Actualit\u00e9s de l'Universit\u00e9 - Universit\u00e9 du Luxembourg\",\"isPartOf\":{\"@id\":\"https:\/\/www.uni.lu\/fr\/#website\"},\"primaryImageOfPage\":{\"@id\":\"https:\/\/www.uni.lu\/fr\/actualites\/#primaryimage\"},\"image\":{\"@id\":\"https:\/\/www.uni.lu\/fr\/actualites\/#primaryimage\"},\"thumbnailUrl\":\"https:\/\/www.uni.lu\/wp-content\/uploads\/sites\/11\/2026\/03\/03120045\/UNIV_SM-Profile_1600x1600px-scaled.jpg\",\"datePublished\":\"2024-01-29T14:19:32+00:00\",\"dateModified\":\"2026-03-04T07:48:23+00:00\",\"description\":\"Comment l'Universit\u00e9 se d\u00e9veloppe-t-elle ? Quels sont les principaux d\u00e9fis auxquels l'Universit\u00e9 du Luxembourg est confront\u00e9e ? Quelles sont ses\",\"breadcrumb\":{\"@id\":\"https:\/\/www.uni.lu\/fr\/actualites\/#breadcrumb\"},\"inLanguage\":\"fr-FR\",\"potentialAction\":[{\"@type\":\"ReadAction\",\"target\":[\"https:\/\/www.uni.lu\/fr\/actualites\/\"]}]},{\"@type\":\"ImageObject\",\"inLanguage\":\"fr-FR\",\"@id\":\"https:\/\/www.uni.lu\/fr\/actualites\/#primaryimage\",\"url\":\"https:\/\/www.uni.lu\/wp-content\/uploads\/sites\/11\/2026\/03\/03120045\/UNIV_SM-Profile_1600x1600px-scaled.jpg\",\"contentUrl\":\"https:\/\/www.uni.lu\/wp-content\/uploads\/sites\/11\/2026\/03\/03120045\/UNIV_SM-Profile_1600x1600px-scaled.jpg\",\"width\":2560,\"height\":2560},{\"@type\":\"BreadcrumbList\",\"@id\":\"https:\/\/www.uni.lu\/fr\/actualites\/#breadcrumb\",\"itemListElement\":[{\"@type\":\"ListItem\",\"position\":1,\"name\":\"Home\",\"item\":\"https:\/\/www.uni.lu\/fr\/\"},{\"@type\":\"ListItem\",\"position\":2,\"name\":\"Actualit\u00e9s de l'Universit\u00e9\"}]},{\"@type\":\"WebSite\",\"@id\":\"https:\/\/www.uni.lu\/fr\/#website\",\"url\":\"https:\/\/www.uni.lu\/fr\/\",\"name\":\"Uni.lu\",\"description\":\"Universit\u00e9 du Luxembourg\",\"publisher\":{\"@id\":\"https:\/\/www.uni.lu\/fr\/#organization\"},\"alternateName\":\"Universit\u00e9 du Luxembourg\",\"potentialAction\":[{\"@type\":\"SearchAction\",\"target\":{\"@type\":\"EntryPoint\",\"urlTemplate\":\"https:\/\/www.uni.lu\/fr\/?s={search_term_string}\"},\"query-input\":\"required name=search_term_string\"}],\"inLanguage\":\"fr-FR\"},{\"@type\":\"Organization\",\"@id\":\"https:\/\/www.uni.lu\/fr\/#organization\",\"name\":\"Universit\u00e9 du Luxembourg\",\"alternateName\":\"Uni.lu\",\"url\":\"https:\/\/www.uni.lu\/fr\/\",\"logo\":{\"@type\":\"ImageObject\",\"inLanguage\":\"fr-FR\",\"@id\":\"https:\/\/www.uni.lu\/fr\/#\/schema\/logo\/image\/\",\"url\":\"https:\/\/www.uni.lu\/wp-content\/uploads\/sites\/11\/2026\/03\/03120045\/UNIV_SM-Profile_1600x1600px-scaled.jpg\",\"contentUrl\":\"https:\/\/www.uni.lu\/wp-content\/uploads\/sites\/11\/2026\/03\/03120045\/UNIV_SM-Profile_1600x1600px-scaled.jpg\",\"width\":2560,\"height\":2560,\"caption\":\"Universit\u00e9 du Luxembourg\"},\"image\":{\"@id\":\"https:\/\/www.uni.lu\/fr\/#\/schema\/logo\/image\/\"},\"sameAs\":[\"https:\/\/www.facebook.com\/uni.lu\",\"https:\/\/www.linkedin.com\/school\/university-of-luxembourg\/\",\"https:\/\/www.instagram.com\/uni.lu\",\"https:\/\/www.youtube.com\/@uni_lu\",\"https:\/\/en.wikipedia.org\/wiki\/University_of_Luxembourg\"]}]}<\/script>\n<!-- \/ Yoast SEO Premium plugin. -->","yoast_head_json":{"title":"Actualit\u00e9s de l'Universit\u00e9 - Universit\u00e9 du Luxembourg","description":"Comment l'Universit\u00e9 se d\u00e9veloppe-t-elle ? Quels sont les principaux d\u00e9fis auxquels l'Universit\u00e9 du Luxembourg est confront\u00e9e ? Quelles sont ses","robots":{"index":"index","follow":"follow","max-snippet":"max-snippet:-1","max-image-preview":"max-image-preview:large","max-video-preview":"max-video-preview:-1"},"canonical":"https:\/\/www.uni.lu\/fr\/actualites\/","og_locale":"fr_FR","og_type":"article","og_title":"Actualit\u00e9s de l'Universit\u00e9","og_description":"Comment l'Universit\u00e9 se d\u00e9veloppe-t-elle ? Quels sont les principaux d\u00e9fis auxquels l'Universit\u00e9 du Luxembourg est confront\u00e9e ? Quelles sont ses","og_url":"https:\/\/www.uni.lu\/fr\/actualites\/","og_site_name":"UNI FR","article_publisher":"https:\/\/www.facebook.com\/uni.lu","article_modified_time":"2026-03-04T07:48:23+00:00","og_image":[{"width":2560,"height":2560,"url":"https:\/\/www.uni.lu\/wp-content\/uploads\/sites\/11\/2026\/03\/03120045\/UNIV_SM-Profile_1600x1600px-scaled.jpg","type":"image\/jpeg"}],"twitter_card":"summary_large_image","twitter_misc":{"Dur\u00e9e de lecture estim\u00e9e":"1 minute"},"schema":{"@context":"https:\/\/schema.org","@graph":[{"@type":"WebPage","@id":"https:\/\/www.uni.lu\/fr\/actualites\/","url":"https:\/\/www.uni.lu\/fr\/actualites\/","name":"Actualit\u00e9s de l'Universit\u00e9 - Universit\u00e9 du Luxembourg","isPartOf":{"@id":"https:\/\/www.uni.lu\/fr\/#website"},"primaryImageOfPage":{"@id":"https:\/\/www.uni.lu\/fr\/actualites\/#primaryimage"},"image":{"@id":"https:\/\/www.uni.lu\/fr\/actualites\/#primaryimage"},"thumbnailUrl":"https:\/\/www.uni.lu\/wp-content\/uploads\/sites\/11\/2026\/03\/03120045\/UNIV_SM-Profile_1600x1600px-scaled.jpg","datePublished":"2024-01-29T14:19:32+00:00","dateModified":"2026-03-04T07:48:23+00:00","description":"Comment l'Universit\u00e9 se d\u00e9veloppe-t-elle ? Quels sont les principaux d\u00e9fis auxquels l'Universit\u00e9 du Luxembourg est confront\u00e9e ? Quelles sont ses","breadcrumb":{"@id":"https:\/\/www.uni.lu\/fr\/actualites\/#breadcrumb"},"inLanguage":"fr-FR","potentialAction":[{"@type":"ReadAction","target":["https:\/\/www.uni.lu\/fr\/actualites\/"]}]},{"@type":"ImageObject","inLanguage":"fr-FR","@id":"https:\/\/www.uni.lu\/fr\/actualites\/#primaryimage","url":"https:\/\/www.uni.lu\/wp-content\/uploads\/sites\/11\/2026\/03\/03120045\/UNIV_SM-Profile_1600x1600px-scaled.jpg","contentUrl":"https:\/\/www.uni.lu\/wp-content\/uploads\/sites\/11\/2026\/03\/03120045\/UNIV_SM-Profile_1600x1600px-scaled.jpg","width":2560,"height":2560},{"@type":"BreadcrumbList","@id":"https:\/\/www.uni.lu\/fr\/actualites\/#breadcrumb","itemListElement":[{"@type":"ListItem","position":1,"name":"Home","item":"https:\/\/www.uni.lu\/fr\/"},{"@type":"ListItem","position":2,"name":"Actualit\u00e9s de l'Universit\u00e9"}]},{"@type":"WebSite","@id":"https:\/\/www.uni.lu\/fr\/#website","url":"https:\/\/www.uni.lu\/fr\/","name":"Uni.lu","description":"Universit\u00e9 du Luxembourg","publisher":{"@id":"https:\/\/www.uni.lu\/fr\/#organization"},"alternateName":"Universit\u00e9 du Luxembourg","potentialAction":[{"@type":"SearchAction","target":{"@type":"EntryPoint","urlTemplate":"https:\/\/www.uni.lu\/fr\/?s={search_term_string}"},"query-input":"required name=search_term_string"}],"inLanguage":"fr-FR"},{"@type":"Organization","@id":"https:\/\/www.uni.lu\/fr\/#organization","name":"Universit\u00e9 du Luxembourg","alternateName":"Uni.lu","url":"https:\/\/www.uni.lu\/fr\/","logo":{"@type":"ImageObject","inLanguage":"fr-FR","@id":"https:\/\/www.uni.lu\/fr\/#\/schema\/logo\/image\/","url":"https:\/\/www.uni.lu\/wp-content\/uploads\/sites\/11\/2026\/03\/03120045\/UNIV_SM-Profile_1600x1600px-scaled.jpg","contentUrl":"https:\/\/www.uni.lu\/wp-content\/uploads\/sites\/11\/2026\/03\/03120045\/UNIV_SM-Profile_1600x1600px-scaled.jpg","width":2560,"height":2560,"caption":"Universit\u00e9 du Luxembourg"},"image":{"@id":"https:\/\/www.uni.lu\/fr\/#\/schema\/logo\/image\/"},"sameAs":["https:\/\/www.facebook.com\/uni.lu","https:\/\/www.linkedin.com\/school\/university-of-luxembourg\/","https:\/\/www.instagram.com\/uni.lu","https:\/\/www.youtube.com\/@uni_lu","https:\/\/en.wikipedia.org\/wiki\/University_of_Luxembourg"]}]}},"ticketed":false,"_links":{"self":[{"href":"https:\/\/www.uni.lu\/fr\/wp-json\/wp\/v2\/pages\/9821"}],"collection":[{"href":"https:\/\/www.uni.lu\/fr\/wp-json\/wp\/v2\/pages"}],"about":[{"href":"https:\/\/www.uni.lu\/fr\/wp-json\/wp\/v2\/types\/page"}],"author":[{"embeddable":true,"href":"https:\/\/www.uni.lu\/fr\/wp-json\/wp\/v2\/users\/33"}],"replies":[{"embeddable":true,"href":"https:\/\/www.uni.lu\/fr\/wp-json\/wp\/v2\/comments?post=9821"}],"version-history":[{"count":5,"href":"https:\/\/www.uni.lu\/fr\/wp-json\/wp\/v2\/pages\/9821\/revisions"}],"predecessor-version":[{"id":18825,"href":"https:\/\/www.uni.lu\/fr\/wp-json\/wp\/v2\/pages\/9821\/revisions\/18825"}],"wp:authorship":[{"embeddable":true,"href":"https:\/\/www.uni.lu\/fr\/wp-json\/wp\/v2\/users\/33"}],"wp:featuredmedia":[{"embeddable":true,"href":"https:\/\/www.uni.lu\/fr\/wp-json\/wp\/v2\/media\/18816"}],"wp:attachment":[{"href":"https:\/\/www.uni.lu\/fr\/wp-json\/wp\/v2\/media?parent=9821"}],"wp:term":[{"taxonomy":"field-of-interest","embeddable":true,"href":"https:\/\/www.uni.lu\/fr\/wp-json\/wp\/v2\/field-of-interest?post=9821"},{"taxonomy":"organisation","embeddable":true,"href":"https:\/\/www.uni.lu\/fr\/wp-json\/wp\/v2\/organisation?post=9821"}],"curies":[{"name":"wp","href":"https:\/\/api.w.org\/{rel}","templated":true}]}}