{"id":9518,"date":"2024-01-17T12:34:41","date_gmt":"2024-01-17T11:34:41","guid":{"rendered":"https:\/\/www.uni.lu\/fr\/?page_id=9518"},"modified":"2026-01-27T10:36:53","modified_gmt":"2026-01-27T09:36:53","slug":"declarer-un-accident","status":"publish","type":"page","link":"https:\/\/www.uni.lu\/fr\/etudes\/questions-academiques\/statut-d-etudiant\/declarer-un-accident\/","title":{"rendered":"D\u00e9clarer un accident"},"content":{"rendered":"<div class=\"section py-0 static\">\n<section class=\"py-0 wp-block-unilux-blocks-free-section section\"><div class=\"container xl:max-w-screen-xl\"><!-- SecondaryNavigationMirror --><div class=\"js-secondary-nav--sticky wp-block-unilux-blocks-secondary-navigation\" id=\"29738f73-89ed-427b-9ba2-82fb6b2774f1\">\n    <nav id=\"secondary-navigation\" role=\"navigation\" aria-label=\"Secondary menu\" class=\"secondary-nav\">\n        <button class=\"secondary-nav__button btn btn-solid--primary w-full\" aria-expanded=\"false\" aria-controls=\"secondary-navigation__list\" title=\"The selected page is Aper\u00e7u\" type=\"button\">\n            <span class=\"btn__name mr-auto\">Aper\u00e7u<\/span>\n            <svg aria-hidden=\"true\" focusable=\"false\" class=\"icon icon-outline icon--xs\">\n                <use xlink:href=\"https:\/\/www.uni.lu\/wp-content\/themes\/unilux-theme\/assets\/images\/icons\/icons-outline.svg#icon--arrow-down\" \/>\n            <\/svg>\n        <\/button>\n\n        <ul id=\"secondary-navigation__list\" class=\"secondary-nav__list\">\n            <li class=\"secondary-nav__item\">\n    <a href=\"https:\/\/www.uni.lu\/fr\/etudes\/questions-academiques\/\" target=\"\" rel=\"noreferrer noopener\" class=\"secondary-nav__link \">\n        <svg aria-hidden=\"true\" focusable=\"false\" class=\"icon icon-outline icon--xs\">\n            <use xlink:href=\"https:\/\/www.uni.lu\/wp-content\/themes\/unilux-theme\/assets\/images\/icons\/icons-outline.svg#icon--arrow-right\" \/>\n        <\/svg>\n        <span class=\"secondary-nav__name\">Aper\u00e7u<\/span>\n    <\/a>\n<\/li>\n<li class=\"secondary-nav__item\">\n    <a href=\"https:\/\/www.uni.lu\/fr\/etudes\/questions-academiques\/statut-d-etudiant\/\" target=\"\" rel=\"noreferrer noopener\" class=\"secondary-nav__link \">\n        <svg aria-hidden=\"true\" focusable=\"false\" class=\"icon icon-outline icon--xs\">\n            <use xlink:href=\"https:\/\/www.uni.lu\/wp-content\/themes\/unilux-theme\/assets\/images\/icons\/icons-outline.svg#icon--arrow-right\" \/>\n        <\/svg>\n        <span class=\"secondary-nav__name\">Statut d&rsquo;\u00e9tudiant<\/span>\n    <\/a>\n<\/li>\n<li class=\"secondary-nav__item\">\n    <a href=\"https:\/\/www.uni.lu\/fr\/etudes\/questions-academiques\/progression-des-etudes\/\" target=\"\" rel=\"noreferrer noopener\" class=\"secondary-nav__link \">\n        <svg aria-hidden=\"true\" focusable=\"false\" class=\"icon icon-outline icon--xs\">\n            <use xlink:href=\"https:\/\/www.uni.lu\/wp-content\/themes\/unilux-theme\/assets\/images\/icons\/icons-outline.svg#icon--arrow-right\" \/>\n        <\/svg>\n        <span class=\"secondary-nav__name\">Progression des \u00e9tudes<\/span>\n    <\/a>\n<\/li>\n<li class=\"secondary-nav__item\">\n    <a href=\"https:\/\/www.uni.lu\/fr\/etudes\/questions-academiques\/dispositions-speciales\/\" target=\"\" rel=\"noreferrer noopener\" class=\"secondary-nav__link \">\n        <svg aria-hidden=\"true\" focusable=\"false\" class=\"icon icon-outline icon--xs\">\n            <use xlink:href=\"https:\/\/www.uni.lu\/wp-content\/themes\/unilux-theme\/assets\/images\/icons\/icons-outline.svg#icon--arrow-right\" \/>\n        <\/svg>\n        <span class=\"secondary-nav__name\">Dispositions sp\u00e9ciales<\/span>\n    <\/a>\n<\/li>\n<li class=\"secondary-nav__item\">\n    <a href=\"https:\/\/www.uni.lu\/fr\/etudes\/questions-academiques\/conduite-academique\/\" target=\"\" rel=\"noreferrer noopener\" class=\"secondary-nav__link \">\n        <svg aria-hidden=\"true\" focusable=\"false\" class=\"icon icon-outline icon--xs\">\n            <use xlink:href=\"https:\/\/www.uni.lu\/wp-content\/themes\/unilux-theme\/assets\/images\/icons\/icons-outline.svg#icon--arrow-right\" \/>\n        <\/svg>\n        <span class=\"secondary-nav__name\">Conduite acad\u00e9mique<\/span>\n    <\/a>\n<\/li>\n<li class=\"secondary-nav__item\">\n    <a href=\"https:\/\/www.uni.lu\/fr\/etudes\/questions-academiques\/recours\/\" target=\"\" rel=\"noreferrer noopener\" class=\"secondary-nav__link \">\n        <svg aria-hidden=\"true\" focusable=\"false\" class=\"icon icon-outline icon--xs\">\n            <use xlink:href=\"https:\/\/www.uni.lu\/wp-content\/themes\/unilux-theme\/assets\/images\/icons\/icons-outline.svg#icon--arrow-right\" \/>\n        <\/svg>\n        <span class=\"secondary-nav__name\">Recours<\/span>\n    <\/a>\n<\/li>\n        <\/ul>\n    <\/nav>\n<\/div>\n<!-- end SecondaryNavigationMirror --><\/div><\/section>\n\n\n\n<section class=\"wp-block-unilux-blocks-free-section section\"><div class=\"container xl:max-w-screen-xl\">\n<h1 class=\"has-text-align-left wp-block-unilux-blocks-heading\"        id=\"declarer-un-accident\"\n    >\nD\u00e9clarer un accident<\/h1>\n\n\n\n<p><strong>Proc\u00e9dure \u00e0 suivre en cas d\u2019accident :<\/strong><\/p>\n\n\n\n<p>Si l\u2019accident survient sur le campus, appelez le Poste de contr\u00f4le de s\u00e9curit\u00e9 de l\u2019Universit\u00e9, quel que soit le campus, via le num\u00e9ro de t\u00e9l\u00e9phone d\u2019urgence interne.<\/p>\n\n\n<div class=\"icon-info-wrapper\">\n    <ul class=\"wp-block-unilux-blocks-icon-info\">\n        <li class=\"wp-block-unilux-blocks-icon-info-item\">\n    \n<div class=\"wp-block-unilux-blocks-wrapper icon-info\">\n<div class=\"icon--primary icon--secondary-2  wp-block-unilux-blocks-icon-picker\">\n    <\/div>\n\n\n<p class=\"has-1-125-rem-font-size\"><strong>Urgence interne<\/strong><\/p>\n<\/div>\n<\/li>\n<li class=\"wp-block-unilux-blocks-icon-info-item\">\n    \n<div class=\"wp-block-unilux-blocks-wrapper icon-info\">\n<div class=\"icon--primary icon--secondary-2  wp-block-unilux-blocks-icon-picker\">\n    <svg aria-hidden=\"true\" focusable=\"false\" class=\"icon icon-outline icon--phone \"><use xlink:href=\"https:\/\/www.uni.lu\/wp-content\/themes\/unilux-theme\/assets\/images\/icons\/icons-outline.svg#icon--phone\"><\/use><\/svg><\/div>\n\n\n<p class=\"has-1-125-rem-font-size\">+352 46 66 44 55 55<\/p>\n<\/div>\n<\/li>\n    <\/ul>\n<\/div>\n\n\n\n<p>Cette proc\u00e9dure s\u2019applique uniquement aux\u00a0<strong>\u00e9tudiants r\u00e9guli\u00e8rement inscrits dans un programme d\u2019\u00e9tudes \u00e0 l\u2019universit\u00e9<\/strong>, dans les situations suivantes :<\/p>\n\n\n\n<ul class=\"ulux-list\">\n<li class=\"ulux-list-item\">lorsque l\u2019accident survient sur le campus ;<\/li>\n\n\n\n<li class=\"ulux-list-item\">lorsque l\u2019accident survient sur le trajet entre le domicile et le campus (aller ou retour) ;<\/li>\n\n\n\n<li class=\"ulux-list-item\">lorsque l\u2019accident survient sur le lieu de stage, dans le cadre de la formation et sous couvert d\u2019une convention de stage.<\/li>\n<\/ul>\n\n\n\n<p>Pour les&nbsp;<strong>\u00e9tudiants exer\u00e7ant un job \u00e9tudiant<\/strong>, si l\u2019accident survient dans le cadre de l\u2019activit\u00e9 salari\u00e9e, ils&nbsp;<strong>doivent s\u2019adresser au service des Ressources humaines<\/strong>&nbsp;(si le contrat \u00e9tudiant est conclu avec l\u2019universit\u00e9)&nbsp;<strong>ou directement \u00e0 leur employeur<\/strong>.<\/p>\n\n\n\n<p><strong>Les stagiaires ou invit\u00e9s externes non-inscrits dans un programme d\u2019\u00e9tudes \u00e0 l\u2019universit\u00e9 ne sont pas concern\u00e9s par cette proc\u00e9dure<\/strong>.&nbsp;<\/p>\n\n\n\n<p>Remplissez le formulaire de d\u00e9claration d\u2019accident et envoyez-le au Service des \u00e9tudes et de la vie \u00e9tudiante (SEVE) via le <a href=\"https:\/\/service.uni.lu\/ssp?id=sc_cat_item&amp;sys_id=2031f8171b581550466b20a1b24bcb2d&amp;sysparm_category=295f9a3f1bb74110466b20a1b24bcb00\" target=\"_blank\" rel=\"noreferrer noopener\">portail du Service \u00e9tudiants (onglet <em>Administration<\/em> &gt; <em>D\u00e9claration d\u2019un accident<\/em>)<\/a><\/p>\n\n\n\n<ul class=\"wp-block-unilux-blocks-button-list-v2\">\n<li class=\"wp-block-unilux-blocks-button-list-item-v2\"><a class=\"quick-link\" href=\"https:\/\/www.uni.lu\/wp-content\/uploads\/sites\/11\/2026\/01\/06141505\/declaration-accident-scolaire-FR-New.pdf\" target=\"\" role=\"link\" rel=\"noopener\" tabindex=\"0\"><span class=\"quick-link__container\">\n<div class=\"wp-block-unilux-blocks-block-inserter quick-link__img\"><\/div>\n\n\n\n<span class=\"quick-link__name wp-block-unilux-blocks-plain-text\">Formulaire de d\u00e9claration d\u2019accident<\/span>\n\n<svg aria-hidden=\"true\" focusable=\"false\" class=\"icon icon-outline icon--download \"><use xlink:href=\"https:\/\/www.uni.lu\/wp-content\/themes\/unilux-theme\/assets\/images\/icons\/icons-outline.svg#icon--download\"><\/use><\/svg><\/span><\/a><\/li>\n\n\n\n<li class=\"wp-block-unilux-blocks-button-list-item-v2\"><a class=\"quick-link\" href=\"https:\/\/www.uni.lu\/wp-content\/uploads\/sites\/11\/2026\/01\/06141623\/instructions-accident-scolaire-FR-New.pdf\" target=\"\" role=\"link\" rel=\"noopener\" tabindex=\"0\"><span class=\"quick-link__container\">\n<div class=\"wp-block-unilux-blocks-block-inserter quick-link__img\"><\/div>\n\n\n\n<span class=\"quick-link__name wp-block-unilux-blocks-plain-text\">Instructions (en fran\u00e7ais)<\/span>\n\n<svg aria-hidden=\"true\" focusable=\"false\" class=\"icon icon-outline icon--download \"><use xlink:href=\"https:\/\/www.uni.lu\/wp-content\/themes\/unilux-theme\/assets\/images\/icons\/icons-outline.svg#icon--download\"><\/use><\/svg><\/span><\/a><\/li>\n<\/ul>\n\n\n<div class=\"wp-block-unilux-blocks-spacer is-spacer-size-sm\"><\/div>\n\n\n<p>Apr\u00e8s v\u00e9rification et signature du formulaire, le Service des \u00e9tudes et de la vie \u00e9tudiante le transmet \u00e0 l\u2019AAA (Association d\u2019assurance accident luxembourgeoise) et une copie \u00e9lectronique est envoy\u00e9e \u00e0 l\u2019\u00e9tudiant.<\/p>\n\n\n\n<p>Quelques jours apr\u00e8s l\u2019envoi de la d\u00e9claration \u00e0 l\u2019AAA, nous vous conseillons de la contacter directement pour obtenir votre num\u00e9ro d\u2019incident:<\/p>\n\n\n<div class=\"icon-info-wrapper\">\n    <ul class=\"wp-block-unilux-blocks-icon-info\">\n        <li class=\"wp-block-unilux-blocks-icon-info-item\">\n    \n<div class=\"wp-block-unilux-blocks-wrapper icon-info\">\n<div class=\"icon--dark icon--dark-2  wp-block-unilux-blocks-icon-picker\">\n    <svg aria-hidden=\"true\" focusable=\"false\" class=\"icon icon-outline icon--support \"><use xlink:href=\"https:\/\/www.uni.lu\/wp-content\/themes\/unilux-theme\/assets\/images\/icons\/icons-outline.svg#icon--support\"><\/use><\/svg><\/div>\n\n\n<p class=\"has-1-125-rem-font-size\">AAA (Association d\u2019assurance accident)<\/p>\n<\/div>\n<\/li>\n<li class=\"wp-block-unilux-blocks-icon-info-item\">\n    \n<div class=\"wp-block-unilux-blocks-wrapper icon-info\">\n<div class=\"icon--dark icon--dark-2  wp-block-unilux-blocks-icon-picker\">\n    <svg aria-hidden=\"true\" focusable=\"false\" class=\"icon icon-outline icon--phone \"><use xlink:href=\"https:\/\/www.uni.lu\/wp-content\/themes\/unilux-theme\/assets\/images\/icons\/icons-outline.svg#icon--phone\"><\/use><\/svg><\/div>\n\n\n<p class=\"has-1-125-rem-font-size\">+352 26 19 15<\/p>\n<\/div>\n<\/li>\n<li class=\"wp-block-unilux-blocks-icon-info-item\">\n    \n<div class=\"wp-block-unilux-blocks-wrapper icon-info\">\n<div class=\"icon--dark icon--dark-2  wp-block-unilux-blocks-icon-picker\">\n    <svg aria-hidden=\"true\" focusable=\"false\" class=\"icon icon-outline icon--email \"><use xlink:href=\"https:\/\/www.uni.lu\/wp-content\/themes\/unilux-theme\/assets\/images\/icons\/icons-outline.svg#icon--email\"><\/use><\/svg><\/div>\n\n\n<p class=\"has-1-125-rem-font-size\"><a href=\"mailto:declaration.aaa@secu.lu\" target=\"_blank\" rel=\"noreferrer noopener\">declaration.aaa@secu.lu<\/a><\/p>\n<\/div>\n<\/li>\n    <\/ul>\n<\/div>\n\n\n\n<p>L\u2019AAA sera alors en mesure de vous expliquer les d\u00e9marches \u00e0 entreprendre pour obtenir le remboursement de vos d\u00e9penses \u00e9ventuelles.<\/p>\n<\/div><\/section>\n<\/div>","protected":false},"excerpt":{"rendered":"","protected":false},"author":33,"featured_media":0,"parent":9511,"menu_order":0,"comment_status":"closed","ping_status":"closed","template":"","meta":{"featured_image_focal_point":[],"show_featured_caption":false,"ulux_newsletter_groups":"","uluxPostTitle":"Questions acad\u00e9miques","uluxPrePostTitle":"\u00c9tudes","_trash_the_other_posts":false,"_price":"","_stock":"","_tribe_ticket_header":"","_tribe_default_ticket_provider":"","_tribe_ticket_capacity":"0","_ticket_start_date":"","_ticket_end_date":"","_tribe_ticket_show_description":"","_tribe_ticket_show_not_going":false,"_tribe_ticket_use_global_stock":"","_tribe_ticket_global_stock_level":"","_global_stock_mode":"","_global_stock_cap":"","_tribe_rsvp_for_event":"","_tribe_ticket_going_count":"","_tribe_ticket_not_going_count":"","_tribe_tickets_list":"[]","_tribe_ticket_has_attendee_info_fields":false,"footnotes":""},"field-of-interest":[],"organisation":[],"authorship":[33,337,210,68],"acf":[],"yoast_head":"<!-- This site is optimized with the Yoast SEO Premium plugin v22.3 (Yoast SEO v22.3) - https:\/\/yoast.com\/wordpress\/plugins\/seo\/ -->\n<title>D\u00e9clarer un accident - Universit\u00e9 du Luxembourg<\/title>\n<meta name=\"description\" content=\"D\u00e9clarer un accident: Proc\u00e9dure \u00e0 suivre en cas d\u2019accident ou d&#039;urgence \u00e0 l&#039;Universit\u00e9 du Luxembourg.\" \/>\n<meta name=\"robots\" content=\"index, follow, max-snippet:-1, max-image-preview:large, max-video-preview:-1\" \/>\n<link rel=\"canonical\" href=\"https:\/\/www.uni.lu\/fr\/etudes\/questions-academiques\/statut-d-etudiant\/declarer-un-accident\/\" \/>\n<meta property=\"og:locale\" content=\"fr_FR\" \/>\n<meta property=\"og:type\" content=\"article\" \/>\n<meta property=\"og:title\" content=\"D\u00e9clarer un accident\" \/>\n<meta property=\"og:description\" content=\"D\u00e9clarer un accident: Proc\u00e9dure \u00e0 suivre en cas d\u2019accident ou d&#039;urgence \u00e0 l&#039;Universit\u00e9 du Luxembourg.\" \/>\n<meta property=\"og:url\" content=\"https:\/\/www.uni.lu\/fr\/etudes\/questions-academiques\/statut-d-etudiant\/declarer-un-accident\/\" \/>\n<meta property=\"og:site_name\" content=\"UNI FR\" \/>\n<meta property=\"article:publisher\" content=\"https:\/\/www.facebook.com\/uni.lu\" \/>\n<meta property=\"article:modified_time\" content=\"2026-01-27T09:36:53+00:00\" \/>\n<meta property=\"og:image\" content=\"https:\/\/www.uni.lu\/wp-content\/uploads\/sites\/11\/2026\/03\/03120045\/UNIV_SM-Profile_1600x1600px-scaled.jpg\" \/>\n\t<meta property=\"og:image:width\" content=\"2560\" \/>\n\t<meta property=\"og:image:height\" content=\"2560\" \/>\n\t<meta property=\"og:image:type\" content=\"image\/jpeg\" \/>\n<meta name=\"twitter:card\" content=\"summary_large_image\" \/>\n<meta name=\"twitter:label1\" content=\"Dur\u00e9e de lecture estim\u00e9e\" \/>\n\t<meta name=\"twitter:data1\" content=\"1 minute\" \/>\n<script type=\"application\/ld+json\" class=\"yoast-schema-graph\">{\"@context\":\"https:\/\/schema.org\",\"@graph\":[{\"@type\":\"WebPage\",\"@id\":\"https:\/\/www.uni.lu\/fr\/etudes\/questions-academiques\/statut-d-etudiant\/declarer-un-accident\/\",\"url\":\"https:\/\/www.uni.lu\/fr\/etudes\/questions-academiques\/statut-d-etudiant\/declarer-un-accident\/\",\"name\":\"D\u00e9clarer un accident - Universit\u00e9 du Luxembourg\",\"isPartOf\":{\"@id\":\"https:\/\/www.uni.lu\/fr\/#website\"},\"datePublished\":\"2024-01-17T11:34:41+00:00\",\"dateModified\":\"2026-01-27T09:36:53+00:00\",\"description\":\"D\u00e9clarer un accident: Proc\u00e9dure \u00e0 suivre en cas d\u2019accident ou d'urgence \u00e0 l'Universit\u00e9 du Luxembourg.\",\"breadcrumb\":{\"@id\":\"https:\/\/www.uni.lu\/fr\/etudes\/questions-academiques\/statut-d-etudiant\/declarer-un-accident\/#breadcrumb\"},\"inLanguage\":\"fr-FR\",\"potentialAction\":[{\"@type\":\"ReadAction\",\"target\":[\"https:\/\/www.uni.lu\/fr\/etudes\/questions-academiques\/statut-d-etudiant\/declarer-un-accident\/\"]}]},{\"@type\":\"BreadcrumbList\",\"@id\":\"https:\/\/www.uni.lu\/fr\/etudes\/questions-academiques\/statut-d-etudiant\/declarer-un-accident\/#breadcrumb\",\"itemListElement\":[{\"@type\":\"ListItem\",\"position\":1,\"name\":\"Home\",\"item\":\"https:\/\/www.uni.lu\/fr\/\"},{\"@type\":\"ListItem\",\"position\":2,\"name\":\"\u00c9tudes\",\"item\":\"https:\/\/www.uni.lu\/fr\/etudes\/\"},{\"@type\":\"ListItem\",\"position\":3,\"name\":\"Questions acad\u00e9miques\",\"item\":\"https:\/\/www.uni.lu\/fr\/etudes\/questions-academiques\/\"},{\"@type\":\"ListItem\",\"position\":4,\"name\":\"Statut d\u2019\u00e9tudiant\",\"item\":\"https:\/\/www.uni.lu\/fr\/etudes\/questions-academiques\/statut-d-etudiant\/\"},{\"@type\":\"ListItem\",\"position\":5,\"name\":\"D\u00e9clarer un accident\"}]},{\"@type\":\"WebSite\",\"@id\":\"https:\/\/www.uni.lu\/fr\/#website\",\"url\":\"https:\/\/www.uni.lu\/fr\/\",\"name\":\"Uni.lu\",\"description\":\"Universit\u00e9 du Luxembourg\",\"publisher\":{\"@id\":\"https:\/\/www.uni.lu\/fr\/#organization\"},\"alternateName\":\"Universit\u00e9 du Luxembourg\",\"potentialAction\":[{\"@type\":\"SearchAction\",\"target\":{\"@type\":\"EntryPoint\",\"urlTemplate\":\"https:\/\/www.uni.lu\/fr\/?s={search_term_string}\"},\"query-input\":\"required name=search_term_string\"}],\"inLanguage\":\"fr-FR\"},{\"@type\":\"Organization\",\"@id\":\"https:\/\/www.uni.lu\/fr\/#organization\",\"name\":\"Universit\u00e9 du Luxembourg\",\"alternateName\":\"Uni.lu\",\"url\":\"https:\/\/www.uni.lu\/fr\/\",\"logo\":{\"@type\":\"ImageObject\",\"inLanguage\":\"fr-FR\",\"@id\":\"https:\/\/www.uni.lu\/fr\/#\/schema\/logo\/image\/\",\"url\":\"https:\/\/www.uni.lu\/wp-content\/uploads\/sites\/11\/2026\/03\/03120045\/UNIV_SM-Profile_1600x1600px-scaled.jpg\",\"contentUrl\":\"https:\/\/www.uni.lu\/wp-content\/uploads\/sites\/11\/2026\/03\/03120045\/UNIV_SM-Profile_1600x1600px-scaled.jpg\",\"width\":2560,\"height\":2560,\"caption\":\"Universit\u00e9 du Luxembourg\"},\"image\":{\"@id\":\"https:\/\/www.uni.lu\/fr\/#\/schema\/logo\/image\/\"},\"sameAs\":[\"https:\/\/www.facebook.com\/uni.lu\",\"https:\/\/www.linkedin.com\/school\/university-of-luxembourg\/\",\"https:\/\/www.instagram.com\/uni.lu\",\"https:\/\/www.youtube.com\/@uni_lu\",\"https:\/\/en.wikipedia.org\/wiki\/University_of_Luxembourg\"]}]}<\/script>\n<!-- \/ Yoast SEO Premium plugin. -->","yoast_head_json":{"title":"D\u00e9clarer un accident - Universit\u00e9 du Luxembourg","description":"D\u00e9clarer un accident: Proc\u00e9dure \u00e0 suivre en cas d\u2019accident ou d'urgence \u00e0 l'Universit\u00e9 du Luxembourg.","robots":{"index":"index","follow":"follow","max-snippet":"max-snippet:-1","max-image-preview":"max-image-preview:large","max-video-preview":"max-video-preview:-1"},"canonical":"https:\/\/www.uni.lu\/fr\/etudes\/questions-academiques\/statut-d-etudiant\/declarer-un-accident\/","og_locale":"fr_FR","og_type":"article","og_title":"D\u00e9clarer un accident","og_description":"D\u00e9clarer un accident: Proc\u00e9dure \u00e0 suivre en cas d\u2019accident ou d'urgence \u00e0 l'Universit\u00e9 du Luxembourg.","og_url":"https:\/\/www.uni.lu\/fr\/etudes\/questions-academiques\/statut-d-etudiant\/declarer-un-accident\/","og_site_name":"UNI FR","article_publisher":"https:\/\/www.facebook.com\/uni.lu","article_modified_time":"2026-01-27T09:36:53+00:00","og_image":[{"width":2560,"height":2560,"url":"https:\/\/www.uni.lu\/wp-content\/uploads\/sites\/11\/2026\/03\/03120045\/UNIV_SM-Profile_1600x1600px-scaled.jpg","type":"image\/jpeg"}],"twitter_card":"summary_large_image","twitter_misc":{"Dur\u00e9e de lecture estim\u00e9e":"1 minute"},"schema":{"@context":"https:\/\/schema.org","@graph":[{"@type":"WebPage","@id":"https:\/\/www.uni.lu\/fr\/etudes\/questions-academiques\/statut-d-etudiant\/declarer-un-accident\/","url":"https:\/\/www.uni.lu\/fr\/etudes\/questions-academiques\/statut-d-etudiant\/declarer-un-accident\/","name":"D\u00e9clarer un accident - Universit\u00e9 du Luxembourg","isPartOf":{"@id":"https:\/\/www.uni.lu\/fr\/#website"},"datePublished":"2024-01-17T11:34:41+00:00","dateModified":"2026-01-27T09:36:53+00:00","description":"D\u00e9clarer un accident: Proc\u00e9dure \u00e0 suivre en cas d\u2019accident ou d'urgence \u00e0 l'Universit\u00e9 du Luxembourg.","breadcrumb":{"@id":"https:\/\/www.uni.lu\/fr\/etudes\/questions-academiques\/statut-d-etudiant\/declarer-un-accident\/#breadcrumb"},"inLanguage":"fr-FR","potentialAction":[{"@type":"ReadAction","target":["https:\/\/www.uni.lu\/fr\/etudes\/questions-academiques\/statut-d-etudiant\/declarer-un-accident\/"]}]},{"@type":"BreadcrumbList","@id":"https:\/\/www.uni.lu\/fr\/etudes\/questions-academiques\/statut-d-etudiant\/declarer-un-accident\/#breadcrumb","itemListElement":[{"@type":"ListItem","position":1,"name":"Home","item":"https:\/\/www.uni.lu\/fr\/"},{"@type":"ListItem","position":2,"name":"\u00c9tudes","item":"https:\/\/www.uni.lu\/fr\/etudes\/"},{"@type":"ListItem","position":3,"name":"Questions acad\u00e9miques","item":"https:\/\/www.uni.lu\/fr\/etudes\/questions-academiques\/"},{"@type":"ListItem","position":4,"name":"Statut d\u2019\u00e9tudiant","item":"https:\/\/www.uni.lu\/fr\/etudes\/questions-academiques\/statut-d-etudiant\/"},{"@type":"ListItem","position":5,"name":"D\u00e9clarer un accident"}]},{"@type":"WebSite","@id":"https:\/\/www.uni.lu\/fr\/#website","url":"https:\/\/www.uni.lu\/fr\/","name":"Uni.lu","description":"Universit\u00e9 du Luxembourg","publisher":{"@id":"https:\/\/www.uni.lu\/fr\/#organization"},"alternateName":"Universit\u00e9 du Luxembourg","potentialAction":[{"@type":"SearchAction","target":{"@type":"EntryPoint","urlTemplate":"https:\/\/www.uni.lu\/fr\/?s={search_term_string}"},"query-input":"required name=search_term_string"}],"inLanguage":"fr-FR"},{"@type":"Organization","@id":"https:\/\/www.uni.lu\/fr\/#organization","name":"Universit\u00e9 du Luxembourg","alternateName":"Uni.lu","url":"https:\/\/www.uni.lu\/fr\/","logo":{"@type":"ImageObject","inLanguage":"fr-FR","@id":"https:\/\/www.uni.lu\/fr\/#\/schema\/logo\/image\/","url":"https:\/\/www.uni.lu\/wp-content\/uploads\/sites\/11\/2026\/03\/03120045\/UNIV_SM-Profile_1600x1600px-scaled.jpg","contentUrl":"https:\/\/www.uni.lu\/wp-content\/uploads\/sites\/11\/2026\/03\/03120045\/UNIV_SM-Profile_1600x1600px-scaled.jpg","width":2560,"height":2560,"caption":"Universit\u00e9 du Luxembourg"},"image":{"@id":"https:\/\/www.uni.lu\/fr\/#\/schema\/logo\/image\/"},"sameAs":["https:\/\/www.facebook.com\/uni.lu","https:\/\/www.linkedin.com\/school\/university-of-luxembourg\/","https:\/\/www.instagram.com\/uni.lu","https:\/\/www.youtube.com\/@uni_lu","https:\/\/en.wikipedia.org\/wiki\/University_of_Luxembourg"]}]}},"ticketed":false,"_links":{"self":[{"href":"https:\/\/www.uni.lu\/fr\/wp-json\/wp\/v2\/pages\/9518"}],"collection":[{"href":"https:\/\/www.uni.lu\/fr\/wp-json\/wp\/v2\/pages"}],"about":[{"href":"https:\/\/www.uni.lu\/fr\/wp-json\/wp\/v2\/types\/page"}],"author":[{"embeddable":true,"href":"https:\/\/www.uni.lu\/fr\/wp-json\/wp\/v2\/users\/33"}],"replies":[{"embeddable":true,"href":"https:\/\/www.uni.lu\/fr\/wp-json\/wp\/v2\/comments?post=9518"}],"version-history":[{"count":5,"href":"https:\/\/www.uni.lu\/fr\/wp-json\/wp\/v2\/pages\/9518\/revisions"}],"predecessor-version":[{"id":18014,"href":"https:\/\/www.uni.lu\/fr\/wp-json\/wp\/v2\/pages\/9518\/revisions\/18014"}],"up":[{"embeddable":true,"href":"https:\/\/www.uni.lu\/fr\/wp-json\/wp\/v2\/pages\/9511"}],"wp:authorship":[{"embeddable":true,"href":"https:\/\/www.uni.lu\/fr\/wp-json\/wp\/v2\/users\/33"},{"embeddable":true,"href":"https:\/\/www.uni.lu\/fr\/wp-json\/wp\/v2\/users\/337"},{"embeddable":true,"href":"https:\/\/www.uni.lu\/fr\/wp-json\/wp\/v2\/users\/210"},{"embeddable":true,"href":"https:\/\/www.uni.lu\/fr\/wp-json\/wp\/v2\/users\/68"}],"wp:attachment":[{"href":"https:\/\/www.uni.lu\/fr\/wp-json\/wp\/v2\/media?parent=9518"}],"wp:term":[{"taxonomy":"field-of-interest","embeddable":true,"href":"https:\/\/www.uni.lu\/fr\/wp-json\/wp\/v2\/field-of-interest?post=9518"},{"taxonomy":"organisation","embeddable":true,"href":"https:\/\/www.uni.lu\/fr\/wp-json\/wp\/v2\/organisation?post=9518"}],"curies":[{"name":"wp","href":"https:\/\/api.w.org\/{rel}","templated":true}]}}