{"id":9513,"date":"2024-01-17T12:33:12","date_gmt":"2024-01-17T11:33:12","guid":{"rendered":"https:\/\/www.uni.lu\/fr\/?page_id=9513"},"modified":"2025-07-04T12:03:20","modified_gmt":"2025-07-04T10:03:20","slug":"changer-de-programme-ou-quitter-l-universite","status":"publish","type":"page","link":"https:\/\/www.uni.lu\/fr\/etudes\/questions-academiques\/statut-d-etudiant\/changer-de-programme-ou-quitter-l-universite\/","title":{"rendered":"Changer de programme ou quitter l\u2019Universit\u00e9"},"content":{"rendered":"<div class=\"section py-0 static\">\n<section class=\"py-0 wp-block-unilux-blocks-free-section section\"><div class=\"container xl:max-w-screen-xl\"><!-- SecondaryNavigationMirror --><div class=\"js-secondary-nav--sticky wp-block-unilux-blocks-secondary-navigation\" id=\"29738f73-89ed-427b-9ba2-82fb6b2774f1\">\n    <nav id=\"secondary-navigation\" role=\"navigation\" aria-label=\"Secondary menu\" class=\"secondary-nav\">\n        <button class=\"secondary-nav__button btn btn-solid--primary w-full\" aria-expanded=\"false\" aria-controls=\"secondary-navigation__list\" title=\"The selected page is Aper\u00e7u\" type=\"button\">\n            <span class=\"btn__name mr-auto\">Aper\u00e7u<\/span>\n            <svg aria-hidden=\"true\" focusable=\"false\" class=\"icon icon-outline icon--xs\">\n                <use xlink:href=\"https:\/\/www.uni.lu\/wp-content\/themes\/unilux-theme\/assets\/images\/icons\/icons-outline.svg#icon--arrow-down\" \/>\n            <\/svg>\n        <\/button>\n\n        <ul id=\"secondary-navigation__list\" class=\"secondary-nav__list\">\n            <li class=\"secondary-nav__item\">\n    <a href=\"https:\/\/www.uni.lu\/fr\/etudes\/questions-academiques\/\" target=\"\" rel=\"noreferrer noopener\" class=\"secondary-nav__link \">\n        <svg aria-hidden=\"true\" focusable=\"false\" class=\"icon icon-outline icon--xs\">\n            <use xlink:href=\"https:\/\/www.uni.lu\/wp-content\/themes\/unilux-theme\/assets\/images\/icons\/icons-outline.svg#icon--arrow-right\" \/>\n        <\/svg>\n        <span class=\"secondary-nav__name\">Aper\u00e7u<\/span>\n    <\/a>\n<\/li>\n<li class=\"secondary-nav__item\">\n    <a href=\"https:\/\/www.uni.lu\/fr\/etudes\/questions-academiques\/statut-d-etudiant\/\" target=\"\" rel=\"noreferrer noopener\" class=\"secondary-nav__link \">\n        <svg aria-hidden=\"true\" focusable=\"false\" class=\"icon icon-outline icon--xs\">\n            <use xlink:href=\"https:\/\/www.uni.lu\/wp-content\/themes\/unilux-theme\/assets\/images\/icons\/icons-outline.svg#icon--arrow-right\" \/>\n        <\/svg>\n        <span class=\"secondary-nav__name\">Statut d&rsquo;\u00e9tudiant<\/span>\n    <\/a>\n<\/li>\n<li class=\"secondary-nav__item\">\n    <a href=\"https:\/\/www.uni.lu\/fr\/etudes\/questions-academiques\/progression-des-etudes\/\" target=\"\" rel=\"noreferrer noopener\" class=\"secondary-nav__link \">\n        <svg aria-hidden=\"true\" focusable=\"false\" class=\"icon icon-outline icon--xs\">\n            <use xlink:href=\"https:\/\/www.uni.lu\/wp-content\/themes\/unilux-theme\/assets\/images\/icons\/icons-outline.svg#icon--arrow-right\" \/>\n        <\/svg>\n        <span class=\"secondary-nav__name\">Progression des \u00e9tudes<\/span>\n    <\/a>\n<\/li>\n<li class=\"secondary-nav__item\">\n    <a href=\"https:\/\/www.uni.lu\/fr\/etudes\/questions-academiques\/dispositions-speciales\/\" target=\"\" rel=\"noreferrer noopener\" class=\"secondary-nav__link \">\n        <svg aria-hidden=\"true\" focusable=\"false\" class=\"icon icon-outline icon--xs\">\n            <use xlink:href=\"https:\/\/www.uni.lu\/wp-content\/themes\/unilux-theme\/assets\/images\/icons\/icons-outline.svg#icon--arrow-right\" \/>\n        <\/svg>\n        <span class=\"secondary-nav__name\">Dispositions sp\u00e9ciales<\/span>\n    <\/a>\n<\/li>\n<li class=\"secondary-nav__item\">\n    <a href=\"https:\/\/www.uni.lu\/fr\/etudes\/questions-academiques\/conduite-academique\/\" target=\"\" rel=\"noreferrer noopener\" class=\"secondary-nav__link \">\n        <svg aria-hidden=\"true\" focusable=\"false\" class=\"icon icon-outline icon--xs\">\n            <use xlink:href=\"https:\/\/www.uni.lu\/wp-content\/themes\/unilux-theme\/assets\/images\/icons\/icons-outline.svg#icon--arrow-right\" \/>\n        <\/svg>\n        <span class=\"secondary-nav__name\">Conduite acad\u00e9mique<\/span>\n    <\/a>\n<\/li>\n<li class=\"secondary-nav__item\">\n    <a href=\"https:\/\/www.uni.lu\/fr\/etudes\/questions-academiques\/recours\/\" target=\"\" rel=\"noreferrer noopener\" class=\"secondary-nav__link \">\n        <svg aria-hidden=\"true\" focusable=\"false\" class=\"icon icon-outline icon--xs\">\n            <use xlink:href=\"https:\/\/www.uni.lu\/wp-content\/themes\/unilux-theme\/assets\/images\/icons\/icons-outline.svg#icon--arrow-right\" \/>\n        <\/svg>\n        <span class=\"secondary-nav__name\">Recours<\/span>\n    <\/a>\n<\/li>\n        <\/ul>\n    <\/nav>\n<\/div>\n<!-- end SecondaryNavigationMirror --><\/div><\/section>\n\n\n\n<section class=\"wp-block-unilux-blocks-free-section section\"><div class=\"container xl:max-w-screen-xl\">\n<h1 class=\"has-text-align-left wp-block-unilux-blocks-heading\"        id=\"changer-de-programme-ou-quitter-luniversite\"\n    >\nChanger de programme ou quitter l\u2019Universit\u00e9<\/h1>\n\n\n\n<h2 class=\"has-text-align-left wp-block-unilux-blocks-heading\"        id=\"changer-de-programme\"\n    >\nChanger de programme<\/h2>\n\n\n\n<p>Les \u00e9tudiants souhaitant changer de programme doivent :<\/p>\n\n\n\n<ul class=\"ulux-list\">\n<li class=\"ulux-list-item\">avoir postul\u00e9 \u00e0 leur programme d\u2019\u00e9tudes pr\u00e9f\u00e9r\u00e9 pendant la p\u00e9riode de candidature et \u00eatre admis au programme,<\/li>\n\n\n\n<li class=\"ulux-list-item\">informer le Service des \u00e9tudes et de la vie \u00e9tudiante de leur intention de changer de programme d\u2019\u00e9tudes dans les deux premi\u00e8res semaines du semestre d\u2019hiver.<\/li>\n<\/ul>\n\n\n\n<p>Le Service des \u00e9tudes et de la vie \u00e9tudiante ne peut valider ce changement que s\u2019il a \u00e9t\u00e9 approuv\u00e9 par le Directeur du programme d\u2019\u00e9tudes.<\/p>\n\n\n\n<div class=\"icon--gray icon--gray-2  wp-block-unilux-blocks-icon-picker\">\n    <svg aria-hidden=\"true\" focusable=\"false\" class=\"icon icon-outline icon--warning \"><use xlink:href=\"https:\/\/www.uni.lu\/wp-content\/themes\/unilux-theme\/assets\/images\/icons\/icons-outline.svg#icon--warning\"><\/use><\/svg><\/div>\n\n\n<p>Il n\u2019est pas possible de changer de programme entre le semestre d\u2019hiver et le semestre d\u2019\u00e9t\u00e9.<\/p>\n<\/div><\/section>\n\n\n\n<section class=\"wp-block-unilux-blocks-free-section section\"><div class=\"container xl:max-w-screen-xl\">\n<h2 class=\"has-text-align-left wp-block-unilux-blocks-heading\"        id=\"se-retirer-dun-programme-quitter-luniversite\"\n    >\nSe retirer d\u2019un programme (quitter l\u2019Universit\u00e9)<\/h2>\n\n\n\n<p>Les \u00e9tudiants qui souhaitent annuler leur inscription doivent en informer le Service des \u00e9tudes et de la vie \u00e9tudiante via le <a href=\"https:\/\/service.uni.lu\/ssp\" target=\"_blank\" rel=\"noreferrer noopener\">portail du Service \u00e9tudiants<\/a> et renvoyer leur carte d\u2019\u00e9tudiant au Service des \u00e9tudes et de la vie \u00e9tudiante.<\/p>\n\n\n\n<p>Les frais d\u2019inscription d\u00e9j\u00e0 pay\u00e9s ne pourront en aucun cas \u00eatre rembours\u00e9s.<\/p>\n\n\n\n<p>Sur demande, le <a href=\"https:\/\/www.uni.lu\/fr\/a-propos\/organisation\/administration\/seve\/\">Service des \u00e9tudes et de la vie \u00e9tudiante<\/a> peut d\u00e9livrer un document confirmant l\u2019annulation de l\u2019inscription.<\/p>\n<\/div><\/section>\n<\/div>","protected":false},"excerpt":{"rendered":"","protected":false},"author":33,"featured_media":0,"parent":9511,"menu_order":0,"comment_status":"closed","ping_status":"closed","template":"","meta":{"featured_image_focal_point":[],"show_featured_caption":false,"ulux_newsletter_groups":"","uluxPostTitle":"Questions acad\u00e9miques","uluxPrePostTitle":"\u00c9tudes","_trash_the_other_posts":false,"_price":"","_stock":"","_tribe_ticket_header":"","_tribe_default_ticket_provider":"","_tribe_ticket_capacity":"0","_ticket_start_date":"","_ticket_end_date":"","_tribe_ticket_show_description":"","_tribe_ticket_show_not_going":false,"_tribe_ticket_use_global_stock":"","_tribe_ticket_global_stock_level":"","_global_stock_mode":"","_global_stock_cap":"","_tribe_rsvp_for_event":"","_tribe_ticket_going_count":"","_tribe_ticket_not_going_count":"","_tribe_tickets_list":"[]","_tribe_ticket_has_attendee_info_fields":false,"footnotes":""},"field-of-interest":[],"organisation":[],"authorship":[33,337,210,68],"acf":[],"yoast_head":"<!-- This site is optimized with the Yoast SEO Premium plugin v22.3 (Yoast SEO v22.3) - https:\/\/yoast.com\/wordpress\/plugins\/seo\/ -->\n<title>Changer de programme ou quitter l\u2019Universit\u00e9 I Uni.lu<\/title>\n<meta name=\"description\" content=\"Les \u00e9tudiants souhaitant changer leur programme ou quitter l&#039;Universit\u00e9 doivent informer le Services des \u00e9tudes (SEVE).\" \/>\n<meta name=\"robots\" content=\"index, follow, max-snippet:-1, max-image-preview:large, max-video-preview:-1\" \/>\n<link rel=\"canonical\" href=\"https:\/\/www.uni.lu\/fr\/etudes\/questions-academiques\/statut-d-etudiant\/changer-de-programme-ou-quitter-l-universite\/\" \/>\n<meta property=\"og:locale\" content=\"fr_FR\" \/>\n<meta property=\"og:type\" content=\"article\" \/>\n<meta property=\"og:title\" content=\"Changer de programme ou quitter l\u2019Universit\u00e9\" \/>\n<meta property=\"og:description\" content=\"Les \u00e9tudiants souhaitant changer leur programme ou quitter l&#039;Universit\u00e9 doivent informer le Services des \u00e9tudes (SEVE).\" \/>\n<meta property=\"og:url\" content=\"https:\/\/www.uni.lu\/fr\/etudes\/questions-academiques\/statut-d-etudiant\/changer-de-programme-ou-quitter-l-universite\/\" \/>\n<meta property=\"og:site_name\" content=\"UNI FR\" \/>\n<meta property=\"article:publisher\" content=\"https:\/\/www.facebook.com\/uni.lu\" \/>\n<meta property=\"article:modified_time\" content=\"2025-07-04T10:03:20+00:00\" \/>\n<meta property=\"og:image\" content=\"https:\/\/www.uni.lu\/wp-content\/uploads\/sites\/11\/2026\/03\/03120045\/UNIV_SM-Profile_1600x1600px-scaled.jpg\" \/>\n\t<meta property=\"og:image:width\" content=\"2560\" \/>\n\t<meta property=\"og:image:height\" content=\"2560\" \/>\n\t<meta property=\"og:image:type\" content=\"image\/jpeg\" \/>\n<meta name=\"twitter:card\" content=\"summary_large_image\" \/>\n<meta name=\"twitter:label1\" content=\"Dur\u00e9e de lecture estim\u00e9e\" \/>\n\t<meta name=\"twitter:data1\" content=\"1 minute\" \/>\n<script type=\"application\/ld+json\" class=\"yoast-schema-graph\">{\"@context\":\"https:\/\/schema.org\",\"@graph\":[{\"@type\":\"WebPage\",\"@id\":\"https:\/\/www.uni.lu\/fr\/etudes\/questions-academiques\/statut-d-etudiant\/changer-de-programme-ou-quitter-l-universite\/\",\"url\":\"https:\/\/www.uni.lu\/fr\/etudes\/questions-academiques\/statut-d-etudiant\/changer-de-programme-ou-quitter-l-universite\/\",\"name\":\"Changer de programme ou quitter l\u2019Universit\u00e9 I Uni.lu\",\"isPartOf\":{\"@id\":\"https:\/\/www.uni.lu\/fr\/#website\"},\"datePublished\":\"2024-01-17T11:33:12+00:00\",\"dateModified\":\"2025-07-04T10:03:20+00:00\",\"description\":\"Les \u00e9tudiants souhaitant changer leur programme ou quitter l'Universit\u00e9 doivent informer le Services des \u00e9tudes (SEVE).\",\"breadcrumb\":{\"@id\":\"https:\/\/www.uni.lu\/fr\/etudes\/questions-academiques\/statut-d-etudiant\/changer-de-programme-ou-quitter-l-universite\/#breadcrumb\"},\"inLanguage\":\"fr-FR\",\"potentialAction\":[{\"@type\":\"ReadAction\",\"target\":[\"https:\/\/www.uni.lu\/fr\/etudes\/questions-academiques\/statut-d-etudiant\/changer-de-programme-ou-quitter-l-universite\/\"]}]},{\"@type\":\"BreadcrumbList\",\"@id\":\"https:\/\/www.uni.lu\/fr\/etudes\/questions-academiques\/statut-d-etudiant\/changer-de-programme-ou-quitter-l-universite\/#breadcrumb\",\"itemListElement\":[{\"@type\":\"ListItem\",\"position\":1,\"name\":\"Home\",\"item\":\"https:\/\/www.uni.lu\/fr\/\"},{\"@type\":\"ListItem\",\"position\":2,\"name\":\"\u00c9tudes\",\"item\":\"https:\/\/www.uni.lu\/fr\/etudes\/\"},{\"@type\":\"ListItem\",\"position\":3,\"name\":\"Questions acad\u00e9miques\",\"item\":\"https:\/\/www.uni.lu\/fr\/etudes\/questions-academiques\/\"},{\"@type\":\"ListItem\",\"position\":4,\"name\":\"Statut d\u2019\u00e9tudiant\",\"item\":\"https:\/\/www.uni.lu\/fr\/etudes\/questions-academiques\/statut-d-etudiant\/\"},{\"@type\":\"ListItem\",\"position\":5,\"name\":\"Changer de programme ou quitter l\u2019Universit\u00e9\"}]},{\"@type\":\"WebSite\",\"@id\":\"https:\/\/www.uni.lu\/fr\/#website\",\"url\":\"https:\/\/www.uni.lu\/fr\/\",\"name\":\"Uni.lu\",\"description\":\"Universit\u00e9 du Luxembourg\",\"publisher\":{\"@id\":\"https:\/\/www.uni.lu\/fr\/#organization\"},\"alternateName\":\"Universit\u00e9 du Luxembourg\",\"potentialAction\":[{\"@type\":\"SearchAction\",\"target\":{\"@type\":\"EntryPoint\",\"urlTemplate\":\"https:\/\/www.uni.lu\/fr\/?s={search_term_string}\"},\"query-input\":\"required name=search_term_string\"}],\"inLanguage\":\"fr-FR\"},{\"@type\":\"Organization\",\"@id\":\"https:\/\/www.uni.lu\/fr\/#organization\",\"name\":\"Universit\u00e9 du Luxembourg\",\"alternateName\":\"Uni.lu\",\"url\":\"https:\/\/www.uni.lu\/fr\/\",\"logo\":{\"@type\":\"ImageObject\",\"inLanguage\":\"fr-FR\",\"@id\":\"https:\/\/www.uni.lu\/fr\/#\/schema\/logo\/image\/\",\"url\":\"https:\/\/www.uni.lu\/wp-content\/uploads\/sites\/11\/2026\/03\/03120045\/UNIV_SM-Profile_1600x1600px-scaled.jpg\",\"contentUrl\":\"https:\/\/www.uni.lu\/wp-content\/uploads\/sites\/11\/2026\/03\/03120045\/UNIV_SM-Profile_1600x1600px-scaled.jpg\",\"width\":2560,\"height\":2560,\"caption\":\"Universit\u00e9 du Luxembourg\"},\"image\":{\"@id\":\"https:\/\/www.uni.lu\/fr\/#\/schema\/logo\/image\/\"},\"sameAs\":[\"https:\/\/www.facebook.com\/uni.lu\",\"https:\/\/www.linkedin.com\/school\/university-of-luxembourg\/\",\"https:\/\/www.instagram.com\/uni.lu\",\"https:\/\/www.youtube.com\/@uni_lu\",\"https:\/\/en.wikipedia.org\/wiki\/University_of_Luxembourg\"]}]}<\/script>\n<!-- \/ Yoast SEO Premium plugin. -->","yoast_head_json":{"title":"Changer de programme ou quitter l\u2019Universit\u00e9 I Uni.lu","description":"Les \u00e9tudiants souhaitant changer leur programme ou quitter l'Universit\u00e9 doivent informer le Services des \u00e9tudes (SEVE).","robots":{"index":"index","follow":"follow","max-snippet":"max-snippet:-1","max-image-preview":"max-image-preview:large","max-video-preview":"max-video-preview:-1"},"canonical":"https:\/\/www.uni.lu\/fr\/etudes\/questions-academiques\/statut-d-etudiant\/changer-de-programme-ou-quitter-l-universite\/","og_locale":"fr_FR","og_type":"article","og_title":"Changer de programme ou quitter l\u2019Universit\u00e9","og_description":"Les \u00e9tudiants souhaitant changer leur programme ou quitter l'Universit\u00e9 doivent informer le Services des \u00e9tudes (SEVE).","og_url":"https:\/\/www.uni.lu\/fr\/etudes\/questions-academiques\/statut-d-etudiant\/changer-de-programme-ou-quitter-l-universite\/","og_site_name":"UNI FR","article_publisher":"https:\/\/www.facebook.com\/uni.lu","article_modified_time":"2025-07-04T10:03:20+00:00","og_image":[{"width":2560,"height":2560,"url":"https:\/\/www.uni.lu\/wp-content\/uploads\/sites\/11\/2026\/03\/03120045\/UNIV_SM-Profile_1600x1600px-scaled.jpg","type":"image\/jpeg"}],"twitter_card":"summary_large_image","twitter_misc":{"Dur\u00e9e de lecture estim\u00e9e":"1 minute"},"schema":{"@context":"https:\/\/schema.org","@graph":[{"@type":"WebPage","@id":"https:\/\/www.uni.lu\/fr\/etudes\/questions-academiques\/statut-d-etudiant\/changer-de-programme-ou-quitter-l-universite\/","url":"https:\/\/www.uni.lu\/fr\/etudes\/questions-academiques\/statut-d-etudiant\/changer-de-programme-ou-quitter-l-universite\/","name":"Changer de programme ou quitter l\u2019Universit\u00e9 I Uni.lu","isPartOf":{"@id":"https:\/\/www.uni.lu\/fr\/#website"},"datePublished":"2024-01-17T11:33:12+00:00","dateModified":"2025-07-04T10:03:20+00:00","description":"Les \u00e9tudiants souhaitant changer leur programme ou quitter l'Universit\u00e9 doivent informer le Services des \u00e9tudes (SEVE).","breadcrumb":{"@id":"https:\/\/www.uni.lu\/fr\/etudes\/questions-academiques\/statut-d-etudiant\/changer-de-programme-ou-quitter-l-universite\/#breadcrumb"},"inLanguage":"fr-FR","potentialAction":[{"@type":"ReadAction","target":["https:\/\/www.uni.lu\/fr\/etudes\/questions-academiques\/statut-d-etudiant\/changer-de-programme-ou-quitter-l-universite\/"]}]},{"@type":"BreadcrumbList","@id":"https:\/\/www.uni.lu\/fr\/etudes\/questions-academiques\/statut-d-etudiant\/changer-de-programme-ou-quitter-l-universite\/#breadcrumb","itemListElement":[{"@type":"ListItem","position":1,"name":"Home","item":"https:\/\/www.uni.lu\/fr\/"},{"@type":"ListItem","position":2,"name":"\u00c9tudes","item":"https:\/\/www.uni.lu\/fr\/etudes\/"},{"@type":"ListItem","position":3,"name":"Questions acad\u00e9miques","item":"https:\/\/www.uni.lu\/fr\/etudes\/questions-academiques\/"},{"@type":"ListItem","position":4,"name":"Statut d\u2019\u00e9tudiant","item":"https:\/\/www.uni.lu\/fr\/etudes\/questions-academiques\/statut-d-etudiant\/"},{"@type":"ListItem","position":5,"name":"Changer de programme ou quitter l\u2019Universit\u00e9"}]},{"@type":"WebSite","@id":"https:\/\/www.uni.lu\/fr\/#website","url":"https:\/\/www.uni.lu\/fr\/","name":"Uni.lu","description":"Universit\u00e9 du Luxembourg","publisher":{"@id":"https:\/\/www.uni.lu\/fr\/#organization"},"alternateName":"Universit\u00e9 du Luxembourg","potentialAction":[{"@type":"SearchAction","target":{"@type":"EntryPoint","urlTemplate":"https:\/\/www.uni.lu\/fr\/?s={search_term_string}"},"query-input":"required name=search_term_string"}],"inLanguage":"fr-FR"},{"@type":"Organization","@id":"https:\/\/www.uni.lu\/fr\/#organization","name":"Universit\u00e9 du Luxembourg","alternateName":"Uni.lu","url":"https:\/\/www.uni.lu\/fr\/","logo":{"@type":"ImageObject","inLanguage":"fr-FR","@id":"https:\/\/www.uni.lu\/fr\/#\/schema\/logo\/image\/","url":"https:\/\/www.uni.lu\/wp-content\/uploads\/sites\/11\/2026\/03\/03120045\/UNIV_SM-Profile_1600x1600px-scaled.jpg","contentUrl":"https:\/\/www.uni.lu\/wp-content\/uploads\/sites\/11\/2026\/03\/03120045\/UNIV_SM-Profile_1600x1600px-scaled.jpg","width":2560,"height":2560,"caption":"Universit\u00e9 du Luxembourg"},"image":{"@id":"https:\/\/www.uni.lu\/fr\/#\/schema\/logo\/image\/"},"sameAs":["https:\/\/www.facebook.com\/uni.lu","https:\/\/www.linkedin.com\/school\/university-of-luxembourg\/","https:\/\/www.instagram.com\/uni.lu","https:\/\/www.youtube.com\/@uni_lu","https:\/\/en.wikipedia.org\/wiki\/University_of_Luxembourg"]}]}},"ticketed":false,"_links":{"self":[{"href":"https:\/\/www.uni.lu\/fr\/wp-json\/wp\/v2\/pages\/9513"}],"collection":[{"href":"https:\/\/www.uni.lu\/fr\/wp-json\/wp\/v2\/pages"}],"about":[{"href":"https:\/\/www.uni.lu\/fr\/wp-json\/wp\/v2\/types\/page"}],"author":[{"embeddable":true,"href":"https:\/\/www.uni.lu\/fr\/wp-json\/wp\/v2\/users\/33"}],"replies":[{"embeddable":true,"href":"https:\/\/www.uni.lu\/fr\/wp-json\/wp\/v2\/comments?post=9513"}],"version-history":[{"count":3,"href":"https:\/\/www.uni.lu\/fr\/wp-json\/wp\/v2\/pages\/9513\/revisions"}],"predecessor-version":[{"id":9703,"href":"https:\/\/www.uni.lu\/fr\/wp-json\/wp\/v2\/pages\/9513\/revisions\/9703"}],"up":[{"embeddable":true,"href":"https:\/\/www.uni.lu\/fr\/wp-json\/wp\/v2\/pages\/9511"}],"wp:authorship":[{"embeddable":true,"href":"https:\/\/www.uni.lu\/fr\/wp-json\/wp\/v2\/users\/33"},{"embeddable":true,"href":"https:\/\/www.uni.lu\/fr\/wp-json\/wp\/v2\/users\/337"},{"embeddable":true,"href":"https:\/\/www.uni.lu\/fr\/wp-json\/wp\/v2\/users\/210"},{"embeddable":true,"href":"https:\/\/www.uni.lu\/fr\/wp-json\/wp\/v2\/users\/68"}],"wp:attachment":[{"href":"https:\/\/www.uni.lu\/fr\/wp-json\/wp\/v2\/media?parent=9513"}],"wp:term":[{"taxonomy":"field-of-interest","embeddable":true,"href":"https:\/\/www.uni.lu\/fr\/wp-json\/wp\/v2\/field-of-interest?post=9513"},{"taxonomy":"organisation","embeddable":true,"href":"https:\/\/www.uni.lu\/fr\/wp-json\/wp\/v2\/organisation?post=9513"}],"curies":[{"name":"wp","href":"https:\/\/api.w.org\/{rel}","templated":true}]}}