{"id":9502,"date":"2024-01-17T12:24:31","date_gmt":"2024-01-17T11:24:31","guid":{"rendered":"https:\/\/www.uni.lu\/fr\/?page_id=9502"},"modified":"2025-07-04T12:03:24","modified_gmt":"2025-07-04T10:03:24","slug":"suspensions-des-etudes","status":"publish","type":"page","link":"https:\/\/www.uni.lu\/fr\/etudes\/questions-academiques\/dispositions-speciales\/suspensions-des-etudes\/","title":{"rendered":"Suspensions des \u00e9tudes"},"content":{"rendered":"<div class=\"section py-0 static\">\n<section class=\"py-0 wp-block-unilux-blocks-free-section section\"><div class=\"container xl:max-w-screen-xl\"><!-- SecondaryNavigationMirror --><div class=\"js-secondary-nav--sticky wp-block-unilux-blocks-secondary-navigation\" id=\"29738f73-89ed-427b-9ba2-82fb6b2774f1\">\n    <nav id=\"secondary-navigation\" role=\"navigation\" aria-label=\"Secondary menu\" class=\"secondary-nav\">\n        <button class=\"secondary-nav__button btn btn-solid--primary w-full\" aria-expanded=\"false\" aria-controls=\"secondary-navigation__list\" title=\"The selected page is Aper\u00e7u\" type=\"button\">\n            <span class=\"btn__name mr-auto\">Aper\u00e7u<\/span>\n            <svg aria-hidden=\"true\" focusable=\"false\" class=\"icon icon-outline icon--xs\">\n                <use xlink:href=\"https:\/\/www.uni.lu\/wp-content\/themes\/unilux-theme\/assets\/images\/icons\/icons-outline.svg#icon--arrow-down\" \/>\n            <\/svg>\n        <\/button>\n\n        <ul id=\"secondary-navigation__list\" class=\"secondary-nav__list\">\n            <li class=\"secondary-nav__item\">\n    <a href=\"https:\/\/www.uni.lu\/fr\/etudes\/questions-academiques\/\" target=\"\" rel=\"noreferrer noopener\" class=\"secondary-nav__link \">\n        <svg aria-hidden=\"true\" focusable=\"false\" class=\"icon icon-outline icon--xs\">\n            <use xlink:href=\"https:\/\/www.uni.lu\/wp-content\/themes\/unilux-theme\/assets\/images\/icons\/icons-outline.svg#icon--arrow-right\" \/>\n        <\/svg>\n        <span class=\"secondary-nav__name\">Aper\u00e7u<\/span>\n    <\/a>\n<\/li>\n<li class=\"secondary-nav__item\">\n    <a href=\"https:\/\/www.uni.lu\/fr\/etudes\/questions-academiques\/statut-d-etudiant\/\" target=\"\" rel=\"noreferrer noopener\" class=\"secondary-nav__link \">\n        <svg aria-hidden=\"true\" focusable=\"false\" class=\"icon icon-outline icon--xs\">\n            <use xlink:href=\"https:\/\/www.uni.lu\/wp-content\/themes\/unilux-theme\/assets\/images\/icons\/icons-outline.svg#icon--arrow-right\" \/>\n        <\/svg>\n        <span class=\"secondary-nav__name\">Statut d&rsquo;\u00e9tudiant<\/span>\n    <\/a>\n<\/li>\n<li class=\"secondary-nav__item\">\n    <a href=\"https:\/\/www.uni.lu\/fr\/etudes\/questions-academiques\/progression-des-etudes\/\" target=\"\" rel=\"noreferrer noopener\" class=\"secondary-nav__link \">\n        <svg aria-hidden=\"true\" focusable=\"false\" class=\"icon icon-outline icon--xs\">\n            <use xlink:href=\"https:\/\/www.uni.lu\/wp-content\/themes\/unilux-theme\/assets\/images\/icons\/icons-outline.svg#icon--arrow-right\" \/>\n        <\/svg>\n        <span class=\"secondary-nav__name\">Progression des \u00e9tudes<\/span>\n    <\/a>\n<\/li>\n<li class=\"secondary-nav__item\">\n    <a href=\"https:\/\/www.uni.lu\/fr\/etudes\/questions-academiques\/dispositions-speciales\/\" target=\"\" rel=\"noreferrer noopener\" class=\"secondary-nav__link \">\n        <svg aria-hidden=\"true\" focusable=\"false\" class=\"icon icon-outline icon--xs\">\n            <use xlink:href=\"https:\/\/www.uni.lu\/wp-content\/themes\/unilux-theme\/assets\/images\/icons\/icons-outline.svg#icon--arrow-right\" \/>\n        <\/svg>\n        <span class=\"secondary-nav__name\">Dispositions sp\u00e9ciales<\/span>\n    <\/a>\n<\/li>\n<li class=\"secondary-nav__item\">\n    <a href=\"https:\/\/www.uni.lu\/fr\/etudes\/questions-academiques\/conduite-academique\/\" target=\"\" rel=\"noreferrer noopener\" class=\"secondary-nav__link \">\n        <svg aria-hidden=\"true\" focusable=\"false\" class=\"icon icon-outline icon--xs\">\n            <use xlink:href=\"https:\/\/www.uni.lu\/wp-content\/themes\/unilux-theme\/assets\/images\/icons\/icons-outline.svg#icon--arrow-right\" \/>\n        <\/svg>\n        <span class=\"secondary-nav__name\">Conduite acad\u00e9mique<\/span>\n    <\/a>\n<\/li>\n<li class=\"secondary-nav__item\">\n    <a href=\"https:\/\/www.uni.lu\/fr\/etudes\/questions-academiques\/recours\/\" target=\"\" rel=\"noreferrer noopener\" class=\"secondary-nav__link \">\n        <svg aria-hidden=\"true\" focusable=\"false\" class=\"icon icon-outline icon--xs\">\n            <use xlink:href=\"https:\/\/www.uni.lu\/wp-content\/themes\/unilux-theme\/assets\/images\/icons\/icons-outline.svg#icon--arrow-right\" \/>\n        <\/svg>\n        <span class=\"secondary-nav__name\">Recours<\/span>\n    <\/a>\n<\/li>\n        <\/ul>\n    <\/nav>\n<\/div>\n<!-- end SecondaryNavigationMirror --><\/div><\/section>\n\n\n\n<section class=\"wp-block-unilux-blocks-free-section section\"><div class=\"container xl:max-w-screen-xl\">\n<h1 class=\"has-text-align-left wp-block-unilux-blocks-heading\"        id=\"suspensions-des-etudes\"\n    >\nSuspensions des \u00e9tudes<\/h1>\n\n\n\n<p>Les \u00e9tudiants inscrits \u00e0 un programme de bachelor ou de master \u00e0 l\u2019Universit\u00e9 peuvent, sous certaines conditions, demander une suspension des \u00e9tudes. Durant une suspension des \u00e9tudes, l\u2019\u00e9tudiant reste inscrit dans son programme d\u2019\u00e9tudes, mais ne participe pas aux cours et aux examens. La dur\u00e9e de l\u2019absence n\u2019est pas incluse dans le calcul de la dur\u00e9e maximale des \u00e9tudes.<\/p>\n\n\n\n<p>Une suspension des \u00e9tudes peut \u00eatre accord\u00e9e dans les circonstances suivantes :<\/p>\n\n\n\n<ul class=\"ulux-list\">\n<li class=\"ulux-list-item\">maladie ou autre probl\u00e8me de sant\u00e9,<\/li>\n\n\n\n<li class=\"ulux-list-item\">prise en charge d\u2019un conjoint ou d\u2019un proche au premier degr\u00e9 (parents, enfants) qui n\u00e9cessite des soins intensifs<\/li>\n\n\n\n<li class=\"ulux-list-item\">grossesse et maternit\u00e9\/paternit\u00e9, dans les trois mois suivant la naissance ou l\u2019adoption,<\/li>\n\n\n\n<li class=\"ulux-list-item\">cong\u00e9 parental jusqu\u2019au troisi\u00e8me anniversaire de l\u2019enfant,<\/li>\n\n\n\n<li class=\"ulux-list-item\">service militaire ou service civil obligatoire.<\/li>\n\n\n\n<li class=\"ulux-list-item\">D\u2019autres circonstances doivent \u00eatre exceptionnelles pour donner droit \u00e0 une suspension des \u00e9tudes et sont \u00e9valu\u00e9es au cas par cas.<\/li>\n<\/ul>\n\n\n\n<p><strong>Quelles sont les cons\u00e9quences d\u2019une suspension des \u00e9tudes&nbsp;?<\/strong><br>Un \u00e9tudiant b\u00e9n\u00e9ficiant d\u2019une suspension des \u00e9tudes reste inscrit, mais n\u2019a plus le droit de&nbsp;:<\/p>\n\n\n\n<ul class=\"ulux-list\">\n<li class=\"ulux-list-item\">suivre des cours et assister \u00e0 des cours,<\/li>\n\n\n\n<li class=\"ulux-list-item\">b\u00e9n\u00e9ficier d\u2019un encadrement,<\/li>\n\n\n\n<li class=\"ulux-list-item\">participer \u00e0 des examens ou \u00e0 toute autre forme d\u2019\u00e9valuation,<\/li>\n\n\n\n<li class=\"ulux-list-item\">participer aux \u00e9lections, ou \u00eatre \u00e9lu ou agir en tant que repr\u00e9sentant des \u00e9tudiants.<\/li>\n<\/ul>\n\n\n\n<p>Toutefois, un \u00e9tudiant b\u00e9n\u00e9ficiant d\u2019une suspension des \u00e9tudes :<\/p>\n\n\n\n<ul class=\"ulux-list\">\n<li class=\"ulux-list-item\">conserve sa carte d\u2019\u00e9tudiant,<\/li>\n\n\n\n<li class=\"ulux-list-item\">peut rester \u00e9ligible au logement \u00e9tudiant (d\u00e9cision soumise \u00e0 disponibilit\u00e9 et \u00e0 l\u2019\u00e9valuation de la situation personnelle de l\u2019\u00e9tudiant),<\/li>\n\n\n\n<li class=\"ulux-list-item\">peut acc\u00e9der aux installations universitaires, notamment la biblioth\u00e8que, les restaurants et les installations sportives.<\/li>\n<\/ul>\n\n\n\n<p>L\u2019\u00e9tudiant b\u00e9n\u00e9ficiant d\u2019une suspension des \u00e9tudes doit \u00e9galement continuer \u00e0 :<\/p>\n\n\n\n<ul class=\"ulux-list\">\n<li class=\"ulux-list-item\">respecter les conditions g\u00e9n\u00e9rales d\u2019\u00e9ligibilit\u00e9 (par exemple&nbsp;: autorisation de s\u00e9jour dans le pays),<\/li>\n\n\n\n<li class=\"ulux-list-item\">\u00eatre couvert par une assurance maladie,<\/li>\n\n\n\n<li class=\"ulux-list-item\">respecter les obligations fix\u00e9es dans la Charte des usagers (Annexe&nbsp;1 du R\u00e8glement des \u00e9tudes).<\/li>\n<\/ul>\n\n\n\n<p><strong>Comment demander une suspension des \u00e9tudes<\/strong><\/p>\n\n\n\n<p>Les \u00e9tudiants souhaitant demander une suspension des \u00e9tudes ou prolonger une p\u00e9riode de suspension en cours doivent remplir le formulaire correspondant (voir \u00ab <a href=\"#documents-utiles\">Documents utiles<\/a> \u00bb) et le remettre, accompagn\u00e9 des justificatifs pertinents, au directeur de leur programme d\u2019\u00e9tudes.<\/p>\n\n\n\n<p>Les demandes sont g\u00e9n\u00e9ralement trait\u00e9es dans un d\u00e9lai de quatre (4) semaines.<\/p>\n\n\n\n<p><strong>Si la suspension des \u00e9tudes est accord\u00e9e<\/strong><\/p>\n\n\n\n<p>Lorsqu\u2019une suspension des \u00e9tudes est accord\u00e9e, elle l\u2019est toujours pour une p\u00e9riode limit\u00e9e, g\u00e9n\u00e9ralement pour la dur\u00e9e d\u2019un ou de deux semestres d\u2019\u00e9tudes au maximum. Dans la mesure du possible, les p\u00e9riodes de suspension commencent au d\u00e9but du semestre et doivent \u00eatre demand\u00e9es au moins quatre (4) semaines avant le d\u00e9but du semestre. Les demandes de suspensions des \u00e9tudiants nouvellement admis soumises pendant leur premier semestre d\u2019inscription ne seront pas accord\u00e9es.<\/p>\n\n\n\n<p>Aucune suspension des \u00e9tudes ne peut \u00eatre accord\u00e9e de mani\u00e8re r\u00e9troactive ou pour des circonstances qui ne sont plus applicables au moment du d\u00e9p\u00f4t de la demande.<\/p>\n\n\n\n<p>Les demandes de prolongation d\u2019une suspension des \u00e9tudes en cours doivent \u00eatre soumises au moins quatre (4) semaines avant la fin de la p\u00e9riode d\u2019absence en cours.<\/p>\n\n\n\n<p>Il est possible de mettre fin \u00e0 une suspension des \u00e9tudes avant la date convenue. Pour ce faire, l\u2019\u00e9tudiant doit adresser une demande de fin de suspension des \u00e9tudes au Bureau des admissions du Service des \u00e9tudes et de la vie \u00e9tudiante (SEVE).<\/p>\n\n\n\n<p><strong>Conseils et accompagnement<\/strong><\/p>\n\n\n\n<p>Si vous vous demandez si vous avez droit \u00e0 une suspension des \u00e9tudes ou s\u2019il est opportun d\u2019en solliciter une, il vous est conseill\u00e9 de contacter le directeur ou l\u2019administrateur de votre programme d\u2019\u00e9tudes pour obtenir ses conseils et son accompagnement.<\/p>\n<\/div><\/section>\n\n\n\n<section class=\"py-0 wp-block-unilux-blocks-free-section section\"><div class=\"container xl:max-w-screen-xl\">\n<h2 class=\"has-text-align-left wp-block-unilux-blocks-heading\"        id=\"documents-utiles\"\n    >\nDocuments utiles<\/h2>\n\n\n<ul class=\"wp-block-unilux-blocks-button-list\">\n    <li class=\"wp-block-unilux-blocks-button-list-item\">\n    <a\n            href=\"https:\/\/www.uni.lu\/wp-content\/uploads\/sites\/9\/2023\/07\/VRA_memo2023_02_leaves_EN_20230315.pdf\"\n            class=\"quick-link wp-block-unilux-blocks-anchor\"        target=\"_blank\"\n>\n    \n<span class=\"wp-block-unilux-blocks-wrapper quick-link__container\"><figure class=\"wp-block-dev4-reusable-blocks-image quick-link__img object-fit--scale-down\">\n        <\/figure>\n\n\n<span class=\"quick-link__name wp-block-unilux-blocks-plain-text\">Note sur les suspensions des \u00e9tudes (PDF) (EN)<\/span>\n\n<svg aria-hidden=\"true\" focusable=\"false\" class=\"icon icon-outline icon--download \"><use xlink:href=\"https:\/\/www.uni.lu\/wp-content\/themes\/unilux-theme\/assets\/images\/icons\/icons-outline.svg#icon--download\"><\/use><\/svg><\/span>\n<\/a>\n<\/li><li class=\"wp-block-unilux-blocks-button-list-item\">\n    <a\n            href=\"https:\/\/www.uni.lu\/wp-content\/uploads\/sites\/9\/2024\/03\/UL_leaves_form2023_v2_EN_f.docx\"\n            class=\"quick-link wp-block-unilux-blocks-anchor\"        target=\"_blank\"\n>\n    \n<span class=\"wp-block-unilux-blocks-wrapper quick-link__container\"><figure class=\"wp-block-dev4-reusable-blocks-image quick-link__img object-fit--scale-down\">\n        <\/figure>\n\n\n<span class=\"quick-link__name wp-block-unilux-blocks-plain-text\">Formulaire de demande de suspension des \u00e9tudes (.docx) (EN)<\/span>\n\n<svg aria-hidden=\"true\" focusable=\"false\" class=\"icon icon-outline icon--download \"><use xlink:href=\"https:\/\/www.uni.lu\/wp-content\/themes\/unilux-theme\/assets\/images\/icons\/icons-outline.svg#icon--download\"><\/use><\/svg><\/span>\n<\/a>\n<\/li><\/ul>\n<\/div><\/section>\n\n\n\n<section class=\"wp-block-unilux-blocks-free-section section\"><div class=\"container xl:max-w-screen-xl\">\n<ul class=\"wp-block-unilux-blocks-custom-buttons btn-list\"><li class=\"wp-block-unilux-blocks-custom-button\"    aria-disabled=\"false\"\n    >\n    <a\n        role=\"link\"\n        aria-disabled=\"false\"\n                    href=\"https:\/\/www.uni.lu\/fr\/etudes\/questions-academiques\/dispositions-speciales\/\"\n                target=\"_self\"\n        class=\"btn btn--primary\"\n            >Autres dispositions sp\u00e9ciales<\/a>\n<\/li>\n<\/ul>\n<\/div><\/section>\n<\/div>","protected":false},"excerpt":{"rendered":"","protected":false},"author":33,"featured_media":0,"parent":9494,"menu_order":0,"comment_status":"closed","ping_status":"closed","template":"","meta":{"featured_image_focal_point":[],"show_featured_caption":false,"ulux_newsletter_groups":"","uluxPostTitle":"Questions acad\u00e9miques","uluxPrePostTitle":"\u00c9tudes","_trash_the_other_posts":false,"_price":"","_stock":"","_tribe_ticket_header":"","_tribe_default_ticket_provider":"","_tribe_ticket_capacity":"0","_ticket_start_date":"","_ticket_end_date":"","_tribe_ticket_show_description":"","_tribe_ticket_show_not_going":false,"_tribe_ticket_use_global_stock":"","_tribe_ticket_global_stock_level":"","_global_stock_mode":"","_global_stock_cap":"","_tribe_rsvp_for_event":"","_tribe_ticket_going_count":"","_tribe_ticket_not_going_count":"","_tribe_tickets_list":"[]","_tribe_ticket_has_attendee_info_fields":false,"footnotes":""},"field-of-interest":[],"organisation":[],"authorship":[33,337,210,68],"acf":[],"yoast_head":"<!-- This site is optimized with the Yoast SEO Premium plugin v22.3 (Yoast SEO v22.3) - https:\/\/yoast.com\/wordpress\/plugins\/seo\/ -->\n<title>Suspensions des \u00e9tudes - Universit\u00e9 du Luxembourg<\/title>\n<meta name=\"description\" content=\"Les \u00e9tudiants inscrits \u00e0 l\u2019Universit\u00e9 peuvent, sous certaines conditions, demander une suspension des \u00e9tudes.\" \/>\n<meta name=\"robots\" content=\"index, follow, max-snippet:-1, max-image-preview:large, max-video-preview:-1\" \/>\n<link rel=\"canonical\" href=\"https:\/\/www.uni.lu\/fr\/etudes\/questions-academiques\/dispositions-speciales\/suspensions-des-etudes\/\" \/>\n<meta property=\"og:locale\" content=\"fr_FR\" \/>\n<meta property=\"og:type\" content=\"article\" \/>\n<meta property=\"og:title\" content=\"Suspensions des \u00e9tudes\" \/>\n<meta property=\"og:description\" content=\"Les \u00e9tudiants inscrits \u00e0 l\u2019Universit\u00e9 peuvent, sous certaines conditions, demander une suspension des \u00e9tudes.\" \/>\n<meta property=\"og:url\" content=\"https:\/\/www.uni.lu\/fr\/etudes\/questions-academiques\/dispositions-speciales\/suspensions-des-etudes\/\" \/>\n<meta property=\"og:site_name\" content=\"UNI FR\" \/>\n<meta property=\"article:publisher\" content=\"https:\/\/www.facebook.com\/uni.lu\" \/>\n<meta property=\"article:modified_time\" content=\"2025-07-04T10:03:24+00:00\" \/>\n<meta property=\"og:image\" content=\"https:\/\/www.uni.lu\/wp-content\/uploads\/sites\/11\/2026\/03\/03120045\/UNIV_SM-Profile_1600x1600px-scaled.jpg\" \/>\n\t<meta property=\"og:image:width\" content=\"2560\" \/>\n\t<meta property=\"og:image:height\" content=\"2560\" \/>\n\t<meta property=\"og:image:type\" content=\"image\/jpeg\" \/>\n<meta name=\"twitter:card\" content=\"summary_large_image\" \/>\n<meta name=\"twitter:label1\" content=\"Dur\u00e9e de lecture estim\u00e9e\" \/>\n\t<meta name=\"twitter:data1\" content=\"3 minutes\" \/>\n<script type=\"application\/ld+json\" class=\"yoast-schema-graph\">{\"@context\":\"https:\/\/schema.org\",\"@graph\":[{\"@type\":\"WebPage\",\"@id\":\"https:\/\/www.uni.lu\/fr\/etudes\/questions-academiques\/dispositions-speciales\/suspensions-des-etudes\/\",\"url\":\"https:\/\/www.uni.lu\/fr\/etudes\/questions-academiques\/dispositions-speciales\/suspensions-des-etudes\/\",\"name\":\"Suspensions des \u00e9tudes - Universit\u00e9 du Luxembourg\",\"isPartOf\":{\"@id\":\"https:\/\/www.uni.lu\/fr\/#website\"},\"datePublished\":\"2024-01-17T11:24:31+00:00\",\"dateModified\":\"2025-07-04T10:03:24+00:00\",\"description\":\"Les \u00e9tudiants inscrits \u00e0 l\u2019Universit\u00e9 peuvent, sous certaines conditions, demander une suspension des \u00e9tudes.\",\"breadcrumb\":{\"@id\":\"https:\/\/www.uni.lu\/fr\/etudes\/questions-academiques\/dispositions-speciales\/suspensions-des-etudes\/#breadcrumb\"},\"inLanguage\":\"fr-FR\",\"potentialAction\":[{\"@type\":\"ReadAction\",\"target\":[\"https:\/\/www.uni.lu\/fr\/etudes\/questions-academiques\/dispositions-speciales\/suspensions-des-etudes\/\"]}]},{\"@type\":\"BreadcrumbList\",\"@id\":\"https:\/\/www.uni.lu\/fr\/etudes\/questions-academiques\/dispositions-speciales\/suspensions-des-etudes\/#breadcrumb\",\"itemListElement\":[{\"@type\":\"ListItem\",\"position\":1,\"name\":\"Home\",\"item\":\"https:\/\/www.uni.lu\/fr\/\"},{\"@type\":\"ListItem\",\"position\":2,\"name\":\"\u00c9tudes\",\"item\":\"https:\/\/www.uni.lu\/fr\/etudes\/\"},{\"@type\":\"ListItem\",\"position\":3,\"name\":\"Questions acad\u00e9miques\",\"item\":\"https:\/\/www.uni.lu\/fr\/etudes\/questions-academiques\/\"},{\"@type\":\"ListItem\",\"position\":4,\"name\":\"Dispositions sp\u00e9ciales\",\"item\":\"https:\/\/www.uni.lu\/fr\/etudes\/questions-academiques\/dispositions-speciales\/\"},{\"@type\":\"ListItem\",\"position\":5,\"name\":\"Suspensions des \u00e9tudes\"}]},{\"@type\":\"WebSite\",\"@id\":\"https:\/\/www.uni.lu\/fr\/#website\",\"url\":\"https:\/\/www.uni.lu\/fr\/\",\"name\":\"Uni.lu\",\"description\":\"Universit\u00e9 du Luxembourg\",\"publisher\":{\"@id\":\"https:\/\/www.uni.lu\/fr\/#organization\"},\"alternateName\":\"Universit\u00e9 du Luxembourg\",\"potentialAction\":[{\"@type\":\"SearchAction\",\"target\":{\"@type\":\"EntryPoint\",\"urlTemplate\":\"https:\/\/www.uni.lu\/fr\/?s={search_term_string}\"},\"query-input\":\"required name=search_term_string\"}],\"inLanguage\":\"fr-FR\"},{\"@type\":\"Organization\",\"@id\":\"https:\/\/www.uni.lu\/fr\/#organization\",\"name\":\"Universit\u00e9 du Luxembourg\",\"alternateName\":\"Uni.lu\",\"url\":\"https:\/\/www.uni.lu\/fr\/\",\"logo\":{\"@type\":\"ImageObject\",\"inLanguage\":\"fr-FR\",\"@id\":\"https:\/\/www.uni.lu\/fr\/#\/schema\/logo\/image\/\",\"url\":\"https:\/\/www.uni.lu\/wp-content\/uploads\/sites\/11\/2026\/03\/03120045\/UNIV_SM-Profile_1600x1600px-scaled.jpg\",\"contentUrl\":\"https:\/\/www.uni.lu\/wp-content\/uploads\/sites\/11\/2026\/03\/03120045\/UNIV_SM-Profile_1600x1600px-scaled.jpg\",\"width\":2560,\"height\":2560,\"caption\":\"Universit\u00e9 du Luxembourg\"},\"image\":{\"@id\":\"https:\/\/www.uni.lu\/fr\/#\/schema\/logo\/image\/\"},\"sameAs\":[\"https:\/\/www.facebook.com\/uni.lu\",\"https:\/\/www.linkedin.com\/school\/university-of-luxembourg\/\",\"https:\/\/www.instagram.com\/uni.lu\",\"https:\/\/www.youtube.com\/@uni_lu\",\"https:\/\/en.wikipedia.org\/wiki\/University_of_Luxembourg\"]}]}<\/script>\n<!-- \/ Yoast SEO Premium plugin. -->","yoast_head_json":{"title":"Suspensions des \u00e9tudes - Universit\u00e9 du Luxembourg","description":"Les \u00e9tudiants inscrits \u00e0 l\u2019Universit\u00e9 peuvent, sous certaines conditions, demander une suspension des \u00e9tudes.","robots":{"index":"index","follow":"follow","max-snippet":"max-snippet:-1","max-image-preview":"max-image-preview:large","max-video-preview":"max-video-preview:-1"},"canonical":"https:\/\/www.uni.lu\/fr\/etudes\/questions-academiques\/dispositions-speciales\/suspensions-des-etudes\/","og_locale":"fr_FR","og_type":"article","og_title":"Suspensions des \u00e9tudes","og_description":"Les \u00e9tudiants inscrits \u00e0 l\u2019Universit\u00e9 peuvent, sous certaines conditions, demander une suspension des \u00e9tudes.","og_url":"https:\/\/www.uni.lu\/fr\/etudes\/questions-academiques\/dispositions-speciales\/suspensions-des-etudes\/","og_site_name":"UNI FR","article_publisher":"https:\/\/www.facebook.com\/uni.lu","article_modified_time":"2025-07-04T10:03:24+00:00","og_image":[{"width":2560,"height":2560,"url":"https:\/\/www.uni.lu\/wp-content\/uploads\/sites\/11\/2026\/03\/03120045\/UNIV_SM-Profile_1600x1600px-scaled.jpg","type":"image\/jpeg"}],"twitter_card":"summary_large_image","twitter_misc":{"Dur\u00e9e de lecture estim\u00e9e":"3 minutes"},"schema":{"@context":"https:\/\/schema.org","@graph":[{"@type":"WebPage","@id":"https:\/\/www.uni.lu\/fr\/etudes\/questions-academiques\/dispositions-speciales\/suspensions-des-etudes\/","url":"https:\/\/www.uni.lu\/fr\/etudes\/questions-academiques\/dispositions-speciales\/suspensions-des-etudes\/","name":"Suspensions des \u00e9tudes - Universit\u00e9 du Luxembourg","isPartOf":{"@id":"https:\/\/www.uni.lu\/fr\/#website"},"datePublished":"2024-01-17T11:24:31+00:00","dateModified":"2025-07-04T10:03:24+00:00","description":"Les \u00e9tudiants inscrits \u00e0 l\u2019Universit\u00e9 peuvent, sous certaines conditions, demander une suspension des \u00e9tudes.","breadcrumb":{"@id":"https:\/\/www.uni.lu\/fr\/etudes\/questions-academiques\/dispositions-speciales\/suspensions-des-etudes\/#breadcrumb"},"inLanguage":"fr-FR","potentialAction":[{"@type":"ReadAction","target":["https:\/\/www.uni.lu\/fr\/etudes\/questions-academiques\/dispositions-speciales\/suspensions-des-etudes\/"]}]},{"@type":"BreadcrumbList","@id":"https:\/\/www.uni.lu\/fr\/etudes\/questions-academiques\/dispositions-speciales\/suspensions-des-etudes\/#breadcrumb","itemListElement":[{"@type":"ListItem","position":1,"name":"Home","item":"https:\/\/www.uni.lu\/fr\/"},{"@type":"ListItem","position":2,"name":"\u00c9tudes","item":"https:\/\/www.uni.lu\/fr\/etudes\/"},{"@type":"ListItem","position":3,"name":"Questions acad\u00e9miques","item":"https:\/\/www.uni.lu\/fr\/etudes\/questions-academiques\/"},{"@type":"ListItem","position":4,"name":"Dispositions sp\u00e9ciales","item":"https:\/\/www.uni.lu\/fr\/etudes\/questions-academiques\/dispositions-speciales\/"},{"@type":"ListItem","position":5,"name":"Suspensions des \u00e9tudes"}]},{"@type":"WebSite","@id":"https:\/\/www.uni.lu\/fr\/#website","url":"https:\/\/www.uni.lu\/fr\/","name":"Uni.lu","description":"Universit\u00e9 du Luxembourg","publisher":{"@id":"https:\/\/www.uni.lu\/fr\/#organization"},"alternateName":"Universit\u00e9 du Luxembourg","potentialAction":[{"@type":"SearchAction","target":{"@type":"EntryPoint","urlTemplate":"https:\/\/www.uni.lu\/fr\/?s={search_term_string}"},"query-input":"required name=search_term_string"}],"inLanguage":"fr-FR"},{"@type":"Organization","@id":"https:\/\/www.uni.lu\/fr\/#organization","name":"Universit\u00e9 du Luxembourg","alternateName":"Uni.lu","url":"https:\/\/www.uni.lu\/fr\/","logo":{"@type":"ImageObject","inLanguage":"fr-FR","@id":"https:\/\/www.uni.lu\/fr\/#\/schema\/logo\/image\/","url":"https:\/\/www.uni.lu\/wp-content\/uploads\/sites\/11\/2026\/03\/03120045\/UNIV_SM-Profile_1600x1600px-scaled.jpg","contentUrl":"https:\/\/www.uni.lu\/wp-content\/uploads\/sites\/11\/2026\/03\/03120045\/UNIV_SM-Profile_1600x1600px-scaled.jpg","width":2560,"height":2560,"caption":"Universit\u00e9 du Luxembourg"},"image":{"@id":"https:\/\/www.uni.lu\/fr\/#\/schema\/logo\/image\/"},"sameAs":["https:\/\/www.facebook.com\/uni.lu","https:\/\/www.linkedin.com\/school\/university-of-luxembourg\/","https:\/\/www.instagram.com\/uni.lu","https:\/\/www.youtube.com\/@uni_lu","https:\/\/en.wikipedia.org\/wiki\/University_of_Luxembourg"]}]}},"ticketed":false,"_links":{"self":[{"href":"https:\/\/www.uni.lu\/fr\/wp-json\/wp\/v2\/pages\/9502"}],"collection":[{"href":"https:\/\/www.uni.lu\/fr\/wp-json\/wp\/v2\/pages"}],"about":[{"href":"https:\/\/www.uni.lu\/fr\/wp-json\/wp\/v2\/types\/page"}],"author":[{"embeddable":true,"href":"https:\/\/www.uni.lu\/fr\/wp-json\/wp\/v2\/users\/33"}],"replies":[{"embeddable":true,"href":"https:\/\/www.uni.lu\/fr\/wp-json\/wp\/v2\/comments?post=9502"}],"version-history":[{"count":4,"href":"https:\/\/www.uni.lu\/fr\/wp-json\/wp\/v2\/pages\/9502\/revisions"}],"predecessor-version":[{"id":10451,"href":"https:\/\/www.uni.lu\/fr\/wp-json\/wp\/v2\/pages\/9502\/revisions\/10451"}],"up":[{"embeddable":true,"href":"https:\/\/www.uni.lu\/fr\/wp-json\/wp\/v2\/pages\/9494"}],"wp:authorship":[{"embeddable":true,"href":"https:\/\/www.uni.lu\/fr\/wp-json\/wp\/v2\/users\/33"},{"embeddable":true,"href":"https:\/\/www.uni.lu\/fr\/wp-json\/wp\/v2\/users\/337"},{"embeddable":true,"href":"https:\/\/www.uni.lu\/fr\/wp-json\/wp\/v2\/users\/210"},{"embeddable":true,"href":"https:\/\/www.uni.lu\/fr\/wp-json\/wp\/v2\/users\/68"}],"wp:attachment":[{"href":"https:\/\/www.uni.lu\/fr\/wp-json\/wp\/v2\/media?parent=9502"}],"wp:term":[{"taxonomy":"field-of-interest","embeddable":true,"href":"https:\/\/www.uni.lu\/fr\/wp-json\/wp\/v2\/field-of-interest?post=9502"},{"taxonomy":"organisation","embeddable":true,"href":"https:\/\/www.uni.lu\/fr\/wp-json\/wp\/v2\/organisation?post=9502"}],"curies":[{"name":"wp","href":"https:\/\/api.w.org\/{rel}","templated":true}]}}